{"id":224240,"date":"2026-04-24T18:18:09","date_gmt":"2026-04-24T15:18:09","guid":{"rendered":"https:\/\/odavprint.ee\/?post_type=product&#038;p=224240"},"modified":"2026-05-01T06:38:21","modified_gmt":"2026-05-01T03:38:21","slug":"polysonic-pla-pro-valge","status":"publish","type":"product","link":"https:\/\/odavprint.ee\/et\/product\/polysonic-pla-pro-valge\/","title":{"rendered":"PolySonic PLA pro, Valge"},"content":{"rendered":"<p>PolySonic\u2122 PLA Pro on arenenud ja vastupidav PLA filament, mis v\u00f5imaldab printida erakordselt k\u00f5rgetel kiirustel. Selle unikaalne koostis tagab vastupidavad, kvaliteetsed printimistulemused, mille l\u00f6\u00f6gikindlus on v\u00f5rreldav ABS-ga ja paindetugevus \u00fcletab ASA ja PETG materjale. See teeb PLA Pro&#8217;st suurep\u00e4rase valiku kiireks funktsionaalsete osade tootmiseks.<\/p>\n<p>K\u00f5rgkiirusfilamendi eelised:<\/p>\n<p>Pinnakvaliteet k\u00f5rgel kiirusel: K\u00f5rgkiirusfilament tagab \u00fchtlase pinnakvaliteedi erinevatel kiirustel, v\u00e4hendades selliseid probleeme nagu &#8216;Haikala Nahk&#8217; efekt, saavutades \u00fchtlase v\u00e4limuse l\u00e4ikivast matini.<br \/>\nMehaanilised omadused k\u00f5rgel kiirusel: V\u00f5rreldes tavalise filamentiga, pakub see paremaid mehaanilisi omadusi k\u00f5rgel kiirusel t\u00e4nu \u00fchtlasele ekstrusioonile ja optimeeritud jahutus\/sulamistemperatuurile.<br \/>\nSuurem l\u00e4bilaskev\u00f5ime: T\u00e4nu paremale pinnakvaliteedile ja mehaanilistele omadustele v\u00f5imaldab kiiremat kvaliteetsete osade tootmist, mis on kasulik ettev\u00f5tetele, kes s\u00f5ltuvad 3D printimisest.<\/p>\n<p>K\u00f5rgkiirusfilamendi kriteeriumid:<\/p>\n<p>Voolavus: \u00dchtlane ekstrusioon 24mm3\/s standardsetel s\u00fcsteemidel.<br \/>\nVormitavus: S\u00e4ilitab sarnase pinnakvaliteedi ja struktuurilise terviklikkuse 24mm3\/s kiirusel nagu madalamatel kiirustel.<br \/>\nFunktsionaalsus: S\u00e4ilitab v\u00e4hemalt 80% mehaanilistest omadustest 24mm3\/s kiirusel v\u00f5rreldes madalamate kiirustega.<\/p>\n<p>PolySonic\u2122 PLA spetsifikatsioonid:<\/p>\n<p>Maksimaalne vool: 30mm3\/s, testitud kohandatud ekstrusiooniplatvormil.<br \/>\nKvaliteedi s\u00e4ilimine: Sarnane kvaliteet s\u00e4ilinud vahemikus 4mm3\/s kuni 24mm3\/s.<br \/>\nMehaanilised omadused:<\/p>\n<p>Kihtide haardumine: 37.3-32.3 MPa (87% s\u00e4ilitamine)<br \/>\nT\u00f5mbetugevus: 46.0-43.9 (95% s\u00e4ilitamine)<br \/>\nL\u00f6\u00f6gikindlus: 6.1-5 kJ\/m2 (82% s\u00e4ilitamine)<\/p>\n<p>Filamendi dimensionaalne tolerants:<\/p>\n<p>97% +\/- 0.02mm piires<br \/>\n99% +\/- 0.03mm piires<br \/>\n99.9% +\/- 0.04mm piires<\/p>\n<p>Rohkem infot<\/p>\n<p>Loe rohkem<\/p>\n","protected":false},"excerpt":{"rendered":"<p>PolySonic\u2122 PLA Pro on arenenud ja vastupidav PLA filament, mis v\u00f5imaldab printida erakordselt k\u00f5rgetel kiirustel. Selle unikaalne koostis tagab vastupidavad, kvaliteetsed printimistulemused, mille l\u00f6\u00f6gikindlus on v\u00f5rreldav ABS-ga ja paindetugevus \u00fcletab ASA ja PETG materjale. See teeb PLA Pro&#8217;st suurep\u00e4rase valiku kiireks funktsionaalsete osade tootmiseks. K\u00f5rgkiirusfilamendi eelised: Pinnakvaliteet k\u00f5rgel kiirusel: K\u00f5rgkiirusfilament tagab \u00fchtlase pinnakvaliteedi erinevatel kiirustel, [&#8230;]\n","protected":false},"featured_media":224241,"template":"","meta":{"inline_featured_image":false},"product_cat":[39605],"product_tag":[],"yoast_head":"<!-- This site is optimized with the Yoast SEO Premium plugin v23.0 (Yoast SEO v23.0) - https:\/\/yoast.com\/wordpress\/plugins\/seo\/ -->\n<title>PolySonic PLA pro, Valge, hea hinnaga, osta e-pood - Odav Print<\/title>\n<meta name=\"description\" content=\"Osta PolySonic PLA pro, Valge Odav Print \u260e +372 5911 9495 \u2714\ufe0f Parim hind PolySonic PLA pro, Valge jaoks \u26df Kiire kohaletoimetamine Eestis \u2b50 Garanteeritud\" \/>\n<meta name=\"robots\" content=\"index, follow, max-snippet:-1, max-image-preview:large, max-video-preview:-1\" \/>\n<link rel=\"canonical\" href=\"https:\/\/odavprint.ee\/et\/product\/polysonic-pla-pro-valge\/\" \/>\n<meta property=\"og:locale\" content=\"et_EE\" \/>\n<meta property=\"og:type\" content=\"article\" \/>\n<meta property=\"og:title\" content=\"PolySonic PLA pro, Valge\" \/>\n<meta property=\"og:description\" content=\"Osta PolySonic PLA pro, Valge Odav Print \u260e +372 5911 9495 \u2714\ufe0f Parim hind PolySonic PLA pro, Valge jaoks \u26df Kiire kohaletoimetamine Eestis \u2b50 Garanteeritud\" \/>\n<meta property=\"og:url\" content=\"https:\/\/odavprint.ee\/et\/product\/polysonic-pla-pro-valge\/\" \/>\n<meta property=\"og:site_name\" content=\"Odav Print\" \/>\n<meta property=\"article:modified_time\" content=\"2026-05-01T03:38:21+00:00\" \/>\n<meta name=\"twitter:card\" content=\"summary_large_image\" \/>\n<meta name=\"twitter:label1\" content=\"Price\" \/>\n\t<meta name=\"twitter:data1\" content=\"&euro;37.87\" \/>\n\t<meta name=\"twitter:label2\" content=\"Availability\" \/>\n\t<meta name=\"twitter:data2\" content=\"Out of stock\" \/>\n<script type=\"application\/ld+json\" class=\"yoast-schema-graph\">{\"@context\":\"https:\/\/schema.org\",\"@graph\":[{\"@type\":[\"WebPage\",\"ItemPage\"],\"@id\":\"https:\/\/odavprint.ee\/et\/product\/polysonic-pla-pro-valge\/\",\"url\":\"https:\/\/odavprint.ee\/et\/product\/polysonic-pla-pro-valge\/\",\"name\":\"PolySonic PLA pro, Valge, hea hinnaga, osta e-pood - Odav Print\",\"isPartOf\":{\"@id\":\"https:\/\/odavprint.ee\/et\/#website\"},\"primaryImageOfPage\":{\"@id\":\"https:\/\/odavprint.ee\/et\/product\/polysonic-pla-pro-valge\/#primaryimage\"},\"image\":{\"@id\":\"https:\/\/odavprint.ee\/et\/product\/polysonic-pla-pro-valge\/#primaryimage\"},\"thumbnailUrl\":\"https:\/\/odavprint.ee\/wp-content\/uploads\/2026\/04\/PolySonic-PLA-pro-must-1.png\",\"datePublished\":\"2026-04-24T15:18:09+00:00\",\"dateModified\":\"2026-05-01T03:38:21+00:00\",\"description\":\"Osta PolySonic PLA pro, Valge Odav Print \u260e +372 5911 9495 \u2714\ufe0f Parim hind PolySonic PLA pro, Valge jaoks \u26df Kiire kohaletoimetamine Eestis \u2b50 Garanteeritud\",\"breadcrumb\":{\"@id\":\"https:\/\/odavprint.ee\/et\/product\/polysonic-pla-pro-valge\/#breadcrumb\"},\"inLanguage\":\"et\",\"potentialAction\":[{\"@type\":\"ReadAction\",\"target\":[\"https:\/\/odavprint.ee\/et\/product\/polysonic-pla-pro-valge\/\"]}]},{\"@type\":\"ImageObject\",\"inLanguage\":\"et\",\"@id\":\"https:\/\/odavprint.ee\/et\/product\/polysonic-pla-pro-valge\/#primaryimage\",\"url\":\"https:\/\/odavprint.ee\/wp-content\/uploads\/2026\/04\/PolySonic-PLA-pro-must-1.png\",\"contentUrl\":\"https:\/\/odavprint.ee\/wp-content\/uploads\/2026\/04\/PolySonic-PLA-pro-must-1.png\",\"width\":800,\"height\":800},{\"@type\":\"BreadcrumbList\",\"@id\":\"https:\/\/odavprint.ee\/et\/product\/polysonic-pla-pro-valge\/#breadcrumb\",\"itemListElement\":[{\"@type\":\"ListItem\",\"position\":1,\"name\":\"Home\",\"item\":\"https:\/\/odavprint.ee\/et\/esileht\/\"},{\"@type\":\"ListItem\",\"position\":2,\"name\":\"E-pood\",\"item\":\"https:\/\/odavprint.ee\/et\/shop\/\"},{\"@type\":\"ListItem\",\"position\":3,\"name\":\"PolySonic PLA pro, Valge\"}]},{\"@type\":\"WebSite\",\"@id\":\"https:\/\/odavprint.ee\/et\/#website\",\"url\":\"https:\/\/odavprint.ee\/et\/\",\"name\":\"Odav Print\",\"description\":\"Just another WordPress site\",\"publisher\":{\"@id\":\"https:\/\/odavprint.ee\/et\/#organization\"},\"alternateName\":\"Kassettide, toonerite t\u00e4itmine ja m\u00fc\u00fck.\",\"potentialAction\":[{\"@type\":\"SearchAction\",\"target\":{\"@type\":\"EntryPoint\",\"urlTemplate\":\"https:\/\/odavprint.ee\/et\/?s={search_term_string}\"},\"query-input\":\"required name=search_term_string\"}],\"inLanguage\":\"et\"},{\"@type\":[\"Organization\",\"Place\"],\"@id\":\"https:\/\/odavprint.ee\/et\/#organization\",\"name\":\"Odav Print O\u00dc\",\"url\":\"https:\/\/odavprint.ee\/et\/\",\"logo\":{\"@id\":\"https:\/\/odavprint.ee\/et\/product\/polysonic-pla-pro-valge\/#local-main-organization-logo\"},\"image\":{\"@id\":\"https:\/\/odavprint.ee\/et\/product\/polysonic-pla-pro-valge\/#local-main-organization-logo\"},\"address\":{\"@id\":\"https:\/\/odavprint.ee\/et\/product\/polysonic-pla-pro-valge\/#local-main-place-address\"},\"geo\":{\"@type\":\"GeoCoordinates\",\"latitude\":\"59.4306504\",\"longitude\":\"24.8095743\"},\"telephone\":[\"53836926\"],\"openingHoursSpecification\":[{\"@type\":\"OpeningHoursSpecification\",\"dayOfWeek\":[\"Monday\",\"Tuesday\",\"Wednesday\",\"Thursday\",\"Friday\",\"Saturday\",\"Sunday\"],\"opens\":\"09:00\",\"closes\":\"17:00\"}],\"email\":\"info@odavprint.eu\"},{\"@type\":\"PostalAddress\",\"@id\":\"https:\/\/odavprint.ee\/et\/product\/polysonic-pla-pro-valge\/#local-main-place-address\",\"streetAddress\":\"Pae tn 28\",\"addressLocality\":\"Tallinn\",\"postalCode\":\"11415\",\"addressRegion\":\"Harjumaa\",\"addressCountry\":\"EE\"},{\"@type\":\"ImageObject\",\"inLanguage\":\"et\",\"@id\":\"https:\/\/odavprint.ee\/et\/product\/polysonic-pla-pro-valge\/#local-main-organization-logo\",\"url\":\"https:\/\/odavprint.ee\/wp-content\/uploads\/2018\/10\/odavprint-logo-240.jpg\",\"contentUrl\":\"https:\/\/odavprint.ee\/wp-content\/uploads\/2018\/10\/odavprint-logo-240.jpg\",\"width\":240,\"height\":36,\"caption\":\"Odav Print O\u00dc\"}]}<\/script>\n<meta property=\"product:price:amount\" content=\"37.87\" \/>\n<meta property=\"product:price:currency\" content=\"EUR\" \/>\n<meta property=\"og:availability\" content=\"out of stock\" \/>\n<meta property=\"product:availability\" content=\"out of stock\" \/>\n<meta property=\"product:condition\" content=\"new\" \/>\n<meta name=\"geo.placename\" content=\"Tallinn\" \/>\n<meta name=\"geo.position\" content=\"59.4306504;24.8095743\" \/>\n<meta name=\"geo.region\" content=\"Estonia\" \/>\n<!-- \/ Yoast SEO Premium plugin. -->","yoast_head_json":{"title":"PolySonic PLA pro, Valge, hea hinnaga, osta e-pood - Odav Print","description":"Osta PolySonic PLA pro, Valge Odav Print \u260e +372 5911 9495 \u2714\ufe0f Parim hind PolySonic PLA pro, Valge jaoks \u26df Kiire kohaletoimetamine Eestis \u2b50 Garanteeritud","robots":{"index":"index","follow":"follow","max-snippet":"max-snippet:-1","max-image-preview":"max-image-preview:large","max-video-preview":"max-video-preview:-1"},"canonical":"https:\/\/odavprint.ee\/et\/product\/polysonic-pla-pro-valge\/","og_locale":"et_EE","og_type":"article","og_title":"PolySonic PLA pro, Valge","og_description":"Osta PolySonic PLA pro, Valge Odav Print \u260e +372 5911 9495 \u2714\ufe0f Parim hind PolySonic PLA pro, Valge jaoks \u26df Kiire kohaletoimetamine Eestis \u2b50 Garanteeritud","og_url":"https:\/\/odavprint.ee\/et\/product\/polysonic-pla-pro-valge\/","og_site_name":"Odav Print","article_modified_time":"2026-05-01T03:38:21+00:00","twitter_card":"summary_large_image","twitter_misc":{"Price":"&euro;37.87","Availability":"Out of stock"},"schema":{"@context":"https:\/\/schema.org","@graph":[{"@type":["WebPage","ItemPage"],"@id":"https:\/\/odavprint.ee\/et\/product\/polysonic-pla-pro-valge\/","url":"https:\/\/odavprint.ee\/et\/product\/polysonic-pla-pro-valge\/","name":"PolySonic PLA pro, Valge, hea hinnaga, osta e-pood - Odav Print","isPartOf":{"@id":"https:\/\/odavprint.ee\/et\/#website"},"primaryImageOfPage":{"@id":"https:\/\/odavprint.ee\/et\/product\/polysonic-pla-pro-valge\/#primaryimage"},"image":{"@id":"https:\/\/odavprint.ee\/et\/product\/polysonic-pla-pro-valge\/#primaryimage"},"thumbnailUrl":"https:\/\/odavprint.ee\/wp-content\/uploads\/2026\/04\/PolySonic-PLA-pro-must-1.png","datePublished":"2026-04-24T15:18:09+00:00","dateModified":"2026-05-01T03:38:21+00:00","description":"Osta PolySonic PLA pro, Valge Odav Print \u260e +372 5911 9495 \u2714\ufe0f Parim hind PolySonic PLA pro, Valge jaoks \u26df Kiire kohaletoimetamine Eestis \u2b50 Garanteeritud","breadcrumb":{"@id":"https:\/\/odavprint.ee\/et\/product\/polysonic-pla-pro-valge\/#breadcrumb"},"inLanguage":"et","potentialAction":[{"@type":"ReadAction","target":["https:\/\/odavprint.ee\/et\/product\/polysonic-pla-pro-valge\/"]}]},{"@type":"ImageObject","inLanguage":"et","@id":"https:\/\/odavprint.ee\/et\/product\/polysonic-pla-pro-valge\/#primaryimage","url":"https:\/\/odavprint.ee\/wp-content\/uploads\/2026\/04\/PolySonic-PLA-pro-must-1.png","contentUrl":"https:\/\/odavprint.ee\/wp-content\/uploads\/2026\/04\/PolySonic-PLA-pro-must-1.png","width":800,"height":800},{"@type":"BreadcrumbList","@id":"https:\/\/odavprint.ee\/et\/product\/polysonic-pla-pro-valge\/#breadcrumb","itemListElement":[{"@type":"ListItem","position":1,"name":"Home","item":"https:\/\/odavprint.ee\/et\/esileht\/"},{"@type":"ListItem","position":2,"name":"E-pood","item":"https:\/\/odavprint.ee\/et\/shop\/"},{"@type":"ListItem","position":3,"name":"PolySonic PLA pro, Valge"}]},{"@type":"WebSite","@id":"https:\/\/odavprint.ee\/et\/#website","url":"https:\/\/odavprint.ee\/et\/","name":"Odav Print","description":"Just another WordPress site","publisher":{"@id":"https:\/\/odavprint.ee\/et\/#organization"},"alternateName":"Kassettide, toonerite t\u00e4itmine ja m\u00fc\u00fck.","potentialAction":[{"@type":"SearchAction","target":{"@type":"EntryPoint","urlTemplate":"https:\/\/odavprint.ee\/et\/?s={search_term_string}"},"query-input":"required name=search_term_string"}],"inLanguage":"et"},{"@type":["Organization","Place"],"@id":"https:\/\/odavprint.ee\/et\/#organization","name":"Odav Print O\u00dc","url":"https:\/\/odavprint.ee\/et\/","logo":{"@id":"https:\/\/odavprint.ee\/et\/product\/polysonic-pla-pro-valge\/#local-main-organization-logo"},"image":{"@id":"https:\/\/odavprint.ee\/et\/product\/polysonic-pla-pro-valge\/#local-main-organization-logo"},"address":{"@id":"https:\/\/odavprint.ee\/et\/product\/polysonic-pla-pro-valge\/#local-main-place-address"},"geo":{"@type":"GeoCoordinates","latitude":"59.4306504","longitude":"24.8095743"},"telephone":["53836926"],"openingHoursSpecification":[{"@type":"OpeningHoursSpecification","dayOfWeek":["Monday","Tuesday","Wednesday","Thursday","Friday","Saturday","Sunday"],"opens":"09:00","closes":"17:00"}],"email":"info@odavprint.eu"},{"@type":"PostalAddress","@id":"https:\/\/odavprint.ee\/et\/product\/polysonic-pla-pro-valge\/#local-main-place-address","streetAddress":"Pae tn 28","addressLocality":"Tallinn","postalCode":"11415","addressRegion":"Harjumaa","addressCountry":"EE"},{"@type":"ImageObject","inLanguage":"et","@id":"https:\/\/odavprint.ee\/et\/product\/polysonic-pla-pro-valge\/#local-main-organization-logo","url":"https:\/\/odavprint.ee\/wp-content\/uploads\/2018\/10\/odavprint-logo-240.jpg","contentUrl":"https:\/\/odavprint.ee\/wp-content\/uploads\/2018\/10\/odavprint-logo-240.jpg","width":240,"height":36,"caption":"Odav Print O\u00dc"}]},"product_price_amount":"37.87","product_price_currency":"EUR","og_availability":"out of stock","product_availability":"out of stock","product_condition":"new","geo.placename":"Tallinn","geo.position":{"lat":"59.4306504","long":"24.8095743"},"geo.region":"Estonia"},"_links":{"self":[{"href":"https:\/\/odavprint.ee\/et\/wp-json\/wp\/v2\/product\/224240"}],"collection":[{"href":"https:\/\/odavprint.ee\/et\/wp-json\/wp\/v2\/product"}],"about":[{"href":"https:\/\/odavprint.ee\/et\/wp-json\/wp\/v2\/types\/product"}],"wp:featuredmedia":[{"embeddable":true,"href":"https:\/\/odavprint.ee\/et\/wp-json\/wp\/v2\/media\/224241"}],"wp:attachment":[{"href":"https:\/\/odavprint.ee\/et\/wp-json\/wp\/v2\/media?parent=224240"}],"wp:term":[{"taxonomy":"product_cat","embeddable":true,"href":"https:\/\/odavprint.ee\/et\/wp-json\/wp\/v2\/product_cat?post=224240"},{"taxonomy":"product_tag","embeddable":true,"href":"https:\/\/odavprint.ee\/et\/wp-json\/wp\/v2\/product_tag?post=224240"}],"curies":[{"name":"wp","href":"https:\/\/api.w.org\/{rel}","templated":true}]}}