{"id":224273,"date":"2026-04-24T19:07:09","date_gmt":"2026-04-24T16:07:09","guid":{"rendered":"https:\/\/odavprint.ee\/?post_type=product&#038;p=224273"},"modified":"2026-05-01T06:38:12","modified_gmt":"2026-05-01T03:38:12","slug":"bambu-lab-pet-cf-must-1-kg","status":"publish","type":"product","link":"https:\/\/odavprint.ee\/et\/product\/bambu-lab-pet-cf-must-1-kg\/","title":{"rendered":"Bambu Lab &#8211; PET-CF, Must, 1 kg"},"content":{"rendered":"<p>PET-CF filament Bambu Labilt on PET (pol\u00fcet\u00fcleentereftalaat) ja s\u00fcsinikkiu segu, pakkudes v\u00e4ga madalat niiskuseimavust, erakordseid mehaanilisi omadusi, k\u00f5rget m\u00f5\u00f5tmete stabiilsust ja erakordset termilist vastupidavust. See sobib ideaalselt koormat kandvatele struktuuridele v\u00f5i tr\u00fckkidele, mida kasutatakse k\u00f5rgetel temperatuuridel ja niisketes keskkondades, sobides inseneriosadele nagu autotarvikud ja fikstuurid. Enne kasutamist vajab kuivatamist ja ei \u00fchildu AMS-iga. V\u00f5tmeomadusteks on k\u00f5rge kuumusdeflektsiooni temperatuur (205\u00b0C), suurep\u00e4rane tugevus ja madal moonutus.<br \/>\nRohkem infot<\/p>\n","protected":false},"excerpt":{"rendered":"<p>PET-CF filament Bambu Labilt on PET (pol\u00fcet\u00fcleentereftalaat) ja s\u00fcsinikkiu segu, pakkudes v\u00e4ga madalat niiskuseimavust, erakordseid mehaanilisi omadusi, k\u00f5rget m\u00f5\u00f5tmete stabiilsust ja erakordset termilist vastupidavust. See sobib ideaalselt koormat kandvatele struktuuridele v\u00f5i tr\u00fckkidele, mida kasutatakse k\u00f5rgetel temperatuuridel ja niisketes keskkondades, sobides inseneriosadele nagu autotarvikud ja fikstuurid. Enne kasutamist vajab kuivatamist ja ei \u00fchildu AMS-iga. V\u00f5tmeomadusteks on [&#8230;]\n","protected":false},"featured_media":224274,"template":"","meta":{"inline_featured_image":false},"product_cat":[39605],"product_tag":[],"yoast_head":"<!-- This site is optimized with the Yoast SEO Premium plugin v23.0 (Yoast SEO v23.0) - https:\/\/yoast.com\/wordpress\/plugins\/seo\/ -->\n<title>Bambu Lab - PET-CF, Must, 1 kg, hea hinnaga, osta e-pood - Odav Print<\/title>\n<meta name=\"description\" content=\"Osta Bambu Lab - PET-CF, Must, 1 kg Odav Print \u260e +372 5911 9495 \u2714\ufe0f Parim hind Bambu Lab - PET-CF, Must, 1 kg jaoks \u26df Kiire kohaletoimetamine Eestis \u2b50 Garanteeritud\" \/>\n<meta name=\"robots\" content=\"index, follow, max-snippet:-1, max-image-preview:large, max-video-preview:-1\" \/>\n<link rel=\"canonical\" href=\"https:\/\/odavprint.ee\/et\/product\/bambu-lab-pet-cf-must-1-kg\/\" \/>\n<meta property=\"og:locale\" content=\"et_EE\" \/>\n<meta property=\"og:type\" content=\"article\" \/>\n<meta property=\"og:title\" content=\"Bambu Lab - PET-CF, Must, 1 kg\" \/>\n<meta property=\"og:description\" content=\"Osta Bambu Lab - PET-CF, Must, 1 kg Odav Print \u260e +372 5911 9495 \u2714\ufe0f Parim hind Bambu Lab - PET-CF, Must, 1 kg jaoks \u26df Kiire kohaletoimetamine Eestis \u2b50 Garanteeritud\" \/>\n<meta property=\"og:url\" content=\"https:\/\/odavprint.ee\/et\/product\/bambu-lab-pet-cf-must-1-kg\/\" \/>\n<meta property=\"og:site_name\" content=\"Odav Print\" \/>\n<meta property=\"article:modified_time\" content=\"2026-05-01T03:38:12+00:00\" \/>\n<meta name=\"twitter:card\" content=\"summary_large_image\" \/>\n<meta name=\"twitter:label1\" content=\"Price\" \/>\n\t<meta name=\"twitter:data1\" content=\"&euro;95.47\" \/>\n\t<meta name=\"twitter:label2\" content=\"Availability\" \/>\n\t<meta name=\"twitter:data2\" content=\"Out of stock\" \/>\n<script type=\"application\/ld+json\" class=\"yoast-schema-graph\">{\"@context\":\"https:\/\/schema.org\",\"@graph\":[{\"@type\":[\"WebPage\",\"ItemPage\"],\"@id\":\"https:\/\/odavprint.ee\/et\/product\/bambu-lab-pet-cf-must-1-kg\/\",\"url\":\"https:\/\/odavprint.ee\/et\/product\/bambu-lab-pet-cf-must-1-kg\/\",\"name\":\"Bambu Lab - PET-CF, Must, 1 kg, hea hinnaga, osta e-pood - Odav Print\",\"isPartOf\":{\"@id\":\"https:\/\/odavprint.ee\/et\/#website\"},\"primaryImageOfPage\":{\"@id\":\"https:\/\/odavprint.ee\/et\/product\/bambu-lab-pet-cf-must-1-kg\/#primaryimage\"},\"image\":{\"@id\":\"https:\/\/odavprint.ee\/et\/product\/bambu-lab-pet-cf-must-1-kg\/#primaryimage\"},\"thumbnailUrl\":\"https:\/\/odavprint.ee\/wp-content\/uploads\/2026\/04\/Bambu-Lab-pet-cf-must-1.webp\",\"datePublished\":\"2026-04-24T16:07:09+00:00\",\"dateModified\":\"2026-05-01T03:38:12+00:00\",\"description\":\"Osta Bambu Lab - PET-CF, Must, 1 kg Odav Print \u260e +372 5911 9495 \u2714\ufe0f Parim hind Bambu Lab - PET-CF, Must, 1 kg jaoks \u26df Kiire kohaletoimetamine Eestis \u2b50 Garanteeritud\",\"breadcrumb\":{\"@id\":\"https:\/\/odavprint.ee\/et\/product\/bambu-lab-pet-cf-must-1-kg\/#breadcrumb\"},\"inLanguage\":\"et\",\"potentialAction\":[{\"@type\":\"ReadAction\",\"target\":[\"https:\/\/odavprint.ee\/et\/product\/bambu-lab-pet-cf-must-1-kg\/\"]}]},{\"@type\":\"ImageObject\",\"inLanguage\":\"et\",\"@id\":\"https:\/\/odavprint.ee\/et\/product\/bambu-lab-pet-cf-must-1-kg\/#primaryimage\",\"url\":\"https:\/\/odavprint.ee\/wp-content\/uploads\/2026\/04\/Bambu-Lab-pet-cf-must-1.webp\",\"contentUrl\":\"https:\/\/odavprint.ee\/wp-content\/uploads\/2026\/04\/Bambu-Lab-pet-cf-must-1.webp\",\"width\":1600,\"height\":1600},{\"@type\":\"BreadcrumbList\",\"@id\":\"https:\/\/odavprint.ee\/et\/product\/bambu-lab-pet-cf-must-1-kg\/#breadcrumb\",\"itemListElement\":[{\"@type\":\"ListItem\",\"position\":1,\"name\":\"Home\",\"item\":\"https:\/\/odavprint.ee\/et\/esileht\/\"},{\"@type\":\"ListItem\",\"position\":2,\"name\":\"E-pood\",\"item\":\"https:\/\/odavprint.ee\/et\/shop\/\"},{\"@type\":\"ListItem\",\"position\":3,\"name\":\"Bambu Lab &#8211; PET-CF, Must, 1 kg\"}]},{\"@type\":\"WebSite\",\"@id\":\"https:\/\/odavprint.ee\/et\/#website\",\"url\":\"https:\/\/odavprint.ee\/et\/\",\"name\":\"Odav Print\",\"description\":\"Just another WordPress site\",\"publisher\":{\"@id\":\"https:\/\/odavprint.ee\/et\/#organization\"},\"alternateName\":\"Kassettide, toonerite t\u00e4itmine ja m\u00fc\u00fck.\",\"potentialAction\":[{\"@type\":\"SearchAction\",\"target\":{\"@type\":\"EntryPoint\",\"urlTemplate\":\"https:\/\/odavprint.ee\/et\/?s={search_term_string}\"},\"query-input\":\"required name=search_term_string\"}],\"inLanguage\":\"et\"},{\"@type\":[\"Organization\",\"Place\"],\"@id\":\"https:\/\/odavprint.ee\/et\/#organization\",\"name\":\"Odav Print O\u00dc\",\"url\":\"https:\/\/odavprint.ee\/et\/\",\"logo\":{\"@id\":\"https:\/\/odavprint.ee\/et\/product\/bambu-lab-pet-cf-must-1-kg\/#local-main-organization-logo\"},\"image\":{\"@id\":\"https:\/\/odavprint.ee\/et\/product\/bambu-lab-pet-cf-must-1-kg\/#local-main-organization-logo\"},\"address\":{\"@id\":\"https:\/\/odavprint.ee\/et\/product\/bambu-lab-pet-cf-must-1-kg\/#local-main-place-address\"},\"geo\":{\"@type\":\"GeoCoordinates\",\"latitude\":\"59.4306504\",\"longitude\":\"24.8095743\"},\"telephone\":[\"53836926\"],\"openingHoursSpecification\":[{\"@type\":\"OpeningHoursSpecification\",\"dayOfWeek\":[\"Monday\",\"Tuesday\",\"Wednesday\",\"Thursday\",\"Friday\",\"Saturday\",\"Sunday\"],\"opens\":\"09:00\",\"closes\":\"17:00\"}],\"email\":\"info@odavprint.eu\"},{\"@type\":\"PostalAddress\",\"@id\":\"https:\/\/odavprint.ee\/et\/product\/bambu-lab-pet-cf-must-1-kg\/#local-main-place-address\",\"streetAddress\":\"Pae tn 28\",\"addressLocality\":\"Tallinn\",\"postalCode\":\"11415\",\"addressRegion\":\"Harjumaa\",\"addressCountry\":\"EE\"},{\"@type\":\"ImageObject\",\"inLanguage\":\"et\",\"@id\":\"https:\/\/odavprint.ee\/et\/product\/bambu-lab-pet-cf-must-1-kg\/#local-main-organization-logo\",\"url\":\"https:\/\/odavprint.ee\/wp-content\/uploads\/2018\/10\/odavprint-logo-240.jpg\",\"contentUrl\":\"https:\/\/odavprint.ee\/wp-content\/uploads\/2018\/10\/odavprint-logo-240.jpg\",\"width\":240,\"height\":36,\"caption\":\"Odav Print O\u00dc\"}]}<\/script>\n<meta property=\"product:price:amount\" content=\"95.47\" \/>\n<meta property=\"product:price:currency\" content=\"EUR\" \/>\n<meta property=\"og:availability\" content=\"out of stock\" \/>\n<meta property=\"product:availability\" content=\"out of stock\" \/>\n<meta property=\"product:condition\" content=\"new\" \/>\n<meta name=\"geo.placename\" content=\"Tallinn\" \/>\n<meta name=\"geo.position\" content=\"59.4306504;24.8095743\" \/>\n<meta name=\"geo.region\" content=\"Estonia\" \/>\n<!-- \/ Yoast SEO Premium plugin. -->","yoast_head_json":{"title":"Bambu Lab - PET-CF, Must, 1 kg, hea hinnaga, osta e-pood - Odav Print","description":"Osta Bambu Lab - PET-CF, Must, 1 kg Odav Print \u260e +372 5911 9495 \u2714\ufe0f Parim hind Bambu Lab - PET-CF, Must, 1 kg jaoks \u26df Kiire kohaletoimetamine Eestis \u2b50 Garanteeritud","robots":{"index":"index","follow":"follow","max-snippet":"max-snippet:-1","max-image-preview":"max-image-preview:large","max-video-preview":"max-video-preview:-1"},"canonical":"https:\/\/odavprint.ee\/et\/product\/bambu-lab-pet-cf-must-1-kg\/","og_locale":"et_EE","og_type":"article","og_title":"Bambu Lab - PET-CF, Must, 1 kg","og_description":"Osta Bambu Lab - PET-CF, Must, 1 kg Odav Print \u260e +372 5911 9495 \u2714\ufe0f Parim hind Bambu Lab - PET-CF, Must, 1 kg jaoks \u26df Kiire kohaletoimetamine Eestis \u2b50 Garanteeritud","og_url":"https:\/\/odavprint.ee\/et\/product\/bambu-lab-pet-cf-must-1-kg\/","og_site_name":"Odav Print","article_modified_time":"2026-05-01T03:38:12+00:00","twitter_card":"summary_large_image","twitter_misc":{"Price":"&euro;95.47","Availability":"Out of stock"},"schema":{"@context":"https:\/\/schema.org","@graph":[{"@type":["WebPage","ItemPage"],"@id":"https:\/\/odavprint.ee\/et\/product\/bambu-lab-pet-cf-must-1-kg\/","url":"https:\/\/odavprint.ee\/et\/product\/bambu-lab-pet-cf-must-1-kg\/","name":"Bambu Lab - PET-CF, Must, 1 kg, hea hinnaga, osta e-pood - Odav Print","isPartOf":{"@id":"https:\/\/odavprint.ee\/et\/#website"},"primaryImageOfPage":{"@id":"https:\/\/odavprint.ee\/et\/product\/bambu-lab-pet-cf-must-1-kg\/#primaryimage"},"image":{"@id":"https:\/\/odavprint.ee\/et\/product\/bambu-lab-pet-cf-must-1-kg\/#primaryimage"},"thumbnailUrl":"https:\/\/odavprint.ee\/wp-content\/uploads\/2026\/04\/Bambu-Lab-pet-cf-must-1.webp","datePublished":"2026-04-24T16:07:09+00:00","dateModified":"2026-05-01T03:38:12+00:00","description":"Osta Bambu Lab - PET-CF, Must, 1 kg Odav Print \u260e +372 5911 9495 \u2714\ufe0f Parim hind Bambu Lab - PET-CF, Must, 1 kg jaoks \u26df Kiire kohaletoimetamine Eestis \u2b50 Garanteeritud","breadcrumb":{"@id":"https:\/\/odavprint.ee\/et\/product\/bambu-lab-pet-cf-must-1-kg\/#breadcrumb"},"inLanguage":"et","potentialAction":[{"@type":"ReadAction","target":["https:\/\/odavprint.ee\/et\/product\/bambu-lab-pet-cf-must-1-kg\/"]}]},{"@type":"ImageObject","inLanguage":"et","@id":"https:\/\/odavprint.ee\/et\/product\/bambu-lab-pet-cf-must-1-kg\/#primaryimage","url":"https:\/\/odavprint.ee\/wp-content\/uploads\/2026\/04\/Bambu-Lab-pet-cf-must-1.webp","contentUrl":"https:\/\/odavprint.ee\/wp-content\/uploads\/2026\/04\/Bambu-Lab-pet-cf-must-1.webp","width":1600,"height":1600},{"@type":"BreadcrumbList","@id":"https:\/\/odavprint.ee\/et\/product\/bambu-lab-pet-cf-must-1-kg\/#breadcrumb","itemListElement":[{"@type":"ListItem","position":1,"name":"Home","item":"https:\/\/odavprint.ee\/et\/esileht\/"},{"@type":"ListItem","position":2,"name":"E-pood","item":"https:\/\/odavprint.ee\/et\/shop\/"},{"@type":"ListItem","position":3,"name":"Bambu Lab &#8211; PET-CF, Must, 1 kg"}]},{"@type":"WebSite","@id":"https:\/\/odavprint.ee\/et\/#website","url":"https:\/\/odavprint.ee\/et\/","name":"Odav Print","description":"Just another WordPress site","publisher":{"@id":"https:\/\/odavprint.ee\/et\/#organization"},"alternateName":"Kassettide, toonerite t\u00e4itmine ja m\u00fc\u00fck.","potentialAction":[{"@type":"SearchAction","target":{"@type":"EntryPoint","urlTemplate":"https:\/\/odavprint.ee\/et\/?s={search_term_string}"},"query-input":"required name=search_term_string"}],"inLanguage":"et"},{"@type":["Organization","Place"],"@id":"https:\/\/odavprint.ee\/et\/#organization","name":"Odav Print O\u00dc","url":"https:\/\/odavprint.ee\/et\/","logo":{"@id":"https:\/\/odavprint.ee\/et\/product\/bambu-lab-pet-cf-must-1-kg\/#local-main-organization-logo"},"image":{"@id":"https:\/\/odavprint.ee\/et\/product\/bambu-lab-pet-cf-must-1-kg\/#local-main-organization-logo"},"address":{"@id":"https:\/\/odavprint.ee\/et\/product\/bambu-lab-pet-cf-must-1-kg\/#local-main-place-address"},"geo":{"@type":"GeoCoordinates","latitude":"59.4306504","longitude":"24.8095743"},"telephone":["53836926"],"openingHoursSpecification":[{"@type":"OpeningHoursSpecification","dayOfWeek":["Monday","Tuesday","Wednesday","Thursday","Friday","Saturday","Sunday"],"opens":"09:00","closes":"17:00"}],"email":"info@odavprint.eu"},{"@type":"PostalAddress","@id":"https:\/\/odavprint.ee\/et\/product\/bambu-lab-pet-cf-must-1-kg\/#local-main-place-address","streetAddress":"Pae tn 28","addressLocality":"Tallinn","postalCode":"11415","addressRegion":"Harjumaa","addressCountry":"EE"},{"@type":"ImageObject","inLanguage":"et","@id":"https:\/\/odavprint.ee\/et\/product\/bambu-lab-pet-cf-must-1-kg\/#local-main-organization-logo","url":"https:\/\/odavprint.ee\/wp-content\/uploads\/2018\/10\/odavprint-logo-240.jpg","contentUrl":"https:\/\/odavprint.ee\/wp-content\/uploads\/2018\/10\/odavprint-logo-240.jpg","width":240,"height":36,"caption":"Odav Print O\u00dc"}]},"product_price_amount":"95.47","product_price_currency":"EUR","og_availability":"out of stock","product_availability":"out of stock","product_condition":"new","geo.placename":"Tallinn","geo.position":{"lat":"59.4306504","long":"24.8095743"},"geo.region":"Estonia"},"_links":{"self":[{"href":"https:\/\/odavprint.ee\/et\/wp-json\/wp\/v2\/product\/224273"}],"collection":[{"href":"https:\/\/odavprint.ee\/et\/wp-json\/wp\/v2\/product"}],"about":[{"href":"https:\/\/odavprint.ee\/et\/wp-json\/wp\/v2\/types\/product"}],"wp:featuredmedia":[{"embeddable":true,"href":"https:\/\/odavprint.ee\/et\/wp-json\/wp\/v2\/media\/224274"}],"wp:attachment":[{"href":"https:\/\/odavprint.ee\/et\/wp-json\/wp\/v2\/media?parent=224273"}],"wp:term":[{"taxonomy":"product_cat","embeddable":true,"href":"https:\/\/odavprint.ee\/et\/wp-json\/wp\/v2\/product_cat?post=224273"},{"taxonomy":"product_tag","embeddable":true,"href":"https:\/\/odavprint.ee\/et\/wp-json\/wp\/v2\/product_tag?post=224273"}],"curies":[{"name":"wp","href":"https:\/\/api.w.org\/{rel}","templated":true}]}}