{"id":224494,"date":"2026-05-06T04:33:08","date_gmt":"2026-05-06T01:33:08","guid":{"rendered":"https:\/\/odavprint.ee\/?post_type=product&#038;p=224494"},"modified":"2026-05-06T04:33:14","modified_gmt":"2026-05-06T01:33:14","slug":"dymo-45811-s0720910-d1-kleepkirjalint-dore-analoog","status":"publish","type":"product","link":"https:\/\/odavprint.ee\/et\/product\/dymo-45811-s0720910-d1-kleepkirjalint-dore-analoog\/","title":{"rendered":"Dymo 45811 S0720910 D1 kleepkirjalint Dore analoog"},"content":{"rendered":"<p><b>Printeritele:<\/b><\/p>\n<p>Dymo Labelmaker PC-10, Dymo LabelManager 300, Dymo LabelManager 350, Dymo LabelManager 350D, Dymo LabelManager 360D, Dymo LabelManager 400, Dymo LabelManager 420P, Dymo LabelManager 450, Dymo LabelManager 450D, Dymo LabelManager 500TS, DYMO LabelManager 640CB, Dymo LabelManager Executive 640 CB, Dymo LabelManager PC, Dymo LabelManager PC2, Dymo LabelPoint 300, Dymo Mobile Labeler<\/p>\n<p><b>Suurus: 29mm x 7m<\/b><\/p>\n<p><b>V\u00e4rv: valge mustal<\/b><\/p>\n","protected":false},"excerpt":{"rendered":"<p>Printeritele: Dymo Labelmaker PC-10, Dymo LabelManager 300, Dymo LabelManager 350, Dymo LabelManager 350D, Dymo LabelManager 360D, Dymo LabelManager 400, Dymo LabelManager 420P, Dymo LabelManager 450, Dymo LabelManager 450D, Dymo LabelManager 500TS, DYMO LabelManager 640CB, Dymo LabelManager Executive 640 CB, Dymo LabelManager PC, Dymo LabelManager PC2, Dymo LabelPoint 300, Dymo Mobile Labeler Suurus: 29mm x 7m [&#8230;]\n","protected":false},"featured_media":224495,"template":"","meta":{"inline_featured_image":false},"product_cat":[39148,39157,39159],"product_tag":[],"yoast_head":"<!-- This site is optimized with the Yoast SEO Premium plugin v23.0 (Yoast SEO v23.0) - https:\/\/yoast.com\/wordpress\/plugins\/seo\/ -->\n<title>Dymo 45811 S0720910 D1 kleepkirjalint Dore analoog, hea hinnaga, osta e-pood - Odav Print<\/title>\n<meta name=\"description\" content=\"Osta Dymo 45811 S0720910 D1 kleepkirjalint Dore analoog Odav Print \u260e +372 5911 9495 \u2714\ufe0f Parim hind Dymo 45811 S0720910 D1 kleepkirjalint Dore analoog jaoks \u26df Kiire kohaletoimetamine Eestis \u2b50 Garanteeritud\" \/>\n<meta name=\"robots\" content=\"index, follow, max-snippet:-1, max-image-preview:large, max-video-preview:-1\" \/>\n<link rel=\"canonical\" href=\"https:\/\/odavprint.ee\/et\/product\/dymo-45811-s0720910-d1-kleepkirjalint-dore-analoog\/\" \/>\n<meta property=\"og:locale\" content=\"et_EE\" \/>\n<meta property=\"og:type\" content=\"article\" \/>\n<meta property=\"og:title\" content=\"Dymo 45811 S0720910 D1 kleepkirjalint Dore analoog\" \/>\n<meta property=\"og:description\" content=\"Osta Dymo 45811 S0720910 D1 kleepkirjalint Dore analoog Odav Print \u260e +372 5911 9495 \u2714\ufe0f Parim hind Dymo 45811 S0720910 D1 kleepkirjalint Dore analoog jaoks \u26df Kiire kohaletoimetamine Eestis \u2b50 Garanteeritud\" \/>\n<meta property=\"og:url\" content=\"https:\/\/odavprint.ee\/et\/product\/dymo-45811-s0720910-d1-kleepkirjalint-dore-analoog\/\" \/>\n<meta property=\"og:site_name\" content=\"Odav Print\" \/>\n<meta property=\"article:modified_time\" content=\"2026-05-06T01:33:14+00:00\" \/>\n<meta name=\"twitter:card\" content=\"summary_large_image\" \/>\n<meta name=\"twitter:label1\" content=\"Price\" \/>\n\t<meta name=\"twitter:data1\" content=\"&euro;7.75\" \/>\n\t<meta name=\"twitter:label2\" content=\"Availability\" \/>\n\t<meta name=\"twitter:data2\" content=\"In stock\" \/>\n<script type=\"application\/ld+json\" class=\"yoast-schema-graph\">{\"@context\":\"https:\/\/schema.org\",\"@graph\":[{\"@type\":[\"WebPage\",\"ItemPage\"],\"@id\":\"https:\/\/odavprint.ee\/et\/product\/dymo-45811-s0720910-d1-kleepkirjalint-dore-analoog\/\",\"url\":\"https:\/\/odavprint.ee\/et\/product\/dymo-45811-s0720910-d1-kleepkirjalint-dore-analoog\/\",\"name\":\"Dymo 45811 S0720910 D1 kleepkirjalint Dore analoog, hea hinnaga, osta e-pood - Odav Print\",\"isPartOf\":{\"@id\":\"https:\/\/odavprint.ee\/et\/#website\"},\"primaryImageOfPage\":{\"@id\":\"https:\/\/odavprint.ee\/et\/product\/dymo-45811-s0720910-d1-kleepkirjalint-dore-analoog\/#primaryimage\"},\"image\":{\"@id\":\"https:\/\/odavprint.ee\/et\/product\/dymo-45811-s0720910-d1-kleepkirjalint-dore-analoog\/#primaryimage\"},\"thumbnailUrl\":\"https:\/\/odavprint.ee\/wp-content\/uploads\/2026\/05\/dymo-45811-s0720910-label-roll-dore-compatible.jpg\",\"datePublished\":\"2026-05-06T01:33:08+00:00\",\"dateModified\":\"2026-05-06T01:33:14+00:00\",\"description\":\"Osta Dymo 45811 S0720910 D1 kleepkirjalint Dore analoog Odav Print \u260e +372 5911 9495 \u2714\ufe0f Parim hind Dymo 45811 S0720910 D1 kleepkirjalint Dore analoog jaoks \u26df Kiire kohaletoimetamine Eestis \u2b50 Garanteeritud\",\"breadcrumb\":{\"@id\":\"https:\/\/odavprint.ee\/et\/product\/dymo-45811-s0720910-d1-kleepkirjalint-dore-analoog\/#breadcrumb\"},\"inLanguage\":\"et\",\"potentialAction\":[{\"@type\":\"ReadAction\",\"target\":[\"https:\/\/odavprint.ee\/et\/product\/dymo-45811-s0720910-d1-kleepkirjalint-dore-analoog\/\"]}]},{\"@type\":\"ImageObject\",\"inLanguage\":\"et\",\"@id\":\"https:\/\/odavprint.ee\/et\/product\/dymo-45811-s0720910-d1-kleepkirjalint-dore-analoog\/#primaryimage\",\"url\":\"https:\/\/odavprint.ee\/wp-content\/uploads\/2026\/05\/dymo-45811-s0720910-label-roll-dore-compatible.jpg\",\"contentUrl\":\"https:\/\/odavprint.ee\/wp-content\/uploads\/2026\/05\/dymo-45811-s0720910-label-roll-dore-compatible.jpg\",\"width\":2500,\"height\":2500},{\"@type\":\"BreadcrumbList\",\"@id\":\"https:\/\/odavprint.ee\/et\/product\/dymo-45811-s0720910-d1-kleepkirjalint-dore-analoog\/#breadcrumb\",\"itemListElement\":[{\"@type\":\"ListItem\",\"position\":1,\"name\":\"Home\",\"item\":\"https:\/\/odavprint.ee\/et\/esileht\/\"},{\"@type\":\"ListItem\",\"position\":2,\"name\":\"E-pood\",\"item\":\"https:\/\/odavprint.ee\/et\/shop\/\"},{\"@type\":\"ListItem\",\"position\":3,\"name\":\"Dymo 45811 S0720910 D1 kleepkirjalint Dore analoog\"}]},{\"@type\":\"WebSite\",\"@id\":\"https:\/\/odavprint.ee\/et\/#website\",\"url\":\"https:\/\/odavprint.ee\/et\/\",\"name\":\"Odav Print\",\"description\":\"Just another WordPress site\",\"publisher\":{\"@id\":\"https:\/\/odavprint.ee\/et\/#organization\"},\"alternateName\":\"Kassettide, toonerite t\u00e4itmine ja m\u00fc\u00fck.\",\"potentialAction\":[{\"@type\":\"SearchAction\",\"target\":{\"@type\":\"EntryPoint\",\"urlTemplate\":\"https:\/\/odavprint.ee\/et\/?s={search_term_string}\"},\"query-input\":\"required name=search_term_string\"}],\"inLanguage\":\"et\"},{\"@type\":[\"Organization\",\"Place\"],\"@id\":\"https:\/\/odavprint.ee\/et\/#organization\",\"name\":\"Odav Print O\u00dc\",\"url\":\"https:\/\/odavprint.ee\/et\/\",\"logo\":{\"@id\":\"https:\/\/odavprint.ee\/et\/product\/dymo-45811-s0720910-d1-kleepkirjalint-dore-analoog\/#local-main-organization-logo\"},\"image\":{\"@id\":\"https:\/\/odavprint.ee\/et\/product\/dymo-45811-s0720910-d1-kleepkirjalint-dore-analoog\/#local-main-organization-logo\"},\"address\":{\"@id\":\"https:\/\/odavprint.ee\/et\/product\/dymo-45811-s0720910-d1-kleepkirjalint-dore-analoog\/#local-main-place-address\"},\"geo\":{\"@type\":\"GeoCoordinates\",\"latitude\":\"59.4306504\",\"longitude\":\"24.8095743\"},\"telephone\":[\"53836926\"],\"openingHoursSpecification\":[{\"@type\":\"OpeningHoursSpecification\",\"dayOfWeek\":[\"Monday\",\"Tuesday\",\"Wednesday\",\"Thursday\",\"Friday\",\"Saturday\",\"Sunday\"],\"opens\":\"09:00\",\"closes\":\"17:00\"}],\"email\":\"info@odavprint.eu\"},{\"@type\":\"PostalAddress\",\"@id\":\"https:\/\/odavprint.ee\/et\/product\/dymo-45811-s0720910-d1-kleepkirjalint-dore-analoog\/#local-main-place-address\",\"streetAddress\":\"Pae tn 28\",\"addressLocality\":\"Tallinn\",\"postalCode\":\"11415\",\"addressRegion\":\"Harjumaa\",\"addressCountry\":\"EE\"},{\"@type\":\"ImageObject\",\"inLanguage\":\"et\",\"@id\":\"https:\/\/odavprint.ee\/et\/product\/dymo-45811-s0720910-d1-kleepkirjalint-dore-analoog\/#local-main-organization-logo\",\"url\":\"https:\/\/odavprint.ee\/wp-content\/uploads\/2018\/10\/odavprint-logo-240.jpg\",\"contentUrl\":\"https:\/\/odavprint.ee\/wp-content\/uploads\/2018\/10\/odavprint-logo-240.jpg\",\"width\":240,\"height\":36,\"caption\":\"Odav Print O\u00dc\"}]}<\/script>\n<meta property=\"product:price:amount\" content=\"7.75\" \/>\n<meta property=\"product:price:currency\" content=\"EUR\" \/>\n<meta property=\"og:availability\" content=\"instock\" \/>\n<meta property=\"product:availability\" content=\"instock\" \/>\n<meta property=\"product:condition\" content=\"new\" \/>\n<meta name=\"geo.placename\" content=\"Tallinn\" \/>\n<meta name=\"geo.position\" content=\"59.4306504;24.8095743\" \/>\n<meta name=\"geo.region\" content=\"Estonia\" \/>\n<!-- \/ Yoast SEO Premium plugin. -->","yoast_head_json":{"title":"Dymo 45811 S0720910 D1 kleepkirjalint Dore analoog, hea hinnaga, osta e-pood - Odav Print","description":"Osta Dymo 45811 S0720910 D1 kleepkirjalint Dore analoog Odav Print \u260e +372 5911 9495 \u2714\ufe0f Parim hind Dymo 45811 S0720910 D1 kleepkirjalint Dore analoog jaoks \u26df Kiire kohaletoimetamine Eestis \u2b50 Garanteeritud","robots":{"index":"index","follow":"follow","max-snippet":"max-snippet:-1","max-image-preview":"max-image-preview:large","max-video-preview":"max-video-preview:-1"},"canonical":"https:\/\/odavprint.ee\/et\/product\/dymo-45811-s0720910-d1-kleepkirjalint-dore-analoog\/","og_locale":"et_EE","og_type":"article","og_title":"Dymo 45811 S0720910 D1 kleepkirjalint Dore analoog","og_description":"Osta Dymo 45811 S0720910 D1 kleepkirjalint Dore analoog Odav Print \u260e +372 5911 9495 \u2714\ufe0f Parim hind Dymo 45811 S0720910 D1 kleepkirjalint Dore analoog jaoks \u26df Kiire kohaletoimetamine Eestis \u2b50 Garanteeritud","og_url":"https:\/\/odavprint.ee\/et\/product\/dymo-45811-s0720910-d1-kleepkirjalint-dore-analoog\/","og_site_name":"Odav Print","article_modified_time":"2026-05-06T01:33:14+00:00","twitter_card":"summary_large_image","twitter_misc":{"Price":"&euro;7.75","Availability":"In stock"},"schema":{"@context":"https:\/\/schema.org","@graph":[{"@type":["WebPage","ItemPage"],"@id":"https:\/\/odavprint.ee\/et\/product\/dymo-45811-s0720910-d1-kleepkirjalint-dore-analoog\/","url":"https:\/\/odavprint.ee\/et\/product\/dymo-45811-s0720910-d1-kleepkirjalint-dore-analoog\/","name":"Dymo 45811 S0720910 D1 kleepkirjalint Dore analoog, hea hinnaga, osta e-pood - Odav Print","isPartOf":{"@id":"https:\/\/odavprint.ee\/et\/#website"},"primaryImageOfPage":{"@id":"https:\/\/odavprint.ee\/et\/product\/dymo-45811-s0720910-d1-kleepkirjalint-dore-analoog\/#primaryimage"},"image":{"@id":"https:\/\/odavprint.ee\/et\/product\/dymo-45811-s0720910-d1-kleepkirjalint-dore-analoog\/#primaryimage"},"thumbnailUrl":"https:\/\/odavprint.ee\/wp-content\/uploads\/2026\/05\/dymo-45811-s0720910-label-roll-dore-compatible.jpg","datePublished":"2026-05-06T01:33:08+00:00","dateModified":"2026-05-06T01:33:14+00:00","description":"Osta Dymo 45811 S0720910 D1 kleepkirjalint Dore analoog Odav Print \u260e +372 5911 9495 \u2714\ufe0f Parim hind Dymo 45811 S0720910 D1 kleepkirjalint Dore analoog jaoks \u26df Kiire kohaletoimetamine Eestis \u2b50 Garanteeritud","breadcrumb":{"@id":"https:\/\/odavprint.ee\/et\/product\/dymo-45811-s0720910-d1-kleepkirjalint-dore-analoog\/#breadcrumb"},"inLanguage":"et","potentialAction":[{"@type":"ReadAction","target":["https:\/\/odavprint.ee\/et\/product\/dymo-45811-s0720910-d1-kleepkirjalint-dore-analoog\/"]}]},{"@type":"ImageObject","inLanguage":"et","@id":"https:\/\/odavprint.ee\/et\/product\/dymo-45811-s0720910-d1-kleepkirjalint-dore-analoog\/#primaryimage","url":"https:\/\/odavprint.ee\/wp-content\/uploads\/2026\/05\/dymo-45811-s0720910-label-roll-dore-compatible.jpg","contentUrl":"https:\/\/odavprint.ee\/wp-content\/uploads\/2026\/05\/dymo-45811-s0720910-label-roll-dore-compatible.jpg","width":2500,"height":2500},{"@type":"BreadcrumbList","@id":"https:\/\/odavprint.ee\/et\/product\/dymo-45811-s0720910-d1-kleepkirjalint-dore-analoog\/#breadcrumb","itemListElement":[{"@type":"ListItem","position":1,"name":"Home","item":"https:\/\/odavprint.ee\/et\/esileht\/"},{"@type":"ListItem","position":2,"name":"E-pood","item":"https:\/\/odavprint.ee\/et\/shop\/"},{"@type":"ListItem","position":3,"name":"Dymo 45811 S0720910 D1 kleepkirjalint Dore analoog"}]},{"@type":"WebSite","@id":"https:\/\/odavprint.ee\/et\/#website","url":"https:\/\/odavprint.ee\/et\/","name":"Odav Print","description":"Just another WordPress site","publisher":{"@id":"https:\/\/odavprint.ee\/et\/#organization"},"alternateName":"Kassettide, toonerite t\u00e4itmine ja m\u00fc\u00fck.","potentialAction":[{"@type":"SearchAction","target":{"@type":"EntryPoint","urlTemplate":"https:\/\/odavprint.ee\/et\/?s={search_term_string}"},"query-input":"required name=search_term_string"}],"inLanguage":"et"},{"@type":["Organization","Place"],"@id":"https:\/\/odavprint.ee\/et\/#organization","name":"Odav Print O\u00dc","url":"https:\/\/odavprint.ee\/et\/","logo":{"@id":"https:\/\/odavprint.ee\/et\/product\/dymo-45811-s0720910-d1-kleepkirjalint-dore-analoog\/#local-main-organization-logo"},"image":{"@id":"https:\/\/odavprint.ee\/et\/product\/dymo-45811-s0720910-d1-kleepkirjalint-dore-analoog\/#local-main-organization-logo"},"address":{"@id":"https:\/\/odavprint.ee\/et\/product\/dymo-45811-s0720910-d1-kleepkirjalint-dore-analoog\/#local-main-place-address"},"geo":{"@type":"GeoCoordinates","latitude":"59.4306504","longitude":"24.8095743"},"telephone":["53836926"],"openingHoursSpecification":[{"@type":"OpeningHoursSpecification","dayOfWeek":["Monday","Tuesday","Wednesday","Thursday","Friday","Saturday","Sunday"],"opens":"09:00","closes":"17:00"}],"email":"info@odavprint.eu"},{"@type":"PostalAddress","@id":"https:\/\/odavprint.ee\/et\/product\/dymo-45811-s0720910-d1-kleepkirjalint-dore-analoog\/#local-main-place-address","streetAddress":"Pae tn 28","addressLocality":"Tallinn","postalCode":"11415","addressRegion":"Harjumaa","addressCountry":"EE"},{"@type":"ImageObject","inLanguage":"et","@id":"https:\/\/odavprint.ee\/et\/product\/dymo-45811-s0720910-d1-kleepkirjalint-dore-analoog\/#local-main-organization-logo","url":"https:\/\/odavprint.ee\/wp-content\/uploads\/2018\/10\/odavprint-logo-240.jpg","contentUrl":"https:\/\/odavprint.ee\/wp-content\/uploads\/2018\/10\/odavprint-logo-240.jpg","width":240,"height":36,"caption":"Odav Print O\u00dc"}]},"product_price_amount":"7.75","product_price_currency":"EUR","og_availability":"instock","product_availability":"instock","product_condition":"new","geo.placename":"Tallinn","geo.position":{"lat":"59.4306504","long":"24.8095743"},"geo.region":"Estonia"},"_links":{"self":[{"href":"https:\/\/odavprint.ee\/et\/wp-json\/wp\/v2\/product\/224494"}],"collection":[{"href":"https:\/\/odavprint.ee\/et\/wp-json\/wp\/v2\/product"}],"about":[{"href":"https:\/\/odavprint.ee\/et\/wp-json\/wp\/v2\/types\/product"}],"wp:featuredmedia":[{"embeddable":true,"href":"https:\/\/odavprint.ee\/et\/wp-json\/wp\/v2\/media\/224495"}],"wp:attachment":[{"href":"https:\/\/odavprint.ee\/et\/wp-json\/wp\/v2\/media?parent=224494"}],"wp:term":[{"taxonomy":"product_cat","embeddable":true,"href":"https:\/\/odavprint.ee\/et\/wp-json\/wp\/v2\/product_cat?post=224494"},{"taxonomy":"product_tag","embeddable":true,"href":"https:\/\/odavprint.ee\/et\/wp-json\/wp\/v2\/product_tag?post=224494"}],"curies":[{"name":"wp","href":"https:\/\/api.w.org\/{rel}","templated":true}]}}