{"id":24372,"date":"2020-01-23T16:14:20","date_gmt":"2020-01-23T14:14:20","guid":{"rendered":"https:\/\/odavprint.ee\/?post_type=product&#038;p=24372"},"modified":"2024-05-08T17:25:03","modified_gmt":"2024-05-08T14:25:03","slug":"analoog-trummel-lexmark-mx310-mx410-500za-50f0za0-60-000-lk","status":"publish","type":"product","link":"https:\/\/odavprint.ee\/et\/product\/analoog-trummel-lexmark-mx310-mx410-500za-50f0za0-60-000-lk\/","title":{"rendered":"Analoog TRUMMEL Lexmark MX310 \/ MX410 \/ 500ZA (50F0ZA0) 60.000 lk"},"content":{"rendered":"<p>Lexmark MS310d<\/p>\n<p>Lexmark MS310dn<\/p>\n<p>Lexmark MS312dn<\/p>\n<p>Lexmark MS312dnw<\/p>\n<p>Lexmark MS317dn<\/p>\n<p>Lexmark MS410d<\/p>\n<p>Lexmark MS410dn<\/p>\n<p>Lexmark MS415dn<\/p>\n<p>Lexmark MS417dn<\/p>\n<p>Lexmark MS510dn<\/p>\n<p>Lexmark MS517dn<\/p>\n<p>Lexmark MS610de<\/p>\n<p>Lexmark MS610dn<\/p>\n<p>Lexmark MS610dte<\/p>\n<p>Lexmark MS617dn<\/p>\n<p>Lexmark MX310dn<\/p>\n<p>Lexmark MX310dnw<\/p>\n<p>Lexmark MX317dn<\/p>\n<p>Lexmark MX410de<\/p>\n<p>Lexmark MX417de<\/p>\n<p>Lexmark MX510de<\/p>\n<p>Lexmark MX511de<\/p>\n<p>Lexmark MX511dhe<\/p>\n<p>Lexmark MX511dte<\/p>\n<p>Lexmark MX517de<\/p>\n<p>Lexmark MX611de<\/p>\n<p>Lexmark MX611dhe<\/p>\n<p>Lexmark MX617de<\/p>\n","protected":false},"excerpt":{"rendered":"<p>Lexmark MS310d Lexmark MS310dn Lexmark MS312dn Lexmark MS312dnw Lexmark MS317dn Lexmark MS410d Lexmark MS410dn Lexmark MS415dn Lexmark MS417dn Lexmark MS510dn Lexmark MS517dn Lexmark MS610de Lexmark MS610dn Lexmark MS610dte Lexmark MS617dn Lexmark MX310dn Lexmark MX310dnw Lexmark MX317dn Lexmark MX410de Lexmark MX417de Lexmark MX510de Lexmark MX511de Lexmark MX511dhe Lexmark MX511dte Lexmark MX517de Lexmark MX611de Lexmark MX611dhe Lexmark [&#8230;]\n","protected":false},"featured_media":24373,"template":"","meta":{"inline_featured_image":false},"product_cat":[12832],"product_tag":[],"yoast_head":"<!-- This site is optimized with the Yoast SEO Premium plugin v23.0 (Yoast SEO v23.0) - https:\/\/yoast.com\/wordpress\/plugins\/seo\/ -->\n<title>Analoog TRUMMEL Lexmark MX310 \/ MX410 \/ 500ZA (50F0ZA0) 60.000 lk, hea hinnaga, osta e-pood - Odav Print<\/title>\n<meta name=\"description\" content=\"Osta Analoog TRUMMEL Lexmark MX310 \/ MX410 \/ 500ZA (50F0ZA0) 60.000 lk Odav Print \u260e +372 5911 9495 \u2714\ufe0f Parim hind Analoog TRUMMEL Lexmark MX310 \/ MX410 \/ 500ZA (50F0ZA0) 60.000 lk jaoks \u26df Kiire kohaletoimetamine Eestis \u2b50 Garanteeritud\" \/>\n<meta name=\"robots\" content=\"index, follow, max-snippet:-1, max-image-preview:large, max-video-preview:-1\" \/>\n<link rel=\"canonical\" href=\"https:\/\/odavprint.ee\/et\/product\/analoog-trummel-lexmark-mx310-mx410-500za-50f0za0-60-000-lk\/\" \/>\n<meta property=\"og:locale\" content=\"et_EE\" \/>\n<meta property=\"og:type\" content=\"article\" \/>\n<meta property=\"og:title\" content=\"Analoog TRUMMEL Lexmark MX310 \/ MX410 \/ 500ZA (50F0ZA0) 60.000 lk\" \/>\n<meta property=\"og:description\" content=\"Osta Analoog TRUMMEL Lexmark MX310 \/ MX410 \/ 500ZA (50F0ZA0) 60.000 lk Odav Print \u260e +372 5911 9495 \u2714\ufe0f Parim hind Analoog TRUMMEL Lexmark MX310 \/ MX410 \/ 500ZA (50F0ZA0) 60.000 lk jaoks \u26df Kiire kohaletoimetamine Eestis \u2b50 Garanteeritud\" \/>\n<meta property=\"og:url\" content=\"https:\/\/odavprint.ee\/et\/product\/analoog-trummel-lexmark-mx310-mx410-500za-50f0za0-60-000-lk\/\" \/>\n<meta property=\"og:site_name\" content=\"Odav Print\" \/>\n<meta property=\"article:modified_time\" content=\"2024-05-08T14:25:03+00:00\" \/>\n<meta property=\"og:image\" content=\"https:\/\/odavprint.ee\/wp-content\/uploads\/2020\/01\/lexmark-mx310-drum-unit.jpg\" \/>\n\t<meta property=\"og:image:width\" content=\"500\" \/>\n\t<meta property=\"og:image:height\" content=\"411\" \/>\n\t<meta property=\"og:image:type\" content=\"image\/jpeg\" \/>\n<meta name=\"twitter:card\" content=\"summary_large_image\" \/>\n<meta name=\"twitter:label1\" content=\"Price\" \/>\n\t<meta name=\"twitter:data1\" content=\"&euro;46.80\" \/>\n\t<meta name=\"twitter:label2\" content=\"Availability\" \/>\n\t<meta name=\"twitter:data2\" content=\"In stock\" \/>\n<script type=\"application\/ld+json\" class=\"yoast-schema-graph\">{\"@context\":\"https:\/\/schema.org\",\"@graph\":[{\"@type\":[\"WebPage\",\"ItemPage\"],\"@id\":\"https:\/\/odavprint.ee\/et\/product\/analoog-trummel-lexmark-mx310-mx410-500za-50f0za0-60-000-lk\/\",\"url\":\"https:\/\/odavprint.ee\/et\/product\/analoog-trummel-lexmark-mx310-mx410-500za-50f0za0-60-000-lk\/\",\"name\":\"Analoog TRUMMEL Lexmark MX310 \/ MX410 \/ 500ZA (50F0ZA0) 60.000 lk, hea hinnaga, osta e-pood - Odav Print\",\"isPartOf\":{\"@id\":\"https:\/\/odavprint.ee\/et\/#website\"},\"primaryImageOfPage\":{\"@id\":\"https:\/\/odavprint.ee\/et\/product\/analoog-trummel-lexmark-mx310-mx410-500za-50f0za0-60-000-lk\/#primaryimage\"},\"image\":{\"@id\":\"https:\/\/odavprint.ee\/et\/product\/analoog-trummel-lexmark-mx310-mx410-500za-50f0za0-60-000-lk\/#primaryimage\"},\"thumbnailUrl\":\"https:\/\/odavprint.ee\/wp-content\/uploads\/2020\/01\/lexmark-mx310-drum-unit.jpg\",\"datePublished\":\"2020-01-23T14:14:20+00:00\",\"dateModified\":\"2024-05-08T14:25:03+00:00\",\"description\":\"Osta Analoog TRUMMEL Lexmark MX310 \/ MX410 \/ 500ZA (50F0ZA0) 60.000 lk Odav Print \u260e +372 5911 9495 \u2714\ufe0f Parim hind Analoog TRUMMEL Lexmark MX310 \/ MX410 \/ 500ZA (50F0ZA0) 60.000 lk jaoks \u26df Kiire kohaletoimetamine Eestis \u2b50 Garanteeritud\",\"breadcrumb\":{\"@id\":\"https:\/\/odavprint.ee\/et\/product\/analoog-trummel-lexmark-mx310-mx410-500za-50f0za0-60-000-lk\/#breadcrumb\"},\"inLanguage\":\"et\",\"potentialAction\":[{\"@type\":\"ReadAction\",\"target\":[\"https:\/\/odavprint.ee\/et\/product\/analoog-trummel-lexmark-mx310-mx410-500za-50f0za0-60-000-lk\/\"]}]},{\"@type\":\"ImageObject\",\"inLanguage\":\"et\",\"@id\":\"https:\/\/odavprint.ee\/et\/product\/analoog-trummel-lexmark-mx310-mx410-500za-50f0za0-60-000-lk\/#primaryimage\",\"url\":\"https:\/\/odavprint.ee\/wp-content\/uploads\/2020\/01\/lexmark-mx310-drum-unit.jpg\",\"contentUrl\":\"https:\/\/odavprint.ee\/wp-content\/uploads\/2020\/01\/lexmark-mx310-drum-unit.jpg\",\"width\":500,\"height\":411},{\"@type\":\"BreadcrumbList\",\"@id\":\"https:\/\/odavprint.ee\/et\/product\/analoog-trummel-lexmark-mx310-mx410-500za-50f0za0-60-000-lk\/#breadcrumb\",\"itemListElement\":[{\"@type\":\"ListItem\",\"position\":1,\"name\":\"Home\",\"item\":\"https:\/\/odavprint.ee\/et\/esileht\/\"},{\"@type\":\"ListItem\",\"position\":2,\"name\":\"E-pood\",\"item\":\"https:\/\/odavprint.ee\/et\/shop\/\"},{\"@type\":\"ListItem\",\"position\":3,\"name\":\"Analoog TRUMMEL Lexmark MX310 \/ MX410 \/ 500ZA (50F0ZA0) 60.000 lk\"}]},{\"@type\":\"WebSite\",\"@id\":\"https:\/\/odavprint.ee\/et\/#website\",\"url\":\"https:\/\/odavprint.ee\/et\/\",\"name\":\"Odav Print\",\"description\":\"Just another WordPress site\",\"publisher\":{\"@id\":\"https:\/\/odavprint.ee\/et\/#organization\"},\"alternateName\":\"Kassettide, toonerite t\u00e4itmine ja m\u00fc\u00fck.\",\"potentialAction\":[{\"@type\":\"SearchAction\",\"target\":{\"@type\":\"EntryPoint\",\"urlTemplate\":\"https:\/\/odavprint.ee\/et\/?s={search_term_string}\"},\"query-input\":\"required name=search_term_string\"}],\"inLanguage\":\"et\"},{\"@type\":[\"Organization\",\"Place\"],\"@id\":\"https:\/\/odavprint.ee\/et\/#organization\",\"name\":\"Odav Print O\u00dc\",\"url\":\"https:\/\/odavprint.ee\/et\/\",\"logo\":{\"@id\":\"https:\/\/odavprint.ee\/et\/product\/analoog-trummel-lexmark-mx310-mx410-500za-50f0za0-60-000-lk\/#local-main-organization-logo\"},\"image\":{\"@id\":\"https:\/\/odavprint.ee\/et\/product\/analoog-trummel-lexmark-mx310-mx410-500za-50f0za0-60-000-lk\/#local-main-organization-logo\"},\"address\":{\"@id\":\"https:\/\/odavprint.ee\/et\/product\/analoog-trummel-lexmark-mx310-mx410-500za-50f0za0-60-000-lk\/#local-main-place-address\"},\"geo\":{\"@type\":\"GeoCoordinates\",\"latitude\":\"59.4306504\",\"longitude\":\"24.8095743\"},\"telephone\":[\"53836926\"],\"openingHoursSpecification\":[{\"@type\":\"OpeningHoursSpecification\",\"dayOfWeek\":[\"Monday\",\"Tuesday\",\"Wednesday\",\"Thursday\",\"Friday\",\"Saturday\",\"Sunday\"],\"opens\":\"09:00\",\"closes\":\"17:00\"}],\"email\":\"info@odavprint.eu\"},{\"@type\":\"PostalAddress\",\"@id\":\"https:\/\/odavprint.ee\/et\/product\/analoog-trummel-lexmark-mx310-mx410-500za-50f0za0-60-000-lk\/#local-main-place-address\",\"streetAddress\":\"Pae tn 28\",\"addressLocality\":\"Tallinn\",\"postalCode\":\"11415\",\"addressRegion\":\"Harjumaa\",\"addressCountry\":\"EE\"},{\"@type\":\"ImageObject\",\"inLanguage\":\"et\",\"@id\":\"https:\/\/odavprint.ee\/et\/product\/analoog-trummel-lexmark-mx310-mx410-500za-50f0za0-60-000-lk\/#local-main-organization-logo\",\"url\":\"https:\/\/odavprint.ee\/wp-content\/uploads\/2018\/10\/odavprint-logo-240.jpg\",\"contentUrl\":\"https:\/\/odavprint.ee\/wp-content\/uploads\/2018\/10\/odavprint-logo-240.jpg\",\"width\":240,\"height\":36,\"caption\":\"Odav Print O\u00dc\"}]}<\/script>\n<meta property=\"product:price:amount\" content=\"46.80\" \/>\n<meta property=\"product:price:currency\" content=\"EUR\" \/>\n<meta property=\"og:availability\" content=\"instock\" \/>\n<meta property=\"product:availability\" content=\"instock\" \/>\n<meta property=\"product:condition\" content=\"new\" \/>\n<meta name=\"geo.placename\" content=\"Tallinn\" \/>\n<meta name=\"geo.position\" content=\"59.4306504;24.8095743\" \/>\n<meta name=\"geo.region\" content=\"Estonia\" \/>\n<!-- \/ Yoast SEO Premium plugin. -->","yoast_head_json":{"title":"Analoog TRUMMEL Lexmark MX310 \/ MX410 \/ 500ZA (50F0ZA0) 60.000 lk, hea hinnaga, osta e-pood - Odav Print","description":"Osta Analoog TRUMMEL Lexmark MX310 \/ MX410 \/ 500ZA (50F0ZA0) 60.000 lk Odav Print \u260e +372 5911 9495 \u2714\ufe0f Parim hind Analoog TRUMMEL Lexmark MX310 \/ MX410 \/ 500ZA (50F0ZA0) 60.000 lk jaoks \u26df Kiire kohaletoimetamine Eestis \u2b50 Garanteeritud","robots":{"index":"index","follow":"follow","max-snippet":"max-snippet:-1","max-image-preview":"max-image-preview:large","max-video-preview":"max-video-preview:-1"},"canonical":"https:\/\/odavprint.ee\/et\/product\/analoog-trummel-lexmark-mx310-mx410-500za-50f0za0-60-000-lk\/","og_locale":"et_EE","og_type":"article","og_title":"Analoog TRUMMEL Lexmark MX310 \/ MX410 \/ 500ZA (50F0ZA0) 60.000 lk","og_description":"Osta Analoog TRUMMEL Lexmark MX310 \/ MX410 \/ 500ZA (50F0ZA0) 60.000 lk Odav Print \u260e +372 5911 9495 \u2714\ufe0f Parim hind Analoog TRUMMEL Lexmark MX310 \/ MX410 \/ 500ZA (50F0ZA0) 60.000 lk jaoks \u26df Kiire kohaletoimetamine Eestis \u2b50 Garanteeritud","og_url":"https:\/\/odavprint.ee\/et\/product\/analoog-trummel-lexmark-mx310-mx410-500za-50f0za0-60-000-lk\/","og_site_name":"Odav Print","article_modified_time":"2024-05-08T14:25:03+00:00","og_image":[{"width":500,"height":411,"url":"https:\/\/odavprint.ee\/wp-content\/uploads\/2020\/01\/lexmark-mx310-drum-unit.jpg","type":"image\/jpeg"}],"twitter_card":"summary_large_image","twitter_misc":{"Price":"&euro;46.80","Availability":"In stock"},"schema":{"@context":"https:\/\/schema.org","@graph":[{"@type":["WebPage","ItemPage"],"@id":"https:\/\/odavprint.ee\/et\/product\/analoog-trummel-lexmark-mx310-mx410-500za-50f0za0-60-000-lk\/","url":"https:\/\/odavprint.ee\/et\/product\/analoog-trummel-lexmark-mx310-mx410-500za-50f0za0-60-000-lk\/","name":"Analoog TRUMMEL Lexmark MX310 \/ MX410 \/ 500ZA (50F0ZA0) 60.000 lk, hea hinnaga, osta e-pood - Odav Print","isPartOf":{"@id":"https:\/\/odavprint.ee\/et\/#website"},"primaryImageOfPage":{"@id":"https:\/\/odavprint.ee\/et\/product\/analoog-trummel-lexmark-mx310-mx410-500za-50f0za0-60-000-lk\/#primaryimage"},"image":{"@id":"https:\/\/odavprint.ee\/et\/product\/analoog-trummel-lexmark-mx310-mx410-500za-50f0za0-60-000-lk\/#primaryimage"},"thumbnailUrl":"https:\/\/odavprint.ee\/wp-content\/uploads\/2020\/01\/lexmark-mx310-drum-unit.jpg","datePublished":"2020-01-23T14:14:20+00:00","dateModified":"2024-05-08T14:25:03+00:00","description":"Osta Analoog TRUMMEL Lexmark MX310 \/ MX410 \/ 500ZA (50F0ZA0) 60.000 lk Odav Print \u260e +372 5911 9495 \u2714\ufe0f Parim hind Analoog TRUMMEL Lexmark MX310 \/ MX410 \/ 500ZA (50F0ZA0) 60.000 lk jaoks \u26df Kiire kohaletoimetamine Eestis \u2b50 Garanteeritud","breadcrumb":{"@id":"https:\/\/odavprint.ee\/et\/product\/analoog-trummel-lexmark-mx310-mx410-500za-50f0za0-60-000-lk\/#breadcrumb"},"inLanguage":"et","potentialAction":[{"@type":"ReadAction","target":["https:\/\/odavprint.ee\/et\/product\/analoog-trummel-lexmark-mx310-mx410-500za-50f0za0-60-000-lk\/"]}]},{"@type":"ImageObject","inLanguage":"et","@id":"https:\/\/odavprint.ee\/et\/product\/analoog-trummel-lexmark-mx310-mx410-500za-50f0za0-60-000-lk\/#primaryimage","url":"https:\/\/odavprint.ee\/wp-content\/uploads\/2020\/01\/lexmark-mx310-drum-unit.jpg","contentUrl":"https:\/\/odavprint.ee\/wp-content\/uploads\/2020\/01\/lexmark-mx310-drum-unit.jpg","width":500,"height":411},{"@type":"BreadcrumbList","@id":"https:\/\/odavprint.ee\/et\/product\/analoog-trummel-lexmark-mx310-mx410-500za-50f0za0-60-000-lk\/#breadcrumb","itemListElement":[{"@type":"ListItem","position":1,"name":"Home","item":"https:\/\/odavprint.ee\/et\/esileht\/"},{"@type":"ListItem","position":2,"name":"E-pood","item":"https:\/\/odavprint.ee\/et\/shop\/"},{"@type":"ListItem","position":3,"name":"Analoog TRUMMEL Lexmark MX310 \/ MX410 \/ 500ZA (50F0ZA0) 60.000 lk"}]},{"@type":"WebSite","@id":"https:\/\/odavprint.ee\/et\/#website","url":"https:\/\/odavprint.ee\/et\/","name":"Odav Print","description":"Just another WordPress site","publisher":{"@id":"https:\/\/odavprint.ee\/et\/#organization"},"alternateName":"Kassettide, toonerite t\u00e4itmine ja m\u00fc\u00fck.","potentialAction":[{"@type":"SearchAction","target":{"@type":"EntryPoint","urlTemplate":"https:\/\/odavprint.ee\/et\/?s={search_term_string}"},"query-input":"required name=search_term_string"}],"inLanguage":"et"},{"@type":["Organization","Place"],"@id":"https:\/\/odavprint.ee\/et\/#organization","name":"Odav Print O\u00dc","url":"https:\/\/odavprint.ee\/et\/","logo":{"@id":"https:\/\/odavprint.ee\/et\/product\/analoog-trummel-lexmark-mx310-mx410-500za-50f0za0-60-000-lk\/#local-main-organization-logo"},"image":{"@id":"https:\/\/odavprint.ee\/et\/product\/analoog-trummel-lexmark-mx310-mx410-500za-50f0za0-60-000-lk\/#local-main-organization-logo"},"address":{"@id":"https:\/\/odavprint.ee\/et\/product\/analoog-trummel-lexmark-mx310-mx410-500za-50f0za0-60-000-lk\/#local-main-place-address"},"geo":{"@type":"GeoCoordinates","latitude":"59.4306504","longitude":"24.8095743"},"telephone":["53836926"],"openingHoursSpecification":[{"@type":"OpeningHoursSpecification","dayOfWeek":["Monday","Tuesday","Wednesday","Thursday","Friday","Saturday","Sunday"],"opens":"09:00","closes":"17:00"}],"email":"info@odavprint.eu"},{"@type":"PostalAddress","@id":"https:\/\/odavprint.ee\/et\/product\/analoog-trummel-lexmark-mx310-mx410-500za-50f0za0-60-000-lk\/#local-main-place-address","streetAddress":"Pae tn 28","addressLocality":"Tallinn","postalCode":"11415","addressRegion":"Harjumaa","addressCountry":"EE"},{"@type":"ImageObject","inLanguage":"et","@id":"https:\/\/odavprint.ee\/et\/product\/analoog-trummel-lexmark-mx310-mx410-500za-50f0za0-60-000-lk\/#local-main-organization-logo","url":"https:\/\/odavprint.ee\/wp-content\/uploads\/2018\/10\/odavprint-logo-240.jpg","contentUrl":"https:\/\/odavprint.ee\/wp-content\/uploads\/2018\/10\/odavprint-logo-240.jpg","width":240,"height":36,"caption":"Odav Print O\u00dc"}]},"product_price_amount":"46.80","product_price_currency":"EUR","og_availability":"instock","product_availability":"instock","product_condition":"new","geo.placename":"Tallinn","geo.position":{"lat":"59.4306504","long":"24.8095743"},"geo.region":"Estonia"},"_links":{"self":[{"href":"https:\/\/odavprint.ee\/et\/wp-json\/wp\/v2\/product\/24372"}],"collection":[{"href":"https:\/\/odavprint.ee\/et\/wp-json\/wp\/v2\/product"}],"about":[{"href":"https:\/\/odavprint.ee\/et\/wp-json\/wp\/v2\/types\/product"}],"wp:featuredmedia":[{"embeddable":true,"href":"https:\/\/odavprint.ee\/et\/wp-json\/wp\/v2\/media\/24373"}],"wp:attachment":[{"href":"https:\/\/odavprint.ee\/et\/wp-json\/wp\/v2\/media?parent=24372"}],"wp:term":[{"taxonomy":"product_cat","embeddable":true,"href":"https:\/\/odavprint.ee\/et\/wp-json\/wp\/v2\/product_cat?post=24372"},{"taxonomy":"product_tag","embeddable":true,"href":"https:\/\/odavprint.ee\/et\/wp-json\/wp\/v2\/product_tag?post=24372"}],"curies":[{"name":"wp","href":"https:\/\/api.w.org\/{rel}","templated":true}]}}