{"id":25378,"date":"2020-02-20T16:30:17","date_gmt":"2020-02-20T14:30:17","guid":{"rendered":"https:\/\/odavprint.ee\/?post_type=product&#038;p=25378"},"modified":"2022-04-20T11:17:46","modified_gmt":"2022-04-20T08:17:46","slug":"analoog-tintide-komplekt-canon-pgi-5-pgbk-cli-8-c-m-y","status":"publish","type":"product","link":"https:\/\/odavprint.ee\/et\/product\/analoog-tintide-komplekt-canon-pgi-5-pgbk-cli-8-c-m-y\/","title":{"rendered":"Analoog tintide komplekt Canon PGI-5 (PGBK) \/ CLI-8 (C\/M\/Y)"},"content":{"rendered":"<p>Canon Multipass MP500 ink<br \/>\nCanon Multipass MP510 ink<br \/>\nCanon Multipass mp530 ink<br \/>\nCanon Multipass MP600 ink<br \/>\nCanon Pixma IP4200 ink<br \/>\nCanon Pixma IP4300 ink<br \/>\nCanon Pixma IP4500 ink<br \/>\nCanon Pixma IP5100 ink<br \/>\nCanon Pixma IP5200 ink<br \/>\nPixma IP5200R<br \/>\nCanon Pixma IP5300 ink<br \/>\nCanon Pixma MP500 ink<br \/>\nCanon Pixma MP530 ink<br \/>\nCanon Pixma MP600 ink<br \/>\nCanon Pixma MP600R ink<br \/>\nCanon Pixma MP610 ink<br \/>\nCanon Pixma MP800R ink<br \/>\nCanon Pixma MP800 ink<br \/>\nCanon Pixma MP810 ink<br \/>\nCanon Pixma MP830 ink<br \/>\nCanon Pixma MP 950 ink<br \/>\nCanon Pixma MP960 ink<br \/>\nCanon Pixma MP970 ink<br \/>\nCanon Pixma MX850 ink<br \/>\nCanon Pixus iP7500 ink<\/p>\n","protected":false},"excerpt":{"rendered":"<p>Canon Multipass MP500 ink Canon Multipass MP510 ink Canon Multipass mp530 ink Canon Multipass MP600 ink Canon Pixma IP4200 ink Canon Pixma IP4300 ink Canon Pixma IP4500 ink Canon Pixma IP5100 ink Canon Pixma IP5200 ink Pixma IP5200R Canon Pixma IP5300 ink Canon Pixma MP500 ink Canon Pixma MP530 ink Canon Pixma MP600 ink Canon [&#8230;]\n","protected":false},"featured_media":25384,"template":"","meta":{"inline_featured_image":false},"product_cat":[10770],"product_tag":[],"yoast_head":"<!-- This site is optimized with the Yoast SEO Premium plugin v23.0 (Yoast SEO v23.0) - https:\/\/yoast.com\/wordpress\/plugins\/seo\/ -->\n<title>Analoog tintide komplekt Canon PGI-5 (PGBK) \/ CLI-8 (C\/M\/Y), hea hinnaga, osta e-pood - Odav Print<\/title>\n<meta name=\"description\" content=\"Osta Analoog tintide komplekt Canon PGI-5 (PGBK) \/ CLI-8 (C\/M\/Y) Odav Print \u260e +372 5911 9495 \u2714\ufe0f Parim hind Analoog tintide komplekt Canon PGI-5 (PGBK) \/ CLI-8 (C\/M\/Y) jaoks \u26df Kiire kohaletoimetamine Eestis \u2b50 Garanteeritud\" \/>\n<meta name=\"robots\" content=\"index, follow, max-snippet:-1, max-image-preview:large, max-video-preview:-1\" \/>\n<link rel=\"canonical\" href=\"https:\/\/odavprint.ee\/et\/product\/analoog-tintide-komplekt-canon-pgi-5-pgbk-cli-8-c-m-y\/\" \/>\n<meta property=\"og:locale\" content=\"et_EE\" \/>\n<meta property=\"og:type\" content=\"article\" \/>\n<meta property=\"og:title\" content=\"Analoog tintide komplekt Canon PGI-5 (PGBK) \/ CLI-8 (C\/M\/Y)\" \/>\n<meta property=\"og:description\" content=\"Osta Analoog tintide komplekt Canon PGI-5 (PGBK) \/ CLI-8 (C\/M\/Y) Odav Print \u260e +372 5911 9495 \u2714\ufe0f Parim hind Analoog tintide komplekt Canon PGI-5 (PGBK) \/ CLI-8 (C\/M\/Y) jaoks \u26df Kiire kohaletoimetamine Eestis \u2b50 Garanteeritud\" \/>\n<meta property=\"og:url\" content=\"https:\/\/odavprint.ee\/et\/product\/analoog-tintide-komplekt-canon-pgi-5-pgbk-cli-8-c-m-y\/\" \/>\n<meta property=\"og:site_name\" content=\"Odav Print\" \/>\n<meta property=\"article:modified_time\" content=\"2022-04-20T08:17:46+00:00\" \/>\n<meta property=\"og:image\" content=\"https:\/\/odavprint.ee\/wp-content\/uploads\/2020\/02\/PGBK5CLI8CMY.jpg\" \/>\n\t<meta property=\"og:image:width\" content=\"544\" \/>\n\t<meta property=\"og:image:height\" content=\"479\" \/>\n\t<meta property=\"og:image:type\" content=\"image\/jpeg\" \/>\n<meta name=\"twitter:card\" content=\"summary_large_image\" \/>\n<meta name=\"twitter:label1\" content=\"Price\" \/>\n\t<meta name=\"twitter:data1\" content=\"&euro;9.60\" \/>\n\t<meta name=\"twitter:label2\" content=\"Availability\" \/>\n\t<meta name=\"twitter:data2\" content=\"In stock\" \/>\n<script type=\"application\/ld+json\" class=\"yoast-schema-graph\">{\"@context\":\"https:\/\/schema.org\",\"@graph\":[{\"@type\":[\"WebPage\",\"ItemPage\"],\"@id\":\"https:\/\/odavprint.ee\/et\/product\/analoog-tintide-komplekt-canon-pgi-5-pgbk-cli-8-c-m-y\/\",\"url\":\"https:\/\/odavprint.ee\/et\/product\/analoog-tintide-komplekt-canon-pgi-5-pgbk-cli-8-c-m-y\/\",\"name\":\"Analoog tintide komplekt Canon PGI-5 (PGBK) \/ CLI-8 (C\/M\/Y), hea hinnaga, osta e-pood - Odav Print\",\"isPartOf\":{\"@id\":\"https:\/\/odavprint.ee\/et\/#website\"},\"primaryImageOfPage\":{\"@id\":\"https:\/\/odavprint.ee\/et\/product\/analoog-tintide-komplekt-canon-pgi-5-pgbk-cli-8-c-m-y\/#primaryimage\"},\"image\":{\"@id\":\"https:\/\/odavprint.ee\/et\/product\/analoog-tintide-komplekt-canon-pgi-5-pgbk-cli-8-c-m-y\/#primaryimage\"},\"thumbnailUrl\":\"https:\/\/odavprint.ee\/wp-content\/uploads\/2020\/02\/PGBK5CLI8CMY.jpg\",\"datePublished\":\"2020-02-20T14:30:17+00:00\",\"dateModified\":\"2022-04-20T08:17:46+00:00\",\"description\":\"Osta Analoog tintide komplekt Canon PGI-5 (PGBK) \/ CLI-8 (C\/M\/Y) Odav Print \u260e +372 5911 9495 \u2714\ufe0f Parim hind Analoog tintide komplekt Canon PGI-5 (PGBK) \/ CLI-8 (C\/M\/Y) jaoks \u26df Kiire kohaletoimetamine Eestis \u2b50 Garanteeritud\",\"breadcrumb\":{\"@id\":\"https:\/\/odavprint.ee\/et\/product\/analoog-tintide-komplekt-canon-pgi-5-pgbk-cli-8-c-m-y\/#breadcrumb\"},\"inLanguage\":\"et\",\"potentialAction\":[{\"@type\":\"ReadAction\",\"target\":[\"https:\/\/odavprint.ee\/et\/product\/analoog-tintide-komplekt-canon-pgi-5-pgbk-cli-8-c-m-y\/\"]}]},{\"@type\":\"ImageObject\",\"inLanguage\":\"et\",\"@id\":\"https:\/\/odavprint.ee\/et\/product\/analoog-tintide-komplekt-canon-pgi-5-pgbk-cli-8-c-m-y\/#primaryimage\",\"url\":\"https:\/\/odavprint.ee\/wp-content\/uploads\/2020\/02\/PGBK5CLI8CMY.jpg\",\"contentUrl\":\"https:\/\/odavprint.ee\/wp-content\/uploads\/2020\/02\/PGBK5CLI8CMY.jpg\",\"width\":544,\"height\":479},{\"@type\":\"BreadcrumbList\",\"@id\":\"https:\/\/odavprint.ee\/et\/product\/analoog-tintide-komplekt-canon-pgi-5-pgbk-cli-8-c-m-y\/#breadcrumb\",\"itemListElement\":[{\"@type\":\"ListItem\",\"position\":1,\"name\":\"Home\",\"item\":\"https:\/\/odavprint.ee\/et\/esileht\/\"},{\"@type\":\"ListItem\",\"position\":2,\"name\":\"E-pood\",\"item\":\"https:\/\/odavprint.ee\/et\/shop\/\"},{\"@type\":\"ListItem\",\"position\":3,\"name\":\"Analoog tintide komplekt Canon PGI-5 (PGBK) \/ CLI-8 (C\/M\/Y)\"}]},{\"@type\":\"WebSite\",\"@id\":\"https:\/\/odavprint.ee\/et\/#website\",\"url\":\"https:\/\/odavprint.ee\/et\/\",\"name\":\"Odav Print\",\"description\":\"Just another WordPress site\",\"publisher\":{\"@id\":\"https:\/\/odavprint.ee\/et\/#organization\"},\"alternateName\":\"Kassettide, toonerite t\u00e4itmine ja m\u00fc\u00fck.\",\"potentialAction\":[{\"@type\":\"SearchAction\",\"target\":{\"@type\":\"EntryPoint\",\"urlTemplate\":\"https:\/\/odavprint.ee\/et\/?s={search_term_string}\"},\"query-input\":\"required name=search_term_string\"}],\"inLanguage\":\"et\"},{\"@type\":[\"Organization\",\"Place\"],\"@id\":\"https:\/\/odavprint.ee\/et\/#organization\",\"name\":\"Odav Print O\u00dc\",\"url\":\"https:\/\/odavprint.ee\/et\/\",\"logo\":{\"@id\":\"https:\/\/odavprint.ee\/et\/product\/analoog-tintide-komplekt-canon-pgi-5-pgbk-cli-8-c-m-y\/#local-main-organization-logo\"},\"image\":{\"@id\":\"https:\/\/odavprint.ee\/et\/product\/analoog-tintide-komplekt-canon-pgi-5-pgbk-cli-8-c-m-y\/#local-main-organization-logo\"},\"address\":{\"@id\":\"https:\/\/odavprint.ee\/et\/product\/analoog-tintide-komplekt-canon-pgi-5-pgbk-cli-8-c-m-y\/#local-main-place-address\"},\"geo\":{\"@type\":\"GeoCoordinates\",\"latitude\":\"59.4306504\",\"longitude\":\"24.8095743\"},\"telephone\":[\"53836926\"],\"openingHoursSpecification\":[{\"@type\":\"OpeningHoursSpecification\",\"dayOfWeek\":[\"Monday\",\"Tuesday\",\"Wednesday\",\"Thursday\",\"Friday\",\"Saturday\",\"Sunday\"],\"opens\":\"09:00\",\"closes\":\"17:00\"}],\"email\":\"info@odavprint.eu\"},{\"@type\":\"PostalAddress\",\"@id\":\"https:\/\/odavprint.ee\/et\/product\/analoog-tintide-komplekt-canon-pgi-5-pgbk-cli-8-c-m-y\/#local-main-place-address\",\"streetAddress\":\"Pae tn 28\",\"addressLocality\":\"Tallinn\",\"postalCode\":\"11415\",\"addressRegion\":\"Harjumaa\",\"addressCountry\":\"EE\"},{\"@type\":\"ImageObject\",\"inLanguage\":\"et\",\"@id\":\"https:\/\/odavprint.ee\/et\/product\/analoog-tintide-komplekt-canon-pgi-5-pgbk-cli-8-c-m-y\/#local-main-organization-logo\",\"url\":\"https:\/\/odavprint.ee\/wp-content\/uploads\/2018\/10\/odavprint-logo-240.jpg\",\"contentUrl\":\"https:\/\/odavprint.ee\/wp-content\/uploads\/2018\/10\/odavprint-logo-240.jpg\",\"width\":240,\"height\":36,\"caption\":\"Odav Print O\u00dc\"}]}<\/script>\n<meta property=\"product:price:amount\" content=\"9.60\" \/>\n<meta property=\"product:price:currency\" content=\"EUR\" \/>\n<meta property=\"og:availability\" content=\"instock\" \/>\n<meta property=\"product:availability\" content=\"instock\" \/>\n<meta property=\"product:condition\" content=\"new\" \/>\n<meta name=\"geo.placename\" content=\"Tallinn\" \/>\n<meta name=\"geo.position\" content=\"59.4306504;24.8095743\" \/>\n<meta name=\"geo.region\" content=\"Estonia\" \/>\n<!-- \/ Yoast SEO Premium plugin. -->","yoast_head_json":{"title":"Analoog tintide komplekt Canon PGI-5 (PGBK) \/ CLI-8 (C\/M\/Y), hea hinnaga, osta e-pood - Odav Print","description":"Osta Analoog tintide komplekt Canon PGI-5 (PGBK) \/ CLI-8 (C\/M\/Y) Odav Print \u260e +372 5911 9495 \u2714\ufe0f Parim hind Analoog tintide komplekt Canon PGI-5 (PGBK) \/ CLI-8 (C\/M\/Y) jaoks \u26df Kiire kohaletoimetamine Eestis \u2b50 Garanteeritud","robots":{"index":"index","follow":"follow","max-snippet":"max-snippet:-1","max-image-preview":"max-image-preview:large","max-video-preview":"max-video-preview:-1"},"canonical":"https:\/\/odavprint.ee\/et\/product\/analoog-tintide-komplekt-canon-pgi-5-pgbk-cli-8-c-m-y\/","og_locale":"et_EE","og_type":"article","og_title":"Analoog tintide komplekt Canon PGI-5 (PGBK) \/ CLI-8 (C\/M\/Y)","og_description":"Osta Analoog tintide komplekt Canon PGI-5 (PGBK) \/ CLI-8 (C\/M\/Y) Odav Print \u260e +372 5911 9495 \u2714\ufe0f Parim hind Analoog tintide komplekt Canon PGI-5 (PGBK) \/ CLI-8 (C\/M\/Y) jaoks \u26df Kiire kohaletoimetamine Eestis \u2b50 Garanteeritud","og_url":"https:\/\/odavprint.ee\/et\/product\/analoog-tintide-komplekt-canon-pgi-5-pgbk-cli-8-c-m-y\/","og_site_name":"Odav Print","article_modified_time":"2022-04-20T08:17:46+00:00","og_image":[{"width":544,"height":479,"url":"https:\/\/odavprint.ee\/wp-content\/uploads\/2020\/02\/PGBK5CLI8CMY.jpg","type":"image\/jpeg"}],"twitter_card":"summary_large_image","twitter_misc":{"Price":"&euro;9.60","Availability":"In stock"},"schema":{"@context":"https:\/\/schema.org","@graph":[{"@type":["WebPage","ItemPage"],"@id":"https:\/\/odavprint.ee\/et\/product\/analoog-tintide-komplekt-canon-pgi-5-pgbk-cli-8-c-m-y\/","url":"https:\/\/odavprint.ee\/et\/product\/analoog-tintide-komplekt-canon-pgi-5-pgbk-cli-8-c-m-y\/","name":"Analoog tintide komplekt Canon PGI-5 (PGBK) \/ CLI-8 (C\/M\/Y), hea hinnaga, osta e-pood - Odav Print","isPartOf":{"@id":"https:\/\/odavprint.ee\/et\/#website"},"primaryImageOfPage":{"@id":"https:\/\/odavprint.ee\/et\/product\/analoog-tintide-komplekt-canon-pgi-5-pgbk-cli-8-c-m-y\/#primaryimage"},"image":{"@id":"https:\/\/odavprint.ee\/et\/product\/analoog-tintide-komplekt-canon-pgi-5-pgbk-cli-8-c-m-y\/#primaryimage"},"thumbnailUrl":"https:\/\/odavprint.ee\/wp-content\/uploads\/2020\/02\/PGBK5CLI8CMY.jpg","datePublished":"2020-02-20T14:30:17+00:00","dateModified":"2022-04-20T08:17:46+00:00","description":"Osta Analoog tintide komplekt Canon PGI-5 (PGBK) \/ CLI-8 (C\/M\/Y) Odav Print \u260e +372 5911 9495 \u2714\ufe0f Parim hind Analoog tintide komplekt Canon PGI-5 (PGBK) \/ CLI-8 (C\/M\/Y) jaoks \u26df Kiire kohaletoimetamine Eestis \u2b50 Garanteeritud","breadcrumb":{"@id":"https:\/\/odavprint.ee\/et\/product\/analoog-tintide-komplekt-canon-pgi-5-pgbk-cli-8-c-m-y\/#breadcrumb"},"inLanguage":"et","potentialAction":[{"@type":"ReadAction","target":["https:\/\/odavprint.ee\/et\/product\/analoog-tintide-komplekt-canon-pgi-5-pgbk-cli-8-c-m-y\/"]}]},{"@type":"ImageObject","inLanguage":"et","@id":"https:\/\/odavprint.ee\/et\/product\/analoog-tintide-komplekt-canon-pgi-5-pgbk-cli-8-c-m-y\/#primaryimage","url":"https:\/\/odavprint.ee\/wp-content\/uploads\/2020\/02\/PGBK5CLI8CMY.jpg","contentUrl":"https:\/\/odavprint.ee\/wp-content\/uploads\/2020\/02\/PGBK5CLI8CMY.jpg","width":544,"height":479},{"@type":"BreadcrumbList","@id":"https:\/\/odavprint.ee\/et\/product\/analoog-tintide-komplekt-canon-pgi-5-pgbk-cli-8-c-m-y\/#breadcrumb","itemListElement":[{"@type":"ListItem","position":1,"name":"Home","item":"https:\/\/odavprint.ee\/et\/esileht\/"},{"@type":"ListItem","position":2,"name":"E-pood","item":"https:\/\/odavprint.ee\/et\/shop\/"},{"@type":"ListItem","position":3,"name":"Analoog tintide komplekt Canon PGI-5 (PGBK) \/ CLI-8 (C\/M\/Y)"}]},{"@type":"WebSite","@id":"https:\/\/odavprint.ee\/et\/#website","url":"https:\/\/odavprint.ee\/et\/","name":"Odav Print","description":"Just another WordPress site","publisher":{"@id":"https:\/\/odavprint.ee\/et\/#organization"},"alternateName":"Kassettide, toonerite t\u00e4itmine ja m\u00fc\u00fck.","potentialAction":[{"@type":"SearchAction","target":{"@type":"EntryPoint","urlTemplate":"https:\/\/odavprint.ee\/et\/?s={search_term_string}"},"query-input":"required name=search_term_string"}],"inLanguage":"et"},{"@type":["Organization","Place"],"@id":"https:\/\/odavprint.ee\/et\/#organization","name":"Odav Print O\u00dc","url":"https:\/\/odavprint.ee\/et\/","logo":{"@id":"https:\/\/odavprint.ee\/et\/product\/analoog-tintide-komplekt-canon-pgi-5-pgbk-cli-8-c-m-y\/#local-main-organization-logo"},"image":{"@id":"https:\/\/odavprint.ee\/et\/product\/analoog-tintide-komplekt-canon-pgi-5-pgbk-cli-8-c-m-y\/#local-main-organization-logo"},"address":{"@id":"https:\/\/odavprint.ee\/et\/product\/analoog-tintide-komplekt-canon-pgi-5-pgbk-cli-8-c-m-y\/#local-main-place-address"},"geo":{"@type":"GeoCoordinates","latitude":"59.4306504","longitude":"24.8095743"},"telephone":["53836926"],"openingHoursSpecification":[{"@type":"OpeningHoursSpecification","dayOfWeek":["Monday","Tuesday","Wednesday","Thursday","Friday","Saturday","Sunday"],"opens":"09:00","closes":"17:00"}],"email":"info@odavprint.eu"},{"@type":"PostalAddress","@id":"https:\/\/odavprint.ee\/et\/product\/analoog-tintide-komplekt-canon-pgi-5-pgbk-cli-8-c-m-y\/#local-main-place-address","streetAddress":"Pae tn 28","addressLocality":"Tallinn","postalCode":"11415","addressRegion":"Harjumaa","addressCountry":"EE"},{"@type":"ImageObject","inLanguage":"et","@id":"https:\/\/odavprint.ee\/et\/product\/analoog-tintide-komplekt-canon-pgi-5-pgbk-cli-8-c-m-y\/#local-main-organization-logo","url":"https:\/\/odavprint.ee\/wp-content\/uploads\/2018\/10\/odavprint-logo-240.jpg","contentUrl":"https:\/\/odavprint.ee\/wp-content\/uploads\/2018\/10\/odavprint-logo-240.jpg","width":240,"height":36,"caption":"Odav Print O\u00dc"}]},"product_price_amount":"9.60","product_price_currency":"EUR","og_availability":"instock","product_availability":"instock","product_condition":"new","geo.placename":"Tallinn","geo.position":{"lat":"59.4306504","long":"24.8095743"},"geo.region":"Estonia"},"_links":{"self":[{"href":"https:\/\/odavprint.ee\/et\/wp-json\/wp\/v2\/product\/25378"}],"collection":[{"href":"https:\/\/odavprint.ee\/et\/wp-json\/wp\/v2\/product"}],"about":[{"href":"https:\/\/odavprint.ee\/et\/wp-json\/wp\/v2\/types\/product"}],"wp:featuredmedia":[{"embeddable":true,"href":"https:\/\/odavprint.ee\/et\/wp-json\/wp\/v2\/media\/25384"}],"wp:attachment":[{"href":"https:\/\/odavprint.ee\/et\/wp-json\/wp\/v2\/media?parent=25378"}],"wp:term":[{"taxonomy":"product_cat","embeddable":true,"href":"https:\/\/odavprint.ee\/et\/wp-json\/wp\/v2\/product_cat?post=25378"},{"taxonomy":"product_tag","embeddable":true,"href":"https:\/\/odavprint.ee\/et\/wp-json\/wp\/v2\/product_tag?post=25378"}],"curies":[{"name":"wp","href":"https:\/\/api.w.org\/{rel}","templated":true}]}}