{"id":30997,"date":"2020-05-25T14:13:05","date_gmt":"2020-05-25T11:13:05","guid":{"rendered":"https:\/\/odavprint.ee\/product\/hp-cartridge-no-90x-black-ce390x\/"},"modified":"2020-05-25T14:13:09","modified_gmt":"2020-05-25T11:13:09","slug":"hp-cartridge-no-90x-black-ce390x","status":"publish","type":"product","link":"https:\/\/odavprint.ee\/et\/product\/hp-cartridge-no-90x-black-ce390x\/","title":{"rendered":"HP Cartridge No.90X Black (CE390X)"},"content":{"rendered":"<p>LaserJet M4555series, LaserJet Enterprise M4555series, LaserJet Enterprise M4500 Series, LaserJet Enterprise M602m, LaserJet Enterprise M603 Series, LaserJet Enterprise M603Xh, LaserJet Enterprise M602 Series, LaserJet Enterprise M602n, LaserJet Enterprise M603DN, LaserJet Enterprise M602DN, LaserJet Enterprise M602x, LaserJet Enterprise M603N<\/p>\n","protected":false},"excerpt":{"rendered":"<p>LaserJet M4555series, LaserJet Enterprise M4555series, LaserJet Enterprise M4500 Series, LaserJet Enterprise M602m, LaserJet Enterprise M603 Series, LaserJet Enterprise M603Xh, LaserJet Enterprise M602 Series, LaserJet Enterprise M602n, LaserJet Enterprise M603DN, LaserJet Enterprise M602DN, LaserJet Enterprise M602x, LaserJet Enterprise M603N<\/p>\n","protected":false},"featured_media":30998,"template":"","meta":{"inline_featured_image":false},"product_cat":[12832],"product_tag":[14893,14891,14899,14902,14896,14900,14903,14897,14901,14932,14898,14931],"yoast_head":"<!-- This site is optimized with the Yoast SEO Premium plugin v23.0 (Yoast SEO v23.0) - https:\/\/yoast.com\/wordpress\/plugins\/seo\/ -->\n<title>HP Cartridge No.90X Black (CE390X), hea hinnaga, osta e-pood - Odav Print<\/title>\n<meta name=\"description\" content=\"Osta HP Cartridge No.90X Black (CE390X) Odav Print \u260e +372 5911 9495 \u2714\ufe0f Parim hind HP Cartridge No.90X Black (CE390X) jaoks \u26df Kiire kohaletoimetamine Eestis \u2b50 Garanteeritud\" \/>\n<meta name=\"robots\" content=\"index, follow, max-snippet:-1, max-image-preview:large, max-video-preview:-1\" \/>\n<link rel=\"canonical\" href=\"https:\/\/odavprint.ee\/et\/product\/hp-cartridge-no-90x-black-ce390x\/\" \/>\n<meta property=\"og:locale\" content=\"et_EE\" \/>\n<meta property=\"og:type\" content=\"article\" \/>\n<meta property=\"og:title\" content=\"HP Cartridge No.90X Black (CE390X)\" \/>\n<meta property=\"og:description\" content=\"Osta HP Cartridge No.90X Black (CE390X) Odav Print \u260e +372 5911 9495 \u2714\ufe0f Parim hind HP Cartridge No.90X Black (CE390X) jaoks \u26df Kiire kohaletoimetamine Eestis \u2b50 Garanteeritud\" \/>\n<meta property=\"og:url\" content=\"https:\/\/odavprint.ee\/et\/product\/hp-cartridge-no-90x-black-ce390x\/\" \/>\n<meta property=\"og:site_name\" content=\"Odav Print\" \/>\n<meta property=\"article:modified_time\" content=\"2020-05-25T11:13:09+00:00\" \/>\n<meta property=\"og:image\" content=\"https:\/\/odavprint.ee\/wp-content\/uploads\/2020\/05\/ce390x.jpg\" \/>\n\t<meta property=\"og:image:width\" content=\"420\" \/>\n\t<meta property=\"og:image:height\" content=\"420\" \/>\n\t<meta property=\"og:image:type\" content=\"image\/jpeg\" \/>\n<meta name=\"twitter:card\" content=\"summary_large_image\" \/>\n<meta name=\"twitter:label1\" content=\"Price\" \/>\n\t<meta name=\"twitter:data1\" content=\"&euro;272.70\" \/>\n\t<meta name=\"twitter:label2\" content=\"Availability\" \/>\n\t<meta name=\"twitter:data2\" content=\"In stock\" \/>\n<script type=\"application\/ld+json\" class=\"yoast-schema-graph\">{\"@context\":\"https:\/\/schema.org\",\"@graph\":[{\"@type\":[\"WebPage\",\"ItemPage\"],\"@id\":\"https:\/\/odavprint.ee\/et\/product\/hp-cartridge-no-90x-black-ce390x\/\",\"url\":\"https:\/\/odavprint.ee\/et\/product\/hp-cartridge-no-90x-black-ce390x\/\",\"name\":\"HP Cartridge No.90X Black (CE390X), hea hinnaga, osta e-pood - Odav Print\",\"isPartOf\":{\"@id\":\"https:\/\/odavprint.ee\/et\/#website\"},\"primaryImageOfPage\":{\"@id\":\"https:\/\/odavprint.ee\/et\/product\/hp-cartridge-no-90x-black-ce390x\/#primaryimage\"},\"image\":{\"@id\":\"https:\/\/odavprint.ee\/et\/product\/hp-cartridge-no-90x-black-ce390x\/#primaryimage\"},\"thumbnailUrl\":\"https:\/\/odavprint.ee\/wp-content\/uploads\/2020\/05\/ce390x.jpg\",\"datePublished\":\"2020-05-25T11:13:05+00:00\",\"dateModified\":\"2020-05-25T11:13:09+00:00\",\"description\":\"Osta HP Cartridge No.90X Black (CE390X) Odav Print \u260e +372 5911 9495 \u2714\ufe0f Parim hind HP Cartridge No.90X Black (CE390X) jaoks \u26df Kiire kohaletoimetamine Eestis \u2b50 Garanteeritud\",\"breadcrumb\":{\"@id\":\"https:\/\/odavprint.ee\/et\/product\/hp-cartridge-no-90x-black-ce390x\/#breadcrumb\"},\"inLanguage\":\"et\",\"potentialAction\":[{\"@type\":\"ReadAction\",\"target\":[\"https:\/\/odavprint.ee\/et\/product\/hp-cartridge-no-90x-black-ce390x\/\"]}]},{\"@type\":\"ImageObject\",\"inLanguage\":\"et\",\"@id\":\"https:\/\/odavprint.ee\/et\/product\/hp-cartridge-no-90x-black-ce390x\/#primaryimage\",\"url\":\"https:\/\/odavprint.ee\/wp-content\/uploads\/2020\/05\/ce390x.jpg\",\"contentUrl\":\"https:\/\/odavprint.ee\/wp-content\/uploads\/2020\/05\/ce390x.jpg\",\"width\":420,\"height\":420},{\"@type\":\"BreadcrumbList\",\"@id\":\"https:\/\/odavprint.ee\/et\/product\/hp-cartridge-no-90x-black-ce390x\/#breadcrumb\",\"itemListElement\":[{\"@type\":\"ListItem\",\"position\":1,\"name\":\"Home\",\"item\":\"https:\/\/odavprint.ee\/et\/esileht\/\"},{\"@type\":\"ListItem\",\"position\":2,\"name\":\"E-pood\",\"item\":\"https:\/\/odavprint.ee\/et\/shop\/\"},{\"@type\":\"ListItem\",\"position\":3,\"name\":\"HP Cartridge No.90X Black (CE390X)\"}]},{\"@type\":\"WebSite\",\"@id\":\"https:\/\/odavprint.ee\/et\/#website\",\"url\":\"https:\/\/odavprint.ee\/et\/\",\"name\":\"Odav Print\",\"description\":\"Just another WordPress site\",\"publisher\":{\"@id\":\"https:\/\/odavprint.ee\/et\/#organization\"},\"alternateName\":\"Kassettide, toonerite t\u00e4itmine ja m\u00fc\u00fck.\",\"potentialAction\":[{\"@type\":\"SearchAction\",\"target\":{\"@type\":\"EntryPoint\",\"urlTemplate\":\"https:\/\/odavprint.ee\/et\/?s={search_term_string}\"},\"query-input\":\"required name=search_term_string\"}],\"inLanguage\":\"et\"},{\"@type\":[\"Organization\",\"Place\"],\"@id\":\"https:\/\/odavprint.ee\/et\/#organization\",\"name\":\"Odav Print O\u00dc\",\"url\":\"https:\/\/odavprint.ee\/et\/\",\"logo\":{\"@id\":\"https:\/\/odavprint.ee\/et\/product\/hp-cartridge-no-90x-black-ce390x\/#local-main-organization-logo\"},\"image\":{\"@id\":\"https:\/\/odavprint.ee\/et\/product\/hp-cartridge-no-90x-black-ce390x\/#local-main-organization-logo\"},\"address\":{\"@id\":\"https:\/\/odavprint.ee\/et\/product\/hp-cartridge-no-90x-black-ce390x\/#local-main-place-address\"},\"geo\":{\"@type\":\"GeoCoordinates\",\"latitude\":\"59.4306504\",\"longitude\":\"24.8095743\"},\"telephone\":[\"53836926\"],\"openingHoursSpecification\":[{\"@type\":\"OpeningHoursSpecification\",\"dayOfWeek\":[\"Monday\",\"Tuesday\",\"Wednesday\",\"Thursday\",\"Friday\",\"Saturday\",\"Sunday\"],\"opens\":\"09:00\",\"closes\":\"17:00\"}],\"email\":\"info@odavprint.eu\"},{\"@type\":\"PostalAddress\",\"@id\":\"https:\/\/odavprint.ee\/et\/product\/hp-cartridge-no-90x-black-ce390x\/#local-main-place-address\",\"streetAddress\":\"Pae tn 28\",\"addressLocality\":\"Tallinn\",\"postalCode\":\"11415\",\"addressRegion\":\"Harjumaa\",\"addressCountry\":\"EE\"},{\"@type\":\"ImageObject\",\"inLanguage\":\"et\",\"@id\":\"https:\/\/odavprint.ee\/et\/product\/hp-cartridge-no-90x-black-ce390x\/#local-main-organization-logo\",\"url\":\"https:\/\/odavprint.ee\/wp-content\/uploads\/2018\/10\/odavprint-logo-240.jpg\",\"contentUrl\":\"https:\/\/odavprint.ee\/wp-content\/uploads\/2018\/10\/odavprint-logo-240.jpg\",\"width\":240,\"height\":36,\"caption\":\"Odav Print O\u00dc\"}]}<\/script>\n<meta property=\"product:price:amount\" content=\"272.70\" \/>\n<meta property=\"product:price:currency\" content=\"EUR\" \/>\n<meta property=\"og:availability\" content=\"instock\" \/>\n<meta property=\"product:availability\" content=\"instock\" \/>\n<meta property=\"product:retailer_item_id\" content=\"CE390X\" \/>\n<meta property=\"product:condition\" content=\"new\" \/>\n<meta name=\"geo.placename\" content=\"Tallinn\" \/>\n<meta name=\"geo.position\" content=\"59.4306504;24.8095743\" \/>\n<meta name=\"geo.region\" content=\"Estonia\" \/>\n<!-- \/ Yoast SEO Premium plugin. -->","yoast_head_json":{"title":"HP Cartridge No.90X Black (CE390X), hea hinnaga, osta e-pood - Odav Print","description":"Osta HP Cartridge No.90X Black (CE390X) Odav Print \u260e +372 5911 9495 \u2714\ufe0f Parim hind HP Cartridge No.90X Black (CE390X) jaoks \u26df Kiire kohaletoimetamine Eestis \u2b50 Garanteeritud","robots":{"index":"index","follow":"follow","max-snippet":"max-snippet:-1","max-image-preview":"max-image-preview:large","max-video-preview":"max-video-preview:-1"},"canonical":"https:\/\/odavprint.ee\/et\/product\/hp-cartridge-no-90x-black-ce390x\/","og_locale":"et_EE","og_type":"article","og_title":"HP Cartridge No.90X Black (CE390X)","og_description":"Osta HP Cartridge No.90X Black (CE390X) Odav Print \u260e +372 5911 9495 \u2714\ufe0f Parim hind HP Cartridge No.90X Black (CE390X) jaoks \u26df Kiire kohaletoimetamine Eestis \u2b50 Garanteeritud","og_url":"https:\/\/odavprint.ee\/et\/product\/hp-cartridge-no-90x-black-ce390x\/","og_site_name":"Odav Print","article_modified_time":"2020-05-25T11:13:09+00:00","og_image":[{"width":420,"height":420,"url":"https:\/\/odavprint.ee\/wp-content\/uploads\/2020\/05\/ce390x.jpg","type":"image\/jpeg"}],"twitter_card":"summary_large_image","twitter_misc":{"Price":"&euro;272.70","Availability":"In stock"},"schema":{"@context":"https:\/\/schema.org","@graph":[{"@type":["WebPage","ItemPage"],"@id":"https:\/\/odavprint.ee\/et\/product\/hp-cartridge-no-90x-black-ce390x\/","url":"https:\/\/odavprint.ee\/et\/product\/hp-cartridge-no-90x-black-ce390x\/","name":"HP Cartridge No.90X Black (CE390X), hea hinnaga, osta e-pood - Odav Print","isPartOf":{"@id":"https:\/\/odavprint.ee\/et\/#website"},"primaryImageOfPage":{"@id":"https:\/\/odavprint.ee\/et\/product\/hp-cartridge-no-90x-black-ce390x\/#primaryimage"},"image":{"@id":"https:\/\/odavprint.ee\/et\/product\/hp-cartridge-no-90x-black-ce390x\/#primaryimage"},"thumbnailUrl":"https:\/\/odavprint.ee\/wp-content\/uploads\/2020\/05\/ce390x.jpg","datePublished":"2020-05-25T11:13:05+00:00","dateModified":"2020-05-25T11:13:09+00:00","description":"Osta HP Cartridge No.90X Black (CE390X) Odav Print \u260e +372 5911 9495 \u2714\ufe0f Parim hind HP Cartridge No.90X Black (CE390X) jaoks \u26df Kiire kohaletoimetamine Eestis \u2b50 Garanteeritud","breadcrumb":{"@id":"https:\/\/odavprint.ee\/et\/product\/hp-cartridge-no-90x-black-ce390x\/#breadcrumb"},"inLanguage":"et","potentialAction":[{"@type":"ReadAction","target":["https:\/\/odavprint.ee\/et\/product\/hp-cartridge-no-90x-black-ce390x\/"]}]},{"@type":"ImageObject","inLanguage":"et","@id":"https:\/\/odavprint.ee\/et\/product\/hp-cartridge-no-90x-black-ce390x\/#primaryimage","url":"https:\/\/odavprint.ee\/wp-content\/uploads\/2020\/05\/ce390x.jpg","contentUrl":"https:\/\/odavprint.ee\/wp-content\/uploads\/2020\/05\/ce390x.jpg","width":420,"height":420},{"@type":"BreadcrumbList","@id":"https:\/\/odavprint.ee\/et\/product\/hp-cartridge-no-90x-black-ce390x\/#breadcrumb","itemListElement":[{"@type":"ListItem","position":1,"name":"Home","item":"https:\/\/odavprint.ee\/et\/esileht\/"},{"@type":"ListItem","position":2,"name":"E-pood","item":"https:\/\/odavprint.ee\/et\/shop\/"},{"@type":"ListItem","position":3,"name":"HP Cartridge No.90X Black (CE390X)"}]},{"@type":"WebSite","@id":"https:\/\/odavprint.ee\/et\/#website","url":"https:\/\/odavprint.ee\/et\/","name":"Odav Print","description":"Just another WordPress site","publisher":{"@id":"https:\/\/odavprint.ee\/et\/#organization"},"alternateName":"Kassettide, toonerite t\u00e4itmine ja m\u00fc\u00fck.","potentialAction":[{"@type":"SearchAction","target":{"@type":"EntryPoint","urlTemplate":"https:\/\/odavprint.ee\/et\/?s={search_term_string}"},"query-input":"required name=search_term_string"}],"inLanguage":"et"},{"@type":["Organization","Place"],"@id":"https:\/\/odavprint.ee\/et\/#organization","name":"Odav Print O\u00dc","url":"https:\/\/odavprint.ee\/et\/","logo":{"@id":"https:\/\/odavprint.ee\/et\/product\/hp-cartridge-no-90x-black-ce390x\/#local-main-organization-logo"},"image":{"@id":"https:\/\/odavprint.ee\/et\/product\/hp-cartridge-no-90x-black-ce390x\/#local-main-organization-logo"},"address":{"@id":"https:\/\/odavprint.ee\/et\/product\/hp-cartridge-no-90x-black-ce390x\/#local-main-place-address"},"geo":{"@type":"GeoCoordinates","latitude":"59.4306504","longitude":"24.8095743"},"telephone":["53836926"],"openingHoursSpecification":[{"@type":"OpeningHoursSpecification","dayOfWeek":["Monday","Tuesday","Wednesday","Thursday","Friday","Saturday","Sunday"],"opens":"09:00","closes":"17:00"}],"email":"info@odavprint.eu"},{"@type":"PostalAddress","@id":"https:\/\/odavprint.ee\/et\/product\/hp-cartridge-no-90x-black-ce390x\/#local-main-place-address","streetAddress":"Pae tn 28","addressLocality":"Tallinn","postalCode":"11415","addressRegion":"Harjumaa","addressCountry":"EE"},{"@type":"ImageObject","inLanguage":"et","@id":"https:\/\/odavprint.ee\/et\/product\/hp-cartridge-no-90x-black-ce390x\/#local-main-organization-logo","url":"https:\/\/odavprint.ee\/wp-content\/uploads\/2018\/10\/odavprint-logo-240.jpg","contentUrl":"https:\/\/odavprint.ee\/wp-content\/uploads\/2018\/10\/odavprint-logo-240.jpg","width":240,"height":36,"caption":"Odav Print O\u00dc"}]},"product_price_amount":"272.70","product_price_currency":"EUR","og_availability":"instock","product_availability":"instock","product_retailer_item_id":"CE390X","product_condition":"new","geo.placename":"Tallinn","geo.position":{"lat":"59.4306504","long":"24.8095743"},"geo.region":"Estonia"},"_links":{"self":[{"href":"https:\/\/odavprint.ee\/et\/wp-json\/wp\/v2\/product\/30997"}],"collection":[{"href":"https:\/\/odavprint.ee\/et\/wp-json\/wp\/v2\/product"}],"about":[{"href":"https:\/\/odavprint.ee\/et\/wp-json\/wp\/v2\/types\/product"}],"wp:featuredmedia":[{"embeddable":true,"href":"https:\/\/odavprint.ee\/et\/wp-json\/wp\/v2\/media\/30998"}],"wp:attachment":[{"href":"https:\/\/odavprint.ee\/et\/wp-json\/wp\/v2\/media?parent=30997"}],"wp:term":[{"taxonomy":"product_cat","embeddable":true,"href":"https:\/\/odavprint.ee\/et\/wp-json\/wp\/v2\/product_cat?post=30997"},{"taxonomy":"product_tag","embeddable":true,"href":"https:\/\/odavprint.ee\/et\/wp-json\/wp\/v2\/product_tag?post=30997"}],"curies":[{"name":"wp","href":"https:\/\/api.w.org\/{rel}","templated":true}]}}