{"id":33049,"date":"2020-07-02T16:22:37","date_gmt":"2020-07-02T13:22:37","guid":{"rendered":"https:\/\/odavprint.ee\/product\/hp-ink-no-934xl-black-hc-c2p23ae\/"},"modified":"2024-12-23T14:34:28","modified_gmt":"2024-12-23T12:34:28","slug":"hp-ink-no-934xl-black-hc-c2p23ae","status":"publish","type":"product","link":"https:\/\/odavprint.ee\/et\/product\/hp-ink-no-934xl-black-hc-c2p23ae\/","title":{"rendered":"HP Ink No.934XL Black HC (C2P23AE)"},"content":{"rendered":"<p>OfficeJet Pro 6239, OfficeJet Pro 6235, OfficeJet Pro 6200 Series, OfficeJet 6822, DeskJet 6800 Series, OfficeJet 6825, OfficeJet 6812, OfficeJet 6815, OfficeJet 6820, OfficeJet Pro 6835, OfficeJet Pro 6830, OfficeJet Pro 6230<\/p>\n","protected":false},"excerpt":{"rendered":"<p>OfficeJet Pro 6239, OfficeJet Pro 6235, OfficeJet Pro 6200 Series, OfficeJet 6822, DeskJet 6800 Series, OfficeJet 6825, OfficeJet 6812, OfficeJet 6815, OfficeJet 6820, OfficeJet Pro 6835, OfficeJet Pro 6830, OfficeJet Pro 6230<\/p>\n","protected":false},"featured_media":33050,"template":"","meta":{"inline_featured_image":false},"product_cat":[10770],"product_tag":[15875,15877,15878,15879,15874,15876,15873,15882,15872,15871,15881,15880],"yoast_head":"<!-- This site is optimized with the Yoast SEO Premium plugin v23.0 (Yoast SEO v23.0) - https:\/\/yoast.com\/wordpress\/plugins\/seo\/ -->\n<title>HP Ink No.934XL Black HC (C2P23AE), hea hinnaga, osta e-pood - Odav Print<\/title>\n<meta name=\"description\" content=\"Osta HP Ink No.934XL Black HC (C2P23AE) Odav Print \u260e +372 5911 9495 \u2714\ufe0f Parim hind HP Ink No.934XL Black HC (C2P23AE) jaoks \u26df Kiire kohaletoimetamine Eestis \u2b50 Garanteeritud\" \/>\n<meta name=\"robots\" content=\"index, follow, max-snippet:-1, max-image-preview:large, max-video-preview:-1\" \/>\n<link rel=\"canonical\" href=\"https:\/\/odavprint.ee\/et\/product\/hp-ink-no-934xl-black-hc-c2p23ae\/\" \/>\n<meta property=\"og:locale\" content=\"et_EE\" \/>\n<meta property=\"og:type\" content=\"article\" \/>\n<meta property=\"og:title\" content=\"HP Ink No.934XL Black HC (C2P23AE)\" \/>\n<meta property=\"og:description\" content=\"Osta HP Ink No.934XL Black HC (C2P23AE) Odav Print \u260e +372 5911 9495 \u2714\ufe0f Parim hind HP Ink No.934XL Black HC (C2P23AE) jaoks \u26df Kiire kohaletoimetamine Eestis \u2b50 Garanteeritud\" \/>\n<meta property=\"og:url\" content=\"https:\/\/odavprint.ee\/et\/product\/hp-ink-no-934xl-black-hc-c2p23ae\/\" \/>\n<meta property=\"og:site_name\" content=\"Odav Print\" \/>\n<meta property=\"article:modified_time\" content=\"2024-12-23T12:34:28+00:00\" \/>\n<meta property=\"og:image\" content=\"https:\/\/odavprint.ee\/wp-content\/uploads\/2020\/07\/c2p23ae.jpg\" \/>\n\t<meta property=\"og:image:width\" content=\"475\" \/>\n\t<meta property=\"og:image:height\" content=\"475\" \/>\n\t<meta property=\"og:image:type\" content=\"image\/jpeg\" \/>\n<meta name=\"twitter:card\" content=\"summary_large_image\" \/>\n<meta name=\"twitter:label1\" content=\"Price\" \/>\n\t<meta name=\"twitter:data1\" content=\"&euro;52.30\" \/>\n\t<meta name=\"twitter:label2\" content=\"Availability\" \/>\n\t<meta name=\"twitter:data2\" content=\"In stock\" \/>\n<script type=\"application\/ld+json\" class=\"yoast-schema-graph\">{\"@context\":\"https:\/\/schema.org\",\"@graph\":[{\"@type\":[\"WebPage\",\"ItemPage\"],\"@id\":\"https:\/\/odavprint.ee\/et\/product\/hp-ink-no-934xl-black-hc-c2p23ae\/\",\"url\":\"https:\/\/odavprint.ee\/et\/product\/hp-ink-no-934xl-black-hc-c2p23ae\/\",\"name\":\"HP Ink No.934XL Black HC (C2P23AE), hea hinnaga, osta e-pood - Odav Print\",\"isPartOf\":{\"@id\":\"https:\/\/odavprint.ee\/et\/#website\"},\"primaryImageOfPage\":{\"@id\":\"https:\/\/odavprint.ee\/et\/product\/hp-ink-no-934xl-black-hc-c2p23ae\/#primaryimage\"},\"image\":{\"@id\":\"https:\/\/odavprint.ee\/et\/product\/hp-ink-no-934xl-black-hc-c2p23ae\/#primaryimage\"},\"thumbnailUrl\":\"https:\/\/odavprint.ee\/wp-content\/uploads\/2020\/07\/c2p23ae.jpg\",\"datePublished\":\"2020-07-02T13:22:37+00:00\",\"dateModified\":\"2024-12-23T12:34:28+00:00\",\"description\":\"Osta HP Ink No.934XL Black HC (C2P23AE) Odav Print \u260e +372 5911 9495 \u2714\ufe0f Parim hind HP Ink No.934XL Black HC (C2P23AE) jaoks \u26df Kiire kohaletoimetamine Eestis \u2b50 Garanteeritud\",\"breadcrumb\":{\"@id\":\"https:\/\/odavprint.ee\/et\/product\/hp-ink-no-934xl-black-hc-c2p23ae\/#breadcrumb\"},\"inLanguage\":\"et\",\"potentialAction\":[{\"@type\":\"ReadAction\",\"target\":[\"https:\/\/odavprint.ee\/et\/product\/hp-ink-no-934xl-black-hc-c2p23ae\/\"]}]},{\"@type\":\"ImageObject\",\"inLanguage\":\"et\",\"@id\":\"https:\/\/odavprint.ee\/et\/product\/hp-ink-no-934xl-black-hc-c2p23ae\/#primaryimage\",\"url\":\"https:\/\/odavprint.ee\/wp-content\/uploads\/2020\/07\/c2p23ae.jpg\",\"contentUrl\":\"https:\/\/odavprint.ee\/wp-content\/uploads\/2020\/07\/c2p23ae.jpg\",\"width\":475,\"height\":475},{\"@type\":\"BreadcrumbList\",\"@id\":\"https:\/\/odavprint.ee\/et\/product\/hp-ink-no-934xl-black-hc-c2p23ae\/#breadcrumb\",\"itemListElement\":[{\"@type\":\"ListItem\",\"position\":1,\"name\":\"Home\",\"item\":\"https:\/\/odavprint.ee\/et\/esileht\/\"},{\"@type\":\"ListItem\",\"position\":2,\"name\":\"E-pood\",\"item\":\"https:\/\/odavprint.ee\/et\/shop\/\"},{\"@type\":\"ListItem\",\"position\":3,\"name\":\"HP Ink No.934XL Black HC (C2P23AE)\"}]},{\"@type\":\"WebSite\",\"@id\":\"https:\/\/odavprint.ee\/et\/#website\",\"url\":\"https:\/\/odavprint.ee\/et\/\",\"name\":\"Odav Print\",\"description\":\"Just another WordPress site\",\"publisher\":{\"@id\":\"https:\/\/odavprint.ee\/et\/#organization\"},\"alternateName\":\"Kassettide, toonerite t\u00e4itmine ja m\u00fc\u00fck.\",\"potentialAction\":[{\"@type\":\"SearchAction\",\"target\":{\"@type\":\"EntryPoint\",\"urlTemplate\":\"https:\/\/odavprint.ee\/et\/?s={search_term_string}\"},\"query-input\":\"required name=search_term_string\"}],\"inLanguage\":\"et\"},{\"@type\":[\"Organization\",\"Place\"],\"@id\":\"https:\/\/odavprint.ee\/et\/#organization\",\"name\":\"Odav Print O\u00dc\",\"url\":\"https:\/\/odavprint.ee\/et\/\",\"logo\":{\"@id\":\"https:\/\/odavprint.ee\/et\/product\/hp-ink-no-934xl-black-hc-c2p23ae\/#local-main-organization-logo\"},\"image\":{\"@id\":\"https:\/\/odavprint.ee\/et\/product\/hp-ink-no-934xl-black-hc-c2p23ae\/#local-main-organization-logo\"},\"address\":{\"@id\":\"https:\/\/odavprint.ee\/et\/product\/hp-ink-no-934xl-black-hc-c2p23ae\/#local-main-place-address\"},\"geo\":{\"@type\":\"GeoCoordinates\",\"latitude\":\"59.4306504\",\"longitude\":\"24.8095743\"},\"telephone\":[\"53836926\"],\"openingHoursSpecification\":[{\"@type\":\"OpeningHoursSpecification\",\"dayOfWeek\":[\"Monday\",\"Tuesday\",\"Wednesday\",\"Thursday\",\"Friday\",\"Saturday\",\"Sunday\"],\"opens\":\"09:00\",\"closes\":\"17:00\"}],\"email\":\"info@odavprint.eu\"},{\"@type\":\"PostalAddress\",\"@id\":\"https:\/\/odavprint.ee\/et\/product\/hp-ink-no-934xl-black-hc-c2p23ae\/#local-main-place-address\",\"streetAddress\":\"Pae tn 28\",\"addressLocality\":\"Tallinn\",\"postalCode\":\"11415\",\"addressRegion\":\"Harjumaa\",\"addressCountry\":\"EE\"},{\"@type\":\"ImageObject\",\"inLanguage\":\"et\",\"@id\":\"https:\/\/odavprint.ee\/et\/product\/hp-ink-no-934xl-black-hc-c2p23ae\/#local-main-organization-logo\",\"url\":\"https:\/\/odavprint.ee\/wp-content\/uploads\/2018\/10\/odavprint-logo-240.jpg\",\"contentUrl\":\"https:\/\/odavprint.ee\/wp-content\/uploads\/2018\/10\/odavprint-logo-240.jpg\",\"width\":240,\"height\":36,\"caption\":\"Odav Print O\u00dc\"}]}<\/script>\n<meta property=\"product:price:amount\" content=\"52.30\" \/>\n<meta property=\"product:price:currency\" content=\"EUR\" \/>\n<meta property=\"og:availability\" content=\"instock\" \/>\n<meta property=\"product:availability\" content=\"instock\" \/>\n<meta property=\"product:retailer_item_id\" content=\"C2P23AE\" \/>\n<meta property=\"product:condition\" content=\"new\" \/>\n<meta name=\"geo.placename\" content=\"Tallinn\" \/>\n<meta name=\"geo.position\" content=\"59.4306504;24.8095743\" \/>\n<meta name=\"geo.region\" content=\"Estonia\" \/>\n<!-- \/ Yoast SEO Premium plugin. -->","yoast_head_json":{"title":"HP Ink No.934XL Black HC (C2P23AE), hea hinnaga, osta e-pood - Odav Print","description":"Osta HP Ink No.934XL Black HC (C2P23AE) Odav Print \u260e +372 5911 9495 \u2714\ufe0f Parim hind HP Ink No.934XL Black HC (C2P23AE) jaoks \u26df Kiire kohaletoimetamine Eestis \u2b50 Garanteeritud","robots":{"index":"index","follow":"follow","max-snippet":"max-snippet:-1","max-image-preview":"max-image-preview:large","max-video-preview":"max-video-preview:-1"},"canonical":"https:\/\/odavprint.ee\/et\/product\/hp-ink-no-934xl-black-hc-c2p23ae\/","og_locale":"et_EE","og_type":"article","og_title":"HP Ink No.934XL Black HC (C2P23AE)","og_description":"Osta HP Ink No.934XL Black HC (C2P23AE) Odav Print \u260e +372 5911 9495 \u2714\ufe0f Parim hind HP Ink No.934XL Black HC (C2P23AE) jaoks \u26df Kiire kohaletoimetamine Eestis \u2b50 Garanteeritud","og_url":"https:\/\/odavprint.ee\/et\/product\/hp-ink-no-934xl-black-hc-c2p23ae\/","og_site_name":"Odav Print","article_modified_time":"2024-12-23T12:34:28+00:00","og_image":[{"width":475,"height":475,"url":"https:\/\/odavprint.ee\/wp-content\/uploads\/2020\/07\/c2p23ae.jpg","type":"image\/jpeg"}],"twitter_card":"summary_large_image","twitter_misc":{"Price":"&euro;52.30","Availability":"In stock"},"schema":{"@context":"https:\/\/schema.org","@graph":[{"@type":["WebPage","ItemPage"],"@id":"https:\/\/odavprint.ee\/et\/product\/hp-ink-no-934xl-black-hc-c2p23ae\/","url":"https:\/\/odavprint.ee\/et\/product\/hp-ink-no-934xl-black-hc-c2p23ae\/","name":"HP Ink No.934XL Black HC (C2P23AE), hea hinnaga, osta e-pood - Odav Print","isPartOf":{"@id":"https:\/\/odavprint.ee\/et\/#website"},"primaryImageOfPage":{"@id":"https:\/\/odavprint.ee\/et\/product\/hp-ink-no-934xl-black-hc-c2p23ae\/#primaryimage"},"image":{"@id":"https:\/\/odavprint.ee\/et\/product\/hp-ink-no-934xl-black-hc-c2p23ae\/#primaryimage"},"thumbnailUrl":"https:\/\/odavprint.ee\/wp-content\/uploads\/2020\/07\/c2p23ae.jpg","datePublished":"2020-07-02T13:22:37+00:00","dateModified":"2024-12-23T12:34:28+00:00","description":"Osta HP Ink No.934XL Black HC (C2P23AE) Odav Print \u260e +372 5911 9495 \u2714\ufe0f Parim hind HP Ink No.934XL Black HC (C2P23AE) jaoks \u26df Kiire kohaletoimetamine Eestis \u2b50 Garanteeritud","breadcrumb":{"@id":"https:\/\/odavprint.ee\/et\/product\/hp-ink-no-934xl-black-hc-c2p23ae\/#breadcrumb"},"inLanguage":"et","potentialAction":[{"@type":"ReadAction","target":["https:\/\/odavprint.ee\/et\/product\/hp-ink-no-934xl-black-hc-c2p23ae\/"]}]},{"@type":"ImageObject","inLanguage":"et","@id":"https:\/\/odavprint.ee\/et\/product\/hp-ink-no-934xl-black-hc-c2p23ae\/#primaryimage","url":"https:\/\/odavprint.ee\/wp-content\/uploads\/2020\/07\/c2p23ae.jpg","contentUrl":"https:\/\/odavprint.ee\/wp-content\/uploads\/2020\/07\/c2p23ae.jpg","width":475,"height":475},{"@type":"BreadcrumbList","@id":"https:\/\/odavprint.ee\/et\/product\/hp-ink-no-934xl-black-hc-c2p23ae\/#breadcrumb","itemListElement":[{"@type":"ListItem","position":1,"name":"Home","item":"https:\/\/odavprint.ee\/et\/esileht\/"},{"@type":"ListItem","position":2,"name":"E-pood","item":"https:\/\/odavprint.ee\/et\/shop\/"},{"@type":"ListItem","position":3,"name":"HP Ink No.934XL Black HC (C2P23AE)"}]},{"@type":"WebSite","@id":"https:\/\/odavprint.ee\/et\/#website","url":"https:\/\/odavprint.ee\/et\/","name":"Odav Print","description":"Just another WordPress site","publisher":{"@id":"https:\/\/odavprint.ee\/et\/#organization"},"alternateName":"Kassettide, toonerite t\u00e4itmine ja m\u00fc\u00fck.","potentialAction":[{"@type":"SearchAction","target":{"@type":"EntryPoint","urlTemplate":"https:\/\/odavprint.ee\/et\/?s={search_term_string}"},"query-input":"required name=search_term_string"}],"inLanguage":"et"},{"@type":["Organization","Place"],"@id":"https:\/\/odavprint.ee\/et\/#organization","name":"Odav Print O\u00dc","url":"https:\/\/odavprint.ee\/et\/","logo":{"@id":"https:\/\/odavprint.ee\/et\/product\/hp-ink-no-934xl-black-hc-c2p23ae\/#local-main-organization-logo"},"image":{"@id":"https:\/\/odavprint.ee\/et\/product\/hp-ink-no-934xl-black-hc-c2p23ae\/#local-main-organization-logo"},"address":{"@id":"https:\/\/odavprint.ee\/et\/product\/hp-ink-no-934xl-black-hc-c2p23ae\/#local-main-place-address"},"geo":{"@type":"GeoCoordinates","latitude":"59.4306504","longitude":"24.8095743"},"telephone":["53836926"],"openingHoursSpecification":[{"@type":"OpeningHoursSpecification","dayOfWeek":["Monday","Tuesday","Wednesday","Thursday","Friday","Saturday","Sunday"],"opens":"09:00","closes":"17:00"}],"email":"info@odavprint.eu"},{"@type":"PostalAddress","@id":"https:\/\/odavprint.ee\/et\/product\/hp-ink-no-934xl-black-hc-c2p23ae\/#local-main-place-address","streetAddress":"Pae tn 28","addressLocality":"Tallinn","postalCode":"11415","addressRegion":"Harjumaa","addressCountry":"EE"},{"@type":"ImageObject","inLanguage":"et","@id":"https:\/\/odavprint.ee\/et\/product\/hp-ink-no-934xl-black-hc-c2p23ae\/#local-main-organization-logo","url":"https:\/\/odavprint.ee\/wp-content\/uploads\/2018\/10\/odavprint-logo-240.jpg","contentUrl":"https:\/\/odavprint.ee\/wp-content\/uploads\/2018\/10\/odavprint-logo-240.jpg","width":240,"height":36,"caption":"Odav Print O\u00dc"}]},"product_price_amount":"52.30","product_price_currency":"EUR","og_availability":"instock","product_availability":"instock","product_retailer_item_id":"C2P23AE","product_condition":"new","geo.placename":"Tallinn","geo.position":{"lat":"59.4306504","long":"24.8095743"},"geo.region":"Estonia"},"_links":{"self":[{"href":"https:\/\/odavprint.ee\/et\/wp-json\/wp\/v2\/product\/33049"}],"collection":[{"href":"https:\/\/odavprint.ee\/et\/wp-json\/wp\/v2\/product"}],"about":[{"href":"https:\/\/odavprint.ee\/et\/wp-json\/wp\/v2\/types\/product"}],"wp:featuredmedia":[{"embeddable":true,"href":"https:\/\/odavprint.ee\/et\/wp-json\/wp\/v2\/media\/33050"}],"wp:attachment":[{"href":"https:\/\/odavprint.ee\/et\/wp-json\/wp\/v2\/media?parent=33049"}],"wp:term":[{"taxonomy":"product_cat","embeddable":true,"href":"https:\/\/odavprint.ee\/et\/wp-json\/wp\/v2\/product_cat?post=33049"},{"taxonomy":"product_tag","embeddable":true,"href":"https:\/\/odavprint.ee\/et\/wp-json\/wp\/v2\/product_tag?post=33049"}],"curies":[{"name":"wp","href":"https:\/\/api.w.org\/{rel}","templated":true}]}}