{"id":33816,"date":"2020-08-06T17:21:23","date_gmt":"2020-08-06T14:21:23","guid":{"rendered":"https:\/\/odavprint.ee\/product\/lexmark-cartridge-yellow-5k-c5240yh-2\/"},"modified":"2020-08-06T17:21:23","modified_gmt":"2020-08-06T14:21:23","slug":"lexmark-cartridge-yellow-5k-c5240yh-2","status":"publish","type":"product","link":"https:\/\/odavprint.ee\/et\/product\/lexmark-cartridge-yellow-5k-c5240yh-2\/","title":{"rendered":"Lexmark Cartridge Yellow 5k (C5240YH)"},"content":{"rendered":"<p><strong>Tinka spausdintuvams:<\/strong><\/p>\n<p>Lexmark C524<br \/>\nLexmark C524dn<br \/>\nLexmark C524dtn<br \/>\nLexmark C524n<br \/>\nLexmark C532n<br \/>\nLexmark C534DN<br \/>\nLexmark C534dtn<br \/>\nLexmark C534N<br \/>\nLexmark C524 Series<br \/>\nLexmark C532 Series<br \/>\nLexmark C534 Series<br \/>\nLexmark Optra C524<br \/>\nLexmark Optra C524DN<br \/>\nLexmark Optra C524DTN<br \/>\nLexmark Optra C524N<br \/>\nLexmark Optra C532DN<br \/>\nLexmark Optra C532N<br \/>\nLexmark Optra C534DN<br \/>\nLexmark Optra C534DTN<br \/>\nLexmark Optra C534N<\/p>\n","protected":false},"excerpt":{"rendered":"<p>Tinka spausdintuvams: Lexmark C524 Lexmark C524dn Lexmark C524dtn Lexmark C524n Lexmark C532n Lexmark C534DN Lexmark C534dtn Lexmark C534N Lexmark C524 Series Lexmark C532 Series Lexmark C534 Series Lexmark Optra C524 Lexmark Optra C524DN Lexmark Optra C524DTN Lexmark Optra C524N Lexmark Optra C532DN Lexmark Optra C532N Lexmark Optra C534DN Lexmark Optra C534DTN Lexmark Optra C534N<\/p>\n","protected":false},"featured_media":33817,"template":"","meta":{"inline_featured_image":false},"product_cat":[12832],"product_tag":[15918,15896,15917,15916,15915,15899,15913,15898,15914,15897,15909,15912,15911,15910,15908,15907,15906,15905,15904,15903,15902,15901,15900],"yoast_head":"<!-- This site is optimized with the Yoast SEO Premium plugin v23.0 (Yoast SEO v23.0) - https:\/\/yoast.com\/wordpress\/plugins\/seo\/ -->\n<title>Lexmark Cartridge Yellow 5k (C5240YH), hea hinnaga, osta e-pood - Odav Print<\/title>\n<meta name=\"description\" content=\"Osta Lexmark Cartridge Yellow 5k (C5240YH) Odav Print \u260e +372 5911 9495 \u2714\ufe0f Parim hind Lexmark Cartridge Yellow 5k (C5240YH) jaoks \u26df Kiire kohaletoimetamine Eestis \u2b50 Garanteeritud\" \/>\n<meta name=\"robots\" content=\"index, follow, max-snippet:-1, max-image-preview:large, max-video-preview:-1\" \/>\n<link rel=\"canonical\" href=\"https:\/\/odavprint.ee\/et\/product\/lexmark-cartridge-yellow-5k-c5240yh-2\/\" \/>\n<meta property=\"og:locale\" content=\"et_EE\" \/>\n<meta property=\"og:type\" content=\"article\" \/>\n<meta property=\"og:title\" content=\"Lexmark Cartridge Yellow 5k (C5240YH)\" \/>\n<meta property=\"og:description\" content=\"Osta Lexmark Cartridge Yellow 5k (C5240YH) Odav Print \u260e +372 5911 9495 \u2714\ufe0f Parim hind Lexmark Cartridge Yellow 5k (C5240YH) jaoks \u26df Kiire kohaletoimetamine Eestis \u2b50 Garanteeritud\" \/>\n<meta property=\"og:url\" content=\"https:\/\/odavprint.ee\/et\/product\/lexmark-cartridge-yellow-5k-c5240yh-2\/\" \/>\n<meta property=\"og:site_name\" content=\"Odav Print\" \/>\n<meta property=\"og:image\" content=\"https:\/\/odavprint.ee\/wp-content\/uploads\/2020\/08\/c5240yh.jpg\" \/>\n\t<meta property=\"og:image:width\" content=\"330\" \/>\n\t<meta property=\"og:image:height\" content=\"250\" \/>\n\t<meta property=\"og:image:type\" content=\"image\/jpeg\" \/>\n<meta name=\"twitter:card\" content=\"summary_large_image\" \/>\n<meta name=\"twitter:label1\" content=\"Price\" \/>\n\t<meta name=\"twitter:data1\" content=\"&euro;28.10\" \/>\n\t<meta name=\"twitter:label2\" content=\"Availability\" \/>\n\t<meta name=\"twitter:data2\" content=\"In stock\" \/>\n<script type=\"application\/ld+json\" class=\"yoast-schema-graph\">{\"@context\":\"https:\/\/schema.org\",\"@graph\":[{\"@type\":[\"WebPage\",\"ItemPage\"],\"@id\":\"https:\/\/odavprint.ee\/et\/product\/lexmark-cartridge-yellow-5k-c5240yh-2\/\",\"url\":\"https:\/\/odavprint.ee\/et\/product\/lexmark-cartridge-yellow-5k-c5240yh-2\/\",\"name\":\"Lexmark Cartridge Yellow 5k (C5240YH), hea hinnaga, osta e-pood - Odav Print\",\"isPartOf\":{\"@id\":\"https:\/\/odavprint.ee\/et\/#website\"},\"primaryImageOfPage\":{\"@id\":\"https:\/\/odavprint.ee\/et\/product\/lexmark-cartridge-yellow-5k-c5240yh-2\/#primaryimage\"},\"image\":{\"@id\":\"https:\/\/odavprint.ee\/et\/product\/lexmark-cartridge-yellow-5k-c5240yh-2\/#primaryimage\"},\"thumbnailUrl\":\"https:\/\/odavprint.ee\/wp-content\/uploads\/2020\/08\/c5240yh.jpg\",\"datePublished\":\"2020-08-06T14:21:23+00:00\",\"dateModified\":\"2020-08-06T14:21:23+00:00\",\"description\":\"Osta Lexmark Cartridge Yellow 5k (C5240YH) Odav Print \u260e +372 5911 9495 \u2714\ufe0f Parim hind Lexmark Cartridge Yellow 5k (C5240YH) jaoks \u26df Kiire kohaletoimetamine Eestis \u2b50 Garanteeritud\",\"breadcrumb\":{\"@id\":\"https:\/\/odavprint.ee\/et\/product\/lexmark-cartridge-yellow-5k-c5240yh-2\/#breadcrumb\"},\"inLanguage\":\"et\",\"potentialAction\":[{\"@type\":\"ReadAction\",\"target\":[\"https:\/\/odavprint.ee\/et\/product\/lexmark-cartridge-yellow-5k-c5240yh-2\/\"]}]},{\"@type\":\"ImageObject\",\"inLanguage\":\"et\",\"@id\":\"https:\/\/odavprint.ee\/et\/product\/lexmark-cartridge-yellow-5k-c5240yh-2\/#primaryimage\",\"url\":\"https:\/\/odavprint.ee\/wp-content\/uploads\/2020\/08\/c5240yh.jpg\",\"contentUrl\":\"https:\/\/odavprint.ee\/wp-content\/uploads\/2020\/08\/c5240yh.jpg\",\"width\":330,\"height\":250},{\"@type\":\"BreadcrumbList\",\"@id\":\"https:\/\/odavprint.ee\/et\/product\/lexmark-cartridge-yellow-5k-c5240yh-2\/#breadcrumb\",\"itemListElement\":[{\"@type\":\"ListItem\",\"position\":1,\"name\":\"Home\",\"item\":\"https:\/\/odavprint.ee\/et\/esileht\/\"},{\"@type\":\"ListItem\",\"position\":2,\"name\":\"E-pood\",\"item\":\"https:\/\/odavprint.ee\/et\/shop\/\"},{\"@type\":\"ListItem\",\"position\":3,\"name\":\"Lexmark Cartridge Yellow 5k (C5240YH)\"}]},{\"@type\":\"WebSite\",\"@id\":\"https:\/\/odavprint.ee\/et\/#website\",\"url\":\"https:\/\/odavprint.ee\/et\/\",\"name\":\"Odav Print\",\"description\":\"Just another WordPress site\",\"publisher\":{\"@id\":\"https:\/\/odavprint.ee\/et\/#organization\"},\"alternateName\":\"Kassettide, toonerite t\u00e4itmine ja m\u00fc\u00fck.\",\"potentialAction\":[{\"@type\":\"SearchAction\",\"target\":{\"@type\":\"EntryPoint\",\"urlTemplate\":\"https:\/\/odavprint.ee\/et\/?s={search_term_string}\"},\"query-input\":\"required name=search_term_string\"}],\"inLanguage\":\"et\"},{\"@type\":[\"Organization\",\"Place\"],\"@id\":\"https:\/\/odavprint.ee\/et\/#organization\",\"name\":\"Odav Print O\u00dc\",\"url\":\"https:\/\/odavprint.ee\/et\/\",\"logo\":{\"@id\":\"https:\/\/odavprint.ee\/et\/product\/lexmark-cartridge-yellow-5k-c5240yh-2\/#local-main-organization-logo\"},\"image\":{\"@id\":\"https:\/\/odavprint.ee\/et\/product\/lexmark-cartridge-yellow-5k-c5240yh-2\/#local-main-organization-logo\"},\"address\":{\"@id\":\"https:\/\/odavprint.ee\/et\/product\/lexmark-cartridge-yellow-5k-c5240yh-2\/#local-main-place-address\"},\"geo\":{\"@type\":\"GeoCoordinates\",\"latitude\":\"59.4306504\",\"longitude\":\"24.8095743\"},\"telephone\":[\"53836926\"],\"openingHoursSpecification\":[{\"@type\":\"OpeningHoursSpecification\",\"dayOfWeek\":[\"Monday\",\"Tuesday\",\"Wednesday\",\"Thursday\",\"Friday\",\"Saturday\",\"Sunday\"],\"opens\":\"09:00\",\"closes\":\"17:00\"}],\"email\":\"info@odavprint.eu\"},{\"@type\":\"PostalAddress\",\"@id\":\"https:\/\/odavprint.ee\/et\/product\/lexmark-cartridge-yellow-5k-c5240yh-2\/#local-main-place-address\",\"streetAddress\":\"Pae tn 28\",\"addressLocality\":\"Tallinn\",\"postalCode\":\"11415\",\"addressRegion\":\"Harjumaa\",\"addressCountry\":\"EE\"},{\"@type\":\"ImageObject\",\"inLanguage\":\"et\",\"@id\":\"https:\/\/odavprint.ee\/et\/product\/lexmark-cartridge-yellow-5k-c5240yh-2\/#local-main-organization-logo\",\"url\":\"https:\/\/odavprint.ee\/wp-content\/uploads\/2018\/10\/odavprint-logo-240.jpg\",\"contentUrl\":\"https:\/\/odavprint.ee\/wp-content\/uploads\/2018\/10\/odavprint-logo-240.jpg\",\"width\":240,\"height\":36,\"caption\":\"Odav Print O\u00dc\"}]}<\/script>\n<meta property=\"product:price:amount\" content=\"28.10\" \/>\n<meta property=\"product:price:currency\" content=\"EUR\" \/>\n<meta property=\"og:availability\" content=\"instock\" \/>\n<meta property=\"product:availability\" content=\"instock\" \/>\n<meta property=\"product:retailer_item_id\" content=\"C5240YH\/EOL\" \/>\n<meta property=\"product:condition\" content=\"new\" \/>\n<meta name=\"geo.placename\" content=\"Tallinn\" \/>\n<meta name=\"geo.position\" content=\"59.4306504;24.8095743\" \/>\n<meta name=\"geo.region\" content=\"Estonia\" \/>\n<!-- \/ Yoast SEO Premium plugin. -->","yoast_head_json":{"title":"Lexmark Cartridge Yellow 5k (C5240YH), hea hinnaga, osta e-pood - Odav Print","description":"Osta Lexmark Cartridge Yellow 5k (C5240YH) Odav Print \u260e +372 5911 9495 \u2714\ufe0f Parim hind Lexmark Cartridge Yellow 5k (C5240YH) jaoks \u26df Kiire kohaletoimetamine Eestis \u2b50 Garanteeritud","robots":{"index":"index","follow":"follow","max-snippet":"max-snippet:-1","max-image-preview":"max-image-preview:large","max-video-preview":"max-video-preview:-1"},"canonical":"https:\/\/odavprint.ee\/et\/product\/lexmark-cartridge-yellow-5k-c5240yh-2\/","og_locale":"et_EE","og_type":"article","og_title":"Lexmark Cartridge Yellow 5k (C5240YH)","og_description":"Osta Lexmark Cartridge Yellow 5k (C5240YH) Odav Print \u260e +372 5911 9495 \u2714\ufe0f Parim hind Lexmark Cartridge Yellow 5k (C5240YH) jaoks \u26df Kiire kohaletoimetamine Eestis \u2b50 Garanteeritud","og_url":"https:\/\/odavprint.ee\/et\/product\/lexmark-cartridge-yellow-5k-c5240yh-2\/","og_site_name":"Odav Print","og_image":[{"width":330,"height":250,"url":"https:\/\/odavprint.ee\/wp-content\/uploads\/2020\/08\/c5240yh.jpg","type":"image\/jpeg"}],"twitter_card":"summary_large_image","twitter_misc":{"Price":"&euro;28.10","Availability":"In stock"},"schema":{"@context":"https:\/\/schema.org","@graph":[{"@type":["WebPage","ItemPage"],"@id":"https:\/\/odavprint.ee\/et\/product\/lexmark-cartridge-yellow-5k-c5240yh-2\/","url":"https:\/\/odavprint.ee\/et\/product\/lexmark-cartridge-yellow-5k-c5240yh-2\/","name":"Lexmark Cartridge Yellow 5k (C5240YH), hea hinnaga, osta e-pood - Odav Print","isPartOf":{"@id":"https:\/\/odavprint.ee\/et\/#website"},"primaryImageOfPage":{"@id":"https:\/\/odavprint.ee\/et\/product\/lexmark-cartridge-yellow-5k-c5240yh-2\/#primaryimage"},"image":{"@id":"https:\/\/odavprint.ee\/et\/product\/lexmark-cartridge-yellow-5k-c5240yh-2\/#primaryimage"},"thumbnailUrl":"https:\/\/odavprint.ee\/wp-content\/uploads\/2020\/08\/c5240yh.jpg","datePublished":"2020-08-06T14:21:23+00:00","dateModified":"2020-08-06T14:21:23+00:00","description":"Osta Lexmark Cartridge Yellow 5k (C5240YH) Odav Print \u260e +372 5911 9495 \u2714\ufe0f Parim hind Lexmark Cartridge Yellow 5k (C5240YH) jaoks \u26df Kiire kohaletoimetamine Eestis \u2b50 Garanteeritud","breadcrumb":{"@id":"https:\/\/odavprint.ee\/et\/product\/lexmark-cartridge-yellow-5k-c5240yh-2\/#breadcrumb"},"inLanguage":"et","potentialAction":[{"@type":"ReadAction","target":["https:\/\/odavprint.ee\/et\/product\/lexmark-cartridge-yellow-5k-c5240yh-2\/"]}]},{"@type":"ImageObject","inLanguage":"et","@id":"https:\/\/odavprint.ee\/et\/product\/lexmark-cartridge-yellow-5k-c5240yh-2\/#primaryimage","url":"https:\/\/odavprint.ee\/wp-content\/uploads\/2020\/08\/c5240yh.jpg","contentUrl":"https:\/\/odavprint.ee\/wp-content\/uploads\/2020\/08\/c5240yh.jpg","width":330,"height":250},{"@type":"BreadcrumbList","@id":"https:\/\/odavprint.ee\/et\/product\/lexmark-cartridge-yellow-5k-c5240yh-2\/#breadcrumb","itemListElement":[{"@type":"ListItem","position":1,"name":"Home","item":"https:\/\/odavprint.ee\/et\/esileht\/"},{"@type":"ListItem","position":2,"name":"E-pood","item":"https:\/\/odavprint.ee\/et\/shop\/"},{"@type":"ListItem","position":3,"name":"Lexmark Cartridge Yellow 5k (C5240YH)"}]},{"@type":"WebSite","@id":"https:\/\/odavprint.ee\/et\/#website","url":"https:\/\/odavprint.ee\/et\/","name":"Odav Print","description":"Just another WordPress site","publisher":{"@id":"https:\/\/odavprint.ee\/et\/#organization"},"alternateName":"Kassettide, toonerite t\u00e4itmine ja m\u00fc\u00fck.","potentialAction":[{"@type":"SearchAction","target":{"@type":"EntryPoint","urlTemplate":"https:\/\/odavprint.ee\/et\/?s={search_term_string}"},"query-input":"required name=search_term_string"}],"inLanguage":"et"},{"@type":["Organization","Place"],"@id":"https:\/\/odavprint.ee\/et\/#organization","name":"Odav Print O\u00dc","url":"https:\/\/odavprint.ee\/et\/","logo":{"@id":"https:\/\/odavprint.ee\/et\/product\/lexmark-cartridge-yellow-5k-c5240yh-2\/#local-main-organization-logo"},"image":{"@id":"https:\/\/odavprint.ee\/et\/product\/lexmark-cartridge-yellow-5k-c5240yh-2\/#local-main-organization-logo"},"address":{"@id":"https:\/\/odavprint.ee\/et\/product\/lexmark-cartridge-yellow-5k-c5240yh-2\/#local-main-place-address"},"geo":{"@type":"GeoCoordinates","latitude":"59.4306504","longitude":"24.8095743"},"telephone":["53836926"],"openingHoursSpecification":[{"@type":"OpeningHoursSpecification","dayOfWeek":["Monday","Tuesday","Wednesday","Thursday","Friday","Saturday","Sunday"],"opens":"09:00","closes":"17:00"}],"email":"info@odavprint.eu"},{"@type":"PostalAddress","@id":"https:\/\/odavprint.ee\/et\/product\/lexmark-cartridge-yellow-5k-c5240yh-2\/#local-main-place-address","streetAddress":"Pae tn 28","addressLocality":"Tallinn","postalCode":"11415","addressRegion":"Harjumaa","addressCountry":"EE"},{"@type":"ImageObject","inLanguage":"et","@id":"https:\/\/odavprint.ee\/et\/product\/lexmark-cartridge-yellow-5k-c5240yh-2\/#local-main-organization-logo","url":"https:\/\/odavprint.ee\/wp-content\/uploads\/2018\/10\/odavprint-logo-240.jpg","contentUrl":"https:\/\/odavprint.ee\/wp-content\/uploads\/2018\/10\/odavprint-logo-240.jpg","width":240,"height":36,"caption":"Odav Print O\u00dc"}]},"product_price_amount":"28.10","product_price_currency":"EUR","og_availability":"instock","product_availability":"instock","product_retailer_item_id":"C5240YH\/EOL","product_condition":"new","geo.placename":"Tallinn","geo.position":{"lat":"59.4306504","long":"24.8095743"},"geo.region":"Estonia"},"_links":{"self":[{"href":"https:\/\/odavprint.ee\/et\/wp-json\/wp\/v2\/product\/33816"}],"collection":[{"href":"https:\/\/odavprint.ee\/et\/wp-json\/wp\/v2\/product"}],"about":[{"href":"https:\/\/odavprint.ee\/et\/wp-json\/wp\/v2\/types\/product"}],"wp:featuredmedia":[{"embeddable":true,"href":"https:\/\/odavprint.ee\/et\/wp-json\/wp\/v2\/media\/33817"}],"wp:attachment":[{"href":"https:\/\/odavprint.ee\/et\/wp-json\/wp\/v2\/media?parent=33816"}],"wp:term":[{"taxonomy":"product_cat","embeddable":true,"href":"https:\/\/odavprint.ee\/et\/wp-json\/wp\/v2\/product_cat?post=33816"},{"taxonomy":"product_tag","embeddable":true,"href":"https:\/\/odavprint.ee\/et\/wp-json\/wp\/v2\/product_tag?post=33816"}],"curies":[{"name":"wp","href":"https:\/\/api.w.org\/{rel}","templated":true}]}}