{"id":33960,"date":"2020-08-07T14:41:28","date_gmt":"2020-08-07T11:41:28","guid":{"rendered":"https:\/\/odavprint.ee\/product\/canon-toner-c-exv-47-yellow-8519b002\/"},"modified":"2020-08-07T14:41:28","modified_gmt":"2020-08-07T11:41:28","slug":"canon-toner-c-exv-47-yellow-8519b002","status":"publish","type":"product","link":"https:\/\/odavprint.ee\/et\/product\/canon-toner-c-exv-47-yellow-8519b002\/","title":{"rendered":"Canon Toner C-EXV 47 Yellow (8519B002)"},"content":{"rendered":"<p><strong>Tinka spausdintuvams:<\/strong><\/p>\n<p>Canon imageRUNNER iRC250i<br \/>Canon imageRUNNER iRC350i<br \/>Canon imageRUNNER Advance iRC250i<br \/>Canon imageRUNNER Advance iRC250iF<br \/>Canon imageRUNNER Advance iRC255i<br \/>Canon imageRUNNER Advance iRC255iF<br \/>Canon imageRUNNER Advance iRC350i<br \/>Canon imageRUNNER Advance iRC350iF<br \/>Canon imageRUNNER Advance iRC350p<br \/>Canon imageRUNNER Advance iRC351iF<br \/>Canon imageRUNNER Advance iRC355i<br \/>Canon imageRUNNER Advance iRC355iFC<br \/>Canon imageRUNNER Advance iRC355P<br \/>Canon imageRUNNER iRC250iF<br \/>Canon imageRUNNER iRC255i<br \/>Canon imageRUNNER iRC255iF<br \/>Canon imageRUNNER iRC350iF<br \/>Canon imageRUNNER iRC350p<br \/>Canon imageRUNNER iRC351iF<br \/>Canon imageRUNNER iRC355i<br \/>Canon imageRUNNER iRC355iFC<br \/>Canon imageRUNNER iRC355P<\/p>\n","protected":false},"excerpt":{"rendered":"<p>Tinka spausdintuvams: Canon imageRUNNER iRC250iCanon imageRUNNER iRC350iCanon imageRUNNER Advance iRC250iCanon imageRUNNER Advance iRC250iFCanon imageRUNNER Advance iRC255iCanon imageRUNNER Advance iRC255iFCanon imageRUNNER Advance iRC350iCanon imageRUNNER Advance iRC350iFCanon imageRUNNER Advance iRC350pCanon imageRUNNER Advance iRC351iFCanon imageRUNNER Advance iRC355iCanon imageRUNNER Advance iRC355iFCCanon imageRUNNER Advance iRC355PCanon imageRUNNER iRC250iFCanon imageRUNNER iRC255iCanon imageRUNNER iRC255iFCanon imageRUNNER iRC350iFCanon imageRUNNER iRC350pCanon imageRUNNER iRC351iFCanon imageRUNNER iRC355iCanon imageRUNNER [&#8230;]\n","protected":false},"featured_media":33961,"template":"","meta":{"inline_featured_image":false},"product_cat":[12832],"product_tag":[15977,15976,15975,15974,15973,15972,15971,15970,15968,15967,15969,15796,15966,15982,15981,15798,15965,15964,15963,15979,15978,15980],"yoast_head":"<!-- This site is optimized with the Yoast SEO Premium plugin v23.0 (Yoast SEO v23.0) - https:\/\/yoast.com\/wordpress\/plugins\/seo\/ -->\n<title>Canon Toner C-EXV 47 Yellow (8519B002), hea hinnaga, osta e-pood - Odav Print<\/title>\n<meta name=\"description\" content=\"Osta Canon Toner C-EXV 47 Yellow (8519B002) Odav Print \u260e +372 5911 9495 \u2714\ufe0f Parim hind Canon Toner C-EXV 47 Yellow (8519B002) jaoks \u26df Kiire kohaletoimetamine Eestis \u2b50 Garanteeritud\" \/>\n<meta name=\"robots\" content=\"index, follow, max-snippet:-1, max-image-preview:large, max-video-preview:-1\" \/>\n<link rel=\"canonical\" href=\"https:\/\/odavprint.ee\/et\/product\/canon-toner-c-exv-47-yellow-8519b002\/\" \/>\n<meta property=\"og:locale\" content=\"et_EE\" \/>\n<meta property=\"og:type\" content=\"article\" \/>\n<meta property=\"og:title\" content=\"Canon Toner C-EXV 47 Yellow (8519B002)\" \/>\n<meta property=\"og:description\" content=\"Osta Canon Toner C-EXV 47 Yellow (8519B002) Odav Print \u260e +372 5911 9495 \u2714\ufe0f Parim hind Canon Toner C-EXV 47 Yellow (8519B002) jaoks \u26df Kiire kohaletoimetamine Eestis \u2b50 Garanteeritud\" \/>\n<meta property=\"og:url\" content=\"https:\/\/odavprint.ee\/et\/product\/canon-toner-c-exv-47-yellow-8519b002\/\" \/>\n<meta property=\"og:site_name\" content=\"Odav Print\" \/>\n<meta property=\"og:image\" content=\"https:\/\/odavprint.ee\/wp-content\/uploads\/2020\/08\/8519b002.jpg\" \/>\n\t<meta property=\"og:image:width\" content=\"200\" \/>\n\t<meta property=\"og:image:height\" content=\"200\" \/>\n\t<meta property=\"og:image:type\" content=\"image\/jpeg\" \/>\n<meta name=\"twitter:card\" content=\"summary_large_image\" \/>\n<meta name=\"twitter:label1\" content=\"Price\" \/>\n\t<meta name=\"twitter:data1\" content=\"&euro;99.20\" \/>\n\t<meta name=\"twitter:label2\" content=\"Availability\" \/>\n\t<meta name=\"twitter:data2\" content=\"In stock\" \/>\n<script type=\"application\/ld+json\" class=\"yoast-schema-graph\">{\"@context\":\"https:\/\/schema.org\",\"@graph\":[{\"@type\":[\"WebPage\",\"ItemPage\"],\"@id\":\"https:\/\/odavprint.ee\/et\/product\/canon-toner-c-exv-47-yellow-8519b002\/\",\"url\":\"https:\/\/odavprint.ee\/et\/product\/canon-toner-c-exv-47-yellow-8519b002\/\",\"name\":\"Canon Toner C-EXV 47 Yellow (8519B002), hea hinnaga, osta e-pood - Odav Print\",\"isPartOf\":{\"@id\":\"https:\/\/odavprint.ee\/et\/#website\"},\"primaryImageOfPage\":{\"@id\":\"https:\/\/odavprint.ee\/et\/product\/canon-toner-c-exv-47-yellow-8519b002\/#primaryimage\"},\"image\":{\"@id\":\"https:\/\/odavprint.ee\/et\/product\/canon-toner-c-exv-47-yellow-8519b002\/#primaryimage\"},\"thumbnailUrl\":\"https:\/\/odavprint.ee\/wp-content\/uploads\/2020\/08\/8519b002.jpg\",\"datePublished\":\"2020-08-07T11:41:28+00:00\",\"dateModified\":\"2020-08-07T11:41:28+00:00\",\"description\":\"Osta Canon Toner C-EXV 47 Yellow (8519B002) Odav Print \u260e +372 5911 9495 \u2714\ufe0f Parim hind Canon Toner C-EXV 47 Yellow (8519B002) jaoks \u26df Kiire kohaletoimetamine Eestis \u2b50 Garanteeritud\",\"breadcrumb\":{\"@id\":\"https:\/\/odavprint.ee\/et\/product\/canon-toner-c-exv-47-yellow-8519b002\/#breadcrumb\"},\"inLanguage\":\"et\",\"potentialAction\":[{\"@type\":\"ReadAction\",\"target\":[\"https:\/\/odavprint.ee\/et\/product\/canon-toner-c-exv-47-yellow-8519b002\/\"]}]},{\"@type\":\"ImageObject\",\"inLanguage\":\"et\",\"@id\":\"https:\/\/odavprint.ee\/et\/product\/canon-toner-c-exv-47-yellow-8519b002\/#primaryimage\",\"url\":\"https:\/\/odavprint.ee\/wp-content\/uploads\/2020\/08\/8519b002.jpg\",\"contentUrl\":\"https:\/\/odavprint.ee\/wp-content\/uploads\/2020\/08\/8519b002.jpg\",\"width\":200,\"height\":200},{\"@type\":\"BreadcrumbList\",\"@id\":\"https:\/\/odavprint.ee\/et\/product\/canon-toner-c-exv-47-yellow-8519b002\/#breadcrumb\",\"itemListElement\":[{\"@type\":\"ListItem\",\"position\":1,\"name\":\"Home\",\"item\":\"https:\/\/odavprint.ee\/et\/esileht\/\"},{\"@type\":\"ListItem\",\"position\":2,\"name\":\"E-pood\",\"item\":\"https:\/\/odavprint.ee\/et\/shop\/\"},{\"@type\":\"ListItem\",\"position\":3,\"name\":\"Canon Toner C-EXV 47 Yellow (8519B002)\"}]},{\"@type\":\"WebSite\",\"@id\":\"https:\/\/odavprint.ee\/et\/#website\",\"url\":\"https:\/\/odavprint.ee\/et\/\",\"name\":\"Odav Print\",\"description\":\"Just another WordPress site\",\"publisher\":{\"@id\":\"https:\/\/odavprint.ee\/et\/#organization\"},\"alternateName\":\"Kassettide, toonerite t\u00e4itmine ja m\u00fc\u00fck.\",\"potentialAction\":[{\"@type\":\"SearchAction\",\"target\":{\"@type\":\"EntryPoint\",\"urlTemplate\":\"https:\/\/odavprint.ee\/et\/?s={search_term_string}\"},\"query-input\":\"required name=search_term_string\"}],\"inLanguage\":\"et\"},{\"@type\":[\"Organization\",\"Place\"],\"@id\":\"https:\/\/odavprint.ee\/et\/#organization\",\"name\":\"Odav Print O\u00dc\",\"url\":\"https:\/\/odavprint.ee\/et\/\",\"logo\":{\"@id\":\"https:\/\/odavprint.ee\/et\/product\/canon-toner-c-exv-47-yellow-8519b002\/#local-main-organization-logo\"},\"image\":{\"@id\":\"https:\/\/odavprint.ee\/et\/product\/canon-toner-c-exv-47-yellow-8519b002\/#local-main-organization-logo\"},\"address\":{\"@id\":\"https:\/\/odavprint.ee\/et\/product\/canon-toner-c-exv-47-yellow-8519b002\/#local-main-place-address\"},\"geo\":{\"@type\":\"GeoCoordinates\",\"latitude\":\"59.4306504\",\"longitude\":\"24.8095743\"},\"telephone\":[\"53836926\"],\"openingHoursSpecification\":[{\"@type\":\"OpeningHoursSpecification\",\"dayOfWeek\":[\"Monday\",\"Tuesday\",\"Wednesday\",\"Thursday\",\"Friday\",\"Saturday\",\"Sunday\"],\"opens\":\"09:00\",\"closes\":\"17:00\"}],\"email\":\"info@odavprint.eu\"},{\"@type\":\"PostalAddress\",\"@id\":\"https:\/\/odavprint.ee\/et\/product\/canon-toner-c-exv-47-yellow-8519b002\/#local-main-place-address\",\"streetAddress\":\"Pae tn 28\",\"addressLocality\":\"Tallinn\",\"postalCode\":\"11415\",\"addressRegion\":\"Harjumaa\",\"addressCountry\":\"EE\"},{\"@type\":\"ImageObject\",\"inLanguage\":\"et\",\"@id\":\"https:\/\/odavprint.ee\/et\/product\/canon-toner-c-exv-47-yellow-8519b002\/#local-main-organization-logo\",\"url\":\"https:\/\/odavprint.ee\/wp-content\/uploads\/2018\/10\/odavprint-logo-240.jpg\",\"contentUrl\":\"https:\/\/odavprint.ee\/wp-content\/uploads\/2018\/10\/odavprint-logo-240.jpg\",\"width\":240,\"height\":36,\"caption\":\"Odav Print O\u00dc\"}]}<\/script>\n<meta property=\"product:price:amount\" content=\"99.20\" \/>\n<meta property=\"product:price:currency\" content=\"EUR\" \/>\n<meta property=\"og:availability\" content=\"instock\" \/>\n<meta property=\"product:availability\" content=\"instock\" \/>\n<meta property=\"product:retailer_item_id\" content=\"8519B002\" \/>\n<meta property=\"product:condition\" content=\"new\" \/>\n<meta name=\"geo.placename\" content=\"Tallinn\" \/>\n<meta name=\"geo.position\" content=\"59.4306504;24.8095743\" \/>\n<meta name=\"geo.region\" content=\"Estonia\" \/>\n<!-- \/ Yoast SEO Premium plugin. -->","yoast_head_json":{"title":"Canon Toner C-EXV 47 Yellow (8519B002), hea hinnaga, osta e-pood - Odav Print","description":"Osta Canon Toner C-EXV 47 Yellow (8519B002) Odav Print \u260e +372 5911 9495 \u2714\ufe0f Parim hind Canon Toner C-EXV 47 Yellow (8519B002) jaoks \u26df Kiire kohaletoimetamine Eestis \u2b50 Garanteeritud","robots":{"index":"index","follow":"follow","max-snippet":"max-snippet:-1","max-image-preview":"max-image-preview:large","max-video-preview":"max-video-preview:-1"},"canonical":"https:\/\/odavprint.ee\/et\/product\/canon-toner-c-exv-47-yellow-8519b002\/","og_locale":"et_EE","og_type":"article","og_title":"Canon Toner C-EXV 47 Yellow (8519B002)","og_description":"Osta Canon Toner C-EXV 47 Yellow (8519B002) Odav Print \u260e +372 5911 9495 \u2714\ufe0f Parim hind Canon Toner C-EXV 47 Yellow (8519B002) jaoks \u26df Kiire kohaletoimetamine Eestis \u2b50 Garanteeritud","og_url":"https:\/\/odavprint.ee\/et\/product\/canon-toner-c-exv-47-yellow-8519b002\/","og_site_name":"Odav Print","og_image":[{"width":200,"height":200,"url":"https:\/\/odavprint.ee\/wp-content\/uploads\/2020\/08\/8519b002.jpg","type":"image\/jpeg"}],"twitter_card":"summary_large_image","twitter_misc":{"Price":"&euro;99.20","Availability":"In stock"},"schema":{"@context":"https:\/\/schema.org","@graph":[{"@type":["WebPage","ItemPage"],"@id":"https:\/\/odavprint.ee\/et\/product\/canon-toner-c-exv-47-yellow-8519b002\/","url":"https:\/\/odavprint.ee\/et\/product\/canon-toner-c-exv-47-yellow-8519b002\/","name":"Canon Toner C-EXV 47 Yellow (8519B002), hea hinnaga, osta e-pood - Odav Print","isPartOf":{"@id":"https:\/\/odavprint.ee\/et\/#website"},"primaryImageOfPage":{"@id":"https:\/\/odavprint.ee\/et\/product\/canon-toner-c-exv-47-yellow-8519b002\/#primaryimage"},"image":{"@id":"https:\/\/odavprint.ee\/et\/product\/canon-toner-c-exv-47-yellow-8519b002\/#primaryimage"},"thumbnailUrl":"https:\/\/odavprint.ee\/wp-content\/uploads\/2020\/08\/8519b002.jpg","datePublished":"2020-08-07T11:41:28+00:00","dateModified":"2020-08-07T11:41:28+00:00","description":"Osta Canon Toner C-EXV 47 Yellow (8519B002) Odav Print \u260e +372 5911 9495 \u2714\ufe0f Parim hind Canon Toner C-EXV 47 Yellow (8519B002) jaoks \u26df Kiire kohaletoimetamine Eestis \u2b50 Garanteeritud","breadcrumb":{"@id":"https:\/\/odavprint.ee\/et\/product\/canon-toner-c-exv-47-yellow-8519b002\/#breadcrumb"},"inLanguage":"et","potentialAction":[{"@type":"ReadAction","target":["https:\/\/odavprint.ee\/et\/product\/canon-toner-c-exv-47-yellow-8519b002\/"]}]},{"@type":"ImageObject","inLanguage":"et","@id":"https:\/\/odavprint.ee\/et\/product\/canon-toner-c-exv-47-yellow-8519b002\/#primaryimage","url":"https:\/\/odavprint.ee\/wp-content\/uploads\/2020\/08\/8519b002.jpg","contentUrl":"https:\/\/odavprint.ee\/wp-content\/uploads\/2020\/08\/8519b002.jpg","width":200,"height":200},{"@type":"BreadcrumbList","@id":"https:\/\/odavprint.ee\/et\/product\/canon-toner-c-exv-47-yellow-8519b002\/#breadcrumb","itemListElement":[{"@type":"ListItem","position":1,"name":"Home","item":"https:\/\/odavprint.ee\/et\/esileht\/"},{"@type":"ListItem","position":2,"name":"E-pood","item":"https:\/\/odavprint.ee\/et\/shop\/"},{"@type":"ListItem","position":3,"name":"Canon Toner C-EXV 47 Yellow (8519B002)"}]},{"@type":"WebSite","@id":"https:\/\/odavprint.ee\/et\/#website","url":"https:\/\/odavprint.ee\/et\/","name":"Odav Print","description":"Just another WordPress site","publisher":{"@id":"https:\/\/odavprint.ee\/et\/#organization"},"alternateName":"Kassettide, toonerite t\u00e4itmine ja m\u00fc\u00fck.","potentialAction":[{"@type":"SearchAction","target":{"@type":"EntryPoint","urlTemplate":"https:\/\/odavprint.ee\/et\/?s={search_term_string}"},"query-input":"required name=search_term_string"}],"inLanguage":"et"},{"@type":["Organization","Place"],"@id":"https:\/\/odavprint.ee\/et\/#organization","name":"Odav Print O\u00dc","url":"https:\/\/odavprint.ee\/et\/","logo":{"@id":"https:\/\/odavprint.ee\/et\/product\/canon-toner-c-exv-47-yellow-8519b002\/#local-main-organization-logo"},"image":{"@id":"https:\/\/odavprint.ee\/et\/product\/canon-toner-c-exv-47-yellow-8519b002\/#local-main-organization-logo"},"address":{"@id":"https:\/\/odavprint.ee\/et\/product\/canon-toner-c-exv-47-yellow-8519b002\/#local-main-place-address"},"geo":{"@type":"GeoCoordinates","latitude":"59.4306504","longitude":"24.8095743"},"telephone":["53836926"],"openingHoursSpecification":[{"@type":"OpeningHoursSpecification","dayOfWeek":["Monday","Tuesday","Wednesday","Thursday","Friday","Saturday","Sunday"],"opens":"09:00","closes":"17:00"}],"email":"info@odavprint.eu"},{"@type":"PostalAddress","@id":"https:\/\/odavprint.ee\/et\/product\/canon-toner-c-exv-47-yellow-8519b002\/#local-main-place-address","streetAddress":"Pae tn 28","addressLocality":"Tallinn","postalCode":"11415","addressRegion":"Harjumaa","addressCountry":"EE"},{"@type":"ImageObject","inLanguage":"et","@id":"https:\/\/odavprint.ee\/et\/product\/canon-toner-c-exv-47-yellow-8519b002\/#local-main-organization-logo","url":"https:\/\/odavprint.ee\/wp-content\/uploads\/2018\/10\/odavprint-logo-240.jpg","contentUrl":"https:\/\/odavprint.ee\/wp-content\/uploads\/2018\/10\/odavprint-logo-240.jpg","width":240,"height":36,"caption":"Odav Print O\u00dc"}]},"product_price_amount":"99.20","product_price_currency":"EUR","og_availability":"instock","product_availability":"instock","product_retailer_item_id":"8519B002","product_condition":"new","geo.placename":"Tallinn","geo.position":{"lat":"59.4306504","long":"24.8095743"},"geo.region":"Estonia"},"_links":{"self":[{"href":"https:\/\/odavprint.ee\/et\/wp-json\/wp\/v2\/product\/33960"}],"collection":[{"href":"https:\/\/odavprint.ee\/et\/wp-json\/wp\/v2\/product"}],"about":[{"href":"https:\/\/odavprint.ee\/et\/wp-json\/wp\/v2\/types\/product"}],"wp:featuredmedia":[{"embeddable":true,"href":"https:\/\/odavprint.ee\/et\/wp-json\/wp\/v2\/media\/33961"}],"wp:attachment":[{"href":"https:\/\/odavprint.ee\/et\/wp-json\/wp\/v2\/media?parent=33960"}],"wp:term":[{"taxonomy":"product_cat","embeddable":true,"href":"https:\/\/odavprint.ee\/et\/wp-json\/wp\/v2\/product_cat?post=33960"},{"taxonomy":"product_tag","embeddable":true,"href":"https:\/\/odavprint.ee\/et\/wp-json\/wp\/v2\/product_tag?post=33960"}],"curies":[{"name":"wp","href":"https:\/\/api.w.org\/{rel}","templated":true}]}}