{"id":36929,"date":"2020-10-09T13:41:40","date_gmt":"2020-10-09T10:41:40","guid":{"rendered":"https:\/\/odavprint.ee\/product\/compatible-hyb-canon-exv21y-yellow-14000-p\/"},"modified":"2020-10-13T11:33:37","modified_gmt":"2020-10-13T08:33:37","slug":"compatible-hyb-canon-exv21y-yellow-14000-p","status":"publish","type":"product","link":"https:\/\/odavprint.ee\/et\/product\/compatible-hyb-canon-exv21y-yellow-14000-p\/","title":{"rendered":"Compatible HYB Canon EXV21Y Yellow, 14000 p."},"content":{"rendered":"<p>imageRUNNER iRC3580i, imageRUNNER iRC3580 Series, imageRUNNER iRC3580Ne, imageRUNNER iRC3580, imageRUNNER iRC3480i, imageRUNNER iRC3480, imageRUNNER iRC3400 Series, imageRUNNER iRC3380i, imageRUNNER iRC3380 Series, imageRUNNER iRC3080i, imageRUNNER iRC2880i, imageRUNNER iRC2880V2, imageRUNNER iRC2880 Series, imageRUNNER iRC2800 Series, imageRUNNER iRC2550, imageRUNNER iRC3080, imageRUNNER iRC3880, imageRUNNER iRC2380, imageRUNNER iRC3380, imageRUNNER iRC2880<\/p>\n","protected":false},"excerpt":{"rendered":"<p>imageRUNNER iRC3580i, imageRUNNER iRC3580 Series, imageRUNNER iRC3580Ne, imageRUNNER iRC3580, imageRUNNER iRC3480i, imageRUNNER iRC3480, imageRUNNER iRC3400 Series, imageRUNNER iRC3380i, imageRUNNER iRC3380 Series, imageRUNNER iRC3080i, imageRUNNER iRC2880i, imageRUNNER iRC2880V2, imageRUNNER iRC2880 Series, imageRUNNER iRC2800 Series, imageRUNNER iRC2550, imageRUNNER iRC3080, imageRUNNER iRC3880, imageRUNNER iRC2380, imageRUNNER iRC3380, imageRUNNER iRC2880<\/p>\n","protected":false},"featured_media":36930,"template":"","meta":{"inline_featured_image":false},"product_cat":[12832],"product_tag":[17291,17288,17287,17293,17286,17284,17285,17289,17283,17292,17282,17281,17280,17279,17278,17277,17275,17274,17276,17290],"yoast_head":"<!-- This site is optimized with the Yoast SEO Premium plugin v23.0 (Yoast SEO v23.0) - https:\/\/yoast.com\/wordpress\/plugins\/seo\/ -->\n<title>Compatible HYB Canon EXV21Y Yellow, 14000 p., hea hinnaga, osta e-pood - Odav Print<\/title>\n<meta name=\"description\" content=\"Osta Compatible HYB Canon EXV21Y Yellow, 14000 p. Odav Print \u260e +372 5911 9495 \u2714\ufe0f Parim hind Compatible HYB Canon EXV21Y Yellow, 14000 p. jaoks \u26df Kiire kohaletoimetamine Eestis \u2b50 Garanteeritud\" \/>\n<meta name=\"robots\" content=\"index, follow, max-snippet:-1, max-image-preview:large, max-video-preview:-1\" \/>\n<link rel=\"canonical\" href=\"https:\/\/odavprint.ee\/et\/product\/compatible-hyb-canon-exv21y-yellow-14000-p\/\" \/>\n<meta property=\"og:locale\" content=\"et_EE\" \/>\n<meta property=\"og:type\" content=\"article\" \/>\n<meta property=\"og:title\" content=\"Compatible HYB Canon EXV21Y Yellow, 14000 p.\" \/>\n<meta property=\"og:description\" content=\"Osta Compatible HYB Canon EXV21Y Yellow, 14000 p. Odav Print \u260e +372 5911 9495 \u2714\ufe0f Parim hind Compatible HYB Canon EXV21Y Yellow, 14000 p. jaoks \u26df Kiire kohaletoimetamine Eestis \u2b50 Garanteeritud\" \/>\n<meta property=\"og:url\" content=\"https:\/\/odavprint.ee\/et\/product\/compatible-hyb-canon-exv21y-yellow-14000-p\/\" \/>\n<meta property=\"og:site_name\" content=\"Odav Print\" \/>\n<meta property=\"article:modified_time\" content=\"2020-10-13T08:33:37+00:00\" \/>\n<meta property=\"og:image\" content=\"https:\/\/odavprint.ee\/wp-content\/uploads\/2020\/10\/hyb.png\" \/>\n\t<meta property=\"og:image:width\" content=\"200\" \/>\n\t<meta property=\"og:image:height\" content=\"200\" \/>\n\t<meta property=\"og:image:type\" content=\"image\/png\" \/>\n<meta name=\"twitter:card\" content=\"summary_large_image\" \/>\n<meta name=\"twitter:label1\" content=\"Price\" \/>\n\t<meta name=\"twitter:data1\" content=\"&euro;38.30\" \/>\n\t<meta name=\"twitter:label2\" content=\"Availability\" \/>\n\t<meta name=\"twitter:data2\" content=\"In stock\" \/>\n<script type=\"application\/ld+json\" class=\"yoast-schema-graph\">{\"@context\":\"https:\/\/schema.org\",\"@graph\":[{\"@type\":[\"WebPage\",\"ItemPage\"],\"@id\":\"https:\/\/odavprint.ee\/et\/product\/compatible-hyb-canon-exv21y-yellow-14000-p\/\",\"url\":\"https:\/\/odavprint.ee\/et\/product\/compatible-hyb-canon-exv21y-yellow-14000-p\/\",\"name\":\"Compatible HYB Canon EXV21Y Yellow, 14000 p., hea hinnaga, osta e-pood - Odav Print\",\"isPartOf\":{\"@id\":\"https:\/\/odavprint.ee\/et\/#website\"},\"primaryImageOfPage\":{\"@id\":\"https:\/\/odavprint.ee\/et\/product\/compatible-hyb-canon-exv21y-yellow-14000-p\/#primaryimage\"},\"image\":{\"@id\":\"https:\/\/odavprint.ee\/et\/product\/compatible-hyb-canon-exv21y-yellow-14000-p\/#primaryimage\"},\"thumbnailUrl\":\"https:\/\/odavprint.ee\/wp-content\/uploads\/2020\/10\/hyb.png\",\"datePublished\":\"2020-10-09T10:41:40+00:00\",\"dateModified\":\"2020-10-13T08:33:37+00:00\",\"description\":\"Osta Compatible HYB Canon EXV21Y Yellow, 14000 p. Odav Print \u260e +372 5911 9495 \u2714\ufe0f Parim hind Compatible HYB Canon EXV21Y Yellow, 14000 p. jaoks \u26df Kiire kohaletoimetamine Eestis \u2b50 Garanteeritud\",\"breadcrumb\":{\"@id\":\"https:\/\/odavprint.ee\/et\/product\/compatible-hyb-canon-exv21y-yellow-14000-p\/#breadcrumb\"},\"inLanguage\":\"et\",\"potentialAction\":[{\"@type\":\"ReadAction\",\"target\":[\"https:\/\/odavprint.ee\/et\/product\/compatible-hyb-canon-exv21y-yellow-14000-p\/\"]}]},{\"@type\":\"ImageObject\",\"inLanguage\":\"et\",\"@id\":\"https:\/\/odavprint.ee\/et\/product\/compatible-hyb-canon-exv21y-yellow-14000-p\/#primaryimage\",\"url\":\"https:\/\/odavprint.ee\/wp-content\/uploads\/2020\/10\/hyb.png\",\"contentUrl\":\"https:\/\/odavprint.ee\/wp-content\/uploads\/2020\/10\/hyb.png\",\"width\":200,\"height\":200},{\"@type\":\"BreadcrumbList\",\"@id\":\"https:\/\/odavprint.ee\/et\/product\/compatible-hyb-canon-exv21y-yellow-14000-p\/#breadcrumb\",\"itemListElement\":[{\"@type\":\"ListItem\",\"position\":1,\"name\":\"Home\",\"item\":\"https:\/\/odavprint.ee\/et\/esileht\/\"},{\"@type\":\"ListItem\",\"position\":2,\"name\":\"E-pood\",\"item\":\"https:\/\/odavprint.ee\/et\/shop\/\"},{\"@type\":\"ListItem\",\"position\":3,\"name\":\"Compatible HYB Canon EXV21Y Yellow, 14000 p.\"}]},{\"@type\":\"WebSite\",\"@id\":\"https:\/\/odavprint.ee\/et\/#website\",\"url\":\"https:\/\/odavprint.ee\/et\/\",\"name\":\"Odav Print\",\"description\":\"Just another WordPress site\",\"publisher\":{\"@id\":\"https:\/\/odavprint.ee\/et\/#organization\"},\"alternateName\":\"Kassettide, toonerite t\u00e4itmine ja m\u00fc\u00fck.\",\"potentialAction\":[{\"@type\":\"SearchAction\",\"target\":{\"@type\":\"EntryPoint\",\"urlTemplate\":\"https:\/\/odavprint.ee\/et\/?s={search_term_string}\"},\"query-input\":\"required name=search_term_string\"}],\"inLanguage\":\"et\"},{\"@type\":[\"Organization\",\"Place\"],\"@id\":\"https:\/\/odavprint.ee\/et\/#organization\",\"name\":\"Odav Print O\u00dc\",\"url\":\"https:\/\/odavprint.ee\/et\/\",\"logo\":{\"@id\":\"https:\/\/odavprint.ee\/et\/product\/compatible-hyb-canon-exv21y-yellow-14000-p\/#local-main-organization-logo\"},\"image\":{\"@id\":\"https:\/\/odavprint.ee\/et\/product\/compatible-hyb-canon-exv21y-yellow-14000-p\/#local-main-organization-logo\"},\"address\":{\"@id\":\"https:\/\/odavprint.ee\/et\/product\/compatible-hyb-canon-exv21y-yellow-14000-p\/#local-main-place-address\"},\"geo\":{\"@type\":\"GeoCoordinates\",\"latitude\":\"59.4306504\",\"longitude\":\"24.8095743\"},\"telephone\":[\"53836926\"],\"openingHoursSpecification\":[{\"@type\":\"OpeningHoursSpecification\",\"dayOfWeek\":[\"Monday\",\"Tuesday\",\"Wednesday\",\"Thursday\",\"Friday\",\"Saturday\",\"Sunday\"],\"opens\":\"09:00\",\"closes\":\"17:00\"}],\"email\":\"info@odavprint.eu\"},{\"@type\":\"PostalAddress\",\"@id\":\"https:\/\/odavprint.ee\/et\/product\/compatible-hyb-canon-exv21y-yellow-14000-p\/#local-main-place-address\",\"streetAddress\":\"Pae tn 28\",\"addressLocality\":\"Tallinn\",\"postalCode\":\"11415\",\"addressRegion\":\"Harjumaa\",\"addressCountry\":\"EE\"},{\"@type\":\"ImageObject\",\"inLanguage\":\"et\",\"@id\":\"https:\/\/odavprint.ee\/et\/product\/compatible-hyb-canon-exv21y-yellow-14000-p\/#local-main-organization-logo\",\"url\":\"https:\/\/odavprint.ee\/wp-content\/uploads\/2018\/10\/odavprint-logo-240.jpg\",\"contentUrl\":\"https:\/\/odavprint.ee\/wp-content\/uploads\/2018\/10\/odavprint-logo-240.jpg\",\"width\":240,\"height\":36,\"caption\":\"Odav Print O\u00dc\"}]}<\/script>\n<meta property=\"product:price:amount\" content=\"38.30\" \/>\n<meta property=\"product:price:currency\" content=\"EUR\" \/>\n<meta property=\"og:availability\" content=\"instock\" \/>\n<meta property=\"product:availability\" content=\"instock\" \/>\n<meta property=\"product:retailer_item_id\" content=\"CH\/0455B002-HYB\" \/>\n<meta property=\"product:condition\" content=\"new\" \/>\n<meta name=\"geo.placename\" content=\"Tallinn\" \/>\n<meta name=\"geo.position\" content=\"59.4306504;24.8095743\" \/>\n<meta name=\"geo.region\" content=\"Estonia\" \/>\n<!-- \/ Yoast SEO Premium plugin. -->","yoast_head_json":{"title":"Compatible HYB Canon EXV21Y Yellow, 14000 p., hea hinnaga, osta e-pood - Odav Print","description":"Osta Compatible HYB Canon EXV21Y Yellow, 14000 p. Odav Print \u260e +372 5911 9495 \u2714\ufe0f Parim hind Compatible HYB Canon EXV21Y Yellow, 14000 p. jaoks \u26df Kiire kohaletoimetamine Eestis \u2b50 Garanteeritud","robots":{"index":"index","follow":"follow","max-snippet":"max-snippet:-1","max-image-preview":"max-image-preview:large","max-video-preview":"max-video-preview:-1"},"canonical":"https:\/\/odavprint.ee\/et\/product\/compatible-hyb-canon-exv21y-yellow-14000-p\/","og_locale":"et_EE","og_type":"article","og_title":"Compatible HYB Canon EXV21Y Yellow, 14000 p.","og_description":"Osta Compatible HYB Canon EXV21Y Yellow, 14000 p. Odav Print \u260e +372 5911 9495 \u2714\ufe0f Parim hind Compatible HYB Canon EXV21Y Yellow, 14000 p. jaoks \u26df Kiire kohaletoimetamine Eestis \u2b50 Garanteeritud","og_url":"https:\/\/odavprint.ee\/et\/product\/compatible-hyb-canon-exv21y-yellow-14000-p\/","og_site_name":"Odav Print","article_modified_time":"2020-10-13T08:33:37+00:00","og_image":[{"width":200,"height":200,"url":"https:\/\/odavprint.ee\/wp-content\/uploads\/2020\/10\/hyb.png","type":"image\/png"}],"twitter_card":"summary_large_image","twitter_misc":{"Price":"&euro;38.30","Availability":"In stock"},"schema":{"@context":"https:\/\/schema.org","@graph":[{"@type":["WebPage","ItemPage"],"@id":"https:\/\/odavprint.ee\/et\/product\/compatible-hyb-canon-exv21y-yellow-14000-p\/","url":"https:\/\/odavprint.ee\/et\/product\/compatible-hyb-canon-exv21y-yellow-14000-p\/","name":"Compatible HYB Canon EXV21Y Yellow, 14000 p., hea hinnaga, osta e-pood - Odav Print","isPartOf":{"@id":"https:\/\/odavprint.ee\/et\/#website"},"primaryImageOfPage":{"@id":"https:\/\/odavprint.ee\/et\/product\/compatible-hyb-canon-exv21y-yellow-14000-p\/#primaryimage"},"image":{"@id":"https:\/\/odavprint.ee\/et\/product\/compatible-hyb-canon-exv21y-yellow-14000-p\/#primaryimage"},"thumbnailUrl":"https:\/\/odavprint.ee\/wp-content\/uploads\/2020\/10\/hyb.png","datePublished":"2020-10-09T10:41:40+00:00","dateModified":"2020-10-13T08:33:37+00:00","description":"Osta Compatible HYB Canon EXV21Y Yellow, 14000 p. Odav Print \u260e +372 5911 9495 \u2714\ufe0f Parim hind Compatible HYB Canon EXV21Y Yellow, 14000 p. jaoks \u26df Kiire kohaletoimetamine Eestis \u2b50 Garanteeritud","breadcrumb":{"@id":"https:\/\/odavprint.ee\/et\/product\/compatible-hyb-canon-exv21y-yellow-14000-p\/#breadcrumb"},"inLanguage":"et","potentialAction":[{"@type":"ReadAction","target":["https:\/\/odavprint.ee\/et\/product\/compatible-hyb-canon-exv21y-yellow-14000-p\/"]}]},{"@type":"ImageObject","inLanguage":"et","@id":"https:\/\/odavprint.ee\/et\/product\/compatible-hyb-canon-exv21y-yellow-14000-p\/#primaryimage","url":"https:\/\/odavprint.ee\/wp-content\/uploads\/2020\/10\/hyb.png","contentUrl":"https:\/\/odavprint.ee\/wp-content\/uploads\/2020\/10\/hyb.png","width":200,"height":200},{"@type":"BreadcrumbList","@id":"https:\/\/odavprint.ee\/et\/product\/compatible-hyb-canon-exv21y-yellow-14000-p\/#breadcrumb","itemListElement":[{"@type":"ListItem","position":1,"name":"Home","item":"https:\/\/odavprint.ee\/et\/esileht\/"},{"@type":"ListItem","position":2,"name":"E-pood","item":"https:\/\/odavprint.ee\/et\/shop\/"},{"@type":"ListItem","position":3,"name":"Compatible HYB Canon EXV21Y Yellow, 14000 p."}]},{"@type":"WebSite","@id":"https:\/\/odavprint.ee\/et\/#website","url":"https:\/\/odavprint.ee\/et\/","name":"Odav Print","description":"Just another WordPress site","publisher":{"@id":"https:\/\/odavprint.ee\/et\/#organization"},"alternateName":"Kassettide, toonerite t\u00e4itmine ja m\u00fc\u00fck.","potentialAction":[{"@type":"SearchAction","target":{"@type":"EntryPoint","urlTemplate":"https:\/\/odavprint.ee\/et\/?s={search_term_string}"},"query-input":"required name=search_term_string"}],"inLanguage":"et"},{"@type":["Organization","Place"],"@id":"https:\/\/odavprint.ee\/et\/#organization","name":"Odav Print O\u00dc","url":"https:\/\/odavprint.ee\/et\/","logo":{"@id":"https:\/\/odavprint.ee\/et\/product\/compatible-hyb-canon-exv21y-yellow-14000-p\/#local-main-organization-logo"},"image":{"@id":"https:\/\/odavprint.ee\/et\/product\/compatible-hyb-canon-exv21y-yellow-14000-p\/#local-main-organization-logo"},"address":{"@id":"https:\/\/odavprint.ee\/et\/product\/compatible-hyb-canon-exv21y-yellow-14000-p\/#local-main-place-address"},"geo":{"@type":"GeoCoordinates","latitude":"59.4306504","longitude":"24.8095743"},"telephone":["53836926"],"openingHoursSpecification":[{"@type":"OpeningHoursSpecification","dayOfWeek":["Monday","Tuesday","Wednesday","Thursday","Friday","Saturday","Sunday"],"opens":"09:00","closes":"17:00"}],"email":"info@odavprint.eu"},{"@type":"PostalAddress","@id":"https:\/\/odavprint.ee\/et\/product\/compatible-hyb-canon-exv21y-yellow-14000-p\/#local-main-place-address","streetAddress":"Pae tn 28","addressLocality":"Tallinn","postalCode":"11415","addressRegion":"Harjumaa","addressCountry":"EE"},{"@type":"ImageObject","inLanguage":"et","@id":"https:\/\/odavprint.ee\/et\/product\/compatible-hyb-canon-exv21y-yellow-14000-p\/#local-main-organization-logo","url":"https:\/\/odavprint.ee\/wp-content\/uploads\/2018\/10\/odavprint-logo-240.jpg","contentUrl":"https:\/\/odavprint.ee\/wp-content\/uploads\/2018\/10\/odavprint-logo-240.jpg","width":240,"height":36,"caption":"Odav Print O\u00dc"}]},"product_price_amount":"38.30","product_price_currency":"EUR","og_availability":"instock","product_availability":"instock","product_retailer_item_id":"CH\/0455B002-HYB","product_condition":"new","geo.placename":"Tallinn","geo.position":{"lat":"59.4306504","long":"24.8095743"},"geo.region":"Estonia"},"_links":{"self":[{"href":"https:\/\/odavprint.ee\/et\/wp-json\/wp\/v2\/product\/36929"}],"collection":[{"href":"https:\/\/odavprint.ee\/et\/wp-json\/wp\/v2\/product"}],"about":[{"href":"https:\/\/odavprint.ee\/et\/wp-json\/wp\/v2\/types\/product"}],"wp:featuredmedia":[{"embeddable":true,"href":"https:\/\/odavprint.ee\/et\/wp-json\/wp\/v2\/media\/36930"}],"wp:attachment":[{"href":"https:\/\/odavprint.ee\/et\/wp-json\/wp\/v2\/media?parent=36929"}],"wp:term":[{"taxonomy":"product_cat","embeddable":true,"href":"https:\/\/odavprint.ee\/et\/wp-json\/wp\/v2\/product_cat?post=36929"},{"taxonomy":"product_tag","embeddable":true,"href":"https:\/\/odavprint.ee\/et\/wp-json\/wp\/v2\/product_tag?post=36929"}],"curies":[{"name":"wp","href":"https:\/\/api.w.org\/{rel}","templated":true}]}}