{"id":61811,"date":"2020-11-02T14:39:09","date_gmt":"2020-11-02T12:39:09","guid":{"rendered":"https:\/\/odavprint.ee\/product\/ricoh-type-sp-4500-407324-drum-unit\/"},"modified":"2023-12-12T16:23:12","modified_gmt":"2023-12-12T14:23:12","slug":"ricoh-type-sp-4500-407324-drum-unit","status":"publish","type":"product","link":"https:\/\/odavprint.ee\/et\/product\/ricoh-type-sp-4500-407324-drum-unit\/","title":{"rendered":"Ricoh Type SP 4500 (407324) drum unit"},"content":{"rendered":"<p>Aficio SP 4510 dn, Aficio SP 4500 Series, Aficio SP 3600 sf, Aficio SP 3600 dn, Aficio SP 4510 sf, Aficio SP 3600 Series, SP 4520 dn, SP 4500 Series, SP 4510 sf, SP 4510 dn, Aficio SP 4520 dn, Aficio SP 3610 sf, SP 3600 dn, MP 401, Aficio MP 401 spf<\/p>\n","protected":false},"excerpt":{"rendered":"<p>Aficio SP 4510 dn, Aficio SP 4500 Series, Aficio SP 3600 sf, Aficio SP 3600 dn, Aficio SP 4510 sf, Aficio SP 3600 Series, SP 4520 dn, SP 4500 Series, SP 4510 sf, SP 4510 dn, Aficio SP 4520 dn, Aficio SP 3610 sf, SP 3600 dn, MP 401, Aficio MP 401 spf<\/p>\n","protected":false},"featured_media":61812,"template":"","meta":{"inline_featured_image":false},"product_cat":[12832],"product_tag":[30261,30260,30259,30262,30263,30265,30267,30269,30270,30271,30272,30264,30266,30268],"yoast_head":"<!-- This site is optimized with the Yoast SEO Premium plugin v23.0 (Yoast SEO v23.0) - https:\/\/yoast.com\/wordpress\/plugins\/seo\/ -->\n<title>Ricoh Type SP 4500 (407324) drum unit, hea hinnaga, osta e-pood - Odav Print<\/title>\n<meta name=\"description\" content=\"Osta Ricoh Type SP 4500 (407324) drum unit Odav Print \u260e +372 5911 9495 \u2714\ufe0f Parim hind Ricoh Type SP 4500 (407324) drum unit jaoks \u26df Kiire kohaletoimetamine Eestis \u2b50 Garanteeritud\" \/>\n<meta name=\"robots\" content=\"index, follow, max-snippet:-1, max-image-preview:large, max-video-preview:-1\" \/>\n<link rel=\"canonical\" href=\"https:\/\/odavprint.ee\/et\/product\/ricoh-type-sp-4500-407324-drum-unit\/\" \/>\n<meta property=\"og:locale\" content=\"et_EE\" \/>\n<meta property=\"og:type\" content=\"article\" \/>\n<meta property=\"og:title\" content=\"Ricoh Type SP 4500 (407324) drum unit\" \/>\n<meta property=\"og:description\" content=\"Osta Ricoh Type SP 4500 (407324) drum unit Odav Print \u260e +372 5911 9495 \u2714\ufe0f Parim hind Ricoh Type SP 4500 (407324) drum unit jaoks \u26df Kiire kohaletoimetamine Eestis \u2b50 Garanteeritud\" \/>\n<meta property=\"og:url\" content=\"https:\/\/odavprint.ee\/et\/product\/ricoh-type-sp-4500-407324-drum-unit\/\" \/>\n<meta property=\"og:site_name\" content=\"Odav Print\" \/>\n<meta property=\"article:modified_time\" content=\"2023-12-12T14:23:12+00:00\" \/>\n<meta property=\"og:image\" content=\"https:\/\/odavprint.ee\/wp-content\/uploads\/2020\/11\/407324.png\" \/>\n\t<meta property=\"og:image:width\" content=\"318\" \/>\n\t<meta property=\"og:image:height\" content=\"212\" \/>\n\t<meta property=\"og:image:type\" content=\"image\/png\" \/>\n<meta name=\"twitter:card\" content=\"summary_large_image\" \/>\n<meta name=\"twitter:label1\" content=\"Price\" \/>\n\t<meta name=\"twitter:data1\" content=\"&euro;116.00\" \/>\n\t<meta name=\"twitter:label2\" content=\"Availability\" \/>\n\t<meta name=\"twitter:data2\" content=\"In stock\" \/>\n<script type=\"application\/ld+json\" class=\"yoast-schema-graph\">{\"@context\":\"https:\/\/schema.org\",\"@graph\":[{\"@type\":[\"WebPage\",\"ItemPage\"],\"@id\":\"https:\/\/odavprint.ee\/et\/product\/ricoh-type-sp-4500-407324-drum-unit\/\",\"url\":\"https:\/\/odavprint.ee\/et\/product\/ricoh-type-sp-4500-407324-drum-unit\/\",\"name\":\"Ricoh Type SP 4500 (407324) drum unit, hea hinnaga, osta e-pood - Odav Print\",\"isPartOf\":{\"@id\":\"https:\/\/odavprint.ee\/et\/#website\"},\"primaryImageOfPage\":{\"@id\":\"https:\/\/odavprint.ee\/et\/product\/ricoh-type-sp-4500-407324-drum-unit\/#primaryimage\"},\"image\":{\"@id\":\"https:\/\/odavprint.ee\/et\/product\/ricoh-type-sp-4500-407324-drum-unit\/#primaryimage\"},\"thumbnailUrl\":\"https:\/\/odavprint.ee\/wp-content\/uploads\/2020\/11\/407324.png\",\"datePublished\":\"2020-11-02T12:39:09+00:00\",\"dateModified\":\"2023-12-12T14:23:12+00:00\",\"description\":\"Osta Ricoh Type SP 4500 (407324) drum unit Odav Print \u260e +372 5911 9495 \u2714\ufe0f Parim hind Ricoh Type SP 4500 (407324) drum unit jaoks \u26df Kiire kohaletoimetamine Eestis \u2b50 Garanteeritud\",\"breadcrumb\":{\"@id\":\"https:\/\/odavprint.ee\/et\/product\/ricoh-type-sp-4500-407324-drum-unit\/#breadcrumb\"},\"inLanguage\":\"et\",\"potentialAction\":[{\"@type\":\"ReadAction\",\"target\":[\"https:\/\/odavprint.ee\/et\/product\/ricoh-type-sp-4500-407324-drum-unit\/\"]}]},{\"@type\":\"ImageObject\",\"inLanguage\":\"et\",\"@id\":\"https:\/\/odavprint.ee\/et\/product\/ricoh-type-sp-4500-407324-drum-unit\/#primaryimage\",\"url\":\"https:\/\/odavprint.ee\/wp-content\/uploads\/2020\/11\/407324.png\",\"contentUrl\":\"https:\/\/odavprint.ee\/wp-content\/uploads\/2020\/11\/407324.png\",\"width\":318,\"height\":212},{\"@type\":\"BreadcrumbList\",\"@id\":\"https:\/\/odavprint.ee\/et\/product\/ricoh-type-sp-4500-407324-drum-unit\/#breadcrumb\",\"itemListElement\":[{\"@type\":\"ListItem\",\"position\":1,\"name\":\"Home\",\"item\":\"https:\/\/odavprint.ee\/et\/esileht\/\"},{\"@type\":\"ListItem\",\"position\":2,\"name\":\"E-pood\",\"item\":\"https:\/\/odavprint.ee\/et\/shop\/\"},{\"@type\":\"ListItem\",\"position\":3,\"name\":\"Ricoh Type SP 4500 (407324) drum unit\"}]},{\"@type\":\"WebSite\",\"@id\":\"https:\/\/odavprint.ee\/et\/#website\",\"url\":\"https:\/\/odavprint.ee\/et\/\",\"name\":\"Odav Print\",\"description\":\"Just another WordPress site\",\"publisher\":{\"@id\":\"https:\/\/odavprint.ee\/et\/#organization\"},\"alternateName\":\"Kassettide, toonerite t\u00e4itmine ja m\u00fc\u00fck.\",\"potentialAction\":[{\"@type\":\"SearchAction\",\"target\":{\"@type\":\"EntryPoint\",\"urlTemplate\":\"https:\/\/odavprint.ee\/et\/?s={search_term_string}\"},\"query-input\":\"required name=search_term_string\"}],\"inLanguage\":\"et\"},{\"@type\":[\"Organization\",\"Place\"],\"@id\":\"https:\/\/odavprint.ee\/et\/#organization\",\"name\":\"Odav Print O\u00dc\",\"url\":\"https:\/\/odavprint.ee\/et\/\",\"logo\":{\"@id\":\"https:\/\/odavprint.ee\/et\/product\/ricoh-type-sp-4500-407324-drum-unit\/#local-main-organization-logo\"},\"image\":{\"@id\":\"https:\/\/odavprint.ee\/et\/product\/ricoh-type-sp-4500-407324-drum-unit\/#local-main-organization-logo\"},\"address\":{\"@id\":\"https:\/\/odavprint.ee\/et\/product\/ricoh-type-sp-4500-407324-drum-unit\/#local-main-place-address\"},\"geo\":{\"@type\":\"GeoCoordinates\",\"latitude\":\"59.4306504\",\"longitude\":\"24.8095743\"},\"telephone\":[\"53836926\"],\"openingHoursSpecification\":[{\"@type\":\"OpeningHoursSpecification\",\"dayOfWeek\":[\"Monday\",\"Tuesday\",\"Wednesday\",\"Thursday\",\"Friday\",\"Saturday\",\"Sunday\"],\"opens\":\"09:00\",\"closes\":\"17:00\"}],\"email\":\"info@odavprint.eu\"},{\"@type\":\"PostalAddress\",\"@id\":\"https:\/\/odavprint.ee\/et\/product\/ricoh-type-sp-4500-407324-drum-unit\/#local-main-place-address\",\"streetAddress\":\"Pae tn 28\",\"addressLocality\":\"Tallinn\",\"postalCode\":\"11415\",\"addressRegion\":\"Harjumaa\",\"addressCountry\":\"EE\"},{\"@type\":\"ImageObject\",\"inLanguage\":\"et\",\"@id\":\"https:\/\/odavprint.ee\/et\/product\/ricoh-type-sp-4500-407324-drum-unit\/#local-main-organization-logo\",\"url\":\"https:\/\/odavprint.ee\/wp-content\/uploads\/2018\/10\/odavprint-logo-240.jpg\",\"contentUrl\":\"https:\/\/odavprint.ee\/wp-content\/uploads\/2018\/10\/odavprint-logo-240.jpg\",\"width\":240,\"height\":36,\"caption\":\"Odav Print O\u00dc\"}]}<\/script>\n<meta property=\"product:price:amount\" content=\"116.00\" \/>\n<meta property=\"product:price:currency\" content=\"EUR\" \/>\n<meta property=\"og:availability\" content=\"instock\" \/>\n<meta property=\"product:availability\" content=\"instock\" \/>\n<meta property=\"product:retailer_item_id\" content=\"407324\" \/>\n<meta property=\"product:condition\" content=\"new\" \/>\n<meta name=\"geo.placename\" content=\"Tallinn\" \/>\n<meta name=\"geo.position\" content=\"59.4306504;24.8095743\" \/>\n<meta name=\"geo.region\" content=\"Estonia\" \/>\n<!-- \/ Yoast SEO Premium plugin. -->","yoast_head_json":{"title":"Ricoh Type SP 4500 (407324) drum unit, hea hinnaga, osta e-pood - Odav Print","description":"Osta Ricoh Type SP 4500 (407324) drum unit Odav Print \u260e +372 5911 9495 \u2714\ufe0f Parim hind Ricoh Type SP 4500 (407324) drum unit jaoks \u26df Kiire kohaletoimetamine Eestis \u2b50 Garanteeritud","robots":{"index":"index","follow":"follow","max-snippet":"max-snippet:-1","max-image-preview":"max-image-preview:large","max-video-preview":"max-video-preview:-1"},"canonical":"https:\/\/odavprint.ee\/et\/product\/ricoh-type-sp-4500-407324-drum-unit\/","og_locale":"et_EE","og_type":"article","og_title":"Ricoh Type SP 4500 (407324) drum unit","og_description":"Osta Ricoh Type SP 4500 (407324) drum unit Odav Print \u260e +372 5911 9495 \u2714\ufe0f Parim hind Ricoh Type SP 4500 (407324) drum unit jaoks \u26df Kiire kohaletoimetamine Eestis \u2b50 Garanteeritud","og_url":"https:\/\/odavprint.ee\/et\/product\/ricoh-type-sp-4500-407324-drum-unit\/","og_site_name":"Odav Print","article_modified_time":"2023-12-12T14:23:12+00:00","og_image":[{"width":318,"height":212,"url":"https:\/\/odavprint.ee\/wp-content\/uploads\/2020\/11\/407324.png","type":"image\/png"}],"twitter_card":"summary_large_image","twitter_misc":{"Price":"&euro;116.00","Availability":"In stock"},"schema":{"@context":"https:\/\/schema.org","@graph":[{"@type":["WebPage","ItemPage"],"@id":"https:\/\/odavprint.ee\/et\/product\/ricoh-type-sp-4500-407324-drum-unit\/","url":"https:\/\/odavprint.ee\/et\/product\/ricoh-type-sp-4500-407324-drum-unit\/","name":"Ricoh Type SP 4500 (407324) drum unit, hea hinnaga, osta e-pood - Odav Print","isPartOf":{"@id":"https:\/\/odavprint.ee\/et\/#website"},"primaryImageOfPage":{"@id":"https:\/\/odavprint.ee\/et\/product\/ricoh-type-sp-4500-407324-drum-unit\/#primaryimage"},"image":{"@id":"https:\/\/odavprint.ee\/et\/product\/ricoh-type-sp-4500-407324-drum-unit\/#primaryimage"},"thumbnailUrl":"https:\/\/odavprint.ee\/wp-content\/uploads\/2020\/11\/407324.png","datePublished":"2020-11-02T12:39:09+00:00","dateModified":"2023-12-12T14:23:12+00:00","description":"Osta Ricoh Type SP 4500 (407324) drum unit Odav Print \u260e +372 5911 9495 \u2714\ufe0f Parim hind Ricoh Type SP 4500 (407324) drum unit jaoks \u26df Kiire kohaletoimetamine Eestis \u2b50 Garanteeritud","breadcrumb":{"@id":"https:\/\/odavprint.ee\/et\/product\/ricoh-type-sp-4500-407324-drum-unit\/#breadcrumb"},"inLanguage":"et","potentialAction":[{"@type":"ReadAction","target":["https:\/\/odavprint.ee\/et\/product\/ricoh-type-sp-4500-407324-drum-unit\/"]}]},{"@type":"ImageObject","inLanguage":"et","@id":"https:\/\/odavprint.ee\/et\/product\/ricoh-type-sp-4500-407324-drum-unit\/#primaryimage","url":"https:\/\/odavprint.ee\/wp-content\/uploads\/2020\/11\/407324.png","contentUrl":"https:\/\/odavprint.ee\/wp-content\/uploads\/2020\/11\/407324.png","width":318,"height":212},{"@type":"BreadcrumbList","@id":"https:\/\/odavprint.ee\/et\/product\/ricoh-type-sp-4500-407324-drum-unit\/#breadcrumb","itemListElement":[{"@type":"ListItem","position":1,"name":"Home","item":"https:\/\/odavprint.ee\/et\/esileht\/"},{"@type":"ListItem","position":2,"name":"E-pood","item":"https:\/\/odavprint.ee\/et\/shop\/"},{"@type":"ListItem","position":3,"name":"Ricoh Type SP 4500 (407324) drum unit"}]},{"@type":"WebSite","@id":"https:\/\/odavprint.ee\/et\/#website","url":"https:\/\/odavprint.ee\/et\/","name":"Odav Print","description":"Just another WordPress site","publisher":{"@id":"https:\/\/odavprint.ee\/et\/#organization"},"alternateName":"Kassettide, toonerite t\u00e4itmine ja m\u00fc\u00fck.","potentialAction":[{"@type":"SearchAction","target":{"@type":"EntryPoint","urlTemplate":"https:\/\/odavprint.ee\/et\/?s={search_term_string}"},"query-input":"required name=search_term_string"}],"inLanguage":"et"},{"@type":["Organization","Place"],"@id":"https:\/\/odavprint.ee\/et\/#organization","name":"Odav Print O\u00dc","url":"https:\/\/odavprint.ee\/et\/","logo":{"@id":"https:\/\/odavprint.ee\/et\/product\/ricoh-type-sp-4500-407324-drum-unit\/#local-main-organization-logo"},"image":{"@id":"https:\/\/odavprint.ee\/et\/product\/ricoh-type-sp-4500-407324-drum-unit\/#local-main-organization-logo"},"address":{"@id":"https:\/\/odavprint.ee\/et\/product\/ricoh-type-sp-4500-407324-drum-unit\/#local-main-place-address"},"geo":{"@type":"GeoCoordinates","latitude":"59.4306504","longitude":"24.8095743"},"telephone":["53836926"],"openingHoursSpecification":[{"@type":"OpeningHoursSpecification","dayOfWeek":["Monday","Tuesday","Wednesday","Thursday","Friday","Saturday","Sunday"],"opens":"09:00","closes":"17:00"}],"email":"info@odavprint.eu"},{"@type":"PostalAddress","@id":"https:\/\/odavprint.ee\/et\/product\/ricoh-type-sp-4500-407324-drum-unit\/#local-main-place-address","streetAddress":"Pae tn 28","addressLocality":"Tallinn","postalCode":"11415","addressRegion":"Harjumaa","addressCountry":"EE"},{"@type":"ImageObject","inLanguage":"et","@id":"https:\/\/odavprint.ee\/et\/product\/ricoh-type-sp-4500-407324-drum-unit\/#local-main-organization-logo","url":"https:\/\/odavprint.ee\/wp-content\/uploads\/2018\/10\/odavprint-logo-240.jpg","contentUrl":"https:\/\/odavprint.ee\/wp-content\/uploads\/2018\/10\/odavprint-logo-240.jpg","width":240,"height":36,"caption":"Odav Print O\u00dc"}]},"product_price_amount":"116.00","product_price_currency":"EUR","og_availability":"instock","product_availability":"instock","product_retailer_item_id":"407324","product_condition":"new","geo.placename":"Tallinn","geo.position":{"lat":"59.4306504","long":"24.8095743"},"geo.region":"Estonia"},"_links":{"self":[{"href":"https:\/\/odavprint.ee\/et\/wp-json\/wp\/v2\/product\/61811"}],"collection":[{"href":"https:\/\/odavprint.ee\/et\/wp-json\/wp\/v2\/product"}],"about":[{"href":"https:\/\/odavprint.ee\/et\/wp-json\/wp\/v2\/types\/product"}],"wp:featuredmedia":[{"embeddable":true,"href":"https:\/\/odavprint.ee\/et\/wp-json\/wp\/v2\/media\/61812"}],"wp:attachment":[{"href":"https:\/\/odavprint.ee\/et\/wp-json\/wp\/v2\/media?parent=61811"}],"wp:term":[{"taxonomy":"product_cat","embeddable":true,"href":"https:\/\/odavprint.ee\/et\/wp-json\/wp\/v2\/product_cat?post=61811"},{"taxonomy":"product_tag","embeddable":true,"href":"https:\/\/odavprint.ee\/et\/wp-json\/wp\/v2\/product_tag?post=61811"}],"curies":[{"name":"wp","href":"https:\/\/api.w.org\/{rel}","templated":true}]}}