{"id":11089,"date":"2019-02-04T16:21:46","date_gmt":"2019-02-04T14:21:46","guid":{"rendered":"https:\/\/odavprint.preview.ee\/?page_id=11089"},"modified":"2024-11-14T21:10:38","modified_gmt":"2024-11-14T19:10:38","slug":"lexmark","status":"publish","type":"page","link":"https:\/\/odavprint.ee\/ru\/zapravka-tonerov\/lexmark\/","title":{"rendered":"Lexmark"},"content":{"rendered":"\r\n<p style=\"text-align:center\">\u0415\u0441\u043b\u0438 \u0432\u044b \u043d\u0435 \u043d\u0430\u0448\u043b\u0438 \u0432 \u0441\u043f\u0438\u0441\u043a\u0435 \u0441\u0432\u043e\u0435\u0439 \u043c\u043e\u0434\u0435\u043b\u0438, \u0442\u043e \u0441\u0432\u044f\u0436\u0438\u0442\u0435\u0441\u044c \u0441 \u043d\u0430\u043c\u0438.<\/p>\r\n\n\n\r\n<p style=\"text-align:center\">\u0418\u043d\u0444\u043e \u0438 \u0437\u0430\u043a\u0430\u0437 \u043a\u0443\u043b\u043b\u0435\u0440\u0430<strong> <a href=\"m&#97;&#x69;&#x6c;t&#111;&#58;&#x69;&#x6e;f&#111;&#x40;&#x6f;d&#97;&#118;&#x70;&#x72;i&#110;&#x74;&#x2e;e&#101;\">&#105;&#x6e;f&#x6f;&#x40;&#111;&#x64;a&#x76;&#x70;&#114;&#x69;n&#x74;&#x2e;&#101;&#x65;<\/a><\/strong> \u0438\u043b\u0438 <strong><a href=\"tel:+372 5911 9495\">+372 5911 9495<\/a><\/strong><\/p>\r\n\n\n\r\n<hr class=\"wp-block-separator crt-divider\"\/>\r\n\n\n\t<div class=\"crt-filter-container\">\n\t\t<input type=\"text\" id=\"crt-filter-model\" placeholder=\"\u041f\u043e\u0438\u0441\u043a \u043f\u043e \u043c\u043e\u0434\u0435\u043b\u0438 \u043f\u0440\u0438\u043d\u0442\u0435\u0440\u0430 \/ \u0442\u043e\u043d\u0435\u0440\u0430\" \/>\n\t<\/div>\n\t<script>\n\t\tjQuery(document).ready(function($) {\n\t\t\tvar $table = $('table.inprice').first();\n\n\t\t\tif($table.length === 0) {\n\t\t\t\treturn;\n\t\t\t}\n\n\t\t\tvar $trs = $('tbody tr', $table),\n\t\t\t\t$input = $('#crt-filter-model').first(),\n\t\t\t\t$trNoResults = $('<tr class=\"crt-no-results\"><td colspan=\"5\">\u041c\u043e\u0434\u0435\u043b\u044c \u043d\u0435 \u043d\u0430\u0439\u0434\u0435\u043d\u0430<\/td><\/tr>')\n\n\t\t\tvar $tr, $td1, $td2, query, matches = 0;\n\n\t\t\t$input.on('input', function() {\n\t\t\t\tquery = $(this).val().toLowerCase().trim();\n\t\t\t\tmatches = 0;\n\n\t\t\t\t$trs.each(function() {\n\t\t\t\t\t$tr = $(this);\n\t\t\t\t\t$td1 = $('td.one', $tr);\n\t\t\t\t\t$td2 = $('td.two', $tr);\n\n\t\t\t\t\tif($td1.text().toLowerCase().indexOf(query) > -1 || $td2.text().toLowerCase().indexOf(query) > -1) {\n\t\t\t\t\t\t$tr.show();\n\t\t\t\t\t\tmatches++;\n\t\t\t\t\t} else {\n\t\t\t\t\t\t$tr.hide();\n\t\t\t\t\t}\n\t\t\t\t});\n\n\t\t\t\tif(matches === 0) {\n\t\t\t\t\t$tr.after($trNoResults);\n\t\t\t\t} else {\n\t\t\t\t\t$trNoResults.detach();\n\t\t\t\t}\n\t\t\t});\n\t\t});\n\t<\/script>\n\t\n\n<table class=\"inprice\" cellspacing=\"0\" cellpadding=\"0\">\n<thead>\n<tr>\n<th class=\"th-one\">\u0442\u043e\u043d\u0435\u0440<\/th>\n<th class=\"th-two\">\u043c\u043e\u0434\u0435\u043b\u044c<span class=\"hide-lte-md\"> \u043f\u0440\u0438\u043d\u0442\u0435\u0440\u0430<\/span><\/th>\n<th class=\"th-three\">\u043e\u0431\u044a\u0451\u043c<\/th>\n<th class=\"th-four\">\u0446\u0435\u043d\u0430<span class=\"hide-lte-md\"> \u0441 \u043d\u0430\u043b\u043e\u0433\u043e\u043c<\/span><\/th>\n<\/tr>\n<\/thead>\n<tbody>\n<tr>\n<td class=\"one\"><strong>E 320<\/strong><\/td>\n<td class=\"two\"><strong>Lexmark:&nbsp;<\/strong>E 320 \/ 322<\/td>\n<td class=\"three\">6000 lk<\/td>\n<td class=\"five\">\n<p class=\"price\"><strong>50,40 \u20ac<\/strong><\/p>\n<\/td>\n<\/tr>\n<tr>\n<td class=\"one\"><strong>E 350<\/strong><\/td>\n<td class=\"two\"><strong>Lexmark:&nbsp;<\/strong>E 350 \/ 352<\/td>\n<td class=\"three\">9000 lk<\/td>\n<td class=\"five\">\n<p class=\"price\"><strong>45,60 \u20ac<\/strong><\/p>\n<\/td>\n<\/tr>\n<tr>\n<td class=\"one\"><strong>E250<\/strong><\/td>\n<td class=\"two\"><strong>Lexmark:<\/strong> E250, E250d, E250dn, E350, E352<\/td>\n<td class=\"three\">6000 lk<\/td>\n<td class=\"five\">\n<p class=\"price\"><strong>45,60 \u20ac<\/strong><\/p>\n<\/td>\n<\/tr>\n<tr>\n<td class=\"one\"><strong>X340<\/strong><\/td>\n<td class=\"two\"><strong>Lexmark:<\/strong> X340 \/ X342<\/td>\n<td class=\"three\">2500 lk<\/td>\n<td class=\"five\">\n<p class=\"price\"><strong>45,60 \u20ac<\/strong><\/p>\n<\/td>\n<\/tr>\n<tr>\n<td class=\"one\"><strong>E120<\/strong><\/td>\n<td class=\"two\"><strong>Lexmark:<\/strong> E120<\/td>\n<td class=\"three\">2000 lk<\/td>\n<td class=\"five\">\n<p class=\"price\"><strong>30 \u20ac<\/strong><\/p>\n<\/td>\n<\/tr>\n<tr>\n<td class=\"one\"><strong>E352<\/strong><\/td>\n<td class=\"two\"><strong>Lexmark:&nbsp;<\/strong>E 350 \/ 352<\/td>\n<td class=\"three\">9000 lk<\/td>\n<td class=\"five\">\n<p class=\"price\"><strong>70,80 \u20ac<\/strong><\/p>\n<\/td>\n<\/tr>\n<tr>\n<td class=\"one\"><strong>C540<\/strong><\/td>\n<td class=\"two\"><strong>Lexmark:&nbsp;<\/strong>C540 \/ C540N \/ C543DN \/ C544 \/ C546 \/ C548<\/td>\n<td class=\"three\">2500 lk <img decoding=\"async\" src=\"https:\/\/odavprint.ee\/wp-content\/uploads\/2019\/02\/black.jpg\" alt=\"\"><\/td>\n<td class=\"five\">\n<p class=\"price\"><strong>54 \u20ac<\/strong><\/p>\n<\/td>\n<\/tr>\n<tr>\n<td class=\"one\"><strong>C540<\/strong><\/td>\n<td class=\"two\"><strong>Lexmark:&nbsp;<\/strong>C540 \/ C540N \/ C543DN \/ C544 \/ C546 \/ C548<\/td>\n<td class=\"three\">2500 lk <img decoding=\"async\" src=\"https:\/\/odavprint.ee\/wp-content\/uploads\/2019\/02\/blue.jpg\" alt=\"\"><\/td>\n<td class=\"five\">\n<p class=\"price\"><strong>54 \u20ac<\/strong><\/p>\n<\/td>\n<\/tr>\n<tr>\n<td class=\"one\"><strong>C540<\/strong><\/td>\n<td class=\"two\"><strong>Lexmark:&nbsp;<\/strong>C540 \/ C540N \/ C543DN \/ C544 \/ C546 \/ C548<\/td>\n<td class=\"three\">2500 lk <img decoding=\"async\" src=\"https:\/\/odavprint.ee\/wp-content\/uploads\/2019\/02\/red.jpg\" alt=\"\"><\/td>\n<td class=\"five\">\n<p class=\"price\"><strong>54 \u20ac<\/strong><\/p>\n<\/td>\n<\/tr>\n<tr>\n<td class=\"one\"><strong>C540<\/strong><\/td>\n<td class=\"two\"><strong>Lexmark:&nbsp;<\/strong>C540 \/ C540N \/ C543DN \/ C544 \/ C546 \/ C548<\/td>\n<td class=\"three\">2500 lk <img decoding=\"async\" src=\"https:\/\/odavprint.ee\/wp-content\/uploads\/2019\/02\/yellow.jpg\" alt=\"\"><\/td>\n<td class=\"five\">\n<p class=\"price\"><strong>54 \u20ac<\/strong><\/p>\n<\/td>\n<\/tr>\n<\/tbody>\n<\/table>","protected":false},"excerpt":{"rendered":"<p>\u0415\u0441\u043b\u0438 \u0432\u044b \u043d\u0435 \u043d\u0430\u0448\u043b\u0438 \u0432 \u0441\u043f\u0438\u0441\u043a\u0435 \u0441\u0432\u043e\u0435\u0439 \u043c\u043e\u0434\u0435\u043b\u0438, \u0442\u043e \u0441\u0432\u044f\u0436\u0438\u0442\u0435\u0441\u044c \u0441 \u043d\u0430\u043c\u0438. \u0418\u043d\u0444\u043e \u0438 \u0437\u0430\u043a\u0430\u0437 \u043a\u0443\u043b\u043b\u0435\u0440\u0430 &#105;&#x6e;&#102;&#x6f;&#64;&#x6f;&#100;&#x61;&#118;&#x70;&#114;&#x69;&#110;&#x74;&#46;&#x65;&#101; \u0438\u043b\u0438 +372 5911 9495 E 320 Lexmark:&nbsp;E 320 \/ 322 6000 lk 50,40 \u20ac E 350 Lexmark:&nbsp;E 350 \/ 352 9000 lk 45,60 \u20ac E250 Lexmark: E250, E250d, E250dn, E350, E352 6000 lk 45,60 \u20ac X340 Lexmark: X340 [&#8230;]\n","protected":false},"author":1,"featured_media":0,"parent":382,"menu_order":0,"comment_status":"closed","ping_status":"closed","template":"page-blank-title-center.php","meta":{"inline_featured_image":false,"footnotes":""},"yoast_head":"<!-- This site is optimized with the Yoast SEO Premium plugin v23.0 (Yoast SEO v23.0) - https:\/\/yoast.com\/wordpress\/plugins\/seo\/ -->\n<title>Lexmark<\/title>\n<meta name=\"description\" content=\"\u0415\u0441\u043b\u0438 \u0432\u044b \u043d\u0435 \u043d\u0430\u0448\u043b\u0438 \u0432 \u0441\u043f\u0438\u0441\u043a\u0435 \u0441\u0432\u043e\u0435\u0439 \u043c\u043e\u0434\u0435\u043b\u0438, \u0442\u043e \u0441\u0432\u044f\u0436\u0438\u0442\u0435\u0441\u044c \u0441 \u043d\u0430\u043c\u0438. \u0418\u043d\u0444\u043e \u0438 \u0437\u0430\u043a\u0430\u0437 \u043a\u0443\u043b\u043b\u0435\u0440\u0430 &#x69;&#x6e;&#102;o&#064;&#x6f;&#x64;&#097;&#118;p&#x72;&#x69;&#110;&#116;&#046;&#x65;&#x65; \u0438\u043b\u0438 +372 5911 9495 E 320 Lexmark:&nbsp;E 320 \/ 322\" \/>\n<meta name=\"robots\" content=\"index, follow, max-snippet:-1, max-image-preview:large, max-video-preview:-1\" \/>\n<link rel=\"canonical\" href=\"https:\/\/odavprint.ee\/ru\/zapravka-tonerov\/lexmark\/\" \/>\n<meta property=\"og:locale\" content=\"ru_RU\" \/>\n<meta property=\"og:type\" content=\"article\" \/>\n<meta property=\"og:title\" content=\"Lexmark\" \/>\n<meta property=\"og:description\" content=\"\u0415\u0441\u043b\u0438 \u0432\u044b \u043d\u0435 \u043d\u0430\u0448\u043b\u0438 \u0432 \u0441\u043f\u0438\u0441\u043a\u0435 \u0441\u0432\u043e\u0435\u0439 \u043c\u043e\u0434\u0435\u043b\u0438, \u0442\u043e \u0441\u0432\u044f\u0436\u0438\u0442\u0435\u0441\u044c \u0441 \u043d\u0430\u043c\u0438. \u0418\u043d\u0444\u043e \u0438 \u0437\u0430\u043a\u0430\u0437 \u043a\u0443\u043b\u043b\u0435\u0440\u0430 info@odavprint.ee \u0438\u043b\u0438 +372 5911 9495 E 320 Lexmark:&nbsp;E 320 \/ 322\" \/>\n<meta property=\"og:url\" content=\"https:\/\/odavprint.ee\/ru\/zapravka-tonerov\/lexmark\/\" \/>\n<meta property=\"og:site_name\" content=\"Odav Print\" \/>\n<meta property=\"article:modified_time\" content=\"2024-11-14T19:10:38+00:00\" \/>\n<meta property=\"og:image\" content=\"https:\/\/odavprint.ee\/wp-content\/uploads\/2019\/02\/black.jpg\" \/>\n<meta name=\"twitter:card\" content=\"summary_large_image\" \/>\n<meta name=\"twitter:label1\" content=\"\u041f\u0440\u0438\u043c\u0435\u0440\u043d\u043e\u0435 \u0432\u0440\u0435\u043c\u044f \u0434\u043b\u044f \u0447\u0442\u0435\u043d\u0438\u044f\" \/>\n\t<meta name=\"twitter:data1\" content=\"1 \u043c\u0438\u043d\u0443\u0442\u0430\" \/>\n<script type=\"application\/ld+json\" class=\"yoast-schema-graph\">{\"@context\":\"https:\/\/schema.org\",\"@graph\":[{\"@type\":\"WebPage\",\"@id\":\"https:\/\/odavprint.ee\/ru\/zapravka-tonerov\/lexmark\/\",\"url\":\"https:\/\/odavprint.ee\/ru\/zapravka-tonerov\/lexmark\/\",\"name\":\"Lexmark\",\"isPartOf\":{\"@id\":\"https:\/\/odavprint.ee\/ru\/#website\"},\"primaryImageOfPage\":{\"@id\":\"https:\/\/odavprint.ee\/ru\/zapravka-tonerov\/lexmark\/#primaryimage\"},\"image\":{\"@id\":\"https:\/\/odavprint.ee\/ru\/zapravka-tonerov\/lexmark\/#primaryimage\"},\"thumbnailUrl\":\"https:\/\/odavprint.ee\/wp-content\/uploads\/2019\/02\/black.jpg\",\"datePublished\":\"2019-02-04T14:21:46+00:00\",\"dateModified\":\"2024-11-14T19:10:38+00:00\",\"description\":\"\u0415\u0441\u043b\u0438 \u0432\u044b \u043d\u0435 \u043d\u0430\u0448\u043b\u0438 \u0432 \u0441\u043f\u0438\u0441\u043a\u0435 \u0441\u0432\u043e\u0435\u0439 \u043c\u043e\u0434\u0435\u043b\u0438, \u0442\u043e \u0441\u0432\u044f\u0436\u0438\u0442\u0435\u0441\u044c \u0441 \u043d\u0430\u043c\u0438. \u0418\u043d\u0444\u043e \u0438 \u0437\u0430\u043a\u0430\u0437 \u043a\u0443\u043b\u043b\u0435\u0440\u0430 info@odavprint.ee \u0438\u043b\u0438 +372 5911 9495 E 320 Lexmark:&nbsp;E 320 \/ 322\",\"breadcrumb\":{\"@id\":\"https:\/\/odavprint.ee\/ru\/zapravka-tonerov\/lexmark\/#breadcrumb\"},\"inLanguage\":\"ru-RU\",\"potentialAction\":[{\"@type\":\"ReadAction\",\"target\":[\"https:\/\/odavprint.ee\/ru\/zapravka-tonerov\/lexmark\/\"]}]},{\"@type\":\"ImageObject\",\"inLanguage\":\"ru-RU\",\"@id\":\"https:\/\/odavprint.ee\/ru\/zapravka-tonerov\/lexmark\/#primaryimage\",\"url\":\"https:\/\/odavprint.ee\/wp-content\/uploads\/2019\/02\/black.jpg\",\"contentUrl\":\"https:\/\/odavprint.ee\/wp-content\/uploads\/2019\/02\/black.jpg\"},{\"@type\":\"BreadcrumbList\",\"@id\":\"https:\/\/odavprint.ee\/ru\/zapravka-tonerov\/lexmark\/#breadcrumb\",\"itemListElement\":[{\"@type\":\"ListItem\",\"position\":1,\"name\":\"Home\",\"item\":\"https:\/\/odavprint.ee\/ru\/%d0%b3%d0%bb%d0%b0%d0%b2%d0%bd%d0%b0%d1%8f\/\"},{\"@type\":\"ListItem\",\"position\":2,\"name\":\"\u0417\u0430\u043f\u0440\u0430\u0432\u043a\u0430 \u043a\u0430\u0440\u0442\u0440\u0438\u0434\u0436\u0435\u0439\",\"item\":\"https:\/\/odavprint.ee\/ru\/zapravka-tonerov\/\"},{\"@type\":\"ListItem\",\"position\":3,\"name\":\"Lexmark\"}]},{\"@type\":\"WebSite\",\"@id\":\"https:\/\/odavprint.ee\/ru\/#website\",\"url\":\"https:\/\/odavprint.ee\/ru\/\",\"name\":\"Odav Print\",\"description\":\"Just another WordPress site\",\"publisher\":{\"@id\":\"https:\/\/odavprint.ee\/ru\/#organization\"},\"alternateName\":\"Kassettide, toonerite t\u00e4itmine ja m\u00fc\u00fck.\",\"potentialAction\":[{\"@type\":\"SearchAction\",\"target\":{\"@type\":\"EntryPoint\",\"urlTemplate\":\"https:\/\/odavprint.ee\/ru\/?s={search_term_string}\"},\"query-input\":\"required name=search_term_string\"}],\"inLanguage\":\"ru-RU\"},{\"@type\":[\"Organization\",\"Place\"],\"@id\":\"https:\/\/odavprint.ee\/ru\/#organization\",\"name\":\"Odav Print O\u00dc\",\"url\":\"https:\/\/odavprint.ee\/ru\/\",\"logo\":{\"@id\":\"https:\/\/odavprint.ee\/ru\/zapravka-tonerov\/lexmark\/#local-main-organization-logo\"},\"image\":{\"@id\":\"https:\/\/odavprint.ee\/ru\/zapravka-tonerov\/lexmark\/#local-main-organization-logo\"},\"address\":{\"@id\":\"https:\/\/odavprint.ee\/ru\/zapravka-tonerov\/lexmark\/#local-main-place-address\"},\"geo\":{\"@type\":\"GeoCoordinates\",\"latitude\":\"59.4306504\",\"longitude\":\"24.8095743\"},\"telephone\":[\"53836926\"],\"openingHoursSpecification\":[{\"@type\":\"OpeningHoursSpecification\",\"dayOfWeek\":[\"Monday\",\"Tuesday\",\"Wednesday\",\"Thursday\",\"Friday\",\"Saturday\",\"Sunday\"],\"opens\":\"09:00\",\"closes\":\"17:00\"}],\"email\":\"info@odavprint.eu\"},{\"@type\":\"PostalAddress\",\"@id\":\"https:\/\/odavprint.ee\/ru\/zapravka-tonerov\/lexmark\/#local-main-place-address\",\"streetAddress\":\"Pae tn 28\",\"addressLocality\":\"Tallinn\",\"postalCode\":\"11415\",\"addressRegion\":\"Harjumaa\",\"addressCountry\":\"EE\"},{\"@type\":\"ImageObject\",\"inLanguage\":\"ru-RU\",\"@id\":\"https:\/\/odavprint.ee\/ru\/zapravka-tonerov\/lexmark\/#local-main-organization-logo\",\"url\":\"https:\/\/odavprint.ee\/wp-content\/uploads\/2018\/10\/odavprint-logo-240.jpg\",\"contentUrl\":\"https:\/\/odavprint.ee\/wp-content\/uploads\/2018\/10\/odavprint-logo-240.jpg\",\"width\":240,\"height\":36,\"caption\":\"Odav Print O\u00dc\"}]}<\/script>\n<meta name=\"geo.placename\" content=\"Tallinn\" \/>\n<meta name=\"geo.position\" content=\"59.4306504;24.8095743\" \/>\n<meta name=\"geo.region\" content=\"\u042d\u0441\u0442\u043e\u043d\u0438\u044f\" \/>\n<!-- \/ Yoast SEO Premium plugin. -->","yoast_head_json":{"title":"Lexmark","description":"\u0415\u0441\u043b\u0438 \u0432\u044b \u043d\u0435 \u043d\u0430\u0448\u043b\u0438 \u0432 \u0441\u043f\u0438\u0441\u043a\u0435 \u0441\u0432\u043e\u0435\u0439 \u043c\u043e\u0434\u0435\u043b\u0438, \u0442\u043e \u0441\u0432\u044f\u0436\u0438\u0442\u0435\u0441\u044c \u0441 \u043d\u0430\u043c\u0438. \u0418\u043d\u0444\u043e \u0438 \u0437\u0430\u043a\u0430\u0437 \u043a\u0443\u043b\u043b\u0435\u0440\u0430 i&#110;&#x66;&#x6f;&#64;&#111;&#x64;&#x61;v&#112;&#x72;&#x69;n&#116;&#x2e;&#x65;e \u0438\u043b\u0438 +372 5911 9495 E 320 Lexmark:&nbsp;E 320 \/ 322","robots":{"index":"index","follow":"follow","max-snippet":"max-snippet:-1","max-image-preview":"max-image-preview:large","max-video-preview":"max-video-preview:-1"},"canonical":"https:\/\/odavprint.ee\/ru\/zapravka-tonerov\/lexmark\/","og_locale":"ru_RU","og_type":"article","og_title":"Lexmark","og_description":"\u0415\u0441\u043b\u0438 \u0432\u044b \u043d\u0435 \u043d\u0430\u0448\u043b\u0438 \u0432 \u0441\u043f\u0438\u0441\u043a\u0435 \u0441\u0432\u043e\u0435\u0439 \u043c\u043e\u0434\u0435\u043b\u0438, \u0442\u043e \u0441\u0432\u044f\u0436\u0438\u0442\u0435\u0441\u044c \u0441 \u043d\u0430\u043c\u0438. \u0418\u043d\u0444\u043e \u0438 \u0437\u0430\u043a\u0430\u0437 \u043a\u0443\u043b\u043b\u0435\u0440\u0430 info@odavprint.ee \u0438\u043b\u0438 +372 5911 9495 E 320 Lexmark:&nbsp;E 320 \/ 322","og_url":"https:\/\/odavprint.ee\/ru\/zapravka-tonerov\/lexmark\/","og_site_name":"Odav Print","article_modified_time":"2024-11-14T19:10:38+00:00","og_image":[{"url":"https:\/\/odavprint.ee\/wp-content\/uploads\/2019\/02\/black.jpg"}],"twitter_card":"summary_large_image","twitter_misc":{"\u041f\u0440\u0438\u043c\u0435\u0440\u043d\u043e\u0435 \u0432\u0440\u0435\u043c\u044f \u0434\u043b\u044f \u0447\u0442\u0435\u043d\u0438\u044f":"1 \u043c\u0438\u043d\u0443\u0442\u0430"},"schema":{"@context":"https:\/\/schema.org","@graph":[{"@type":"WebPage","@id":"https:\/\/odavprint.ee\/ru\/zapravka-tonerov\/lexmark\/","url":"https:\/\/odavprint.ee\/ru\/zapravka-tonerov\/lexmark\/","name":"Lexmark","isPartOf":{"@id":"https:\/\/odavprint.ee\/ru\/#website"},"primaryImageOfPage":{"@id":"https:\/\/odavprint.ee\/ru\/zapravka-tonerov\/lexmark\/#primaryimage"},"image":{"@id":"https:\/\/odavprint.ee\/ru\/zapravka-tonerov\/lexmark\/#primaryimage"},"thumbnailUrl":"https:\/\/odavprint.ee\/wp-content\/uploads\/2019\/02\/black.jpg","datePublished":"2019-02-04T14:21:46+00:00","dateModified":"2024-11-14T19:10:38+00:00","description":"\u0415\u0441\u043b\u0438 \u0432\u044b \u043d\u0435 \u043d\u0430\u0448\u043b\u0438 \u0432 \u0441\u043f\u0438\u0441\u043a\u0435 \u0441\u0432\u043e\u0435\u0439 \u043c\u043e\u0434\u0435\u043b\u0438, \u0442\u043e \u0441\u0432\u044f\u0436\u0438\u0442\u0435\u0441\u044c \u0441 \u043d\u0430\u043c\u0438. \u0418\u043d\u0444\u043e \u0438 \u0437\u0430\u043a\u0430\u0437 \u043a\u0443\u043b\u043b\u0435\u0440\u0430 info@odavprint.ee \u0438\u043b\u0438 +372 5911 9495 E 320 Lexmark:&nbsp;E 320 \/ 322","breadcrumb":{"@id":"https:\/\/odavprint.ee\/ru\/zapravka-tonerov\/lexmark\/#breadcrumb"},"inLanguage":"ru-RU","potentialAction":[{"@type":"ReadAction","target":["https:\/\/odavprint.ee\/ru\/zapravka-tonerov\/lexmark\/"]}]},{"@type":"ImageObject","inLanguage":"ru-RU","@id":"https:\/\/odavprint.ee\/ru\/zapravka-tonerov\/lexmark\/#primaryimage","url":"https:\/\/odavprint.ee\/wp-content\/uploads\/2019\/02\/black.jpg","contentUrl":"https:\/\/odavprint.ee\/wp-content\/uploads\/2019\/02\/black.jpg"},{"@type":"BreadcrumbList","@id":"https:\/\/odavprint.ee\/ru\/zapravka-tonerov\/lexmark\/#breadcrumb","itemListElement":[{"@type":"ListItem","position":1,"name":"Home","item":"https:\/\/odavprint.ee\/ru\/%d0%b3%d0%bb%d0%b0%d0%b2%d0%bd%d0%b0%d1%8f\/"},{"@type":"ListItem","position":2,"name":"\u0417\u0430\u043f\u0440\u0430\u0432\u043a\u0430 \u043a\u0430\u0440\u0442\u0440\u0438\u0434\u0436\u0435\u0439","item":"https:\/\/odavprint.ee\/ru\/zapravka-tonerov\/"},{"@type":"ListItem","position":3,"name":"Lexmark"}]},{"@type":"WebSite","@id":"https:\/\/odavprint.ee\/ru\/#website","url":"https:\/\/odavprint.ee\/ru\/","name":"Odav Print","description":"Just another WordPress site","publisher":{"@id":"https:\/\/odavprint.ee\/ru\/#organization"},"alternateName":"Kassettide, toonerite t\u00e4itmine ja m\u00fc\u00fck.","potentialAction":[{"@type":"SearchAction","target":{"@type":"EntryPoint","urlTemplate":"https:\/\/odavprint.ee\/ru\/?s={search_term_string}"},"query-input":"required name=search_term_string"}],"inLanguage":"ru-RU"},{"@type":["Organization","Place"],"@id":"https:\/\/odavprint.ee\/ru\/#organization","name":"Odav Print O\u00dc","url":"https:\/\/odavprint.ee\/ru\/","logo":{"@id":"https:\/\/odavprint.ee\/ru\/zapravka-tonerov\/lexmark\/#local-main-organization-logo"},"image":{"@id":"https:\/\/odavprint.ee\/ru\/zapravka-tonerov\/lexmark\/#local-main-organization-logo"},"address":{"@id":"https:\/\/odavprint.ee\/ru\/zapravka-tonerov\/lexmark\/#local-main-place-address"},"geo":{"@type":"GeoCoordinates","latitude":"59.4306504","longitude":"24.8095743"},"telephone":["53836926"],"openingHoursSpecification":[{"@type":"OpeningHoursSpecification","dayOfWeek":["Monday","Tuesday","Wednesday","Thursday","Friday","Saturday","Sunday"],"opens":"09:00","closes":"17:00"}],"email":"info@odavprint.eu"},{"@type":"PostalAddress","@id":"https:\/\/odavprint.ee\/ru\/zapravka-tonerov\/lexmark\/#local-main-place-address","streetAddress":"Pae tn 28","addressLocality":"Tallinn","postalCode":"11415","addressRegion":"Harjumaa","addressCountry":"EE"},{"@type":"ImageObject","inLanguage":"ru-RU","@id":"https:\/\/odavprint.ee\/ru\/zapravka-tonerov\/lexmark\/#local-main-organization-logo","url":"https:\/\/odavprint.ee\/wp-content\/uploads\/2018\/10\/odavprint-logo-240.jpg","contentUrl":"https:\/\/odavprint.ee\/wp-content\/uploads\/2018\/10\/odavprint-logo-240.jpg","width":240,"height":36,"caption":"Odav Print O\u00dc"}]},"geo.placename":"Tallinn","geo.position":{"lat":"59.4306504","long":"24.8095743"},"geo.region":"\u042d\u0441\u0442\u043e\u043d\u0438\u044f"},"_links":{"self":[{"href":"https:\/\/odavprint.ee\/ru\/wp-json\/wp\/v2\/pages\/11089"}],"collection":[{"href":"https:\/\/odavprint.ee\/ru\/wp-json\/wp\/v2\/pages"}],"about":[{"href":"https:\/\/odavprint.ee\/ru\/wp-json\/wp\/v2\/types\/page"}],"author":[{"embeddable":true,"href":"https:\/\/odavprint.ee\/ru\/wp-json\/wp\/v2\/users\/1"}],"replies":[{"embeddable":true,"href":"https:\/\/odavprint.ee\/ru\/wp-json\/wp\/v2\/comments?post=11089"}],"version-history":[{"count":4,"href":"https:\/\/odavprint.ee\/ru\/wp-json\/wp\/v2\/pages\/11089\/revisions"}],"predecessor-version":[{"id":207343,"href":"https:\/\/odavprint.ee\/ru\/wp-json\/wp\/v2\/pages\/11089\/revisions\/207343"}],"up":[{"embeddable":true,"href":"https:\/\/odavprint.ee\/ru\/wp-json\/wp\/v2\/pages\/382"}],"wp:attachment":[{"href":"https:\/\/odavprint.ee\/ru\/wp-json\/wp\/v2\/media?parent=11089"}],"curies":[{"name":"wp","href":"https:\/\/api.w.org\/{rel}","templated":true}]}}