{"id":1123,"date":"2018-11-01T20:43:55","date_gmt":"2018-11-01T18:43:55","guid":{"rendered":"https:\/\/odavprint.preview.ee\/?page_id=1123"},"modified":"2021-10-28T16:36:30","modified_gmt":"2021-10-28T13:36:30","slug":"pvh-bannery-bannernye-setki-mesh","status":"publish","type":"page","link":"https:\/\/odavprint.ee\/ru\/uslugi\/pvh-bannery-bannernye-setki-mesh\/","title":{"rendered":"\u041f\u0412\u0425 \u0431\u0430\u043d\u043d\u0435\u0440\u044b \/ \u0431\u0430\u043d\u043d\u0435\u0440\u043d\u044b\u0435 \u0441\u0435\u0442\u043a\u0438 mesh"},"content":{"rendered":"\r\n\t<section class=\"section\" id=\"section_1365349570\">\n\t\t<div class=\"bg section-bg fill bg-fill  \" >\n\n\t\t\t\n\t\t\t\n\t\t\t\n\n\t\t<\/div>\n\n\t\t<div class=\"section-content relative\">\n\t\t\t <div class=\"row row-large align-middle\"  id=\"row-2043459437\"> \n\t<div id=\"col-2094861377\" class=\"col medium-12 small-12 large-6\"  >\n\t\t\t\t<div class=\"col-inner\"  >\n\t\t\t\n\t\t\t \t<div class=\"img has-hover x md-x lg-x y md-y lg-y\" id=\"image_1509361409\">\n\t\t\t\t\t\t\t\t<div class=\"img-inner box-shadow-5 dark\" >\n\t\t\t<img loading=\"lazy\" decoding=\"async\" width=\"720\" height=\"480\" src=\"https:\/\/odavprint.ee\/wp-content\/uploads\/2018\/11\/unnamed-file.jpg\" class=\"attachment-original size-original\" alt=\"\" srcset=\"https:\/\/odavprint.ee\/wp-content\/uploads\/2018\/11\/unnamed-file.jpg 720w, https:\/\/odavprint.ee\/wp-content\/uploads\/2018\/11\/unnamed-file-300x200.jpg 300w, https:\/\/odavprint.ee\/wp-content\/uploads\/2018\/11\/unnamed-file-600x400.jpg 600w\" sizes=\"(max-width: 720px) 100vw, 720px\" \/>\t\t\t\t\t\t\n\t\t\t\t\t<\/div>\n\t\t\t\t\t\t\t\t\n<style>\n#image_1509361409 {\n  width: 100%;\n}\n<\/style>\n\t<\/div>\n\t \t<div id=\"gap-1402928716\" class=\"gap-element clearfix\" style=\"display:block; height:auto;\">\n\t\t\n<style>\n#gap-1402928716 {\n  padding-top: 30px;\n}\n<\/style>\n\t<\/div>\n\t \t\t<\/div>\n\t\t\t\t\n<style>\n#col-2094861377 > .col-inner {\n  margin: 0px 0px -28px 0px;\n}\n<\/style>\n\t<\/div>\n\n\t \n\t<div id=\"col-820777667\" class=\"col medium-12 small-12 large-6\"  >\n\t\t\t\t<div class=\"col-inner\"  >\n\t\t\t\n\t\t\t\r\n<h1>\u041f\u0432\u0445 \u0431\u0430\u043d\u043d\u0435\u0440\u044b \/ \u0431\u0430\u043d\u043d\u0435\u0440\u043d\u044b\u0435 \u0441\u0435\u0442\u043a\u0438 mesh<\/h1>\r\n<div class=\"vc_row wpb_row vc_row-fluid\">\r\n<div class=\"wpb_column vc_column_container vc_col-sm-8\">\r\n<div class=\"vc_column-inner \">\r\n<div class=\"wpb_wrapper\">\r\n<div class=\"wpb_text_column wpb_content_element \">\r\n<div class=\"wpb_wrapper\">\r\n<p><strong>\u041f\u0412\u0425 \u0431\u0430\u043d\u043d\u0435\u0440<\/strong>\u00a0\u2013 \u044d\u0442\u043e \u0432\u043e\u0434\u043e\u0441\u0442\u043e\u0439\u043a\u043e\u0435 \u0438 \u0443\u0441\u0442\u043e\u0439\u0447\u0438\u0432\u043e\u0435 \u043a \u0432\u044b\u0441\u043e\u043a\u0438\u043c\/\u043d\u0438\u0437\u043a\u0438\u043c \u0442\u0435\u043c\u043f\u0435\u0440\u0430\u0442\u0443\u0440\u0430\u043c \u0440\u0435\u043a\u043b\u0430\u043c\u043d\u043e\u0435 \u0440\u0435\u0448\u0435\u043d\u0438\u0435. \u041f\u0412\u0425 \u0431\u0430\u043d\u043d\u0435\u0440\u044b \u0440\u0430\u0441\u0442\u044f\u0433\u0438\u0432\u0430\u044e\u0442 \u0438 \u043a\u0440\u0435\u043f\u044f\u0442 \u0432 \u043e\u0441\u043d\u043e\u0432\u043d\u043e\u043c \u043d\u0430 \u0440\u0430\u043c\u044b, \u0437\u0430\u0431\u043e\u0440\u044b \u0438\u043b\u0438 \u0441\u0442\u0435\u043d\u044b \u0434\u043e\u043c\u043e\u0432.<\/p>\r\n<p><strong>MESH \u0431\u0430\u043d\u043d\u0435\u0440 (\u0431\u0430\u043d\u043d\u0435\u0440\u043d\u0430\u044f \u0441\u0435\u0442\u043a\u0430)<\/strong>\u00a0\u2013 \u043f\u0435\u0440\u0444\u043e\u0440\u0438\u0440\u043e\u0432\u0430\u043d\u043d\u0430\u044f \u0431\u0430\u043d\u043d\u0435\u0440\u043d\u0430\u044f \u0442\u043a\u0430\u043d\u044c. \u041f\u0440\u0435\u0434\u043d\u0430\u0437\u043d\u0430\u0447\u0435\u043d\u0430 \u0434\u043b\u044f \u0440\u0430\u0437\u043c\u0435\u0449\u0435\u043d\u0438\u044f \u043d\u0430 \u0444\u0430\u0441\u0430\u0434\u0430\u0445 \u0437\u0434\u0430\u043d\u0438\u0439, \u0432 \u043a\u043e\u0442\u043e\u0440\u044b\u0445 \u043d\u0430\u0445\u043e\u0434\u044f\u0442\u0441\u044f \u043e\u043a\u043d\u0430, \u043a\u043e\u0433\u0434\u0430 \u043d\u0443\u0436\u043d\u043e, \u0447\u0442\u043e\u0431\u044b \u0434\u043d\u0435\u0432\u043d\u043e\u0439 \u0441\u0432\u0435\u0442 \u0432 \u043f\u043e\u043b\u043d\u043e\u043c \u043e\u0431\u044a\u0435\u043c\u0435 \u043f\u043e\u043f\u0430\u0434\u0430\u043b \u0432 \u043f\u043e\u043c\u0435\u0449\u0435\u043d\u0438\u0435.\u0422\u0430\u043a\u0436\u0435 \u0438\u0441\u043f\u043e\u043b\u044c\u0437\u0443\u0435\u0442\u0441\u044f \u043e\u0447\u0435\u043d\u044c \u0447\u0430\u0441\u0442\u043e \u043d\u0430 \u043f\u043e\u043b\u044f\u0445 \u0438 \u0432 \u043c\u0435\u0441\u0442\u0430\u0445 \u0441 \u0441\u0438\u043b\u044c\u043d\u044b\u043c\u0438 \u043f\u043e\u0440\u044b\u0432\u0430\u043c\u0438 \u0432\u0435\u0442\u0440\u0430.<\/p>\r\n<\/div>\r\n<\/div>\r\n<\/div>\r\n<\/div>\r\n<\/div>\r\n<\/div>\r\n\t\t<\/div>\n\t\t\t\t\n<style>\n#col-820777667 > .col-inner {\n  margin: 0px 0px -49px 0px;\n}\n<\/style>\n\t<\/div>\n\n\t <\/div> \t\t<\/div>\n\n\t\t\n<style>\n#section_1365349570 {\n  padding-top: 80px;\n  padding-bottom: 80px;\n}\n#section_1365349570 .section-bg.bg-loaded {\n  background-image: url(https:\/\/odavprint.ee\/wp-content\/uploads\/2018\/10\/Long-01.svg);\n}\n<\/style>\n\t<\/section>\n\t \t<section class=\"section\" id=\"section_210353519\">\n\t\t<div class=\"bg section-bg fill bg-fill  bg-loaded\" >\n\n\t\t\t\n\t\t\t\n\t\t\t\n\n\t\t<\/div>\n\n\t\t<div class=\"section-content relative\">\n\t\t\t \t<div id=\"gap-1924520764\" class=\"gap-element clearfix\" style=\"display:block; height:auto;\">\n\t\t\n<style>\n#gap-1924520764 {\n  padding-top: 30px;\n}\n<\/style>\n\t<\/div>\n\t <div class=\"row row-large align-middle\"  id=\"row-1298679370\"> \n\t<div id=\"col-1964369942\" class=\"col medium-12 small-12 large-6\"  >\n\t\t\t\t<div class=\"col-inner\"  >\n\t\t\t\n\t\t\t\r\n<h1>\u041f\u0440\u0435\u0438\u043c\u0443\u0449\u0435\u0441\u0442\u0432\u0430 \u0431\u0430\u043d\u043d\u0435\u0440\u043d\u043e\u0439 \u0440\u0435\u043a\u043b\u0430\u043c\u044b:<\/h1>\r\n<ul>\r\n<li>\u0418\u0437\u043d\u043e\u0441\u043e\u0441\u0442\u043e\u0439\u043a\u043e\u0441\u0442\u044c \u0438 \u0434\u043e\u043b\u0433\u043e\u0432\u0435\u0447\u043d\u043e\u0441\u0442\u044c. \u0421\u0440\u043e\u043a \u0441\u043b\u0443\u0436\u0431\u044b \u0431\u0430\u043d\u043d\u0435\u0440\u0430 \u043c\u043e\u0436\u0435\u0442 \u0434\u043e\u0441\u0442\u0438\u0433\u0430\u0442\u044c 4-6 \u043b\u0435\u0442<\/li>\r\n<li>\u0423\u0441\u0442\u043e\u0439\u0447\u0438\u0432\u043e\u0441\u0442\u044c \u043a \u043d\u0435\u043f\u043e\u0433\u043e\u0434\u0435. \u041e\u043d \u043d\u0435 \u0431\u043e\u0438\u0442\u0441\u044f \u0430\u0442\u043c\u043e\u0441\u0444\u0435\u0440\u043d\u044b\u0445 \u043e\u0441\u0430\u0434\u043a\u043e\u0432 \u0438 \u043f\u0435\u0440\u0435\u043f\u0430\u0434\u043e\u0432 \u0442\u0435\u043c\u043f\u0435\u0440\u0430\u0442\u0443\u0440<\/li>\r\n<li>\u0423\u0434\u043e\u0431\u043d\u043e\u0435 \u0445\u0440\u0430\u043d\u0435\u043d\u0438\u0435 \u0438 \u0442\u0440\u0430\u043d\u0441\u043f\u043e\u0440\u0442\u0438\u0440\u043e\u0432\u043a\u0430. \u0411\u0430\u043d\u043d\u0435\u0440\u044b \u043b\u0435\u0433\u043a\u043e \u0441\u043a\u043b\u0430\u0434\u044b\u0432\u0430\u044e\u0442\u0441\u044f (\u0441\u0432\u043e\u0440\u0430\u0447\u0438\u0432\u0430\u044e\u0442\u0441\u044f \u0432 \u0440\u0443\u043b\u043e\u043d)<\/li>\r\n<\/ul>\r\n<h3>\u041a\u0430\u043a \u0438 \u0438\u0437 \u0447\u0435\u0433\u043e \u0434\u0435\u043b\u0430\u0435\u0442\u0441\u044f?<\/h3>\r\n<p>\u041f\u0412\u0425\/MESH-\u0431\u0430\u043d\u043d\u0435\u0440 \u0438\u0437\u0433\u043e\u0442\u0430\u0432\u043b\u0438\u0432\u0430\u0435\u043c \u0438\u0437 \u0431\u0430\u043d\u043d\u0435\u0440\u043d\u043e\u0433\u043e \u043c\u0430\u0442\u0435\u0440\u0438\u0430\u043b\u0430. \u041a\u0440\u0430\u044f \u043f\u043e\u0434\u0432\u043e\u0440\u0430\u0447\u0438\u0432\u0430\u0435\u043c \u043d\u0430\u0437\u0430\u0434 \u0438 \u043b\u044e\u0432\u0435\u0440\u0441\u044b \u0443\u0441\u0442\u0430\u043d\u0430\u0432\u043b\u0438\u0432\u0430\u0435\u043c \u0447\u0435\u0440\u0435\u0437 \u043a\u0430\u0436\u0434\u044b\u0435 40-50\u0441\u043c.<\/p>\r\n\t\t<\/div>\n\t\t\t\t\t<\/div>\n\n\t \n\t<div id=\"col-693816606\" class=\"col medium-12 small-12 large-6 medium-col-first\"  >\n\t\t\t\t<div class=\"col-inner\"  >\n\t\t\t\n\t\t\t \t<div class=\"img has-hover x md-x lg-x y md-y lg-y\" id=\"image_493669406\">\n\t\t\t\t\t\t\t\t<div class=\"img-inner box-shadow-5 dark\" >\n\t\t\t<img loading=\"lazy\" decoding=\"async\" width=\"600\" height=\"370\" src=\"https:\/\/odavprint.ee\/wp-content\/uploads\/2018\/11\/Mesh-Banner.jpg\" class=\"attachment-original size-original\" alt=\"\" srcset=\"https:\/\/odavprint.ee\/wp-content\/uploads\/2018\/11\/Mesh-Banner.jpg 600w, https:\/\/odavprint.ee\/wp-content\/uploads\/2018\/11\/Mesh-Banner-300x185.jpg 300w\" sizes=\"(max-width: 600px) 100vw, 600px\" \/>\t\t\t\t\t\t\n\t\t\t\t\t<\/div>\n\t\t\t\t\t\t\t\t\n<style>\n#image_493669406 {\n  width: 100%;\n}\n<\/style>\n\t<\/div>\n\t \t\t<\/div>\n\t\t\t\t\t<\/div>\n\n\t <\/div> \t<div id=\"gap-89468053\" class=\"gap-element clearfix\" style=\"display:block; height:auto;\">\n\t\t\n<style>\n#gap-89468053 {\n  padding-top: 50px;\n}\n<\/style>\n\t<\/div>\n\t <div class=\"row row-large align-middle\"  id=\"row-1307350664\"> \n\t<div id=\"col-1300620012\" class=\"col medium-12 small-12 large-6\"  >\n\t\t\t\t<div class=\"col-inner\"  >\n\t\t\t\n\t\t\t \t<div class=\"img has-hover x md-x lg-x y md-y lg-y\" id=\"image_1047085649\">\n\t\t\t\t\t\t\t\t<div class=\"img-inner box-shadow-5 dark\" >\n\t\t\t<img loading=\"lazy\" decoding=\"async\" width=\"1200\" height=\"670\" src=\"https:\/\/odavprint.ee\/wp-content\/uploads\/2018\/11\/vinyl-pvc-banners-1.jpg\" class=\"attachment-original size-original\" alt=\"\" srcset=\"https:\/\/odavprint.ee\/wp-content\/uploads\/2018\/11\/vinyl-pvc-banners-1.jpg 1200w, https:\/\/odavprint.ee\/wp-content\/uploads\/2018\/11\/vinyl-pvc-banners-1-300x168.jpg 300w, https:\/\/odavprint.ee\/wp-content\/uploads\/2018\/11\/vinyl-pvc-banners-1-768x429.jpg 768w, https:\/\/odavprint.ee\/wp-content\/uploads\/2018\/11\/vinyl-pvc-banners-1-1024x572.jpg 1024w, https:\/\/odavprint.ee\/wp-content\/uploads\/2018\/11\/vinyl-pvc-banners-1-600x335.jpg 600w\" sizes=\"(max-width: 1200px) 100vw, 1200px\" \/>\t\t\t\t\t\t\n\t\t\t\t\t<\/div>\n\t\t\t\t\t\t\t\t\n<style>\n#image_1047085649 {\n  width: 100%;\n}\n<\/style>\n\t<\/div>\n\t \t\t<\/div>\n\t\t\t\t\t<\/div>\n\n\t \n\t<div id=\"col-457071685\" class=\"col medium-12 small-12 large-6\"  >\n\t\t\t\t<div class=\"col-inner\"  >\n\t\t\t\n\t\t\t\r\n<h1>\u041f\u0440\u0438\u043c\u0435\u0440\u044b \u0446\u0435\u043d<\/h1>\r\n<p><strong>\u041f\u0412\u0425\/MESH \u0431\u0430\u043d\u043d\u0435\u0440\u044b<\/strong>\u00a0\u2013 \u043a\u0440\u0430\u044f \u043f\u043e\u0434\u0432\u0451\u0440\u043d\u0443\u0442\u044b \u043d\u0430\u0437\u0430\u0434 \u0438 \u043b\u044e\u0432\u0435\u0440\u0441\u044b \u043f\u043e \u043f\u0435\u0440\u0438\u043c\u0435\u0442\u0440\u0443<\/p>\r\n<table>\r\n<thead>\r\n<tr>\r\n<td><strong>PVC\/MESH b\u00e4nnerid<\/strong><\/td>\r\n<td><strong>Suurus<\/strong><\/td>\r\n<td><strong>Hind (KMta)<\/strong><\/td>\r\n<td><strong>Hind (KMga)<\/strong><\/td>\r\n<\/tr>\r\n<\/thead>\r\n<tbody>\r\n<tr>\r\n<td>PVC b\u00e4nner<\/td>\r\n<td>2000x5000mm<\/td>\r\n<td>60.-<\/td>\r\n<td>72.-<\/td>\r\n<\/tr>\r\n<tr>\r\n<td>MESH b\u00e4nner<\/td>\r\n<td>2000x5000mm<\/td>\r\n<td>65.-<\/td>\r\n<td>78.-<\/td>\r\n<\/tr>\r\n<\/tbody>\r\n<\/table>\r\n<p><span style=\"font-size: 90%;\">\u0426\u0435\u043d\u044b \u0434\u0435\u0439\u0441\u0442\u0432\u0438\u0442\u0435\u043b\u044c\u043d\u044b \u043f\u0440\u0438 \u0443\u0441\u043b\u043e\u0432\u0438\u0438 \u043d\u0430\u043b\u0438\u0447\u0438\u044f \u0444\u0430\u0439\u043b\u0430.\u00a0<\/span><strong style=\"font-size: 90%;\">\u0414\u043b\u044f \u043f\u043e\u043b\u0443\u0447\u0435\u043d\u0438\u044f \u0431\u043e\u043b\u0435\u0435 \u0442\u043e\u0447\u043d\u043e\u0439 \u0446\u0435\u043d\u044b, \u043f\u043e\u0436\u0430\u043b\u0443\u0439\u0441\u0442\u0430 \u043e\u0442\u043f\u0440\u0430\u0432\u0442\u0435 \u043d\u0430\u043c \u0437\u0430\u043f\u0440\u043e\u0441 \u043d\u0430 <span style=\"color: #00aae7;\"><a style=\"color: #00aae7;\" href=\"&#109;&#x61;&#x69;l&#116;&#x6f;:&#105;&#x6e;&#x66;o&#64;&#x6f;d&#97;&#x76;&#x70;r&#105;&#x6e;t&#46;&#x65;&#x65;\">e-mail<\/a><\/span>.<\/strong><\/p>\r\n\t\t<\/div>\n\t\t\t\t\n<style>\n#col-457071685 > .col-inner {\n  margin: 0px 0px -27px 0px;\n}\n<\/style>\n\t<\/div>\n\n\t <\/div> \t<div id=\"gap-205093179\" class=\"gap-element clearfix\" style=\"display:block; height:auto;\">\n\t\t\n<style>\n#gap-205093179 {\n  padding-top: 45px;\n}\n<\/style>\n\t<\/div>\n\t \t\t<\/div>\n\n\t\t\n<style>\n#section_210353519 {\n  padding-top: 0px;\n  padding-bottom: 0px;\n}\n<\/style>\n\t<\/section>\n\t \t<section class=\"section\" id=\"section_2120781787\">\n\t\t<div class=\"bg section-bg fill bg-fill  \" >\n\n\t\t\t\n\t\t\t\n\t\t\t\n\n\t\t<\/div>\n\n\t\t<div class=\"section-content relative\">\n\t\t\t <div class=\"row align-middle\"  id=\"row-1173676926\"> \n\t<div id=\"col-200234636\" class=\"col text-align-center-lte-md medium-12 small-12 large-1\"  >\n\t\t\t\t<div class=\"col-inner\"  >\n\t\t\t\n\t\t\t \t<div class=\"img has-hover x md-x lg-x y md-y lg-y\" id=\"image_721503517\">\n\t\t\t\t\t\t\t\t<div class=\"img-inner dark\" >\n\t\t\t<img loading=\"lazy\" decoding=\"async\" width=\"1\" height=\"1\" src=\"https:\/\/odavprint.ee\/wp-content\/uploads\/2018\/10\/email.svg\" class=\"attachment-large size-large\" alt=\"\" \/>\t\t\t\t\t\t\n\t\t\t\t\t<\/div>\n\t\t\t\t\t\t\t\t\n<style>\n#image_721503517 {\n  width: 14%;\n}\n@media (min-width:850px) {\n  #image_721503517 {\n    width: 68%;\n  }\n}\n<\/style>\n\t<\/div>\n\t \t\t<\/div>\n\t\t\t\t\n<style>\n#col-200234636 > .col-inner {\n  margin: 0px 0px -31px 0px;\n}\n<\/style>\n\t<\/div>\n\n\t \n\t<div id=\"col-804288651\" class=\"col text-align-center-lte-md medium-12 small-12 large-7\"  >\n\t\t\t\t<div class=\"col-inner dark\"  >\n\t\t\t\n\t\t\t\r\n<p><strong><span style=\"font-size: 150%;\">\u0417\u0430\u043a\u0430\u0437\u0430\u0442\u044c \u041f\u0412\u0425 \u0431\u0430\u043d\u043d\u0435\u0440 \u0438\u043b\u0438 \u0441\u0435\u0442\u043a\u0443 Mesh<\/span><\/strong><br \/>\u0421\u0432\u044f\u0436\u0438\u0442\u0435\u0441\u044c \u0441 \u043d\u0430\u043c\u0438, \u0435\u0441\u043b\u0438 \u0436\u0435\u043b\u0430\u0435\u0442\u0435 \u0437\u0430\u043a\u0430\u0437\u0430\u0442\u044c \u0434\u0430\u043d\u043d\u0443\u044e \u0443\u0441\u043b\u0443\u0433\u0443.<\/p>\r\n\t\t<\/div>\n\t\t\t\t\n<style>\n#col-804288651 > .col-inner {\n  margin: 0px 0px -44px 0;\n}\n<\/style>\n\t<\/div>\n\n\t \n\t<div id=\"col-423910481\" class=\"col text-align-center-lte-md medium-12 small-12 large-4\"  >\n\t\t\t\t<div class=\"col-inner text-right dark\"  >\n\t\t\t\n\t\t\t <a href=\"https:\/\/odavprint.ee\/ru\/kontakt\/\" target=\"_self\" class=\"button white is-outline lowercase\"  style=\"border-radius:99px;\">\n    <span>\u041d\u0430\u0448\u0438 \u043a\u043e\u043d\u0442\u0430\u043a\u0442\u044b<\/span>\n  <\/a>\n \t\t<\/div>\n\t\t\t\t\n<style>\n#col-423910481 > .col-inner {\n  margin: 0px 0px -44px 0px;\n}\n<\/style>\n\t<\/div>\n\n\t <\/div> \t\t<\/div>\n\n\t\t\n<style>\n#section_2120781787 {\n  padding-top: 20px;\n  padding-bottom: 20px;\n  background-color: #ed008c;\n}\n#section_2120781787 .section-bg.bg-loaded {\n  background-image: url(https:\/\/odavprint.ee\/wp-content\/uploads\/2018\/10\/backs-03.svg);\n}\n<\/style>\n\t<\/section>\n\t\r\n","protected":false},"excerpt":{"rendered":"","protected":false},"author":2,"featured_media":0,"parent":489,"menu_order":0,"comment_status":"closed","ping_status":"closed","template":"page-blank.php","meta":{"inline_featured_image":false,"footnotes":""},"yoast_head":"<!-- This site is optimized with the Yoast SEO Premium plugin v23.0 (Yoast SEO v23.0) - https:\/\/yoast.com\/wordpress\/plugins\/seo\/ -->\n<title>\u041f\u0412\u0425 \u0431\u0430\u043d\u043d\u0435\u0440\u044b \/ \u0431\u0430\u043d\u043d\u0435\u0440\u043d\u044b\u0435 \u0441\u0435\u0442\u043a\u0438 mesh<\/title>\n<meta name=\"robots\" content=\"index, follow, max-snippet:-1, max-image-preview:large, max-video-preview:-1\" \/>\n<link rel=\"canonical\" href=\"https:\/\/odavprint.ee\/ru\/uslugi\/pvh-bannery-bannernye-setki-mesh\/\" \/>\n<meta property=\"og:locale\" content=\"ru_RU\" \/>\n<meta property=\"og:type\" content=\"article\" \/>\n<meta property=\"og:title\" content=\"\u041f\u0412\u0425 \u0431\u0430\u043d\u043d\u0435\u0440\u044b \/ \u0431\u0430\u043d\u043d\u0435\u0440\u043d\u044b\u0435 \u0441\u0435\u0442\u043a\u0438 mesh\" \/>\n<meta property=\"og:url\" content=\"https:\/\/odavprint.ee\/ru\/uslugi\/pvh-bannery-bannernye-setki-mesh\/\" \/>\n<meta property=\"og:site_name\" content=\"Odav Print\" \/>\n<meta property=\"article:modified_time\" content=\"2021-10-28T13:36:30+00:00\" \/>\n<meta name=\"twitter:card\" content=\"summary_large_image\" \/>\n<meta name=\"twitter:label1\" content=\"\u041f\u0440\u0438\u043c\u0435\u0440\u043d\u043e\u0435 \u0432\u0440\u0435\u043c\u044f \u0434\u043b\u044f \u0447\u0442\u0435\u043d\u0438\u044f\" \/>\n\t<meta name=\"twitter:data1\" content=\"1 \u043c\u0438\u043d\u0443\u0442\u0430\" \/>\n<script type=\"application\/ld+json\" class=\"yoast-schema-graph\">{\"@context\":\"https:\/\/schema.org\",\"@graph\":[{\"@type\":\"WebPage\",\"@id\":\"https:\/\/odavprint.ee\/ru\/uslugi\/pvh-bannery-bannernye-setki-mesh\/\",\"url\":\"https:\/\/odavprint.ee\/ru\/uslugi\/pvh-bannery-bannernye-setki-mesh\/\",\"name\":\"\u041f\u0412\u0425 \u0431\u0430\u043d\u043d\u0435\u0440\u044b \/ \u0431\u0430\u043d\u043d\u0435\u0440\u043d\u044b\u0435 \u0441\u0435\u0442\u043a\u0438 mesh\",\"isPartOf\":{\"@id\":\"https:\/\/odavprint.ee\/ru\/#website\"},\"datePublished\":\"2018-11-01T18:43:55+00:00\",\"dateModified\":\"2021-10-28T13:36:30+00:00\",\"breadcrumb\":{\"@id\":\"https:\/\/odavprint.ee\/ru\/uslugi\/pvh-bannery-bannernye-setki-mesh\/#breadcrumb\"},\"inLanguage\":\"ru-RU\",\"potentialAction\":[{\"@type\":\"ReadAction\",\"target\":[\"https:\/\/odavprint.ee\/ru\/uslugi\/pvh-bannery-bannernye-setki-mesh\/\"]}]},{\"@type\":\"BreadcrumbList\",\"@id\":\"https:\/\/odavprint.ee\/ru\/uslugi\/pvh-bannery-bannernye-setki-mesh\/#breadcrumb\",\"itemListElement\":[{\"@type\":\"ListItem\",\"position\":1,\"name\":\"Home\",\"item\":\"https:\/\/odavprint.ee\/ru\/%d0%b3%d0%bb%d0%b0%d0%b2%d0%bd%d0%b0%d1%8f\/\"},{\"@type\":\"ListItem\",\"position\":2,\"name\":\"\u0423\u0441\u043b\u0443\u0433\u0438\",\"item\":\"https:\/\/odavprint.ee\/ru\/uslugi\/\"},{\"@type\":\"ListItem\",\"position\":3,\"name\":\"\u041f\u0412\u0425 \u0431\u0430\u043d\u043d\u0435\u0440\u044b \/ \u0431\u0430\u043d\u043d\u0435\u0440\u043d\u044b\u0435 \u0441\u0435\u0442\u043a\u0438 mesh\"}]},{\"@type\":\"WebSite\",\"@id\":\"https:\/\/odavprint.ee\/ru\/#website\",\"url\":\"https:\/\/odavprint.ee\/ru\/\",\"name\":\"Odav Print\",\"description\":\"Just another WordPress site\",\"publisher\":{\"@id\":\"https:\/\/odavprint.ee\/ru\/#organization\"},\"alternateName\":\"Kassettide, toonerite t\u00e4itmine ja m\u00fc\u00fck.\",\"potentialAction\":[{\"@type\":\"SearchAction\",\"target\":{\"@type\":\"EntryPoint\",\"urlTemplate\":\"https:\/\/odavprint.ee\/ru\/?s={search_term_string}\"},\"query-input\":\"required name=search_term_string\"}],\"inLanguage\":\"ru-RU\"},{\"@type\":[\"Organization\",\"Place\"],\"@id\":\"https:\/\/odavprint.ee\/ru\/#organization\",\"name\":\"Odav Print O\u00dc\",\"url\":\"https:\/\/odavprint.ee\/ru\/\",\"logo\":{\"@id\":\"https:\/\/odavprint.ee\/ru\/uslugi\/pvh-bannery-bannernye-setki-mesh\/#local-main-organization-logo\"},\"image\":{\"@id\":\"https:\/\/odavprint.ee\/ru\/uslugi\/pvh-bannery-bannernye-setki-mesh\/#local-main-organization-logo\"},\"address\":{\"@id\":\"https:\/\/odavprint.ee\/ru\/uslugi\/pvh-bannery-bannernye-setki-mesh\/#local-main-place-address\"},\"geo\":{\"@type\":\"GeoCoordinates\",\"latitude\":\"59.4306504\",\"longitude\":\"24.8095743\"},\"telephone\":[\"53836926\"],\"openingHoursSpecification\":[{\"@type\":\"OpeningHoursSpecification\",\"dayOfWeek\":[\"Monday\",\"Tuesday\",\"Wednesday\",\"Thursday\",\"Friday\",\"Saturday\",\"Sunday\"],\"opens\":\"09:00\",\"closes\":\"17:00\"}],\"email\":\"info@odavprint.eu\"},{\"@type\":\"PostalAddress\",\"@id\":\"https:\/\/odavprint.ee\/ru\/uslugi\/pvh-bannery-bannernye-setki-mesh\/#local-main-place-address\",\"streetAddress\":\"Pae tn 28\",\"addressLocality\":\"Tallinn\",\"postalCode\":\"11415\",\"addressRegion\":\"Harjumaa\",\"addressCountry\":\"EE\"},{\"@type\":\"ImageObject\",\"inLanguage\":\"ru-RU\",\"@id\":\"https:\/\/odavprint.ee\/ru\/uslugi\/pvh-bannery-bannernye-setki-mesh\/#local-main-organization-logo\",\"url\":\"https:\/\/odavprint.ee\/wp-content\/uploads\/2018\/10\/odavprint-logo-240.jpg\",\"contentUrl\":\"https:\/\/odavprint.ee\/wp-content\/uploads\/2018\/10\/odavprint-logo-240.jpg\",\"width\":240,\"height\":36,\"caption\":\"Odav Print O\u00dc\"}]}<\/script>\n<meta name=\"geo.placename\" content=\"Tallinn\" \/>\n<meta name=\"geo.position\" content=\"59.4306504;24.8095743\" \/>\n<meta name=\"geo.region\" content=\"\u042d\u0441\u0442\u043e\u043d\u0438\u044f\" \/>\n<!-- \/ Yoast SEO Premium plugin. -->","yoast_head_json":{"title":"\u041f\u0412\u0425 \u0431\u0430\u043d\u043d\u0435\u0440\u044b \/ \u0431\u0430\u043d\u043d\u0435\u0440\u043d\u044b\u0435 \u0441\u0435\u0442\u043a\u0438 mesh","robots":{"index":"index","follow":"follow","max-snippet":"max-snippet:-1","max-image-preview":"max-image-preview:large","max-video-preview":"max-video-preview:-1"},"canonical":"https:\/\/odavprint.ee\/ru\/uslugi\/pvh-bannery-bannernye-setki-mesh\/","og_locale":"ru_RU","og_type":"article","og_title":"\u041f\u0412\u0425 \u0431\u0430\u043d\u043d\u0435\u0440\u044b \/ \u0431\u0430\u043d\u043d\u0435\u0440\u043d\u044b\u0435 \u0441\u0435\u0442\u043a\u0438 mesh","og_url":"https:\/\/odavprint.ee\/ru\/uslugi\/pvh-bannery-bannernye-setki-mesh\/","og_site_name":"Odav Print","article_modified_time":"2021-10-28T13:36:30+00:00","twitter_card":"summary_large_image","twitter_misc":{"\u041f\u0440\u0438\u043c\u0435\u0440\u043d\u043e\u0435 \u0432\u0440\u0435\u043c\u044f \u0434\u043b\u044f \u0447\u0442\u0435\u043d\u0438\u044f":"1 \u043c\u0438\u043d\u0443\u0442\u0430"},"schema":{"@context":"https:\/\/schema.org","@graph":[{"@type":"WebPage","@id":"https:\/\/odavprint.ee\/ru\/uslugi\/pvh-bannery-bannernye-setki-mesh\/","url":"https:\/\/odavprint.ee\/ru\/uslugi\/pvh-bannery-bannernye-setki-mesh\/","name":"\u041f\u0412\u0425 \u0431\u0430\u043d\u043d\u0435\u0440\u044b \/ \u0431\u0430\u043d\u043d\u0435\u0440\u043d\u044b\u0435 \u0441\u0435\u0442\u043a\u0438 mesh","isPartOf":{"@id":"https:\/\/odavprint.ee\/ru\/#website"},"datePublished":"2018-11-01T18:43:55+00:00","dateModified":"2021-10-28T13:36:30+00:00","breadcrumb":{"@id":"https:\/\/odavprint.ee\/ru\/uslugi\/pvh-bannery-bannernye-setki-mesh\/#breadcrumb"},"inLanguage":"ru-RU","potentialAction":[{"@type":"ReadAction","target":["https:\/\/odavprint.ee\/ru\/uslugi\/pvh-bannery-bannernye-setki-mesh\/"]}]},{"@type":"BreadcrumbList","@id":"https:\/\/odavprint.ee\/ru\/uslugi\/pvh-bannery-bannernye-setki-mesh\/#breadcrumb","itemListElement":[{"@type":"ListItem","position":1,"name":"Home","item":"https:\/\/odavprint.ee\/ru\/%d0%b3%d0%bb%d0%b0%d0%b2%d0%bd%d0%b0%d1%8f\/"},{"@type":"ListItem","position":2,"name":"\u0423\u0441\u043b\u0443\u0433\u0438","item":"https:\/\/odavprint.ee\/ru\/uslugi\/"},{"@type":"ListItem","position":3,"name":"\u041f\u0412\u0425 \u0431\u0430\u043d\u043d\u0435\u0440\u044b \/ \u0431\u0430\u043d\u043d\u0435\u0440\u043d\u044b\u0435 \u0441\u0435\u0442\u043a\u0438 mesh"}]},{"@type":"WebSite","@id":"https:\/\/odavprint.ee\/ru\/#website","url":"https:\/\/odavprint.ee\/ru\/","name":"Odav Print","description":"Just another WordPress site","publisher":{"@id":"https:\/\/odavprint.ee\/ru\/#organization"},"alternateName":"Kassettide, toonerite t\u00e4itmine ja m\u00fc\u00fck.","potentialAction":[{"@type":"SearchAction","target":{"@type":"EntryPoint","urlTemplate":"https:\/\/odavprint.ee\/ru\/?s={search_term_string}"},"query-input":"required name=search_term_string"}],"inLanguage":"ru-RU"},{"@type":["Organization","Place"],"@id":"https:\/\/odavprint.ee\/ru\/#organization","name":"Odav Print O\u00dc","url":"https:\/\/odavprint.ee\/ru\/","logo":{"@id":"https:\/\/odavprint.ee\/ru\/uslugi\/pvh-bannery-bannernye-setki-mesh\/#local-main-organization-logo"},"image":{"@id":"https:\/\/odavprint.ee\/ru\/uslugi\/pvh-bannery-bannernye-setki-mesh\/#local-main-organization-logo"},"address":{"@id":"https:\/\/odavprint.ee\/ru\/uslugi\/pvh-bannery-bannernye-setki-mesh\/#local-main-place-address"},"geo":{"@type":"GeoCoordinates","latitude":"59.4306504","longitude":"24.8095743"},"telephone":["53836926"],"openingHoursSpecification":[{"@type":"OpeningHoursSpecification","dayOfWeek":["Monday","Tuesday","Wednesday","Thursday","Friday","Saturday","Sunday"],"opens":"09:00","closes":"17:00"}],"email":"info@odavprint.eu"},{"@type":"PostalAddress","@id":"https:\/\/odavprint.ee\/ru\/uslugi\/pvh-bannery-bannernye-setki-mesh\/#local-main-place-address","streetAddress":"Pae tn 28","addressLocality":"Tallinn","postalCode":"11415","addressRegion":"Harjumaa","addressCountry":"EE"},{"@type":"ImageObject","inLanguage":"ru-RU","@id":"https:\/\/odavprint.ee\/ru\/uslugi\/pvh-bannery-bannernye-setki-mesh\/#local-main-organization-logo","url":"https:\/\/odavprint.ee\/wp-content\/uploads\/2018\/10\/odavprint-logo-240.jpg","contentUrl":"https:\/\/odavprint.ee\/wp-content\/uploads\/2018\/10\/odavprint-logo-240.jpg","width":240,"height":36,"caption":"Odav Print O\u00dc"}]},"geo.placename":"Tallinn","geo.position":{"lat":"59.4306504","long":"24.8095743"},"geo.region":"\u042d\u0441\u0442\u043e\u043d\u0438\u044f"},"_links":{"self":[{"href":"https:\/\/odavprint.ee\/ru\/wp-json\/wp\/v2\/pages\/1123"}],"collection":[{"href":"https:\/\/odavprint.ee\/ru\/wp-json\/wp\/v2\/pages"}],"about":[{"href":"https:\/\/odavprint.ee\/ru\/wp-json\/wp\/v2\/types\/page"}],"author":[{"embeddable":true,"href":"https:\/\/odavprint.ee\/ru\/wp-json\/wp\/v2\/users\/2"}],"replies":[{"embeddable":true,"href":"https:\/\/odavprint.ee\/ru\/wp-json\/wp\/v2\/comments?post=1123"}],"version-history":[{"count":10,"href":"https:\/\/odavprint.ee\/ru\/wp-json\/wp\/v2\/pages\/1123\/revisions"}],"predecessor-version":[{"id":141618,"href":"https:\/\/odavprint.ee\/ru\/wp-json\/wp\/v2\/pages\/1123\/revisions\/141618"}],"up":[{"embeddable":true,"href":"https:\/\/odavprint.ee\/ru\/wp-json\/wp\/v2\/pages\/489"}],"wp:attachment":[{"href":"https:\/\/odavprint.ee\/ru\/wp-json\/wp\/v2\/media?parent=1123"}],"curies":[{"name":"wp","href":"https:\/\/api.w.org\/{rel}","templated":true}]}}