{"id":11351,"date":"2018-11-01T00:14:37","date_gmt":"2018-10-31T22:14:37","guid":{"rendered":"https:\/\/odavprint.preview.ee\/otkrytki-i-priglashenija\/"},"modified":"2023-03-20T18:38:58","modified_gmt":"2023-03-20T16:38:58","slug":"postkaardid-kutsed","status":"publish","type":"page","link":"https:\/\/odavprint.ee\/ru\/teenused\/postkaardid-kutsed\/","title":{"rendered":"Postkaardid \/ kutsed"},"content":{"rendered":"\t<section class=\"section\" id=\"section_593086626\">\n\t\t<div class=\"bg section-bg fill bg-fill  \" >\n\n\t\t\t\n\t\t\t\n\t\t\t\n\n\t\t<\/div>\n\n\t\t<div class=\"section-content relative\">\n\t\t\t\n<div class=\"row row-large align-middle\"  id=\"row-546827000\">\n\n\t<div id=\"col-461325890\" class=\"col medium-12 small-12 large-6\"  >\n\t\t\t\t<div class=\"col-inner\"  >\n\t\t\t\n\t\t\t\n\t<div class=\"img has-hover x md-x lg-x y md-y lg-y\" id=\"image_1498372152\">\n\t\t\t\t\t\t\t\t<div class=\"img-inner box-shadow-5 dark\" >\n\t\t\t<img loading=\"lazy\" decoding=\"async\" width=\"716\" height=\"478\" src=\"https:\/\/odavprint.ee\/wp-content\/uploads\/2018\/11\/A-Formal-Wedding-Invitation-ten-wedding-traditions-can-totally-skip-1.jpg\" class=\"attachment-original size-original\" alt=\"\" srcset=\"https:\/\/odavprint.ee\/wp-content\/uploads\/2018\/11\/A-Formal-Wedding-Invitation-ten-wedding-traditions-can-totally-skip-1.jpg 716w, https:\/\/odavprint.ee\/wp-content\/uploads\/2018\/11\/A-Formal-Wedding-Invitation-ten-wedding-traditions-can-totally-skip-1-300x200.jpg 300w, https:\/\/odavprint.ee\/wp-content\/uploads\/2018\/11\/A-Formal-Wedding-Invitation-ten-wedding-traditions-can-totally-skip-1-600x401.jpg 600w\" sizes=\"(max-width: 716px) 100vw, 716px\" \/>\t\t\t\t\t\t\n\t\t\t\t\t<\/div>\n\t\t\t\t\t\t\t\t\n<style>\n#image_1498372152 {\n  width: 100%;\n}\n<\/style>\n\t<\/div>\n\t\n\t<div id=\"gap-1979091307\" class=\"gap-element clearfix\" style=\"display:block; height:auto;\">\n\t\t\n<style>\n#gap-1979091307 {\n  padding-top: 30px;\n}\n<\/style>\n\t<\/div>\n\t\n\t\t<\/div>\n\t\t\t\t\n<style>\n#col-461325890 > .col-inner {\n  margin: 0px 0px -28px 0px;\n}\n<\/style>\n\t<\/div>\n\n\t\n\n\t<div id=\"col-631415100\" class=\"col medium-12 small-12 large-6\"  >\n\t\t\t\t<div class=\"col-inner\"  >\n\t\t\t\n\t\t\t\n<h1><span data-sheets-value=\"{&quot;1&quot;:2,&quot;2&quot;:&quot;postkaartide tr\u00fckkimine&quot;}\" data-sheets-userformat=\"{&quot;2&quot;:16959,&quot;3&quot;:{&quot;1&quot;:0},&quot;4&quot;:{&quot;1&quot;:2,&quot;2&quot;:16776960},&quot;5&quot;:{&quot;1&quot;:&#091;{&quot;1&quot;:2,&quot;2&quot;:0,&quot;5&quot;:{&quot;1&quot;:2,&quot;2&quot;:0}},{&quot;1&quot;:0,&quot;2&quot;:0,&quot;3&quot;:3},{&quot;1&quot;:1,&quot;2&quot;:0,&quot;4&quot;:1}&#093;},&quot;6&quot;:{&quot;1&quot;:&#091;{&quot;1&quot;:2,&quot;2&quot;:0,&quot;5&quot;:{&quot;1&quot;:2,&quot;2&quot;:0}},{&quot;1&quot;:0,&quot;2&quot;:0,&quot;3&quot;:3},{&quot;1&quot;:1,&quot;2&quot;:0,&quot;4&quot;:1}&#093;},&quot;7&quot;:{&quot;1&quot;:&#091;{&quot;1&quot;:2,&quot;2&quot;:0,&quot;5&quot;:{&quot;1&quot;:2,&quot;2&quot;:0}},{&quot;1&quot;:0,&quot;2&quot;:0,&quot;3&quot;:3},{&quot;1&quot;:1,&quot;2&quot;:0,&quot;4&quot;:1}&#093;},&quot;8&quot;:{&quot;1&quot;:&#091;{&quot;1&quot;:2,&quot;2&quot;:0,&quot;5&quot;:{&quot;1&quot;:2,&quot;2&quot;:0}},{&quot;1&quot;:0,&quot;2&quot;:0,&quot;3&quot;:3},{&quot;1&quot;:1,&quot;2&quot;:0,&quot;4&quot;:1}&#093;},&quot;12&quot;:0,&quot;17&quot;:1}\">Postkaartide tr\u00fckkimine<\/span><\/h1>\n<div class=\"vc_row wpb_row vc_row-fluid\">\n<div class=\"wpb_column vc_column_container vc_col-sm-8\">\n<div class=\"vc_column-inner \">\n<div class=\"wpb_wrapper\">\n<div class=\"wpb_text_column wpb_content_element \">\n<div class=\"wpb_wrapper\">\n<p><strong>Postkaarte<\/strong>\u00a0kingitakse sugulastele v\u00f5i \u00e4ripartneritele p\u00fchadeks.<\/p>\n<p><strong>Kutseid<\/strong>\u00a0h\u00f5lmab \u00e4rietikett, samuti pulmad ja muud \u00fcritused.<\/p>\n<p><strong>Kinkekaart<\/strong>\u00a0on universaalne kingitus!<\/p>\n<\/div>\n<\/div>\n<\/div>\n<\/div>\n<\/div>\n<\/div>\n\t\t<\/div>\n\t\t\t\t\n<style>\n#col-631415100 > .col-inner {\n  margin: 0px 0px -49px 0px;\n}\n<\/style>\n\t<\/div>\n\n\t\n<\/div>\n\t\t<\/div>\n\n\t\t\n<style>\n#section_593086626 {\n  padding-top: 80px;\n  padding-bottom: 80px;\n}\n#section_593086626 .section-bg.bg-loaded {\n  background-image: url(https:\/\/odavprint.ee\/wp-content\/uploads\/2018\/10\/Long-01.svg);\n}\n<\/style>\n\t<\/section>\n\t\n\t<section class=\"section\" id=\"section_1701478525\">\n\t\t<div class=\"bg section-bg fill bg-fill  bg-loaded\" >\n\n\t\t\t\n\t\t\t\n\t\t\t\n\n\t\t<\/div>\n\n\t\t<div class=\"section-content relative\">\n\t\t\t\n\t<div id=\"gap-1999415455\" class=\"gap-element clearfix\" style=\"display:block; height:auto;\">\n\t\t\n<style>\n#gap-1999415455 {\n  padding-top: 30px;\n}\n<\/style>\n\t<\/div>\n\t\n<div class=\"row row-large align-middle\"  id=\"row-178006635\">\n\n\t<div id=\"col-208602243\" class=\"col medium-12 small-12 large-6\"  >\n\t\t\t\t<div class=\"col-inner\"  >\n\t\t\t\n\t\t\t\n<h2>Kuidas ja millest valmistame?<\/h2>\n<p><span data-sheets-value=\"{&quot;1&quot;:2,&quot;2&quot;:&quot;postkaartide tr\u00fckkimine&quot;}\" data-sheets-userformat=\"{&quot;2&quot;:16959,&quot;3&quot;:{&quot;1&quot;:0},&quot;4&quot;:{&quot;1&quot;:2,&quot;2&quot;:16776960},&quot;5&quot;:{&quot;1&quot;:&#091;{&quot;1&quot;:2,&quot;2&quot;:0,&quot;5&quot;:{&quot;1&quot;:2,&quot;2&quot;:0}},{&quot;1&quot;:0,&quot;2&quot;:0,&quot;3&quot;:3},{&quot;1&quot;:1,&quot;2&quot;:0,&quot;4&quot;:1}&#093;},&quot;6&quot;:{&quot;1&quot;:&#091;{&quot;1&quot;:2,&quot;2&quot;:0,&quot;5&quot;:{&quot;1&quot;:2,&quot;2&quot;:0}},{&quot;1&quot;:0,&quot;2&quot;:0,&quot;3&quot;:3},{&quot;1&quot;:1,&quot;2&quot;:0,&quot;4&quot;:1}&#093;},&quot;7&quot;:{&quot;1&quot;:&#091;{&quot;1&quot;:2,&quot;2&quot;:0,&quot;5&quot;:{&quot;1&quot;:2,&quot;2&quot;:0}},{&quot;1&quot;:0,&quot;2&quot;:0,&quot;3&quot;:3},{&quot;1&quot;:1,&quot;2&quot;:0,&quot;4&quot;:1}&#093;},&quot;8&quot;:{&quot;1&quot;:&#091;{&quot;1&quot;:2,&quot;2&quot;:0,&quot;5&quot;:{&quot;1&quot;:2,&quot;2&quot;:0}},{&quot;1&quot;:0,&quot;2&quot;:0,&quot;3&quot;:3},{&quot;1&quot;:1,&quot;2&quot;:0,&quot;4&quot;:1}&#093;},&quot;12&quot;:0,&quot;17&quot;:1}\">Postkaartide tr\u00fckkimine<\/span> <strong>tavalisel \u2013 ja disainpaberil<\/strong>. Tavaliselt kasutatame paksemat paberit\u00a0<strong>250 &#8212; 300 g\/m2<\/strong>.<\/p>\n\t\t<\/div>\n\t\t\t\t\t<\/div>\n\n\t\n\n\t<div id=\"col-1057895492\" class=\"col medium-12 small-12 large-6 medium-col-first\"  >\n\t\t\t\t<div class=\"col-inner\"  >\n\t\t\t\n\t\t\t\n\t<div class=\"img has-hover x md-x lg-x y md-y lg-y\" id=\"image_378840318\">\n\t\t\t\t\t\t\t\t<div class=\"img-inner box-shadow-5 dark\" >\n\t\t\t<img loading=\"lazy\" decoding=\"async\" width=\"650\" height=\"456\" src=\"https:\/\/odavprint.ee\/wp-content\/uploads\/2018\/11\/postcards.jpg\" class=\"attachment-original size-original\" alt=\"\" srcset=\"https:\/\/odavprint.ee\/wp-content\/uploads\/2018\/11\/postcards.jpg 650w, https:\/\/odavprint.ee\/wp-content\/uploads\/2018\/11\/postcards-300x210.jpg 300w, https:\/\/odavprint.ee\/wp-content\/uploads\/2018\/11\/postcards-600x421.jpg 600w\" sizes=\"(max-width: 650px) 100vw, 650px\" \/>\t\t\t\t\t\t\n\t\t\t\t\t<\/div>\n\t\t\t\t\t\t\t\t\n<style>\n#image_378840318 {\n  width: 100%;\n}\n<\/style>\n\t<\/div>\n\t\n\t\t<\/div>\n\t\t\t\t\t<\/div>\n\n\t\n<\/div>\n\t<div id=\"gap-1339074694\" class=\"gap-element clearfix\" style=\"display:block; height:auto;\">\n\t\t\n<style>\n#gap-1339074694 {\n  padding-top: 50px;\n}\n<\/style>\n\t<\/div>\n\t\n<div class=\"row row-large align-middle\"  id=\"row-769099737\">\n\n\t<div id=\"col-1471302012\" class=\"col medium-12 small-12 large-6\"  >\n\t\t\t\t<div class=\"col-inner\"  >\n\t\t\t\n\t\t\t\n\t<div class=\"img has-hover x md-x lg-x y md-y lg-y\" id=\"image_1321263130\">\n\t\t\t\t\t\t\t\t<div class=\"img-inner image-cover box-shadow-5 dark\" style=\"padding-top:67%;\">\n\t\t\t<img loading=\"lazy\" decoding=\"async\" width=\"800\" height=\"600\" src=\"https:\/\/odavprint.ee\/wp-content\/uploads\/2018\/11\/shutterstock_400219609-800x600.jpg\" class=\"attachment-original size-original\" alt=\"\" srcset=\"https:\/\/odavprint.ee\/wp-content\/uploads\/2018\/11\/shutterstock_400219609-800x600.jpg 800w, https:\/\/odavprint.ee\/wp-content\/uploads\/2018\/11\/shutterstock_400219609-800x600-300x225.jpg 300w, https:\/\/odavprint.ee\/wp-content\/uploads\/2018\/11\/shutterstock_400219609-800x600-768x576.jpg 768w, https:\/\/odavprint.ee\/wp-content\/uploads\/2018\/11\/shutterstock_400219609-800x600-600x450.jpg 600w\" sizes=\"(max-width: 800px) 100vw, 800px\" \/>\t\t\t\t\t\t\n\t\t\t\t\t<\/div>\n\t\t\t\t\t\t\t\t\n<style>\n#image_1321263130 {\n  width: 100%;\n}\n<\/style>\n\t<\/div>\n\t\n\t\t<\/div>\n\t\t\t\t\t<\/div>\n\n\t\n\n\t<div id=\"col-1029422431\" class=\"col medium-12 small-12 large-6\"  >\n\t\t\t\t<div class=\"col-inner\"  >\n\t\t\t\n\t\t\t\n<p>T\u00e4psema hinna teadasaamiseks, saatke palun p\u00e4ringu meilile <span style=\"color: #00aae7;\"><a style=\"color: #00aae7;\" href=\"&#x6d;&#x61;&#x69;&#x6c;&#x74;&#x6f;&#x3a;&#105;&#110;&#102;&#111;&#64;odav&#x70;&#x72;&#x69;&#x6e;&#x74;&#x2e;&#x65;&#x65;\">e-mail<\/a><\/span>.<\/p>\n<p>Paluks p\u00e4ringus saata ka faili PDF formaadis m\u00f5\u00f5tudega.<\/p>\n\t\t<\/div>\n\t\t\t\t\n<style>\n#col-1029422431 > .col-inner {\n  margin: 0px 0px -27px 0px;\n}\n<\/style>\n\t<\/div>\n\n\t\n<\/div>\n\t<div id=\"gap-147913455\" class=\"gap-element clearfix\" style=\"display:block; height:auto;\">\n\t\t\n<style>\n#gap-147913455 {\n  padding-top: 45px;\n}\n<\/style>\n\t<\/div>\n\t\n\t\t<\/div>\n\n\t\t\n<style>\n#section_1701478525 {\n  padding-top: 0px;\n  padding-bottom: 0px;\n}\n<\/style>\n\t<\/section>\n\t\n\t<section class=\"section\" id=\"section_179747382\">\n\t\t<div class=\"bg section-bg fill bg-fill  \" >\n\n\t\t\t\n\t\t\t\n\t\t\t\n\n\t\t<\/div>\n\n\t\t<div class=\"section-content relative\">\n\t\t\t\n<div class=\"row align-middle\"  id=\"row-1467890996\">\n\n\t<div id=\"col-519187418\" class=\"col text-align-center-lte-md medium-12 small-12 large-1\"  >\n\t\t\t\t<div class=\"col-inner\"  >\n\t\t\t\n\t\t\t\n\t<div class=\"img has-hover x md-x lg-x y md-y lg-y\" id=\"image_1823195406\">\n\t\t\t\t\t\t\t\t<div class=\"img-inner dark\" >\n\t\t\t<img loading=\"lazy\" decoding=\"async\" width=\"1\" height=\"1\" src=\"https:\/\/odavprint.ee\/wp-content\/uploads\/2018\/10\/email.svg\" class=\"attachment-large size-large\" alt=\"\" \/>\t\t\t\t\t\t\n\t\t\t\t\t<\/div>\n\t\t\t\t\t\t\t\t\n<style>\n#image_1823195406 {\n  width: 13%;\n}\n@media (min-width:850px) {\n  #image_1823195406 {\n    width: 68%;\n  }\n}\n<\/style>\n\t<\/div>\n\t\n\t\t<\/div>\n\t\t\t\t\n<style>\n#col-519187418 > .col-inner {\n  margin: 0px 0px -31px 0px;\n}\n<\/style>\n\t<\/div>\n\n\t\n\n\t<div id=\"col-738805936\" class=\"col text-align-center-lte-md medium-12 small-12 large-7\"  >\n\t\t\t\t<div class=\"col-inner dark\"  >\n\t\t\t\n\t\t\t\n<p><strong><span style=\"font-size: 150%;\">Postkaardide ja kutsede printimine<\/span><\/strong><br \/>\nKui soovite seda teenust tellida, v\u00f5tke meiega \u00fchendust.<\/p>\n\t\t<\/div>\n\t\t\t\t\n<style>\n#col-738805936 > .col-inner {\n  margin: 0px 0px -44px 0;\n}\n<\/style>\n\t<\/div>\n\n\t\n\n\t<div id=\"col-768833321\" class=\"col text-align-center-lte-md medium-12 small-12 large-4\"  >\n\t\t\t\t<div class=\"col-inner text-right dark\"  >\n\t\t\t\n\t\t\t\n<a href=\"https:\/\/odavprint.ee\/et\/kontakt\/\" target=\"_self\" class=\"button white is-outline lowercase\"  style=\"border-radius:99px;\">\n    <span>Meie kontaktid<\/span>\n  <\/a>\n\n\t\t<\/div>\n\t\t\t\t\n<style>\n#col-768833321 > .col-inner {\n  margin: 0px 0px -44px 0px;\n}\n<\/style>\n\t<\/div>\n\n\t\n<\/div>\n\t\t<\/div>\n\n\t\t\n<style>\n#section_179747382 {\n  padding-top: 20px;\n  padding-bottom: 20px;\n  background-color: #ed008c;\n}\n#section_179747382 .section-bg.bg-loaded {\n  background-image: url(https:\/\/odavprint.ee\/wp-content\/uploads\/2018\/10\/backs-03.svg);\n}\n<\/style>\n\t<\/section>\n\t\n","protected":false},"excerpt":{"rendered":"","protected":false},"author":2,"featured_media":0,"parent":11319,"menu_order":0,"comment_status":"closed","ping_status":"closed","template":"page-blank.php","meta":{"inline_featured_image":false,"footnotes":""},"yoast_head":"<!-- This site is optimized with the Yoast SEO Premium plugin v23.0 (Yoast SEO v23.0) - https:\/\/yoast.com\/wordpress\/plugins\/seo\/ -->\n<title>Postkaartide tr\u00fckkimine - kutsete printimine Tallinnas - Odav Print<\/title>\n<meta name=\"description\" content=\"Postkaartide tr\u00fckkimine Odav Printis \u260e +372 5911 9495 \u2714\ufe0f Parimad hinnad kutsete printimine Tallinnas \u2714\ufe0f Postkaardi tr\u00fckk \u2b50 Kiire ja kvaliteetne\" \/>\n<meta name=\"robots\" content=\"index, follow, max-snippet:-1, max-image-preview:large, max-video-preview:-1\" \/>\n<link rel=\"canonical\" href=\"https:\/\/odavprint.ee\/ru\/teenused\/postkaardid-kutsed\/\" \/>\n<meta property=\"og:locale\" content=\"ru_RU\" \/>\n<meta property=\"og:type\" content=\"article\" \/>\n<meta property=\"og:title\" content=\"Postkaardid \/ kutsed\" \/>\n<meta property=\"og:description\" content=\"Postkaartide tr\u00fckkimine Odav Printis \u260e +372 5911 9495 \u2714\ufe0f Parimad hinnad kutsete printimine Tallinnas \u2714\ufe0f Postkaardi tr\u00fckk \u2b50 Kiire ja kvaliteetne\" \/>\n<meta property=\"og:url\" content=\"https:\/\/odavprint.ee\/ru\/teenused\/postkaardid-kutsed\/\" \/>\n<meta property=\"og:site_name\" content=\"Odav Print\" \/>\n<meta property=\"article:modified_time\" content=\"2023-03-20T16:38:58+00:00\" \/>\n<meta name=\"twitter:card\" content=\"summary_large_image\" \/>\n<meta name=\"twitter:label1\" content=\"\u041f\u0440\u0438\u043c\u0435\u0440\u043d\u043e\u0435 \u0432\u0440\u0435\u043c\u044f \u0434\u043b\u044f \u0447\u0442\u0435\u043d\u0438\u044f\" \/>\n\t<meta name=\"twitter:data1\" content=\"1 \u043c\u0438\u043d\u0443\u0442\u0430\" \/>\n<script type=\"application\/ld+json\" class=\"yoast-schema-graph\">{\"@context\":\"https:\/\/schema.org\",\"@graph\":[{\"@type\":\"WebPage\",\"@id\":\"https:\/\/odavprint.ee\/ru\/teenused\/postkaardid-kutsed\/\",\"url\":\"https:\/\/odavprint.ee\/ru\/teenused\/postkaardid-kutsed\/\",\"name\":\"Postkaartide tr\u00fckkimine - kutsete printimine Tallinnas - Odav Print\",\"isPartOf\":{\"@id\":\"https:\/\/odavprint.ee\/ru\/#website\"},\"datePublished\":\"2018-10-31T22:14:37+00:00\",\"dateModified\":\"2023-03-20T16:38:58+00:00\",\"description\":\"Postkaartide tr\u00fckkimine Odav Printis \u260e +372 5911 9495 \u2714\ufe0f Parimad hinnad kutsete printimine Tallinnas \u2714\ufe0f Postkaardi tr\u00fckk \u2b50 Kiire ja kvaliteetne\",\"breadcrumb\":{\"@id\":\"https:\/\/odavprint.ee\/ru\/teenused\/postkaardid-kutsed\/#breadcrumb\"},\"inLanguage\":\"ru-RU\",\"potentialAction\":[{\"@type\":\"ReadAction\",\"target\":[\"https:\/\/odavprint.ee\/ru\/teenused\/postkaardid-kutsed\/\"]}]},{\"@type\":\"BreadcrumbList\",\"@id\":\"https:\/\/odavprint.ee\/ru\/teenused\/postkaardid-kutsed\/#breadcrumb\",\"itemListElement\":[{\"@type\":\"ListItem\",\"position\":1,\"name\":\"Home\",\"item\":\"https:\/\/odavprint.ee\/ru\/%d0%b3%d0%bb%d0%b0%d0%b2%d0%bd%d0%b0%d1%8f\/\"},{\"@type\":\"ListItem\",\"position\":2,\"name\":\"Teenused\",\"item\":\"https:\/\/odavprint.ee\/ru\/teenused\/\"},{\"@type\":\"ListItem\",\"position\":3,\"name\":\"Postkaardid \/ kutsed\"}]},{\"@type\":\"WebSite\",\"@id\":\"https:\/\/odavprint.ee\/ru\/#website\",\"url\":\"https:\/\/odavprint.ee\/ru\/\",\"name\":\"Odav Print\",\"description\":\"Just another WordPress site\",\"publisher\":{\"@id\":\"https:\/\/odavprint.ee\/ru\/#organization\"},\"alternateName\":\"Kassettide, toonerite t\u00e4itmine ja m\u00fc\u00fck.\",\"potentialAction\":[{\"@type\":\"SearchAction\",\"target\":{\"@type\":\"EntryPoint\",\"urlTemplate\":\"https:\/\/odavprint.ee\/ru\/?s={search_term_string}\"},\"query-input\":\"required name=search_term_string\"}],\"inLanguage\":\"ru-RU\"},{\"@type\":[\"Organization\",\"Place\"],\"@id\":\"https:\/\/odavprint.ee\/ru\/#organization\",\"name\":\"Odav Print O\u00dc\",\"url\":\"https:\/\/odavprint.ee\/ru\/\",\"logo\":{\"@id\":\"https:\/\/odavprint.ee\/ru\/teenused\/postkaardid-kutsed\/#local-main-organization-logo\"},\"image\":{\"@id\":\"https:\/\/odavprint.ee\/ru\/teenused\/postkaardid-kutsed\/#local-main-organization-logo\"},\"address\":{\"@id\":\"https:\/\/odavprint.ee\/ru\/teenused\/postkaardid-kutsed\/#local-main-place-address\"},\"geo\":{\"@type\":\"GeoCoordinates\",\"latitude\":\"59.4306504\",\"longitude\":\"24.8095743\"},\"telephone\":[\"53836926\"],\"openingHoursSpecification\":[{\"@type\":\"OpeningHoursSpecification\",\"dayOfWeek\":[\"Monday\",\"Tuesday\",\"Wednesday\",\"Thursday\",\"Friday\",\"Saturday\",\"Sunday\"],\"opens\":\"09:00\",\"closes\":\"17:00\"}],\"email\":\"info@odavprint.eu\"},{\"@type\":\"PostalAddress\",\"@id\":\"https:\/\/odavprint.ee\/ru\/teenused\/postkaardid-kutsed\/#local-main-place-address\",\"streetAddress\":\"Pae tn 28\",\"addressLocality\":\"Tallinn\",\"postalCode\":\"11415\",\"addressRegion\":\"Harjumaa\",\"addressCountry\":\"EE\"},{\"@type\":\"ImageObject\",\"inLanguage\":\"ru-RU\",\"@id\":\"https:\/\/odavprint.ee\/ru\/teenused\/postkaardid-kutsed\/#local-main-organization-logo\",\"url\":\"https:\/\/odavprint.ee\/wp-content\/uploads\/2018\/10\/odavprint-logo-240.jpg\",\"contentUrl\":\"https:\/\/odavprint.ee\/wp-content\/uploads\/2018\/10\/odavprint-logo-240.jpg\",\"width\":240,\"height\":36,\"caption\":\"Odav Print O\u00dc\"}]}<\/script>\n<meta name=\"geo.placename\" content=\"Tallinn\" \/>\n<meta name=\"geo.position\" content=\"59.4306504;24.8095743\" \/>\n<meta name=\"geo.region\" content=\"\u042d\u0441\u0442\u043e\u043d\u0438\u044f\" \/>\n<!-- \/ Yoast SEO Premium plugin. -->","yoast_head_json":{"title":"Postkaartide tr\u00fckkimine - kutsete printimine Tallinnas - Odav Print","description":"Postkaartide tr\u00fckkimine Odav Printis \u260e +372 5911 9495 \u2714\ufe0f Parimad hinnad kutsete printimine Tallinnas \u2714\ufe0f Postkaardi tr\u00fckk \u2b50 Kiire ja kvaliteetne","robots":{"index":"index","follow":"follow","max-snippet":"max-snippet:-1","max-image-preview":"max-image-preview:large","max-video-preview":"max-video-preview:-1"},"canonical":"https:\/\/odavprint.ee\/ru\/teenused\/postkaardid-kutsed\/","og_locale":"ru_RU","og_type":"article","og_title":"Postkaardid \/ kutsed","og_description":"Postkaartide tr\u00fckkimine Odav Printis \u260e +372 5911 9495 \u2714\ufe0f Parimad hinnad kutsete printimine Tallinnas \u2714\ufe0f Postkaardi tr\u00fckk \u2b50 Kiire ja kvaliteetne","og_url":"https:\/\/odavprint.ee\/ru\/teenused\/postkaardid-kutsed\/","og_site_name":"Odav Print","article_modified_time":"2023-03-20T16:38:58+00:00","twitter_card":"summary_large_image","twitter_misc":{"\u041f\u0440\u0438\u043c\u0435\u0440\u043d\u043e\u0435 \u0432\u0440\u0435\u043c\u044f \u0434\u043b\u044f \u0447\u0442\u0435\u043d\u0438\u044f":"1 \u043c\u0438\u043d\u0443\u0442\u0430"},"schema":{"@context":"https:\/\/schema.org","@graph":[{"@type":"WebPage","@id":"https:\/\/odavprint.ee\/ru\/teenused\/postkaardid-kutsed\/","url":"https:\/\/odavprint.ee\/ru\/teenused\/postkaardid-kutsed\/","name":"Postkaartide tr\u00fckkimine - kutsete printimine Tallinnas - Odav Print","isPartOf":{"@id":"https:\/\/odavprint.ee\/ru\/#website"},"datePublished":"2018-10-31T22:14:37+00:00","dateModified":"2023-03-20T16:38:58+00:00","description":"Postkaartide tr\u00fckkimine Odav Printis \u260e +372 5911 9495 \u2714\ufe0f Parimad hinnad kutsete printimine Tallinnas \u2714\ufe0f Postkaardi tr\u00fckk \u2b50 Kiire ja kvaliteetne","breadcrumb":{"@id":"https:\/\/odavprint.ee\/ru\/teenused\/postkaardid-kutsed\/#breadcrumb"},"inLanguage":"ru-RU","potentialAction":[{"@type":"ReadAction","target":["https:\/\/odavprint.ee\/ru\/teenused\/postkaardid-kutsed\/"]}]},{"@type":"BreadcrumbList","@id":"https:\/\/odavprint.ee\/ru\/teenused\/postkaardid-kutsed\/#breadcrumb","itemListElement":[{"@type":"ListItem","position":1,"name":"Home","item":"https:\/\/odavprint.ee\/ru\/%d0%b3%d0%bb%d0%b0%d0%b2%d0%bd%d0%b0%d1%8f\/"},{"@type":"ListItem","position":2,"name":"Teenused","item":"https:\/\/odavprint.ee\/ru\/teenused\/"},{"@type":"ListItem","position":3,"name":"Postkaardid \/ kutsed"}]},{"@type":"WebSite","@id":"https:\/\/odavprint.ee\/ru\/#website","url":"https:\/\/odavprint.ee\/ru\/","name":"Odav Print","description":"Just another WordPress site","publisher":{"@id":"https:\/\/odavprint.ee\/ru\/#organization"},"alternateName":"Kassettide, toonerite t\u00e4itmine ja m\u00fc\u00fck.","potentialAction":[{"@type":"SearchAction","target":{"@type":"EntryPoint","urlTemplate":"https:\/\/odavprint.ee\/ru\/?s={search_term_string}"},"query-input":"required name=search_term_string"}],"inLanguage":"ru-RU"},{"@type":["Organization","Place"],"@id":"https:\/\/odavprint.ee\/ru\/#organization","name":"Odav Print O\u00dc","url":"https:\/\/odavprint.ee\/ru\/","logo":{"@id":"https:\/\/odavprint.ee\/ru\/teenused\/postkaardid-kutsed\/#local-main-organization-logo"},"image":{"@id":"https:\/\/odavprint.ee\/ru\/teenused\/postkaardid-kutsed\/#local-main-organization-logo"},"address":{"@id":"https:\/\/odavprint.ee\/ru\/teenused\/postkaardid-kutsed\/#local-main-place-address"},"geo":{"@type":"GeoCoordinates","latitude":"59.4306504","longitude":"24.8095743"},"telephone":["53836926"],"openingHoursSpecification":[{"@type":"OpeningHoursSpecification","dayOfWeek":["Monday","Tuesday","Wednesday","Thursday","Friday","Saturday","Sunday"],"opens":"09:00","closes":"17:00"}],"email":"info@odavprint.eu"},{"@type":"PostalAddress","@id":"https:\/\/odavprint.ee\/ru\/teenused\/postkaardid-kutsed\/#local-main-place-address","streetAddress":"Pae tn 28","addressLocality":"Tallinn","postalCode":"11415","addressRegion":"Harjumaa","addressCountry":"EE"},{"@type":"ImageObject","inLanguage":"ru-RU","@id":"https:\/\/odavprint.ee\/ru\/teenused\/postkaardid-kutsed\/#local-main-organization-logo","url":"https:\/\/odavprint.ee\/wp-content\/uploads\/2018\/10\/odavprint-logo-240.jpg","contentUrl":"https:\/\/odavprint.ee\/wp-content\/uploads\/2018\/10\/odavprint-logo-240.jpg","width":240,"height":36,"caption":"Odav Print O\u00dc"}]},"geo.placename":"Tallinn","geo.position":{"lat":"59.4306504","long":"24.8095743"},"geo.region":"\u042d\u0441\u0442\u043e\u043d\u0438\u044f"},"_links":{"self":[{"href":"https:\/\/odavprint.ee\/ru\/wp-json\/wp\/v2\/pages\/11351"}],"collection":[{"href":"https:\/\/odavprint.ee\/ru\/wp-json\/wp\/v2\/pages"}],"about":[{"href":"https:\/\/odavprint.ee\/ru\/wp-json\/wp\/v2\/types\/page"}],"author":[{"embeddable":true,"href":"https:\/\/odavprint.ee\/ru\/wp-json\/wp\/v2\/users\/2"}],"replies":[{"embeddable":true,"href":"https:\/\/odavprint.ee\/ru\/wp-json\/wp\/v2\/comments?post=11351"}],"version-history":[{"count":10,"href":"https:\/\/odavprint.ee\/ru\/wp-json\/wp\/v2\/pages\/11351\/revisions"}],"predecessor-version":[{"id":186710,"href":"https:\/\/odavprint.ee\/ru\/wp-json\/wp\/v2\/pages\/11351\/revisions\/186710"}],"up":[{"embeddable":true,"href":"https:\/\/odavprint.ee\/ru\/wp-json\/wp\/v2\/pages\/11319"}],"wp:attachment":[{"href":"https:\/\/odavprint.ee\/ru\/wp-json\/wp\/v2\/media?parent=11351"}],"curies":[{"name":"wp","href":"https:\/\/api.w.org\/{rel}","templated":true}]}}