{"id":850,"date":"2018-11-01T14:35:22","date_gmt":"2018-11-01T12:35:22","guid":{"rendered":"https:\/\/odavprint.preview.ee\/?page_id=850"},"modified":"2024-08-06T14:02:37","modified_gmt":"2024-08-06T11:02:37","slug":"roll-up-stend","status":"publish","type":"page","link":"https:\/\/odavprint.ee\/ru\/uslugi\/roll-up-stend\/","title":{"rendered":"Roll-Up \u0441\u0442\u0435\u043d\u0434"},"content":{"rendered":"\r\n\t<section class=\"section\" id=\"section_1046549107\">\n\t\t<div class=\"bg section-bg fill bg-fill  \" >\n\n\t\t\t\n\t\t\t\n\t\t\t\n\n\t\t<\/div>\n\n\t\t<div class=\"section-content relative\">\n\t\t\t <div class=\"row row-large align-middle\"  id=\"row-1781173484\"> \n\t<div id=\"col-368789374\" class=\"col medium-12 small-12 large-6\"  >\n\t\t\t\t<div class=\"col-inner\"  >\n\t\t\t\n\t\t\t \t<div class=\"img has-hover x md-x lg-x y md-y lg-y\" id=\"image_1060475571\">\n\t\t\t\t\t\t\t\t<div class=\"img-inner box-shadow-5 dark\" >\n\t\t\t<img loading=\"lazy\" decoding=\"async\" width=\"2670\" height=\"2003\" src=\"https:\/\/odavprint.ee\/wp-content\/uploads\/2018\/11\/Signarama-comp-57e28454db5ba5.42950463.jpg\" class=\"attachment-original size-original\" alt=\"\" srcset=\"https:\/\/odavprint.ee\/wp-content\/uploads\/2018\/11\/Signarama-comp-57e28454db5ba5.42950463.jpg 2670w, https:\/\/odavprint.ee\/wp-content\/uploads\/2018\/11\/Signarama-comp-57e28454db5ba5.42950463-300x225.jpg 300w, https:\/\/odavprint.ee\/wp-content\/uploads\/2018\/11\/Signarama-comp-57e28454db5ba5.42950463-768x576.jpg 768w, https:\/\/odavprint.ee\/wp-content\/uploads\/2018\/11\/Signarama-comp-57e28454db5ba5.42950463-1024x768.jpg 1024w, https:\/\/odavprint.ee\/wp-content\/uploads\/2018\/11\/Signarama-comp-57e28454db5ba5.42950463-600x450.jpg 600w\" sizes=\"(max-width: 2670px) 100vw, 2670px\" \/>\t\t\t\t\t\t\n\t\t\t\t\t<\/div>\n\t\t\t\t\t\t\t\t\n<style>\n#image_1060475571 {\n  width: 100%;\n}\n<\/style>\n\t<\/div>\n\t \t<div id=\"gap-1714243036\" class=\"gap-element clearfix\" style=\"display:block; height:auto;\">\n\t\t\n<style>\n#gap-1714243036 {\n  padding-top: 30px;\n}\n<\/style>\n\t<\/div>\n\t \t\t<\/div>\n\t\t\t\t\n<style>\n#col-368789374 > .col-inner {\n  margin: 0px 0px -28px 0px;\n}\n<\/style>\n\t<\/div>\n\n\t \n\t<div id=\"col-1704305700\" class=\"col medium-12 small-12 large-6\"  >\n\t\t\t\t<div class=\"col-inner\"  >\n\t\t\t\n\t\t\t\r\n<h1>Roll-Up \u0441\u0442\u0435\u043d\u0434<\/h1>\r\n<div class=\"vc_row wpb_row vc_row-fluid\">\r\n<div class=\"wpb_column vc_column_container vc_col-sm-8\">\r\n<div class=\"vc_column-inner \">\r\n<div class=\"wpb_wrapper\">\r\n<div class=\"wpb_text_column wpb_content_element \">\r\n<div class=\"wpb_wrapper\">\r\n<p><span style=\"font-size: 90%;\"><strong>Roll-Up \u0441\u0442\u0435\u043d\u0434<\/strong>\u00a0\u2013 \u044d\u0442\u043e \u0440\u0435\u043a\u043b\u0430\u043c\u043d\u044b\u0439 \u0441\u0442\u0435\u043d\u0434, \u0433\u0434\u0435 \u0440\u0435\u043a\u043b\u0430\u043c\u043d\u043e\u0435 \u043f\u043e\u043b\u043e\u0442\u043d\u043e \u0441\u0432\u043e\u0440\u0430\u0447\u0438\u0432\u0430\u0435\u0442\u0441\u044f \u0432\u043d\u0443\u0442\u0440\u044c \u043a\u043e\u0440\u043f\u0443\u0441\u0430 \u043e\u0441\u043d\u043e\u0432\u0430\u043d\u0438\u044f \u0441\u0442\u0435\u043d\u0434\u0430 \u0434\u043b\u044f \u043f\u0435\u0440\u0435\u043d\u043e\u0441\u043a\u0438 \u0438 \u0442\u0440\u0430\u043d\u0441\u043f\u043e\u0440\u0442\u0438\u0440\u043e\u0432\u043a\u0438, \u0430 \u0440\u0430\u0437\u0432\u043e\u0440\u0430\u0447\u0438\u0432\u0430\u0435\u0442\u0441\u044f \u0438\u0437 \u043d\u0435\u0433\u043e \u0432\u043e \u0432\u0440\u0435\u043c\u044f \u0440\u0430\u0431\u043e\u0442\u044b \u043f\u0440\u0435\u0437\u0435\u043d\u0442\u0430\u0446\u0438\u0438. Roll up \u0441\u0442\u0435\u043d\u0434\u044b \u0438\u0441\u043f\u043e\u043b\u044c\u0437\u0443\u044e\u0442\u0441\u044f \u0432 \u043a\u043e\u0440\u0438\u0434\u043e\u0440\u0430\u0445 \u0442\u043e\u0440\u0433\u043e\u0432\u044b\u0445 \u0446\u0435\u043d\u0442\u0440\u043e\u0432 \u0438 \u0432\u044b\u0441\u0442\u0430\u0432\u043e\u043a, \u0430 \u0442\u0430\u043a\u0436\u0435 \u0432 \u0445\u043e\u043b\u043b\u0430\u0445 \u043f\u0440\u0435\u0441\u0441-\u0446\u0435\u043d\u0442\u0440\u043e\u0432 \u0438 \u0442\u043e\u0440\u0433\u043e\u0432\u044b\u0445 \u0437\u0430\u043b\u0430\u0445.<\/span><\/p>\r\n<h4><span style=\"font-size: 90%;\">\u041a\u0410\u041a \u0418 \u0418\u0417 \u0427\u0415\u0413\u041e \u0414\u0415\u041b\u0410\u0415\u0422\u0421\u042f?<\/span><\/h4>\r\n<p><span style=\"font-size: 90%;\">\u0423 \u0434\u0430\u043d\u043d\u043e\u0433\u043e \u0441\u0442\u0435\u043d\u0434\u0430 \u0434\u0432\u0435 \u043d\u043e\u0436\u043a\u0438, \u0447\u0442\u043e \u043f\u0440\u0438\u0434\u0430\u0435\u0442 \u0435\u043c\u0443 \u0443\u0441\u0442\u043e\u0439\u0447\u0438\u0432\u043e\u0441\u0442\u044c. \u0424\u043e\u0442\u043e\u043f\u0430\u043d\u0435\u043b\u044c (\u043f\u043b\u0430\u043a\u0430\u0442) \u0443\u0441\u0442\u0430\u043d\u0430\u0432\u043b\u0438\u0432\u0430\u0435\u0442\u0441\u044f \u0432\u043e\u0432\u043d\u0443\u0442\u0440\u044c \u0430\u043b\u044e\u043c\u0438\u043d\u0435\u0432\u043e\u0433\u043e \u0441\u0442\u0435\u043d\u0434\u0430 \u0438 \u0440\u0430\u0441\u0442\u044f\u0433\u0438\u0432\u0430\u0435\u0442\u0441\u044f \u043f\u043e \u043f\u0440\u0438\u043d\u0446\u0438\u043f\u0443 \u0440\u0443\u043b\u043b\u043e \u00ab\u0441\u043d\u0438\u0437\u0443 \u0432\u0432\u0435\u0440\u0445\u00bb. \u0410\u043b\u044e\u043c\u0438\u043d\u0435\u0432\u0430\u044f \u0440\u0430\u0441\u043f\u043e\u0440\u043d\u0430\u044f \u043f\u043b\u0430\u043d\u043a\u0430 \u0443\u0441\u0442\u0430\u043d\u0430\u0432\u043b\u0438\u0432\u0430\u0435\u0442\u0441\u044f \u0441\u0437\u0430\u0434\u0438 \u0444\u043e\u0442\u043e\u043f\u0430\u043d\u0435\u043b\u0438. \u0412 \u043a\u043e\u043c\u043f\u043b\u0435\u043a\u0442\u0435 \u043f\u043b\u043e\u0442\u043d\u0430\u044f \u043c\u0430\u0442\u0435\u0440\u0447\u0430\u0442\u0430\u044f \u0441\u0443\u043c\u043a\u0430 \u0434\u043b\u044f \u0442\u0440\u0430\u043d\u0441\u043f\u043e\u0440\u0442\u0438\u0440\u043e\u0432\u043a\u0438.<\/span><\/p>\r\n<p><span style=\"font-size: 90%;\">\u041d\u0430\u0438\u0431\u043e\u043b\u0435\u0435 \u0432\u043e\u0441\u0442\u0440\u0435\u0431\u043e\u0432\u0430\u043d\u043d\u044b\u043c \u0440\u0430\u0437\u043c\u0435\u0440\u043e\u043c \u0441\u0442\u0435\u043d\u0434\u0430 Roll-Up, \u044f\u0432\u043b\u044f\u044e\u0442\u0441\u044f \u0440\u0430\u0437\u043c\u0435\u0440\u044b 850\u04452000\u043c\u043c \u0438 1000\u04452000\u043c\u043c.<\/span><\/p>\r\n<\/div>\r\n<\/div>\r\n<\/div>\r\n<\/div>\r\n<\/div>\r\n<\/div>\r\n\t\t<\/div>\n\t\t\t\t\n<style>\n#col-1704305700 > .col-inner {\n  margin: 0px 0px -49px 0px;\n}\n<\/style>\n\t<\/div>\n\n\t <\/div> \t\t<\/div>\n\n\t\t\n<style>\n#section_1046549107 {\n  padding-top: 80px;\n  padding-bottom: 80px;\n}\n#section_1046549107 .section-bg.bg-loaded {\n  background-image: url(https:\/\/odavprint.ee\/wp-content\/uploads\/2018\/10\/Long-01.svg);\n}\n<\/style>\n\t<\/section>\n\t \t<section class=\"section\" id=\"section_2107010538\">\n\t\t<div class=\"bg section-bg fill bg-fill  bg-loaded\" >\n\n\t\t\t\n\t\t\t\n\t\t\t\n\n\t\t<\/div>\n\n\t\t<div class=\"section-content relative\">\n\t\t\t \t<div id=\"gap-2106970423\" class=\"gap-element clearfix\" style=\"display:block; height:auto;\">\n\t\t\n<style>\n#gap-2106970423 {\n  padding-top: 30px;\n}\n<\/style>\n\t<\/div>\n\t <div class=\"row row-large align-middle\"  id=\"row-126079021\"> \n\t<div id=\"col-554643961\" class=\"col medium-12 small-12 large-9\"  >\n\t\t\t\t<div class=\"col-inner\"  >\n\t\t\t\n\t\t\t\r\n<h1>\u041f\u0440\u0438\u043c\u0435\u0440\u044b \u0446\u0435\u043d<\/h1>\r\n<p>\u0426\u0435\u043d\u0430 \u0441\u043e\u0434\u0435\u0440\u0436\u0438\u0442 \u043f\u0435\u0447\u0430\u0442\u044c, \u0441\u0443\u043c\u043a\u0443 \u0438 \u0441\u0431\u043e\u0440\u043a\u0443 Roll-Up \u0441\u0442\u0435\u043d\u0434\u0430.<\/p>\r\n<p><strong>Roll-Up \u0441\u0442\u0435\u043d\u0434\u044b \u201cSTANDARD\u201d<\/strong><\/p>\r\n<table>\r\n<thead>\r\n<tr>\r\n<td><strong>\u0420\u0430\u0437\u043c\u0435\u0440<\/strong><\/td>\r\n<td><strong>\u0426\u0435\u043d\u0430 (\u0431\u0435\u0437 \u043d\u0441\u043e)<\/strong><\/td>\r\n<td><strong>\u0426\u0435\u043d\u0430 (\u0432\u043a\u043b.\u00a0\u043d\u0441\u043e)<\/strong><\/td>\r\n<\/tr>\r\n<\/thead>\r\n<tbody>\r\n<tr>\r\n<td>850\u00d72000\u043c\u043c<\/td>\r\n<td>\u041f\u043e\u0448\u043b\u0438\u0442\u0435 \u0437\u0430\u043f\u0440\u043e\u0441<\/td>\r\n<td>\u041f\u043e\u0448\u043b\u0438\u0442\u0435 \u0437\u0430\u043f\u0440\u043e\u0441<\/td>\r\n<\/tr>\r\n<tr>\r\n<td>1000\u00d72000\u043c\u043c<\/td>\r\n<td>\u041f\u043e\u0448\u043b\u0438\u0442\u0435 \u0437\u0430\u043f\u0440\u043e\u0441<\/td>\r\n<td>\u041f\u043e\u0448\u043b\u0438\u0442\u0435 \u0437\u0430\u043f\u0440\u043e\u0441<\/td>\r\n<\/tr>\r\n<\/tbody>\r\n<\/table>\r\n<p><strong>Roll-Up \u0441\u0442\u0435\u043d\u0434\u044b \u201cDOUBLE\u201d\u00a0<\/strong><\/p>\r\n<table>\r\n<thead>\r\n<tr>\r\n<td><strong>\u0420\u0430\u0437\u043c\u0435\u0440<\/strong><\/td>\r\n<td><strong>\u0426\u0435\u043d\u0430 (\u0431\u0435\u0437 \u043d\u0441\u043e)<\/strong><\/td>\r\n<td><strong>\u0426\u0435\u043d\u0430 (\u0432\u043a\u043b.\u00a0\u043d\u0441\u043e)<\/strong><\/td>\r\n<\/tr>\r\n<\/thead>\r\n<tbody>\r\n<tr>\r\n<td>850\u00d72000\u043c\u043c<\/td>\r\n<td>\r\n<table>\r\n<tbody>\r\n<tr>\r\n<td>\u041f\u043e\u0448\u043b\u0438\u0442\u0435 \u0437\u0430\u043f\u0440\u043e\u0441<\/td>\r\n<\/tr>\r\n<\/tbody>\r\n<\/table>\r\n<\/td>\r\n<td>\r\n<table>\r\n<tbody>\r\n<tr>\r\n<td>\u041f\u043e\u0448\u043b\u0438\u0442\u0435 \u0437\u0430\u043f\u0440\u043e\u0441<\/td>\r\n<\/tr>\r\n<\/tbody>\r\n<\/table>\r\n<\/td>\r\n<\/tr>\r\n<tr>\r\n<td>1000\u00d72000\u043c\u043c<\/td>\r\n<td>\r\n<table>\r\n<tbody>\r\n<tr>\r\n<td>\u041f\u043e\u0448\u043b\u0438\u0442\u0435 \u0437\u0430\u043f\u0440\u043e\u0441<\/td>\r\n<\/tr>\r\n<\/tbody>\r\n<\/table>\r\n<\/td>\r\n<td>\r\n<table>\r\n<tbody>\r\n<tr>\r\n<td>\u041f\u043e\u0448\u043b\u0438\u0442\u0435 \u0437\u0430\u043f\u0440\u043e\u0441<\/td>\r\n<\/tr>\r\n<\/tbody>\r\n<\/table>\r\n<\/td>\r\n<\/tr>\r\n<\/tbody>\r\n<\/table>\r\n<p><span style=\"font-size: 14.4px;\">\u0426\u0435\u043d\u044b \u0434\u0435\u0439\u0441\u0442\u0432\u0438\u0442\u0435\u043b\u044c\u043d\u044b \u043f\u0440\u0438 \u0443\u0441\u043b\u043e\u0432\u0438\u0438 \u043d\u0430\u043b\u0438\u0447\u0438\u044f \u0444\u0430\u0439\u043b\u0430.\u00a0<\/span><strong style=\"font-size: 90%;\">\u0414\u043b\u044f \u043f\u043e\u043b\u0443\u0447\u0435\u043d\u0438\u044f \u0431\u043e\u043b\u0435\u0435 \u0442\u043e\u0447\u043d\u043e\u0439 \u0446\u0435\u043d\u044b, \u043f\u043e\u0436\u0430\u043b\u0443\u0439\u0441\u0442\u0430 \u043e\u0442\u043f\u0440\u0430\u0432\u0442\u0435 \u043d\u0430\u043c \u0437\u0430\u043f\u0440\u043e\u0441 \u043d\u0430 <span style=\"color: #00aae7;\"><a style=\"color: #00aae7;\" href=\"&#109;&#x61;&#105;&#x6c;&#116;&#x6f;&#58;&#x69;&#110;&#x66;&#111;&#x40;o&#x64;a&#x76;p&#x72;i&#x6e;t&#x2e;e&#101;\">e-mail<\/a><\/span>.<\/strong><\/p>\r\n\t\t<\/div>\n\t\t\t\t\t<\/div>\n\n\t \n\t<div id=\"col-1756447258\" class=\"col medium-5 small-12 large-3\"  >\n\t\t\t\t<div class=\"col-inner\"  >\n\t\t\t\n\t\t\t \t<div class=\"img has-hover x md-x lg-x y md-y lg-y\" id=\"image_1262168516\">\n\t\t\t\t\t\t\t\t<div class=\"img-inner dark\" >\n\t\t\t<img loading=\"lazy\" decoding=\"async\" width=\"256\" height=\"600\" src=\"https:\/\/odavprint.ee\/wp-content\/uploads\/2018\/11\/Feynlab-Roll-Up-Advertising-Floor-Banner.png\" class=\"attachment-original size-original\" alt=\"\" srcset=\"https:\/\/odavprint.ee\/wp-content\/uploads\/2018\/11\/Feynlab-Roll-Up-Advertising-Floor-Banner.png 256w, https:\/\/odavprint.ee\/wp-content\/uploads\/2018\/11\/Feynlab-Roll-Up-Advertising-Floor-Banner-128x300.png 128w\" sizes=\"(max-width: 256px) 100vw, 256px\" \/>\t\t\t\t\t\t\n\t\t\t\t\t<\/div>\n\t\t\t\t\t\t\t\t\n<style>\n#image_1262168516 {\n  width: 100%;\n}\n<\/style>\n\t<\/div>\n\t \t\t<\/div>\n\t\t\t\t\t<\/div>\n\n\t <\/div> \t<div id=\"gap-341739286\" class=\"gap-element clearfix\" style=\"display:block; height:auto;\">\n\t\t\n<style>\n#gap-341739286 {\n  padding-top: 45px;\n}\n<\/style>\n\t<\/div>\n\t \t\t<\/div>\n\n\t\t\n<style>\n#section_2107010538 {\n  padding-top: 0px;\n  padding-bottom: 0px;\n}\n<\/style>\n\t<\/section>\n\t \t<section class=\"section\" id=\"section_631847528\">\n\t\t<div class=\"bg section-bg fill bg-fill  \" >\n\n\t\t\t\n\t\t\t\n\t\t\t\n\n\t\t<\/div>\n\n\t\t<div class=\"section-content relative\">\n\t\t\t <div class=\"row align-middle\"  id=\"row-1079097854\"> \n\t<div id=\"col-2098609520\" class=\"col text-align-center-lte-md medium-12 small-12 large-1\"  >\n\t\t\t\t<div class=\"col-inner\"  >\n\t\t\t\n\t\t\t \t<div class=\"img has-hover x md-x lg-x y md-y lg-y\" id=\"image_527250664\">\n\t\t\t\t\t\t\t\t<div class=\"img-inner dark\" >\n\t\t\t<img loading=\"lazy\" decoding=\"async\" width=\"1\" height=\"1\" src=\"https:\/\/odavprint.ee\/wp-content\/uploads\/2018\/10\/email.svg\" class=\"attachment-large size-large\" alt=\"\" \/>\t\t\t\t\t\t\n\t\t\t\t\t<\/div>\n\t\t\t\t\t\t\t\t\n<style>\n#image_527250664 {\n  width: 14%;\n}\n@media (min-width:850px) {\n  #image_527250664 {\n    width: 68%;\n  }\n}\n<\/style>\n\t<\/div>\n\t \t\t<\/div>\n\t\t\t\t\n<style>\n#col-2098609520 > .col-inner {\n  margin: 0px 0px -31px 0px;\n}\n<\/style>\n\t<\/div>\n\n\t \n\t<div id=\"col-1802410687\" class=\"col text-align-center-lte-md medium-12 small-12 large-7\"  >\n\t\t\t\t<div class=\"col-inner dark\"  >\n\t\t\t\n\t\t\t\r\n<p><strong><span style=\"font-size: 150%;\">\u0417\u0430\u043a\u0430\u0437\u0430\u0442\u044c \u043f\u0435\u0447\u0430\u0442\u044c Roll-Up \u0441\u0442\u0435\u043d\u0434\u0430<\/span><\/strong><br \/>\u0421\u0432\u044f\u0436\u0438\u0442\u0435\u0441\u044c \u0441 \u043d\u0430\u043c\u0438, \u0435\u0441\u043b\u0438 \u0436\u0435\u043b\u0430\u0435\u0442\u0435 \u0437\u0430\u043a\u0430\u0437\u0430\u0442\u044c \u0434\u0430\u043d\u043d\u0443\u044e \u0443\u0441\u043b\u0443\u0433\u0443.<\/p>\r\n\t\t<\/div>\n\t\t\t\t\n<style>\n#col-1802410687 > .col-inner {\n  margin: 0px 0px -44px 0;\n}\n<\/style>\n\t<\/div>\n\n\t \n\t<div id=\"col-17672023\" class=\"col text-align-center-lte-md medium-12 small-12 large-4\"  >\n\t\t\t\t<div class=\"col-inner text-right dark\"  >\n\t\t\t\n\t\t\t <a href=\"https:\/\/odavprint.ee\/ru\/kontakt\/\" target=\"_self\" class=\"button white is-outline lowercase\"  style=\"border-radius:99px;\">\n    <span>\u041d\u0430\u0448\u0438 \u043a\u043e\u043d\u0442\u0430\u043a\u0442\u044b<\/span>\n  <\/a>\n \t\t<\/div>\n\t\t\t\t\n<style>\n#col-17672023 > .col-inner {\n  margin: 0px 0px -44px 0px;\n}\n<\/style>\n\t<\/div>\n\n\t <\/div> \t\t<\/div>\n\n\t\t\n<style>\n#section_631847528 {\n  padding-top: 20px;\n  padding-bottom: 20px;\n  background-color: #ed008c;\n}\n#section_631847528 .section-bg.bg-loaded {\n  background-image: url(https:\/\/odavprint.ee\/wp-content\/uploads\/2018\/10\/backs-03.svg);\n}\n<\/style>\n\t<\/section>\n\t\r\n","protected":false},"excerpt":{"rendered":"","protected":false},"author":2,"featured_media":0,"parent":489,"menu_order":0,"comment_status":"closed","ping_status":"closed","template":"page-blank.php","meta":{"inline_featured_image":false,"footnotes":""},"yoast_head":"<!-- This site is optimized with the Yoast SEO Premium plugin v23.0 (Yoast SEO v23.0) - https:\/\/yoast.com\/wordpress\/plugins\/seo\/ -->\n<title>Roll-Up \u0441\u0442\u0435\u043d\u0434<\/title>\n<meta name=\"robots\" content=\"index, follow, max-snippet:-1, max-image-preview:large, max-video-preview:-1\" \/>\n<link rel=\"canonical\" href=\"https:\/\/odavprint.ee\/ru\/uslugi\/roll-up-stend\/\" \/>\n<meta property=\"og:locale\" content=\"ru_RU\" \/>\n<meta property=\"og:type\" content=\"article\" \/>\n<meta property=\"og:title\" content=\"Roll-Up \u0441\u0442\u0435\u043d\u0434\" \/>\n<meta property=\"og:url\" content=\"https:\/\/odavprint.ee\/ru\/uslugi\/roll-up-stend\/\" \/>\n<meta property=\"og:site_name\" content=\"Odav Print\" \/>\n<meta property=\"article:modified_time\" content=\"2024-08-06T11:02:37+00:00\" \/>\n<meta name=\"twitter:card\" content=\"summary_large_image\" \/>\n<meta name=\"twitter:label1\" content=\"\u041f\u0440\u0438\u043c\u0435\u0440\u043d\u043e\u0435 \u0432\u0440\u0435\u043c\u044f \u0434\u043b\u044f \u0447\u0442\u0435\u043d\u0438\u044f\" \/>\n\t<meta name=\"twitter:data1\" content=\"1 \u043c\u0438\u043d\u0443\u0442\u0430\" \/>\n<script type=\"application\/ld+json\" class=\"yoast-schema-graph\">{\"@context\":\"https:\/\/schema.org\",\"@graph\":[{\"@type\":\"WebPage\",\"@id\":\"https:\/\/odavprint.ee\/ru\/uslugi\/roll-up-stend\/\",\"url\":\"https:\/\/odavprint.ee\/ru\/uslugi\/roll-up-stend\/\",\"name\":\"Roll-Up \u0441\u0442\u0435\u043d\u0434\",\"isPartOf\":{\"@id\":\"https:\/\/odavprint.ee\/ru\/#website\"},\"datePublished\":\"2018-11-01T12:35:22+00:00\",\"dateModified\":\"2024-08-06T11:02:37+00:00\",\"breadcrumb\":{\"@id\":\"https:\/\/odavprint.ee\/ru\/uslugi\/roll-up-stend\/#breadcrumb\"},\"inLanguage\":\"ru-RU\",\"potentialAction\":[{\"@type\":\"ReadAction\",\"target\":[\"https:\/\/odavprint.ee\/ru\/uslugi\/roll-up-stend\/\"]}]},{\"@type\":\"BreadcrumbList\",\"@id\":\"https:\/\/odavprint.ee\/ru\/uslugi\/roll-up-stend\/#breadcrumb\",\"itemListElement\":[{\"@type\":\"ListItem\",\"position\":1,\"name\":\"Home\",\"item\":\"https:\/\/odavprint.ee\/ru\/%d0%b3%d0%bb%d0%b0%d0%b2%d0%bd%d0%b0%d1%8f\/\"},{\"@type\":\"ListItem\",\"position\":2,\"name\":\"\u0423\u0441\u043b\u0443\u0433\u0438\",\"item\":\"https:\/\/odavprint.ee\/ru\/uslugi\/\"},{\"@type\":\"ListItem\",\"position\":3,\"name\":\"Roll-Up \u0441\u0442\u0435\u043d\u0434\"}]},{\"@type\":\"WebSite\",\"@id\":\"https:\/\/odavprint.ee\/ru\/#website\",\"url\":\"https:\/\/odavprint.ee\/ru\/\",\"name\":\"Odav Print\",\"description\":\"Just another WordPress site\",\"publisher\":{\"@id\":\"https:\/\/odavprint.ee\/ru\/#organization\"},\"alternateName\":\"Kassettide, toonerite t\u00e4itmine ja m\u00fc\u00fck.\",\"potentialAction\":[{\"@type\":\"SearchAction\",\"target\":{\"@type\":\"EntryPoint\",\"urlTemplate\":\"https:\/\/odavprint.ee\/ru\/?s={search_term_string}\"},\"query-input\":\"required name=search_term_string\"}],\"inLanguage\":\"ru-RU\"},{\"@type\":[\"Organization\",\"Place\"],\"@id\":\"https:\/\/odavprint.ee\/ru\/#organization\",\"name\":\"Odav Print O\u00dc\",\"url\":\"https:\/\/odavprint.ee\/ru\/\",\"logo\":{\"@id\":\"https:\/\/odavprint.ee\/ru\/uslugi\/roll-up-stend\/#local-main-organization-logo\"},\"image\":{\"@id\":\"https:\/\/odavprint.ee\/ru\/uslugi\/roll-up-stend\/#local-main-organization-logo\"},\"address\":{\"@id\":\"https:\/\/odavprint.ee\/ru\/uslugi\/roll-up-stend\/#local-main-place-address\"},\"geo\":{\"@type\":\"GeoCoordinates\",\"latitude\":\"59.4306504\",\"longitude\":\"24.8095743\"},\"telephone\":[\"53836926\"],\"openingHoursSpecification\":[{\"@type\":\"OpeningHoursSpecification\",\"dayOfWeek\":[\"Monday\",\"Tuesday\",\"Wednesday\",\"Thursday\",\"Friday\",\"Saturday\",\"Sunday\"],\"opens\":\"09:00\",\"closes\":\"17:00\"}],\"email\":\"info@odavprint.eu\"},{\"@type\":\"PostalAddress\",\"@id\":\"https:\/\/odavprint.ee\/ru\/uslugi\/roll-up-stend\/#local-main-place-address\",\"streetAddress\":\"Pae tn 28\",\"addressLocality\":\"Tallinn\",\"postalCode\":\"11415\",\"addressRegion\":\"Harjumaa\",\"addressCountry\":\"EE\"},{\"@type\":\"ImageObject\",\"inLanguage\":\"ru-RU\",\"@id\":\"https:\/\/odavprint.ee\/ru\/uslugi\/roll-up-stend\/#local-main-organization-logo\",\"url\":\"https:\/\/odavprint.ee\/wp-content\/uploads\/2018\/10\/odavprint-logo-240.jpg\",\"contentUrl\":\"https:\/\/odavprint.ee\/wp-content\/uploads\/2018\/10\/odavprint-logo-240.jpg\",\"width\":240,\"height\":36,\"caption\":\"Odav Print O\u00dc\"}]}<\/script>\n<meta name=\"geo.placename\" content=\"Tallinn\" \/>\n<meta name=\"geo.position\" content=\"59.4306504;24.8095743\" \/>\n<meta name=\"geo.region\" content=\"\u042d\u0441\u0442\u043e\u043d\u0438\u044f\" \/>\n<!-- \/ Yoast SEO Premium plugin. -->","yoast_head_json":{"title":"Roll-Up \u0441\u0442\u0435\u043d\u0434","robots":{"index":"index","follow":"follow","max-snippet":"max-snippet:-1","max-image-preview":"max-image-preview:large","max-video-preview":"max-video-preview:-1"},"canonical":"https:\/\/odavprint.ee\/ru\/uslugi\/roll-up-stend\/","og_locale":"ru_RU","og_type":"article","og_title":"Roll-Up \u0441\u0442\u0435\u043d\u0434","og_url":"https:\/\/odavprint.ee\/ru\/uslugi\/roll-up-stend\/","og_site_name":"Odav Print","article_modified_time":"2024-08-06T11:02:37+00:00","twitter_card":"summary_large_image","twitter_misc":{"\u041f\u0440\u0438\u043c\u0435\u0440\u043d\u043e\u0435 \u0432\u0440\u0435\u043c\u044f \u0434\u043b\u044f \u0447\u0442\u0435\u043d\u0438\u044f":"1 \u043c\u0438\u043d\u0443\u0442\u0430"},"schema":{"@context":"https:\/\/schema.org","@graph":[{"@type":"WebPage","@id":"https:\/\/odavprint.ee\/ru\/uslugi\/roll-up-stend\/","url":"https:\/\/odavprint.ee\/ru\/uslugi\/roll-up-stend\/","name":"Roll-Up \u0441\u0442\u0435\u043d\u0434","isPartOf":{"@id":"https:\/\/odavprint.ee\/ru\/#website"},"datePublished":"2018-11-01T12:35:22+00:00","dateModified":"2024-08-06T11:02:37+00:00","breadcrumb":{"@id":"https:\/\/odavprint.ee\/ru\/uslugi\/roll-up-stend\/#breadcrumb"},"inLanguage":"ru-RU","potentialAction":[{"@type":"ReadAction","target":["https:\/\/odavprint.ee\/ru\/uslugi\/roll-up-stend\/"]}]},{"@type":"BreadcrumbList","@id":"https:\/\/odavprint.ee\/ru\/uslugi\/roll-up-stend\/#breadcrumb","itemListElement":[{"@type":"ListItem","position":1,"name":"Home","item":"https:\/\/odavprint.ee\/ru\/%d0%b3%d0%bb%d0%b0%d0%b2%d0%bd%d0%b0%d1%8f\/"},{"@type":"ListItem","position":2,"name":"\u0423\u0441\u043b\u0443\u0433\u0438","item":"https:\/\/odavprint.ee\/ru\/uslugi\/"},{"@type":"ListItem","position":3,"name":"Roll-Up \u0441\u0442\u0435\u043d\u0434"}]},{"@type":"WebSite","@id":"https:\/\/odavprint.ee\/ru\/#website","url":"https:\/\/odavprint.ee\/ru\/","name":"Odav Print","description":"Just another WordPress site","publisher":{"@id":"https:\/\/odavprint.ee\/ru\/#organization"},"alternateName":"Kassettide, toonerite t\u00e4itmine ja m\u00fc\u00fck.","potentialAction":[{"@type":"SearchAction","target":{"@type":"EntryPoint","urlTemplate":"https:\/\/odavprint.ee\/ru\/?s={search_term_string}"},"query-input":"required name=search_term_string"}],"inLanguage":"ru-RU"},{"@type":["Organization","Place"],"@id":"https:\/\/odavprint.ee\/ru\/#organization","name":"Odav Print O\u00dc","url":"https:\/\/odavprint.ee\/ru\/","logo":{"@id":"https:\/\/odavprint.ee\/ru\/uslugi\/roll-up-stend\/#local-main-organization-logo"},"image":{"@id":"https:\/\/odavprint.ee\/ru\/uslugi\/roll-up-stend\/#local-main-organization-logo"},"address":{"@id":"https:\/\/odavprint.ee\/ru\/uslugi\/roll-up-stend\/#local-main-place-address"},"geo":{"@type":"GeoCoordinates","latitude":"59.4306504","longitude":"24.8095743"},"telephone":["53836926"],"openingHoursSpecification":[{"@type":"OpeningHoursSpecification","dayOfWeek":["Monday","Tuesday","Wednesday","Thursday","Friday","Saturday","Sunday"],"opens":"09:00","closes":"17:00"}],"email":"info@odavprint.eu"},{"@type":"PostalAddress","@id":"https:\/\/odavprint.ee\/ru\/uslugi\/roll-up-stend\/#local-main-place-address","streetAddress":"Pae tn 28","addressLocality":"Tallinn","postalCode":"11415","addressRegion":"Harjumaa","addressCountry":"EE"},{"@type":"ImageObject","inLanguage":"ru-RU","@id":"https:\/\/odavprint.ee\/ru\/uslugi\/roll-up-stend\/#local-main-organization-logo","url":"https:\/\/odavprint.ee\/wp-content\/uploads\/2018\/10\/odavprint-logo-240.jpg","contentUrl":"https:\/\/odavprint.ee\/wp-content\/uploads\/2018\/10\/odavprint-logo-240.jpg","width":240,"height":36,"caption":"Odav Print O\u00dc"}]},"geo.placename":"Tallinn","geo.position":{"lat":"59.4306504","long":"24.8095743"},"geo.region":"\u042d\u0441\u0442\u043e\u043d\u0438\u044f"},"_links":{"self":[{"href":"https:\/\/odavprint.ee\/ru\/wp-json\/wp\/v2\/pages\/850"}],"collection":[{"href":"https:\/\/odavprint.ee\/ru\/wp-json\/wp\/v2\/pages"}],"about":[{"href":"https:\/\/odavprint.ee\/ru\/wp-json\/wp\/v2\/types\/page"}],"author":[{"embeddable":true,"href":"https:\/\/odavprint.ee\/ru\/wp-json\/wp\/v2\/users\/2"}],"replies":[{"embeddable":true,"href":"https:\/\/odavprint.ee\/ru\/wp-json\/wp\/v2\/comments?post=850"}],"version-history":[{"count":10,"href":"https:\/\/odavprint.ee\/ru\/wp-json\/wp\/v2\/pages\/850\/revisions"}],"predecessor-version":[{"id":205390,"href":"https:\/\/odavprint.ee\/ru\/wp-json\/wp\/v2\/pages\/850\/revisions\/205390"}],"up":[{"embeddable":true,"href":"https:\/\/odavprint.ee\/ru\/wp-json\/wp\/v2\/pages\/489"}],"wp:attachment":[{"href":"https:\/\/odavprint.ee\/ru\/wp-json\/wp\/v2\/media?parent=850"}],"curies":[{"name":"wp","href":"https:\/\/api.w.org\/{rel}","templated":true}]}}