{"id":896,"date":"2018-11-01T15:02:54","date_gmt":"2018-11-01T13:02:54","guid":{"rendered":"https:\/\/odavprint.preview.ee\/?page_id=896"},"modified":"2019-04-06T18:32:18","modified_gmt":"2019-04-06T15:32:18","slug":"stend-dlya-fotografirovaniya","status":"publish","type":"page","link":"https:\/\/odavprint.ee\/ru\/uslugi\/stend-dlya-fotografirovaniya\/","title":{"rendered":"\u0421\u0442\u0435\u043d\u0434 \u0434\u043b\u044f \u0444\u043e\u0442\u043e\u0433\u0440\u0430\u0444\u0438\u0440\u043e\u0432\u0430\u043d\u0438\u044f"},"content":{"rendered":"\r\n\t<section class=\"section\" id=\"section_1245264504\">\n\t\t<div class=\"bg section-bg fill bg-fill  \" >\n\n\t\t\t\n\t\t\t\n\t\t\t\n\n\t\t<\/div>\n\n\t\t<div class=\"section-content relative\">\n\t\t\t <div class=\"row row-large align-middle\"  id=\"row-637970909\"> \n\t<div id=\"col-68382940\" class=\"col medium-12 small-12 large-6\"  >\n\t\t\t\t<div class=\"col-inner\"  >\n\t\t\t\n\t\t\t \t<div class=\"img has-hover x md-x lg-x y md-y lg-y\" id=\"image_811814387\">\n\t\t\t\t\t\t\t\t<div class=\"img-inner box-shadow-5 dark\" >\n\t\t\t<img loading=\"lazy\" decoding=\"async\" width=\"1024\" height=\"683\" src=\"https:\/\/odavprint.ee\/wp-content\/uploads\/2018\/11\/ph1.jpg\" class=\"attachment-original size-original\" alt=\"\" srcset=\"https:\/\/odavprint.ee\/wp-content\/uploads\/2018\/11\/ph1.jpg 1024w, https:\/\/odavprint.ee\/wp-content\/uploads\/2018\/11\/ph1-300x200.jpg 300w, https:\/\/odavprint.ee\/wp-content\/uploads\/2018\/11\/ph1-768x512.jpg 768w, https:\/\/odavprint.ee\/wp-content\/uploads\/2018\/11\/ph1-600x400.jpg 600w\" sizes=\"(max-width: 1024px) 100vw, 1024px\" \/>\t\t\t\t\t\t\n\t\t\t\t\t<\/div>\n\t\t\t\t\t\t\t\t\n<style>\n#image_811814387 {\n  width: 100%;\n}\n<\/style>\n\t<\/div>\n\t \t<div id=\"gap-283260180\" class=\"gap-element clearfix\" style=\"display:block; height:auto;\">\n\t\t\n<style>\n#gap-283260180 {\n  padding-top: 30px;\n}\n<\/style>\n\t<\/div>\n\t \t\t<\/div>\n\t\t\t\t\n<style>\n#col-68382940 > .col-inner {\n  margin: 0px 0px -28px 0px;\n}\n<\/style>\n\t<\/div>\n\n\t \n\t<div id=\"col-535600131\" class=\"col medium-12 small-12 large-6\"  >\n\t\t\t\t<div class=\"col-inner\"  >\n\t\t\t\n\t\t\t\r\n<h1>\u0421\u0442\u0435\u043d\u0434 \u0434\u043b\u044f \u0444\u043e\u0442\u043e\u0433\u0440\u0430\u0444\u0438\u0440\u043e\u0432\u0430\u043d\u0438\u044f<\/h1>\r\n<div class=\"vc_row wpb_row vc_row-fluid\">\r\n<div class=\"wpb_column vc_column_container vc_col-sm-8\">\r\n<div class=\"vc_column-inner \">\r\n<div class=\"wpb_wrapper\">\r\n<div class=\"wpb_text_column wpb_content_element \">\r\n<div class=\"wpb_wrapper\">\r\n<p><strong>\u0421\u0442\u0435\u043d\u0434 \u0434\u043b\u044f \u0444\u043e\u0442\u043e\u0433\u0440\u0430\u0444\u0438\u0440\u043e\u0432\u0430\u043d\u0438\u044f<\/strong>\u00a0\u2013 \u0438\u0441\u043f\u043e\u043b\u044c\u0437\u0443\u0435\u0442\u0441\u044f \u0434\u043b\u044f \u0444\u043e\u0442\u043e\u0441\u0435\u0441\u0441\u0438\u0439, \u0432\u0438\u0434\u0435\u043e\u0441\u044c\u0451\u043c\u043e\u043a, \u0432\u044b\u0441\u0442\u043e\u0432\u043e\u043a, \u043f\u0440\u0435\u0437\u0435\u043d\u0442\u0430\u0446\u0438\u044f\u0445, \u0446\u0435\u0440\u0435\u043c\u043e\u043d\u0438\u044f\u0445, \u0441\u0432\u0430\u0434\u044c\u0431\u0430\u0445.<\/p>\r\n<h3>\u041a\u0430\u043a \u0438 \u0438\u0437 \u0447\u0435\u0433\u043e \u0434\u0435\u043b\u0430\u0435\u0442\u0441\u044f?<\/h3>\r\n<p>\u041a\u043e\u043d\u0441\u0442\u0440\u0443\u043a\u0446\u0438\u044f \u0438\u0437 \u0441\u0442\u0430\u043b\u044c\u043d\u043e\u0439 \u0445\u0440\u043e\u043c\u0438\u0440\u043e\u0432\u0430\u043d\u043d\u043e\u0439 \u0442\u0440\u0443\u0431\u044b \u0438 \u043f\u0435\u0447\u0430\u0442\u044c \u043d\u0430 \u0442\u043a\u0430\u043d\u0435 \u0438\u043b\u0438 \u0431\u0430\u043d\u043d\u0435\u0440\u0435. \u041f\u043e\u043b\u043e\u0442\u043d\u043e \u0441\u0442\u0435\u043d\u0434\u0430, \u0440\u0430\u0437\u043c\u0435\u0449\u0430\u0435\u0442\u0441\u044f \u0440\u0430\u0432\u043d\u043e\u043c\u0435\u0440\u043d\u043e \u043f\u043e \u0432\u0441\u0435\u0439 \u043f\u043b\u043e\u0441\u043a\u043e\u0441\u0442\u0438 \u043a\u043e\u043d\u0441\u0442\u0440\u0443\u043a\u0446\u0438\u0438, \u0443\u0441\u0442\u0430\u043d\u0430\u0432\u043b\u0438\u0432\u0430\u0435\u0442\u0441\u044f \u0441 \u043f\u043e\u043c\u043e\u0449\u044c\u044e \u0442\u0443\u043d\u0435\u043b\u0435\u0439. \u0421\u0442\u0435\u043d\u0434 \u043a\u043e\u043c\u043f\u0430\u043a\u0442\u043d\u043e \u043f\u043e\u043c\u0435\u0449\u0430\u0435\u0442\u0441\u044f \u0432 \u0441\u0443\u043c\u043a\u0443 \u0438 \u043b\u0435\u0433\u043a\u043e \u0442\u0440\u0430\u043d\u0441\u043f\u043e\u0440\u0442\u0438\u0440\u0443\u0435\u0442\u0441\u044f.<\/p>\r\n<p><strong>\u0412\u043e\u0437\u043c\u043e\u0436\u043d\u044b\u0435 \u0440\u0430\u0437\u043c\u0435\u0440\u044b:<\/strong>\u00a0\u0448\u0438\u0440\u0438\u043d\u0430 1750-3000\u043c\u043c, \u0432\u044b\u0441\u043e\u0442\u0430 1000-2400\u043c\u043c<\/p>\r\n<\/div>\r\n<\/div>\r\n<\/div>\r\n<\/div>\r\n<\/div>\r\n<\/div>\r\n\t\t<\/div>\n\t\t\t\t\n<style>\n#col-535600131 > .col-inner {\n  margin: 0px 0px -49px 0px;\n}\n<\/style>\n\t<\/div>\n\n\t <\/div> \t\t<\/div>\n\n\t\t\n<style>\n#section_1245264504 {\n  padding-top: 80px;\n  padding-bottom: 80px;\n}\n#section_1245264504 .section-bg.bg-loaded {\n  background-image: url(https:\/\/odavprint.ee\/wp-content\/uploads\/2018\/10\/Long-01.svg);\n}\n<\/style>\n\t<\/section>\n\t \t<section class=\"section\" id=\"section_274623807\">\n\t\t<div class=\"bg section-bg fill bg-fill  bg-loaded\" >\n\n\t\t\t\n\t\t\t\n\t\t\t\n\n\t\t<\/div>\n\n\t\t<div class=\"section-content relative\">\n\t\t\t \t<div id=\"gap-1586017847\" class=\"gap-element clearfix\" style=\"display:block; height:auto;\">\n\t\t\n<style>\n#gap-1586017847 {\n  padding-top: 30px;\n}\n<\/style>\n\t<\/div>\n\t <div class=\"row row-large align-middle\"  id=\"row-329702419\"> \n\t<div id=\"col-1571743390\" class=\"col medium-12 small-12 large-6\"  >\n\t\t\t\t<div class=\"col-inner\"  >\n\t\t\t\n\t\t\t\r\n<h1>\u041f\u0440\u0438\u043c\u0435\u0440\u044b \u0446\u0435\u043d<span style=\"font-size: 14.4px;\">\u00a0<\/span><\/h1>\r\n<table>\r\n<thead>\r\n<tr>\r\n<td><b>\u0420\u0430\u0437\u043c\u0435\u0440 \/ \u041c\u0430\u0442\u0435\u0440\u0438\u0430\u043b<\/b><\/td>\r\n<td><strong>\u0426\u0435\u043d\u0430 (\u0431\u0435\u0437 \u043d\u0441\u043e)<\/strong><\/td>\r\n<td><strong>\u0426\u0435\u043d\u0430 (\u0432\u043a\u043b.\u00a0\u043d\u0441\u043e)<\/strong><\/td>\r\n<\/tr>\r\n<\/thead>\r\n<tbody>\r\n<tr>\r\n<td>2100\u04452100\u043c\u043cDecotex<\/td>\r\n<td>265.-<\/td>\r\n<td>318.-<\/td>\r\n<\/tr>\r\n<tr>\r\n<td>2100\u04452100\u043c\u043c\u041f\u0412\u0425 \u0431\u0430\u043d\u043d\u0435\u0440<\/td>\r\n<td>195.-<\/td>\r\n<td>234.-<\/td>\r\n<\/tr>\r\n<\/tbody>\r\n<\/table>\r\n<p><strong style=\"font-size: 90%;\">\u0414\u043b\u044f \u043f\u043e\u043b\u0443\u0447\u0435\u043d\u0438\u044f \u0431\u043e\u043b\u0435\u0435 \u0442\u043e\u0447\u043d\u043e\u0439 \u0446\u0435\u043d\u044b, \u043f\u043e\u0436\u0430\u043b\u0443\u0439\u0441\u0442\u0430 \u043e\u0442\u043f\u0440\u0430\u0432\u0442\u0435 \u043d\u0430\u043c \u0437\u0430\u043f\u0440\u043e\u0441 \u043d\u0430 <span style=\"color: #00aae7;\"><a style=\"color: #00aae7;\" href=\"m&#97;&#105;&#x6c;&#x74;&#x6f;&#x3a;i&#110;&#102;&#111;&#x40;&#x6f;&#x64;av&#112;&#114;&#x69;&#x6e;&#x74;&#46;e&#101;\">e-mail<\/a><\/span>.<\/strong><\/p>\r\n\t\t<\/div>\n\t\t\t\t\t<\/div>\n\n\t \n\t<div id=\"col-752340692\" class=\"col medium-12 small-12 large-6 medium-col-first\"  >\n\t\t\t\t<div class=\"col-inner\"  >\n\t\t\t\n\t\t\t \t<div class=\"img has-hover x md-x lg-x y md-y lg-y\" id=\"image_891613898\">\n\t\t\t\t\t\t\t\t<div class=\"img-inner box-shadow-5 dark\" >\n\t\t\t<img loading=\"lazy\" decoding=\"async\" width=\"1024\" height=\"683\" src=\"https:\/\/odavprint.ee\/wp-content\/uploads\/2018\/11\/ph2.jpg\" class=\"attachment-original size-original\" alt=\"\" srcset=\"https:\/\/odavprint.ee\/wp-content\/uploads\/2018\/11\/ph2.jpg 1024w, https:\/\/odavprint.ee\/wp-content\/uploads\/2018\/11\/ph2-300x200.jpg 300w, https:\/\/odavprint.ee\/wp-content\/uploads\/2018\/11\/ph2-768x512.jpg 768w, https:\/\/odavprint.ee\/wp-content\/uploads\/2018\/11\/ph2-600x400.jpg 600w\" sizes=\"(max-width: 1024px) 100vw, 1024px\" \/>\t\t\t\t\t\t\n\t\t\t\t\t<\/div>\n\t\t\t\t\t\t\t\t\n<style>\n#image_891613898 {\n  width: 100%;\n}\n<\/style>\n\t<\/div>\n\t \t\t<\/div>\n\t\t\t\t\t<\/div>\n\n\t <\/div> \t<div id=\"gap-2008694912\" class=\"gap-element clearfix\" style=\"display:block; height:auto;\">\n\t\t\n<style>\n#gap-2008694912 {\n  padding-top: 45px;\n}\n<\/style>\n\t<\/div>\n\t \t\t<\/div>\n\n\t\t\n<style>\n#section_274623807 {\n  padding-top: 0px;\n  padding-bottom: 0px;\n}\n<\/style>\n\t<\/section>\n\t \t<section class=\"section\" id=\"section_152889407\">\n\t\t<div class=\"bg section-bg fill bg-fill  \" >\n\n\t\t\t\n\t\t\t\n\t\t\t\n\n\t\t<\/div>\n\n\t\t<div class=\"section-content relative\">\n\t\t\t <div class=\"row align-middle\"  id=\"row-1511797819\"> \n\t<div id=\"col-1651520912\" class=\"col text-align-center-lte-md medium-12 small-12 large-1\"  >\n\t\t\t\t<div class=\"col-inner\"  >\n\t\t\t\n\t\t\t \t<div class=\"img has-hover x md-x lg-x y md-y lg-y\" id=\"image_732404278\">\n\t\t\t\t\t\t\t\t<div class=\"img-inner dark\" >\n\t\t\t<img loading=\"lazy\" decoding=\"async\" width=\"1\" height=\"1\" src=\"https:\/\/odavprint.ee\/wp-content\/uploads\/2018\/10\/email.svg\" class=\"attachment-large size-large\" alt=\"\" \/>\t\t\t\t\t\t\n\t\t\t\t\t<\/div>\n\t\t\t\t\t\t\t\t\n<style>\n#image_732404278 {\n  width: 14%;\n}\n@media (min-width:850px) {\n  #image_732404278 {\n    width: 68%;\n  }\n}\n<\/style>\n\t<\/div>\n\t \t\t<\/div>\n\t\t\t\t\n<style>\n#col-1651520912 > .col-inner {\n  margin: 0px 0px -31px 0px;\n}\n<\/style>\n\t<\/div>\n\n\t \n\t<div id=\"col-1851380218\" class=\"col text-align-center-lte-md medium-12 small-12 large-7\"  >\n\t\t\t\t<div class=\"col-inner dark\"  >\n\t\t\t\n\t\t\t\r\n<p><strong><span style=\"font-size: 150%;\">\u0417\u0430\u043a\u0430\u0437\u0430\u0442\u044c \u0441\u0442\u0435\u043d\u0434 \u0434\u043b\u044f \u0444\u043e\u0442\u043e\u0433\u0440\u0430\u0444\u0438\u0440\u043e\u0432\u0430\u043d\u0438\u044f<\/span><\/strong><br \/>\u0421\u0432\u044f\u0436\u0438\u0442\u0435\u0441\u044c \u0441 \u043d\u0430\u043c\u0438, \u0435\u0441\u043b\u0438 \u0436\u0435\u043b\u0430\u0435\u0442\u0435 \u0437\u0430\u043a\u0430\u0437\u0430\u0442\u044c \u0434\u0430\u043d\u043d\u0443\u044e \u0443\u0441\u043b\u0443\u0433\u0443.<\/p>\r\n\t\t<\/div>\n\t\t\t\t\n<style>\n#col-1851380218 > .col-inner {\n  margin: 0px 0px -44px 0;\n}\n<\/style>\n\t<\/div>\n\n\t \n\t<div id=\"col-1276879215\" class=\"col text-align-center-lte-md medium-12 small-12 large-4\"  >\n\t\t\t\t<div class=\"col-inner text-right dark\"  >\n\t\t\t\n\t\t\t <a href=\"https:\/\/odavprint.ee\/ru\/kontakt\/\" target=\"_self\" class=\"button white is-outline lowercase\"  style=\"border-radius:99px;\">\n    <span>\u041d\u0430\u0448\u0438 \u043a\u043e\u043d\u0442\u0430\u043a\u0442\u044b<\/span>\n  <\/a>\n \t\t<\/div>\n\t\t\t\t\n<style>\n#col-1276879215 > .col-inner {\n  margin: 0px 0px -44px 0px;\n}\n<\/style>\n\t<\/div>\n\n\t <\/div> \t\t<\/div>\n\n\t\t\n<style>\n#section_152889407 {\n  padding-top: 20px;\n  padding-bottom: 20px;\n  background-color: #ed008c;\n}\n#section_152889407 .section-bg.bg-loaded {\n  background-image: url(https:\/\/odavprint.ee\/wp-content\/uploads\/2018\/10\/backs-03.svg);\n}\n<\/style>\n\t<\/section>\n\t\r\n","protected":false},"excerpt":{"rendered":"","protected":false},"author":2,"featured_media":0,"parent":489,"menu_order":0,"comment_status":"closed","ping_status":"closed","template":"page-blank.php","meta":{"inline_featured_image":false,"footnotes":""},"yoast_head":"<!-- This site is optimized with the Yoast SEO Premium plugin v23.0 (Yoast SEO v23.0) - https:\/\/yoast.com\/wordpress\/plugins\/seo\/ -->\n<title>\u0421\u0442\u0435\u043d\u0434 \u0434\u043b\u044f \u0444\u043e\u0442\u043e\u0433\u0440\u0430\u0444\u0438\u0440\u043e\u0432\u0430\u043d\u0438\u044f<\/title>\n<meta name=\"robots\" content=\"index, follow, max-snippet:-1, max-image-preview:large, max-video-preview:-1\" \/>\n<link rel=\"canonical\" href=\"https:\/\/odavprint.ee\/ru\/uslugi\/stend-dlya-fotografirovaniya\/\" \/>\n<meta property=\"og:locale\" content=\"ru_RU\" \/>\n<meta property=\"og:type\" content=\"article\" \/>\n<meta property=\"og:title\" content=\"\u0421\u0442\u0435\u043d\u0434 \u0434\u043b\u044f \u0444\u043e\u0442\u043e\u0433\u0440\u0430\u0444\u0438\u0440\u043e\u0432\u0430\u043d\u0438\u044f\" \/>\n<meta property=\"og:url\" content=\"https:\/\/odavprint.ee\/ru\/uslugi\/stend-dlya-fotografirovaniya\/\" \/>\n<meta property=\"og:site_name\" content=\"Odav Print\" \/>\n<meta property=\"article:modified_time\" content=\"2019-04-06T15:32:18+00:00\" \/>\n<meta name=\"twitter:card\" content=\"summary_large_image\" \/>\n<meta name=\"twitter:label1\" content=\"\u041f\u0440\u0438\u043c\u0435\u0440\u043d\u043e\u0435 \u0432\u0440\u0435\u043c\u044f \u0434\u043b\u044f \u0447\u0442\u0435\u043d\u0438\u044f\" \/>\n\t<meta name=\"twitter:data1\" content=\"1 \u043c\u0438\u043d\u0443\u0442\u0430\" \/>\n<script type=\"application\/ld+json\" class=\"yoast-schema-graph\">{\"@context\":\"https:\/\/schema.org\",\"@graph\":[{\"@type\":\"WebPage\",\"@id\":\"https:\/\/odavprint.ee\/ru\/uslugi\/stend-dlya-fotografirovaniya\/\",\"url\":\"https:\/\/odavprint.ee\/ru\/uslugi\/stend-dlya-fotografirovaniya\/\",\"name\":\"\u0421\u0442\u0435\u043d\u0434 \u0434\u043b\u044f \u0444\u043e\u0442\u043e\u0433\u0440\u0430\u0444\u0438\u0440\u043e\u0432\u0430\u043d\u0438\u044f\",\"isPartOf\":{\"@id\":\"https:\/\/odavprint.ee\/ru\/#website\"},\"datePublished\":\"2018-11-01T13:02:54+00:00\",\"dateModified\":\"2019-04-06T15:32:18+00:00\",\"breadcrumb\":{\"@id\":\"https:\/\/odavprint.ee\/ru\/uslugi\/stend-dlya-fotografirovaniya\/#breadcrumb\"},\"inLanguage\":\"ru-RU\",\"potentialAction\":[{\"@type\":\"ReadAction\",\"target\":[\"https:\/\/odavprint.ee\/ru\/uslugi\/stend-dlya-fotografirovaniya\/\"]}]},{\"@type\":\"BreadcrumbList\",\"@id\":\"https:\/\/odavprint.ee\/ru\/uslugi\/stend-dlya-fotografirovaniya\/#breadcrumb\",\"itemListElement\":[{\"@type\":\"ListItem\",\"position\":1,\"name\":\"Home\",\"item\":\"https:\/\/odavprint.ee\/ru\/%d0%b3%d0%bb%d0%b0%d0%b2%d0%bd%d0%b0%d1%8f\/\"},{\"@type\":\"ListItem\",\"position\":2,\"name\":\"\u0423\u0441\u043b\u0443\u0433\u0438\",\"item\":\"https:\/\/odavprint.ee\/ru\/uslugi\/\"},{\"@type\":\"ListItem\",\"position\":3,\"name\":\"\u0421\u0442\u0435\u043d\u0434 \u0434\u043b\u044f \u0444\u043e\u0442\u043e\u0433\u0440\u0430\u0444\u0438\u0440\u043e\u0432\u0430\u043d\u0438\u044f\"}]},{\"@type\":\"WebSite\",\"@id\":\"https:\/\/odavprint.ee\/ru\/#website\",\"url\":\"https:\/\/odavprint.ee\/ru\/\",\"name\":\"Odav Print\",\"description\":\"Just another WordPress site\",\"publisher\":{\"@id\":\"https:\/\/odavprint.ee\/ru\/#organization\"},\"alternateName\":\"Kassettide, toonerite t\u00e4itmine ja m\u00fc\u00fck.\",\"potentialAction\":[{\"@type\":\"SearchAction\",\"target\":{\"@type\":\"EntryPoint\",\"urlTemplate\":\"https:\/\/odavprint.ee\/ru\/?s={search_term_string}\"},\"query-input\":\"required name=search_term_string\"}],\"inLanguage\":\"ru-RU\"},{\"@type\":[\"Organization\",\"Place\"],\"@id\":\"https:\/\/odavprint.ee\/ru\/#organization\",\"name\":\"Odav Print O\u00dc\",\"url\":\"https:\/\/odavprint.ee\/ru\/\",\"logo\":{\"@id\":\"https:\/\/odavprint.ee\/ru\/uslugi\/stend-dlya-fotografirovaniya\/#local-main-organization-logo\"},\"image\":{\"@id\":\"https:\/\/odavprint.ee\/ru\/uslugi\/stend-dlya-fotografirovaniya\/#local-main-organization-logo\"},\"address\":{\"@id\":\"https:\/\/odavprint.ee\/ru\/uslugi\/stend-dlya-fotografirovaniya\/#local-main-place-address\"},\"geo\":{\"@type\":\"GeoCoordinates\",\"latitude\":\"59.4306504\",\"longitude\":\"24.8095743\"},\"telephone\":[\"53836926\"],\"openingHoursSpecification\":[{\"@type\":\"OpeningHoursSpecification\",\"dayOfWeek\":[\"Monday\",\"Tuesday\",\"Wednesday\",\"Thursday\",\"Friday\",\"Saturday\",\"Sunday\"],\"opens\":\"09:00\",\"closes\":\"17:00\"}],\"email\":\"info@odavprint.eu\"},{\"@type\":\"PostalAddress\",\"@id\":\"https:\/\/odavprint.ee\/ru\/uslugi\/stend-dlya-fotografirovaniya\/#local-main-place-address\",\"streetAddress\":\"Pae tn 28\",\"addressLocality\":\"Tallinn\",\"postalCode\":\"11415\",\"addressRegion\":\"Harjumaa\",\"addressCountry\":\"EE\"},{\"@type\":\"ImageObject\",\"inLanguage\":\"ru-RU\",\"@id\":\"https:\/\/odavprint.ee\/ru\/uslugi\/stend-dlya-fotografirovaniya\/#local-main-organization-logo\",\"url\":\"https:\/\/odavprint.ee\/wp-content\/uploads\/2018\/10\/odavprint-logo-240.jpg\",\"contentUrl\":\"https:\/\/odavprint.ee\/wp-content\/uploads\/2018\/10\/odavprint-logo-240.jpg\",\"width\":240,\"height\":36,\"caption\":\"Odav Print O\u00dc\"}]}<\/script>\n<meta name=\"geo.placename\" content=\"Tallinn\" \/>\n<meta name=\"geo.position\" content=\"59.4306504;24.8095743\" \/>\n<meta name=\"geo.region\" content=\"\u042d\u0441\u0442\u043e\u043d\u0438\u044f\" \/>\n<!-- \/ Yoast SEO Premium plugin. -->","yoast_head_json":{"title":"\u0421\u0442\u0435\u043d\u0434 \u0434\u043b\u044f \u0444\u043e\u0442\u043e\u0433\u0440\u0430\u0444\u0438\u0440\u043e\u0432\u0430\u043d\u0438\u044f","robots":{"index":"index","follow":"follow","max-snippet":"max-snippet:-1","max-image-preview":"max-image-preview:large","max-video-preview":"max-video-preview:-1"},"canonical":"https:\/\/odavprint.ee\/ru\/uslugi\/stend-dlya-fotografirovaniya\/","og_locale":"ru_RU","og_type":"article","og_title":"\u0421\u0442\u0435\u043d\u0434 \u0434\u043b\u044f \u0444\u043e\u0442\u043e\u0433\u0440\u0430\u0444\u0438\u0440\u043e\u0432\u0430\u043d\u0438\u044f","og_url":"https:\/\/odavprint.ee\/ru\/uslugi\/stend-dlya-fotografirovaniya\/","og_site_name":"Odav Print","article_modified_time":"2019-04-06T15:32:18+00:00","twitter_card":"summary_large_image","twitter_misc":{"\u041f\u0440\u0438\u043c\u0435\u0440\u043d\u043e\u0435 \u0432\u0440\u0435\u043c\u044f \u0434\u043b\u044f \u0447\u0442\u0435\u043d\u0438\u044f":"1 \u043c\u0438\u043d\u0443\u0442\u0430"},"schema":{"@context":"https:\/\/schema.org","@graph":[{"@type":"WebPage","@id":"https:\/\/odavprint.ee\/ru\/uslugi\/stend-dlya-fotografirovaniya\/","url":"https:\/\/odavprint.ee\/ru\/uslugi\/stend-dlya-fotografirovaniya\/","name":"\u0421\u0442\u0435\u043d\u0434 \u0434\u043b\u044f \u0444\u043e\u0442\u043e\u0433\u0440\u0430\u0444\u0438\u0440\u043e\u0432\u0430\u043d\u0438\u044f","isPartOf":{"@id":"https:\/\/odavprint.ee\/ru\/#website"},"datePublished":"2018-11-01T13:02:54+00:00","dateModified":"2019-04-06T15:32:18+00:00","breadcrumb":{"@id":"https:\/\/odavprint.ee\/ru\/uslugi\/stend-dlya-fotografirovaniya\/#breadcrumb"},"inLanguage":"ru-RU","potentialAction":[{"@type":"ReadAction","target":["https:\/\/odavprint.ee\/ru\/uslugi\/stend-dlya-fotografirovaniya\/"]}]},{"@type":"BreadcrumbList","@id":"https:\/\/odavprint.ee\/ru\/uslugi\/stend-dlya-fotografirovaniya\/#breadcrumb","itemListElement":[{"@type":"ListItem","position":1,"name":"Home","item":"https:\/\/odavprint.ee\/ru\/%d0%b3%d0%bb%d0%b0%d0%b2%d0%bd%d0%b0%d1%8f\/"},{"@type":"ListItem","position":2,"name":"\u0423\u0441\u043b\u0443\u0433\u0438","item":"https:\/\/odavprint.ee\/ru\/uslugi\/"},{"@type":"ListItem","position":3,"name":"\u0421\u0442\u0435\u043d\u0434 \u0434\u043b\u044f \u0444\u043e\u0442\u043e\u0433\u0440\u0430\u0444\u0438\u0440\u043e\u0432\u0430\u043d\u0438\u044f"}]},{"@type":"WebSite","@id":"https:\/\/odavprint.ee\/ru\/#website","url":"https:\/\/odavprint.ee\/ru\/","name":"Odav Print","description":"Just another WordPress site","publisher":{"@id":"https:\/\/odavprint.ee\/ru\/#organization"},"alternateName":"Kassettide, toonerite t\u00e4itmine ja m\u00fc\u00fck.","potentialAction":[{"@type":"SearchAction","target":{"@type":"EntryPoint","urlTemplate":"https:\/\/odavprint.ee\/ru\/?s={search_term_string}"},"query-input":"required name=search_term_string"}],"inLanguage":"ru-RU"},{"@type":["Organization","Place"],"@id":"https:\/\/odavprint.ee\/ru\/#organization","name":"Odav Print O\u00dc","url":"https:\/\/odavprint.ee\/ru\/","logo":{"@id":"https:\/\/odavprint.ee\/ru\/uslugi\/stend-dlya-fotografirovaniya\/#local-main-organization-logo"},"image":{"@id":"https:\/\/odavprint.ee\/ru\/uslugi\/stend-dlya-fotografirovaniya\/#local-main-organization-logo"},"address":{"@id":"https:\/\/odavprint.ee\/ru\/uslugi\/stend-dlya-fotografirovaniya\/#local-main-place-address"},"geo":{"@type":"GeoCoordinates","latitude":"59.4306504","longitude":"24.8095743"},"telephone":["53836926"],"openingHoursSpecification":[{"@type":"OpeningHoursSpecification","dayOfWeek":["Monday","Tuesday","Wednesday","Thursday","Friday","Saturday","Sunday"],"opens":"09:00","closes":"17:00"}],"email":"info@odavprint.eu"},{"@type":"PostalAddress","@id":"https:\/\/odavprint.ee\/ru\/uslugi\/stend-dlya-fotografirovaniya\/#local-main-place-address","streetAddress":"Pae tn 28","addressLocality":"Tallinn","postalCode":"11415","addressRegion":"Harjumaa","addressCountry":"EE"},{"@type":"ImageObject","inLanguage":"ru-RU","@id":"https:\/\/odavprint.ee\/ru\/uslugi\/stend-dlya-fotografirovaniya\/#local-main-organization-logo","url":"https:\/\/odavprint.ee\/wp-content\/uploads\/2018\/10\/odavprint-logo-240.jpg","contentUrl":"https:\/\/odavprint.ee\/wp-content\/uploads\/2018\/10\/odavprint-logo-240.jpg","width":240,"height":36,"caption":"Odav Print O\u00dc"}]},"geo.placename":"Tallinn","geo.position":{"lat":"59.4306504","long":"24.8095743"},"geo.region":"\u042d\u0441\u0442\u043e\u043d\u0438\u044f"},"_links":{"self":[{"href":"https:\/\/odavprint.ee\/ru\/wp-json\/wp\/v2\/pages\/896"}],"collection":[{"href":"https:\/\/odavprint.ee\/ru\/wp-json\/wp\/v2\/pages"}],"about":[{"href":"https:\/\/odavprint.ee\/ru\/wp-json\/wp\/v2\/types\/page"}],"author":[{"embeddable":true,"href":"https:\/\/odavprint.ee\/ru\/wp-json\/wp\/v2\/users\/2"}],"replies":[{"embeddable":true,"href":"https:\/\/odavprint.ee\/ru\/wp-json\/wp\/v2\/comments?post=896"}],"version-history":[{"count":6,"href":"https:\/\/odavprint.ee\/ru\/wp-json\/wp\/v2\/pages\/896\/revisions"}],"predecessor-version":[{"id":11601,"href":"https:\/\/odavprint.ee\/ru\/wp-json\/wp\/v2\/pages\/896\/revisions\/11601"}],"up":[{"embeddable":true,"href":"https:\/\/odavprint.ee\/ru\/wp-json\/wp\/v2\/pages\/489"}],"wp:attachment":[{"href":"https:\/\/odavprint.ee\/ru\/wp-json\/wp\/v2\/media?parent=896"}],"curies":[{"name":"wp","href":"https:\/\/api.w.org\/{rel}","templated":true}]}}