{"id":101268,"date":"2021-04-28T16:53:49","date_gmt":"2021-04-28T13:53:49","guid":{"rendered":"https:\/\/odavprint.ee\/product\/canon-toner-c-exv-53-black-0473c002\/"},"modified":"2021-04-28T16:53:49","modified_gmt":"2021-04-28T13:53:49","slug":"canon-toner-c-exv-53-black-0473c002","status":"publish","type":"product","link":"https:\/\/odavprint.ee\/ru\/product\/canon-toner-c-exv-53-black-0473c002\/","title":{"rendered":"Canon Toner C-EXV 53 Black (0473C002)"},"content":{"rendered":"<p><strong>Suitable for use in:<\/strong><\/p>\n<p>Canon imageRUNNER Advance 4525i<br \/>Canon imageRUNNER Advance 4535i<br \/>Canon imageRUNNER Advance 4545i<br \/>Canon imageRUNNER Advance 4551i<br \/>Canon imageRUNNER Advance 4555i<br \/>Canon imageRUNNER iR4525i<br \/>Canon imageRUNNER iR4535i<br \/>Canon imageRUNNER iR4545i<br \/>Canon imageRUNNER iR4551i<br \/>Canon imageRUNNER iR4555i<br \/>Canon imageRUNNER Advance iR4500 Series<br \/>Canon imageRUNNER Advance iR4525i II<br \/>Canon imageRUNNER Advance iR4525i III<br \/>Canon imageRUNNER Advance iR4525 Series<br \/>Canon imageRUNNER Advance iR4535i II<br \/>Canon imageRUNNER Advance iR4535i III<br \/>Canon imageRUNNER Advance iR4535 Series<br \/>Canon imageRUNNER Advance iR4545i II<br \/>Canon imageRUNNER Advance iR4545i III<br \/>Canon imageRUNNER Advance iR4545 Series<br \/>Canon imageRUNNER Advance iR4551i II<br \/>Canon imageRUNNER Advance iR4551i III<br \/>Canon imageRUNNER Advance iR4551 Series<br \/>Canon imageRUNNER Advance iR4553i<br \/>Canon imageRUNNER Advance iRDX 4700 Series<br \/>Canon imageRUNNER Advance iRDX 4725i<br \/>Canon imageRUNNER Advance iRDX 4735i<br \/>Canon imageRUNNER Advance iRDX 4745i<br \/>Canon imageRUNNER Advance iRDX 4751i<br \/>Canon imageRUNNER iR4500II<br \/>Canon imageRUNNER iR4525i II<br \/>Canon imageRUNNER iR4525i III<br \/>Canon imageRUNNER iR4525Series<br \/>Canon imageRUNNER iR4535i II<br \/>Canon imageRUNNER iR4535i III<br \/>Canon imageRUNNER iR4535Series<br \/>Canon imageRUNNER iR4545i II<br \/>Canon imageRUNNER iR4545i III<br \/>Canon imageRUNNER iR4545Series<br \/>Canon imageRUNNER iR4551 i II<br \/>Canon imageRUNNER iR4551 i III<br \/>Canon imageRUNNER iR4551 Series<br \/>Canon imageRUNNER iR4553i<br \/>Canon imageRUNNER Advance iR4500II<br \/>Canon imageRUNNER Advance iR4525i<br \/>Canon imageRUNNER Advance iR4535i<br \/>Canon imageRUNNER Advance iR4545i<br \/>Canon imageRUNNER Advance iR4551i<br \/>Canon imageRUNNER Advance iR4553 i<br \/>Canon imageRUNNER Advance iR4555i<br \/>Canon imageRUNNER Advance iRDX4700 Series<br \/>Canon imageRUNNER Advance iRDX4725i<br \/>Canon imageRUNNER Advance iRDX4735i<br \/>Canon imageRUNNER Advance iRDX4745i<br \/>Canon imageRUNNER Advance iRDX4751i<\/p>\n","protected":false},"excerpt":{"rendered":"<p>Suitable for use in: Canon imageRUNNER Advance 4525iCanon imageRUNNER Advance 4535iCanon imageRUNNER Advance 4545iCanon imageRUNNER Advance 4551iCanon imageRUNNER Advance 4555iCanon imageRUNNER iR4525iCanon imageRUNNER iR4535iCanon imageRUNNER iR4545iCanon imageRUNNER iR4551iCanon imageRUNNER iR4555iCanon imageRUNNER Advance iR4500 SeriesCanon imageRUNNER Advance iR4525i IICanon imageRUNNER Advance iR4525i IIICanon imageRUNNER Advance iR4525 SeriesCanon imageRUNNER Advance iR4535i IICanon imageRUNNER Advance iR4535i IIICanon imageRUNNER [&#8230;]\n","protected":false},"featured_media":101269,"template":"","meta":{"inline_featured_image":false},"product_cat":[12832],"product_tag":[35287,35286,35285,35284,35282,35311,35312,35310,35309,35308,35307,35306,35305,35304,35303,35302,35301,35300,35299,35298,35297,35296,35295,35294,35283,35293,35281,35280,35279,35278,35277,35292,35291,35290,35289,35288,35331,35329,35328,35327,35330,35325,35324,35323,35326,35321,35320,35319,35322,35316,35315,35318,35317,35314,35313],"yoast_head":"<!-- This site is optimized with the Yoast SEO Premium plugin v23.0 (Yoast SEO v23.0) - https:\/\/yoast.com\/wordpress\/plugins\/seo\/ -->\n<title>Canon Toner C-EXV 53 Black (0473C002), \u043b\u0443\u0447\u0448\u0430\u044f \u0446\u0435\u043d\u0430, \u043a\u0443\u043f\u0438\u0442\u044c \u0432 \u0438\u043d\u0442\u0435\u0440\u043d\u0435\u0442-\u043c\u0430\u0433\u0430\u0437\u0438\u043d\u0435 - Odav Print<\/title>\n<meta name=\"description\" content=\"\u041a\u0443\u043f\u0438\u0442\u044c Canon Toner C-EXV 53 Black (0473C002) \u0432 Odav Print \u260e +372 5911 9495 \u2714\ufe0f \u041b\u0443\u0447\u0448\u0430\u044f \u0446\u0435\u043d\u0430 \u043d\u0430 Canon Toner C-EXV 53 Black (0473C002) \u26df \u0411\u044b\u0441\u0442\u0440\u0430\u044f \u0434\u043e\u0441\u0442\u0430\u0432\u043a\u0430 \u043f\u043e \u042d\u0441\u0442\u043e\u043d\u0438\u0438 \u2b50 \u0413\u0430\u0440\u0430\u043d\u0442\u0438\u044f\" \/>\n<meta name=\"robots\" content=\"index, follow, max-snippet:-1, max-image-preview:large, max-video-preview:-1\" \/>\n<link rel=\"canonical\" href=\"https:\/\/odavprint.ee\/ru\/product\/canon-toner-c-exv-53-black-0473c002\/\" \/>\n<meta property=\"og:locale\" content=\"ru_RU\" \/>\n<meta property=\"og:type\" content=\"article\" \/>\n<meta property=\"og:title\" content=\"Canon Toner C-EXV 53 Black (0473C002)\" \/>\n<meta property=\"og:description\" content=\"\u041a\u0443\u043f\u0438\u0442\u044c Canon Toner C-EXV 53 Black (0473C002) \u0432 Odav Print \u260e +372 5911 9495 \u2714\ufe0f \u041b\u0443\u0447\u0448\u0430\u044f \u0446\u0435\u043d\u0430 \u043d\u0430 Canon Toner C-EXV 53 Black (0473C002) \u26df \u0411\u044b\u0441\u0442\u0440\u0430\u044f \u0434\u043e\u0441\u0442\u0430\u0432\u043a\u0430 \u043f\u043e \u042d\u0441\u0442\u043e\u043d\u0438\u0438 \u2b50 \u0413\u0430\u0440\u0430\u043d\u0442\u0438\u044f\" \/>\n<meta property=\"og:url\" content=\"https:\/\/odavprint.ee\/ru\/product\/canon-toner-c-exv-53-black-0473c002\/\" \/>\n<meta property=\"og:site_name\" content=\"Odav Print\" \/>\n<meta property=\"og:image\" content=\"https:\/\/odavprint.ee\/wp-content\/uploads\/2021\/04\/101268_logo_canon.png\" \/>\n\t<meta property=\"og:image:width\" content=\"205\" \/>\n\t<meta property=\"og:image:height\" content=\"44\" \/>\n\t<meta property=\"og:image:type\" content=\"image\/png\" \/>\n<meta name=\"twitter:card\" content=\"summary_large_image\" \/>\n<meta name=\"twitter:label1\" content=\"\u0426\u0435\u043d\u0430\" \/>\n\t<meta name=\"twitter:data1\" content=\"&euro;95.00\" \/>\n\t<meta name=\"twitter:label2\" content=\"\u0414\u043e\u0441\u0442\u0443\u043f\u043d\u043e\u0441\u0442\u044c\" \/>\n\t<meta name=\"twitter:data2\" content=\"\u0412 \u043d\u0430\u043b\u0438\u0447\u0438\u0438\" \/>\n<script type=\"application\/ld+json\" class=\"yoast-schema-graph\">{\"@context\":\"https:\/\/schema.org\",\"@graph\":[{\"@type\":[\"WebPage\",\"ItemPage\"],\"@id\":\"https:\/\/odavprint.ee\/ru\/product\/canon-toner-c-exv-53-black-0473c002\/\",\"url\":\"https:\/\/odavprint.ee\/ru\/product\/canon-toner-c-exv-53-black-0473c002\/\",\"name\":\"Canon Toner C-EXV 53 Black (0473C002), \u043b\u0443\u0447\u0448\u0430\u044f \u0446\u0435\u043d\u0430, \u043a\u0443\u043f\u0438\u0442\u044c \u0432 \u0438\u043d\u0442\u0435\u0440\u043d\u0435\u0442-\u043c\u0430\u0433\u0430\u0437\u0438\u043d\u0435 - Odav Print\",\"isPartOf\":{\"@id\":\"https:\/\/odavprint.ee\/ru\/#website\"},\"primaryImageOfPage\":{\"@id\":\"https:\/\/odavprint.ee\/ru\/product\/canon-toner-c-exv-53-black-0473c002\/#primaryimage\"},\"image\":{\"@id\":\"https:\/\/odavprint.ee\/ru\/product\/canon-toner-c-exv-53-black-0473c002\/#primaryimage\"},\"thumbnailUrl\":\"https:\/\/odavprint.ee\/wp-content\/uploads\/2021\/04\/101268_logo_canon.png\",\"datePublished\":\"2021-04-28T13:53:49+00:00\",\"dateModified\":\"2021-04-28T13:53:49+00:00\",\"description\":\"\u041a\u0443\u043f\u0438\u0442\u044c Canon Toner C-EXV 53 Black (0473C002) \u0432 Odav Print \u260e +372 5911 9495 \u2714\ufe0f \u041b\u0443\u0447\u0448\u0430\u044f \u0446\u0435\u043d\u0430 \u043d\u0430 Canon Toner C-EXV 53 Black (0473C002) \u26df \u0411\u044b\u0441\u0442\u0440\u0430\u044f \u0434\u043e\u0441\u0442\u0430\u0432\u043a\u0430 \u043f\u043e \u042d\u0441\u0442\u043e\u043d\u0438\u0438 \u2b50 \u0413\u0430\u0440\u0430\u043d\u0442\u0438\u044f\",\"breadcrumb\":{\"@id\":\"https:\/\/odavprint.ee\/ru\/product\/canon-toner-c-exv-53-black-0473c002\/#breadcrumb\"},\"inLanguage\":\"ru-RU\",\"potentialAction\":[{\"@type\":\"ReadAction\",\"target\":[\"https:\/\/odavprint.ee\/ru\/product\/canon-toner-c-exv-53-black-0473c002\/\"]}]},{\"@type\":\"ImageObject\",\"inLanguage\":\"ru-RU\",\"@id\":\"https:\/\/odavprint.ee\/ru\/product\/canon-toner-c-exv-53-black-0473c002\/#primaryimage\",\"url\":\"https:\/\/odavprint.ee\/wp-content\/uploads\/2021\/04\/101268_logo_canon.png\",\"contentUrl\":\"https:\/\/odavprint.ee\/wp-content\/uploads\/2021\/04\/101268_logo_canon.png\",\"width\":205,\"height\":44},{\"@type\":\"BreadcrumbList\",\"@id\":\"https:\/\/odavprint.ee\/ru\/product\/canon-toner-c-exv-53-black-0473c002\/#breadcrumb\",\"itemListElement\":[{\"@type\":\"ListItem\",\"position\":1,\"name\":\"Home\",\"item\":\"https:\/\/odavprint.ee\/ru\/%d0%b3%d0%bb%d0%b0%d0%b2%d0%bd%d0%b0%d1%8f\/\"},{\"@type\":\"ListItem\",\"position\":2,\"name\":\"\u041c\u0430\u0433\u0430\u0437\u0438\u043d\",\"item\":\"https:\/\/odavprint.ee\/ru\/shop\/\"},{\"@type\":\"ListItem\",\"position\":3,\"name\":\"Canon Toner C-EXV 53 Black (0473C002)\"}]},{\"@type\":\"WebSite\",\"@id\":\"https:\/\/odavprint.ee\/ru\/#website\",\"url\":\"https:\/\/odavprint.ee\/ru\/\",\"name\":\"Odav Print\",\"description\":\"Just another WordPress site\",\"publisher\":{\"@id\":\"https:\/\/odavprint.ee\/ru\/#organization\"},\"alternateName\":\"Kassettide, toonerite t\u00e4itmine ja m\u00fc\u00fck.\",\"potentialAction\":[{\"@type\":\"SearchAction\",\"target\":{\"@type\":\"EntryPoint\",\"urlTemplate\":\"https:\/\/odavprint.ee\/ru\/?s={search_term_string}\"},\"query-input\":\"required name=search_term_string\"}],\"inLanguage\":\"ru-RU\"},{\"@type\":[\"Organization\",\"Place\"],\"@id\":\"https:\/\/odavprint.ee\/ru\/#organization\",\"name\":\"Odav Print O\u00dc\",\"url\":\"https:\/\/odavprint.ee\/ru\/\",\"logo\":{\"@id\":\"https:\/\/odavprint.ee\/ru\/product\/canon-toner-c-exv-53-black-0473c002\/#local-main-organization-logo\"},\"image\":{\"@id\":\"https:\/\/odavprint.ee\/ru\/product\/canon-toner-c-exv-53-black-0473c002\/#local-main-organization-logo\"},\"address\":{\"@id\":\"https:\/\/odavprint.ee\/ru\/product\/canon-toner-c-exv-53-black-0473c002\/#local-main-place-address\"},\"geo\":{\"@type\":\"GeoCoordinates\",\"latitude\":\"59.4306504\",\"longitude\":\"24.8095743\"},\"telephone\":[\"53836926\"],\"openingHoursSpecification\":[{\"@type\":\"OpeningHoursSpecification\",\"dayOfWeek\":[\"Monday\",\"Tuesday\",\"Wednesday\",\"Thursday\",\"Friday\",\"Saturday\",\"Sunday\"],\"opens\":\"09:00\",\"closes\":\"17:00\"}],\"email\":\"info@odavprint.eu\"},{\"@type\":\"PostalAddress\",\"@id\":\"https:\/\/odavprint.ee\/ru\/product\/canon-toner-c-exv-53-black-0473c002\/#local-main-place-address\",\"streetAddress\":\"Pae tn 28\",\"addressLocality\":\"Tallinn\",\"postalCode\":\"11415\",\"addressRegion\":\"Harjumaa\",\"addressCountry\":\"EE\"},{\"@type\":\"ImageObject\",\"inLanguage\":\"ru-RU\",\"@id\":\"https:\/\/odavprint.ee\/ru\/product\/canon-toner-c-exv-53-black-0473c002\/#local-main-organization-logo\",\"url\":\"https:\/\/odavprint.ee\/wp-content\/uploads\/2018\/10\/odavprint-logo-240.jpg\",\"contentUrl\":\"https:\/\/odavprint.ee\/wp-content\/uploads\/2018\/10\/odavprint-logo-240.jpg\",\"width\":240,\"height\":36,\"caption\":\"Odav Print O\u00dc\"}]}<\/script>\n<meta property=\"product:price:amount\" content=\"95.00\" \/>\n<meta property=\"product:price:currency\" content=\"EUR\" \/>\n<meta property=\"og:availability\" content=\"instock\" \/>\n<meta property=\"product:availability\" content=\"instock\" \/>\n<meta property=\"product:retailer_item_id\" content=\"0473C002\" \/>\n<meta property=\"product:condition\" content=\"new\" \/>\n<meta name=\"geo.placename\" content=\"Tallinn\" \/>\n<meta name=\"geo.position\" content=\"59.4306504;24.8095743\" \/>\n<meta name=\"geo.region\" content=\"\u042d\u0441\u0442\u043e\u043d\u0438\u044f\" \/>\n<!-- \/ Yoast SEO Premium plugin. -->","yoast_head_json":{"title":"Canon Toner C-EXV 53 Black (0473C002), \u043b\u0443\u0447\u0448\u0430\u044f \u0446\u0435\u043d\u0430, \u043a\u0443\u043f\u0438\u0442\u044c \u0432 \u0438\u043d\u0442\u0435\u0440\u043d\u0435\u0442-\u043c\u0430\u0433\u0430\u0437\u0438\u043d\u0435 - Odav Print","description":"\u041a\u0443\u043f\u0438\u0442\u044c Canon Toner C-EXV 53 Black (0473C002) \u0432 Odav Print \u260e +372 5911 9495 \u2714\ufe0f \u041b\u0443\u0447\u0448\u0430\u044f \u0446\u0435\u043d\u0430 \u043d\u0430 Canon Toner C-EXV 53 Black (0473C002) \u26df \u0411\u044b\u0441\u0442\u0440\u0430\u044f \u0434\u043e\u0441\u0442\u0430\u0432\u043a\u0430 \u043f\u043e \u042d\u0441\u0442\u043e\u043d\u0438\u0438 \u2b50 \u0413\u0430\u0440\u0430\u043d\u0442\u0438\u044f","robots":{"index":"index","follow":"follow","max-snippet":"max-snippet:-1","max-image-preview":"max-image-preview:large","max-video-preview":"max-video-preview:-1"},"canonical":"https:\/\/odavprint.ee\/ru\/product\/canon-toner-c-exv-53-black-0473c002\/","og_locale":"ru_RU","og_type":"article","og_title":"Canon Toner C-EXV 53 Black (0473C002)","og_description":"\u041a\u0443\u043f\u0438\u0442\u044c Canon Toner C-EXV 53 Black (0473C002) \u0432 Odav Print \u260e +372 5911 9495 \u2714\ufe0f \u041b\u0443\u0447\u0448\u0430\u044f \u0446\u0435\u043d\u0430 \u043d\u0430 Canon Toner C-EXV 53 Black (0473C002) \u26df \u0411\u044b\u0441\u0442\u0440\u0430\u044f \u0434\u043e\u0441\u0442\u0430\u0432\u043a\u0430 \u043f\u043e \u042d\u0441\u0442\u043e\u043d\u0438\u0438 \u2b50 \u0413\u0430\u0440\u0430\u043d\u0442\u0438\u044f","og_url":"https:\/\/odavprint.ee\/ru\/product\/canon-toner-c-exv-53-black-0473c002\/","og_site_name":"Odav Print","og_image":[{"width":205,"height":44,"url":"https:\/\/odavprint.ee\/wp-content\/uploads\/2021\/04\/101268_logo_canon.png","type":"image\/png"}],"twitter_card":"summary_large_image","twitter_misc":{"\u0426\u0435\u043d\u0430":"&euro;95.00","\u0414\u043e\u0441\u0442\u0443\u043f\u043d\u043e\u0441\u0442\u044c":"\u0412 \u043d\u0430\u043b\u0438\u0447\u0438\u0438"},"schema":{"@context":"https:\/\/schema.org","@graph":[{"@type":["WebPage","ItemPage"],"@id":"https:\/\/odavprint.ee\/ru\/product\/canon-toner-c-exv-53-black-0473c002\/","url":"https:\/\/odavprint.ee\/ru\/product\/canon-toner-c-exv-53-black-0473c002\/","name":"Canon Toner C-EXV 53 Black (0473C002), \u043b\u0443\u0447\u0448\u0430\u044f \u0446\u0435\u043d\u0430, \u043a\u0443\u043f\u0438\u0442\u044c \u0432 \u0438\u043d\u0442\u0435\u0440\u043d\u0435\u0442-\u043c\u0430\u0433\u0430\u0437\u0438\u043d\u0435 - Odav Print","isPartOf":{"@id":"https:\/\/odavprint.ee\/ru\/#website"},"primaryImageOfPage":{"@id":"https:\/\/odavprint.ee\/ru\/product\/canon-toner-c-exv-53-black-0473c002\/#primaryimage"},"image":{"@id":"https:\/\/odavprint.ee\/ru\/product\/canon-toner-c-exv-53-black-0473c002\/#primaryimage"},"thumbnailUrl":"https:\/\/odavprint.ee\/wp-content\/uploads\/2021\/04\/101268_logo_canon.png","datePublished":"2021-04-28T13:53:49+00:00","dateModified":"2021-04-28T13:53:49+00:00","description":"\u041a\u0443\u043f\u0438\u0442\u044c Canon Toner C-EXV 53 Black (0473C002) \u0432 Odav Print \u260e +372 5911 9495 \u2714\ufe0f \u041b\u0443\u0447\u0448\u0430\u044f \u0446\u0435\u043d\u0430 \u043d\u0430 Canon Toner C-EXV 53 Black (0473C002) \u26df \u0411\u044b\u0441\u0442\u0440\u0430\u044f \u0434\u043e\u0441\u0442\u0430\u0432\u043a\u0430 \u043f\u043e \u042d\u0441\u0442\u043e\u043d\u0438\u0438 \u2b50 \u0413\u0430\u0440\u0430\u043d\u0442\u0438\u044f","breadcrumb":{"@id":"https:\/\/odavprint.ee\/ru\/product\/canon-toner-c-exv-53-black-0473c002\/#breadcrumb"},"inLanguage":"ru-RU","potentialAction":[{"@type":"ReadAction","target":["https:\/\/odavprint.ee\/ru\/product\/canon-toner-c-exv-53-black-0473c002\/"]}]},{"@type":"ImageObject","inLanguage":"ru-RU","@id":"https:\/\/odavprint.ee\/ru\/product\/canon-toner-c-exv-53-black-0473c002\/#primaryimage","url":"https:\/\/odavprint.ee\/wp-content\/uploads\/2021\/04\/101268_logo_canon.png","contentUrl":"https:\/\/odavprint.ee\/wp-content\/uploads\/2021\/04\/101268_logo_canon.png","width":205,"height":44},{"@type":"BreadcrumbList","@id":"https:\/\/odavprint.ee\/ru\/product\/canon-toner-c-exv-53-black-0473c002\/#breadcrumb","itemListElement":[{"@type":"ListItem","position":1,"name":"Home","item":"https:\/\/odavprint.ee\/ru\/%d0%b3%d0%bb%d0%b0%d0%b2%d0%bd%d0%b0%d1%8f\/"},{"@type":"ListItem","position":2,"name":"\u041c\u0430\u0433\u0430\u0437\u0438\u043d","item":"https:\/\/odavprint.ee\/ru\/shop\/"},{"@type":"ListItem","position":3,"name":"Canon Toner C-EXV 53 Black (0473C002)"}]},{"@type":"WebSite","@id":"https:\/\/odavprint.ee\/ru\/#website","url":"https:\/\/odavprint.ee\/ru\/","name":"Odav Print","description":"Just another WordPress site","publisher":{"@id":"https:\/\/odavprint.ee\/ru\/#organization"},"alternateName":"Kassettide, toonerite t\u00e4itmine ja m\u00fc\u00fck.","potentialAction":[{"@type":"SearchAction","target":{"@type":"EntryPoint","urlTemplate":"https:\/\/odavprint.ee\/ru\/?s={search_term_string}"},"query-input":"required name=search_term_string"}],"inLanguage":"ru-RU"},{"@type":["Organization","Place"],"@id":"https:\/\/odavprint.ee\/ru\/#organization","name":"Odav Print O\u00dc","url":"https:\/\/odavprint.ee\/ru\/","logo":{"@id":"https:\/\/odavprint.ee\/ru\/product\/canon-toner-c-exv-53-black-0473c002\/#local-main-organization-logo"},"image":{"@id":"https:\/\/odavprint.ee\/ru\/product\/canon-toner-c-exv-53-black-0473c002\/#local-main-organization-logo"},"address":{"@id":"https:\/\/odavprint.ee\/ru\/product\/canon-toner-c-exv-53-black-0473c002\/#local-main-place-address"},"geo":{"@type":"GeoCoordinates","latitude":"59.4306504","longitude":"24.8095743"},"telephone":["53836926"],"openingHoursSpecification":[{"@type":"OpeningHoursSpecification","dayOfWeek":["Monday","Tuesday","Wednesday","Thursday","Friday","Saturday","Sunday"],"opens":"09:00","closes":"17:00"}],"email":"info@odavprint.eu"},{"@type":"PostalAddress","@id":"https:\/\/odavprint.ee\/ru\/product\/canon-toner-c-exv-53-black-0473c002\/#local-main-place-address","streetAddress":"Pae tn 28","addressLocality":"Tallinn","postalCode":"11415","addressRegion":"Harjumaa","addressCountry":"EE"},{"@type":"ImageObject","inLanguage":"ru-RU","@id":"https:\/\/odavprint.ee\/ru\/product\/canon-toner-c-exv-53-black-0473c002\/#local-main-organization-logo","url":"https:\/\/odavprint.ee\/wp-content\/uploads\/2018\/10\/odavprint-logo-240.jpg","contentUrl":"https:\/\/odavprint.ee\/wp-content\/uploads\/2018\/10\/odavprint-logo-240.jpg","width":240,"height":36,"caption":"Odav Print O\u00dc"}]},"product_price_amount":"95.00","product_price_currency":"EUR","og_availability":"instock","product_availability":"instock","product_retailer_item_id":"0473C002","product_condition":"new","geo.placename":"Tallinn","geo.position":{"lat":"59.4306504","long":"24.8095743"},"geo.region":"\u042d\u0441\u0442\u043e\u043d\u0438\u044f"},"_links":{"self":[{"href":"https:\/\/odavprint.ee\/ru\/wp-json\/wp\/v2\/product\/101268"}],"collection":[{"href":"https:\/\/odavprint.ee\/ru\/wp-json\/wp\/v2\/product"}],"about":[{"href":"https:\/\/odavprint.ee\/ru\/wp-json\/wp\/v2\/types\/product"}],"wp:featuredmedia":[{"embeddable":true,"href":"https:\/\/odavprint.ee\/ru\/wp-json\/wp\/v2\/media\/101269"}],"wp:attachment":[{"href":"https:\/\/odavprint.ee\/ru\/wp-json\/wp\/v2\/media?parent=101268"}],"wp:term":[{"taxonomy":"product_cat","embeddable":true,"href":"https:\/\/odavprint.ee\/ru\/wp-json\/wp\/v2\/product_cat?post=101268"},{"taxonomy":"product_tag","embeddable":true,"href":"https:\/\/odavprint.ee\/ru\/wp-json\/wp\/v2\/product_tag?post=101268"}],"curies":[{"name":"wp","href":"https:\/\/api.w.org\/{rel}","templated":true}]}}