{"id":12008,"date":"2019-04-13T21:45:15","date_gmt":"2019-04-13T18:45:15","guid":{"rendered":"https:\/\/odavprint.preview.ee\/product\/cf211a-131a-compatible-for-hp-lj-pro-200-m251mfp-m276-1-8k-c-standart\/"},"modified":"2022-09-20T11:59:36","modified_gmt":"2022-09-20T08:59:36","slug":"cf211a-131a-compatible-for-hp-lj-pro-200-m251mfp-m276-1-8k-c-standart","status":"publish","type":"product","link":"https:\/\/odavprint.ee\/ru\/product\/cf211a-131a-compatible-for-hp-lj-pro-200-m251mfp-m276-1-8k-c-standart\/","title":{"rendered":"Tooner CF211A (131A\/131X) Compatible for HP LJ Pro 200 M251\/MFP M276 2400 lk Cyan"},"content":{"rendered":"<p>HP Laserjet Pro 200 Colour M251nd, HP Laserjet Pro 200 Colour M251n, HP Laserjet Pro 200 Colour M251nw, HP Laserjet Pro 200 Colour M276nw, HP Laserjet Pro 200 Colour MFP M276n, HP Laserjet Pro 200 Colour M276n, HP Laserjet Pro 200 Colour MFP M276nw<\/p>\n","protected":false},"excerpt":{"rendered":"<p>HP Laserjet Pro 200 Colour M251nd, HP Laserjet Pro 200 Colour M251n, HP Laserjet Pro 200 Colour M251nw, HP Laserjet Pro 200 Colour M276nw, HP Laserjet Pro 200 Colour MFP M276n, HP Laserjet Pro 200 Colour M276n, HP Laserjet Pro 200 Colour MFP M276nw<\/p>\n","protected":false},"featured_media":2243,"template":"","meta":{"inline_featured_image":false},"product_cat":[12832],"product_tag":[13490,13491,13492,13493,13494,13495,13496],"yoast_head":"<!-- This site is optimized with the Yoast SEO Premium plugin v23.0 (Yoast SEO v23.0) - https:\/\/yoast.com\/wordpress\/plugins\/seo\/ -->\n<title>Tooner CF211A (131A\/131X) Compatible for HP LJ Pro 200 M251\/MFP M276 2400 lk Cyan, \u043b\u0443\u0447\u0448\u0430\u044f \u0446\u0435\u043d\u0430, \u043a\u0443\u043f\u0438\u0442\u044c \u0432 \u0438\u043d\u0442\u0435\u0440\u043d\u0435\u0442-\u043c\u0430\u0433\u0430\u0437\u0438\u043d\u0435 - Odav Print<\/title>\n<meta name=\"description\" content=\"\u041a\u0443\u043f\u0438\u0442\u044c Tooner CF211A (131A\/131X) Compatible for HP LJ Pro 200 M251\/MFP M276 2400 lk Cyan \u0432 Odav Print \u260e +372 5911 9495 \u2714\ufe0f \u041b\u0443\u0447\u0448\u0430\u044f \u0446\u0435\u043d\u0430 \u043d\u0430 Tooner CF211A (131A\/131X) Compatible for HP LJ Pro 200 M251\/MFP M276 2400 lk Cyan \u26df \u0411\u044b\u0441\u0442\u0440\u0430\u044f \u0434\u043e\u0441\u0442\u0430\u0432\u043a\u0430 \u043f\u043e \u042d\u0441\u0442\u043e\u043d\u0438\u0438 \u2b50 \u0413\u0430\u0440\u0430\u043d\u0442\u0438\u044f\" \/>\n<meta name=\"robots\" content=\"index, follow, max-snippet:-1, max-image-preview:large, max-video-preview:-1\" \/>\n<link rel=\"canonical\" href=\"https:\/\/odavprint.ee\/ru\/product\/cf211a-131a-compatible-for-hp-lj-pro-200-m251mfp-m276-1-8k-c-standart\/\" \/>\n<meta property=\"og:locale\" content=\"ru_RU\" \/>\n<meta property=\"og:type\" content=\"article\" \/>\n<meta property=\"og:title\" content=\"Tooner CF211A (131A\/131X) Compatible for HP LJ Pro 200 M251\/MFP M276 2400 lk Cyan\" \/>\n<meta property=\"og:description\" content=\"\u041a\u0443\u043f\u0438\u0442\u044c Tooner CF211A (131A\/131X) Compatible for HP LJ Pro 200 M251\/MFP M276 2400 lk Cyan \u0432 Odav Print \u260e +372 5911 9495 \u2714\ufe0f \u041b\u0443\u0447\u0448\u0430\u044f \u0446\u0435\u043d\u0430 \u043d\u0430 Tooner CF211A (131A\/131X) Compatible for HP LJ Pro 200 M251\/MFP M276 2400 lk Cyan \u26df \u0411\u044b\u0441\u0442\u0440\u0430\u044f \u0434\u043e\u0441\u0442\u0430\u0432\u043a\u0430 \u043f\u043e \u042d\u0441\u0442\u043e\u043d\u0438\u0438 \u2b50 \u0413\u0430\u0440\u0430\u043d\u0442\u0438\u044f\" \/>\n<meta property=\"og:url\" content=\"https:\/\/odavprint.ee\/ru\/product\/cf211a-131a-compatible-for-hp-lj-pro-200-m251mfp-m276-1-8k-c-standart\/\" \/>\n<meta property=\"og:site_name\" content=\"Odav Print\" \/>\n<meta property=\"article:modified_time\" content=\"2022-09-20T08:59:36+00:00\" \/>\n<meta property=\"og:image\" content=\"https:\/\/odavprint.ee\/wp-content\/uploads\/2018\/12\/cf211a.jpg\" \/>\n\t<meta property=\"og:image:width\" content=\"300\" \/>\n\t<meta property=\"og:image:height\" content=\"300\" \/>\n\t<meta property=\"og:image:type\" content=\"image\/jpeg\" \/>\n<meta name=\"twitter:card\" content=\"summary_large_image\" \/>\n<meta name=\"twitter:label1\" content=\"\u0426\u0435\u043d\u0430\" \/>\n\t<meta name=\"twitter:data1\" content=\"&euro;21.20\" \/>\n\t<meta name=\"twitter:label2\" content=\"\u0414\u043e\u0441\u0442\u0443\u043f\u043d\u043e\u0441\u0442\u044c\" \/>\n\t<meta name=\"twitter:data2\" content=\"\u0412 \u043d\u0430\u043b\u0438\u0447\u0438\u0438\" \/>\n<script type=\"application\/ld+json\" class=\"yoast-schema-graph\">{\"@context\":\"https:\/\/schema.org\",\"@graph\":[{\"@type\":[\"WebPage\",\"ItemPage\"],\"@id\":\"https:\/\/odavprint.ee\/ru\/product\/cf211a-131a-compatible-for-hp-lj-pro-200-m251mfp-m276-1-8k-c-standart\/\",\"url\":\"https:\/\/odavprint.ee\/ru\/product\/cf211a-131a-compatible-for-hp-lj-pro-200-m251mfp-m276-1-8k-c-standart\/\",\"name\":\"Tooner CF211A (131A\/131X) Compatible for HP LJ Pro 200 M251\/MFP M276 2400 lk Cyan, \u043b\u0443\u0447\u0448\u0430\u044f \u0446\u0435\u043d\u0430, \u043a\u0443\u043f\u0438\u0442\u044c \u0432 \u0438\u043d\u0442\u0435\u0440\u043d\u0435\u0442-\u043c\u0430\u0433\u0430\u0437\u0438\u043d\u0435 - Odav Print\",\"isPartOf\":{\"@id\":\"https:\/\/odavprint.ee\/ru\/#website\"},\"primaryImageOfPage\":{\"@id\":\"https:\/\/odavprint.ee\/ru\/product\/cf211a-131a-compatible-for-hp-lj-pro-200-m251mfp-m276-1-8k-c-standart\/#primaryimage\"},\"image\":{\"@id\":\"https:\/\/odavprint.ee\/ru\/product\/cf211a-131a-compatible-for-hp-lj-pro-200-m251mfp-m276-1-8k-c-standart\/#primaryimage\"},\"thumbnailUrl\":\"https:\/\/odavprint.ee\/wp-content\/uploads\/2018\/12\/cf211a.jpg\",\"datePublished\":\"2019-04-13T18:45:15+00:00\",\"dateModified\":\"2022-09-20T08:59:36+00:00\",\"description\":\"\u041a\u0443\u043f\u0438\u0442\u044c Tooner CF211A (131A\/131X) Compatible for HP LJ Pro 200 M251\/MFP M276 2400 lk Cyan \u0432 Odav Print \u260e +372 5911 9495 \u2714\ufe0f \u041b\u0443\u0447\u0448\u0430\u044f \u0446\u0435\u043d\u0430 \u043d\u0430 Tooner CF211A (131A\/131X) Compatible for HP LJ Pro 200 M251\/MFP M276 2400 lk Cyan \u26df \u0411\u044b\u0441\u0442\u0440\u0430\u044f \u0434\u043e\u0441\u0442\u0430\u0432\u043a\u0430 \u043f\u043e \u042d\u0441\u0442\u043e\u043d\u0438\u0438 \u2b50 \u0413\u0430\u0440\u0430\u043d\u0442\u0438\u044f\",\"breadcrumb\":{\"@id\":\"https:\/\/odavprint.ee\/ru\/product\/cf211a-131a-compatible-for-hp-lj-pro-200-m251mfp-m276-1-8k-c-standart\/#breadcrumb\"},\"inLanguage\":\"ru-RU\",\"potentialAction\":[{\"@type\":\"ReadAction\",\"target\":[\"https:\/\/odavprint.ee\/ru\/product\/cf211a-131a-compatible-for-hp-lj-pro-200-m251mfp-m276-1-8k-c-standart\/\"]}]},{\"@type\":\"ImageObject\",\"inLanguage\":\"ru-RU\",\"@id\":\"https:\/\/odavprint.ee\/ru\/product\/cf211a-131a-compatible-for-hp-lj-pro-200-m251mfp-m276-1-8k-c-standart\/#primaryimage\",\"url\":\"https:\/\/odavprint.ee\/wp-content\/uploads\/2018\/12\/cf211a.jpg\",\"contentUrl\":\"https:\/\/odavprint.ee\/wp-content\/uploads\/2018\/12\/cf211a.jpg\",\"width\":300,\"height\":300},{\"@type\":\"BreadcrumbList\",\"@id\":\"https:\/\/odavprint.ee\/ru\/product\/cf211a-131a-compatible-for-hp-lj-pro-200-m251mfp-m276-1-8k-c-standart\/#breadcrumb\",\"itemListElement\":[{\"@type\":\"ListItem\",\"position\":1,\"name\":\"Home\",\"item\":\"https:\/\/odavprint.ee\/ru\/%d0%b3%d0%bb%d0%b0%d0%b2%d0%bd%d0%b0%d1%8f\/\"},{\"@type\":\"ListItem\",\"position\":2,\"name\":\"\u041c\u0430\u0433\u0430\u0437\u0438\u043d\",\"item\":\"https:\/\/odavprint.ee\/ru\/shop\/\"},{\"@type\":\"ListItem\",\"position\":3,\"name\":\"Tooner CF211A (131A\/131X) Compatible for HP LJ Pro 200 M251\/MFP M276 2400 lk Cyan\"}]},{\"@type\":\"WebSite\",\"@id\":\"https:\/\/odavprint.ee\/ru\/#website\",\"url\":\"https:\/\/odavprint.ee\/ru\/\",\"name\":\"Odav Print\",\"description\":\"Just another WordPress site\",\"publisher\":{\"@id\":\"https:\/\/odavprint.ee\/ru\/#organization\"},\"alternateName\":\"Kassettide, toonerite t\u00e4itmine ja m\u00fc\u00fck.\",\"potentialAction\":[{\"@type\":\"SearchAction\",\"target\":{\"@type\":\"EntryPoint\",\"urlTemplate\":\"https:\/\/odavprint.ee\/ru\/?s={search_term_string}\"},\"query-input\":\"required name=search_term_string\"}],\"inLanguage\":\"ru-RU\"},{\"@type\":[\"Organization\",\"Place\"],\"@id\":\"https:\/\/odavprint.ee\/ru\/#organization\",\"name\":\"Odav Print O\u00dc\",\"url\":\"https:\/\/odavprint.ee\/ru\/\",\"logo\":{\"@id\":\"https:\/\/odavprint.ee\/ru\/product\/cf211a-131a-compatible-for-hp-lj-pro-200-m251mfp-m276-1-8k-c-standart\/#local-main-organization-logo\"},\"image\":{\"@id\":\"https:\/\/odavprint.ee\/ru\/product\/cf211a-131a-compatible-for-hp-lj-pro-200-m251mfp-m276-1-8k-c-standart\/#local-main-organization-logo\"},\"address\":{\"@id\":\"https:\/\/odavprint.ee\/ru\/product\/cf211a-131a-compatible-for-hp-lj-pro-200-m251mfp-m276-1-8k-c-standart\/#local-main-place-address\"},\"geo\":{\"@type\":\"GeoCoordinates\",\"latitude\":\"59.4306504\",\"longitude\":\"24.8095743\"},\"telephone\":[\"53836926\"],\"openingHoursSpecification\":[{\"@type\":\"OpeningHoursSpecification\",\"dayOfWeek\":[\"Monday\",\"Tuesday\",\"Wednesday\",\"Thursday\",\"Friday\",\"Saturday\",\"Sunday\"],\"opens\":\"09:00\",\"closes\":\"17:00\"}],\"email\":\"info@odavprint.eu\"},{\"@type\":\"PostalAddress\",\"@id\":\"https:\/\/odavprint.ee\/ru\/product\/cf211a-131a-compatible-for-hp-lj-pro-200-m251mfp-m276-1-8k-c-standart\/#local-main-place-address\",\"streetAddress\":\"Pae tn 28\",\"addressLocality\":\"Tallinn\",\"postalCode\":\"11415\",\"addressRegion\":\"Harjumaa\",\"addressCountry\":\"EE\"},{\"@type\":\"ImageObject\",\"inLanguage\":\"ru-RU\",\"@id\":\"https:\/\/odavprint.ee\/ru\/product\/cf211a-131a-compatible-for-hp-lj-pro-200-m251mfp-m276-1-8k-c-standart\/#local-main-organization-logo\",\"url\":\"https:\/\/odavprint.ee\/wp-content\/uploads\/2018\/10\/odavprint-logo-240.jpg\",\"contentUrl\":\"https:\/\/odavprint.ee\/wp-content\/uploads\/2018\/10\/odavprint-logo-240.jpg\",\"width\":240,\"height\":36,\"caption\":\"Odav Print O\u00dc\"}]}<\/script>\n<meta property=\"product:price:amount\" content=\"21.20\" \/>\n<meta property=\"product:price:currency\" content=\"EUR\" \/>\n<meta property=\"og:availability\" content=\"instock\" \/>\n<meta property=\"product:availability\" content=\"instock\" \/>\n<meta property=\"product:retailer_item_id\" content=\"7318\" \/>\n<meta property=\"product:condition\" content=\"new\" \/>\n<meta name=\"geo.placename\" content=\"Tallinn\" \/>\n<meta name=\"geo.position\" content=\"59.4306504;24.8095743\" \/>\n<meta name=\"geo.region\" content=\"\u042d\u0441\u0442\u043e\u043d\u0438\u044f\" \/>\n<!-- \/ Yoast SEO Premium plugin. -->","yoast_head_json":{"title":"Tooner CF211A (131A\/131X) Compatible for HP LJ Pro 200 M251\/MFP M276 2400 lk Cyan, \u043b\u0443\u0447\u0448\u0430\u044f \u0446\u0435\u043d\u0430, \u043a\u0443\u043f\u0438\u0442\u044c \u0432 \u0438\u043d\u0442\u0435\u0440\u043d\u0435\u0442-\u043c\u0430\u0433\u0430\u0437\u0438\u043d\u0435 - Odav Print","description":"\u041a\u0443\u043f\u0438\u0442\u044c Tooner CF211A (131A\/131X) Compatible for HP LJ Pro 200 M251\/MFP M276 2400 lk Cyan \u0432 Odav Print \u260e +372 5911 9495 \u2714\ufe0f \u041b\u0443\u0447\u0448\u0430\u044f \u0446\u0435\u043d\u0430 \u043d\u0430 Tooner CF211A (131A\/131X) Compatible for HP LJ Pro 200 M251\/MFP M276 2400 lk Cyan \u26df \u0411\u044b\u0441\u0442\u0440\u0430\u044f \u0434\u043e\u0441\u0442\u0430\u0432\u043a\u0430 \u043f\u043e \u042d\u0441\u0442\u043e\u043d\u0438\u0438 \u2b50 \u0413\u0430\u0440\u0430\u043d\u0442\u0438\u044f","robots":{"index":"index","follow":"follow","max-snippet":"max-snippet:-1","max-image-preview":"max-image-preview:large","max-video-preview":"max-video-preview:-1"},"canonical":"https:\/\/odavprint.ee\/ru\/product\/cf211a-131a-compatible-for-hp-lj-pro-200-m251mfp-m276-1-8k-c-standart\/","og_locale":"ru_RU","og_type":"article","og_title":"Tooner CF211A (131A\/131X) Compatible for HP LJ Pro 200 M251\/MFP M276 2400 lk Cyan","og_description":"\u041a\u0443\u043f\u0438\u0442\u044c Tooner CF211A (131A\/131X) Compatible for HP LJ Pro 200 M251\/MFP M276 2400 lk Cyan \u0432 Odav Print \u260e +372 5911 9495 \u2714\ufe0f \u041b\u0443\u0447\u0448\u0430\u044f \u0446\u0435\u043d\u0430 \u043d\u0430 Tooner CF211A (131A\/131X) Compatible for HP LJ Pro 200 M251\/MFP M276 2400 lk Cyan \u26df \u0411\u044b\u0441\u0442\u0440\u0430\u044f \u0434\u043e\u0441\u0442\u0430\u0432\u043a\u0430 \u043f\u043e \u042d\u0441\u0442\u043e\u043d\u0438\u0438 \u2b50 \u0413\u0430\u0440\u0430\u043d\u0442\u0438\u044f","og_url":"https:\/\/odavprint.ee\/ru\/product\/cf211a-131a-compatible-for-hp-lj-pro-200-m251mfp-m276-1-8k-c-standart\/","og_site_name":"Odav Print","article_modified_time":"2022-09-20T08:59:36+00:00","og_image":[{"width":300,"height":300,"url":"https:\/\/odavprint.ee\/wp-content\/uploads\/2018\/12\/cf211a.jpg","type":"image\/jpeg"}],"twitter_card":"summary_large_image","twitter_misc":{"\u0426\u0435\u043d\u0430":"&euro;21.20","\u0414\u043e\u0441\u0442\u0443\u043f\u043d\u043e\u0441\u0442\u044c":"\u0412 \u043d\u0430\u043b\u0438\u0447\u0438\u0438"},"schema":{"@context":"https:\/\/schema.org","@graph":[{"@type":["WebPage","ItemPage"],"@id":"https:\/\/odavprint.ee\/ru\/product\/cf211a-131a-compatible-for-hp-lj-pro-200-m251mfp-m276-1-8k-c-standart\/","url":"https:\/\/odavprint.ee\/ru\/product\/cf211a-131a-compatible-for-hp-lj-pro-200-m251mfp-m276-1-8k-c-standart\/","name":"Tooner CF211A (131A\/131X) Compatible for HP LJ Pro 200 M251\/MFP M276 2400 lk Cyan, \u043b\u0443\u0447\u0448\u0430\u044f \u0446\u0435\u043d\u0430, \u043a\u0443\u043f\u0438\u0442\u044c \u0432 \u0438\u043d\u0442\u0435\u0440\u043d\u0435\u0442-\u043c\u0430\u0433\u0430\u0437\u0438\u043d\u0435 - Odav Print","isPartOf":{"@id":"https:\/\/odavprint.ee\/ru\/#website"},"primaryImageOfPage":{"@id":"https:\/\/odavprint.ee\/ru\/product\/cf211a-131a-compatible-for-hp-lj-pro-200-m251mfp-m276-1-8k-c-standart\/#primaryimage"},"image":{"@id":"https:\/\/odavprint.ee\/ru\/product\/cf211a-131a-compatible-for-hp-lj-pro-200-m251mfp-m276-1-8k-c-standart\/#primaryimage"},"thumbnailUrl":"https:\/\/odavprint.ee\/wp-content\/uploads\/2018\/12\/cf211a.jpg","datePublished":"2019-04-13T18:45:15+00:00","dateModified":"2022-09-20T08:59:36+00:00","description":"\u041a\u0443\u043f\u0438\u0442\u044c Tooner CF211A (131A\/131X) Compatible for HP LJ Pro 200 M251\/MFP M276 2400 lk Cyan \u0432 Odav Print \u260e +372 5911 9495 \u2714\ufe0f \u041b\u0443\u0447\u0448\u0430\u044f \u0446\u0435\u043d\u0430 \u043d\u0430 Tooner CF211A (131A\/131X) Compatible for HP LJ Pro 200 M251\/MFP M276 2400 lk Cyan \u26df \u0411\u044b\u0441\u0442\u0440\u0430\u044f \u0434\u043e\u0441\u0442\u0430\u0432\u043a\u0430 \u043f\u043e \u042d\u0441\u0442\u043e\u043d\u0438\u0438 \u2b50 \u0413\u0430\u0440\u0430\u043d\u0442\u0438\u044f","breadcrumb":{"@id":"https:\/\/odavprint.ee\/ru\/product\/cf211a-131a-compatible-for-hp-lj-pro-200-m251mfp-m276-1-8k-c-standart\/#breadcrumb"},"inLanguage":"ru-RU","potentialAction":[{"@type":"ReadAction","target":["https:\/\/odavprint.ee\/ru\/product\/cf211a-131a-compatible-for-hp-lj-pro-200-m251mfp-m276-1-8k-c-standart\/"]}]},{"@type":"ImageObject","inLanguage":"ru-RU","@id":"https:\/\/odavprint.ee\/ru\/product\/cf211a-131a-compatible-for-hp-lj-pro-200-m251mfp-m276-1-8k-c-standart\/#primaryimage","url":"https:\/\/odavprint.ee\/wp-content\/uploads\/2018\/12\/cf211a.jpg","contentUrl":"https:\/\/odavprint.ee\/wp-content\/uploads\/2018\/12\/cf211a.jpg","width":300,"height":300},{"@type":"BreadcrumbList","@id":"https:\/\/odavprint.ee\/ru\/product\/cf211a-131a-compatible-for-hp-lj-pro-200-m251mfp-m276-1-8k-c-standart\/#breadcrumb","itemListElement":[{"@type":"ListItem","position":1,"name":"Home","item":"https:\/\/odavprint.ee\/ru\/%d0%b3%d0%bb%d0%b0%d0%b2%d0%bd%d0%b0%d1%8f\/"},{"@type":"ListItem","position":2,"name":"\u041c\u0430\u0433\u0430\u0437\u0438\u043d","item":"https:\/\/odavprint.ee\/ru\/shop\/"},{"@type":"ListItem","position":3,"name":"Tooner CF211A (131A\/131X) Compatible for HP LJ Pro 200 M251\/MFP M276 2400 lk Cyan"}]},{"@type":"WebSite","@id":"https:\/\/odavprint.ee\/ru\/#website","url":"https:\/\/odavprint.ee\/ru\/","name":"Odav Print","description":"Just another WordPress site","publisher":{"@id":"https:\/\/odavprint.ee\/ru\/#organization"},"alternateName":"Kassettide, toonerite t\u00e4itmine ja m\u00fc\u00fck.","potentialAction":[{"@type":"SearchAction","target":{"@type":"EntryPoint","urlTemplate":"https:\/\/odavprint.ee\/ru\/?s={search_term_string}"},"query-input":"required name=search_term_string"}],"inLanguage":"ru-RU"},{"@type":["Organization","Place"],"@id":"https:\/\/odavprint.ee\/ru\/#organization","name":"Odav Print O\u00dc","url":"https:\/\/odavprint.ee\/ru\/","logo":{"@id":"https:\/\/odavprint.ee\/ru\/product\/cf211a-131a-compatible-for-hp-lj-pro-200-m251mfp-m276-1-8k-c-standart\/#local-main-organization-logo"},"image":{"@id":"https:\/\/odavprint.ee\/ru\/product\/cf211a-131a-compatible-for-hp-lj-pro-200-m251mfp-m276-1-8k-c-standart\/#local-main-organization-logo"},"address":{"@id":"https:\/\/odavprint.ee\/ru\/product\/cf211a-131a-compatible-for-hp-lj-pro-200-m251mfp-m276-1-8k-c-standart\/#local-main-place-address"},"geo":{"@type":"GeoCoordinates","latitude":"59.4306504","longitude":"24.8095743"},"telephone":["53836926"],"openingHoursSpecification":[{"@type":"OpeningHoursSpecification","dayOfWeek":["Monday","Tuesday","Wednesday","Thursday","Friday","Saturday","Sunday"],"opens":"09:00","closes":"17:00"}],"email":"info@odavprint.eu"},{"@type":"PostalAddress","@id":"https:\/\/odavprint.ee\/ru\/product\/cf211a-131a-compatible-for-hp-lj-pro-200-m251mfp-m276-1-8k-c-standart\/#local-main-place-address","streetAddress":"Pae tn 28","addressLocality":"Tallinn","postalCode":"11415","addressRegion":"Harjumaa","addressCountry":"EE"},{"@type":"ImageObject","inLanguage":"ru-RU","@id":"https:\/\/odavprint.ee\/ru\/product\/cf211a-131a-compatible-for-hp-lj-pro-200-m251mfp-m276-1-8k-c-standart\/#local-main-organization-logo","url":"https:\/\/odavprint.ee\/wp-content\/uploads\/2018\/10\/odavprint-logo-240.jpg","contentUrl":"https:\/\/odavprint.ee\/wp-content\/uploads\/2018\/10\/odavprint-logo-240.jpg","width":240,"height":36,"caption":"Odav Print O\u00dc"}]},"product_price_amount":"21.20","product_price_currency":"EUR","og_availability":"instock","product_availability":"instock","product_retailer_item_id":"7318","product_condition":"new","geo.placename":"Tallinn","geo.position":{"lat":"59.4306504","long":"24.8095743"},"geo.region":"\u042d\u0441\u0442\u043e\u043d\u0438\u044f"},"_links":{"self":[{"href":"https:\/\/odavprint.ee\/ru\/wp-json\/wp\/v2\/product\/12008"}],"collection":[{"href":"https:\/\/odavprint.ee\/ru\/wp-json\/wp\/v2\/product"}],"about":[{"href":"https:\/\/odavprint.ee\/ru\/wp-json\/wp\/v2\/types\/product"}],"wp:featuredmedia":[{"embeddable":true,"href":"https:\/\/odavprint.ee\/ru\/wp-json\/wp\/v2\/media\/2243"}],"wp:attachment":[{"href":"https:\/\/odavprint.ee\/ru\/wp-json\/wp\/v2\/media?parent=12008"}],"wp:term":[{"taxonomy":"product_cat","embeddable":true,"href":"https:\/\/odavprint.ee\/ru\/wp-json\/wp\/v2\/product_cat?post=12008"},{"taxonomy":"product_tag","embeddable":true,"href":"https:\/\/odavprint.ee\/ru\/wp-json\/wp\/v2\/product_tag?post=12008"}],"curies":[{"name":"wp","href":"https:\/\/api.w.org\/{rel}","templated":true}]}}