{"id":12064,"date":"2019-04-13T21:45:30","date_gmt":"2019-04-13T18:45:30","guid":{"rendered":"https:\/\/odavprint.preview.ee\/product\/tk-590-compatible-for-kyocera-fs-c5250c2026-5k-m-pr\/"},"modified":"2025-09-17T17:26:54","modified_gmt":"2025-09-17T14:26:54","slug":"tk-590-compatible-for-kyocera-fs-c5250c2026-5k-m-pr","status":"publish","type":"product","link":"https:\/\/odavprint.ee\/ru\/product\/tk-590-compatible-for-kyocera-fs-c5250c2026-5k-m-pr\/","title":{"rendered":"Analoog tooner TK-590 Kyocera FS-C5250\/C2026 5000 lk Magenta"},"content":{"rendered":"<p>Kyocera Mita ECOSYS M6026cdn, Kyocera Mita ECOSYS M6026cidn, Kyocera Mita ECOSYS M6026, Kyocera Mita ECOSYS M6526cdn, Kyocera Mita ECOSYS M6526cidn, Kyocera Mita ECOSYS M6526, Kyocera Mita ECOSYS P6026, Kyocera Mita ECOSYS P6026cdn, Kyocera Mita FS-C2016, Kyocera Mita FS-C2026 MFP Plus, Kyocera Mita FS-C2026, Kyocera FS-C2026MFP, Kyocera Mita FS-C2036, Kyocera Mita FS-C2126 MFP Plus, Kyocera Mita FS-C2126, Kyocera FS-C2126MFP, Kyocera Mita FS-C2526 MFP, Kyocera Mita FS-C2526, Kyocera Mita FS-C2626, Kyocera Mita FS-C2626 MFP, Kyocera Mita FS-C5250, Kyocera FS-C5250DN<\/p>\n","protected":false},"excerpt":{"rendered":"<p>Kyocera Mita ECOSYS M6026cdn, Kyocera Mita ECOSYS M6026cidn, Kyocera Mita ECOSYS M6026, Kyocera Mita ECOSYS M6526cdn, Kyocera Mita ECOSYS M6526cidn, Kyocera Mita ECOSYS M6526, Kyocera Mita ECOSYS P6026, Kyocera Mita ECOSYS P6026cdn, Kyocera Mita FS-C2016, Kyocera Mita FS-C2026 MFP Plus, Kyocera Mita FS-C2026, Kyocera FS-C2026MFP, Kyocera Mita FS-C2036, Kyocera Mita FS-C2126 MFP Plus, Kyocera Mita [&#8230;]\n","protected":false},"featured_media":2355,"template":"","meta":{"inline_featured_image":false},"product_cat":[12832],"product_tag":[13539,13540,13541,13542,13543,13544,13545,13546,13547,13548,13549,13550,13551,13552,13553,13554,13555,13556,13557,13558,13559,13560],"yoast_head":"<!-- This site is optimized with the Yoast SEO Premium plugin v23.0 (Yoast SEO v23.0) - https:\/\/yoast.com\/wordpress\/plugins\/seo\/ -->\n<title>Analoog tooner TK-590 Kyocera FS-C5250\/C2026 5000 lk Magenta, \u043b\u0443\u0447\u0448\u0430\u044f \u0446\u0435\u043d\u0430, \u043a\u0443\u043f\u0438\u0442\u044c \u0432 \u0438\u043d\u0442\u0435\u0440\u043d\u0435\u0442-\u043c\u0430\u0433\u0430\u0437\u0438\u043d\u0435 - Odav Print<\/title>\n<meta name=\"description\" content=\"\u041a\u0443\u043f\u0438\u0442\u044c Analoog tooner TK-590 Kyocera FS-C5250\/C2026 5000 lk Magenta \u0432 Odav Print \u260e +372 5911 9495 \u2714\ufe0f \u041b\u0443\u0447\u0448\u0430\u044f \u0446\u0435\u043d\u0430 \u043d\u0430 Analoog tooner TK-590 Kyocera FS-C5250\/C2026 5000 lk Magenta \u26df \u0411\u044b\u0441\u0442\u0440\u0430\u044f \u0434\u043e\u0441\u0442\u0430\u0432\u043a\u0430 \u043f\u043e \u042d\u0441\u0442\u043e\u043d\u0438\u0438 \u2b50 \u0413\u0430\u0440\u0430\u043d\u0442\u0438\u044f\" \/>\n<meta name=\"robots\" content=\"index, follow, max-snippet:-1, max-image-preview:large, max-video-preview:-1\" \/>\n<link rel=\"canonical\" href=\"https:\/\/odavprint.ee\/ru\/product\/tk-590-compatible-for-kyocera-fs-c5250c2026-5k-m-pr\/\" \/>\n<meta property=\"og:locale\" content=\"ru_RU\" \/>\n<meta property=\"og:type\" content=\"article\" \/>\n<meta property=\"og:title\" content=\"Analoog tooner TK-590 Kyocera FS-C5250\/C2026 5000 lk Magenta\" \/>\n<meta property=\"og:description\" content=\"\u041a\u0443\u043f\u0438\u0442\u044c Analoog tooner TK-590 Kyocera FS-C5250\/C2026 5000 lk Magenta \u0432 Odav Print \u260e +372 5911 9495 \u2714\ufe0f \u041b\u0443\u0447\u0448\u0430\u044f \u0446\u0435\u043d\u0430 \u043d\u0430 Analoog tooner TK-590 Kyocera FS-C5250\/C2026 5000 lk Magenta \u26df \u0411\u044b\u0441\u0442\u0440\u0430\u044f \u0434\u043e\u0441\u0442\u0430\u0432\u043a\u0430 \u043f\u043e \u042d\u0441\u0442\u043e\u043d\u0438\u0438 \u2b50 \u0413\u0430\u0440\u0430\u043d\u0442\u0438\u044f\" \/>\n<meta property=\"og:url\" content=\"https:\/\/odavprint.ee\/ru\/product\/tk-590-compatible-for-kyocera-fs-c5250c2026-5k-m-pr\/\" \/>\n<meta property=\"og:site_name\" content=\"Odav Print\" \/>\n<meta property=\"article:modified_time\" content=\"2025-09-17T14:26:54+00:00\" \/>\n<meta property=\"og:image\" content=\"https:\/\/odavprint.ee\/wp-content\/uploads\/2018\/12\/tk-580-m-5.png\" \/>\n\t<meta property=\"og:image:width\" content=\"487\" \/>\n\t<meta property=\"og:image:height\" content=\"343\" \/>\n\t<meta property=\"og:image:type\" content=\"image\/png\" \/>\n<meta name=\"twitter:card\" content=\"summary_large_image\" \/>\n<meta name=\"twitter:label1\" content=\"\u0426\u0435\u043d\u0430\" \/>\n\t<meta name=\"twitter:data1\" content=\"&euro;23.00\" \/>\n\t<meta name=\"twitter:label2\" content=\"\u0414\u043e\u0441\u0442\u0443\u043f\u043d\u043e\u0441\u0442\u044c\" \/>\n\t<meta name=\"twitter:data2\" content=\"\u0412 \u043d\u0430\u043b\u0438\u0447\u0438\u0438\" \/>\n<script type=\"application\/ld+json\" class=\"yoast-schema-graph\">{\"@context\":\"https:\/\/schema.org\",\"@graph\":[{\"@type\":[\"WebPage\",\"ItemPage\"],\"@id\":\"https:\/\/odavprint.ee\/ru\/product\/tk-590-compatible-for-kyocera-fs-c5250c2026-5k-m-pr\/\",\"url\":\"https:\/\/odavprint.ee\/ru\/product\/tk-590-compatible-for-kyocera-fs-c5250c2026-5k-m-pr\/\",\"name\":\"Analoog tooner TK-590 Kyocera FS-C5250\/C2026 5000 lk Magenta, \u043b\u0443\u0447\u0448\u0430\u044f \u0446\u0435\u043d\u0430, \u043a\u0443\u043f\u0438\u0442\u044c \u0432 \u0438\u043d\u0442\u0435\u0440\u043d\u0435\u0442-\u043c\u0430\u0433\u0430\u0437\u0438\u043d\u0435 - Odav Print\",\"isPartOf\":{\"@id\":\"https:\/\/odavprint.ee\/ru\/#website\"},\"primaryImageOfPage\":{\"@id\":\"https:\/\/odavprint.ee\/ru\/product\/tk-590-compatible-for-kyocera-fs-c5250c2026-5k-m-pr\/#primaryimage\"},\"image\":{\"@id\":\"https:\/\/odavprint.ee\/ru\/product\/tk-590-compatible-for-kyocera-fs-c5250c2026-5k-m-pr\/#primaryimage\"},\"thumbnailUrl\":\"https:\/\/odavprint.ee\/wp-content\/uploads\/2018\/12\/tk-580-m-5.png\",\"datePublished\":\"2019-04-13T18:45:30+00:00\",\"dateModified\":\"2025-09-17T14:26:54+00:00\",\"description\":\"\u041a\u0443\u043f\u0438\u0442\u044c Analoog tooner TK-590 Kyocera FS-C5250\/C2026 5000 lk Magenta \u0432 Odav Print \u260e +372 5911 9495 \u2714\ufe0f \u041b\u0443\u0447\u0448\u0430\u044f \u0446\u0435\u043d\u0430 \u043d\u0430 Analoog tooner TK-590 Kyocera FS-C5250\/C2026 5000 lk Magenta \u26df \u0411\u044b\u0441\u0442\u0440\u0430\u044f \u0434\u043e\u0441\u0442\u0430\u0432\u043a\u0430 \u043f\u043e \u042d\u0441\u0442\u043e\u043d\u0438\u0438 \u2b50 \u0413\u0430\u0440\u0430\u043d\u0442\u0438\u044f\",\"breadcrumb\":{\"@id\":\"https:\/\/odavprint.ee\/ru\/product\/tk-590-compatible-for-kyocera-fs-c5250c2026-5k-m-pr\/#breadcrumb\"},\"inLanguage\":\"ru-RU\",\"potentialAction\":[{\"@type\":\"ReadAction\",\"target\":[\"https:\/\/odavprint.ee\/ru\/product\/tk-590-compatible-for-kyocera-fs-c5250c2026-5k-m-pr\/\"]}]},{\"@type\":\"ImageObject\",\"inLanguage\":\"ru-RU\",\"@id\":\"https:\/\/odavprint.ee\/ru\/product\/tk-590-compatible-for-kyocera-fs-c5250c2026-5k-m-pr\/#primaryimage\",\"url\":\"https:\/\/odavprint.ee\/wp-content\/uploads\/2018\/12\/tk-580-m-5.png\",\"contentUrl\":\"https:\/\/odavprint.ee\/wp-content\/uploads\/2018\/12\/tk-580-m-5.png\",\"width\":487,\"height\":343},{\"@type\":\"BreadcrumbList\",\"@id\":\"https:\/\/odavprint.ee\/ru\/product\/tk-590-compatible-for-kyocera-fs-c5250c2026-5k-m-pr\/#breadcrumb\",\"itemListElement\":[{\"@type\":\"ListItem\",\"position\":1,\"name\":\"Home\",\"item\":\"https:\/\/odavprint.ee\/ru\/%d0%b3%d0%bb%d0%b0%d0%b2%d0%bd%d0%b0%d1%8f\/\"},{\"@type\":\"ListItem\",\"position\":2,\"name\":\"\u041c\u0430\u0433\u0430\u0437\u0438\u043d\",\"item\":\"https:\/\/odavprint.ee\/ru\/shop\/\"},{\"@type\":\"ListItem\",\"position\":3,\"name\":\"Analoog tooner TK-590 Kyocera FS-C5250\/C2026 5000 lk Magenta\"}]},{\"@type\":\"WebSite\",\"@id\":\"https:\/\/odavprint.ee\/ru\/#website\",\"url\":\"https:\/\/odavprint.ee\/ru\/\",\"name\":\"Odav Print\",\"description\":\"Just another WordPress site\",\"publisher\":{\"@id\":\"https:\/\/odavprint.ee\/ru\/#organization\"},\"alternateName\":\"Kassettide, toonerite t\u00e4itmine ja m\u00fc\u00fck.\",\"potentialAction\":[{\"@type\":\"SearchAction\",\"target\":{\"@type\":\"EntryPoint\",\"urlTemplate\":\"https:\/\/odavprint.ee\/ru\/?s={search_term_string}\"},\"query-input\":\"required name=search_term_string\"}],\"inLanguage\":\"ru-RU\"},{\"@type\":[\"Organization\",\"Place\"],\"@id\":\"https:\/\/odavprint.ee\/ru\/#organization\",\"name\":\"Odav Print O\u00dc\",\"url\":\"https:\/\/odavprint.ee\/ru\/\",\"logo\":{\"@id\":\"https:\/\/odavprint.ee\/ru\/product\/tk-590-compatible-for-kyocera-fs-c5250c2026-5k-m-pr\/#local-main-organization-logo\"},\"image\":{\"@id\":\"https:\/\/odavprint.ee\/ru\/product\/tk-590-compatible-for-kyocera-fs-c5250c2026-5k-m-pr\/#local-main-organization-logo\"},\"address\":{\"@id\":\"https:\/\/odavprint.ee\/ru\/product\/tk-590-compatible-for-kyocera-fs-c5250c2026-5k-m-pr\/#local-main-place-address\"},\"geo\":{\"@type\":\"GeoCoordinates\",\"latitude\":\"59.4306504\",\"longitude\":\"24.8095743\"},\"telephone\":[\"53836926\"],\"openingHoursSpecification\":[{\"@type\":\"OpeningHoursSpecification\",\"dayOfWeek\":[\"Monday\",\"Tuesday\",\"Wednesday\",\"Thursday\",\"Friday\",\"Saturday\",\"Sunday\"],\"opens\":\"09:00\",\"closes\":\"17:00\"}],\"email\":\"info@odavprint.eu\"},{\"@type\":\"PostalAddress\",\"@id\":\"https:\/\/odavprint.ee\/ru\/product\/tk-590-compatible-for-kyocera-fs-c5250c2026-5k-m-pr\/#local-main-place-address\",\"streetAddress\":\"Pae tn 28\",\"addressLocality\":\"Tallinn\",\"postalCode\":\"11415\",\"addressRegion\":\"Harjumaa\",\"addressCountry\":\"EE\"},{\"@type\":\"ImageObject\",\"inLanguage\":\"ru-RU\",\"@id\":\"https:\/\/odavprint.ee\/ru\/product\/tk-590-compatible-for-kyocera-fs-c5250c2026-5k-m-pr\/#local-main-organization-logo\",\"url\":\"https:\/\/odavprint.ee\/wp-content\/uploads\/2018\/10\/odavprint-logo-240.jpg\",\"contentUrl\":\"https:\/\/odavprint.ee\/wp-content\/uploads\/2018\/10\/odavprint-logo-240.jpg\",\"width\":240,\"height\":36,\"caption\":\"Odav Print O\u00dc\"}]}<\/script>\n<meta property=\"product:price:amount\" content=\"23.00\" \/>\n<meta property=\"product:price:currency\" content=\"EUR\" \/>\n<meta property=\"og:availability\" content=\"instock\" \/>\n<meta property=\"product:availability\" content=\"instock\" \/>\n<meta property=\"product:retailer_item_id\" content=\"7239\" \/>\n<meta property=\"product:condition\" content=\"new\" \/>\n<meta name=\"geo.placename\" content=\"Tallinn\" \/>\n<meta name=\"geo.position\" content=\"59.4306504;24.8095743\" \/>\n<meta name=\"geo.region\" content=\"\u042d\u0441\u0442\u043e\u043d\u0438\u044f\" \/>\n<!-- \/ Yoast SEO Premium plugin. -->","yoast_head_json":{"title":"Analoog tooner TK-590 Kyocera FS-C5250\/C2026 5000 lk Magenta, \u043b\u0443\u0447\u0448\u0430\u044f \u0446\u0435\u043d\u0430, \u043a\u0443\u043f\u0438\u0442\u044c \u0432 \u0438\u043d\u0442\u0435\u0440\u043d\u0435\u0442-\u043c\u0430\u0433\u0430\u0437\u0438\u043d\u0435 - Odav Print","description":"\u041a\u0443\u043f\u0438\u0442\u044c Analoog tooner TK-590 Kyocera FS-C5250\/C2026 5000 lk Magenta \u0432 Odav Print \u260e +372 5911 9495 \u2714\ufe0f \u041b\u0443\u0447\u0448\u0430\u044f \u0446\u0435\u043d\u0430 \u043d\u0430 Analoog tooner TK-590 Kyocera FS-C5250\/C2026 5000 lk Magenta \u26df \u0411\u044b\u0441\u0442\u0440\u0430\u044f \u0434\u043e\u0441\u0442\u0430\u0432\u043a\u0430 \u043f\u043e \u042d\u0441\u0442\u043e\u043d\u0438\u0438 \u2b50 \u0413\u0430\u0440\u0430\u043d\u0442\u0438\u044f","robots":{"index":"index","follow":"follow","max-snippet":"max-snippet:-1","max-image-preview":"max-image-preview:large","max-video-preview":"max-video-preview:-1"},"canonical":"https:\/\/odavprint.ee\/ru\/product\/tk-590-compatible-for-kyocera-fs-c5250c2026-5k-m-pr\/","og_locale":"ru_RU","og_type":"article","og_title":"Analoog tooner TK-590 Kyocera FS-C5250\/C2026 5000 lk Magenta","og_description":"\u041a\u0443\u043f\u0438\u0442\u044c Analoog tooner TK-590 Kyocera FS-C5250\/C2026 5000 lk Magenta \u0432 Odav Print \u260e +372 5911 9495 \u2714\ufe0f \u041b\u0443\u0447\u0448\u0430\u044f \u0446\u0435\u043d\u0430 \u043d\u0430 Analoog tooner TK-590 Kyocera FS-C5250\/C2026 5000 lk Magenta \u26df \u0411\u044b\u0441\u0442\u0440\u0430\u044f \u0434\u043e\u0441\u0442\u0430\u0432\u043a\u0430 \u043f\u043e \u042d\u0441\u0442\u043e\u043d\u0438\u0438 \u2b50 \u0413\u0430\u0440\u0430\u043d\u0442\u0438\u044f","og_url":"https:\/\/odavprint.ee\/ru\/product\/tk-590-compatible-for-kyocera-fs-c5250c2026-5k-m-pr\/","og_site_name":"Odav Print","article_modified_time":"2025-09-17T14:26:54+00:00","og_image":[{"width":487,"height":343,"url":"https:\/\/odavprint.ee\/wp-content\/uploads\/2018\/12\/tk-580-m-5.png","type":"image\/png"}],"twitter_card":"summary_large_image","twitter_misc":{"\u0426\u0435\u043d\u0430":"&euro;23.00","\u0414\u043e\u0441\u0442\u0443\u043f\u043d\u043e\u0441\u0442\u044c":"\u0412 \u043d\u0430\u043b\u0438\u0447\u0438\u0438"},"schema":{"@context":"https:\/\/schema.org","@graph":[{"@type":["WebPage","ItemPage"],"@id":"https:\/\/odavprint.ee\/ru\/product\/tk-590-compatible-for-kyocera-fs-c5250c2026-5k-m-pr\/","url":"https:\/\/odavprint.ee\/ru\/product\/tk-590-compatible-for-kyocera-fs-c5250c2026-5k-m-pr\/","name":"Analoog tooner TK-590 Kyocera FS-C5250\/C2026 5000 lk Magenta, \u043b\u0443\u0447\u0448\u0430\u044f \u0446\u0435\u043d\u0430, \u043a\u0443\u043f\u0438\u0442\u044c \u0432 \u0438\u043d\u0442\u0435\u0440\u043d\u0435\u0442-\u043c\u0430\u0433\u0430\u0437\u0438\u043d\u0435 - Odav Print","isPartOf":{"@id":"https:\/\/odavprint.ee\/ru\/#website"},"primaryImageOfPage":{"@id":"https:\/\/odavprint.ee\/ru\/product\/tk-590-compatible-for-kyocera-fs-c5250c2026-5k-m-pr\/#primaryimage"},"image":{"@id":"https:\/\/odavprint.ee\/ru\/product\/tk-590-compatible-for-kyocera-fs-c5250c2026-5k-m-pr\/#primaryimage"},"thumbnailUrl":"https:\/\/odavprint.ee\/wp-content\/uploads\/2018\/12\/tk-580-m-5.png","datePublished":"2019-04-13T18:45:30+00:00","dateModified":"2025-09-17T14:26:54+00:00","description":"\u041a\u0443\u043f\u0438\u0442\u044c Analoog tooner TK-590 Kyocera FS-C5250\/C2026 5000 lk Magenta \u0432 Odav Print \u260e +372 5911 9495 \u2714\ufe0f \u041b\u0443\u0447\u0448\u0430\u044f \u0446\u0435\u043d\u0430 \u043d\u0430 Analoog tooner TK-590 Kyocera FS-C5250\/C2026 5000 lk Magenta \u26df \u0411\u044b\u0441\u0442\u0440\u0430\u044f \u0434\u043e\u0441\u0442\u0430\u0432\u043a\u0430 \u043f\u043e \u042d\u0441\u0442\u043e\u043d\u0438\u0438 \u2b50 \u0413\u0430\u0440\u0430\u043d\u0442\u0438\u044f","breadcrumb":{"@id":"https:\/\/odavprint.ee\/ru\/product\/tk-590-compatible-for-kyocera-fs-c5250c2026-5k-m-pr\/#breadcrumb"},"inLanguage":"ru-RU","potentialAction":[{"@type":"ReadAction","target":["https:\/\/odavprint.ee\/ru\/product\/tk-590-compatible-for-kyocera-fs-c5250c2026-5k-m-pr\/"]}]},{"@type":"ImageObject","inLanguage":"ru-RU","@id":"https:\/\/odavprint.ee\/ru\/product\/tk-590-compatible-for-kyocera-fs-c5250c2026-5k-m-pr\/#primaryimage","url":"https:\/\/odavprint.ee\/wp-content\/uploads\/2018\/12\/tk-580-m-5.png","contentUrl":"https:\/\/odavprint.ee\/wp-content\/uploads\/2018\/12\/tk-580-m-5.png","width":487,"height":343},{"@type":"BreadcrumbList","@id":"https:\/\/odavprint.ee\/ru\/product\/tk-590-compatible-for-kyocera-fs-c5250c2026-5k-m-pr\/#breadcrumb","itemListElement":[{"@type":"ListItem","position":1,"name":"Home","item":"https:\/\/odavprint.ee\/ru\/%d0%b3%d0%bb%d0%b0%d0%b2%d0%bd%d0%b0%d1%8f\/"},{"@type":"ListItem","position":2,"name":"\u041c\u0430\u0433\u0430\u0437\u0438\u043d","item":"https:\/\/odavprint.ee\/ru\/shop\/"},{"@type":"ListItem","position":3,"name":"Analoog tooner TK-590 Kyocera FS-C5250\/C2026 5000 lk Magenta"}]},{"@type":"WebSite","@id":"https:\/\/odavprint.ee\/ru\/#website","url":"https:\/\/odavprint.ee\/ru\/","name":"Odav Print","description":"Just another WordPress site","publisher":{"@id":"https:\/\/odavprint.ee\/ru\/#organization"},"alternateName":"Kassettide, toonerite t\u00e4itmine ja m\u00fc\u00fck.","potentialAction":[{"@type":"SearchAction","target":{"@type":"EntryPoint","urlTemplate":"https:\/\/odavprint.ee\/ru\/?s={search_term_string}"},"query-input":"required name=search_term_string"}],"inLanguage":"ru-RU"},{"@type":["Organization","Place"],"@id":"https:\/\/odavprint.ee\/ru\/#organization","name":"Odav Print O\u00dc","url":"https:\/\/odavprint.ee\/ru\/","logo":{"@id":"https:\/\/odavprint.ee\/ru\/product\/tk-590-compatible-for-kyocera-fs-c5250c2026-5k-m-pr\/#local-main-organization-logo"},"image":{"@id":"https:\/\/odavprint.ee\/ru\/product\/tk-590-compatible-for-kyocera-fs-c5250c2026-5k-m-pr\/#local-main-organization-logo"},"address":{"@id":"https:\/\/odavprint.ee\/ru\/product\/tk-590-compatible-for-kyocera-fs-c5250c2026-5k-m-pr\/#local-main-place-address"},"geo":{"@type":"GeoCoordinates","latitude":"59.4306504","longitude":"24.8095743"},"telephone":["53836926"],"openingHoursSpecification":[{"@type":"OpeningHoursSpecification","dayOfWeek":["Monday","Tuesday","Wednesday","Thursday","Friday","Saturday","Sunday"],"opens":"09:00","closes":"17:00"}],"email":"info@odavprint.eu"},{"@type":"PostalAddress","@id":"https:\/\/odavprint.ee\/ru\/product\/tk-590-compatible-for-kyocera-fs-c5250c2026-5k-m-pr\/#local-main-place-address","streetAddress":"Pae tn 28","addressLocality":"Tallinn","postalCode":"11415","addressRegion":"Harjumaa","addressCountry":"EE"},{"@type":"ImageObject","inLanguage":"ru-RU","@id":"https:\/\/odavprint.ee\/ru\/product\/tk-590-compatible-for-kyocera-fs-c5250c2026-5k-m-pr\/#local-main-organization-logo","url":"https:\/\/odavprint.ee\/wp-content\/uploads\/2018\/10\/odavprint-logo-240.jpg","contentUrl":"https:\/\/odavprint.ee\/wp-content\/uploads\/2018\/10\/odavprint-logo-240.jpg","width":240,"height":36,"caption":"Odav Print O\u00dc"}]},"product_price_amount":"23.00","product_price_currency":"EUR","og_availability":"instock","product_availability":"instock","product_retailer_item_id":"7239","product_condition":"new","geo.placename":"Tallinn","geo.position":{"lat":"59.4306504","long":"24.8095743"},"geo.region":"\u042d\u0441\u0442\u043e\u043d\u0438\u044f"},"_links":{"self":[{"href":"https:\/\/odavprint.ee\/ru\/wp-json\/wp\/v2\/product\/12064"}],"collection":[{"href":"https:\/\/odavprint.ee\/ru\/wp-json\/wp\/v2\/product"}],"about":[{"href":"https:\/\/odavprint.ee\/ru\/wp-json\/wp\/v2\/types\/product"}],"wp:featuredmedia":[{"embeddable":true,"href":"https:\/\/odavprint.ee\/ru\/wp-json\/wp\/v2\/media\/2355"}],"wp:attachment":[{"href":"https:\/\/odavprint.ee\/ru\/wp-json\/wp\/v2\/media?parent=12064"}],"wp:term":[{"taxonomy":"product_cat","embeddable":true,"href":"https:\/\/odavprint.ee\/ru\/wp-json\/wp\/v2\/product_cat?post=12064"},{"taxonomy":"product_tag","embeddable":true,"href":"https:\/\/odavprint.ee\/ru\/wp-json\/wp\/v2\/product_tag?post=12064"}],"curies":[{"name":"wp","href":"https:\/\/api.w.org\/{rel}","templated":true}]}}