{"id":175637,"date":"2022-07-20T14:52:27","date_gmt":"2022-07-20T11:52:27","guid":{"rendered":"https:\/\/odavprint.ee\/product\/brother-tze-431-red-black-tze431-12mm-8m\/"},"modified":"2024-02-19T09:09:33","modified_gmt":"2024-02-19T07:09:33","slug":"brother-tze-431-red-black-tze431-12mm-8m","status":"publish","type":"product","link":"https:\/\/odavprint.ee\/ru\/product\/brother-tze-431-red-black-tze431-12mm-8m\/","title":{"rendered":"Brother TZe-431 Red\/Black (TZE431) 12mm, 8m"},"content":{"rendered":"<p><strong>Suitable for use in:<\/strong><\/p>\n<p>Brother P-Touch PT-P900 Series<br \/>\nBrother P-Touch PT-P900NW<br \/>\nBrother P-Touch PT-P900W<br \/>\nBrother P-Touch PT-P950NW<br \/>\nBrother P-Touch 200<br \/>\nBrother P-Touch 210E<br \/>\nBrother P-Touch 220<br \/>\nBrother P-Touch 300<br \/>\nBrother P-Touch 300SP<br \/>\nBrother P-Touch 310<br \/>\nBrother P-Touch 310CC<br \/>\nBrother P-Touch 310 Series<br \/>\nBrother P-Touch 340<br \/>\nBrother P-Touch 340C<br \/>\nBrother P-Touch 340 Series<br \/>\nBrother P-Touch 350<br \/>\nBrother P-Touch 540<br \/>\nBrother P-Touch 540C<br \/>\nBrother P-Touch 540 Series<br \/>\nBrother P-Touch 550<br \/>\nBrother P-Touch 900<br \/>\nBrother P-Touch 900BTS<br \/>\nBrother P-Touch 900F<br \/>\nBrother P-Touch 1000<br \/>\nBrother P-Touch 1000BTS<br \/>\nBrother P-Touch 1000F<br \/>\nBrother P-Touch 1005BTS<br \/>\nBrother P-Touch 1005F<br \/>\nBrother P-Touch 1005FB<br \/>\nBrother P-Touch 1005 Series<br \/>\nBrother P-Touch 1010<br \/>\nBrother P-Touch 1080<br \/>\nBrother P-Touch 1090<br \/>\nBrother P-Touch 1200<br \/>\nBrother P-Touch 1200P<br \/>\nBrother P-Touch 1230PC<br \/>\nBrother P-Touch 1250<br \/>\nBrother P-Touch 1250J<br \/>\nBrother P-Touch 1250LB<br \/>\nBrother P-Touch 1250S<br \/>\nBrother P-Touch 1250 Series<br \/>\nBrother P-Touch 1250VP<br \/>\nBrother P-Touch 1250VPS<br \/>\nBrother P-Touch 1260VP<br \/>\nBrother P-Touch 1280<br \/>\nBrother P-Touch 1280CB<br \/>\nBrother P-Touch 1280DT<br \/>\nBrother P-Touch 1280 Series<br \/>\nBrother P-Touch 1280VP<br \/>\nBrother P-Touch 1290<br \/>\nBrother P-Touch D210<br \/>\nBrother P-Touch D210 Series<br \/>\nBrother P-Touch D210VP<br \/>\nBrother P-Touch D400<br \/>\nBrother P-Touch D400AD<br \/>\nBrother P-Touch D400 Series<br \/>\nBrother P-Touch D400VP<br \/>\nBrother P-Touch D450VP<br \/>\nBrother P-Touch D600VP<br \/>\nBrother P-Touch D800W<br \/>\nBrother P-Touch E100<br \/>\nBrother P-Touch E100 Series<br \/>\nBrother P-Touch E100VP<br \/>\nBrother P-Touch E110<br \/>\nBrother P-Touch E110 Series<br \/>\nBrother P-Touch E110VP<br \/>\nBrother P-Touch E300VP<br \/>\nBrother P-Touch E500VP<br \/>\nBrother P-Touch E550WVP<br \/>\nBrother P-Touch GL100<br \/>\nBrother P-Touch GL200<br \/>\nBrother P-Touch GL1000<br \/>\nBrother P-Touch H75<br \/>\nBrother P-Touch H75S<br \/>\nBrother P-Touch H100<br \/>\nBrother P-Touch H100LB<br \/>\nBrother P-Touch H100R<br \/>\nBrother P-Touch H100 Series<br \/>\nBrother P-Touch H101<br \/>\nBrother P-Touch H101C<br \/>\nBrother P-Touch H101GB<br \/>\nBrother P-Touch H101LB<br \/>\nBrother P-Touch H101 Series<br \/>\nBrother P-Touch H101TB<br \/>\nBrother P-Touch H105<br \/>\nBrother P-Touch H105NB<br \/>\nBrother P-Touch H105WB<br \/>\nBrother P-Touch H105WN<br \/>\nBrother P-Touch H107B<br \/>\nBrother P-Touch H108GT<br \/>\nBrother P-Touch H110<br \/>\nBrother P-Touch H200<br \/>\nBrother P-Touch H300<br \/>\nBrother P-Touch H300Li<br \/>\nBrother P-Touch H300 Series<br \/>\nBrother P-Touch H500<br \/>\nBrother P-Touch H500Li<br \/>\nBrother P-Touch H500 Series<br \/>\nBrother P-Touch P300BT<br \/>\nBrother P-Touch P700<br \/>\nBrother P-Touch P750 Series<br \/>\nBrother P-Touch P750TDI<br \/>\nBrother P-Touch P750W<br \/>\nBrother P-Touch RL700S<br \/>\nBrother P-Touch 1290DT<br \/>\nBrother P-Touch 1290 Series<br \/>\nBrother P-Touch 1290VP<br \/>\nBrother P-Touch 1750<br \/>\nBrother P-Touch 18R<br \/>\nBrother P-Touch 1800<br \/>\nBrother P-Touch 1800E<br \/>\nBrother P-Touch 1830VP<br \/>\nBrother P-Touch 1850<br \/>\nBrother P-Touch 1850CC<br \/>\nBrother P-Touch 1850 Series<br \/>\nBrother P-Touch 1850VP<br \/>\nBrother P-Touch 1950VP<br \/>\nBrother P-Touch 2030VP<br \/>\nBrother P-Touch 2100VP<br \/>\nBrother P-Touch 2400<br \/>\nBrother P-Touch 2400E<br \/>\nBrother P-Touch 2420PC<br \/>\nBrother P-Touch 2430PC<br \/>\nBrother P-Touch 2450<br \/>\nBrother P-Touch 2450CC<br \/>\nBrother P-Touch 2450DX<br \/>\nBrother P-Touch 2450 Series<br \/>\nBrother P-Touch 2460<br \/>\nBrother P-Touch 2470<br \/>\nBrother P-Touch 2480<br \/>\nBrother P-Touch 2500PC<br \/>\nBrother P-Touch 2700VP<br \/>\nBrother P-Touch 2730VP<br \/>\nBrother P-Touch 3600<br \/>\nBrother P-Touch 7100VP<br \/>\nBrother P-Touch 7500VP<br \/>\nBrother P-Touch 7600VP<br \/>\nBrother P-Touch 9200DX<br \/>\nBrother P-Touch 9200PC<br \/>\nBrother P-Touch 9200 Series<br \/>\nBrother P-Touch 9400<br \/>\nBrother P-Touch 9500PC<br \/>\nBrother P-Touch 9600<br \/>\nBrother P-Touch 9700PC<br \/>\nBrother P-Touch 9800PCN<br \/>\nBrother P-Touch Cube<br \/>\nBrother P-Touch Cube plus<br \/>\nBrother P-Touch D200<br \/>\nBrother P-Touch D200BW<br \/>\nBrother P-Touch D200BWVP<br \/>\nBrother P-Touch D200 Series<br \/>\nBrother P-Touch D200VP<br \/>\nBrother P-Touch P750W plius 4 tapes<\/p>\n","protected":false},"excerpt":{"rendered":"<p>Suitable for use in: Brother P-Touch PT-P900 Series Brother P-Touch PT-P900NW Brother P-Touch PT-P900W Brother P-Touch PT-P950NW Brother P-Touch 200 Brother P-Touch 210E Brother P-Touch 220 Brother P-Touch 300 Brother P-Touch 300SP Brother P-Touch 310 Brother P-Touch 310CC Brother P-Touch 310 Series Brother P-Touch 340 Brother P-Touch 340C Brother P-Touch 340 Series Brother P-Touch 350 [&#8230;]\n","protected":false},"featured_media":175638,"template":"","meta":{"inline_featured_image":false},"product_cat":[10770],"product_tag":[16231,16230,16229,16225,16228,16227,16226,16224,16223,16222,16221,16220,16219,16218,16214,16217,16216,16215,16213,16212,16211,16210,16207,16209,16208,16206,16205,16254,16253,16255,16256,16257,16258,16259,16260,16262,16261,16263,16251,16264,16249,16265,16266,16248,16247,16267,16268,16269,16270,16271,16274,16272,16273,16275,16276,16277,16278,16279,16280,16246,16245,16244,16242,16243,16241,16240,16252,16239,16281,16238,16236,16237,16235,16282,16283,16284,16234,16233,16232,16287,16285,16286,16288,16289,16290,16291,16292,16293,16294,16295,16298,16296,16297,16299,16204,16203,16202,16201,16199,16200,16198,16197,16196,16195,16194,16193,16192,16191,16190,16189,16188,16187,16186,16185,16183,16184,16180,16177,16179,16178,16176,16172,16175,16174,16173,16171,16170,16169,16168,16167,16166,16165,16164,16163,16162,16160,16161,16159,16157,16158,16182,16181,16156,16155,16154,16153,16152,16300,16150,16151,16149,16148,16147],"yoast_head":"<!-- This site is optimized with the Yoast SEO Premium plugin v23.0 (Yoast SEO v23.0) - https:\/\/yoast.com\/wordpress\/plugins\/seo\/ -->\n<title>Brother TZe-431 Red\/Black (TZE431) 12mm, 8m, \u043b\u0443\u0447\u0448\u0430\u044f \u0446\u0435\u043d\u0430, \u043a\u0443\u043f\u0438\u0442\u044c \u0432 \u0438\u043d\u0442\u0435\u0440\u043d\u0435\u0442-\u043c\u0430\u0433\u0430\u0437\u0438\u043d\u0435 - Odav Print<\/title>\n<meta name=\"description\" content=\"\u041a\u0443\u043f\u0438\u0442\u044c Brother TZe-431 Red\/Black (TZE431) 12mm, 8m \u0432 Odav Print \u260e +372 5911 9495 \u2714\ufe0f \u041b\u0443\u0447\u0448\u0430\u044f \u0446\u0435\u043d\u0430 \u043d\u0430 Brother TZe-431 Red\/Black (TZE431) 12mm, 8m \u26df \u0411\u044b\u0441\u0442\u0440\u0430\u044f \u0434\u043e\u0441\u0442\u0430\u0432\u043a\u0430 \u043f\u043e \u042d\u0441\u0442\u043e\u043d\u0438\u0438 \u2b50 \u0413\u0430\u0440\u0430\u043d\u0442\u0438\u044f\" \/>\n<meta name=\"robots\" content=\"index, follow, max-snippet:-1, max-image-preview:large, max-video-preview:-1\" \/>\n<link rel=\"canonical\" href=\"https:\/\/odavprint.ee\/ru\/product\/brother-tze-431-red-black-tze431-12mm-8m\/\" \/>\n<meta property=\"og:locale\" content=\"ru_RU\" \/>\n<meta property=\"og:type\" content=\"article\" \/>\n<meta property=\"og:title\" content=\"Brother TZe-431 Red\/Black (TZE431) 12mm, 8m\" \/>\n<meta property=\"og:description\" content=\"\u041a\u0443\u043f\u0438\u0442\u044c Brother TZe-431 Red\/Black (TZE431) 12mm, 8m \u0432 Odav Print \u260e +372 5911 9495 \u2714\ufe0f \u041b\u0443\u0447\u0448\u0430\u044f \u0446\u0435\u043d\u0430 \u043d\u0430 Brother TZe-431 Red\/Black (TZE431) 12mm, 8m \u26df \u0411\u044b\u0441\u0442\u0440\u0430\u044f \u0434\u043e\u0441\u0442\u0430\u0432\u043a\u0430 \u043f\u043e \u042d\u0441\u0442\u043e\u043d\u0438\u0438 \u2b50 \u0413\u0430\u0440\u0430\u043d\u0442\u0438\u044f\" \/>\n<meta property=\"og:url\" content=\"https:\/\/odavprint.ee\/ru\/product\/brother-tze-431-red-black-tze431-12mm-8m\/\" \/>\n<meta property=\"og:site_name\" content=\"Odav Print\" \/>\n<meta property=\"article:modified_time\" content=\"2024-02-19T07:09:33+00:00\" \/>\n<meta property=\"og:image\" content=\"https:\/\/odavprint.ee\/wp-content\/uploads\/2022\/07\/175637_a050c07ba11c670bf10eb338ffc6e29d.jpg\" \/>\n\t<meta property=\"og:image:width\" content=\"500\" \/>\n\t<meta property=\"og:image:height\" content=\"500\" \/>\n\t<meta property=\"og:image:type\" content=\"image\/jpeg\" \/>\n<meta name=\"twitter:card\" content=\"summary_large_image\" \/>\n<meta name=\"twitter:label1\" content=\"\u0426\u0435\u043d\u0430\" \/>\n\t<meta name=\"twitter:data1\" content=\"&euro;16.00\" \/>\n\t<meta name=\"twitter:label2\" content=\"\u0414\u043e\u0441\u0442\u0443\u043f\u043d\u043e\u0441\u0442\u044c\" \/>\n\t<meta name=\"twitter:data2\" content=\"\u0412 \u043d\u0430\u043b\u0438\u0447\u0438\u0438\" \/>\n<script type=\"application\/ld+json\" class=\"yoast-schema-graph\">{\"@context\":\"https:\/\/schema.org\",\"@graph\":[{\"@type\":[\"WebPage\",\"ItemPage\"],\"@id\":\"https:\/\/odavprint.ee\/ru\/product\/brother-tze-431-red-black-tze431-12mm-8m\/\",\"url\":\"https:\/\/odavprint.ee\/ru\/product\/brother-tze-431-red-black-tze431-12mm-8m\/\",\"name\":\"Brother TZe-431 Red\/Black (TZE431) 12mm, 8m, \u043b\u0443\u0447\u0448\u0430\u044f \u0446\u0435\u043d\u0430, \u043a\u0443\u043f\u0438\u0442\u044c \u0432 \u0438\u043d\u0442\u0435\u0440\u043d\u0435\u0442-\u043c\u0430\u0433\u0430\u0437\u0438\u043d\u0435 - Odav Print\",\"isPartOf\":{\"@id\":\"https:\/\/odavprint.ee\/ru\/#website\"},\"primaryImageOfPage\":{\"@id\":\"https:\/\/odavprint.ee\/ru\/product\/brother-tze-431-red-black-tze431-12mm-8m\/#primaryimage\"},\"image\":{\"@id\":\"https:\/\/odavprint.ee\/ru\/product\/brother-tze-431-red-black-tze431-12mm-8m\/#primaryimage\"},\"thumbnailUrl\":\"https:\/\/odavprint.ee\/wp-content\/uploads\/2022\/07\/175637_a050c07ba11c670bf10eb338ffc6e29d.jpg\",\"datePublished\":\"2022-07-20T11:52:27+00:00\",\"dateModified\":\"2024-02-19T07:09:33+00:00\",\"description\":\"\u041a\u0443\u043f\u0438\u0442\u044c Brother TZe-431 Red\/Black (TZE431) 12mm, 8m \u0432 Odav Print \u260e +372 5911 9495 \u2714\ufe0f \u041b\u0443\u0447\u0448\u0430\u044f \u0446\u0435\u043d\u0430 \u043d\u0430 Brother TZe-431 Red\/Black (TZE431) 12mm, 8m \u26df \u0411\u044b\u0441\u0442\u0440\u0430\u044f \u0434\u043e\u0441\u0442\u0430\u0432\u043a\u0430 \u043f\u043e \u042d\u0441\u0442\u043e\u043d\u0438\u0438 \u2b50 \u0413\u0430\u0440\u0430\u043d\u0442\u0438\u044f\",\"breadcrumb\":{\"@id\":\"https:\/\/odavprint.ee\/ru\/product\/brother-tze-431-red-black-tze431-12mm-8m\/#breadcrumb\"},\"inLanguage\":\"ru-RU\",\"potentialAction\":[{\"@type\":\"ReadAction\",\"target\":[\"https:\/\/odavprint.ee\/ru\/product\/brother-tze-431-red-black-tze431-12mm-8m\/\"]}]},{\"@type\":\"ImageObject\",\"inLanguage\":\"ru-RU\",\"@id\":\"https:\/\/odavprint.ee\/ru\/product\/brother-tze-431-red-black-tze431-12mm-8m\/#primaryimage\",\"url\":\"https:\/\/odavprint.ee\/wp-content\/uploads\/2022\/07\/175637_a050c07ba11c670bf10eb338ffc6e29d.jpg\",\"contentUrl\":\"https:\/\/odavprint.ee\/wp-content\/uploads\/2022\/07\/175637_a050c07ba11c670bf10eb338ffc6e29d.jpg\",\"width\":500,\"height\":500},{\"@type\":\"BreadcrumbList\",\"@id\":\"https:\/\/odavprint.ee\/ru\/product\/brother-tze-431-red-black-tze431-12mm-8m\/#breadcrumb\",\"itemListElement\":[{\"@type\":\"ListItem\",\"position\":1,\"name\":\"Home\",\"item\":\"https:\/\/odavprint.ee\/ru\/%d0%b3%d0%bb%d0%b0%d0%b2%d0%bd%d0%b0%d1%8f\/\"},{\"@type\":\"ListItem\",\"position\":2,\"name\":\"\u041c\u0430\u0433\u0430\u0437\u0438\u043d\",\"item\":\"https:\/\/odavprint.ee\/ru\/shop\/\"},{\"@type\":\"ListItem\",\"position\":3,\"name\":\"Brother TZe-431 Red\/Black (TZE431) 12mm, 8m\"}]},{\"@type\":\"WebSite\",\"@id\":\"https:\/\/odavprint.ee\/ru\/#website\",\"url\":\"https:\/\/odavprint.ee\/ru\/\",\"name\":\"Odav Print\",\"description\":\"Just another WordPress site\",\"publisher\":{\"@id\":\"https:\/\/odavprint.ee\/ru\/#organization\"},\"alternateName\":\"Kassettide, toonerite t\u00e4itmine ja m\u00fc\u00fck.\",\"potentialAction\":[{\"@type\":\"SearchAction\",\"target\":{\"@type\":\"EntryPoint\",\"urlTemplate\":\"https:\/\/odavprint.ee\/ru\/?s={search_term_string}\"},\"query-input\":\"required name=search_term_string\"}],\"inLanguage\":\"ru-RU\"},{\"@type\":[\"Organization\",\"Place\"],\"@id\":\"https:\/\/odavprint.ee\/ru\/#organization\",\"name\":\"Odav Print O\u00dc\",\"url\":\"https:\/\/odavprint.ee\/ru\/\",\"logo\":{\"@id\":\"https:\/\/odavprint.ee\/ru\/product\/brother-tze-431-red-black-tze431-12mm-8m\/#local-main-organization-logo\"},\"image\":{\"@id\":\"https:\/\/odavprint.ee\/ru\/product\/brother-tze-431-red-black-tze431-12mm-8m\/#local-main-organization-logo\"},\"address\":{\"@id\":\"https:\/\/odavprint.ee\/ru\/product\/brother-tze-431-red-black-tze431-12mm-8m\/#local-main-place-address\"},\"geo\":{\"@type\":\"GeoCoordinates\",\"latitude\":\"59.4306504\",\"longitude\":\"24.8095743\"},\"telephone\":[\"53836926\"],\"openingHoursSpecification\":[{\"@type\":\"OpeningHoursSpecification\",\"dayOfWeek\":[\"Monday\",\"Tuesday\",\"Wednesday\",\"Thursday\",\"Friday\",\"Saturday\",\"Sunday\"],\"opens\":\"09:00\",\"closes\":\"17:00\"}],\"email\":\"info@odavprint.eu\"},{\"@type\":\"PostalAddress\",\"@id\":\"https:\/\/odavprint.ee\/ru\/product\/brother-tze-431-red-black-tze431-12mm-8m\/#local-main-place-address\",\"streetAddress\":\"Pae tn 28\",\"addressLocality\":\"Tallinn\",\"postalCode\":\"11415\",\"addressRegion\":\"Harjumaa\",\"addressCountry\":\"EE\"},{\"@type\":\"ImageObject\",\"inLanguage\":\"ru-RU\",\"@id\":\"https:\/\/odavprint.ee\/ru\/product\/brother-tze-431-red-black-tze431-12mm-8m\/#local-main-organization-logo\",\"url\":\"https:\/\/odavprint.ee\/wp-content\/uploads\/2018\/10\/odavprint-logo-240.jpg\",\"contentUrl\":\"https:\/\/odavprint.ee\/wp-content\/uploads\/2018\/10\/odavprint-logo-240.jpg\",\"width\":240,\"height\":36,\"caption\":\"Odav Print O\u00dc\"}]}<\/script>\n<meta property=\"product:price:amount\" content=\"16.00\" \/>\n<meta property=\"product:price:currency\" content=\"EUR\" \/>\n<meta property=\"og:availability\" content=\"instock\" \/>\n<meta property=\"product:availability\" content=\"instock\" \/>\n<meta property=\"product:retailer_item_id\" content=\"TZe-431\" \/>\n<meta property=\"product:condition\" content=\"new\" \/>\n<meta name=\"geo.placename\" content=\"Tallinn\" \/>\n<meta name=\"geo.position\" content=\"59.4306504;24.8095743\" \/>\n<meta name=\"geo.region\" content=\"\u042d\u0441\u0442\u043e\u043d\u0438\u044f\" \/>\n<!-- \/ Yoast SEO Premium plugin. -->","yoast_head_json":{"title":"Brother TZe-431 Red\/Black (TZE431) 12mm, 8m, \u043b\u0443\u0447\u0448\u0430\u044f \u0446\u0435\u043d\u0430, \u043a\u0443\u043f\u0438\u0442\u044c \u0432 \u0438\u043d\u0442\u0435\u0440\u043d\u0435\u0442-\u043c\u0430\u0433\u0430\u0437\u0438\u043d\u0435 - Odav Print","description":"\u041a\u0443\u043f\u0438\u0442\u044c Brother TZe-431 Red\/Black (TZE431) 12mm, 8m \u0432 Odav Print \u260e +372 5911 9495 \u2714\ufe0f \u041b\u0443\u0447\u0448\u0430\u044f \u0446\u0435\u043d\u0430 \u043d\u0430 Brother TZe-431 Red\/Black (TZE431) 12mm, 8m \u26df \u0411\u044b\u0441\u0442\u0440\u0430\u044f \u0434\u043e\u0441\u0442\u0430\u0432\u043a\u0430 \u043f\u043e \u042d\u0441\u0442\u043e\u043d\u0438\u0438 \u2b50 \u0413\u0430\u0440\u0430\u043d\u0442\u0438\u044f","robots":{"index":"index","follow":"follow","max-snippet":"max-snippet:-1","max-image-preview":"max-image-preview:large","max-video-preview":"max-video-preview:-1"},"canonical":"https:\/\/odavprint.ee\/ru\/product\/brother-tze-431-red-black-tze431-12mm-8m\/","og_locale":"ru_RU","og_type":"article","og_title":"Brother TZe-431 Red\/Black (TZE431) 12mm, 8m","og_description":"\u041a\u0443\u043f\u0438\u0442\u044c Brother TZe-431 Red\/Black (TZE431) 12mm, 8m \u0432 Odav Print \u260e +372 5911 9495 \u2714\ufe0f \u041b\u0443\u0447\u0448\u0430\u044f \u0446\u0435\u043d\u0430 \u043d\u0430 Brother TZe-431 Red\/Black (TZE431) 12mm, 8m \u26df \u0411\u044b\u0441\u0442\u0440\u0430\u044f \u0434\u043e\u0441\u0442\u0430\u0432\u043a\u0430 \u043f\u043e \u042d\u0441\u0442\u043e\u043d\u0438\u0438 \u2b50 \u0413\u0430\u0440\u0430\u043d\u0442\u0438\u044f","og_url":"https:\/\/odavprint.ee\/ru\/product\/brother-tze-431-red-black-tze431-12mm-8m\/","og_site_name":"Odav Print","article_modified_time":"2024-02-19T07:09:33+00:00","og_image":[{"width":500,"height":500,"url":"https:\/\/odavprint.ee\/wp-content\/uploads\/2022\/07\/175637_a050c07ba11c670bf10eb338ffc6e29d.jpg","type":"image\/jpeg"}],"twitter_card":"summary_large_image","twitter_misc":{"\u0426\u0435\u043d\u0430":"&euro;16.00","\u0414\u043e\u0441\u0442\u0443\u043f\u043d\u043e\u0441\u0442\u044c":"\u0412 \u043d\u0430\u043b\u0438\u0447\u0438\u0438"},"schema":{"@context":"https:\/\/schema.org","@graph":[{"@type":["WebPage","ItemPage"],"@id":"https:\/\/odavprint.ee\/ru\/product\/brother-tze-431-red-black-tze431-12mm-8m\/","url":"https:\/\/odavprint.ee\/ru\/product\/brother-tze-431-red-black-tze431-12mm-8m\/","name":"Brother TZe-431 Red\/Black (TZE431) 12mm, 8m, \u043b\u0443\u0447\u0448\u0430\u044f \u0446\u0435\u043d\u0430, \u043a\u0443\u043f\u0438\u0442\u044c \u0432 \u0438\u043d\u0442\u0435\u0440\u043d\u0435\u0442-\u043c\u0430\u0433\u0430\u0437\u0438\u043d\u0435 - Odav Print","isPartOf":{"@id":"https:\/\/odavprint.ee\/ru\/#website"},"primaryImageOfPage":{"@id":"https:\/\/odavprint.ee\/ru\/product\/brother-tze-431-red-black-tze431-12mm-8m\/#primaryimage"},"image":{"@id":"https:\/\/odavprint.ee\/ru\/product\/brother-tze-431-red-black-tze431-12mm-8m\/#primaryimage"},"thumbnailUrl":"https:\/\/odavprint.ee\/wp-content\/uploads\/2022\/07\/175637_a050c07ba11c670bf10eb338ffc6e29d.jpg","datePublished":"2022-07-20T11:52:27+00:00","dateModified":"2024-02-19T07:09:33+00:00","description":"\u041a\u0443\u043f\u0438\u0442\u044c Brother TZe-431 Red\/Black (TZE431) 12mm, 8m \u0432 Odav Print \u260e +372 5911 9495 \u2714\ufe0f \u041b\u0443\u0447\u0448\u0430\u044f \u0446\u0435\u043d\u0430 \u043d\u0430 Brother TZe-431 Red\/Black (TZE431) 12mm, 8m \u26df \u0411\u044b\u0441\u0442\u0440\u0430\u044f \u0434\u043e\u0441\u0442\u0430\u0432\u043a\u0430 \u043f\u043e \u042d\u0441\u0442\u043e\u043d\u0438\u0438 \u2b50 \u0413\u0430\u0440\u0430\u043d\u0442\u0438\u044f","breadcrumb":{"@id":"https:\/\/odavprint.ee\/ru\/product\/brother-tze-431-red-black-tze431-12mm-8m\/#breadcrumb"},"inLanguage":"ru-RU","potentialAction":[{"@type":"ReadAction","target":["https:\/\/odavprint.ee\/ru\/product\/brother-tze-431-red-black-tze431-12mm-8m\/"]}]},{"@type":"ImageObject","inLanguage":"ru-RU","@id":"https:\/\/odavprint.ee\/ru\/product\/brother-tze-431-red-black-tze431-12mm-8m\/#primaryimage","url":"https:\/\/odavprint.ee\/wp-content\/uploads\/2022\/07\/175637_a050c07ba11c670bf10eb338ffc6e29d.jpg","contentUrl":"https:\/\/odavprint.ee\/wp-content\/uploads\/2022\/07\/175637_a050c07ba11c670bf10eb338ffc6e29d.jpg","width":500,"height":500},{"@type":"BreadcrumbList","@id":"https:\/\/odavprint.ee\/ru\/product\/brother-tze-431-red-black-tze431-12mm-8m\/#breadcrumb","itemListElement":[{"@type":"ListItem","position":1,"name":"Home","item":"https:\/\/odavprint.ee\/ru\/%d0%b3%d0%bb%d0%b0%d0%b2%d0%bd%d0%b0%d1%8f\/"},{"@type":"ListItem","position":2,"name":"\u041c\u0430\u0433\u0430\u0437\u0438\u043d","item":"https:\/\/odavprint.ee\/ru\/shop\/"},{"@type":"ListItem","position":3,"name":"Brother TZe-431 Red\/Black (TZE431) 12mm, 8m"}]},{"@type":"WebSite","@id":"https:\/\/odavprint.ee\/ru\/#website","url":"https:\/\/odavprint.ee\/ru\/","name":"Odav Print","description":"Just another WordPress site","publisher":{"@id":"https:\/\/odavprint.ee\/ru\/#organization"},"alternateName":"Kassettide, toonerite t\u00e4itmine ja m\u00fc\u00fck.","potentialAction":[{"@type":"SearchAction","target":{"@type":"EntryPoint","urlTemplate":"https:\/\/odavprint.ee\/ru\/?s={search_term_string}"},"query-input":"required name=search_term_string"}],"inLanguage":"ru-RU"},{"@type":["Organization","Place"],"@id":"https:\/\/odavprint.ee\/ru\/#organization","name":"Odav Print O\u00dc","url":"https:\/\/odavprint.ee\/ru\/","logo":{"@id":"https:\/\/odavprint.ee\/ru\/product\/brother-tze-431-red-black-tze431-12mm-8m\/#local-main-organization-logo"},"image":{"@id":"https:\/\/odavprint.ee\/ru\/product\/brother-tze-431-red-black-tze431-12mm-8m\/#local-main-organization-logo"},"address":{"@id":"https:\/\/odavprint.ee\/ru\/product\/brother-tze-431-red-black-tze431-12mm-8m\/#local-main-place-address"},"geo":{"@type":"GeoCoordinates","latitude":"59.4306504","longitude":"24.8095743"},"telephone":["53836926"],"openingHoursSpecification":[{"@type":"OpeningHoursSpecification","dayOfWeek":["Monday","Tuesday","Wednesday","Thursday","Friday","Saturday","Sunday"],"opens":"09:00","closes":"17:00"}],"email":"info@odavprint.eu"},{"@type":"PostalAddress","@id":"https:\/\/odavprint.ee\/ru\/product\/brother-tze-431-red-black-tze431-12mm-8m\/#local-main-place-address","streetAddress":"Pae tn 28","addressLocality":"Tallinn","postalCode":"11415","addressRegion":"Harjumaa","addressCountry":"EE"},{"@type":"ImageObject","inLanguage":"ru-RU","@id":"https:\/\/odavprint.ee\/ru\/product\/brother-tze-431-red-black-tze431-12mm-8m\/#local-main-organization-logo","url":"https:\/\/odavprint.ee\/wp-content\/uploads\/2018\/10\/odavprint-logo-240.jpg","contentUrl":"https:\/\/odavprint.ee\/wp-content\/uploads\/2018\/10\/odavprint-logo-240.jpg","width":240,"height":36,"caption":"Odav Print O\u00dc"}]},"product_price_amount":"16.00","product_price_currency":"EUR","og_availability":"instock","product_availability":"instock","product_retailer_item_id":"TZe-431","product_condition":"new","geo.placename":"Tallinn","geo.position":{"lat":"59.4306504","long":"24.8095743"},"geo.region":"\u042d\u0441\u0442\u043e\u043d\u0438\u044f"},"_links":{"self":[{"href":"https:\/\/odavprint.ee\/ru\/wp-json\/wp\/v2\/product\/175637"}],"collection":[{"href":"https:\/\/odavprint.ee\/ru\/wp-json\/wp\/v2\/product"}],"about":[{"href":"https:\/\/odavprint.ee\/ru\/wp-json\/wp\/v2\/types\/product"}],"wp:featuredmedia":[{"embeddable":true,"href":"https:\/\/odavprint.ee\/ru\/wp-json\/wp\/v2\/media\/175638"}],"wp:attachment":[{"href":"https:\/\/odavprint.ee\/ru\/wp-json\/wp\/v2\/media?parent=175637"}],"wp:term":[{"taxonomy":"product_cat","embeddable":true,"href":"https:\/\/odavprint.ee\/ru\/wp-json\/wp\/v2\/product_cat?post=175637"},{"taxonomy":"product_tag","embeddable":true,"href":"https:\/\/odavprint.ee\/ru\/wp-json\/wp\/v2\/product_tag?post=175637"}],"curies":[{"name":"wp","href":"https:\/\/api.w.org\/{rel}","templated":true}]}}