{"id":191907,"date":"2023-09-01T16:40:19","date_gmt":"2023-09-01T13:40:19","guid":{"rendered":"https:\/\/odavprint.ee\/product\/razer-rz04-02890500-r3m1-kraken-x-console-headset-wired-head-band-gaming-white-blue\/"},"modified":"2023-09-01T16:40:20","modified_gmt":"2023-09-01T13:40:20","slug":"razer-rz04-02890500-r3m1-kraken-x-console-headset-wired-head-band-gaming-white-blue","status":"publish","type":"product","link":"https:\/\/odavprint.ee\/ru\/product\/razer-rz04-02890500-r3m1-kraken-x-console-headset-wired-head-band-gaming-white-blue\/","title":{"rendered":"Razer RZ04-02890500-R3M1 Kraken X Console Headset Wired Head-band Gaming, White\/Blue"},"content":{"rendered":"<p><b>ULTRA-LIGHT COMFORT<\/b>\u00a0<br \/>\nWhen gaming in the comfort of your own living room, you\u2019ll want to feel relaxed so you can game on your console for hours on end. Enter the Razer Kraken X for Console. Ultra-light at just 250g with superior gaming audio. Sit tight and play for hours\u2014your console gaming marathons are about to be a breeze.\u00a0<\/p>\n<p><b>CLEAR &#038; ACCURATE POSITIONAL AUDIO<\/b>\u00a0<br \/>\nFeaturing custom-tuned 40mm drivers, the Razer Kraken X produces clear and balanced sound from thundering explosions in all-out wars to subtle footsteps in stealthy covert operations.\u00a0<\/p>\n<p><b>ULTRA-LIGHT ERGONOMIC BUILD AT 250G<\/b>\u00a0<br \/>\nEngineered with a lightweight form factor for a near-weightless feel on your head.\u00a0<\/p>\n<p><b>Plush Memory Foam Cushions<\/b>\u00a0<br \/>\nIdeal comfort and sound isolation throughout gaming marathons.\u00a0<\/p>\n<p><b>Soft Headband Padding<\/b>\u00a0<br \/>\nRelieves pressure on your head to prevent strain.\u00a0<\/p>\n<p><b>Clamping Force<\/b>\u00a0<br \/>\nCreates a firm grip on your head to provide a comfortable and measured fit.\u00a0<\/p>\n<p><b>CRYSTAL CLEAR COMMUNICATION<\/b>\u00a0<br \/>\nThe flexible and bendable microphone utilizes a cardioid pattern that records sound from an area that focuses on your mouth. This helps to capture your voice with clarity while suppressing background noise from the back and sides.\u00a0<\/p>\n<p><b>CONVENIENT AUDIO CONTROL<\/b>\u00a0<br \/>\nThe microphone mute button and volume slider is easily accessed underneath the left earcup for convenient control.\u00a0<\/p>\n<p><b>CROSS-PLATFORM COMPATIBILITY<\/b>\u00a0<br \/>\nThe Razer Kraken X is compatible with PC, Mac, Xbox One*, Xbox Series X|S, PS4, PS5, Nintendo Switch and mobile devices with a 3.5mm audio jack.<\/p>\n","protected":false},"excerpt":{"rendered":"<p>ULTRA-LIGHT COMFORT\u00a0 When gaming in the comfort of your own living room, you\u2019ll want to feel relaxed so you can game on your console for hours on end. Enter the Razer Kraken X for Console. Ultra-light at just 250g with superior gaming audio. Sit tight and play for hours\u2014your console gaming marathons are about to [&#8230;]\n","protected":false},"featured_media":191908,"template":"","meta":{"inline_featured_image":false},"product_cat":[17210],"product_tag":[],"yoast_head":"<!-- This site is optimized with the Yoast SEO Premium plugin v23.0 (Yoast SEO v23.0) - https:\/\/yoast.com\/wordpress\/plugins\/seo\/ -->\n<title>Razer RZ04-02890500-R3M1 Kraken X Console Headset Wired Head-band Gaming, White\/Blue, \u043b\u0443\u0447\u0448\u0430\u044f \u0446\u0435\u043d\u0430, \u043a\u0443\u043f\u0438\u0442\u044c \u0432 \u0438\u043d\u0442\u0435\u0440\u043d\u0435\u0442-\u043c\u0430\u0433\u0430\u0437\u0438\u043d\u0435 - Odav Print<\/title>\n<meta name=\"description\" content=\"\u041a\u0443\u043f\u0438\u0442\u044c Razer RZ04-02890500-R3M1 Kraken X Console Headset Wired Head-band Gaming, White\/Blue \u0432 Odav Print \u260e +372 5911 9495 \u2714\ufe0f \u041b\u0443\u0447\u0448\u0430\u044f \u0446\u0435\u043d\u0430 \u043d\u0430 Razer RZ04-02890500-R3M1 Kraken X Console Headset Wired Head-band Gaming, White\/Blue \u26df \u0411\u044b\u0441\u0442\u0440\u0430\u044f \u0434\u043e\u0441\u0442\u0430\u0432\u043a\u0430 \u043f\u043e \u042d\u0441\u0442\u043e\u043d\u0438\u0438 \u2b50 \u0413\u0430\u0440\u0430\u043d\u0442\u0438\u044f\" \/>\n<meta name=\"robots\" content=\"index, follow, max-snippet:-1, max-image-preview:large, max-video-preview:-1\" \/>\n<link rel=\"canonical\" href=\"https:\/\/odavprint.ee\/ru\/product\/razer-rz04-02890500-r3m1-kraken-x-console-headset-wired-head-band-gaming-white-blue\/\" \/>\n<meta property=\"og:locale\" content=\"ru_RU\" \/>\n<meta property=\"og:type\" content=\"article\" \/>\n<meta property=\"og:title\" content=\"Razer RZ04-02890500-R3M1 Kraken X Console Headset Wired Head-band Gaming, White\/Blue\" \/>\n<meta property=\"og:description\" content=\"\u041a\u0443\u043f\u0438\u0442\u044c Razer RZ04-02890500-R3M1 Kraken X Console Headset Wired Head-band Gaming, White\/Blue \u0432 Odav Print \u260e +372 5911 9495 \u2714\ufe0f \u041b\u0443\u0447\u0448\u0430\u044f \u0446\u0435\u043d\u0430 \u043d\u0430 Razer RZ04-02890500-R3M1 Kraken X Console Headset Wired Head-band Gaming, White\/Blue \u26df \u0411\u044b\u0441\u0442\u0440\u0430\u044f \u0434\u043e\u0441\u0442\u0430\u0432\u043a\u0430 \u043f\u043e \u042d\u0441\u0442\u043e\u043d\u0438\u0438 \u2b50 \u0413\u0430\u0440\u0430\u043d\u0442\u0438\u044f\" \/>\n<meta property=\"og:url\" content=\"https:\/\/odavprint.ee\/ru\/product\/razer-rz04-02890500-r3m1-kraken-x-console-headset-wired-head-band-gaming-white-blue\/\" \/>\n<meta property=\"og:site_name\" content=\"Odav Print\" \/>\n<meta property=\"article:modified_time\" content=\"2023-09-01T13:40:20+00:00\" \/>\n<meta property=\"og:image\" content=\"https:\/\/odavprint.ee\/wp-content\/uploads\/2023\/09\/191907_a11d67f7-6812-40fa-af05-e6ca74b5379e.jpg\" \/>\n\t<meta property=\"og:image:width\" content=\"667\" \/>\n\t<meta property=\"og:image:height\" content=\"500\" \/>\n\t<meta property=\"og:image:type\" content=\"image\/jpeg\" \/>\n<meta name=\"twitter:card\" content=\"summary_large_image\" \/>\n<meta name=\"twitter:label1\" content=\"\u0426\u0435\u043d\u0430\" \/>\n\t<meta name=\"twitter:data1\" content=\"&euro;70.70\" \/>\n\t<meta name=\"twitter:label2\" content=\"\u0414\u043e\u0441\u0442\u0443\u043f\u043d\u043e\u0441\u0442\u044c\" \/>\n\t<meta name=\"twitter:data2\" content=\"\u0420\u0430\u0441\u043f\u0440\u043e\u0434\u0430\u043d\u043e\" \/>\n<script type=\"application\/ld+json\" class=\"yoast-schema-graph\">{\"@context\":\"https:\/\/schema.org\",\"@graph\":[{\"@type\":[\"WebPage\",\"ItemPage\"],\"@id\":\"https:\/\/odavprint.ee\/ru\/product\/razer-rz04-02890500-r3m1-kraken-x-console-headset-wired-head-band-gaming-white-blue\/\",\"url\":\"https:\/\/odavprint.ee\/ru\/product\/razer-rz04-02890500-r3m1-kraken-x-console-headset-wired-head-band-gaming-white-blue\/\",\"name\":\"Razer RZ04-02890500-R3M1 Kraken X Console Headset Wired Head-band Gaming, White\/Blue, \u043b\u0443\u0447\u0448\u0430\u044f \u0446\u0435\u043d\u0430, \u043a\u0443\u043f\u0438\u0442\u044c \u0432 \u0438\u043d\u0442\u0435\u0440\u043d\u0435\u0442-\u043c\u0430\u0433\u0430\u0437\u0438\u043d\u0435 - Odav Print\",\"isPartOf\":{\"@id\":\"https:\/\/odavprint.ee\/ru\/#website\"},\"primaryImageOfPage\":{\"@id\":\"https:\/\/odavprint.ee\/ru\/product\/razer-rz04-02890500-r3m1-kraken-x-console-headset-wired-head-band-gaming-white-blue\/#primaryimage\"},\"image\":{\"@id\":\"https:\/\/odavprint.ee\/ru\/product\/razer-rz04-02890500-r3m1-kraken-x-console-headset-wired-head-band-gaming-white-blue\/#primaryimage\"},\"thumbnailUrl\":\"https:\/\/odavprint.ee\/wp-content\/uploads\/2023\/09\/191907_a11d67f7-6812-40fa-af05-e6ca74b5379e.jpg\",\"datePublished\":\"2023-09-01T13:40:19+00:00\",\"dateModified\":\"2023-09-01T13:40:20+00:00\",\"description\":\"\u041a\u0443\u043f\u0438\u0442\u044c Razer RZ04-02890500-R3M1 Kraken X Console Headset Wired Head-band Gaming, White\/Blue \u0432 Odav Print \u260e +372 5911 9495 \u2714\ufe0f \u041b\u0443\u0447\u0448\u0430\u044f \u0446\u0435\u043d\u0430 \u043d\u0430 Razer RZ04-02890500-R3M1 Kraken X Console Headset Wired Head-band Gaming, White\/Blue \u26df \u0411\u044b\u0441\u0442\u0440\u0430\u044f \u0434\u043e\u0441\u0442\u0430\u0432\u043a\u0430 \u043f\u043e \u042d\u0441\u0442\u043e\u043d\u0438\u0438 \u2b50 \u0413\u0430\u0440\u0430\u043d\u0442\u0438\u044f\",\"breadcrumb\":{\"@id\":\"https:\/\/odavprint.ee\/ru\/product\/razer-rz04-02890500-r3m1-kraken-x-console-headset-wired-head-band-gaming-white-blue\/#breadcrumb\"},\"inLanguage\":\"ru-RU\",\"potentialAction\":[{\"@type\":\"ReadAction\",\"target\":[\"https:\/\/odavprint.ee\/ru\/product\/razer-rz04-02890500-r3m1-kraken-x-console-headset-wired-head-band-gaming-white-blue\/\"]}]},{\"@type\":\"ImageObject\",\"inLanguage\":\"ru-RU\",\"@id\":\"https:\/\/odavprint.ee\/ru\/product\/razer-rz04-02890500-r3m1-kraken-x-console-headset-wired-head-band-gaming-white-blue\/#primaryimage\",\"url\":\"https:\/\/odavprint.ee\/wp-content\/uploads\/2023\/09\/191907_a11d67f7-6812-40fa-af05-e6ca74b5379e.jpg\",\"contentUrl\":\"https:\/\/odavprint.ee\/wp-content\/uploads\/2023\/09\/191907_a11d67f7-6812-40fa-af05-e6ca74b5379e.jpg\",\"width\":667,\"height\":500},{\"@type\":\"BreadcrumbList\",\"@id\":\"https:\/\/odavprint.ee\/ru\/product\/razer-rz04-02890500-r3m1-kraken-x-console-headset-wired-head-band-gaming-white-blue\/#breadcrumb\",\"itemListElement\":[{\"@type\":\"ListItem\",\"position\":1,\"name\":\"Home\",\"item\":\"https:\/\/odavprint.ee\/ru\/%d0%b3%d0%bb%d0%b0%d0%b2%d0%bd%d0%b0%d1%8f\/\"},{\"@type\":\"ListItem\",\"position\":2,\"name\":\"\u041c\u0430\u0433\u0430\u0437\u0438\u043d\",\"item\":\"https:\/\/odavprint.ee\/ru\/shop\/\"},{\"@type\":\"ListItem\",\"position\":3,\"name\":\"Razer RZ04-02890500-R3M1 Kraken X Console Headset Wired Head-band Gaming, White\/Blue\"}]},{\"@type\":\"WebSite\",\"@id\":\"https:\/\/odavprint.ee\/ru\/#website\",\"url\":\"https:\/\/odavprint.ee\/ru\/\",\"name\":\"Odav Print\",\"description\":\"Just another WordPress site\",\"publisher\":{\"@id\":\"https:\/\/odavprint.ee\/ru\/#organization\"},\"alternateName\":\"Kassettide, toonerite t\u00e4itmine ja m\u00fc\u00fck.\",\"potentialAction\":[{\"@type\":\"SearchAction\",\"target\":{\"@type\":\"EntryPoint\",\"urlTemplate\":\"https:\/\/odavprint.ee\/ru\/?s={search_term_string}\"},\"query-input\":\"required name=search_term_string\"}],\"inLanguage\":\"ru-RU\"},{\"@type\":[\"Organization\",\"Place\"],\"@id\":\"https:\/\/odavprint.ee\/ru\/#organization\",\"name\":\"Odav Print O\u00dc\",\"url\":\"https:\/\/odavprint.ee\/ru\/\",\"logo\":{\"@id\":\"https:\/\/odavprint.ee\/ru\/product\/razer-rz04-02890500-r3m1-kraken-x-console-headset-wired-head-band-gaming-white-blue\/#local-main-organization-logo\"},\"image\":{\"@id\":\"https:\/\/odavprint.ee\/ru\/product\/razer-rz04-02890500-r3m1-kraken-x-console-headset-wired-head-band-gaming-white-blue\/#local-main-organization-logo\"},\"address\":{\"@id\":\"https:\/\/odavprint.ee\/ru\/product\/razer-rz04-02890500-r3m1-kraken-x-console-headset-wired-head-band-gaming-white-blue\/#local-main-place-address\"},\"geo\":{\"@type\":\"GeoCoordinates\",\"latitude\":\"59.4306504\",\"longitude\":\"24.8095743\"},\"telephone\":[\"53836926\"],\"openingHoursSpecification\":[{\"@type\":\"OpeningHoursSpecification\",\"dayOfWeek\":[\"Monday\",\"Tuesday\",\"Wednesday\",\"Thursday\",\"Friday\",\"Saturday\",\"Sunday\"],\"opens\":\"09:00\",\"closes\":\"17:00\"}],\"email\":\"info@odavprint.eu\"},{\"@type\":\"PostalAddress\",\"@id\":\"https:\/\/odavprint.ee\/ru\/product\/razer-rz04-02890500-r3m1-kraken-x-console-headset-wired-head-band-gaming-white-blue\/#local-main-place-address\",\"streetAddress\":\"Pae tn 28\",\"addressLocality\":\"Tallinn\",\"postalCode\":\"11415\",\"addressRegion\":\"Harjumaa\",\"addressCountry\":\"EE\"},{\"@type\":\"ImageObject\",\"inLanguage\":\"ru-RU\",\"@id\":\"https:\/\/odavprint.ee\/ru\/product\/razer-rz04-02890500-r3m1-kraken-x-console-headset-wired-head-band-gaming-white-blue\/#local-main-organization-logo\",\"url\":\"https:\/\/odavprint.ee\/wp-content\/uploads\/2018\/10\/odavprint-logo-240.jpg\",\"contentUrl\":\"https:\/\/odavprint.ee\/wp-content\/uploads\/2018\/10\/odavprint-logo-240.jpg\",\"width\":240,\"height\":36,\"caption\":\"Odav Print O\u00dc\"}]}<\/script>\n<meta property=\"product:price:amount\" content=\"70.70\" \/>\n<meta property=\"product:price:currency\" content=\"EUR\" \/>\n<meta property=\"og:availability\" content=\"out of stock\" \/>\n<meta property=\"product:availability\" content=\"out of stock\" \/>\n<meta property=\"product:retailer_item_id\" content=\"RZ04-02890500-R3M1\" \/>\n<meta property=\"product:condition\" content=\"new\" \/>\n<meta name=\"geo.placename\" content=\"Tallinn\" \/>\n<meta name=\"geo.position\" content=\"59.4306504;24.8095743\" \/>\n<meta name=\"geo.region\" content=\"\u042d\u0441\u0442\u043e\u043d\u0438\u044f\" \/>\n<!-- \/ Yoast SEO Premium plugin. -->","yoast_head_json":{"title":"Razer RZ04-02890500-R3M1 Kraken X Console Headset Wired Head-band Gaming, White\/Blue, \u043b\u0443\u0447\u0448\u0430\u044f \u0446\u0435\u043d\u0430, \u043a\u0443\u043f\u0438\u0442\u044c \u0432 \u0438\u043d\u0442\u0435\u0440\u043d\u0435\u0442-\u043c\u0430\u0433\u0430\u0437\u0438\u043d\u0435 - Odav Print","description":"\u041a\u0443\u043f\u0438\u0442\u044c Razer RZ04-02890500-R3M1 Kraken X Console Headset Wired Head-band Gaming, White\/Blue \u0432 Odav Print \u260e +372 5911 9495 \u2714\ufe0f \u041b\u0443\u0447\u0448\u0430\u044f \u0446\u0435\u043d\u0430 \u043d\u0430 Razer RZ04-02890500-R3M1 Kraken X Console Headset Wired Head-band Gaming, White\/Blue \u26df \u0411\u044b\u0441\u0442\u0440\u0430\u044f \u0434\u043e\u0441\u0442\u0430\u0432\u043a\u0430 \u043f\u043e \u042d\u0441\u0442\u043e\u043d\u0438\u0438 \u2b50 \u0413\u0430\u0440\u0430\u043d\u0442\u0438\u044f","robots":{"index":"index","follow":"follow","max-snippet":"max-snippet:-1","max-image-preview":"max-image-preview:large","max-video-preview":"max-video-preview:-1"},"canonical":"https:\/\/odavprint.ee\/ru\/product\/razer-rz04-02890500-r3m1-kraken-x-console-headset-wired-head-band-gaming-white-blue\/","og_locale":"ru_RU","og_type":"article","og_title":"Razer RZ04-02890500-R3M1 Kraken X Console Headset Wired Head-band Gaming, White\/Blue","og_description":"\u041a\u0443\u043f\u0438\u0442\u044c Razer RZ04-02890500-R3M1 Kraken X Console Headset Wired Head-band Gaming, White\/Blue \u0432 Odav Print \u260e +372 5911 9495 \u2714\ufe0f \u041b\u0443\u0447\u0448\u0430\u044f \u0446\u0435\u043d\u0430 \u043d\u0430 Razer RZ04-02890500-R3M1 Kraken X Console Headset Wired Head-band Gaming, White\/Blue \u26df \u0411\u044b\u0441\u0442\u0440\u0430\u044f \u0434\u043e\u0441\u0442\u0430\u0432\u043a\u0430 \u043f\u043e \u042d\u0441\u0442\u043e\u043d\u0438\u0438 \u2b50 \u0413\u0430\u0440\u0430\u043d\u0442\u0438\u044f","og_url":"https:\/\/odavprint.ee\/ru\/product\/razer-rz04-02890500-r3m1-kraken-x-console-headset-wired-head-band-gaming-white-blue\/","og_site_name":"Odav Print","article_modified_time":"2023-09-01T13:40:20+00:00","og_image":[{"width":667,"height":500,"url":"https:\/\/odavprint.ee\/wp-content\/uploads\/2023\/09\/191907_a11d67f7-6812-40fa-af05-e6ca74b5379e.jpg","type":"image\/jpeg"}],"twitter_card":"summary_large_image","twitter_misc":{"\u0426\u0435\u043d\u0430":"&euro;70.70","\u0414\u043e\u0441\u0442\u0443\u043f\u043d\u043e\u0441\u0442\u044c":"\u0420\u0430\u0441\u043f\u0440\u043e\u0434\u0430\u043d\u043e"},"schema":{"@context":"https:\/\/schema.org","@graph":[{"@type":["WebPage","ItemPage"],"@id":"https:\/\/odavprint.ee\/ru\/product\/razer-rz04-02890500-r3m1-kraken-x-console-headset-wired-head-band-gaming-white-blue\/","url":"https:\/\/odavprint.ee\/ru\/product\/razer-rz04-02890500-r3m1-kraken-x-console-headset-wired-head-band-gaming-white-blue\/","name":"Razer RZ04-02890500-R3M1 Kraken X Console Headset Wired Head-band Gaming, White\/Blue, \u043b\u0443\u0447\u0448\u0430\u044f \u0446\u0435\u043d\u0430, \u043a\u0443\u043f\u0438\u0442\u044c \u0432 \u0438\u043d\u0442\u0435\u0440\u043d\u0435\u0442-\u043c\u0430\u0433\u0430\u0437\u0438\u043d\u0435 - Odav Print","isPartOf":{"@id":"https:\/\/odavprint.ee\/ru\/#website"},"primaryImageOfPage":{"@id":"https:\/\/odavprint.ee\/ru\/product\/razer-rz04-02890500-r3m1-kraken-x-console-headset-wired-head-band-gaming-white-blue\/#primaryimage"},"image":{"@id":"https:\/\/odavprint.ee\/ru\/product\/razer-rz04-02890500-r3m1-kraken-x-console-headset-wired-head-band-gaming-white-blue\/#primaryimage"},"thumbnailUrl":"https:\/\/odavprint.ee\/wp-content\/uploads\/2023\/09\/191907_a11d67f7-6812-40fa-af05-e6ca74b5379e.jpg","datePublished":"2023-09-01T13:40:19+00:00","dateModified":"2023-09-01T13:40:20+00:00","description":"\u041a\u0443\u043f\u0438\u0442\u044c Razer RZ04-02890500-R3M1 Kraken X Console Headset Wired Head-band Gaming, White\/Blue \u0432 Odav Print \u260e +372 5911 9495 \u2714\ufe0f \u041b\u0443\u0447\u0448\u0430\u044f \u0446\u0435\u043d\u0430 \u043d\u0430 Razer RZ04-02890500-R3M1 Kraken X Console Headset Wired Head-band Gaming, White\/Blue \u26df \u0411\u044b\u0441\u0442\u0440\u0430\u044f \u0434\u043e\u0441\u0442\u0430\u0432\u043a\u0430 \u043f\u043e \u042d\u0441\u0442\u043e\u043d\u0438\u0438 \u2b50 \u0413\u0430\u0440\u0430\u043d\u0442\u0438\u044f","breadcrumb":{"@id":"https:\/\/odavprint.ee\/ru\/product\/razer-rz04-02890500-r3m1-kraken-x-console-headset-wired-head-band-gaming-white-blue\/#breadcrumb"},"inLanguage":"ru-RU","potentialAction":[{"@type":"ReadAction","target":["https:\/\/odavprint.ee\/ru\/product\/razer-rz04-02890500-r3m1-kraken-x-console-headset-wired-head-band-gaming-white-blue\/"]}]},{"@type":"ImageObject","inLanguage":"ru-RU","@id":"https:\/\/odavprint.ee\/ru\/product\/razer-rz04-02890500-r3m1-kraken-x-console-headset-wired-head-band-gaming-white-blue\/#primaryimage","url":"https:\/\/odavprint.ee\/wp-content\/uploads\/2023\/09\/191907_a11d67f7-6812-40fa-af05-e6ca74b5379e.jpg","contentUrl":"https:\/\/odavprint.ee\/wp-content\/uploads\/2023\/09\/191907_a11d67f7-6812-40fa-af05-e6ca74b5379e.jpg","width":667,"height":500},{"@type":"BreadcrumbList","@id":"https:\/\/odavprint.ee\/ru\/product\/razer-rz04-02890500-r3m1-kraken-x-console-headset-wired-head-band-gaming-white-blue\/#breadcrumb","itemListElement":[{"@type":"ListItem","position":1,"name":"Home","item":"https:\/\/odavprint.ee\/ru\/%d0%b3%d0%bb%d0%b0%d0%b2%d0%bd%d0%b0%d1%8f\/"},{"@type":"ListItem","position":2,"name":"\u041c\u0430\u0433\u0430\u0437\u0438\u043d","item":"https:\/\/odavprint.ee\/ru\/shop\/"},{"@type":"ListItem","position":3,"name":"Razer RZ04-02890500-R3M1 Kraken X Console Headset Wired Head-band Gaming, White\/Blue"}]},{"@type":"WebSite","@id":"https:\/\/odavprint.ee\/ru\/#website","url":"https:\/\/odavprint.ee\/ru\/","name":"Odav Print","description":"Just another WordPress site","publisher":{"@id":"https:\/\/odavprint.ee\/ru\/#organization"},"alternateName":"Kassettide, toonerite t\u00e4itmine ja m\u00fc\u00fck.","potentialAction":[{"@type":"SearchAction","target":{"@type":"EntryPoint","urlTemplate":"https:\/\/odavprint.ee\/ru\/?s={search_term_string}"},"query-input":"required name=search_term_string"}],"inLanguage":"ru-RU"},{"@type":["Organization","Place"],"@id":"https:\/\/odavprint.ee\/ru\/#organization","name":"Odav Print O\u00dc","url":"https:\/\/odavprint.ee\/ru\/","logo":{"@id":"https:\/\/odavprint.ee\/ru\/product\/razer-rz04-02890500-r3m1-kraken-x-console-headset-wired-head-band-gaming-white-blue\/#local-main-organization-logo"},"image":{"@id":"https:\/\/odavprint.ee\/ru\/product\/razer-rz04-02890500-r3m1-kraken-x-console-headset-wired-head-band-gaming-white-blue\/#local-main-organization-logo"},"address":{"@id":"https:\/\/odavprint.ee\/ru\/product\/razer-rz04-02890500-r3m1-kraken-x-console-headset-wired-head-band-gaming-white-blue\/#local-main-place-address"},"geo":{"@type":"GeoCoordinates","latitude":"59.4306504","longitude":"24.8095743"},"telephone":["53836926"],"openingHoursSpecification":[{"@type":"OpeningHoursSpecification","dayOfWeek":["Monday","Tuesday","Wednesday","Thursday","Friday","Saturday","Sunday"],"opens":"09:00","closes":"17:00"}],"email":"info@odavprint.eu"},{"@type":"PostalAddress","@id":"https:\/\/odavprint.ee\/ru\/product\/razer-rz04-02890500-r3m1-kraken-x-console-headset-wired-head-band-gaming-white-blue\/#local-main-place-address","streetAddress":"Pae tn 28","addressLocality":"Tallinn","postalCode":"11415","addressRegion":"Harjumaa","addressCountry":"EE"},{"@type":"ImageObject","inLanguage":"ru-RU","@id":"https:\/\/odavprint.ee\/ru\/product\/razer-rz04-02890500-r3m1-kraken-x-console-headset-wired-head-band-gaming-white-blue\/#local-main-organization-logo","url":"https:\/\/odavprint.ee\/wp-content\/uploads\/2018\/10\/odavprint-logo-240.jpg","contentUrl":"https:\/\/odavprint.ee\/wp-content\/uploads\/2018\/10\/odavprint-logo-240.jpg","width":240,"height":36,"caption":"Odav Print O\u00dc"}]},"product_price_amount":"70.70","product_price_currency":"EUR","og_availability":"out of stock","product_availability":"out of stock","product_retailer_item_id":"RZ04-02890500-R3M1","product_condition":"new","geo.placename":"Tallinn","geo.position":{"lat":"59.4306504","long":"24.8095743"},"geo.region":"\u042d\u0441\u0442\u043e\u043d\u0438\u044f"},"_links":{"self":[{"href":"https:\/\/odavprint.ee\/ru\/wp-json\/wp\/v2\/product\/191907"}],"collection":[{"href":"https:\/\/odavprint.ee\/ru\/wp-json\/wp\/v2\/product"}],"about":[{"href":"https:\/\/odavprint.ee\/ru\/wp-json\/wp\/v2\/types\/product"}],"wp:featuredmedia":[{"embeddable":true,"href":"https:\/\/odavprint.ee\/ru\/wp-json\/wp\/v2\/media\/191908"}],"wp:attachment":[{"href":"https:\/\/odavprint.ee\/ru\/wp-json\/wp\/v2\/media?parent=191907"}],"wp:term":[{"taxonomy":"product_cat","embeddable":true,"href":"https:\/\/odavprint.ee\/ru\/wp-json\/wp\/v2\/product_cat?post=191907"},{"taxonomy":"product_tag","embeddable":true,"href":"https:\/\/odavprint.ee\/ru\/wp-json\/wp\/v2\/product_tag?post=191907"}],"curies":[{"name":"wp","href":"https:\/\/api.w.org\/{rel}","templated":true}]}}