{"id":191917,"date":"2023-09-01T16:40:22","date_gmt":"2023-09-01T13:40:22","guid":{"rendered":"https:\/\/odavprint.ee\/product\/jabra-evolve-75-se-uc-stereo-wireless-bluetooth-headset-no-stand-usb-a\/"},"modified":"2023-09-01T16:40:22","modified_gmt":"2023-09-01T13:40:22","slug":"jabra-evolve-75-se-uc-stereo-wireless-bluetooth-headset-no-stand-usb-a","status":"publish","type":"product","link":"https:\/\/odavprint.ee\/ru\/product\/jabra-evolve-75-se-uc-stereo-wireless-bluetooth-headset-no-stand-usb-a\/","title":{"rendered":"Jabra Evolve 75 SE UC Stereo Wireless Bluetooth Headset, No Stand, USB-A"},"content":{"rendered":"<p>The Evolve 75 is a wireless headset with superior active noise-cancellation and integrated busylight to enhance your productivity. Dual connectivity to two Bluetooth\u00ae devices allows you to take calls and listen to music from the same headset, giving you extra freedom to move 30m away from your smartphone and\/or PC.  Engineered for concentration in the office, the Evolve 75 is a wireless premium headset for professionals who want to avoid disruptive noise \u2013 and need mobility around the workspace. Move up to 30m away from your connected device, all-day comfort, an integrated busylight and certified for Skype for Business, Cisco and more.<\/p>\n","protected":false},"excerpt":{"rendered":"<p>The Evolve 75 is a wireless headset with superior active noise-cancellation and integrated busylight to enhance your productivity. Dual connectivity to two Bluetooth\u00ae devices allows you to take calls and listen to music from the same headset, giving you extra freedom to move 30m away from your smartphone and\/or PC. Engineered for concentration in the [&#8230;]\n","protected":false},"featured_media":191918,"template":"","meta":{"inline_featured_image":false},"product_cat":[17210],"product_tag":[],"yoast_head":"<!-- This site is optimized with the Yoast SEO Premium plugin v23.0 (Yoast SEO v23.0) - https:\/\/yoast.com\/wordpress\/plugins\/seo\/ -->\n<title>Jabra Evolve 75 SE UC Stereo Wireless Bluetooth Headset, No Stand, USB-A, \u043b\u0443\u0447\u0448\u0430\u044f \u0446\u0435\u043d\u0430, \u043a\u0443\u043f\u0438\u0442\u044c \u0432 \u0438\u043d\u0442\u0435\u0440\u043d\u0435\u0442-\u043c\u0430\u0433\u0430\u0437\u0438\u043d\u0435 - Odav Print<\/title>\n<meta name=\"description\" content=\"\u041a\u0443\u043f\u0438\u0442\u044c Jabra Evolve 75 SE UC Stereo Wireless Bluetooth Headset, No Stand, USB-A \u0432 Odav Print \u260e +372 5911 9495 \u2714\ufe0f \u041b\u0443\u0447\u0448\u0430\u044f \u0446\u0435\u043d\u0430 \u043d\u0430 Jabra Evolve 75 SE UC Stereo Wireless Bluetooth Headset, No Stand, USB-A \u26df \u0411\u044b\u0441\u0442\u0440\u0430\u044f \u0434\u043e\u0441\u0442\u0430\u0432\u043a\u0430 \u043f\u043e \u042d\u0441\u0442\u043e\u043d\u0438\u0438 \u2b50 \u0413\u0430\u0440\u0430\u043d\u0442\u0438\u044f\" \/>\n<meta name=\"robots\" content=\"index, follow, max-snippet:-1, max-image-preview:large, max-video-preview:-1\" \/>\n<link rel=\"canonical\" href=\"https:\/\/odavprint.ee\/ru\/product\/jabra-evolve-75-se-uc-stereo-wireless-bluetooth-headset-no-stand-usb-a\/\" \/>\n<meta property=\"og:locale\" content=\"ru_RU\" \/>\n<meta property=\"og:type\" content=\"article\" \/>\n<meta property=\"og:title\" content=\"Jabra Evolve 75 SE UC Stereo Wireless Bluetooth Headset, No Stand, USB-A\" \/>\n<meta property=\"og:description\" content=\"\u041a\u0443\u043f\u0438\u0442\u044c Jabra Evolve 75 SE UC Stereo Wireless Bluetooth Headset, No Stand, USB-A \u0432 Odav Print \u260e +372 5911 9495 \u2714\ufe0f \u041b\u0443\u0447\u0448\u0430\u044f \u0446\u0435\u043d\u0430 \u043d\u0430 Jabra Evolve 75 SE UC Stereo Wireless Bluetooth Headset, No Stand, USB-A \u26df \u0411\u044b\u0441\u0442\u0440\u0430\u044f \u0434\u043e\u0441\u0442\u0430\u0432\u043a\u0430 \u043f\u043e \u042d\u0441\u0442\u043e\u043d\u0438\u0438 \u2b50 \u0413\u0430\u0440\u0430\u043d\u0442\u0438\u044f\" \/>\n<meta property=\"og:url\" content=\"https:\/\/odavprint.ee\/ru\/product\/jabra-evolve-75-se-uc-stereo-wireless-bluetooth-headset-no-stand-usb-a\/\" \/>\n<meta property=\"og:site_name\" content=\"Odav Print\" \/>\n<meta property=\"og:image\" content=\"https:\/\/odavprint.ee\/wp-content\/uploads\/2023\/09\/191917_e3f5ac03-e0d3-4bb2-88e1-a3c0e4d83421.jpg\" \/>\n\t<meta property=\"og:image:width\" content=\"500\" \/>\n\t<meta property=\"og:image:height\" content=\"500\" \/>\n\t<meta property=\"og:image:type\" content=\"image\/jpeg\" \/>\n<meta name=\"twitter:card\" content=\"summary_large_image\" \/>\n<meta name=\"twitter:label1\" content=\"\u0426\u0435\u043d\u0430\" \/>\n\t<meta name=\"twitter:data1\" content=\"&euro;310.70\" \/>\n\t<meta name=\"twitter:label2\" content=\"\u0414\u043e\u0441\u0442\u0443\u043f\u043d\u043e\u0441\u0442\u044c\" \/>\n\t<meta name=\"twitter:data2\" content=\"\u0420\u0430\u0441\u043f\u0440\u043e\u0434\u0430\u043d\u043e\" \/>\n<script type=\"application\/ld+json\" class=\"yoast-schema-graph\">{\"@context\":\"https:\/\/schema.org\",\"@graph\":[{\"@type\":[\"WebPage\",\"ItemPage\"],\"@id\":\"https:\/\/odavprint.ee\/ru\/product\/jabra-evolve-75-se-uc-stereo-wireless-bluetooth-headset-no-stand-usb-a\/\",\"url\":\"https:\/\/odavprint.ee\/ru\/product\/jabra-evolve-75-se-uc-stereo-wireless-bluetooth-headset-no-stand-usb-a\/\",\"name\":\"Jabra Evolve 75 SE UC Stereo Wireless Bluetooth Headset, No Stand, USB-A, \u043b\u0443\u0447\u0448\u0430\u044f \u0446\u0435\u043d\u0430, \u043a\u0443\u043f\u0438\u0442\u044c \u0432 \u0438\u043d\u0442\u0435\u0440\u043d\u0435\u0442-\u043c\u0430\u0433\u0430\u0437\u0438\u043d\u0435 - Odav Print\",\"isPartOf\":{\"@id\":\"https:\/\/odavprint.ee\/ru\/#website\"},\"primaryImageOfPage\":{\"@id\":\"https:\/\/odavprint.ee\/ru\/product\/jabra-evolve-75-se-uc-stereo-wireless-bluetooth-headset-no-stand-usb-a\/#primaryimage\"},\"image\":{\"@id\":\"https:\/\/odavprint.ee\/ru\/product\/jabra-evolve-75-se-uc-stereo-wireless-bluetooth-headset-no-stand-usb-a\/#primaryimage\"},\"thumbnailUrl\":\"https:\/\/odavprint.ee\/wp-content\/uploads\/2023\/09\/191917_e3f5ac03-e0d3-4bb2-88e1-a3c0e4d83421.jpg\",\"datePublished\":\"2023-09-01T13:40:22+00:00\",\"dateModified\":\"2023-09-01T13:40:22+00:00\",\"description\":\"\u041a\u0443\u043f\u0438\u0442\u044c Jabra Evolve 75 SE UC Stereo Wireless Bluetooth Headset, No Stand, USB-A \u0432 Odav Print \u260e +372 5911 9495 \u2714\ufe0f \u041b\u0443\u0447\u0448\u0430\u044f \u0446\u0435\u043d\u0430 \u043d\u0430 Jabra Evolve 75 SE UC Stereo Wireless Bluetooth Headset, No Stand, USB-A \u26df \u0411\u044b\u0441\u0442\u0440\u0430\u044f \u0434\u043e\u0441\u0442\u0430\u0432\u043a\u0430 \u043f\u043e \u042d\u0441\u0442\u043e\u043d\u0438\u0438 \u2b50 \u0413\u0430\u0440\u0430\u043d\u0442\u0438\u044f\",\"breadcrumb\":{\"@id\":\"https:\/\/odavprint.ee\/ru\/product\/jabra-evolve-75-se-uc-stereo-wireless-bluetooth-headset-no-stand-usb-a\/#breadcrumb\"},\"inLanguage\":\"ru-RU\",\"potentialAction\":[{\"@type\":\"ReadAction\",\"target\":[\"https:\/\/odavprint.ee\/ru\/product\/jabra-evolve-75-se-uc-stereo-wireless-bluetooth-headset-no-stand-usb-a\/\"]}]},{\"@type\":\"ImageObject\",\"inLanguage\":\"ru-RU\",\"@id\":\"https:\/\/odavprint.ee\/ru\/product\/jabra-evolve-75-se-uc-stereo-wireless-bluetooth-headset-no-stand-usb-a\/#primaryimage\",\"url\":\"https:\/\/odavprint.ee\/wp-content\/uploads\/2023\/09\/191917_e3f5ac03-e0d3-4bb2-88e1-a3c0e4d83421.jpg\",\"contentUrl\":\"https:\/\/odavprint.ee\/wp-content\/uploads\/2023\/09\/191917_e3f5ac03-e0d3-4bb2-88e1-a3c0e4d83421.jpg\",\"width\":500,\"height\":500},{\"@type\":\"BreadcrumbList\",\"@id\":\"https:\/\/odavprint.ee\/ru\/product\/jabra-evolve-75-se-uc-stereo-wireless-bluetooth-headset-no-stand-usb-a\/#breadcrumb\",\"itemListElement\":[{\"@type\":\"ListItem\",\"position\":1,\"name\":\"Home\",\"item\":\"https:\/\/odavprint.ee\/ru\/%d0%b3%d0%bb%d0%b0%d0%b2%d0%bd%d0%b0%d1%8f\/\"},{\"@type\":\"ListItem\",\"position\":2,\"name\":\"\u041c\u0430\u0433\u0430\u0437\u0438\u043d\",\"item\":\"https:\/\/odavprint.ee\/ru\/shop\/\"},{\"@type\":\"ListItem\",\"position\":3,\"name\":\"Jabra Evolve 75 SE UC Stereo Wireless Bluetooth Headset, No Stand, USB-A\"}]},{\"@type\":\"WebSite\",\"@id\":\"https:\/\/odavprint.ee\/ru\/#website\",\"url\":\"https:\/\/odavprint.ee\/ru\/\",\"name\":\"Odav Print\",\"description\":\"Just another WordPress site\",\"publisher\":{\"@id\":\"https:\/\/odavprint.ee\/ru\/#organization\"},\"alternateName\":\"Kassettide, toonerite t\u00e4itmine ja m\u00fc\u00fck.\",\"potentialAction\":[{\"@type\":\"SearchAction\",\"target\":{\"@type\":\"EntryPoint\",\"urlTemplate\":\"https:\/\/odavprint.ee\/ru\/?s={search_term_string}\"},\"query-input\":\"required name=search_term_string\"}],\"inLanguage\":\"ru-RU\"},{\"@type\":[\"Organization\",\"Place\"],\"@id\":\"https:\/\/odavprint.ee\/ru\/#organization\",\"name\":\"Odav Print O\u00dc\",\"url\":\"https:\/\/odavprint.ee\/ru\/\",\"logo\":{\"@id\":\"https:\/\/odavprint.ee\/ru\/product\/jabra-evolve-75-se-uc-stereo-wireless-bluetooth-headset-no-stand-usb-a\/#local-main-organization-logo\"},\"image\":{\"@id\":\"https:\/\/odavprint.ee\/ru\/product\/jabra-evolve-75-se-uc-stereo-wireless-bluetooth-headset-no-stand-usb-a\/#local-main-organization-logo\"},\"address\":{\"@id\":\"https:\/\/odavprint.ee\/ru\/product\/jabra-evolve-75-se-uc-stereo-wireless-bluetooth-headset-no-stand-usb-a\/#local-main-place-address\"},\"geo\":{\"@type\":\"GeoCoordinates\",\"latitude\":\"59.4306504\",\"longitude\":\"24.8095743\"},\"telephone\":[\"53836926\"],\"openingHoursSpecification\":[{\"@type\":\"OpeningHoursSpecification\",\"dayOfWeek\":[\"Monday\",\"Tuesday\",\"Wednesday\",\"Thursday\",\"Friday\",\"Saturday\",\"Sunday\"],\"opens\":\"09:00\",\"closes\":\"17:00\"}],\"email\":\"info@odavprint.eu\"},{\"@type\":\"PostalAddress\",\"@id\":\"https:\/\/odavprint.ee\/ru\/product\/jabra-evolve-75-se-uc-stereo-wireless-bluetooth-headset-no-stand-usb-a\/#local-main-place-address\",\"streetAddress\":\"Pae tn 28\",\"addressLocality\":\"Tallinn\",\"postalCode\":\"11415\",\"addressRegion\":\"Harjumaa\",\"addressCountry\":\"EE\"},{\"@type\":\"ImageObject\",\"inLanguage\":\"ru-RU\",\"@id\":\"https:\/\/odavprint.ee\/ru\/product\/jabra-evolve-75-se-uc-stereo-wireless-bluetooth-headset-no-stand-usb-a\/#local-main-organization-logo\",\"url\":\"https:\/\/odavprint.ee\/wp-content\/uploads\/2018\/10\/odavprint-logo-240.jpg\",\"contentUrl\":\"https:\/\/odavprint.ee\/wp-content\/uploads\/2018\/10\/odavprint-logo-240.jpg\",\"width\":240,\"height\":36,\"caption\":\"Odav Print O\u00dc\"}]}<\/script>\n<meta property=\"product:price:amount\" content=\"310.70\" \/>\n<meta property=\"product:price:currency\" content=\"EUR\" \/>\n<meta property=\"og:availability\" content=\"out of stock\" \/>\n<meta property=\"product:availability\" content=\"out of stock\" \/>\n<meta property=\"product:retailer_item_id\" content=\"7599-848-109\" \/>\n<meta property=\"product:condition\" content=\"new\" \/>\n<meta name=\"geo.placename\" content=\"Tallinn\" \/>\n<meta name=\"geo.position\" content=\"59.4306504;24.8095743\" \/>\n<meta name=\"geo.region\" content=\"\u042d\u0441\u0442\u043e\u043d\u0438\u044f\" \/>\n<!-- \/ Yoast SEO Premium plugin. -->","yoast_head_json":{"title":"Jabra Evolve 75 SE UC Stereo Wireless Bluetooth Headset, No Stand, USB-A, \u043b\u0443\u0447\u0448\u0430\u044f \u0446\u0435\u043d\u0430, \u043a\u0443\u043f\u0438\u0442\u044c \u0432 \u0438\u043d\u0442\u0435\u0440\u043d\u0435\u0442-\u043c\u0430\u0433\u0430\u0437\u0438\u043d\u0435 - Odav Print","description":"\u041a\u0443\u043f\u0438\u0442\u044c Jabra Evolve 75 SE UC Stereo Wireless Bluetooth Headset, No Stand, USB-A \u0432 Odav Print \u260e +372 5911 9495 \u2714\ufe0f \u041b\u0443\u0447\u0448\u0430\u044f \u0446\u0435\u043d\u0430 \u043d\u0430 Jabra Evolve 75 SE UC Stereo Wireless Bluetooth Headset, No Stand, USB-A \u26df \u0411\u044b\u0441\u0442\u0440\u0430\u044f \u0434\u043e\u0441\u0442\u0430\u0432\u043a\u0430 \u043f\u043e \u042d\u0441\u0442\u043e\u043d\u0438\u0438 \u2b50 \u0413\u0430\u0440\u0430\u043d\u0442\u0438\u044f","robots":{"index":"index","follow":"follow","max-snippet":"max-snippet:-1","max-image-preview":"max-image-preview:large","max-video-preview":"max-video-preview:-1"},"canonical":"https:\/\/odavprint.ee\/ru\/product\/jabra-evolve-75-se-uc-stereo-wireless-bluetooth-headset-no-stand-usb-a\/","og_locale":"ru_RU","og_type":"article","og_title":"Jabra Evolve 75 SE UC Stereo Wireless Bluetooth Headset, No Stand, USB-A","og_description":"\u041a\u0443\u043f\u0438\u0442\u044c Jabra Evolve 75 SE UC Stereo Wireless Bluetooth Headset, No Stand, USB-A \u0432 Odav Print \u260e +372 5911 9495 \u2714\ufe0f \u041b\u0443\u0447\u0448\u0430\u044f \u0446\u0435\u043d\u0430 \u043d\u0430 Jabra Evolve 75 SE UC Stereo Wireless Bluetooth Headset, No Stand, USB-A \u26df \u0411\u044b\u0441\u0442\u0440\u0430\u044f \u0434\u043e\u0441\u0442\u0430\u0432\u043a\u0430 \u043f\u043e \u042d\u0441\u0442\u043e\u043d\u0438\u0438 \u2b50 \u0413\u0430\u0440\u0430\u043d\u0442\u0438\u044f","og_url":"https:\/\/odavprint.ee\/ru\/product\/jabra-evolve-75-se-uc-stereo-wireless-bluetooth-headset-no-stand-usb-a\/","og_site_name":"Odav Print","og_image":[{"width":500,"height":500,"url":"https:\/\/odavprint.ee\/wp-content\/uploads\/2023\/09\/191917_e3f5ac03-e0d3-4bb2-88e1-a3c0e4d83421.jpg","type":"image\/jpeg"}],"twitter_card":"summary_large_image","twitter_misc":{"\u0426\u0435\u043d\u0430":"&euro;310.70","\u0414\u043e\u0441\u0442\u0443\u043f\u043d\u043e\u0441\u0442\u044c":"\u0420\u0430\u0441\u043f\u0440\u043e\u0434\u0430\u043d\u043e"},"schema":{"@context":"https:\/\/schema.org","@graph":[{"@type":["WebPage","ItemPage"],"@id":"https:\/\/odavprint.ee\/ru\/product\/jabra-evolve-75-se-uc-stereo-wireless-bluetooth-headset-no-stand-usb-a\/","url":"https:\/\/odavprint.ee\/ru\/product\/jabra-evolve-75-se-uc-stereo-wireless-bluetooth-headset-no-stand-usb-a\/","name":"Jabra Evolve 75 SE UC Stereo Wireless Bluetooth Headset, No Stand, USB-A, \u043b\u0443\u0447\u0448\u0430\u044f \u0446\u0435\u043d\u0430, \u043a\u0443\u043f\u0438\u0442\u044c \u0432 \u0438\u043d\u0442\u0435\u0440\u043d\u0435\u0442-\u043c\u0430\u0433\u0430\u0437\u0438\u043d\u0435 - Odav Print","isPartOf":{"@id":"https:\/\/odavprint.ee\/ru\/#website"},"primaryImageOfPage":{"@id":"https:\/\/odavprint.ee\/ru\/product\/jabra-evolve-75-se-uc-stereo-wireless-bluetooth-headset-no-stand-usb-a\/#primaryimage"},"image":{"@id":"https:\/\/odavprint.ee\/ru\/product\/jabra-evolve-75-se-uc-stereo-wireless-bluetooth-headset-no-stand-usb-a\/#primaryimage"},"thumbnailUrl":"https:\/\/odavprint.ee\/wp-content\/uploads\/2023\/09\/191917_e3f5ac03-e0d3-4bb2-88e1-a3c0e4d83421.jpg","datePublished":"2023-09-01T13:40:22+00:00","dateModified":"2023-09-01T13:40:22+00:00","description":"\u041a\u0443\u043f\u0438\u0442\u044c Jabra Evolve 75 SE UC Stereo Wireless Bluetooth Headset, No Stand, USB-A \u0432 Odav Print \u260e +372 5911 9495 \u2714\ufe0f \u041b\u0443\u0447\u0448\u0430\u044f \u0446\u0435\u043d\u0430 \u043d\u0430 Jabra Evolve 75 SE UC Stereo Wireless Bluetooth Headset, No Stand, USB-A \u26df \u0411\u044b\u0441\u0442\u0440\u0430\u044f \u0434\u043e\u0441\u0442\u0430\u0432\u043a\u0430 \u043f\u043e \u042d\u0441\u0442\u043e\u043d\u0438\u0438 \u2b50 \u0413\u0430\u0440\u0430\u043d\u0442\u0438\u044f","breadcrumb":{"@id":"https:\/\/odavprint.ee\/ru\/product\/jabra-evolve-75-se-uc-stereo-wireless-bluetooth-headset-no-stand-usb-a\/#breadcrumb"},"inLanguage":"ru-RU","potentialAction":[{"@type":"ReadAction","target":["https:\/\/odavprint.ee\/ru\/product\/jabra-evolve-75-se-uc-stereo-wireless-bluetooth-headset-no-stand-usb-a\/"]}]},{"@type":"ImageObject","inLanguage":"ru-RU","@id":"https:\/\/odavprint.ee\/ru\/product\/jabra-evolve-75-se-uc-stereo-wireless-bluetooth-headset-no-stand-usb-a\/#primaryimage","url":"https:\/\/odavprint.ee\/wp-content\/uploads\/2023\/09\/191917_e3f5ac03-e0d3-4bb2-88e1-a3c0e4d83421.jpg","contentUrl":"https:\/\/odavprint.ee\/wp-content\/uploads\/2023\/09\/191917_e3f5ac03-e0d3-4bb2-88e1-a3c0e4d83421.jpg","width":500,"height":500},{"@type":"BreadcrumbList","@id":"https:\/\/odavprint.ee\/ru\/product\/jabra-evolve-75-se-uc-stereo-wireless-bluetooth-headset-no-stand-usb-a\/#breadcrumb","itemListElement":[{"@type":"ListItem","position":1,"name":"Home","item":"https:\/\/odavprint.ee\/ru\/%d0%b3%d0%bb%d0%b0%d0%b2%d0%bd%d0%b0%d1%8f\/"},{"@type":"ListItem","position":2,"name":"\u041c\u0430\u0433\u0430\u0437\u0438\u043d","item":"https:\/\/odavprint.ee\/ru\/shop\/"},{"@type":"ListItem","position":3,"name":"Jabra Evolve 75 SE UC Stereo Wireless Bluetooth Headset, No Stand, USB-A"}]},{"@type":"WebSite","@id":"https:\/\/odavprint.ee\/ru\/#website","url":"https:\/\/odavprint.ee\/ru\/","name":"Odav Print","description":"Just another WordPress site","publisher":{"@id":"https:\/\/odavprint.ee\/ru\/#organization"},"alternateName":"Kassettide, toonerite t\u00e4itmine ja m\u00fc\u00fck.","potentialAction":[{"@type":"SearchAction","target":{"@type":"EntryPoint","urlTemplate":"https:\/\/odavprint.ee\/ru\/?s={search_term_string}"},"query-input":"required name=search_term_string"}],"inLanguage":"ru-RU"},{"@type":["Organization","Place"],"@id":"https:\/\/odavprint.ee\/ru\/#organization","name":"Odav Print O\u00dc","url":"https:\/\/odavprint.ee\/ru\/","logo":{"@id":"https:\/\/odavprint.ee\/ru\/product\/jabra-evolve-75-se-uc-stereo-wireless-bluetooth-headset-no-stand-usb-a\/#local-main-organization-logo"},"image":{"@id":"https:\/\/odavprint.ee\/ru\/product\/jabra-evolve-75-se-uc-stereo-wireless-bluetooth-headset-no-stand-usb-a\/#local-main-organization-logo"},"address":{"@id":"https:\/\/odavprint.ee\/ru\/product\/jabra-evolve-75-se-uc-stereo-wireless-bluetooth-headset-no-stand-usb-a\/#local-main-place-address"},"geo":{"@type":"GeoCoordinates","latitude":"59.4306504","longitude":"24.8095743"},"telephone":["53836926"],"openingHoursSpecification":[{"@type":"OpeningHoursSpecification","dayOfWeek":["Monday","Tuesday","Wednesday","Thursday","Friday","Saturday","Sunday"],"opens":"09:00","closes":"17:00"}],"email":"info@odavprint.eu"},{"@type":"PostalAddress","@id":"https:\/\/odavprint.ee\/ru\/product\/jabra-evolve-75-se-uc-stereo-wireless-bluetooth-headset-no-stand-usb-a\/#local-main-place-address","streetAddress":"Pae tn 28","addressLocality":"Tallinn","postalCode":"11415","addressRegion":"Harjumaa","addressCountry":"EE"},{"@type":"ImageObject","inLanguage":"ru-RU","@id":"https:\/\/odavprint.ee\/ru\/product\/jabra-evolve-75-se-uc-stereo-wireless-bluetooth-headset-no-stand-usb-a\/#local-main-organization-logo","url":"https:\/\/odavprint.ee\/wp-content\/uploads\/2018\/10\/odavprint-logo-240.jpg","contentUrl":"https:\/\/odavprint.ee\/wp-content\/uploads\/2018\/10\/odavprint-logo-240.jpg","width":240,"height":36,"caption":"Odav Print O\u00dc"}]},"product_price_amount":"310.70","product_price_currency":"EUR","og_availability":"out of stock","product_availability":"out of stock","product_retailer_item_id":"7599-848-109","product_condition":"new","geo.placename":"Tallinn","geo.position":{"lat":"59.4306504","long":"24.8095743"},"geo.region":"\u042d\u0441\u0442\u043e\u043d\u0438\u044f"},"_links":{"self":[{"href":"https:\/\/odavprint.ee\/ru\/wp-json\/wp\/v2\/product\/191917"}],"collection":[{"href":"https:\/\/odavprint.ee\/ru\/wp-json\/wp\/v2\/product"}],"about":[{"href":"https:\/\/odavprint.ee\/ru\/wp-json\/wp\/v2\/types\/product"}],"wp:featuredmedia":[{"embeddable":true,"href":"https:\/\/odavprint.ee\/ru\/wp-json\/wp\/v2\/media\/191918"}],"wp:attachment":[{"href":"https:\/\/odavprint.ee\/ru\/wp-json\/wp\/v2\/media?parent=191917"}],"wp:term":[{"taxonomy":"product_cat","embeddable":true,"href":"https:\/\/odavprint.ee\/ru\/wp-json\/wp\/v2\/product_cat?post=191917"},{"taxonomy":"product_tag","embeddable":true,"href":"https:\/\/odavprint.ee\/ru\/wp-json\/wp\/v2\/product_tag?post=191917"}],"curies":[{"name":"wp","href":"https:\/\/api.w.org\/{rel}","templated":true}]}}