{"id":191957,"date":"2023-09-01T16:40:30","date_gmt":"2023-09-01T13:40:30","guid":{"rendered":"https:\/\/odavprint.ee\/product\/razer-kraken-bt-kitty-headphones-headset-wireless-head-band-calls-music-bluetooth-pink\/"},"modified":"2023-09-01T16:40:30","modified_gmt":"2023-09-01T13:40:30","slug":"razer-kraken-bt-kitty-headphones-headset-wireless-head-band-calls-music-bluetooth-pink","status":"publish","type":"product","link":"https:\/\/odavprint.ee\/ru\/product\/razer-kraken-bt-kitty-headphones-headset-wireless-head-band-calls-music-bluetooth-pink\/","title":{"rendered":"Razer Kraken BT Kitty headphones\/headset Wireless Head-band Calls\/Music Bluetooth, Pink"},"content":{"rendered":"<p><b>THE MEOW FACTOR. NOW MOBILE.<\/b><\/p>\n<p>Be free to express your own killer kitty style with the Razer Kraken BT Kitty Edition\u2014a wireless Bluetooth headset with custom kitty ear and headset lighting along with clear sounding 40mm drivers.<\/p>\n<p>\u00a0<\/p>\n<p><b>KITTY EARS AND EARCUPS POWERED BY RAZER CHROMA RGB<\/b><\/p>\n<p>The style possibilities are endless\u2014with 16.8 million colors and a suite of lighting effects, you\u2019ll be able to customize the headset to your heart\u2019s content.<\/p>\n<p>\u00a0<\/p>\n<p><b>BLUETOOTH 5.0<\/b><\/p>\n<p>When not in Gaming Mode, its wireless connection remains just as stable and uses less power\u2014meaning the headset can last up to 20 hours with lighting on, or up to 50 hours with the lighting off.<\/p>\n<p>\u00a0<\/p>\n<p><b>40MS LOW LATENCY CONNECTION<\/b><\/p>\n<p>Activate Gaming Mode to boost the headset\u2019s wireless performance during competitive games, and be quicker to aim or react with audio and video that\u2019s even more in sync.<\/p>\n<p>\u00a0<\/p>\n<p><b>CUSTOM-TUNED 40MM DRIVERS<\/b><\/p>\n<p>At its core, the headset provides a rich audio experience that increases your gaming enjoyment, pushing out clear trebles and midrange as well as deep, impactful bass.<\/p>\n<p>\u00a0<\/p>\n<p><b>BEAMFORMING MICROPHONE<\/b><\/p>\n<p>With a sweet spot for your voice that\u2019s designed to pick up less noise from every other direction, the mic has no problems helping you sound as good as you look.<\/p>\n","protected":false},"excerpt":{"rendered":"<p>THE MEOW FACTOR. NOW MOBILE. Be free to express your own killer kitty style with the Razer Kraken BT Kitty Edition\u2014a wireless Bluetooth headset with custom kitty ear and headset lighting along with clear sounding 40mm drivers. \u00a0 KITTY EARS AND EARCUPS POWERED BY RAZER CHROMA RGB The style possibilities are endless\u2014with 16.8 million colors [&#8230;]\n","protected":false},"featured_media":191958,"template":"","meta":{"inline_featured_image":false},"product_cat":[17210],"product_tag":[],"yoast_head":"<!-- This site is optimized with the Yoast SEO Premium plugin v23.0 (Yoast SEO v23.0) - https:\/\/yoast.com\/wordpress\/plugins\/seo\/ -->\n<title>Razer Kraken BT Kitty headphones\/headset Wireless Head-band Calls\/Music Bluetooth, Pink, \u043b\u0443\u0447\u0448\u0430\u044f \u0446\u0435\u043d\u0430, \u043a\u0443\u043f\u0438\u0442\u044c \u0432 \u0438\u043d\u0442\u0435\u0440\u043d\u0435\u0442-\u043c\u0430\u0433\u0430\u0437\u0438\u043d\u0435 - Odav Print<\/title>\n<meta name=\"description\" content=\"\u041a\u0443\u043f\u0438\u0442\u044c Razer Kraken BT Kitty headphones\/headset Wireless Head-band Calls\/Music Bluetooth, Pink \u0432 Odav Print \u260e +372 5911 9495 \u2714\ufe0f \u041b\u0443\u0447\u0448\u0430\u044f \u0446\u0435\u043d\u0430 \u043d\u0430 Razer Kraken BT Kitty headphones\/headset Wireless Head-band Calls\/Music Bluetooth, Pink \u26df \u0411\u044b\u0441\u0442\u0440\u0430\u044f \u0434\u043e\u0441\u0442\u0430\u0432\u043a\u0430 \u043f\u043e \u042d\u0441\u0442\u043e\u043d\u0438\u0438 \u2b50 \u0413\u0430\u0440\u0430\u043d\u0442\u0438\u044f\" \/>\n<meta name=\"robots\" content=\"index, follow, max-snippet:-1, max-image-preview:large, max-video-preview:-1\" \/>\n<link rel=\"canonical\" href=\"https:\/\/odavprint.ee\/ru\/product\/razer-kraken-bt-kitty-headphones-headset-wireless-head-band-calls-music-bluetooth-pink\/\" \/>\n<meta property=\"og:locale\" content=\"ru_RU\" \/>\n<meta property=\"og:type\" content=\"article\" \/>\n<meta property=\"og:title\" content=\"Razer Kraken BT Kitty headphones\/headset Wireless Head-band Calls\/Music Bluetooth, Pink\" \/>\n<meta property=\"og:description\" content=\"\u041a\u0443\u043f\u0438\u0442\u044c Razer Kraken BT Kitty headphones\/headset Wireless Head-band Calls\/Music Bluetooth, Pink \u0432 Odav Print \u260e +372 5911 9495 \u2714\ufe0f \u041b\u0443\u0447\u0448\u0430\u044f \u0446\u0435\u043d\u0430 \u043d\u0430 Razer Kraken BT Kitty headphones\/headset Wireless Head-band Calls\/Music Bluetooth, Pink \u26df \u0411\u044b\u0441\u0442\u0440\u0430\u044f \u0434\u043e\u0441\u0442\u0430\u0432\u043a\u0430 \u043f\u043e \u042d\u0441\u0442\u043e\u043d\u0438\u0438 \u2b50 \u0413\u0430\u0440\u0430\u043d\u0442\u0438\u044f\" \/>\n<meta property=\"og:url\" content=\"https:\/\/odavprint.ee\/ru\/product\/razer-kraken-bt-kitty-headphones-headset-wireless-head-band-calls-music-bluetooth-pink\/\" \/>\n<meta property=\"og:site_name\" content=\"Odav Print\" \/>\n<meta property=\"og:image\" content=\"https:\/\/odavprint.ee\/wp-content\/uploads\/2023\/09\/191957_bcfb4e63-1531-4cb2-b836-25512ad803a8.jpg\" \/>\n\t<meta property=\"og:image:width\" content=\"368\" \/>\n\t<meta property=\"og:image:height\" content=\"442\" \/>\n\t<meta property=\"og:image:type\" content=\"image\/jpeg\" \/>\n<meta name=\"twitter:card\" content=\"summary_large_image\" \/>\n<meta name=\"twitter:label1\" content=\"\u0426\u0435\u043d\u0430\" \/>\n\t<meta name=\"twitter:data1\" content=\"&euro;145.10\" \/>\n\t<meta name=\"twitter:label2\" content=\"\u0414\u043e\u0441\u0442\u0443\u043f\u043d\u043e\u0441\u0442\u044c\" \/>\n\t<meta name=\"twitter:data2\" content=\"\u0420\u0430\u0441\u043f\u0440\u043e\u0434\u0430\u043d\u043e\" \/>\n<script type=\"application\/ld+json\" class=\"yoast-schema-graph\">{\"@context\":\"https:\/\/schema.org\",\"@graph\":[{\"@type\":[\"WebPage\",\"ItemPage\"],\"@id\":\"https:\/\/odavprint.ee\/ru\/product\/razer-kraken-bt-kitty-headphones-headset-wireless-head-band-calls-music-bluetooth-pink\/\",\"url\":\"https:\/\/odavprint.ee\/ru\/product\/razer-kraken-bt-kitty-headphones-headset-wireless-head-band-calls-music-bluetooth-pink\/\",\"name\":\"Razer Kraken BT Kitty headphones\/headset Wireless Head-band Calls\/Music Bluetooth, Pink, \u043b\u0443\u0447\u0448\u0430\u044f \u0446\u0435\u043d\u0430, \u043a\u0443\u043f\u0438\u0442\u044c \u0432 \u0438\u043d\u0442\u0435\u0440\u043d\u0435\u0442-\u043c\u0430\u0433\u0430\u0437\u0438\u043d\u0435 - Odav Print\",\"isPartOf\":{\"@id\":\"https:\/\/odavprint.ee\/ru\/#website\"},\"primaryImageOfPage\":{\"@id\":\"https:\/\/odavprint.ee\/ru\/product\/razer-kraken-bt-kitty-headphones-headset-wireless-head-band-calls-music-bluetooth-pink\/#primaryimage\"},\"image\":{\"@id\":\"https:\/\/odavprint.ee\/ru\/product\/razer-kraken-bt-kitty-headphones-headset-wireless-head-band-calls-music-bluetooth-pink\/#primaryimage\"},\"thumbnailUrl\":\"https:\/\/odavprint.ee\/wp-content\/uploads\/2023\/09\/191957_bcfb4e63-1531-4cb2-b836-25512ad803a8.jpg\",\"datePublished\":\"2023-09-01T13:40:30+00:00\",\"dateModified\":\"2023-09-01T13:40:30+00:00\",\"description\":\"\u041a\u0443\u043f\u0438\u0442\u044c Razer Kraken BT Kitty headphones\/headset Wireless Head-band Calls\/Music Bluetooth, Pink \u0432 Odav Print \u260e +372 5911 9495 \u2714\ufe0f \u041b\u0443\u0447\u0448\u0430\u044f \u0446\u0435\u043d\u0430 \u043d\u0430 Razer Kraken BT Kitty headphones\/headset Wireless Head-band Calls\/Music Bluetooth, Pink \u26df \u0411\u044b\u0441\u0442\u0440\u0430\u044f \u0434\u043e\u0441\u0442\u0430\u0432\u043a\u0430 \u043f\u043e \u042d\u0441\u0442\u043e\u043d\u0438\u0438 \u2b50 \u0413\u0430\u0440\u0430\u043d\u0442\u0438\u044f\",\"breadcrumb\":{\"@id\":\"https:\/\/odavprint.ee\/ru\/product\/razer-kraken-bt-kitty-headphones-headset-wireless-head-band-calls-music-bluetooth-pink\/#breadcrumb\"},\"inLanguage\":\"ru-RU\",\"potentialAction\":[{\"@type\":\"ReadAction\",\"target\":[\"https:\/\/odavprint.ee\/ru\/product\/razer-kraken-bt-kitty-headphones-headset-wireless-head-band-calls-music-bluetooth-pink\/\"]}]},{\"@type\":\"ImageObject\",\"inLanguage\":\"ru-RU\",\"@id\":\"https:\/\/odavprint.ee\/ru\/product\/razer-kraken-bt-kitty-headphones-headset-wireless-head-band-calls-music-bluetooth-pink\/#primaryimage\",\"url\":\"https:\/\/odavprint.ee\/wp-content\/uploads\/2023\/09\/191957_bcfb4e63-1531-4cb2-b836-25512ad803a8.jpg\",\"contentUrl\":\"https:\/\/odavprint.ee\/wp-content\/uploads\/2023\/09\/191957_bcfb4e63-1531-4cb2-b836-25512ad803a8.jpg\",\"width\":368,\"height\":442},{\"@type\":\"BreadcrumbList\",\"@id\":\"https:\/\/odavprint.ee\/ru\/product\/razer-kraken-bt-kitty-headphones-headset-wireless-head-band-calls-music-bluetooth-pink\/#breadcrumb\",\"itemListElement\":[{\"@type\":\"ListItem\",\"position\":1,\"name\":\"Home\",\"item\":\"https:\/\/odavprint.ee\/ru\/%d0%b3%d0%bb%d0%b0%d0%b2%d0%bd%d0%b0%d1%8f\/\"},{\"@type\":\"ListItem\",\"position\":2,\"name\":\"\u041c\u0430\u0433\u0430\u0437\u0438\u043d\",\"item\":\"https:\/\/odavprint.ee\/ru\/shop\/\"},{\"@type\":\"ListItem\",\"position\":3,\"name\":\"Razer Kraken BT Kitty headphones\/headset Wireless Head-band Calls\/Music Bluetooth, Pink\"}]},{\"@type\":\"WebSite\",\"@id\":\"https:\/\/odavprint.ee\/ru\/#website\",\"url\":\"https:\/\/odavprint.ee\/ru\/\",\"name\":\"Odav Print\",\"description\":\"Just another WordPress site\",\"publisher\":{\"@id\":\"https:\/\/odavprint.ee\/ru\/#organization\"},\"alternateName\":\"Kassettide, toonerite t\u00e4itmine ja m\u00fc\u00fck.\",\"potentialAction\":[{\"@type\":\"SearchAction\",\"target\":{\"@type\":\"EntryPoint\",\"urlTemplate\":\"https:\/\/odavprint.ee\/ru\/?s={search_term_string}\"},\"query-input\":\"required name=search_term_string\"}],\"inLanguage\":\"ru-RU\"},{\"@type\":[\"Organization\",\"Place\"],\"@id\":\"https:\/\/odavprint.ee\/ru\/#organization\",\"name\":\"Odav Print O\u00dc\",\"url\":\"https:\/\/odavprint.ee\/ru\/\",\"logo\":{\"@id\":\"https:\/\/odavprint.ee\/ru\/product\/razer-kraken-bt-kitty-headphones-headset-wireless-head-band-calls-music-bluetooth-pink\/#local-main-organization-logo\"},\"image\":{\"@id\":\"https:\/\/odavprint.ee\/ru\/product\/razer-kraken-bt-kitty-headphones-headset-wireless-head-band-calls-music-bluetooth-pink\/#local-main-organization-logo\"},\"address\":{\"@id\":\"https:\/\/odavprint.ee\/ru\/product\/razer-kraken-bt-kitty-headphones-headset-wireless-head-band-calls-music-bluetooth-pink\/#local-main-place-address\"},\"geo\":{\"@type\":\"GeoCoordinates\",\"latitude\":\"59.4306504\",\"longitude\":\"24.8095743\"},\"telephone\":[\"53836926\"],\"openingHoursSpecification\":[{\"@type\":\"OpeningHoursSpecification\",\"dayOfWeek\":[\"Monday\",\"Tuesday\",\"Wednesday\",\"Thursday\",\"Friday\",\"Saturday\",\"Sunday\"],\"opens\":\"09:00\",\"closes\":\"17:00\"}],\"email\":\"info@odavprint.eu\"},{\"@type\":\"PostalAddress\",\"@id\":\"https:\/\/odavprint.ee\/ru\/product\/razer-kraken-bt-kitty-headphones-headset-wireless-head-band-calls-music-bluetooth-pink\/#local-main-place-address\",\"streetAddress\":\"Pae tn 28\",\"addressLocality\":\"Tallinn\",\"postalCode\":\"11415\",\"addressRegion\":\"Harjumaa\",\"addressCountry\":\"EE\"},{\"@type\":\"ImageObject\",\"inLanguage\":\"ru-RU\",\"@id\":\"https:\/\/odavprint.ee\/ru\/product\/razer-kraken-bt-kitty-headphones-headset-wireless-head-band-calls-music-bluetooth-pink\/#local-main-organization-logo\",\"url\":\"https:\/\/odavprint.ee\/wp-content\/uploads\/2018\/10\/odavprint-logo-240.jpg\",\"contentUrl\":\"https:\/\/odavprint.ee\/wp-content\/uploads\/2018\/10\/odavprint-logo-240.jpg\",\"width\":240,\"height\":36,\"caption\":\"Odav Print O\u00dc\"}]}<\/script>\n<meta property=\"product:price:amount\" content=\"145.10\" \/>\n<meta property=\"product:price:currency\" content=\"EUR\" \/>\n<meta property=\"og:availability\" content=\"out of stock\" \/>\n<meta property=\"product:availability\" content=\"out of stock\" \/>\n<meta property=\"product:retailer_item_id\" content=\"RZ04-03520100-R3M1\" \/>\n<meta property=\"product:condition\" content=\"new\" \/>\n<meta name=\"geo.placename\" content=\"Tallinn\" \/>\n<meta name=\"geo.position\" content=\"59.4306504;24.8095743\" \/>\n<meta name=\"geo.region\" content=\"\u042d\u0441\u0442\u043e\u043d\u0438\u044f\" \/>\n<!-- \/ Yoast SEO Premium plugin. -->","yoast_head_json":{"title":"Razer Kraken BT Kitty headphones\/headset Wireless Head-band Calls\/Music Bluetooth, Pink, \u043b\u0443\u0447\u0448\u0430\u044f \u0446\u0435\u043d\u0430, \u043a\u0443\u043f\u0438\u0442\u044c \u0432 \u0438\u043d\u0442\u0435\u0440\u043d\u0435\u0442-\u043c\u0430\u0433\u0430\u0437\u0438\u043d\u0435 - Odav Print","description":"\u041a\u0443\u043f\u0438\u0442\u044c Razer Kraken BT Kitty headphones\/headset Wireless Head-band Calls\/Music Bluetooth, Pink \u0432 Odav Print \u260e +372 5911 9495 \u2714\ufe0f \u041b\u0443\u0447\u0448\u0430\u044f \u0446\u0435\u043d\u0430 \u043d\u0430 Razer Kraken BT Kitty headphones\/headset Wireless Head-band Calls\/Music Bluetooth, Pink \u26df \u0411\u044b\u0441\u0442\u0440\u0430\u044f \u0434\u043e\u0441\u0442\u0430\u0432\u043a\u0430 \u043f\u043e \u042d\u0441\u0442\u043e\u043d\u0438\u0438 \u2b50 \u0413\u0430\u0440\u0430\u043d\u0442\u0438\u044f","robots":{"index":"index","follow":"follow","max-snippet":"max-snippet:-1","max-image-preview":"max-image-preview:large","max-video-preview":"max-video-preview:-1"},"canonical":"https:\/\/odavprint.ee\/ru\/product\/razer-kraken-bt-kitty-headphones-headset-wireless-head-band-calls-music-bluetooth-pink\/","og_locale":"ru_RU","og_type":"article","og_title":"Razer Kraken BT Kitty headphones\/headset Wireless Head-band Calls\/Music Bluetooth, Pink","og_description":"\u041a\u0443\u043f\u0438\u0442\u044c Razer Kraken BT Kitty headphones\/headset Wireless Head-band Calls\/Music Bluetooth, Pink \u0432 Odav Print \u260e +372 5911 9495 \u2714\ufe0f \u041b\u0443\u0447\u0448\u0430\u044f \u0446\u0435\u043d\u0430 \u043d\u0430 Razer Kraken BT Kitty headphones\/headset Wireless Head-band Calls\/Music Bluetooth, Pink \u26df \u0411\u044b\u0441\u0442\u0440\u0430\u044f \u0434\u043e\u0441\u0442\u0430\u0432\u043a\u0430 \u043f\u043e \u042d\u0441\u0442\u043e\u043d\u0438\u0438 \u2b50 \u0413\u0430\u0440\u0430\u043d\u0442\u0438\u044f","og_url":"https:\/\/odavprint.ee\/ru\/product\/razer-kraken-bt-kitty-headphones-headset-wireless-head-band-calls-music-bluetooth-pink\/","og_site_name":"Odav Print","og_image":[{"width":368,"height":442,"url":"https:\/\/odavprint.ee\/wp-content\/uploads\/2023\/09\/191957_bcfb4e63-1531-4cb2-b836-25512ad803a8.jpg","type":"image\/jpeg"}],"twitter_card":"summary_large_image","twitter_misc":{"\u0426\u0435\u043d\u0430":"&euro;145.10","\u0414\u043e\u0441\u0442\u0443\u043f\u043d\u043e\u0441\u0442\u044c":"\u0420\u0430\u0441\u043f\u0440\u043e\u0434\u0430\u043d\u043e"},"schema":{"@context":"https:\/\/schema.org","@graph":[{"@type":["WebPage","ItemPage"],"@id":"https:\/\/odavprint.ee\/ru\/product\/razer-kraken-bt-kitty-headphones-headset-wireless-head-band-calls-music-bluetooth-pink\/","url":"https:\/\/odavprint.ee\/ru\/product\/razer-kraken-bt-kitty-headphones-headset-wireless-head-band-calls-music-bluetooth-pink\/","name":"Razer Kraken BT Kitty headphones\/headset Wireless Head-band Calls\/Music Bluetooth, Pink, \u043b\u0443\u0447\u0448\u0430\u044f \u0446\u0435\u043d\u0430, \u043a\u0443\u043f\u0438\u0442\u044c \u0432 \u0438\u043d\u0442\u0435\u0440\u043d\u0435\u0442-\u043c\u0430\u0433\u0430\u0437\u0438\u043d\u0435 - Odav Print","isPartOf":{"@id":"https:\/\/odavprint.ee\/ru\/#website"},"primaryImageOfPage":{"@id":"https:\/\/odavprint.ee\/ru\/product\/razer-kraken-bt-kitty-headphones-headset-wireless-head-band-calls-music-bluetooth-pink\/#primaryimage"},"image":{"@id":"https:\/\/odavprint.ee\/ru\/product\/razer-kraken-bt-kitty-headphones-headset-wireless-head-band-calls-music-bluetooth-pink\/#primaryimage"},"thumbnailUrl":"https:\/\/odavprint.ee\/wp-content\/uploads\/2023\/09\/191957_bcfb4e63-1531-4cb2-b836-25512ad803a8.jpg","datePublished":"2023-09-01T13:40:30+00:00","dateModified":"2023-09-01T13:40:30+00:00","description":"\u041a\u0443\u043f\u0438\u0442\u044c Razer Kraken BT Kitty headphones\/headset Wireless Head-band Calls\/Music Bluetooth, Pink \u0432 Odav Print \u260e +372 5911 9495 \u2714\ufe0f \u041b\u0443\u0447\u0448\u0430\u044f \u0446\u0435\u043d\u0430 \u043d\u0430 Razer Kraken BT Kitty headphones\/headset Wireless Head-band Calls\/Music Bluetooth, Pink \u26df \u0411\u044b\u0441\u0442\u0440\u0430\u044f \u0434\u043e\u0441\u0442\u0430\u0432\u043a\u0430 \u043f\u043e \u042d\u0441\u0442\u043e\u043d\u0438\u0438 \u2b50 \u0413\u0430\u0440\u0430\u043d\u0442\u0438\u044f","breadcrumb":{"@id":"https:\/\/odavprint.ee\/ru\/product\/razer-kraken-bt-kitty-headphones-headset-wireless-head-band-calls-music-bluetooth-pink\/#breadcrumb"},"inLanguage":"ru-RU","potentialAction":[{"@type":"ReadAction","target":["https:\/\/odavprint.ee\/ru\/product\/razer-kraken-bt-kitty-headphones-headset-wireless-head-band-calls-music-bluetooth-pink\/"]}]},{"@type":"ImageObject","inLanguage":"ru-RU","@id":"https:\/\/odavprint.ee\/ru\/product\/razer-kraken-bt-kitty-headphones-headset-wireless-head-band-calls-music-bluetooth-pink\/#primaryimage","url":"https:\/\/odavprint.ee\/wp-content\/uploads\/2023\/09\/191957_bcfb4e63-1531-4cb2-b836-25512ad803a8.jpg","contentUrl":"https:\/\/odavprint.ee\/wp-content\/uploads\/2023\/09\/191957_bcfb4e63-1531-4cb2-b836-25512ad803a8.jpg","width":368,"height":442},{"@type":"BreadcrumbList","@id":"https:\/\/odavprint.ee\/ru\/product\/razer-kraken-bt-kitty-headphones-headset-wireless-head-band-calls-music-bluetooth-pink\/#breadcrumb","itemListElement":[{"@type":"ListItem","position":1,"name":"Home","item":"https:\/\/odavprint.ee\/ru\/%d0%b3%d0%bb%d0%b0%d0%b2%d0%bd%d0%b0%d1%8f\/"},{"@type":"ListItem","position":2,"name":"\u041c\u0430\u0433\u0430\u0437\u0438\u043d","item":"https:\/\/odavprint.ee\/ru\/shop\/"},{"@type":"ListItem","position":3,"name":"Razer Kraken BT Kitty headphones\/headset Wireless Head-band Calls\/Music Bluetooth, Pink"}]},{"@type":"WebSite","@id":"https:\/\/odavprint.ee\/ru\/#website","url":"https:\/\/odavprint.ee\/ru\/","name":"Odav Print","description":"Just another WordPress site","publisher":{"@id":"https:\/\/odavprint.ee\/ru\/#organization"},"alternateName":"Kassettide, toonerite t\u00e4itmine ja m\u00fc\u00fck.","potentialAction":[{"@type":"SearchAction","target":{"@type":"EntryPoint","urlTemplate":"https:\/\/odavprint.ee\/ru\/?s={search_term_string}"},"query-input":"required name=search_term_string"}],"inLanguage":"ru-RU"},{"@type":["Organization","Place"],"@id":"https:\/\/odavprint.ee\/ru\/#organization","name":"Odav Print O\u00dc","url":"https:\/\/odavprint.ee\/ru\/","logo":{"@id":"https:\/\/odavprint.ee\/ru\/product\/razer-kraken-bt-kitty-headphones-headset-wireless-head-band-calls-music-bluetooth-pink\/#local-main-organization-logo"},"image":{"@id":"https:\/\/odavprint.ee\/ru\/product\/razer-kraken-bt-kitty-headphones-headset-wireless-head-band-calls-music-bluetooth-pink\/#local-main-organization-logo"},"address":{"@id":"https:\/\/odavprint.ee\/ru\/product\/razer-kraken-bt-kitty-headphones-headset-wireless-head-band-calls-music-bluetooth-pink\/#local-main-place-address"},"geo":{"@type":"GeoCoordinates","latitude":"59.4306504","longitude":"24.8095743"},"telephone":["53836926"],"openingHoursSpecification":[{"@type":"OpeningHoursSpecification","dayOfWeek":["Monday","Tuesday","Wednesday","Thursday","Friday","Saturday","Sunday"],"opens":"09:00","closes":"17:00"}],"email":"info@odavprint.eu"},{"@type":"PostalAddress","@id":"https:\/\/odavprint.ee\/ru\/product\/razer-kraken-bt-kitty-headphones-headset-wireless-head-band-calls-music-bluetooth-pink\/#local-main-place-address","streetAddress":"Pae tn 28","addressLocality":"Tallinn","postalCode":"11415","addressRegion":"Harjumaa","addressCountry":"EE"},{"@type":"ImageObject","inLanguage":"ru-RU","@id":"https:\/\/odavprint.ee\/ru\/product\/razer-kraken-bt-kitty-headphones-headset-wireless-head-band-calls-music-bluetooth-pink\/#local-main-organization-logo","url":"https:\/\/odavprint.ee\/wp-content\/uploads\/2018\/10\/odavprint-logo-240.jpg","contentUrl":"https:\/\/odavprint.ee\/wp-content\/uploads\/2018\/10\/odavprint-logo-240.jpg","width":240,"height":36,"caption":"Odav Print O\u00dc"}]},"product_price_amount":"145.10","product_price_currency":"EUR","og_availability":"out of stock","product_availability":"out of stock","product_retailer_item_id":"RZ04-03520100-R3M1","product_condition":"new","geo.placename":"Tallinn","geo.position":{"lat":"59.4306504","long":"24.8095743"},"geo.region":"\u042d\u0441\u0442\u043e\u043d\u0438\u044f"},"_links":{"self":[{"href":"https:\/\/odavprint.ee\/ru\/wp-json\/wp\/v2\/product\/191957"}],"collection":[{"href":"https:\/\/odavprint.ee\/ru\/wp-json\/wp\/v2\/product"}],"about":[{"href":"https:\/\/odavprint.ee\/ru\/wp-json\/wp\/v2\/types\/product"}],"wp:featuredmedia":[{"embeddable":true,"href":"https:\/\/odavprint.ee\/ru\/wp-json\/wp\/v2\/media\/191958"}],"wp:attachment":[{"href":"https:\/\/odavprint.ee\/ru\/wp-json\/wp\/v2\/media?parent=191957"}],"wp:term":[{"taxonomy":"product_cat","embeddable":true,"href":"https:\/\/odavprint.ee\/ru\/wp-json\/wp\/v2\/product_cat?post=191957"},{"taxonomy":"product_tag","embeddable":true,"href":"https:\/\/odavprint.ee\/ru\/wp-json\/wp\/v2\/product_tag?post=191957"}],"curies":[{"name":"wp","href":"https:\/\/api.w.org\/{rel}","templated":true}]}}