{"id":194032,"date":"2023-09-06T15:37:14","date_gmt":"2023-09-06T12:37:14","guid":{"rendered":"https:\/\/odavprint.ee\/product\/bic-permanent-marker-eco-2000-2-5-mm-blue-box-12-pcs-000064\/"},"modified":"2023-09-06T15:37:14","modified_gmt":"2023-09-06T12:37:14","slug":"bic-permanent-marker-eco-2000-2-5-mm-blue-box-12-pcs-000064","status":"publish","type":"product","link":"https:\/\/odavprint.ee\/ru\/product\/bic-permanent-marker-eco-2000-2-5-mm-blue-box-12-pcs-000064\/","title":{"rendered":"BIC permanent MARKER ECO 2000 2-5 mm blue, Box 12 pcs. 000064"},"content":{"rendered":"<p>Permanent marker with alcohol &#8212; based ink. Versatile for paper, cardboard, plastics and textiles. Made from 51% recycled materials. Extra long usage: will not dry out uncapped  left for one month, also big ink container  ensures writing up to 1 kilometer. Extra quick drying after applying on surface. Excellent writing on paper, cardboard, plastics and textiles. Resistant tip, low odor. Acrylic 4,95 mm bullet tip gives line width of 1,7 mm. Alcohol based ink.<\/p>\n","protected":false},"excerpt":{"rendered":"<p>Permanent marker with alcohol &#8212; based ink. Versatile for paper, cardboard, plastics and textiles. Made from 51% recycled materials. Extra long usage: will not dry out uncapped left for one month, also big ink container ensures writing up to 1 kilometer. Extra quick drying after applying on surface. Excellent writing on paper, cardboard, plastics and [&#8230;]\n","protected":false},"featured_media":194033,"template":"","meta":{"inline_featured_image":false},"product_cat":[14825],"product_tag":[],"yoast_head":"<!-- This site is optimized with the Yoast SEO Premium plugin v23.0 (Yoast SEO v23.0) - https:\/\/yoast.com\/wordpress\/plugins\/seo\/ -->\n<title>BIC permanent MARKER ECO 2000 2-5 mm blue, Box 12 pcs. 000064, \u043b\u0443\u0447\u0448\u0430\u044f \u0446\u0435\u043d\u0430, \u043a\u0443\u043f\u0438\u0442\u044c \u0432 \u0438\u043d\u0442\u0435\u0440\u043d\u0435\u0442-\u043c\u0430\u0433\u0430\u0437\u0438\u043d\u0435 - Odav Print<\/title>\n<meta name=\"description\" content=\"\u041a\u0443\u043f\u0438\u0442\u044c BIC permanent MARKER ECO 2000 2-5 mm blue, Box 12 pcs. 000064 \u0432 Odav Print \u260e +372 5911 9495 \u2714\ufe0f \u041b\u0443\u0447\u0448\u0430\u044f \u0446\u0435\u043d\u0430 \u043d\u0430 BIC permanent MARKER ECO 2000 2-5 mm blue, Box 12 pcs. 000064 \u26df \u0411\u044b\u0441\u0442\u0440\u0430\u044f \u0434\u043e\u0441\u0442\u0430\u0432\u043a\u0430 \u043f\u043e \u042d\u0441\u0442\u043e\u043d\u0438\u0438 \u2b50 \u0413\u0430\u0440\u0430\u043d\u0442\u0438\u044f\" \/>\n<meta name=\"robots\" content=\"index, follow, max-snippet:-1, max-image-preview:large, max-video-preview:-1\" \/>\n<link rel=\"canonical\" href=\"https:\/\/odavprint.ee\/ru\/product\/bic-permanent-marker-eco-2000-2-5-mm-blue-box-12-pcs-000064\/\" \/>\n<meta property=\"og:locale\" content=\"ru_RU\" \/>\n<meta property=\"og:type\" content=\"article\" \/>\n<meta property=\"og:title\" content=\"BIC permanent MARKER ECO 2000 2-5 mm blue, Box 12 pcs. 000064\" \/>\n<meta property=\"og:description\" content=\"\u041a\u0443\u043f\u0438\u0442\u044c BIC permanent MARKER ECO 2000 2-5 mm blue, Box 12 pcs. 000064 \u0432 Odav Print \u260e +372 5911 9495 \u2714\ufe0f \u041b\u0443\u0447\u0448\u0430\u044f \u0446\u0435\u043d\u0430 \u043d\u0430 BIC permanent MARKER ECO 2000 2-5 mm blue, Box 12 pcs. 000064 \u26df \u0411\u044b\u0441\u0442\u0440\u0430\u044f \u0434\u043e\u0441\u0442\u0430\u0432\u043a\u0430 \u043f\u043e \u042d\u0441\u0442\u043e\u043d\u0438\u0438 \u2b50 \u0413\u0430\u0440\u0430\u043d\u0442\u0438\u044f\" \/>\n<meta property=\"og:url\" content=\"https:\/\/odavprint.ee\/ru\/product\/bic-permanent-marker-eco-2000-2-5-mm-blue-box-12-pcs-000064\/\" \/>\n<meta property=\"og:site_name\" content=\"Odav Print\" \/>\n<meta property=\"og:image\" content=\"https:\/\/odavprint.ee\/wp-content\/uploads\/2023\/09\/194032_imageedit_24_7103854327.jpg\" \/>\n\t<meta property=\"og:image:width\" content=\"315\" \/>\n\t<meta property=\"og:image:height\" content=\"315\" \/>\n\t<meta property=\"og:image:type\" content=\"image\/jpeg\" \/>\n<meta name=\"twitter:card\" content=\"summary_large_image\" \/>\n<meta name=\"twitter:label1\" content=\"\u0426\u0435\u043d\u0430\" \/>\n\t<meta name=\"twitter:data1\" content=\"&euro;13.70\" \/>\n\t<meta name=\"twitter:label2\" content=\"\u0414\u043e\u0441\u0442\u0443\u043f\u043d\u043e\u0441\u0442\u044c\" \/>\n\t<meta name=\"twitter:data2\" content=\"\u0420\u0430\u0441\u043f\u0440\u043e\u0434\u0430\u043d\u043e\" \/>\n<script type=\"application\/ld+json\" class=\"yoast-schema-graph\">{\"@context\":\"https:\/\/schema.org\",\"@graph\":[{\"@type\":[\"WebPage\",\"ItemPage\"],\"@id\":\"https:\/\/odavprint.ee\/ru\/product\/bic-permanent-marker-eco-2000-2-5-mm-blue-box-12-pcs-000064\/\",\"url\":\"https:\/\/odavprint.ee\/ru\/product\/bic-permanent-marker-eco-2000-2-5-mm-blue-box-12-pcs-000064\/\",\"name\":\"BIC permanent MARKER ECO 2000 2-5 mm blue, Box 12 pcs. 000064, \u043b\u0443\u0447\u0448\u0430\u044f \u0446\u0435\u043d\u0430, \u043a\u0443\u043f\u0438\u0442\u044c \u0432 \u0438\u043d\u0442\u0435\u0440\u043d\u0435\u0442-\u043c\u0430\u0433\u0430\u0437\u0438\u043d\u0435 - Odav Print\",\"isPartOf\":{\"@id\":\"https:\/\/odavprint.ee\/ru\/#website\"},\"primaryImageOfPage\":{\"@id\":\"https:\/\/odavprint.ee\/ru\/product\/bic-permanent-marker-eco-2000-2-5-mm-blue-box-12-pcs-000064\/#primaryimage\"},\"image\":{\"@id\":\"https:\/\/odavprint.ee\/ru\/product\/bic-permanent-marker-eco-2000-2-5-mm-blue-box-12-pcs-000064\/#primaryimage\"},\"thumbnailUrl\":\"https:\/\/odavprint.ee\/wp-content\/uploads\/2023\/09\/194032_imageedit_24_7103854327.jpg\",\"datePublished\":\"2023-09-06T12:37:14+00:00\",\"dateModified\":\"2023-09-06T12:37:14+00:00\",\"description\":\"\u041a\u0443\u043f\u0438\u0442\u044c BIC permanent MARKER ECO 2000 2-5 mm blue, Box 12 pcs. 000064 \u0432 Odav Print \u260e +372 5911 9495 \u2714\ufe0f \u041b\u0443\u0447\u0448\u0430\u044f \u0446\u0435\u043d\u0430 \u043d\u0430 BIC permanent MARKER ECO 2000 2-5 mm blue, Box 12 pcs. 000064 \u26df \u0411\u044b\u0441\u0442\u0440\u0430\u044f \u0434\u043e\u0441\u0442\u0430\u0432\u043a\u0430 \u043f\u043e \u042d\u0441\u0442\u043e\u043d\u0438\u0438 \u2b50 \u0413\u0430\u0440\u0430\u043d\u0442\u0438\u044f\",\"breadcrumb\":{\"@id\":\"https:\/\/odavprint.ee\/ru\/product\/bic-permanent-marker-eco-2000-2-5-mm-blue-box-12-pcs-000064\/#breadcrumb\"},\"inLanguage\":\"ru-RU\",\"potentialAction\":[{\"@type\":\"ReadAction\",\"target\":[\"https:\/\/odavprint.ee\/ru\/product\/bic-permanent-marker-eco-2000-2-5-mm-blue-box-12-pcs-000064\/\"]}]},{\"@type\":\"ImageObject\",\"inLanguage\":\"ru-RU\",\"@id\":\"https:\/\/odavprint.ee\/ru\/product\/bic-permanent-marker-eco-2000-2-5-mm-blue-box-12-pcs-000064\/#primaryimage\",\"url\":\"https:\/\/odavprint.ee\/wp-content\/uploads\/2023\/09\/194032_imageedit_24_7103854327.jpg\",\"contentUrl\":\"https:\/\/odavprint.ee\/wp-content\/uploads\/2023\/09\/194032_imageedit_24_7103854327.jpg\",\"width\":315,\"height\":315},{\"@type\":\"BreadcrumbList\",\"@id\":\"https:\/\/odavprint.ee\/ru\/product\/bic-permanent-marker-eco-2000-2-5-mm-blue-box-12-pcs-000064\/#breadcrumb\",\"itemListElement\":[{\"@type\":\"ListItem\",\"position\":1,\"name\":\"Home\",\"item\":\"https:\/\/odavprint.ee\/ru\/%d0%b3%d0%bb%d0%b0%d0%b2%d0%bd%d0%b0%d1%8f\/\"},{\"@type\":\"ListItem\",\"position\":2,\"name\":\"\u041c\u0430\u0433\u0430\u0437\u0438\u043d\",\"item\":\"https:\/\/odavprint.ee\/ru\/shop\/\"},{\"@type\":\"ListItem\",\"position\":3,\"name\":\"BIC permanent MARKER ECO 2000 2-5 mm blue, Box 12 pcs. 000064\"}]},{\"@type\":\"WebSite\",\"@id\":\"https:\/\/odavprint.ee\/ru\/#website\",\"url\":\"https:\/\/odavprint.ee\/ru\/\",\"name\":\"Odav Print\",\"description\":\"Just another WordPress site\",\"publisher\":{\"@id\":\"https:\/\/odavprint.ee\/ru\/#organization\"},\"alternateName\":\"Kassettide, toonerite t\u00e4itmine ja m\u00fc\u00fck.\",\"potentialAction\":[{\"@type\":\"SearchAction\",\"target\":{\"@type\":\"EntryPoint\",\"urlTemplate\":\"https:\/\/odavprint.ee\/ru\/?s={search_term_string}\"},\"query-input\":\"required name=search_term_string\"}],\"inLanguage\":\"ru-RU\"},{\"@type\":[\"Organization\",\"Place\"],\"@id\":\"https:\/\/odavprint.ee\/ru\/#organization\",\"name\":\"Odav Print O\u00dc\",\"url\":\"https:\/\/odavprint.ee\/ru\/\",\"logo\":{\"@id\":\"https:\/\/odavprint.ee\/ru\/product\/bic-permanent-marker-eco-2000-2-5-mm-blue-box-12-pcs-000064\/#local-main-organization-logo\"},\"image\":{\"@id\":\"https:\/\/odavprint.ee\/ru\/product\/bic-permanent-marker-eco-2000-2-5-mm-blue-box-12-pcs-000064\/#local-main-organization-logo\"},\"address\":{\"@id\":\"https:\/\/odavprint.ee\/ru\/product\/bic-permanent-marker-eco-2000-2-5-mm-blue-box-12-pcs-000064\/#local-main-place-address\"},\"geo\":{\"@type\":\"GeoCoordinates\",\"latitude\":\"59.4306504\",\"longitude\":\"24.8095743\"},\"telephone\":[\"53836926\"],\"openingHoursSpecification\":[{\"@type\":\"OpeningHoursSpecification\",\"dayOfWeek\":[\"Monday\",\"Tuesday\",\"Wednesday\",\"Thursday\",\"Friday\",\"Saturday\",\"Sunday\"],\"opens\":\"09:00\",\"closes\":\"17:00\"}],\"email\":\"info@odavprint.eu\"},{\"@type\":\"PostalAddress\",\"@id\":\"https:\/\/odavprint.ee\/ru\/product\/bic-permanent-marker-eco-2000-2-5-mm-blue-box-12-pcs-000064\/#local-main-place-address\",\"streetAddress\":\"Pae tn 28\",\"addressLocality\":\"Tallinn\",\"postalCode\":\"11415\",\"addressRegion\":\"Harjumaa\",\"addressCountry\":\"EE\"},{\"@type\":\"ImageObject\",\"inLanguage\":\"ru-RU\",\"@id\":\"https:\/\/odavprint.ee\/ru\/product\/bic-permanent-marker-eco-2000-2-5-mm-blue-box-12-pcs-000064\/#local-main-organization-logo\",\"url\":\"https:\/\/odavprint.ee\/wp-content\/uploads\/2018\/10\/odavprint-logo-240.jpg\",\"contentUrl\":\"https:\/\/odavprint.ee\/wp-content\/uploads\/2018\/10\/odavprint-logo-240.jpg\",\"width\":240,\"height\":36,\"caption\":\"Odav Print O\u00dc\"}]}<\/script>\n<meta property=\"product:price:amount\" content=\"13.70\" \/>\n<meta property=\"product:price:currency\" content=\"EUR\" \/>\n<meta property=\"og:availability\" content=\"out of stock\" \/>\n<meta property=\"product:availability\" content=\"out of stock\" \/>\n<meta property=\"product:retailer_item_id\" content=\"8209143\" \/>\n<meta property=\"product:condition\" content=\"new\" \/>\n<meta name=\"geo.placename\" content=\"Tallinn\" \/>\n<meta name=\"geo.position\" content=\"59.4306504;24.8095743\" \/>\n<meta name=\"geo.region\" content=\"\u042d\u0441\u0442\u043e\u043d\u0438\u044f\" \/>\n<!-- \/ Yoast SEO Premium plugin. -->","yoast_head_json":{"title":"BIC permanent MARKER ECO 2000 2-5 mm blue, Box 12 pcs. 000064, \u043b\u0443\u0447\u0448\u0430\u044f \u0446\u0435\u043d\u0430, \u043a\u0443\u043f\u0438\u0442\u044c \u0432 \u0438\u043d\u0442\u0435\u0440\u043d\u0435\u0442-\u043c\u0430\u0433\u0430\u0437\u0438\u043d\u0435 - Odav Print","description":"\u041a\u0443\u043f\u0438\u0442\u044c BIC permanent MARKER ECO 2000 2-5 mm blue, Box 12 pcs. 000064 \u0432 Odav Print \u260e +372 5911 9495 \u2714\ufe0f \u041b\u0443\u0447\u0448\u0430\u044f \u0446\u0435\u043d\u0430 \u043d\u0430 BIC permanent MARKER ECO 2000 2-5 mm blue, Box 12 pcs. 000064 \u26df \u0411\u044b\u0441\u0442\u0440\u0430\u044f \u0434\u043e\u0441\u0442\u0430\u0432\u043a\u0430 \u043f\u043e \u042d\u0441\u0442\u043e\u043d\u0438\u0438 \u2b50 \u0413\u0430\u0440\u0430\u043d\u0442\u0438\u044f","robots":{"index":"index","follow":"follow","max-snippet":"max-snippet:-1","max-image-preview":"max-image-preview:large","max-video-preview":"max-video-preview:-1"},"canonical":"https:\/\/odavprint.ee\/ru\/product\/bic-permanent-marker-eco-2000-2-5-mm-blue-box-12-pcs-000064\/","og_locale":"ru_RU","og_type":"article","og_title":"BIC permanent MARKER ECO 2000 2-5 mm blue, Box 12 pcs. 000064","og_description":"\u041a\u0443\u043f\u0438\u0442\u044c BIC permanent MARKER ECO 2000 2-5 mm blue, Box 12 pcs. 000064 \u0432 Odav Print \u260e +372 5911 9495 \u2714\ufe0f \u041b\u0443\u0447\u0448\u0430\u044f \u0446\u0435\u043d\u0430 \u043d\u0430 BIC permanent MARKER ECO 2000 2-5 mm blue, Box 12 pcs. 000064 \u26df \u0411\u044b\u0441\u0442\u0440\u0430\u044f \u0434\u043e\u0441\u0442\u0430\u0432\u043a\u0430 \u043f\u043e \u042d\u0441\u0442\u043e\u043d\u0438\u0438 \u2b50 \u0413\u0430\u0440\u0430\u043d\u0442\u0438\u044f","og_url":"https:\/\/odavprint.ee\/ru\/product\/bic-permanent-marker-eco-2000-2-5-mm-blue-box-12-pcs-000064\/","og_site_name":"Odav Print","og_image":[{"width":315,"height":315,"url":"https:\/\/odavprint.ee\/wp-content\/uploads\/2023\/09\/194032_imageedit_24_7103854327.jpg","type":"image\/jpeg"}],"twitter_card":"summary_large_image","twitter_misc":{"\u0426\u0435\u043d\u0430":"&euro;13.70","\u0414\u043e\u0441\u0442\u0443\u043f\u043d\u043e\u0441\u0442\u044c":"\u0420\u0430\u0441\u043f\u0440\u043e\u0434\u0430\u043d\u043e"},"schema":{"@context":"https:\/\/schema.org","@graph":[{"@type":["WebPage","ItemPage"],"@id":"https:\/\/odavprint.ee\/ru\/product\/bic-permanent-marker-eco-2000-2-5-mm-blue-box-12-pcs-000064\/","url":"https:\/\/odavprint.ee\/ru\/product\/bic-permanent-marker-eco-2000-2-5-mm-blue-box-12-pcs-000064\/","name":"BIC permanent MARKER ECO 2000 2-5 mm blue, Box 12 pcs. 000064, \u043b\u0443\u0447\u0448\u0430\u044f \u0446\u0435\u043d\u0430, \u043a\u0443\u043f\u0438\u0442\u044c \u0432 \u0438\u043d\u0442\u0435\u0440\u043d\u0435\u0442-\u043c\u0430\u0433\u0430\u0437\u0438\u043d\u0435 - Odav Print","isPartOf":{"@id":"https:\/\/odavprint.ee\/ru\/#website"},"primaryImageOfPage":{"@id":"https:\/\/odavprint.ee\/ru\/product\/bic-permanent-marker-eco-2000-2-5-mm-blue-box-12-pcs-000064\/#primaryimage"},"image":{"@id":"https:\/\/odavprint.ee\/ru\/product\/bic-permanent-marker-eco-2000-2-5-mm-blue-box-12-pcs-000064\/#primaryimage"},"thumbnailUrl":"https:\/\/odavprint.ee\/wp-content\/uploads\/2023\/09\/194032_imageedit_24_7103854327.jpg","datePublished":"2023-09-06T12:37:14+00:00","dateModified":"2023-09-06T12:37:14+00:00","description":"\u041a\u0443\u043f\u0438\u0442\u044c BIC permanent MARKER ECO 2000 2-5 mm blue, Box 12 pcs. 000064 \u0432 Odav Print \u260e +372 5911 9495 \u2714\ufe0f \u041b\u0443\u0447\u0448\u0430\u044f \u0446\u0435\u043d\u0430 \u043d\u0430 BIC permanent MARKER ECO 2000 2-5 mm blue, Box 12 pcs. 000064 \u26df \u0411\u044b\u0441\u0442\u0440\u0430\u044f \u0434\u043e\u0441\u0442\u0430\u0432\u043a\u0430 \u043f\u043e \u042d\u0441\u0442\u043e\u043d\u0438\u0438 \u2b50 \u0413\u0430\u0440\u0430\u043d\u0442\u0438\u044f","breadcrumb":{"@id":"https:\/\/odavprint.ee\/ru\/product\/bic-permanent-marker-eco-2000-2-5-mm-blue-box-12-pcs-000064\/#breadcrumb"},"inLanguage":"ru-RU","potentialAction":[{"@type":"ReadAction","target":["https:\/\/odavprint.ee\/ru\/product\/bic-permanent-marker-eco-2000-2-5-mm-blue-box-12-pcs-000064\/"]}]},{"@type":"ImageObject","inLanguage":"ru-RU","@id":"https:\/\/odavprint.ee\/ru\/product\/bic-permanent-marker-eco-2000-2-5-mm-blue-box-12-pcs-000064\/#primaryimage","url":"https:\/\/odavprint.ee\/wp-content\/uploads\/2023\/09\/194032_imageedit_24_7103854327.jpg","contentUrl":"https:\/\/odavprint.ee\/wp-content\/uploads\/2023\/09\/194032_imageedit_24_7103854327.jpg","width":315,"height":315},{"@type":"BreadcrumbList","@id":"https:\/\/odavprint.ee\/ru\/product\/bic-permanent-marker-eco-2000-2-5-mm-blue-box-12-pcs-000064\/#breadcrumb","itemListElement":[{"@type":"ListItem","position":1,"name":"Home","item":"https:\/\/odavprint.ee\/ru\/%d0%b3%d0%bb%d0%b0%d0%b2%d0%bd%d0%b0%d1%8f\/"},{"@type":"ListItem","position":2,"name":"\u041c\u0430\u0433\u0430\u0437\u0438\u043d","item":"https:\/\/odavprint.ee\/ru\/shop\/"},{"@type":"ListItem","position":3,"name":"BIC permanent MARKER ECO 2000 2-5 mm blue, Box 12 pcs. 000064"}]},{"@type":"WebSite","@id":"https:\/\/odavprint.ee\/ru\/#website","url":"https:\/\/odavprint.ee\/ru\/","name":"Odav Print","description":"Just another WordPress site","publisher":{"@id":"https:\/\/odavprint.ee\/ru\/#organization"},"alternateName":"Kassettide, toonerite t\u00e4itmine ja m\u00fc\u00fck.","potentialAction":[{"@type":"SearchAction","target":{"@type":"EntryPoint","urlTemplate":"https:\/\/odavprint.ee\/ru\/?s={search_term_string}"},"query-input":"required name=search_term_string"}],"inLanguage":"ru-RU"},{"@type":["Organization","Place"],"@id":"https:\/\/odavprint.ee\/ru\/#organization","name":"Odav Print O\u00dc","url":"https:\/\/odavprint.ee\/ru\/","logo":{"@id":"https:\/\/odavprint.ee\/ru\/product\/bic-permanent-marker-eco-2000-2-5-mm-blue-box-12-pcs-000064\/#local-main-organization-logo"},"image":{"@id":"https:\/\/odavprint.ee\/ru\/product\/bic-permanent-marker-eco-2000-2-5-mm-blue-box-12-pcs-000064\/#local-main-organization-logo"},"address":{"@id":"https:\/\/odavprint.ee\/ru\/product\/bic-permanent-marker-eco-2000-2-5-mm-blue-box-12-pcs-000064\/#local-main-place-address"},"geo":{"@type":"GeoCoordinates","latitude":"59.4306504","longitude":"24.8095743"},"telephone":["53836926"],"openingHoursSpecification":[{"@type":"OpeningHoursSpecification","dayOfWeek":["Monday","Tuesday","Wednesday","Thursday","Friday","Saturday","Sunday"],"opens":"09:00","closes":"17:00"}],"email":"info@odavprint.eu"},{"@type":"PostalAddress","@id":"https:\/\/odavprint.ee\/ru\/product\/bic-permanent-marker-eco-2000-2-5-mm-blue-box-12-pcs-000064\/#local-main-place-address","streetAddress":"Pae tn 28","addressLocality":"Tallinn","postalCode":"11415","addressRegion":"Harjumaa","addressCountry":"EE"},{"@type":"ImageObject","inLanguage":"ru-RU","@id":"https:\/\/odavprint.ee\/ru\/product\/bic-permanent-marker-eco-2000-2-5-mm-blue-box-12-pcs-000064\/#local-main-organization-logo","url":"https:\/\/odavprint.ee\/wp-content\/uploads\/2018\/10\/odavprint-logo-240.jpg","contentUrl":"https:\/\/odavprint.ee\/wp-content\/uploads\/2018\/10\/odavprint-logo-240.jpg","width":240,"height":36,"caption":"Odav Print O\u00dc"}]},"product_price_amount":"13.70","product_price_currency":"EUR","og_availability":"out of stock","product_availability":"out of stock","product_retailer_item_id":"8209143","product_condition":"new","geo.placename":"Tallinn","geo.position":{"lat":"59.4306504","long":"24.8095743"},"geo.region":"\u042d\u0441\u0442\u043e\u043d\u0438\u044f"},"_links":{"self":[{"href":"https:\/\/odavprint.ee\/ru\/wp-json\/wp\/v2\/product\/194032"}],"collection":[{"href":"https:\/\/odavprint.ee\/ru\/wp-json\/wp\/v2\/product"}],"about":[{"href":"https:\/\/odavprint.ee\/ru\/wp-json\/wp\/v2\/types\/product"}],"wp:featuredmedia":[{"embeddable":true,"href":"https:\/\/odavprint.ee\/ru\/wp-json\/wp\/v2\/media\/194033"}],"wp:attachment":[{"href":"https:\/\/odavprint.ee\/ru\/wp-json\/wp\/v2\/media?parent=194032"}],"wp:term":[{"taxonomy":"product_cat","embeddable":true,"href":"https:\/\/odavprint.ee\/ru\/wp-json\/wp\/v2\/product_cat?post=194032"},{"taxonomy":"product_tag","embeddable":true,"href":"https:\/\/odavprint.ee\/ru\/wp-json\/wp\/v2\/product_tag?post=194032"}],"curies":[{"name":"wp","href":"https:\/\/api.w.org\/{rel}","templated":true}]}}