{"id":198689,"date":"2023-09-13T11:44:52","date_gmt":"2023-09-13T08:44:52","guid":{"rendered":"https:\/\/odavprint.ee\/product\/tesla-10700100-usb-battery-charger-for-4pcs-aa-aaa\/"},"modified":"2023-09-13T11:44:52","modified_gmt":"2023-09-13T08:44:52","slug":"tesla-10700100-usb-battery-charger-for-4pcs-aa-aaa","status":"publish","type":"product","link":"https:\/\/odavprint.ee\/ru\/product\/tesla-10700100-usb-battery-charger-for-4pcs-aa-aaa\/","title":{"rendered":"Tesla (10700100) USB BATTERY CHARGER For 4PCS AA\/AAA"},"content":{"rendered":"<p>Warning:<br \/>\n1. Charging only for AA\/AAA Ni-MH\/Ni-Cd rechargeable battery. And it may explode cracking or leak if charging for other type of battery or equipment.<br \/>\n2. Incorrect use of the charger will shine into damage.<br \/>\n3. It is used indoors or in car; please don\u2019t expose it to rain or snow.<\/p>\n","protected":false},"excerpt":{"rendered":"<p>Warning: 1. Charging only for AA\/AAA Ni-MH\/Ni-Cd rechargeable battery. And it may explode cracking or leak if charging for other type of battery or equipment. 2. Incorrect use of the charger will shine into damage. 3. It is used indoors or in car; please don\u2019t expose it to rain or snow.<\/p>\n","protected":false},"featured_media":204803,"template":"","meta":{"inline_featured_image":false},"product_cat":[17250],"product_tag":[],"yoast_head":"<!-- This site is optimized with the Yoast SEO Premium plugin v23.0 (Yoast SEO v23.0) - https:\/\/yoast.com\/wordpress\/plugins\/seo\/ -->\n<title>Tesla (10700100) USB BATTERY CHARGER For 4PCS AA\/AAA, \u043b\u0443\u0447\u0448\u0430\u044f \u0446\u0435\u043d\u0430, \u043a\u0443\u043f\u0438\u0442\u044c \u0432 \u0438\u043d\u0442\u0435\u0440\u043d\u0435\u0442-\u043c\u0430\u0433\u0430\u0437\u0438\u043d\u0435 - Odav Print<\/title>\n<meta name=\"description\" content=\"\u041a\u0443\u043f\u0438\u0442\u044c Tesla (10700100) USB BATTERY CHARGER For 4PCS AA\/AAA \u0432 Odav Print \u260e +372 5911 9495 \u2714\ufe0f \u041b\u0443\u0447\u0448\u0430\u044f \u0446\u0435\u043d\u0430 \u043d\u0430 Tesla (10700100) USB BATTERY CHARGER For 4PCS AA\/AAA \u26df \u0411\u044b\u0441\u0442\u0440\u0430\u044f \u0434\u043e\u0441\u0442\u0430\u0432\u043a\u0430 \u043f\u043e \u042d\u0441\u0442\u043e\u043d\u0438\u0438 \u2b50 \u0413\u0430\u0440\u0430\u043d\u0442\u0438\u044f\" \/>\n<meta name=\"robots\" content=\"index, follow, max-snippet:-1, max-image-preview:large, max-video-preview:-1\" \/>\n<link rel=\"canonical\" href=\"https:\/\/odavprint.ee\/ru\/product\/tesla-10700100-usb-battery-charger-for-4pcs-aa-aaa\/\" \/>\n<meta property=\"og:locale\" content=\"ru_RU\" \/>\n<meta property=\"og:type\" content=\"article\" \/>\n<meta property=\"og:title\" content=\"Tesla (10700100) USB BATTERY CHARGER For 4PCS AA\/AAA\" \/>\n<meta property=\"og:description\" content=\"\u041a\u0443\u043f\u0438\u0442\u044c Tesla (10700100) USB BATTERY CHARGER For 4PCS AA\/AAA \u0432 Odav Print \u260e +372 5911 9495 \u2714\ufe0f \u041b\u0443\u0447\u0448\u0430\u044f \u0446\u0435\u043d\u0430 \u043d\u0430 Tesla (10700100) USB BATTERY CHARGER For 4PCS AA\/AAA \u26df \u0411\u044b\u0441\u0442\u0440\u0430\u044f \u0434\u043e\u0441\u0442\u0430\u0432\u043a\u0430 \u043f\u043e \u042d\u0441\u0442\u043e\u043d\u0438\u0438 \u2b50 \u0413\u0430\u0440\u0430\u043d\u0442\u0438\u044f\" \/>\n<meta property=\"og:url\" content=\"https:\/\/odavprint.ee\/ru\/product\/tesla-10700100-usb-battery-charger-for-4pcs-aa-aaa\/\" \/>\n<meta property=\"og:site_name\" content=\"Odav Print\" \/>\n<meta property=\"og:image\" content=\"https:\/\/odavprint.ee\/wp-content\/uploads\/2024\/06\/198689_bCgK5Injqqnn9Ppe7iZiniNuIWrOu5kKw4geOYWw.jpg\" \/>\n\t<meta property=\"og:image:width\" content=\"326\" \/>\n\t<meta property=\"og:image:height\" content=\"500\" \/>\n\t<meta property=\"og:image:type\" content=\"image\/jpeg\" \/>\n<meta name=\"twitter:card\" content=\"summary_large_image\" \/>\n<meta name=\"twitter:label1\" content=\"\u0426\u0435\u043d\u0430\" \/>\n\t<meta name=\"twitter:data1\" content=\"&euro;26.60\" \/>\n\t<meta name=\"twitter:label2\" content=\"\u0414\u043e\u0441\u0442\u0443\u043f\u043d\u043e\u0441\u0442\u044c\" \/>\n\t<meta name=\"twitter:data2\" content=\"\u0420\u0430\u0441\u043f\u0440\u043e\u0434\u0430\u043d\u043e\" \/>\n<script type=\"application\/ld+json\" class=\"yoast-schema-graph\">{\"@context\":\"https:\/\/schema.org\",\"@graph\":[{\"@type\":[\"WebPage\",\"ItemPage\"],\"@id\":\"https:\/\/odavprint.ee\/ru\/product\/tesla-10700100-usb-battery-charger-for-4pcs-aa-aaa\/\",\"url\":\"https:\/\/odavprint.ee\/ru\/product\/tesla-10700100-usb-battery-charger-for-4pcs-aa-aaa\/\",\"name\":\"Tesla (10700100) USB BATTERY CHARGER For 4PCS AA\/AAA, \u043b\u0443\u0447\u0448\u0430\u044f \u0446\u0435\u043d\u0430, \u043a\u0443\u043f\u0438\u0442\u044c \u0432 \u0438\u043d\u0442\u0435\u0440\u043d\u0435\u0442-\u043c\u0430\u0433\u0430\u0437\u0438\u043d\u0435 - Odav Print\",\"isPartOf\":{\"@id\":\"https:\/\/odavprint.ee\/ru\/#website\"},\"primaryImageOfPage\":{\"@id\":\"https:\/\/odavprint.ee\/ru\/product\/tesla-10700100-usb-battery-charger-for-4pcs-aa-aaa\/#primaryimage\"},\"image\":{\"@id\":\"https:\/\/odavprint.ee\/ru\/product\/tesla-10700100-usb-battery-charger-for-4pcs-aa-aaa\/#primaryimage\"},\"thumbnailUrl\":\"https:\/\/odavprint.ee\/wp-content\/uploads\/2024\/06\/198689_bCgK5Injqqnn9Ppe7iZiniNuIWrOu5kKw4geOYWw.jpg\",\"datePublished\":\"2023-09-13T08:44:52+00:00\",\"dateModified\":\"2023-09-13T08:44:52+00:00\",\"description\":\"\u041a\u0443\u043f\u0438\u0442\u044c Tesla (10700100) USB BATTERY CHARGER For 4PCS AA\/AAA \u0432 Odav Print \u260e +372 5911 9495 \u2714\ufe0f \u041b\u0443\u0447\u0448\u0430\u044f \u0446\u0435\u043d\u0430 \u043d\u0430 Tesla (10700100) USB BATTERY CHARGER For 4PCS AA\/AAA \u26df \u0411\u044b\u0441\u0442\u0440\u0430\u044f \u0434\u043e\u0441\u0442\u0430\u0432\u043a\u0430 \u043f\u043e \u042d\u0441\u0442\u043e\u043d\u0438\u0438 \u2b50 \u0413\u0430\u0440\u0430\u043d\u0442\u0438\u044f\",\"breadcrumb\":{\"@id\":\"https:\/\/odavprint.ee\/ru\/product\/tesla-10700100-usb-battery-charger-for-4pcs-aa-aaa\/#breadcrumb\"},\"inLanguage\":\"ru-RU\",\"potentialAction\":[{\"@type\":\"ReadAction\",\"target\":[\"https:\/\/odavprint.ee\/ru\/product\/tesla-10700100-usb-battery-charger-for-4pcs-aa-aaa\/\"]}]},{\"@type\":\"ImageObject\",\"inLanguage\":\"ru-RU\",\"@id\":\"https:\/\/odavprint.ee\/ru\/product\/tesla-10700100-usb-battery-charger-for-4pcs-aa-aaa\/#primaryimage\",\"url\":\"https:\/\/odavprint.ee\/wp-content\/uploads\/2024\/06\/198689_bCgK5Injqqnn9Ppe7iZiniNuIWrOu5kKw4geOYWw.jpg\",\"contentUrl\":\"https:\/\/odavprint.ee\/wp-content\/uploads\/2024\/06\/198689_bCgK5Injqqnn9Ppe7iZiniNuIWrOu5kKw4geOYWw.jpg\",\"width\":326,\"height\":500},{\"@type\":\"BreadcrumbList\",\"@id\":\"https:\/\/odavprint.ee\/ru\/product\/tesla-10700100-usb-battery-charger-for-4pcs-aa-aaa\/#breadcrumb\",\"itemListElement\":[{\"@type\":\"ListItem\",\"position\":1,\"name\":\"Home\",\"item\":\"https:\/\/odavprint.ee\/ru\/%d0%b3%d0%bb%d0%b0%d0%b2%d0%bd%d0%b0%d1%8f\/\"},{\"@type\":\"ListItem\",\"position\":2,\"name\":\"\u041c\u0430\u0433\u0430\u0437\u0438\u043d\",\"item\":\"https:\/\/odavprint.ee\/ru\/shop\/\"},{\"@type\":\"ListItem\",\"position\":3,\"name\":\"Tesla (10700100) USB BATTERY CHARGER For 4PCS AA\/AAA\"}]},{\"@type\":\"WebSite\",\"@id\":\"https:\/\/odavprint.ee\/ru\/#website\",\"url\":\"https:\/\/odavprint.ee\/ru\/\",\"name\":\"Odav Print\",\"description\":\"Just another WordPress site\",\"publisher\":{\"@id\":\"https:\/\/odavprint.ee\/ru\/#organization\"},\"alternateName\":\"Kassettide, toonerite t\u00e4itmine ja m\u00fc\u00fck.\",\"potentialAction\":[{\"@type\":\"SearchAction\",\"target\":{\"@type\":\"EntryPoint\",\"urlTemplate\":\"https:\/\/odavprint.ee\/ru\/?s={search_term_string}\"},\"query-input\":\"required name=search_term_string\"}],\"inLanguage\":\"ru-RU\"},{\"@type\":[\"Organization\",\"Place\"],\"@id\":\"https:\/\/odavprint.ee\/ru\/#organization\",\"name\":\"Odav Print O\u00dc\",\"url\":\"https:\/\/odavprint.ee\/ru\/\",\"logo\":{\"@id\":\"https:\/\/odavprint.ee\/ru\/product\/tesla-10700100-usb-battery-charger-for-4pcs-aa-aaa\/#local-main-organization-logo\"},\"image\":{\"@id\":\"https:\/\/odavprint.ee\/ru\/product\/tesla-10700100-usb-battery-charger-for-4pcs-aa-aaa\/#local-main-organization-logo\"},\"address\":{\"@id\":\"https:\/\/odavprint.ee\/ru\/product\/tesla-10700100-usb-battery-charger-for-4pcs-aa-aaa\/#local-main-place-address\"},\"geo\":{\"@type\":\"GeoCoordinates\",\"latitude\":\"59.4306504\",\"longitude\":\"24.8095743\"},\"telephone\":[\"53836926\"],\"openingHoursSpecification\":[{\"@type\":\"OpeningHoursSpecification\",\"dayOfWeek\":[\"Monday\",\"Tuesday\",\"Wednesday\",\"Thursday\",\"Friday\",\"Saturday\",\"Sunday\"],\"opens\":\"09:00\",\"closes\":\"17:00\"}],\"email\":\"info@odavprint.eu\"},{\"@type\":\"PostalAddress\",\"@id\":\"https:\/\/odavprint.ee\/ru\/product\/tesla-10700100-usb-battery-charger-for-4pcs-aa-aaa\/#local-main-place-address\",\"streetAddress\":\"Pae tn 28\",\"addressLocality\":\"Tallinn\",\"postalCode\":\"11415\",\"addressRegion\":\"Harjumaa\",\"addressCountry\":\"EE\"},{\"@type\":\"ImageObject\",\"inLanguage\":\"ru-RU\",\"@id\":\"https:\/\/odavprint.ee\/ru\/product\/tesla-10700100-usb-battery-charger-for-4pcs-aa-aaa\/#local-main-organization-logo\",\"url\":\"https:\/\/odavprint.ee\/wp-content\/uploads\/2018\/10\/odavprint-logo-240.jpg\",\"contentUrl\":\"https:\/\/odavprint.ee\/wp-content\/uploads\/2018\/10\/odavprint-logo-240.jpg\",\"width\":240,\"height\":36,\"caption\":\"Odav Print O\u00dc\"}]}<\/script>\n<meta property=\"product:price:amount\" content=\"26.60\" \/>\n<meta property=\"product:price:currency\" content=\"EUR\" \/>\n<meta property=\"og:availability\" content=\"out of stock\" \/>\n<meta property=\"product:availability\" content=\"out of stock\" \/>\n<meta property=\"product:retailer_item_id\" content=\"10700100\" \/>\n<meta property=\"product:condition\" content=\"new\" \/>\n<meta name=\"geo.placename\" content=\"Tallinn\" \/>\n<meta name=\"geo.position\" content=\"59.4306504;24.8095743\" \/>\n<meta name=\"geo.region\" content=\"\u042d\u0441\u0442\u043e\u043d\u0438\u044f\" \/>\n<!-- \/ Yoast SEO Premium plugin. -->","yoast_head_json":{"title":"Tesla (10700100) USB BATTERY CHARGER For 4PCS AA\/AAA, \u043b\u0443\u0447\u0448\u0430\u044f \u0446\u0435\u043d\u0430, \u043a\u0443\u043f\u0438\u0442\u044c \u0432 \u0438\u043d\u0442\u0435\u0440\u043d\u0435\u0442-\u043c\u0430\u0433\u0430\u0437\u0438\u043d\u0435 - Odav Print","description":"\u041a\u0443\u043f\u0438\u0442\u044c Tesla (10700100) USB BATTERY CHARGER For 4PCS AA\/AAA \u0432 Odav Print \u260e +372 5911 9495 \u2714\ufe0f \u041b\u0443\u0447\u0448\u0430\u044f \u0446\u0435\u043d\u0430 \u043d\u0430 Tesla (10700100) USB BATTERY CHARGER For 4PCS AA\/AAA \u26df \u0411\u044b\u0441\u0442\u0440\u0430\u044f \u0434\u043e\u0441\u0442\u0430\u0432\u043a\u0430 \u043f\u043e \u042d\u0441\u0442\u043e\u043d\u0438\u0438 \u2b50 \u0413\u0430\u0440\u0430\u043d\u0442\u0438\u044f","robots":{"index":"index","follow":"follow","max-snippet":"max-snippet:-1","max-image-preview":"max-image-preview:large","max-video-preview":"max-video-preview:-1"},"canonical":"https:\/\/odavprint.ee\/ru\/product\/tesla-10700100-usb-battery-charger-for-4pcs-aa-aaa\/","og_locale":"ru_RU","og_type":"article","og_title":"Tesla (10700100) USB BATTERY CHARGER For 4PCS AA\/AAA","og_description":"\u041a\u0443\u043f\u0438\u0442\u044c Tesla (10700100) USB BATTERY CHARGER For 4PCS AA\/AAA \u0432 Odav Print \u260e +372 5911 9495 \u2714\ufe0f \u041b\u0443\u0447\u0448\u0430\u044f \u0446\u0435\u043d\u0430 \u043d\u0430 Tesla (10700100) USB BATTERY CHARGER For 4PCS AA\/AAA \u26df \u0411\u044b\u0441\u0442\u0440\u0430\u044f \u0434\u043e\u0441\u0442\u0430\u0432\u043a\u0430 \u043f\u043e \u042d\u0441\u0442\u043e\u043d\u0438\u0438 \u2b50 \u0413\u0430\u0440\u0430\u043d\u0442\u0438\u044f","og_url":"https:\/\/odavprint.ee\/ru\/product\/tesla-10700100-usb-battery-charger-for-4pcs-aa-aaa\/","og_site_name":"Odav Print","og_image":[{"width":326,"height":500,"url":"https:\/\/odavprint.ee\/wp-content\/uploads\/2024\/06\/198689_bCgK5Injqqnn9Ppe7iZiniNuIWrOu5kKw4geOYWw.jpg","type":"image\/jpeg"}],"twitter_card":"summary_large_image","twitter_misc":{"\u0426\u0435\u043d\u0430":"&euro;26.60","\u0414\u043e\u0441\u0442\u0443\u043f\u043d\u043e\u0441\u0442\u044c":"\u0420\u0430\u0441\u043f\u0440\u043e\u0434\u0430\u043d\u043e"},"schema":{"@context":"https:\/\/schema.org","@graph":[{"@type":["WebPage","ItemPage"],"@id":"https:\/\/odavprint.ee\/ru\/product\/tesla-10700100-usb-battery-charger-for-4pcs-aa-aaa\/","url":"https:\/\/odavprint.ee\/ru\/product\/tesla-10700100-usb-battery-charger-for-4pcs-aa-aaa\/","name":"Tesla (10700100) USB BATTERY CHARGER For 4PCS AA\/AAA, \u043b\u0443\u0447\u0448\u0430\u044f \u0446\u0435\u043d\u0430, \u043a\u0443\u043f\u0438\u0442\u044c \u0432 \u0438\u043d\u0442\u0435\u0440\u043d\u0435\u0442-\u043c\u0430\u0433\u0430\u0437\u0438\u043d\u0435 - Odav Print","isPartOf":{"@id":"https:\/\/odavprint.ee\/ru\/#website"},"primaryImageOfPage":{"@id":"https:\/\/odavprint.ee\/ru\/product\/tesla-10700100-usb-battery-charger-for-4pcs-aa-aaa\/#primaryimage"},"image":{"@id":"https:\/\/odavprint.ee\/ru\/product\/tesla-10700100-usb-battery-charger-for-4pcs-aa-aaa\/#primaryimage"},"thumbnailUrl":"https:\/\/odavprint.ee\/wp-content\/uploads\/2024\/06\/198689_bCgK5Injqqnn9Ppe7iZiniNuIWrOu5kKw4geOYWw.jpg","datePublished":"2023-09-13T08:44:52+00:00","dateModified":"2023-09-13T08:44:52+00:00","description":"\u041a\u0443\u043f\u0438\u0442\u044c Tesla (10700100) USB BATTERY CHARGER For 4PCS AA\/AAA \u0432 Odav Print \u260e +372 5911 9495 \u2714\ufe0f \u041b\u0443\u0447\u0448\u0430\u044f \u0446\u0435\u043d\u0430 \u043d\u0430 Tesla (10700100) USB BATTERY CHARGER For 4PCS AA\/AAA \u26df \u0411\u044b\u0441\u0442\u0440\u0430\u044f \u0434\u043e\u0441\u0442\u0430\u0432\u043a\u0430 \u043f\u043e \u042d\u0441\u0442\u043e\u043d\u0438\u0438 \u2b50 \u0413\u0430\u0440\u0430\u043d\u0442\u0438\u044f","breadcrumb":{"@id":"https:\/\/odavprint.ee\/ru\/product\/tesla-10700100-usb-battery-charger-for-4pcs-aa-aaa\/#breadcrumb"},"inLanguage":"ru-RU","potentialAction":[{"@type":"ReadAction","target":["https:\/\/odavprint.ee\/ru\/product\/tesla-10700100-usb-battery-charger-for-4pcs-aa-aaa\/"]}]},{"@type":"ImageObject","inLanguage":"ru-RU","@id":"https:\/\/odavprint.ee\/ru\/product\/tesla-10700100-usb-battery-charger-for-4pcs-aa-aaa\/#primaryimage","url":"https:\/\/odavprint.ee\/wp-content\/uploads\/2024\/06\/198689_bCgK5Injqqnn9Ppe7iZiniNuIWrOu5kKw4geOYWw.jpg","contentUrl":"https:\/\/odavprint.ee\/wp-content\/uploads\/2024\/06\/198689_bCgK5Injqqnn9Ppe7iZiniNuIWrOu5kKw4geOYWw.jpg","width":326,"height":500},{"@type":"BreadcrumbList","@id":"https:\/\/odavprint.ee\/ru\/product\/tesla-10700100-usb-battery-charger-for-4pcs-aa-aaa\/#breadcrumb","itemListElement":[{"@type":"ListItem","position":1,"name":"Home","item":"https:\/\/odavprint.ee\/ru\/%d0%b3%d0%bb%d0%b0%d0%b2%d0%bd%d0%b0%d1%8f\/"},{"@type":"ListItem","position":2,"name":"\u041c\u0430\u0433\u0430\u0437\u0438\u043d","item":"https:\/\/odavprint.ee\/ru\/shop\/"},{"@type":"ListItem","position":3,"name":"Tesla (10700100) USB BATTERY CHARGER For 4PCS AA\/AAA"}]},{"@type":"WebSite","@id":"https:\/\/odavprint.ee\/ru\/#website","url":"https:\/\/odavprint.ee\/ru\/","name":"Odav Print","description":"Just another WordPress site","publisher":{"@id":"https:\/\/odavprint.ee\/ru\/#organization"},"alternateName":"Kassettide, toonerite t\u00e4itmine ja m\u00fc\u00fck.","potentialAction":[{"@type":"SearchAction","target":{"@type":"EntryPoint","urlTemplate":"https:\/\/odavprint.ee\/ru\/?s={search_term_string}"},"query-input":"required name=search_term_string"}],"inLanguage":"ru-RU"},{"@type":["Organization","Place"],"@id":"https:\/\/odavprint.ee\/ru\/#organization","name":"Odav Print O\u00dc","url":"https:\/\/odavprint.ee\/ru\/","logo":{"@id":"https:\/\/odavprint.ee\/ru\/product\/tesla-10700100-usb-battery-charger-for-4pcs-aa-aaa\/#local-main-organization-logo"},"image":{"@id":"https:\/\/odavprint.ee\/ru\/product\/tesla-10700100-usb-battery-charger-for-4pcs-aa-aaa\/#local-main-organization-logo"},"address":{"@id":"https:\/\/odavprint.ee\/ru\/product\/tesla-10700100-usb-battery-charger-for-4pcs-aa-aaa\/#local-main-place-address"},"geo":{"@type":"GeoCoordinates","latitude":"59.4306504","longitude":"24.8095743"},"telephone":["53836926"],"openingHoursSpecification":[{"@type":"OpeningHoursSpecification","dayOfWeek":["Monday","Tuesday","Wednesday","Thursday","Friday","Saturday","Sunday"],"opens":"09:00","closes":"17:00"}],"email":"info@odavprint.eu"},{"@type":"PostalAddress","@id":"https:\/\/odavprint.ee\/ru\/product\/tesla-10700100-usb-battery-charger-for-4pcs-aa-aaa\/#local-main-place-address","streetAddress":"Pae tn 28","addressLocality":"Tallinn","postalCode":"11415","addressRegion":"Harjumaa","addressCountry":"EE"},{"@type":"ImageObject","inLanguage":"ru-RU","@id":"https:\/\/odavprint.ee\/ru\/product\/tesla-10700100-usb-battery-charger-for-4pcs-aa-aaa\/#local-main-organization-logo","url":"https:\/\/odavprint.ee\/wp-content\/uploads\/2018\/10\/odavprint-logo-240.jpg","contentUrl":"https:\/\/odavprint.ee\/wp-content\/uploads\/2018\/10\/odavprint-logo-240.jpg","width":240,"height":36,"caption":"Odav Print O\u00dc"}]},"product_price_amount":"26.60","product_price_currency":"EUR","og_availability":"out of stock","product_availability":"out of stock","product_retailer_item_id":"10700100","product_condition":"new","geo.placename":"Tallinn","geo.position":{"lat":"59.4306504","long":"24.8095743"},"geo.region":"\u042d\u0441\u0442\u043e\u043d\u0438\u044f"},"_links":{"self":[{"href":"https:\/\/odavprint.ee\/ru\/wp-json\/wp\/v2\/product\/198689"}],"collection":[{"href":"https:\/\/odavprint.ee\/ru\/wp-json\/wp\/v2\/product"}],"about":[{"href":"https:\/\/odavprint.ee\/ru\/wp-json\/wp\/v2\/types\/product"}],"wp:featuredmedia":[{"embeddable":true,"href":"https:\/\/odavprint.ee\/ru\/wp-json\/wp\/v2\/media\/204803"}],"wp:attachment":[{"href":"https:\/\/odavprint.ee\/ru\/wp-json\/wp\/v2\/media?parent=198689"}],"wp:term":[{"taxonomy":"product_cat","embeddable":true,"href":"https:\/\/odavprint.ee\/ru\/wp-json\/wp\/v2\/product_cat?post=198689"},{"taxonomy":"product_tag","embeddable":true,"href":"https:\/\/odavprint.ee\/ru\/wp-json\/wp\/v2\/product_tag?post=198689"}],"curies":[{"name":"wp","href":"https:\/\/api.w.org\/{rel}","templated":true}]}}