{"id":198925,"date":"2023-09-14T12:21:25","date_gmt":"2023-09-14T09:21:25","guid":{"rendered":"https:\/\/odavprint.ee\/product\/makita-e-10883-diyers-tool-kit-221-piece-case\/"},"modified":"2023-09-14T12:21:25","modified_gmt":"2023-09-14T09:21:25","slug":"makita-e-10883-diyers-tool-kit-221-piece-case","status":"publish","type":"product","link":"https:\/\/odavprint.ee\/ru\/product\/makita-e-10883-diyers-tool-kit-221-piece-case\/","title":{"rendered":"Makita E-10883 DIYers Tool kit 221-piece Case"},"content":{"rendered":"<table border=\"1\" cellspacing=\"0\" cellpadding=\"0\" width=\"672\" style=\"width: 504pt; border: none;\">\n<tbody>\n<tr style=\"height:15.0pt\">\n<td width=\"111\" nowrap=\"\" valign=\"top\" style=\"width:83.0pt;border:solid #BFBFBF 1.0pt;padding:0cm 5.4pt 0cm 5.4pt;height:15.0pt\">\n<p style=\"margin-bottom:0cm;line-height:normal\">Product Type<\/p>\n<\/td>\n<td width=\"561\" valign=\"top\" style=\"width:421.0pt;border:solid #BFBFBF 1.0pt;border-left:none;padding:0cm 5.4pt 0cm 5.4pt;height:\n  15.0pt\"><\/p>\n<p style=\"margin-bottom:0cm;line-height:normal\">Tool set<\/p>\n<\/td>\n<\/tr>\n<tr style=\"height:15.0pt\">\n<td width=\"111\" nowrap=\"\" valign=\"top\" style=\"width:83.0pt;border:solid #BFBFBF 1.0pt;border-top:none;padding:0cm 5.4pt 0cm 5.4pt;height:\n  15.0pt\"><\/p>\n<p style=\"margin-bottom:0cm;line-height:normal\">Tool Set (pieces)<\/p>\n<\/td>\n<td width=\"561\" valign=\"top\" style=\"width:421.0pt;border-top:none;border-left:\n  none;border-bottom:solid #BFBFBF 1.0pt;border-right:solid #BFBFBF 1.0pt;padding:0cm 5.4pt 0cm 5.4pt;height:\n  15.0pt\"><\/p>\n<p style=\"margin-bottom:0cm;line-height:normal\">221<\/p>\n<\/td>\n<\/tr>\n<tr style=\"height:15.0pt\">\n<td width=\"111\" nowrap=\"\" valign=\"top\" style=\"width:83.0pt;border:solid #BFBFBF 1.0pt;border-top:none;padding:0cm 5.4pt 0cm 5.4pt;height:\n  15.0pt\"><\/p>\n<p style=\"margin-bottom:0cm;line-height:normal\">Brand<\/p>\n<\/td>\n<td width=\"561\" valign=\"top\" style=\"width:421.0pt;border-top:none;border-left:\n  none;border-bottom:solid #BFBFBF 1.0pt;border-right:solid #BFBFBF 1.0pt;padding:0cm 5.4pt 0cm 5.4pt;height:\n  15.0pt\"><\/p>\n<p style=\"margin-bottom:0cm;line-height:normal\">Makita<\/p>\n<\/td>\n<\/tr>\n<tr style=\"height:15.0pt\">\n<td width=\"111\" nowrap=\"\" valign=\"top\" style=\"width:83.0pt;border:solid #BFBFBF 1.0pt;border-top:none;padding:0cm 5.4pt 0cm 5.4pt;height:\n  15.0pt\"><\/p>\n<p style=\"margin-bottom:0cm;line-height:normal\">Model<\/p>\n<\/td>\n<td width=\"561\" valign=\"top\" style=\"width:421.0pt;border-top:none;border-left:\n  none;border-bottom:solid #BFBFBF 1.0pt;border-right:solid #BFBFBF 1.0pt;padding:0cm 5.4pt 0cm 5.4pt;height:\n  15.0pt\"><\/p>\n<p style=\"margin-bottom:0cm;line-height:normal\">E-10883<\/p>\n<\/td>\n<\/tr>\n<tr style=\"height:300.0pt\">\n<td width=\"111\" nowrap=\"\" valign=\"top\" style=\"width:83.0pt;border:solid #BFBFBF 1.0pt;border-top:none;padding:0cm 5.4pt 0cm 5.4pt;height:\n  300.0pt\"><\/p>\n<p style=\"margin-bottom:0cm;line-height:normal\">Package Content<\/p>\n<\/td>\n<td width=\"561\" valign=\"top\" style=\"width:421.0pt;border-top:none;border-left:\n  none;border-bottom:solid #BFBFBF 1.0pt;border-right:solid #BFBFBF 1.0pt;padding:0cm 5.4pt 0cm 5.4pt;height:\n  300.0pt\"><\/p>\n<p style=\"margin-bottom:0cm;line-height:normal\">Magnetic bit holder &#8212; 60 mm, 2   spark plug sockets &#8212; 16, 21 mm, 2 ratcheting socket wrenches &#8212; 1\/4&#8243;,   1\/2&#8243;, 2 universal joints &#8212; 1\/4&#8243;, 1\/2&#8243;, 2 screwdriver bits   5\/16&#8243; &#8212; pozidriv PZ3, PZ4 x 30 mm, 2 screwdriver bits 5\/16&#8243; &#8212;   phillips PH3, PH4 x 30 mm, adapter 1\/4&#8243; hex to 1\/4&#8243; square x 25 mm,   screwdriver bit &#8212; phillips PH2 x 25 mm, bit adapter socket 1\/2&#8243; to   3\/8&#8243;, magnetic screw guide sleeve &#8212; 80 mm, screwdriver &#8212; square   1\/4&#8243;, 11 combination wrenches &#8212; 8-19 mm, 8 hex keys &#8212; 1.5, 2, 2.5, 3, 4,   5, 6, 8 mm, 36 screwdriver bits &#8212; phillips PH0 (x5), PH1 (x2), PH2 (x20), PH3   (x5), PH4 x 25 mm, 10 screwdriver bits &#8212; pozidriv PZ0 (x2), PZ1 (x2), PZ2   (x3), PZ3 (x2), PZ4 x 25 mm, 10 screwdriver bits &#8212; slot 3 (x2), 4 (x2), 5   (x2), 5.5 (x2), 6.5 (x2) x 25 mm, 10 screwdriver bits &#8212; hex H3, H4, H5, H6,   H7, H8, HH3, HH4, HH5, HH6 x 25 mm, adapter 1\/4&#8243; hex to 1\/4&#8243; square   x 30 mm, 12 socket wrenches 1\/4&#8243; &#8212; 5, 5.5, 6, 7, 8 (x2), 9, 10 (x2), 11,   12, 13 mm, 7 screwdriver bits 5\/16&#8243; &#8212; torx T25, T27, T30, T35, T40, T45,   T50 x 30 mm, 7 screwdriver bits &#8212; tamper-proof torx 5\/16&#8243; &#8212; TH25, TH27,   TH30, TH35, TH40, TH45, TH50 x 30 mm, 5 screwdriver bits 5\/16&#8243; &#8212; hex H4,   H5, H6, H7, H8 x 30 mm, 3 screwdriver bits 5\/16&#8243; &#8212; slot 6, 7, 8 mm x 30   mm, 1\/4&#8243; T-handle, 2 extension bars 1\/4&#8243; &#8212; 125 mm, 250 mm, 2 extension   bars 1\/2&#8243; &#8212; 50 mm, 100 mm, 24 sockets 1\/4&#8243;- 4, 4.5, 5, 5.5, 6, 7,   8, 9, 10, 11, 12, 13, 14, 15, 16, 17, 19, 20, 21, 22, 24, 27, 30, 32 mm, 7   sockets 1\/4&#8243; &#8212; torx E E10, E12, E14, E16, E18, E20, E24, 3 socket bits   1\/4&#8243; &#8212; phillips PH1, PH2, PH3, 3 socket bits 1\/4&#8243; &#8212; pozidriv PZ1,   PZ2, PZ3, 3 socket bits 1\/4&#8243; &#8212; slot 4, 5, 6 mm, 7 socket bits 1\/4&#8243;   &#8212; torx T10, T15, T20, T25, T27, T30, T40, 4 socket bits 1\/4&#8243; &#8212; hex H3,   H4, H5, H6, screwdriver &#8212; hex 1\/4&#8243;<\/p>\n<\/td>\n<\/tr>\n<tr style=\"height:15.0pt\">\n<td width=\"111\" nowrap=\"\" valign=\"top\" style=\"width:83.0pt;border:solid #BFBFBF 1.0pt;border-top:none;padding:0cm 5.4pt 0cm 5.4pt;height:\n  15.0pt\"><\/p>\n<p style=\"margin-bottom:0cm;line-height:normal\">Holder type<\/p>\n<\/td>\n<td width=\"561\" valign=\"top\" style=\"width:421.0pt;border-top:none;border-left:\n  none;border-bottom:solid #BFBFBF 1.0pt;border-right:solid #BFBFBF 1.0pt;padding:0cm 5.4pt 0cm 5.4pt;height:\n  15.0pt\"><\/p>\n<p style=\"margin-bottom:0cm;line-height:normal\">Plastic Case<\/p>\n<\/td>\n<\/tr>\n<\/tbody>\n<\/table>\n","protected":false},"excerpt":{"rendered":"<p>Product Type Tool set Tool Set (pieces) 221 Brand Makita Model E-10883 Package Content Magnetic bit holder &#8212; 60 mm, 2 spark plug sockets &#8212; 16, 21 mm, 2 ratcheting socket wrenches &#8212; 1\/4&#8243;, 1\/2&#8243;, 2 universal joints &#8212; 1\/4&#8243;, 1\/2&#8243;, 2 screwdriver bits 5\/16&#8243; &#8212; pozidriv PZ3, PZ4 x 30 mm, 2 screwdriver bits [&#8230;]\n","protected":false},"featured_media":198926,"template":"","meta":{"inline_featured_image":false},"product_cat":[39036],"product_tag":[],"yoast_head":"<!-- This site is optimized with the Yoast SEO Premium plugin v23.0 (Yoast SEO v23.0) - https:\/\/yoast.com\/wordpress\/plugins\/seo\/ -->\n<title>Makita E-10883 DIYers Tool kit 221-piece Case, \u043b\u0443\u0447\u0448\u0430\u044f \u0446\u0435\u043d\u0430, \u043a\u0443\u043f\u0438\u0442\u044c \u0432 \u0438\u043d\u0442\u0435\u0440\u043d\u0435\u0442-\u043c\u0430\u0433\u0430\u0437\u0438\u043d\u0435 - Odav Print<\/title>\n<meta name=\"description\" content=\"\u041a\u0443\u043f\u0438\u0442\u044c Makita E-10883 DIYers Tool kit 221-piece Case \u0432 Odav Print \u260e +372 5911 9495 \u2714\ufe0f \u041b\u0443\u0447\u0448\u0430\u044f \u0446\u0435\u043d\u0430 \u043d\u0430 Makita E-10883 DIYers Tool kit 221-piece Case \u26df \u0411\u044b\u0441\u0442\u0440\u0430\u044f \u0434\u043e\u0441\u0442\u0430\u0432\u043a\u0430 \u043f\u043e \u042d\u0441\u0442\u043e\u043d\u0438\u0438 \u2b50 \u0413\u0430\u0440\u0430\u043d\u0442\u0438\u044f\" \/>\n<meta name=\"robots\" content=\"index, follow, max-snippet:-1, max-image-preview:large, max-video-preview:-1\" \/>\n<link rel=\"canonical\" href=\"https:\/\/odavprint.ee\/ru\/product\/makita-e-10883-diyers-tool-kit-221-piece-case\/\" \/>\n<meta property=\"og:locale\" content=\"ru_RU\" \/>\n<meta property=\"og:type\" content=\"article\" \/>\n<meta property=\"og:title\" content=\"Makita E-10883 DIYers Tool kit 221-piece Case\" \/>\n<meta property=\"og:description\" content=\"\u041a\u0443\u043f\u0438\u0442\u044c Makita E-10883 DIYers Tool kit 221-piece Case \u0432 Odav Print \u260e +372 5911 9495 \u2714\ufe0f \u041b\u0443\u0447\u0448\u0430\u044f \u0446\u0435\u043d\u0430 \u043d\u0430 Makita E-10883 DIYers Tool kit 221-piece Case \u26df \u0411\u044b\u0441\u0442\u0440\u0430\u044f \u0434\u043e\u0441\u0442\u0430\u0432\u043a\u0430 \u043f\u043e \u042d\u0441\u0442\u043e\u043d\u0438\u0438 \u2b50 \u0413\u0430\u0440\u0430\u043d\u0442\u0438\u044f\" \/>\n<meta property=\"og:url\" content=\"https:\/\/odavprint.ee\/ru\/product\/makita-e-10883-diyers-tool-kit-221-piece-case\/\" \/>\n<meta property=\"og:site_name\" content=\"Odav Print\" \/>\n<meta property=\"og:image\" content=\"https:\/\/odavprint.ee\/wp-content\/uploads\/2023\/09\/198925_ea81aa85-327f-412e-becf-3ba92d33d1f0.jpg\" \/>\n\t<meta property=\"og:image:width\" content=\"500\" \/>\n\t<meta property=\"og:image:height\" content=\"500\" \/>\n\t<meta property=\"og:image:type\" content=\"image\/jpeg\" \/>\n<meta name=\"twitter:card\" content=\"summary_large_image\" \/>\n<meta name=\"twitter:label1\" content=\"\u0426\u0435\u043d\u0430\" \/>\n\t<meta name=\"twitter:data1\" content=\"&euro;135.70\" \/>\n\t<meta name=\"twitter:label2\" content=\"\u0414\u043e\u0441\u0442\u0443\u043f\u043d\u043e\u0441\u0442\u044c\" \/>\n\t<meta name=\"twitter:data2\" content=\"\u0420\u0430\u0441\u043f\u0440\u043e\u0434\u0430\u043d\u043e\" \/>\n<script type=\"application\/ld+json\" class=\"yoast-schema-graph\">{\"@context\":\"https:\/\/schema.org\",\"@graph\":[{\"@type\":[\"WebPage\",\"ItemPage\"],\"@id\":\"https:\/\/odavprint.ee\/ru\/product\/makita-e-10883-diyers-tool-kit-221-piece-case\/\",\"url\":\"https:\/\/odavprint.ee\/ru\/product\/makita-e-10883-diyers-tool-kit-221-piece-case\/\",\"name\":\"Makita E-10883 DIYers Tool kit 221-piece Case, \u043b\u0443\u0447\u0448\u0430\u044f \u0446\u0435\u043d\u0430, \u043a\u0443\u043f\u0438\u0442\u044c \u0432 \u0438\u043d\u0442\u0435\u0440\u043d\u0435\u0442-\u043c\u0430\u0433\u0430\u0437\u0438\u043d\u0435 - Odav Print\",\"isPartOf\":{\"@id\":\"https:\/\/odavprint.ee\/ru\/#website\"},\"primaryImageOfPage\":{\"@id\":\"https:\/\/odavprint.ee\/ru\/product\/makita-e-10883-diyers-tool-kit-221-piece-case\/#primaryimage\"},\"image\":{\"@id\":\"https:\/\/odavprint.ee\/ru\/product\/makita-e-10883-diyers-tool-kit-221-piece-case\/#primaryimage\"},\"thumbnailUrl\":\"https:\/\/odavprint.ee\/wp-content\/uploads\/2023\/09\/198925_ea81aa85-327f-412e-becf-3ba92d33d1f0.jpg\",\"datePublished\":\"2023-09-14T09:21:25+00:00\",\"dateModified\":\"2023-09-14T09:21:25+00:00\",\"description\":\"\u041a\u0443\u043f\u0438\u0442\u044c Makita E-10883 DIYers Tool kit 221-piece Case \u0432 Odav Print \u260e +372 5911 9495 \u2714\ufe0f \u041b\u0443\u0447\u0448\u0430\u044f \u0446\u0435\u043d\u0430 \u043d\u0430 Makita E-10883 DIYers Tool kit 221-piece Case \u26df \u0411\u044b\u0441\u0442\u0440\u0430\u044f \u0434\u043e\u0441\u0442\u0430\u0432\u043a\u0430 \u043f\u043e \u042d\u0441\u0442\u043e\u043d\u0438\u0438 \u2b50 \u0413\u0430\u0440\u0430\u043d\u0442\u0438\u044f\",\"breadcrumb\":{\"@id\":\"https:\/\/odavprint.ee\/ru\/product\/makita-e-10883-diyers-tool-kit-221-piece-case\/#breadcrumb\"},\"inLanguage\":\"ru-RU\",\"potentialAction\":[{\"@type\":\"ReadAction\",\"target\":[\"https:\/\/odavprint.ee\/ru\/product\/makita-e-10883-diyers-tool-kit-221-piece-case\/\"]}]},{\"@type\":\"ImageObject\",\"inLanguage\":\"ru-RU\",\"@id\":\"https:\/\/odavprint.ee\/ru\/product\/makita-e-10883-diyers-tool-kit-221-piece-case\/#primaryimage\",\"url\":\"https:\/\/odavprint.ee\/wp-content\/uploads\/2023\/09\/198925_ea81aa85-327f-412e-becf-3ba92d33d1f0.jpg\",\"contentUrl\":\"https:\/\/odavprint.ee\/wp-content\/uploads\/2023\/09\/198925_ea81aa85-327f-412e-becf-3ba92d33d1f0.jpg\",\"width\":500,\"height\":500},{\"@type\":\"BreadcrumbList\",\"@id\":\"https:\/\/odavprint.ee\/ru\/product\/makita-e-10883-diyers-tool-kit-221-piece-case\/#breadcrumb\",\"itemListElement\":[{\"@type\":\"ListItem\",\"position\":1,\"name\":\"Home\",\"item\":\"https:\/\/odavprint.ee\/ru\/%d0%b3%d0%bb%d0%b0%d0%b2%d0%bd%d0%b0%d1%8f\/\"},{\"@type\":\"ListItem\",\"position\":2,\"name\":\"\u041c\u0430\u0433\u0430\u0437\u0438\u043d\",\"item\":\"https:\/\/odavprint.ee\/ru\/shop\/\"},{\"@type\":\"ListItem\",\"position\":3,\"name\":\"Makita E-10883 DIYers Tool kit 221-piece Case\"}]},{\"@type\":\"WebSite\",\"@id\":\"https:\/\/odavprint.ee\/ru\/#website\",\"url\":\"https:\/\/odavprint.ee\/ru\/\",\"name\":\"Odav Print\",\"description\":\"Just another WordPress site\",\"publisher\":{\"@id\":\"https:\/\/odavprint.ee\/ru\/#organization\"},\"alternateName\":\"Kassettide, toonerite t\u00e4itmine ja m\u00fc\u00fck.\",\"potentialAction\":[{\"@type\":\"SearchAction\",\"target\":{\"@type\":\"EntryPoint\",\"urlTemplate\":\"https:\/\/odavprint.ee\/ru\/?s={search_term_string}\"},\"query-input\":\"required name=search_term_string\"}],\"inLanguage\":\"ru-RU\"},{\"@type\":[\"Organization\",\"Place\"],\"@id\":\"https:\/\/odavprint.ee\/ru\/#organization\",\"name\":\"Odav Print O\u00dc\",\"url\":\"https:\/\/odavprint.ee\/ru\/\",\"logo\":{\"@id\":\"https:\/\/odavprint.ee\/ru\/product\/makita-e-10883-diyers-tool-kit-221-piece-case\/#local-main-organization-logo\"},\"image\":{\"@id\":\"https:\/\/odavprint.ee\/ru\/product\/makita-e-10883-diyers-tool-kit-221-piece-case\/#local-main-organization-logo\"},\"address\":{\"@id\":\"https:\/\/odavprint.ee\/ru\/product\/makita-e-10883-diyers-tool-kit-221-piece-case\/#local-main-place-address\"},\"geo\":{\"@type\":\"GeoCoordinates\",\"latitude\":\"59.4306504\",\"longitude\":\"24.8095743\"},\"telephone\":[\"53836926\"],\"openingHoursSpecification\":[{\"@type\":\"OpeningHoursSpecification\",\"dayOfWeek\":[\"Monday\",\"Tuesday\",\"Wednesday\",\"Thursday\",\"Friday\",\"Saturday\",\"Sunday\"],\"opens\":\"09:00\",\"closes\":\"17:00\"}],\"email\":\"info@odavprint.eu\"},{\"@type\":\"PostalAddress\",\"@id\":\"https:\/\/odavprint.ee\/ru\/product\/makita-e-10883-diyers-tool-kit-221-piece-case\/#local-main-place-address\",\"streetAddress\":\"Pae tn 28\",\"addressLocality\":\"Tallinn\",\"postalCode\":\"11415\",\"addressRegion\":\"Harjumaa\",\"addressCountry\":\"EE\"},{\"@type\":\"ImageObject\",\"inLanguage\":\"ru-RU\",\"@id\":\"https:\/\/odavprint.ee\/ru\/product\/makita-e-10883-diyers-tool-kit-221-piece-case\/#local-main-organization-logo\",\"url\":\"https:\/\/odavprint.ee\/wp-content\/uploads\/2018\/10\/odavprint-logo-240.jpg\",\"contentUrl\":\"https:\/\/odavprint.ee\/wp-content\/uploads\/2018\/10\/odavprint-logo-240.jpg\",\"width\":240,\"height\":36,\"caption\":\"Odav Print O\u00dc\"}]}<\/script>\n<meta property=\"product:price:amount\" content=\"135.70\" \/>\n<meta property=\"product:price:currency\" content=\"EUR\" \/>\n<meta property=\"og:availability\" content=\"out of stock\" \/>\n<meta property=\"product:availability\" content=\"out of stock\" \/>\n<meta property=\"product:retailer_item_id\" content=\"E-10883\" \/>\n<meta property=\"product:condition\" content=\"new\" \/>\n<meta name=\"geo.placename\" content=\"Tallinn\" \/>\n<meta name=\"geo.position\" content=\"59.4306504;24.8095743\" \/>\n<meta name=\"geo.region\" content=\"\u042d\u0441\u0442\u043e\u043d\u0438\u044f\" \/>\n<!-- \/ Yoast SEO Premium plugin. -->","yoast_head_json":{"title":"Makita E-10883 DIYers Tool kit 221-piece Case, \u043b\u0443\u0447\u0448\u0430\u044f \u0446\u0435\u043d\u0430, \u043a\u0443\u043f\u0438\u0442\u044c \u0432 \u0438\u043d\u0442\u0435\u0440\u043d\u0435\u0442-\u043c\u0430\u0433\u0430\u0437\u0438\u043d\u0435 - Odav Print","description":"\u041a\u0443\u043f\u0438\u0442\u044c Makita E-10883 DIYers Tool kit 221-piece Case \u0432 Odav Print \u260e +372 5911 9495 \u2714\ufe0f \u041b\u0443\u0447\u0448\u0430\u044f \u0446\u0435\u043d\u0430 \u043d\u0430 Makita E-10883 DIYers Tool kit 221-piece Case \u26df \u0411\u044b\u0441\u0442\u0440\u0430\u044f \u0434\u043e\u0441\u0442\u0430\u0432\u043a\u0430 \u043f\u043e \u042d\u0441\u0442\u043e\u043d\u0438\u0438 \u2b50 \u0413\u0430\u0440\u0430\u043d\u0442\u0438\u044f","robots":{"index":"index","follow":"follow","max-snippet":"max-snippet:-1","max-image-preview":"max-image-preview:large","max-video-preview":"max-video-preview:-1"},"canonical":"https:\/\/odavprint.ee\/ru\/product\/makita-e-10883-diyers-tool-kit-221-piece-case\/","og_locale":"ru_RU","og_type":"article","og_title":"Makita E-10883 DIYers Tool kit 221-piece Case","og_description":"\u041a\u0443\u043f\u0438\u0442\u044c Makita E-10883 DIYers Tool kit 221-piece Case \u0432 Odav Print \u260e +372 5911 9495 \u2714\ufe0f \u041b\u0443\u0447\u0448\u0430\u044f \u0446\u0435\u043d\u0430 \u043d\u0430 Makita E-10883 DIYers Tool kit 221-piece Case \u26df \u0411\u044b\u0441\u0442\u0440\u0430\u044f \u0434\u043e\u0441\u0442\u0430\u0432\u043a\u0430 \u043f\u043e \u042d\u0441\u0442\u043e\u043d\u0438\u0438 \u2b50 \u0413\u0430\u0440\u0430\u043d\u0442\u0438\u044f","og_url":"https:\/\/odavprint.ee\/ru\/product\/makita-e-10883-diyers-tool-kit-221-piece-case\/","og_site_name":"Odav Print","og_image":[{"width":500,"height":500,"url":"https:\/\/odavprint.ee\/wp-content\/uploads\/2023\/09\/198925_ea81aa85-327f-412e-becf-3ba92d33d1f0.jpg","type":"image\/jpeg"}],"twitter_card":"summary_large_image","twitter_misc":{"\u0426\u0435\u043d\u0430":"&euro;135.70","\u0414\u043e\u0441\u0442\u0443\u043f\u043d\u043e\u0441\u0442\u044c":"\u0420\u0430\u0441\u043f\u0440\u043e\u0434\u0430\u043d\u043e"},"schema":{"@context":"https:\/\/schema.org","@graph":[{"@type":["WebPage","ItemPage"],"@id":"https:\/\/odavprint.ee\/ru\/product\/makita-e-10883-diyers-tool-kit-221-piece-case\/","url":"https:\/\/odavprint.ee\/ru\/product\/makita-e-10883-diyers-tool-kit-221-piece-case\/","name":"Makita E-10883 DIYers Tool kit 221-piece Case, \u043b\u0443\u0447\u0448\u0430\u044f \u0446\u0435\u043d\u0430, \u043a\u0443\u043f\u0438\u0442\u044c \u0432 \u0438\u043d\u0442\u0435\u0440\u043d\u0435\u0442-\u043c\u0430\u0433\u0430\u0437\u0438\u043d\u0435 - Odav Print","isPartOf":{"@id":"https:\/\/odavprint.ee\/ru\/#website"},"primaryImageOfPage":{"@id":"https:\/\/odavprint.ee\/ru\/product\/makita-e-10883-diyers-tool-kit-221-piece-case\/#primaryimage"},"image":{"@id":"https:\/\/odavprint.ee\/ru\/product\/makita-e-10883-diyers-tool-kit-221-piece-case\/#primaryimage"},"thumbnailUrl":"https:\/\/odavprint.ee\/wp-content\/uploads\/2023\/09\/198925_ea81aa85-327f-412e-becf-3ba92d33d1f0.jpg","datePublished":"2023-09-14T09:21:25+00:00","dateModified":"2023-09-14T09:21:25+00:00","description":"\u041a\u0443\u043f\u0438\u0442\u044c Makita E-10883 DIYers Tool kit 221-piece Case \u0432 Odav Print \u260e +372 5911 9495 \u2714\ufe0f \u041b\u0443\u0447\u0448\u0430\u044f \u0446\u0435\u043d\u0430 \u043d\u0430 Makita E-10883 DIYers Tool kit 221-piece Case \u26df \u0411\u044b\u0441\u0442\u0440\u0430\u044f \u0434\u043e\u0441\u0442\u0430\u0432\u043a\u0430 \u043f\u043e \u042d\u0441\u0442\u043e\u043d\u0438\u0438 \u2b50 \u0413\u0430\u0440\u0430\u043d\u0442\u0438\u044f","breadcrumb":{"@id":"https:\/\/odavprint.ee\/ru\/product\/makita-e-10883-diyers-tool-kit-221-piece-case\/#breadcrumb"},"inLanguage":"ru-RU","potentialAction":[{"@type":"ReadAction","target":["https:\/\/odavprint.ee\/ru\/product\/makita-e-10883-diyers-tool-kit-221-piece-case\/"]}]},{"@type":"ImageObject","inLanguage":"ru-RU","@id":"https:\/\/odavprint.ee\/ru\/product\/makita-e-10883-diyers-tool-kit-221-piece-case\/#primaryimage","url":"https:\/\/odavprint.ee\/wp-content\/uploads\/2023\/09\/198925_ea81aa85-327f-412e-becf-3ba92d33d1f0.jpg","contentUrl":"https:\/\/odavprint.ee\/wp-content\/uploads\/2023\/09\/198925_ea81aa85-327f-412e-becf-3ba92d33d1f0.jpg","width":500,"height":500},{"@type":"BreadcrumbList","@id":"https:\/\/odavprint.ee\/ru\/product\/makita-e-10883-diyers-tool-kit-221-piece-case\/#breadcrumb","itemListElement":[{"@type":"ListItem","position":1,"name":"Home","item":"https:\/\/odavprint.ee\/ru\/%d0%b3%d0%bb%d0%b0%d0%b2%d0%bd%d0%b0%d1%8f\/"},{"@type":"ListItem","position":2,"name":"\u041c\u0430\u0433\u0430\u0437\u0438\u043d","item":"https:\/\/odavprint.ee\/ru\/shop\/"},{"@type":"ListItem","position":3,"name":"Makita E-10883 DIYers Tool kit 221-piece Case"}]},{"@type":"WebSite","@id":"https:\/\/odavprint.ee\/ru\/#website","url":"https:\/\/odavprint.ee\/ru\/","name":"Odav Print","description":"Just another WordPress site","publisher":{"@id":"https:\/\/odavprint.ee\/ru\/#organization"},"alternateName":"Kassettide, toonerite t\u00e4itmine ja m\u00fc\u00fck.","potentialAction":[{"@type":"SearchAction","target":{"@type":"EntryPoint","urlTemplate":"https:\/\/odavprint.ee\/ru\/?s={search_term_string}"},"query-input":"required name=search_term_string"}],"inLanguage":"ru-RU"},{"@type":["Organization","Place"],"@id":"https:\/\/odavprint.ee\/ru\/#organization","name":"Odav Print O\u00dc","url":"https:\/\/odavprint.ee\/ru\/","logo":{"@id":"https:\/\/odavprint.ee\/ru\/product\/makita-e-10883-diyers-tool-kit-221-piece-case\/#local-main-organization-logo"},"image":{"@id":"https:\/\/odavprint.ee\/ru\/product\/makita-e-10883-diyers-tool-kit-221-piece-case\/#local-main-organization-logo"},"address":{"@id":"https:\/\/odavprint.ee\/ru\/product\/makita-e-10883-diyers-tool-kit-221-piece-case\/#local-main-place-address"},"geo":{"@type":"GeoCoordinates","latitude":"59.4306504","longitude":"24.8095743"},"telephone":["53836926"],"openingHoursSpecification":[{"@type":"OpeningHoursSpecification","dayOfWeek":["Monday","Tuesday","Wednesday","Thursday","Friday","Saturday","Sunday"],"opens":"09:00","closes":"17:00"}],"email":"info@odavprint.eu"},{"@type":"PostalAddress","@id":"https:\/\/odavprint.ee\/ru\/product\/makita-e-10883-diyers-tool-kit-221-piece-case\/#local-main-place-address","streetAddress":"Pae tn 28","addressLocality":"Tallinn","postalCode":"11415","addressRegion":"Harjumaa","addressCountry":"EE"},{"@type":"ImageObject","inLanguage":"ru-RU","@id":"https:\/\/odavprint.ee\/ru\/product\/makita-e-10883-diyers-tool-kit-221-piece-case\/#local-main-organization-logo","url":"https:\/\/odavprint.ee\/wp-content\/uploads\/2018\/10\/odavprint-logo-240.jpg","contentUrl":"https:\/\/odavprint.ee\/wp-content\/uploads\/2018\/10\/odavprint-logo-240.jpg","width":240,"height":36,"caption":"Odav Print O\u00dc"}]},"product_price_amount":"135.70","product_price_currency":"EUR","og_availability":"out of stock","product_availability":"out of stock","product_retailer_item_id":"E-10883","product_condition":"new","geo.placename":"Tallinn","geo.position":{"lat":"59.4306504","long":"24.8095743"},"geo.region":"\u042d\u0441\u0442\u043e\u043d\u0438\u044f"},"_links":{"self":[{"href":"https:\/\/odavprint.ee\/ru\/wp-json\/wp\/v2\/product\/198925"}],"collection":[{"href":"https:\/\/odavprint.ee\/ru\/wp-json\/wp\/v2\/product"}],"about":[{"href":"https:\/\/odavprint.ee\/ru\/wp-json\/wp\/v2\/types\/product"}],"wp:featuredmedia":[{"embeddable":true,"href":"https:\/\/odavprint.ee\/ru\/wp-json\/wp\/v2\/media\/198926"}],"wp:attachment":[{"href":"https:\/\/odavprint.ee\/ru\/wp-json\/wp\/v2\/media?parent=198925"}],"wp:term":[{"taxonomy":"product_cat","embeddable":true,"href":"https:\/\/odavprint.ee\/ru\/wp-json\/wp\/v2\/product_cat?post=198925"},{"taxonomy":"product_tag","embeddable":true,"href":"https:\/\/odavprint.ee\/ru\/wp-json\/wp\/v2\/product_tag?post=198925"}],"curies":[{"name":"wp","href":"https:\/\/api.w.org\/{rel}","templated":true}]}}