{"id":216871,"date":"2026-02-19T21:16:08","date_gmt":"2026-02-19T19:16:08","guid":{"rendered":"https:\/\/odavprint.ee\/?post_type=product&#038;p=216871"},"modified":"2026-03-02T18:17:28","modified_gmt":"2026-03-02T16:17:28","slug":"dore-dp-470b-dp470b-etiketiprinter-zebra-800264-605-102%d1%85152-mm-etiketi-rull-dore-analoog-komplekt-2-tukki","status":"publish","type":"product","link":"https:\/\/odavprint.ee\/ru\/product\/dore-dp-470b-dp470b-etiketiprinter-zebra-800264-605-102%d1%85152-mm-etiketi-rull-dore-analoog-komplekt-2-tukki\/","title":{"rendered":"Dore DP-470B DP470B etiketiprinter + Zebra 800264-605 102\u0445152 mm etiketi rull Dore analoog komplekt 2 t\u00fckki"},"content":{"rendered":"<p><strong>Resolutioon:<\/strong>\u00a08 dots\/mm(203 DPI)<br \/><strong>Printimise meetod:<\/strong>\u00a0Direct Thermal<br \/><strong>Max.print kiirus(Max.):<\/strong>\u00a0127 mm (5&#8243;) \/ s<br \/><strong>Max.print pikkus(Max.):<\/strong>\u00a0108 mm (4.25&#8243;)<br \/><strong>Max.print laius(Max.):<\/strong>\u00a02286 mm (90&#8243;)<br \/><strong>Meedia t\u00fc\u00fcp:\u00a0<\/strong>Continous, gap, black mark, fan-fold and punched hole<br \/><strong>Meedia pikkus:<\/strong>\u00a020-112mm (0.78\u201d-4.4\u201d)<br \/><strong>Media paksus:<\/strong>\u00a00.06 &#8212; 0.16 mm (2.36 &#8212; 6.3 mil)<br \/><strong>Liides:<\/strong>\u00a0USB 2.0<br \/><strong>M\u00e4rgise pikkus<\/strong><strong>:<\/strong>\u00a010~2,286mm(0.4\u201d~90\u201d)<br \/><strong>M\u00e4rgistuste rullide maht<\/strong><strong>:\u00a0<\/strong>127 mm(5&#8243;) OD (outside wound)<br \/><strong>Lisa<\/strong><strong>:<\/strong>\u00a0Double-walled plastic<br \/><strong>F\u00fc\u00fcsiline m\u00f5\u00f5de:<\/strong>\u00a0240 mm (W) x 211 mm (H) x 166 mm (D)<br \/><strong>Kaal:<\/strong>\u00a02.15kg<br \/><strong>Protsessor:<\/strong>\u00a032-bit RISC CPU<br \/><strong>M\u00e4lu:<\/strong>\u00a04MB Flash Memory, 8MB SDRAM, SD card reader for Flash memory expansion up to 4GB\u00a0<br \/><strong>V\u00f5imsus:<\/strong>\u00a0External universal switching power supply<br \/><strong>Sisend:<\/strong>\u00a0AC 100-240V, 2.5A, 50-60Hz<br \/><strong>V\u00e4ljund:<\/strong>\u00a0DC 24V, 2.5A, 60W<br \/><strong>Andurid:<\/strong>\u00a0Black mark reflective sensor (position adjustable), Head open sensor, Transmissive gap sensor<br \/><strong>Sisemised fontid<\/strong><strong>:<\/strong>\u00a08-alpha-numeric bitmap fonts, Windows fonts are downloadable from software<\/p>\n","protected":false},"excerpt":{"rendered":"<p>https:\/\/www.youtube.com\/watch?v=b1CP8be61N0<\/p>\n","protected":false},"featured_media":216872,"template":"","meta":{"inline_featured_image":false},"product_cat":[39148,39163,39164],"product_tag":[],"yoast_head":"<!-- This site is optimized with the Yoast SEO Premium plugin v23.0 (Yoast SEO v23.0) - https:\/\/yoast.com\/wordpress\/plugins\/seo\/ -->\n<title>Dore DP-470B DP470B etiketiprinter + Zebra 800264-605 102\u0445152 mm etiketi rull Dore analoog komplekt 2 t\u00fckki, \u043b\u0443\u0447\u0448\u0430\u044f \u0446\u0435\u043d\u0430, \u043a\u0443\u043f\u0438\u0442\u044c \u0432 \u0438\u043d\u0442\u0435\u0440\u043d\u0435\u0442-\u043c\u0430\u0433\u0430\u0437\u0438\u043d\u0435 - Odav Print<\/title>\n<meta name=\"description\" content=\"\u041a\u0443\u043f\u0438\u0442\u044c Dore DP-470B DP470B etiketiprinter + Zebra 800264-605 102\u0445152 mm etiketi rull Dore analoog komplekt 2 t\u00fckki \u0432 Odav Print \u260e +372 5911 9495 \u2714\ufe0f \u041b\u0443\u0447\u0448\u0430\u044f \u0446\u0435\u043d\u0430 \u043d\u0430 Dore DP-470B DP470B etiketiprinter + Zebra 800264-605 102\u0445152 mm etiketi rull Dore analoog komplekt 2 t\u00fckki \u26df \u0411\u044b\u0441\u0442\u0440\u0430\u044f \u0434\u043e\u0441\u0442\u0430\u0432\u043a\u0430 \u043f\u043e \u042d\u0441\u0442\u043e\u043d\u0438\u0438 \u2b50 \u0413\u0430\u0440\u0430\u043d\u0442\u0438\u044f\" \/>\n<meta name=\"robots\" content=\"index, follow, max-snippet:-1, max-image-preview:large, max-video-preview:-1\" \/>\n<link rel=\"canonical\" href=\"https:\/\/odavprint.ee\/ru\/product\/dore-dp-470b-dp470b-etiketiprinter-zebra-800264-605-102%d1%85152-mm-etiketi-rull-dore-analoog-komplekt-2-tukki\/\" \/>\n<meta property=\"og:locale\" content=\"ru_RU\" \/>\n<meta property=\"og:type\" content=\"article\" \/>\n<meta property=\"og:title\" content=\"Dore DP-470B DP470B etiketiprinter + Zebra 800264-605 102\u0445152 mm etiketi rull Dore analoog komplekt 2 t\u00fckki\" \/>\n<meta property=\"og:description\" content=\"\u041a\u0443\u043f\u0438\u0442\u044c Dore DP-470B DP470B etiketiprinter + Zebra 800264-605 102\u0445152 mm etiketi rull Dore analoog komplekt 2 t\u00fckki \u0432 Odav Print \u260e +372 5911 9495 \u2714\ufe0f \u041b\u0443\u0447\u0448\u0430\u044f \u0446\u0435\u043d\u0430 \u043d\u0430 Dore DP-470B DP470B etiketiprinter + Zebra 800264-605 102\u0445152 mm etiketi rull Dore analoog komplekt 2 t\u00fckki \u26df \u0411\u044b\u0441\u0442\u0440\u0430\u044f \u0434\u043e\u0441\u0442\u0430\u0432\u043a\u0430 \u043f\u043e \u042d\u0441\u0442\u043e\u043d\u0438\u0438 \u2b50 \u0413\u0430\u0440\u0430\u043d\u0442\u0438\u044f\" \/>\n<meta property=\"og:url\" content=\"https:\/\/odavprint.ee\/ru\/product\/dore-dp-470b-dp470b-etiketiprinter-zebra-800264-605-102%d1%85152-mm-etiketi-rull-dore-analoog-komplekt-2-tukki\/\" \/>\n<meta property=\"og:site_name\" content=\"Odav Print\" \/>\n<meta property=\"article:modified_time\" content=\"2026-03-02T16:17:28+00:00\" \/>\n<meta name=\"twitter:card\" content=\"summary_large_image\" \/>\n<meta name=\"twitter:label1\" content=\"\u0426\u0435\u043d\u0430\" \/>\n\t<meta name=\"twitter:data1\" content=\"&euro;151.44\" \/>\n\t<meta name=\"twitter:label2\" content=\"\u0414\u043e\u0441\u0442\u0443\u043f\u043d\u043e\u0441\u0442\u044c\" \/>\n\t<meta name=\"twitter:data2\" content=\"\u0412 \u043d\u0430\u043b\u0438\u0447\u0438\u0438\" \/>\n<script type=\"application\/ld+json\" class=\"yoast-schema-graph\">{\"@context\":\"https:\/\/schema.org\",\"@graph\":[{\"@type\":[\"WebPage\",\"ItemPage\"],\"@id\":\"https:\/\/odavprint.ee\/ru\/product\/dore-dp-470b-dp470b-etiketiprinter-zebra-800264-605-102%d1%85152-mm-etiketi-rull-dore-analoog-komplekt-2-tukki\/\",\"url\":\"https:\/\/odavprint.ee\/ru\/product\/dore-dp-470b-dp470b-etiketiprinter-zebra-800264-605-102%d1%85152-mm-etiketi-rull-dore-analoog-komplekt-2-tukki\/\",\"name\":\"Dore DP-470B DP470B etiketiprinter + Zebra 800264-605 102\u0445152 mm etiketi rull Dore analoog komplekt 2 t\u00fckki, \u043b\u0443\u0447\u0448\u0430\u044f \u0446\u0435\u043d\u0430, \u043a\u0443\u043f\u0438\u0442\u044c \u0432 \u0438\u043d\u0442\u0435\u0440\u043d\u0435\u0442-\u043c\u0430\u0433\u0430\u0437\u0438\u043d\u0435 - Odav Print\",\"isPartOf\":{\"@id\":\"https:\/\/odavprint.ee\/ru\/#website\"},\"primaryImageOfPage\":{\"@id\":\"https:\/\/odavprint.ee\/ru\/product\/dore-dp-470b-dp470b-etiketiprinter-zebra-800264-605-102%d1%85152-mm-etiketi-rull-dore-analoog-komplekt-2-tukki\/#primaryimage\"},\"image\":{\"@id\":\"https:\/\/odavprint.ee\/ru\/product\/dore-dp-470b-dp470b-etiketiprinter-zebra-800264-605-102%d1%85152-mm-etiketi-rull-dore-analoog-komplekt-2-tukki\/#primaryimage\"},\"thumbnailUrl\":\"https:\/\/odavprint.ee\/wp-content\/uploads\/2026\/02\/dore-dp-470b-dp470b-label-printer-zebra-800264-605-102kh152-mm-label-roll-dore-compatible-set-2-pcs.jpg\",\"datePublished\":\"2026-02-19T19:16:08+00:00\",\"dateModified\":\"2026-03-02T16:17:28+00:00\",\"description\":\"\u041a\u0443\u043f\u0438\u0442\u044c Dore DP-470B DP470B etiketiprinter + Zebra 800264-605 102\u0445152 mm etiketi rull Dore analoog komplekt 2 t\u00fckki \u0432 Odav Print \u260e +372 5911 9495 \u2714\ufe0f \u041b\u0443\u0447\u0448\u0430\u044f \u0446\u0435\u043d\u0430 \u043d\u0430 Dore DP-470B DP470B etiketiprinter + Zebra 800264-605 102\u0445152 mm etiketi rull Dore analoog komplekt 2 t\u00fckki \u26df \u0411\u044b\u0441\u0442\u0440\u0430\u044f \u0434\u043e\u0441\u0442\u0430\u0432\u043a\u0430 \u043f\u043e \u042d\u0441\u0442\u043e\u043d\u0438\u0438 \u2b50 \u0413\u0430\u0440\u0430\u043d\u0442\u0438\u044f\",\"breadcrumb\":{\"@id\":\"https:\/\/odavprint.ee\/ru\/product\/dore-dp-470b-dp470b-etiketiprinter-zebra-800264-605-102%d1%85152-mm-etiketi-rull-dore-analoog-komplekt-2-tukki\/#breadcrumb\"},\"inLanguage\":\"ru-RU\",\"potentialAction\":[{\"@type\":\"ReadAction\",\"target\":[\"https:\/\/odavprint.ee\/ru\/product\/dore-dp-470b-dp470b-etiketiprinter-zebra-800264-605-102%d1%85152-mm-etiketi-rull-dore-analoog-komplekt-2-tukki\/\"]}]},{\"@type\":\"ImageObject\",\"inLanguage\":\"ru-RU\",\"@id\":\"https:\/\/odavprint.ee\/ru\/product\/dore-dp-470b-dp470b-etiketiprinter-zebra-800264-605-102%d1%85152-mm-etiketi-rull-dore-analoog-komplekt-2-tukki\/#primaryimage\",\"url\":\"https:\/\/odavprint.ee\/wp-content\/uploads\/2026\/02\/dore-dp-470b-dp470b-label-printer-zebra-800264-605-102kh152-mm-label-roll-dore-compatible-set-2-pcs.jpg\",\"contentUrl\":\"https:\/\/odavprint.ee\/wp-content\/uploads\/2026\/02\/dore-dp-470b-dp470b-label-printer-zebra-800264-605-102kh152-mm-label-roll-dore-compatible-set-2-pcs.jpg\",\"width\":1000,\"height\":1000},{\"@type\":\"BreadcrumbList\",\"@id\":\"https:\/\/odavprint.ee\/ru\/product\/dore-dp-470b-dp470b-etiketiprinter-zebra-800264-605-102%d1%85152-mm-etiketi-rull-dore-analoog-komplekt-2-tukki\/#breadcrumb\",\"itemListElement\":[{\"@type\":\"ListItem\",\"position\":1,\"name\":\"Home\",\"item\":\"https:\/\/odavprint.ee\/ru\/%d0%b3%d0%bb%d0%b0%d0%b2%d0%bd%d0%b0%d1%8f\/\"},{\"@type\":\"ListItem\",\"position\":2,\"name\":\"\u041c\u0430\u0433\u0430\u0437\u0438\u043d\",\"item\":\"https:\/\/odavprint.ee\/ru\/shop\/\"},{\"@type\":\"ListItem\",\"position\":3,\"name\":\"Dore DP-470B DP470B etiketiprinter + Zebra 800264-605 102\u0445152 mm etiketi rull Dore analoog komplekt 2 t\u00fckki\"}]},{\"@type\":\"WebSite\",\"@id\":\"https:\/\/odavprint.ee\/ru\/#website\",\"url\":\"https:\/\/odavprint.ee\/ru\/\",\"name\":\"Odav Print\",\"description\":\"Just another WordPress site\",\"publisher\":{\"@id\":\"https:\/\/odavprint.ee\/ru\/#organization\"},\"alternateName\":\"Kassettide, toonerite t\u00e4itmine ja m\u00fc\u00fck.\",\"potentialAction\":[{\"@type\":\"SearchAction\",\"target\":{\"@type\":\"EntryPoint\",\"urlTemplate\":\"https:\/\/odavprint.ee\/ru\/?s={search_term_string}\"},\"query-input\":\"required name=search_term_string\"}],\"inLanguage\":\"ru-RU\"},{\"@type\":[\"Organization\",\"Place\"],\"@id\":\"https:\/\/odavprint.ee\/ru\/#organization\",\"name\":\"Odav Print O\u00dc\",\"url\":\"https:\/\/odavprint.ee\/ru\/\",\"logo\":{\"@id\":\"https:\/\/odavprint.ee\/ru\/product\/dore-dp-470b-dp470b-etiketiprinter-zebra-800264-605-102%d1%85152-mm-etiketi-rull-dore-analoog-komplekt-2-tukki\/#local-main-organization-logo\"},\"image\":{\"@id\":\"https:\/\/odavprint.ee\/ru\/product\/dore-dp-470b-dp470b-etiketiprinter-zebra-800264-605-102%d1%85152-mm-etiketi-rull-dore-analoog-komplekt-2-tukki\/#local-main-organization-logo\"},\"address\":{\"@id\":\"https:\/\/odavprint.ee\/ru\/product\/dore-dp-470b-dp470b-etiketiprinter-zebra-800264-605-102%d1%85152-mm-etiketi-rull-dore-analoog-komplekt-2-tukki\/#local-main-place-address\"},\"geo\":{\"@type\":\"GeoCoordinates\",\"latitude\":\"59.4306504\",\"longitude\":\"24.8095743\"},\"telephone\":[\"53836926\"],\"openingHoursSpecification\":[{\"@type\":\"OpeningHoursSpecification\",\"dayOfWeek\":[\"Monday\",\"Tuesday\",\"Wednesday\",\"Thursday\",\"Friday\",\"Saturday\",\"Sunday\"],\"opens\":\"09:00\",\"closes\":\"17:00\"}],\"email\":\"info@odavprint.eu\"},{\"@type\":\"PostalAddress\",\"@id\":\"https:\/\/odavprint.ee\/ru\/product\/dore-dp-470b-dp470b-etiketiprinter-zebra-800264-605-102%d1%85152-mm-etiketi-rull-dore-analoog-komplekt-2-tukki\/#local-main-place-address\",\"streetAddress\":\"Pae tn 28\",\"addressLocality\":\"Tallinn\",\"postalCode\":\"11415\",\"addressRegion\":\"Harjumaa\",\"addressCountry\":\"EE\"},{\"@type\":\"ImageObject\",\"inLanguage\":\"ru-RU\",\"@id\":\"https:\/\/odavprint.ee\/ru\/product\/dore-dp-470b-dp470b-etiketiprinter-zebra-800264-605-102%d1%85152-mm-etiketi-rull-dore-analoog-komplekt-2-tukki\/#local-main-organization-logo\",\"url\":\"https:\/\/odavprint.ee\/wp-content\/uploads\/2018\/10\/odavprint-logo-240.jpg\",\"contentUrl\":\"https:\/\/odavprint.ee\/wp-content\/uploads\/2018\/10\/odavprint-logo-240.jpg\",\"width\":240,\"height\":36,\"caption\":\"Odav Print O\u00dc\"}]}<\/script>\n<meta property=\"product:price:amount\" content=\"151.44\" \/>\n<meta property=\"product:price:currency\" content=\"EUR\" \/>\n<meta property=\"og:availability\" content=\"instock\" \/>\n<meta property=\"product:availability\" content=\"instock\" \/>\n<meta property=\"product:condition\" content=\"new\" \/>\n<meta name=\"geo.placename\" content=\"Tallinn\" \/>\n<meta name=\"geo.position\" content=\"59.4306504;24.8095743\" \/>\n<meta name=\"geo.region\" content=\"\u042d\u0441\u0442\u043e\u043d\u0438\u044f\" \/>\n<!-- \/ Yoast SEO Premium plugin. -->","yoast_head_json":{"title":"Dore DP-470B DP470B etiketiprinter + Zebra 800264-605 102\u0445152 mm etiketi rull Dore analoog komplekt 2 t\u00fckki, \u043b\u0443\u0447\u0448\u0430\u044f \u0446\u0435\u043d\u0430, \u043a\u0443\u043f\u0438\u0442\u044c \u0432 \u0438\u043d\u0442\u0435\u0440\u043d\u0435\u0442-\u043c\u0430\u0433\u0430\u0437\u0438\u043d\u0435 - Odav Print","description":"\u041a\u0443\u043f\u0438\u0442\u044c Dore DP-470B DP470B etiketiprinter + Zebra 800264-605 102\u0445152 mm etiketi rull Dore analoog komplekt 2 t\u00fckki \u0432 Odav Print \u260e +372 5911 9495 \u2714\ufe0f \u041b\u0443\u0447\u0448\u0430\u044f \u0446\u0435\u043d\u0430 \u043d\u0430 Dore DP-470B DP470B etiketiprinter + Zebra 800264-605 102\u0445152 mm etiketi rull Dore analoog komplekt 2 t\u00fckki \u26df \u0411\u044b\u0441\u0442\u0440\u0430\u044f \u0434\u043e\u0441\u0442\u0430\u0432\u043a\u0430 \u043f\u043e \u042d\u0441\u0442\u043e\u043d\u0438\u0438 \u2b50 \u0413\u0430\u0440\u0430\u043d\u0442\u0438\u044f","robots":{"index":"index","follow":"follow","max-snippet":"max-snippet:-1","max-image-preview":"max-image-preview:large","max-video-preview":"max-video-preview:-1"},"canonical":"https:\/\/odavprint.ee\/ru\/product\/dore-dp-470b-dp470b-etiketiprinter-zebra-800264-605-102%d1%85152-mm-etiketi-rull-dore-analoog-komplekt-2-tukki\/","og_locale":"ru_RU","og_type":"article","og_title":"Dore DP-470B DP470B etiketiprinter + Zebra 800264-605 102\u0445152 mm etiketi rull Dore analoog komplekt 2 t\u00fckki","og_description":"\u041a\u0443\u043f\u0438\u0442\u044c Dore DP-470B DP470B etiketiprinter + Zebra 800264-605 102\u0445152 mm etiketi rull Dore analoog komplekt 2 t\u00fckki \u0432 Odav Print \u260e +372 5911 9495 \u2714\ufe0f \u041b\u0443\u0447\u0448\u0430\u044f \u0446\u0435\u043d\u0430 \u043d\u0430 Dore DP-470B DP470B etiketiprinter + Zebra 800264-605 102\u0445152 mm etiketi rull Dore analoog komplekt 2 t\u00fckki \u26df \u0411\u044b\u0441\u0442\u0440\u0430\u044f \u0434\u043e\u0441\u0442\u0430\u0432\u043a\u0430 \u043f\u043e \u042d\u0441\u0442\u043e\u043d\u0438\u0438 \u2b50 \u0413\u0430\u0440\u0430\u043d\u0442\u0438\u044f","og_url":"https:\/\/odavprint.ee\/ru\/product\/dore-dp-470b-dp470b-etiketiprinter-zebra-800264-605-102%d1%85152-mm-etiketi-rull-dore-analoog-komplekt-2-tukki\/","og_site_name":"Odav Print","article_modified_time":"2026-03-02T16:17:28+00:00","twitter_card":"summary_large_image","twitter_misc":{"\u0426\u0435\u043d\u0430":"&euro;151.44","\u0414\u043e\u0441\u0442\u0443\u043f\u043d\u043e\u0441\u0442\u044c":"\u0412 \u043d\u0430\u043b\u0438\u0447\u0438\u0438"},"schema":{"@context":"https:\/\/schema.org","@graph":[{"@type":["WebPage","ItemPage"],"@id":"https:\/\/odavprint.ee\/ru\/product\/dore-dp-470b-dp470b-etiketiprinter-zebra-800264-605-102%d1%85152-mm-etiketi-rull-dore-analoog-komplekt-2-tukki\/","url":"https:\/\/odavprint.ee\/ru\/product\/dore-dp-470b-dp470b-etiketiprinter-zebra-800264-605-102%d1%85152-mm-etiketi-rull-dore-analoog-komplekt-2-tukki\/","name":"Dore DP-470B DP470B etiketiprinter + Zebra 800264-605 102\u0445152 mm etiketi rull Dore analoog komplekt 2 t\u00fckki, \u043b\u0443\u0447\u0448\u0430\u044f \u0446\u0435\u043d\u0430, \u043a\u0443\u043f\u0438\u0442\u044c \u0432 \u0438\u043d\u0442\u0435\u0440\u043d\u0435\u0442-\u043c\u0430\u0433\u0430\u0437\u0438\u043d\u0435 - Odav Print","isPartOf":{"@id":"https:\/\/odavprint.ee\/ru\/#website"},"primaryImageOfPage":{"@id":"https:\/\/odavprint.ee\/ru\/product\/dore-dp-470b-dp470b-etiketiprinter-zebra-800264-605-102%d1%85152-mm-etiketi-rull-dore-analoog-komplekt-2-tukki\/#primaryimage"},"image":{"@id":"https:\/\/odavprint.ee\/ru\/product\/dore-dp-470b-dp470b-etiketiprinter-zebra-800264-605-102%d1%85152-mm-etiketi-rull-dore-analoog-komplekt-2-tukki\/#primaryimage"},"thumbnailUrl":"https:\/\/odavprint.ee\/wp-content\/uploads\/2026\/02\/dore-dp-470b-dp470b-label-printer-zebra-800264-605-102kh152-mm-label-roll-dore-compatible-set-2-pcs.jpg","datePublished":"2026-02-19T19:16:08+00:00","dateModified":"2026-03-02T16:17:28+00:00","description":"\u041a\u0443\u043f\u0438\u0442\u044c Dore DP-470B DP470B etiketiprinter + Zebra 800264-605 102\u0445152 mm etiketi rull Dore analoog komplekt 2 t\u00fckki \u0432 Odav Print \u260e +372 5911 9495 \u2714\ufe0f \u041b\u0443\u0447\u0448\u0430\u044f \u0446\u0435\u043d\u0430 \u043d\u0430 Dore DP-470B DP470B etiketiprinter + Zebra 800264-605 102\u0445152 mm etiketi rull Dore analoog komplekt 2 t\u00fckki \u26df \u0411\u044b\u0441\u0442\u0440\u0430\u044f \u0434\u043e\u0441\u0442\u0430\u0432\u043a\u0430 \u043f\u043e \u042d\u0441\u0442\u043e\u043d\u0438\u0438 \u2b50 \u0413\u0430\u0440\u0430\u043d\u0442\u0438\u044f","breadcrumb":{"@id":"https:\/\/odavprint.ee\/ru\/product\/dore-dp-470b-dp470b-etiketiprinter-zebra-800264-605-102%d1%85152-mm-etiketi-rull-dore-analoog-komplekt-2-tukki\/#breadcrumb"},"inLanguage":"ru-RU","potentialAction":[{"@type":"ReadAction","target":["https:\/\/odavprint.ee\/ru\/product\/dore-dp-470b-dp470b-etiketiprinter-zebra-800264-605-102%d1%85152-mm-etiketi-rull-dore-analoog-komplekt-2-tukki\/"]}]},{"@type":"ImageObject","inLanguage":"ru-RU","@id":"https:\/\/odavprint.ee\/ru\/product\/dore-dp-470b-dp470b-etiketiprinter-zebra-800264-605-102%d1%85152-mm-etiketi-rull-dore-analoog-komplekt-2-tukki\/#primaryimage","url":"https:\/\/odavprint.ee\/wp-content\/uploads\/2026\/02\/dore-dp-470b-dp470b-label-printer-zebra-800264-605-102kh152-mm-label-roll-dore-compatible-set-2-pcs.jpg","contentUrl":"https:\/\/odavprint.ee\/wp-content\/uploads\/2026\/02\/dore-dp-470b-dp470b-label-printer-zebra-800264-605-102kh152-mm-label-roll-dore-compatible-set-2-pcs.jpg","width":1000,"height":1000},{"@type":"BreadcrumbList","@id":"https:\/\/odavprint.ee\/ru\/product\/dore-dp-470b-dp470b-etiketiprinter-zebra-800264-605-102%d1%85152-mm-etiketi-rull-dore-analoog-komplekt-2-tukki\/#breadcrumb","itemListElement":[{"@type":"ListItem","position":1,"name":"Home","item":"https:\/\/odavprint.ee\/ru\/%d0%b3%d0%bb%d0%b0%d0%b2%d0%bd%d0%b0%d1%8f\/"},{"@type":"ListItem","position":2,"name":"\u041c\u0430\u0433\u0430\u0437\u0438\u043d","item":"https:\/\/odavprint.ee\/ru\/shop\/"},{"@type":"ListItem","position":3,"name":"Dore DP-470B DP470B etiketiprinter + Zebra 800264-605 102\u0445152 mm etiketi rull Dore analoog komplekt 2 t\u00fckki"}]},{"@type":"WebSite","@id":"https:\/\/odavprint.ee\/ru\/#website","url":"https:\/\/odavprint.ee\/ru\/","name":"Odav Print","description":"Just another WordPress site","publisher":{"@id":"https:\/\/odavprint.ee\/ru\/#organization"},"alternateName":"Kassettide, toonerite t\u00e4itmine ja m\u00fc\u00fck.","potentialAction":[{"@type":"SearchAction","target":{"@type":"EntryPoint","urlTemplate":"https:\/\/odavprint.ee\/ru\/?s={search_term_string}"},"query-input":"required name=search_term_string"}],"inLanguage":"ru-RU"},{"@type":["Organization","Place"],"@id":"https:\/\/odavprint.ee\/ru\/#organization","name":"Odav Print O\u00dc","url":"https:\/\/odavprint.ee\/ru\/","logo":{"@id":"https:\/\/odavprint.ee\/ru\/product\/dore-dp-470b-dp470b-etiketiprinter-zebra-800264-605-102%d1%85152-mm-etiketi-rull-dore-analoog-komplekt-2-tukki\/#local-main-organization-logo"},"image":{"@id":"https:\/\/odavprint.ee\/ru\/product\/dore-dp-470b-dp470b-etiketiprinter-zebra-800264-605-102%d1%85152-mm-etiketi-rull-dore-analoog-komplekt-2-tukki\/#local-main-organization-logo"},"address":{"@id":"https:\/\/odavprint.ee\/ru\/product\/dore-dp-470b-dp470b-etiketiprinter-zebra-800264-605-102%d1%85152-mm-etiketi-rull-dore-analoog-komplekt-2-tukki\/#local-main-place-address"},"geo":{"@type":"GeoCoordinates","latitude":"59.4306504","longitude":"24.8095743"},"telephone":["53836926"],"openingHoursSpecification":[{"@type":"OpeningHoursSpecification","dayOfWeek":["Monday","Tuesday","Wednesday","Thursday","Friday","Saturday","Sunday"],"opens":"09:00","closes":"17:00"}],"email":"info@odavprint.eu"},{"@type":"PostalAddress","@id":"https:\/\/odavprint.ee\/ru\/product\/dore-dp-470b-dp470b-etiketiprinter-zebra-800264-605-102%d1%85152-mm-etiketi-rull-dore-analoog-komplekt-2-tukki\/#local-main-place-address","streetAddress":"Pae tn 28","addressLocality":"Tallinn","postalCode":"11415","addressRegion":"Harjumaa","addressCountry":"EE"},{"@type":"ImageObject","inLanguage":"ru-RU","@id":"https:\/\/odavprint.ee\/ru\/product\/dore-dp-470b-dp470b-etiketiprinter-zebra-800264-605-102%d1%85152-mm-etiketi-rull-dore-analoog-komplekt-2-tukki\/#local-main-organization-logo","url":"https:\/\/odavprint.ee\/wp-content\/uploads\/2018\/10\/odavprint-logo-240.jpg","contentUrl":"https:\/\/odavprint.ee\/wp-content\/uploads\/2018\/10\/odavprint-logo-240.jpg","width":240,"height":36,"caption":"Odav Print O\u00dc"}]},"product_price_amount":"151.44","product_price_currency":"EUR","og_availability":"instock","product_availability":"instock","product_condition":"new","geo.placename":"Tallinn","geo.position":{"lat":"59.4306504","long":"24.8095743"},"geo.region":"\u042d\u0441\u0442\u043e\u043d\u0438\u044f"},"_links":{"self":[{"href":"https:\/\/odavprint.ee\/ru\/wp-json\/wp\/v2\/product\/216871"}],"collection":[{"href":"https:\/\/odavprint.ee\/ru\/wp-json\/wp\/v2\/product"}],"about":[{"href":"https:\/\/odavprint.ee\/ru\/wp-json\/wp\/v2\/types\/product"}],"wp:featuredmedia":[{"embeddable":true,"href":"https:\/\/odavprint.ee\/ru\/wp-json\/wp\/v2\/media\/216872"}],"wp:attachment":[{"href":"https:\/\/odavprint.ee\/ru\/wp-json\/wp\/v2\/media?parent=216871"}],"wp:term":[{"taxonomy":"product_cat","embeddable":true,"href":"https:\/\/odavprint.ee\/ru\/wp-json\/wp\/v2\/product_cat?post=216871"},{"taxonomy":"product_tag","embeddable":true,"href":"https:\/\/odavprint.ee\/ru\/wp-json\/wp\/v2\/product_tag?post=216871"}],"curies":[{"name":"wp","href":"https:\/\/api.w.org\/{rel}","templated":true}]}}