{"id":217051,"date":"2026-02-19T21:40:15","date_gmt":"2026-02-19T19:40:15","guid":{"rendered":"https:\/\/odavprint.ee\/?post_type=product&#038;p=217051"},"modified":"2026-03-02T18:17:32","modified_gmt":"2026-03-02T16:17:32","slug":"godex-ge300-etikettprinter","status":"publish","type":"product","link":"https:\/\/odavprint.ee\/ru\/product\/godex-ge300-etikettprinter\/","title":{"rendered":"Godex GE300 etikettprinter"},"content":{"rendered":"<div lang=\"et\" xml:lang=\"et\">\n<table border=\"2\">\n<tbody>\n<tr>\n<th>Omadus<\/th>\n<th>V\u00e4\u00e4rtus<\/th>\n<\/tr>\n<tr>\n<td>Printimismeetod<\/td>\n<td>Termotransfeer \/ Otsene termiline<\/td>\n<\/tr>\n<tr>\n<td>Eraldusv\u00f5ime<\/td>\n<td>203 dpi (8 punkti\/mm)<\/td>\n<\/tr>\n<tr>\n<td>Printimiskiirus<\/td>\n<td>5 IPS (127 mm\/s)**<\/td>\n<\/tr>\n<tr>\n<td>Printimislaius<\/td>\n<td>4.25&#8243; (108 mm)<\/td>\n<\/tr>\n<tr>\n<td>Printimispikkus<\/td>\n<td>Min. 0.16&#8243; (4 mm)** Max. 68&#8243; (1727 mm)<\/td>\n<\/tr>\n<tr>\n<td>Protsessor<\/td>\n<td>32-bitine RISC CPU<\/td>\n<\/tr>\n<tr>\n<td>M\u00e4lu<\/td>\n<td>8MB Flash (4MB kasutajale); 16MB SDRAM<\/td>\n<\/tr>\n<tr>\n<td>Sensori t\u00fc\u00fcp<\/td>\n<td>Reguleeritav reflective (t\u00e4isulatus). Fikseeritud transmissive<\/td>\n<\/tr>\n<tr>\n<td>Meediat\u00fc\u00fcbid<\/td>\n<td>J\u00e4tkuv vorm, vahega sildid, musta m\u00e4rgi tuvastus, augustatud augud; pikkus auto tuvastuse v\u00f5i programmeerimise j\u00e4rgi<\/td>\n<\/tr>\n<tr>\n<td>Meedia laius<\/td>\n<td>Min. 1&#8243; (25.4 mm) &#8212; Max. 4.65&#8243; (118 mm)<\/td>\n<\/tr>\n<tr>\n<td>Meedia paksus<\/td>\n<td>Min. 0.0024&#8243; (0.06 mm) \u2013 Max. 0.008&#8243; (0.2 mm)<\/td>\n<\/tr>\n<tr>\n<td>Sildi rulli l\u00e4bim\u00f5\u00f5t<\/td>\n<td>Max. 5&#8243; (127 mm)<\/td>\n<\/tr>\n<tr>\n<td>S\u00fcdamiku l\u00e4bim\u00f5\u00f5t<\/td>\n<td>1&#8243; (25.4 mm), 1.5&#8243; (38.1 mm)<\/td>\n<\/tr>\n<tr>\n<td>Riboni t\u00fc\u00fcbid<\/td>\n<td>Wax, wax \/ resin, resin<\/td>\n<\/tr>\n<tr>\n<td>Riboni pikkus<\/td>\n<td>360&#8242; (110 m)<\/td>\n<\/tr>\n<tr>\n<td>Riboni laius<\/td>\n<td>Min. 1.18&#8243; (30 mm) &#8212; Max. 4.33&#8243; (110 mm)<\/td>\n<\/tr>\n<tr>\n<td>Riboni rulli l\u00e4bim\u00f5\u00f5t<\/td>\n<td>1.57&#8243; (40 mm)<\/td>\n<\/tr>\n<tr>\n<td>Riboni kela l\u00e4bim\u00f5\u00f5t<\/td>\n<td>0.5&#8243; (12.7 mm)<\/td>\n<\/tr>\n<tr>\n<td>Printeri keel<\/td>\n<td>EZPL, GEPL, GZPL, GDPL (automaatne l\u00fclitumine)<\/td>\n<\/tr>\n<tr>\n<td>Etikettide disaini tarkvara<\/td>\n<td>GoLabel II (ainult EZPL jaoks) (Windows)<\/td>\n<\/tr>\n<tr>\n<td>Haldust\u00f6\u00f6riistad<\/td>\n<td>GoTools (Windows \/ Android), GoUtility (Windows)<\/td>\n<\/tr>\n<tr>\n<td>Satiinriboni printimise t\u00f6\u00f6riist<\/td>\n<td>GoRibbon (Windows)<\/td>\n<\/tr>\n<tr>\n<td>Rakendus<\/td>\n<td>GoAPP (Android \/ iOS)<\/td>\n<\/tr>\n<tr>\n<td>Draiver<\/td>\n<td>Windows 7, 8 &amp; 8.1, 10, 11, Server 2008 R2, 2012, 2012 R2, 2016, 2019, 2022, MAC, Linux<\/td>\n<\/tr>\n<tr>\n<td>SDK<\/td>\n<td>Win CE, .NET, Windows 7, 8 &amp; 8.1, 10, 11, Android, Mac, iOS<\/td>\n<\/tr>\n<tr>\n<td>P\u00fcsifondid<\/td>\n<td>Bitmap: 6, 8, 10, 12, 14, 18, 24, 30, 16X26, OCR A &amp; B; 0\u00b0, 90\u00b0, 180\u00b0, 270\u00b0 p\u00f6\u00f6ratavad; 8\u00d7 laiendatavad; TTF: (Bold \/ Italic \/ Underline) 0\u00b0,90\u00b0, 180\u00b0, 270\u00b0 p\u00f6\u00f6ratavad<\/td>\n<\/tr>\n<tr>\n<td>Laaditavad fondid<\/td>\n<td>Bitmap: 0\u00b0, 90\u00b0, 180\u00b0, 270\u00b0 p\u00f6\u00f6ratavad; Aasia: 16&#215;16, 24&#215;24 Traditsiooniline hiina (BIG-5), Lihtsustatud (GB2312), Jaapani (S-JIS), Korea (KS-X1001); 0\u00b0, 90\u00b0, 180\u00b0, 270\u00b0 p\u00f6\u00f6ratavad ja 8\u00d7 laiendatavad; TTF: (Bold \/ Italic \/ Underline) 0\u00b0,90\u00b0, 180\u00b0, 270\u00b0 p\u00f6\u00f6ratavad<\/td>\n<\/tr>\n<tr>\n<td>Triipkoodid 1D<\/td>\n<td>China Postal Code, Codabar, Code 11, Code 32, Code 39, Code 93, Code 128 (A,B,C), EAN-8\/EAN-13 (+2\/5), EAN 128, FIM, German Post Code, GS1 DataBar, HIBC, Industrial 2 of 5, Interleaved 2-of-5, ISBT-128, ITF 14, Japanese Postnet, Logmars, MSI, Postnet, Plessey, Planet 11&amp;13, RPS 128, Standard 2 of 5, Telepen, Matrix 2 of 5, UPC-A\/UPC-E (+2\/5), UCC\/EAN-128 K-Mart, Random Weight, Pharmacode<\/td>\n<\/tr>\n<tr>\n<td>Triipkoodid 2D<\/td>\n<td>Aztec code, Code 49, Codablock F, Datamatrix code, MaxiCode, Micro PDF417, Micro QR code, PDF417, QR code, TLC 39, GS1 Composite, DotCode, Marco PDF 417<\/td>\n<\/tr>\n<tr>\n<td>Liidesed<\/td>\n<td>USB 2.0 (Type B); RS-232; Ethernet 10\/100 Mbps<\/td>\n<\/tr>\n<tr>\n<td>Real Time Clock<\/td>\n<td>Lisavarustus<\/td>\n<\/tr>\n<tr>\n<td>Juhtpaneel<\/td>\n<td>\u00dcks kolmv\u00e4rviline LED: Power (roheline, oran\u017e, punane); Juhtklahv: FEED; Kalibreerimisnupp<\/td>\n<\/tr>\n<tr>\n<td>Toide<\/td>\n<td>V\u00e4line automaatne l\u00fclitus; Sisend: AC 100-240V, 50-60Hz; V\u00e4ljund: DC 24V, 2.5A<\/td>\n<\/tr>\n<tr>\n<td>T\u00f6\u00f6 temperatuur<\/td>\n<td>5\u00b0C kuni 40\u00b0C<\/td>\n<\/tr>\n<tr>\n<td>Hoiustamise temperatuur<\/td>\n<td>-20\u00b0C kuni 60\u00b0C<\/td>\n<\/tr>\n<tr>\n<td>Niiskus t\u00f6\u00f6<\/td>\n<td>30-85%, mittekondenseeruv<\/td>\n<\/tr>\n<tr>\n<td>Niiskus hoiustamine<\/td>\n<td>10-90%, mittekondenseeruv<\/td>\n<\/tr>\n<tr>\n<td>Sertifikaadid<\/td>\n<td>CE (EMC), FCC Class B, CB, cULus, CCC, BSMI, UKCA, BIS, ENERGY STAR<\/td>\n<\/tr>\n<tr>\n<td>M\u00f5\u00f5tmed<\/td>\n<td>Pikkus: 252 mm (9.92\u201d); Laius: 200 mm (7.87\u201d); K\u00f5rgus: 165 mm (6.50\u201d)<\/td>\n<\/tr>\n<tr>\n<td>Kaal<\/td>\n<td>1.8 kg (4 lbs), tarvikuteta<\/td>\n<\/tr>\n<tr>\n<td>Lisavarustus<\/td>\n<td>L\u00f5ikuri moodul (Dealer Install); BT (Dealer Install); Wireless LAN (IEEE 802.11 b\/g\/n) (Dealer Install); WiFi + BT (BLE 5.0) combo (Dealer Install); RTC (Dealer Install); V\u00e4line rulli hoidja; V\u00e4line rewinder; Left Alignment Printing Mechanism (Factory Install)<\/td>\n<\/tr>\n<tr>\n<td>Garantii<\/td>\n<td>3-aastane piiratud garantii<\/td>\n<\/tr>\n<\/tbody>\n<\/table>\n<\/div>\n","protected":false},"excerpt":{"rendered":"<p>S\u00e4\u00e4stlik 4-tolline termotransfer-lauaprinter<\/p>\n<p>Kasutage GE300-t k\u00f5ikide kergete ja keskmise raskusega termotransfer-v\u00f6\u00f6tkoodide printimise rakenduste jaoks.<\/p>\n","protected":false},"featured_media":217052,"template":"","meta":{"inline_featured_image":false},"product_cat":[39148,39163,39164],"product_tag":[],"yoast_head":"<!-- This site is optimized with the Yoast SEO Premium plugin v23.0 (Yoast SEO v23.0) - https:\/\/yoast.com\/wordpress\/plugins\/seo\/ -->\n<title>Godex GE300 etikettprinter, \u043b\u0443\u0447\u0448\u0430\u044f \u0446\u0435\u043d\u0430, \u043a\u0443\u043f\u0438\u0442\u044c \u0432 \u0438\u043d\u0442\u0435\u0440\u043d\u0435\u0442-\u043c\u0430\u0433\u0430\u0437\u0438\u043d\u0435 - Odav Print<\/title>\n<meta name=\"description\" content=\"\u041a\u0443\u043f\u0438\u0442\u044c Godex GE300 etikettprinter \u0432 Odav Print \u260e +372 5911 9495 \u2714\ufe0f \u041b\u0443\u0447\u0448\u0430\u044f \u0446\u0435\u043d\u0430 \u043d\u0430 Godex GE300 etikettprinter \u26df \u0411\u044b\u0441\u0442\u0440\u0430\u044f \u0434\u043e\u0441\u0442\u0430\u0432\u043a\u0430 \u043f\u043e \u042d\u0441\u0442\u043e\u043d\u0438\u0438 \u2b50 \u0413\u0430\u0440\u0430\u043d\u0442\u0438\u044f\" \/>\n<meta name=\"robots\" content=\"index, follow, max-snippet:-1, max-image-preview:large, max-video-preview:-1\" \/>\n<link rel=\"canonical\" href=\"https:\/\/odavprint.ee\/ru\/product\/godex-ge300-etikettprinter\/\" \/>\n<meta property=\"og:locale\" content=\"ru_RU\" \/>\n<meta property=\"og:type\" content=\"article\" \/>\n<meta property=\"og:title\" content=\"Godex GE300 etikettprinter\" \/>\n<meta property=\"og:description\" content=\"\u041a\u0443\u043f\u0438\u0442\u044c Godex GE300 etikettprinter \u0432 Odav Print \u260e +372 5911 9495 \u2714\ufe0f \u041b\u0443\u0447\u0448\u0430\u044f \u0446\u0435\u043d\u0430 \u043d\u0430 Godex GE300 etikettprinter \u26df \u0411\u044b\u0441\u0442\u0440\u0430\u044f \u0434\u043e\u0441\u0442\u0430\u0432\u043a\u0430 \u043f\u043e \u042d\u0441\u0442\u043e\u043d\u0438\u0438 \u2b50 \u0413\u0430\u0440\u0430\u043d\u0442\u0438\u044f\" \/>\n<meta property=\"og:url\" content=\"https:\/\/odavprint.ee\/ru\/product\/godex-ge300-etikettprinter\/\" \/>\n<meta property=\"og:site_name\" content=\"Odav Print\" \/>\n<meta property=\"article:modified_time\" content=\"2026-03-02T16:17:32+00:00\" \/>\n<meta name=\"twitter:card\" content=\"summary_large_image\" \/>\n<meta name=\"twitter:label1\" content=\"\u0426\u0435\u043d\u0430\" \/>\n\t<meta name=\"twitter:data1\" content=\"&euro;269.50\" \/>\n\t<meta name=\"twitter:label2\" content=\"\u0414\u043e\u0441\u0442\u0443\u043f\u043d\u043e\u0441\u0442\u044c\" \/>\n\t<meta name=\"twitter:data2\" content=\"\u0412 \u043d\u0430\u043b\u0438\u0447\u0438\u0438\" \/>\n<script type=\"application\/ld+json\" class=\"yoast-schema-graph\">{\"@context\":\"https:\/\/schema.org\",\"@graph\":[{\"@type\":[\"WebPage\",\"ItemPage\"],\"@id\":\"https:\/\/odavprint.ee\/ru\/product\/godex-ge300-etikettprinter\/\",\"url\":\"https:\/\/odavprint.ee\/ru\/product\/godex-ge300-etikettprinter\/\",\"name\":\"Godex GE300 etikettprinter, \u043b\u0443\u0447\u0448\u0430\u044f \u0446\u0435\u043d\u0430, \u043a\u0443\u043f\u0438\u0442\u044c \u0432 \u0438\u043d\u0442\u0435\u0440\u043d\u0435\u0442-\u043c\u0430\u0433\u0430\u0437\u0438\u043d\u0435 - Odav Print\",\"isPartOf\":{\"@id\":\"https:\/\/odavprint.ee\/ru\/#website\"},\"primaryImageOfPage\":{\"@id\":\"https:\/\/odavprint.ee\/ru\/product\/godex-ge300-etikettprinter\/#primaryimage\"},\"image\":{\"@id\":\"https:\/\/odavprint.ee\/ru\/product\/godex-ge300-etikettprinter\/#primaryimage\"},\"thumbnailUrl\":\"https:\/\/odavprint.ee\/wp-content\/uploads\/2026\/02\/godex-ge300-label-printer-en.jpg\",\"datePublished\":\"2026-02-19T19:40:15+00:00\",\"dateModified\":\"2026-03-02T16:17:32+00:00\",\"description\":\"\u041a\u0443\u043f\u0438\u0442\u044c Godex GE300 etikettprinter \u0432 Odav Print \u260e +372 5911 9495 \u2714\ufe0f \u041b\u0443\u0447\u0448\u0430\u044f \u0446\u0435\u043d\u0430 \u043d\u0430 Godex GE300 etikettprinter \u26df \u0411\u044b\u0441\u0442\u0440\u0430\u044f \u0434\u043e\u0441\u0442\u0430\u0432\u043a\u0430 \u043f\u043e \u042d\u0441\u0442\u043e\u043d\u0438\u0438 \u2b50 \u0413\u0430\u0440\u0430\u043d\u0442\u0438\u044f\",\"breadcrumb\":{\"@id\":\"https:\/\/odavprint.ee\/ru\/product\/godex-ge300-etikettprinter\/#breadcrumb\"},\"inLanguage\":\"ru-RU\",\"potentialAction\":[{\"@type\":\"ReadAction\",\"target\":[\"https:\/\/odavprint.ee\/ru\/product\/godex-ge300-etikettprinter\/\"]}]},{\"@type\":\"ImageObject\",\"inLanguage\":\"ru-RU\",\"@id\":\"https:\/\/odavprint.ee\/ru\/product\/godex-ge300-etikettprinter\/#primaryimage\",\"url\":\"https:\/\/odavprint.ee\/wp-content\/uploads\/2026\/02\/godex-ge300-label-printer-en.jpg\",\"contentUrl\":\"https:\/\/odavprint.ee\/wp-content\/uploads\/2026\/02\/godex-ge300-label-printer-en.jpg\",\"width\":600,\"height\":600},{\"@type\":\"BreadcrumbList\",\"@id\":\"https:\/\/odavprint.ee\/ru\/product\/godex-ge300-etikettprinter\/#breadcrumb\",\"itemListElement\":[{\"@type\":\"ListItem\",\"position\":1,\"name\":\"Home\",\"item\":\"https:\/\/odavprint.ee\/ru\/%d0%b3%d0%bb%d0%b0%d0%b2%d0%bd%d0%b0%d1%8f\/\"},{\"@type\":\"ListItem\",\"position\":2,\"name\":\"\u041c\u0430\u0433\u0430\u0437\u0438\u043d\",\"item\":\"https:\/\/odavprint.ee\/ru\/shop\/\"},{\"@type\":\"ListItem\",\"position\":3,\"name\":\"Godex GE300 etikettprinter\"}]},{\"@type\":\"WebSite\",\"@id\":\"https:\/\/odavprint.ee\/ru\/#website\",\"url\":\"https:\/\/odavprint.ee\/ru\/\",\"name\":\"Odav Print\",\"description\":\"Just another WordPress site\",\"publisher\":{\"@id\":\"https:\/\/odavprint.ee\/ru\/#organization\"},\"alternateName\":\"Kassettide, toonerite t\u00e4itmine ja m\u00fc\u00fck.\",\"potentialAction\":[{\"@type\":\"SearchAction\",\"target\":{\"@type\":\"EntryPoint\",\"urlTemplate\":\"https:\/\/odavprint.ee\/ru\/?s={search_term_string}\"},\"query-input\":\"required name=search_term_string\"}],\"inLanguage\":\"ru-RU\"},{\"@type\":[\"Organization\",\"Place\"],\"@id\":\"https:\/\/odavprint.ee\/ru\/#organization\",\"name\":\"Odav Print O\u00dc\",\"url\":\"https:\/\/odavprint.ee\/ru\/\",\"logo\":{\"@id\":\"https:\/\/odavprint.ee\/ru\/product\/godex-ge300-etikettprinter\/#local-main-organization-logo\"},\"image\":{\"@id\":\"https:\/\/odavprint.ee\/ru\/product\/godex-ge300-etikettprinter\/#local-main-organization-logo\"},\"address\":{\"@id\":\"https:\/\/odavprint.ee\/ru\/product\/godex-ge300-etikettprinter\/#local-main-place-address\"},\"geo\":{\"@type\":\"GeoCoordinates\",\"latitude\":\"59.4306504\",\"longitude\":\"24.8095743\"},\"telephone\":[\"53836926\"],\"openingHoursSpecification\":[{\"@type\":\"OpeningHoursSpecification\",\"dayOfWeek\":[\"Monday\",\"Tuesday\",\"Wednesday\",\"Thursday\",\"Friday\",\"Saturday\",\"Sunday\"],\"opens\":\"09:00\",\"closes\":\"17:00\"}],\"email\":\"info@odavprint.eu\"},{\"@type\":\"PostalAddress\",\"@id\":\"https:\/\/odavprint.ee\/ru\/product\/godex-ge300-etikettprinter\/#local-main-place-address\",\"streetAddress\":\"Pae tn 28\",\"addressLocality\":\"Tallinn\",\"postalCode\":\"11415\",\"addressRegion\":\"Harjumaa\",\"addressCountry\":\"EE\"},{\"@type\":\"ImageObject\",\"inLanguage\":\"ru-RU\",\"@id\":\"https:\/\/odavprint.ee\/ru\/product\/godex-ge300-etikettprinter\/#local-main-organization-logo\",\"url\":\"https:\/\/odavprint.ee\/wp-content\/uploads\/2018\/10\/odavprint-logo-240.jpg\",\"contentUrl\":\"https:\/\/odavprint.ee\/wp-content\/uploads\/2018\/10\/odavprint-logo-240.jpg\",\"width\":240,\"height\":36,\"caption\":\"Odav Print O\u00dc\"}]}<\/script>\n<meta property=\"product:price:amount\" content=\"269.50\" \/>\n<meta property=\"product:price:currency\" content=\"EUR\" \/>\n<meta property=\"og:availability\" content=\"instock\" \/>\n<meta property=\"product:availability\" content=\"instock\" \/>\n<meta property=\"product:condition\" content=\"new\" \/>\n<meta name=\"geo.placename\" content=\"Tallinn\" \/>\n<meta name=\"geo.position\" content=\"59.4306504;24.8095743\" \/>\n<meta name=\"geo.region\" content=\"\u042d\u0441\u0442\u043e\u043d\u0438\u044f\" \/>\n<!-- \/ Yoast SEO Premium plugin. -->","yoast_head_json":{"title":"Godex GE300 etikettprinter, \u043b\u0443\u0447\u0448\u0430\u044f \u0446\u0435\u043d\u0430, \u043a\u0443\u043f\u0438\u0442\u044c \u0432 \u0438\u043d\u0442\u0435\u0440\u043d\u0435\u0442-\u043c\u0430\u0433\u0430\u0437\u0438\u043d\u0435 - Odav Print","description":"\u041a\u0443\u043f\u0438\u0442\u044c Godex GE300 etikettprinter \u0432 Odav Print \u260e +372 5911 9495 \u2714\ufe0f \u041b\u0443\u0447\u0448\u0430\u044f \u0446\u0435\u043d\u0430 \u043d\u0430 Godex GE300 etikettprinter \u26df \u0411\u044b\u0441\u0442\u0440\u0430\u044f \u0434\u043e\u0441\u0442\u0430\u0432\u043a\u0430 \u043f\u043e \u042d\u0441\u0442\u043e\u043d\u0438\u0438 \u2b50 \u0413\u0430\u0440\u0430\u043d\u0442\u0438\u044f","robots":{"index":"index","follow":"follow","max-snippet":"max-snippet:-1","max-image-preview":"max-image-preview:large","max-video-preview":"max-video-preview:-1"},"canonical":"https:\/\/odavprint.ee\/ru\/product\/godex-ge300-etikettprinter\/","og_locale":"ru_RU","og_type":"article","og_title":"Godex GE300 etikettprinter","og_description":"\u041a\u0443\u043f\u0438\u0442\u044c Godex GE300 etikettprinter \u0432 Odav Print \u260e +372 5911 9495 \u2714\ufe0f \u041b\u0443\u0447\u0448\u0430\u044f \u0446\u0435\u043d\u0430 \u043d\u0430 Godex GE300 etikettprinter \u26df \u0411\u044b\u0441\u0442\u0440\u0430\u044f \u0434\u043e\u0441\u0442\u0430\u0432\u043a\u0430 \u043f\u043e \u042d\u0441\u0442\u043e\u043d\u0438\u0438 \u2b50 \u0413\u0430\u0440\u0430\u043d\u0442\u0438\u044f","og_url":"https:\/\/odavprint.ee\/ru\/product\/godex-ge300-etikettprinter\/","og_site_name":"Odav Print","article_modified_time":"2026-03-02T16:17:32+00:00","twitter_card":"summary_large_image","twitter_misc":{"\u0426\u0435\u043d\u0430":"&euro;269.50","\u0414\u043e\u0441\u0442\u0443\u043f\u043d\u043e\u0441\u0442\u044c":"\u0412 \u043d\u0430\u043b\u0438\u0447\u0438\u0438"},"schema":{"@context":"https:\/\/schema.org","@graph":[{"@type":["WebPage","ItemPage"],"@id":"https:\/\/odavprint.ee\/ru\/product\/godex-ge300-etikettprinter\/","url":"https:\/\/odavprint.ee\/ru\/product\/godex-ge300-etikettprinter\/","name":"Godex GE300 etikettprinter, \u043b\u0443\u0447\u0448\u0430\u044f \u0446\u0435\u043d\u0430, \u043a\u0443\u043f\u0438\u0442\u044c \u0432 \u0438\u043d\u0442\u0435\u0440\u043d\u0435\u0442-\u043c\u0430\u0433\u0430\u0437\u0438\u043d\u0435 - Odav Print","isPartOf":{"@id":"https:\/\/odavprint.ee\/ru\/#website"},"primaryImageOfPage":{"@id":"https:\/\/odavprint.ee\/ru\/product\/godex-ge300-etikettprinter\/#primaryimage"},"image":{"@id":"https:\/\/odavprint.ee\/ru\/product\/godex-ge300-etikettprinter\/#primaryimage"},"thumbnailUrl":"https:\/\/odavprint.ee\/wp-content\/uploads\/2026\/02\/godex-ge300-label-printer-en.jpg","datePublished":"2026-02-19T19:40:15+00:00","dateModified":"2026-03-02T16:17:32+00:00","description":"\u041a\u0443\u043f\u0438\u0442\u044c Godex GE300 etikettprinter \u0432 Odav Print \u260e +372 5911 9495 \u2714\ufe0f \u041b\u0443\u0447\u0448\u0430\u044f \u0446\u0435\u043d\u0430 \u043d\u0430 Godex GE300 etikettprinter \u26df \u0411\u044b\u0441\u0442\u0440\u0430\u044f \u0434\u043e\u0441\u0442\u0430\u0432\u043a\u0430 \u043f\u043e \u042d\u0441\u0442\u043e\u043d\u0438\u0438 \u2b50 \u0413\u0430\u0440\u0430\u043d\u0442\u0438\u044f","breadcrumb":{"@id":"https:\/\/odavprint.ee\/ru\/product\/godex-ge300-etikettprinter\/#breadcrumb"},"inLanguage":"ru-RU","potentialAction":[{"@type":"ReadAction","target":["https:\/\/odavprint.ee\/ru\/product\/godex-ge300-etikettprinter\/"]}]},{"@type":"ImageObject","inLanguage":"ru-RU","@id":"https:\/\/odavprint.ee\/ru\/product\/godex-ge300-etikettprinter\/#primaryimage","url":"https:\/\/odavprint.ee\/wp-content\/uploads\/2026\/02\/godex-ge300-label-printer-en.jpg","contentUrl":"https:\/\/odavprint.ee\/wp-content\/uploads\/2026\/02\/godex-ge300-label-printer-en.jpg","width":600,"height":600},{"@type":"BreadcrumbList","@id":"https:\/\/odavprint.ee\/ru\/product\/godex-ge300-etikettprinter\/#breadcrumb","itemListElement":[{"@type":"ListItem","position":1,"name":"Home","item":"https:\/\/odavprint.ee\/ru\/%d0%b3%d0%bb%d0%b0%d0%b2%d0%bd%d0%b0%d1%8f\/"},{"@type":"ListItem","position":2,"name":"\u041c\u0430\u0433\u0430\u0437\u0438\u043d","item":"https:\/\/odavprint.ee\/ru\/shop\/"},{"@type":"ListItem","position":3,"name":"Godex GE300 etikettprinter"}]},{"@type":"WebSite","@id":"https:\/\/odavprint.ee\/ru\/#website","url":"https:\/\/odavprint.ee\/ru\/","name":"Odav Print","description":"Just another WordPress site","publisher":{"@id":"https:\/\/odavprint.ee\/ru\/#organization"},"alternateName":"Kassettide, toonerite t\u00e4itmine ja m\u00fc\u00fck.","potentialAction":[{"@type":"SearchAction","target":{"@type":"EntryPoint","urlTemplate":"https:\/\/odavprint.ee\/ru\/?s={search_term_string}"},"query-input":"required name=search_term_string"}],"inLanguage":"ru-RU"},{"@type":["Organization","Place"],"@id":"https:\/\/odavprint.ee\/ru\/#organization","name":"Odav Print O\u00dc","url":"https:\/\/odavprint.ee\/ru\/","logo":{"@id":"https:\/\/odavprint.ee\/ru\/product\/godex-ge300-etikettprinter\/#local-main-organization-logo"},"image":{"@id":"https:\/\/odavprint.ee\/ru\/product\/godex-ge300-etikettprinter\/#local-main-organization-logo"},"address":{"@id":"https:\/\/odavprint.ee\/ru\/product\/godex-ge300-etikettprinter\/#local-main-place-address"},"geo":{"@type":"GeoCoordinates","latitude":"59.4306504","longitude":"24.8095743"},"telephone":["53836926"],"openingHoursSpecification":[{"@type":"OpeningHoursSpecification","dayOfWeek":["Monday","Tuesday","Wednesday","Thursday","Friday","Saturday","Sunday"],"opens":"09:00","closes":"17:00"}],"email":"info@odavprint.eu"},{"@type":"PostalAddress","@id":"https:\/\/odavprint.ee\/ru\/product\/godex-ge300-etikettprinter\/#local-main-place-address","streetAddress":"Pae tn 28","addressLocality":"Tallinn","postalCode":"11415","addressRegion":"Harjumaa","addressCountry":"EE"},{"@type":"ImageObject","inLanguage":"ru-RU","@id":"https:\/\/odavprint.ee\/ru\/product\/godex-ge300-etikettprinter\/#local-main-organization-logo","url":"https:\/\/odavprint.ee\/wp-content\/uploads\/2018\/10\/odavprint-logo-240.jpg","contentUrl":"https:\/\/odavprint.ee\/wp-content\/uploads\/2018\/10\/odavprint-logo-240.jpg","width":240,"height":36,"caption":"Odav Print O\u00dc"}]},"product_price_amount":"269.50","product_price_currency":"EUR","og_availability":"instock","product_availability":"instock","product_condition":"new","geo.placename":"Tallinn","geo.position":{"lat":"59.4306504","long":"24.8095743"},"geo.region":"\u042d\u0441\u0442\u043e\u043d\u0438\u044f"},"_links":{"self":[{"href":"https:\/\/odavprint.ee\/ru\/wp-json\/wp\/v2\/product\/217051"}],"collection":[{"href":"https:\/\/odavprint.ee\/ru\/wp-json\/wp\/v2\/product"}],"about":[{"href":"https:\/\/odavprint.ee\/ru\/wp-json\/wp\/v2\/types\/product"}],"wp:featuredmedia":[{"embeddable":true,"href":"https:\/\/odavprint.ee\/ru\/wp-json\/wp\/v2\/media\/217052"}],"wp:attachment":[{"href":"https:\/\/odavprint.ee\/ru\/wp-json\/wp\/v2\/media?parent=217051"}],"wp:term":[{"taxonomy":"product_cat","embeddable":true,"href":"https:\/\/odavprint.ee\/ru\/wp-json\/wp\/v2\/product_cat?post=217051"},{"taxonomy":"product_tag","embeddable":true,"href":"https:\/\/odavprint.ee\/ru\/wp-json\/wp\/v2\/product_tag?post=217051"}],"curies":[{"name":"wp","href":"https:\/\/api.w.org\/{rel}","templated":true}]}}