{"id":217087,"date":"2026-02-19T21:46:30","date_gmt":"2026-02-19T19:46:30","guid":{"rendered":"https:\/\/odavprint.ee\/?post_type=product&#038;p=217087"},"modified":"2026-03-02T18:17:32","modified_gmt":"2026-03-02T16:17:32","slug":"godex-zx1200xi-etiketiprinter","status":"publish","type":"product","link":"https:\/\/odavprint.ee\/ru\/product\/godex-zx1200xi-etiketiprinter\/","title":{"rendered":"Godex ZX1200Xi+ etiketiprinter"},"content":{"rendered":"<p>Printeril on &#171;peegelduv&#187; ja &#171;l\u00e4bilaskev&#187; andurite kombinatsioon, mis v\u00f5imaldab kasutada etikette mis tahes aluse tihedusega. Anduri asendit saab k\u00e4sitsi reguleerida, mis on eriti kasulik mittestandardsete v\u00f5i eba\u00fchtlaste etikettide printimisel. ZX-1200xi+ m\u00e4\u00e4rab etikettide suurused automaatselt, seega enne printimist ei ole vaja k\u00e4sitsi parameetreid sisestada. Printerit saab hallata kaugjuhtimise teel, kasutades Godex Net Setting tarkvara.<\/p>\n<p>Printer on sobiv kasutada kitsastes ruumides ja \u00fchendub USB kaudu. Seade t\u00f6\u00f6tab vahelduvvoolu v\u00f5rgust.<\/p>\n<h2>Kasutusalad<\/h2>\n<ul>\n<li>Kontorit\u00f6\u00f6 (inventuur, postit\u00f6\u00f6tlus)<\/li>\n<li>Tootmine ja jaotuskeskused (toodete m\u00e4rgistamine ja hinnasildid)<\/li>\n<li>Tervishoid (meditsiinilised kaardid, testitulemused)<\/li>\n<\/ul>\n<h2>Tehnilised andmed<\/h2>\n<table border=\"1\">\n<tbody>\n<tr>\n<th>Mark<\/th>\n<td>Godex<\/td>\n<\/tr>\n<tr>\n<th>Kasutusklass<\/th>\n<td>T\u00f6\u00f6stusprinter<\/td>\n<\/tr>\n<tr>\n<th>Printimismeetod<\/th>\n<td>Termotransfer<\/td>\n<\/tr>\n<tr>\n<th>Printimisresolutsioon<\/th>\n<td>203 dpi<\/td>\n<\/tr>\n<tr>\n<th>Liidesed<\/th>\n<td>USB2.0, RS232, RJ45, 3 USB Host<\/td>\n<\/tr>\n<tr>\n<th>V\u00e4rv<\/th>\n<td>Must<\/td>\n<\/tr>\n<tr>\n<th>Artikli number<\/th>\n<td>011-Z2X012-00B<\/td>\n<\/tr>\n<tr>\n<th>M\u00e4lu<\/th>\n<td>256 MB Flash, 256 MB SDRAM<\/td>\n<\/tr>\n<tr>\n<th>Toetatud k\u00e4ekoodid<\/th>\n<td>1D-koodid: Code 39, Code 93, Code 128 (alamhulga A, B, C), UCC\/EAN-128 K-Mart, UCC\/EAN-128, UPC A \/ E (lisand 2 &amp; 5), I 2 of 5, I 2 of 5 Shipping Bearer Bars, EAN 8 \/ 13 (lisand 2 &amp; 5), Codabar, Post NET, EAN 128, DUN 14, HIBC, MSI (1 Mod 10), Random Weight, Telepen, FIM, China Postal Code, RPS 128, GS1 DataBar; 2D-koodid: PDF417, Datamatrix code, MaxiCode, QR code, Micro QR code<\/td>\n<\/tr>\n<tr>\n<th>Printimiskiirus<\/th>\n<td>355 mm\/s<\/td>\n<\/tr>\n<tr>\n<th>Sisseehitatud fondid<\/th>\n<td>1 sisseehitatud font (sh OCRA &amp; B), 8x horisontaalne ja vertikaalne skaleerimine. Fondivormingut saab p\u00f6\u00f6rata (8 orientatsiooni nurka). Skaalautuv font (koodilehed 850 ja 852) (4 orientatsiooni nurka). Laetavad fondid: Toetab vene Windowsi bitkaardifonte (8 orientatsiooni nurka) ja vene True Type fonte ver. 2.XX (4 orientatsiooni nurka). Fondivormingut saab p\u00f6\u00f6rata.<\/td>\n<\/tr>\n<tr>\n<th>Graafika<\/th>\n<td>\u00dcksv\u00e4rviline<\/td>\n<\/tr>\n<tr>\n<th>Pildi t\u00f6\u00f6tlemine<\/th>\n<td>Pildi v\u00e4hendamine ja suurendamine kuni 10 korda. Pildi p\u00f6\u00f6ramine 90\u00b0, 180\u00b0, 270\u00b0<\/td>\n<\/tr>\n<tr>\n<th>Printimislaius<\/th>\n<td>104 mm<\/td>\n<\/tr>\n<tr>\n<th>Tootja<\/th>\n<td>Taiwan<\/td>\n<\/tr>\n<tr>\n<th>M\u00f5\u00f5dud<\/th>\n<td>465 x 263 x 305 mm<\/td>\n<\/tr>\n<tr>\n<th>Kaal<\/th>\n<td>13,6 kg<\/td>\n<\/tr>\n<\/tbody>\n<\/table>\n","protected":false},"excerpt":{"rendered":"<p>Godex ZX-1200xi+ etikettiprinter on t\u00f6\u00f6stuslik klassi printer, millel on suurendatud m\u00e4lu (256 MB) ja puutetundlik LCD-ekraan. See kompaktne seade on loodud etikettide, piltide ja k\u00e4ekoodide, sealhulgas QR-koodide, printimiseks termoprintimise tehnoloogiat kasutades.<\/p>\n<p>K\u00e4esolev termotransferprinter on ideaalne v\u00e4ikeste formaatide etikettide printimiseks. Etikettide ribalaius on 104 mm ja printimiskiirus ulatub kuni 355 mm\/s. \u00dche vahetuse jooksul on v\u00f5imalik printida \u00fcle kolme tuhande etiketi. Printeri resolutsioon on 203 dpi, mis sobib lihtsa alfanumerilise info ja p\u00f5hiliste graafikate printimiseks. Komplektis on 11 sisseehitatud fondi ja vajadusel saab installida t\u00e4iendavaid fonte.<\/p><\/p>\n","protected":false},"featured_media":217088,"template":"","meta":{"inline_featured_image":false},"product_cat":[39148,39163,39164],"product_tag":[],"yoast_head":"<!-- This site is optimized with the Yoast SEO Premium plugin v23.0 (Yoast SEO v23.0) - https:\/\/yoast.com\/wordpress\/plugins\/seo\/ -->\n<title>Godex ZX1200Xi+ etiketiprinter, \u043b\u0443\u0447\u0448\u0430\u044f \u0446\u0435\u043d\u0430, \u043a\u0443\u043f\u0438\u0442\u044c \u0432 \u0438\u043d\u0442\u0435\u0440\u043d\u0435\u0442-\u043c\u0430\u0433\u0430\u0437\u0438\u043d\u0435 - Odav Print<\/title>\n<meta name=\"description\" content=\"\u041a\u0443\u043f\u0438\u0442\u044c Godex ZX1200Xi+ etiketiprinter \u0432 Odav Print \u260e +372 5911 9495 \u2714\ufe0f \u041b\u0443\u0447\u0448\u0430\u044f \u0446\u0435\u043d\u0430 \u043d\u0430 Godex ZX1200Xi+ etiketiprinter \u26df \u0411\u044b\u0441\u0442\u0440\u0430\u044f \u0434\u043e\u0441\u0442\u0430\u0432\u043a\u0430 \u043f\u043e \u042d\u0441\u0442\u043e\u043d\u0438\u0438 \u2b50 \u0413\u0430\u0440\u0430\u043d\u0442\u0438\u044f\" \/>\n<meta name=\"robots\" content=\"index, follow, max-snippet:-1, max-image-preview:large, max-video-preview:-1\" \/>\n<link rel=\"canonical\" href=\"https:\/\/odavprint.ee\/ru\/product\/godex-zx1200xi-etiketiprinter\/\" \/>\n<meta property=\"og:locale\" content=\"ru_RU\" \/>\n<meta property=\"og:type\" content=\"article\" \/>\n<meta property=\"og:title\" content=\"Godex ZX1200Xi+ etiketiprinter\" \/>\n<meta property=\"og:description\" content=\"\u041a\u0443\u043f\u0438\u0442\u044c Godex ZX1200Xi+ etiketiprinter \u0432 Odav Print \u260e +372 5911 9495 \u2714\ufe0f \u041b\u0443\u0447\u0448\u0430\u044f \u0446\u0435\u043d\u0430 \u043d\u0430 Godex ZX1200Xi+ etiketiprinter \u26df \u0411\u044b\u0441\u0442\u0440\u0430\u044f \u0434\u043e\u0441\u0442\u0430\u0432\u043a\u0430 \u043f\u043e \u042d\u0441\u0442\u043e\u043d\u0438\u0438 \u2b50 \u0413\u0430\u0440\u0430\u043d\u0442\u0438\u044f\" \/>\n<meta property=\"og:url\" content=\"https:\/\/odavprint.ee\/ru\/product\/godex-zx1200xi-etiketiprinter\/\" \/>\n<meta property=\"og:site_name\" content=\"Odav Print\" \/>\n<meta property=\"article:modified_time\" content=\"2026-03-02T16:17:32+00:00\" \/>\n<meta name=\"twitter:card\" content=\"summary_large_image\" \/>\n<meta name=\"twitter:label1\" content=\"\u0426\u0435\u043d\u0430\" \/>\n\t<meta name=\"twitter:data1\" content=\"&euro;1,722.78\" \/>\n\t<meta name=\"twitter:label2\" content=\"\u0414\u043e\u0441\u0442\u0443\u043f\u043d\u043e\u0441\u0442\u044c\" \/>\n\t<meta name=\"twitter:data2\" content=\"\u0412 \u043d\u0430\u043b\u0438\u0447\u0438\u0438\" \/>\n<script type=\"application\/ld+json\" class=\"yoast-schema-graph\">{\"@context\":\"https:\/\/schema.org\",\"@graph\":[{\"@type\":[\"WebPage\",\"ItemPage\"],\"@id\":\"https:\/\/odavprint.ee\/ru\/product\/godex-zx1200xi-etiketiprinter\/\",\"url\":\"https:\/\/odavprint.ee\/ru\/product\/godex-zx1200xi-etiketiprinter\/\",\"name\":\"Godex ZX1200Xi+ etiketiprinter, \u043b\u0443\u0447\u0448\u0430\u044f \u0446\u0435\u043d\u0430, \u043a\u0443\u043f\u0438\u0442\u044c \u0432 \u0438\u043d\u0442\u0435\u0440\u043d\u0435\u0442-\u043c\u0430\u0433\u0430\u0437\u0438\u043d\u0435 - Odav Print\",\"isPartOf\":{\"@id\":\"https:\/\/odavprint.ee\/ru\/#website\"},\"primaryImageOfPage\":{\"@id\":\"https:\/\/odavprint.ee\/ru\/product\/godex-zx1200xi-etiketiprinter\/#primaryimage\"},\"image\":{\"@id\":\"https:\/\/odavprint.ee\/ru\/product\/godex-zx1200xi-etiketiprinter\/#primaryimage\"},\"thumbnailUrl\":\"https:\/\/odavprint.ee\/wp-content\/uploads\/2026\/02\/godex-zx1200xi-label-printer.jpg\",\"datePublished\":\"2026-02-19T19:46:30+00:00\",\"dateModified\":\"2026-03-02T16:17:32+00:00\",\"description\":\"\u041a\u0443\u043f\u0438\u0442\u044c Godex ZX1200Xi+ etiketiprinter \u0432 Odav Print \u260e +372 5911 9495 \u2714\ufe0f \u041b\u0443\u0447\u0448\u0430\u044f \u0446\u0435\u043d\u0430 \u043d\u0430 Godex ZX1200Xi+ etiketiprinter \u26df \u0411\u044b\u0441\u0442\u0440\u0430\u044f \u0434\u043e\u0441\u0442\u0430\u0432\u043a\u0430 \u043f\u043e \u042d\u0441\u0442\u043e\u043d\u0438\u0438 \u2b50 \u0413\u0430\u0440\u0430\u043d\u0442\u0438\u044f\",\"breadcrumb\":{\"@id\":\"https:\/\/odavprint.ee\/ru\/product\/godex-zx1200xi-etiketiprinter\/#breadcrumb\"},\"inLanguage\":\"ru-RU\",\"potentialAction\":[{\"@type\":\"ReadAction\",\"target\":[\"https:\/\/odavprint.ee\/ru\/product\/godex-zx1200xi-etiketiprinter\/\"]}]},{\"@type\":\"ImageObject\",\"inLanguage\":\"ru-RU\",\"@id\":\"https:\/\/odavprint.ee\/ru\/product\/godex-zx1200xi-etiketiprinter\/#primaryimage\",\"url\":\"https:\/\/odavprint.ee\/wp-content\/uploads\/2026\/02\/godex-zx1200xi-label-printer.jpg\",\"contentUrl\":\"https:\/\/odavprint.ee\/wp-content\/uploads\/2026\/02\/godex-zx1200xi-label-printer.jpg\",\"width\":2500,\"height\":2500},{\"@type\":\"BreadcrumbList\",\"@id\":\"https:\/\/odavprint.ee\/ru\/product\/godex-zx1200xi-etiketiprinter\/#breadcrumb\",\"itemListElement\":[{\"@type\":\"ListItem\",\"position\":1,\"name\":\"Home\",\"item\":\"https:\/\/odavprint.ee\/ru\/%d0%b3%d0%bb%d0%b0%d0%b2%d0%bd%d0%b0%d1%8f\/\"},{\"@type\":\"ListItem\",\"position\":2,\"name\":\"\u041c\u0430\u0433\u0430\u0437\u0438\u043d\",\"item\":\"https:\/\/odavprint.ee\/ru\/shop\/\"},{\"@type\":\"ListItem\",\"position\":3,\"name\":\"Godex ZX1200Xi+ etiketiprinter\"}]},{\"@type\":\"WebSite\",\"@id\":\"https:\/\/odavprint.ee\/ru\/#website\",\"url\":\"https:\/\/odavprint.ee\/ru\/\",\"name\":\"Odav Print\",\"description\":\"Just another WordPress site\",\"publisher\":{\"@id\":\"https:\/\/odavprint.ee\/ru\/#organization\"},\"alternateName\":\"Kassettide, toonerite t\u00e4itmine ja m\u00fc\u00fck.\",\"potentialAction\":[{\"@type\":\"SearchAction\",\"target\":{\"@type\":\"EntryPoint\",\"urlTemplate\":\"https:\/\/odavprint.ee\/ru\/?s={search_term_string}\"},\"query-input\":\"required name=search_term_string\"}],\"inLanguage\":\"ru-RU\"},{\"@type\":[\"Organization\",\"Place\"],\"@id\":\"https:\/\/odavprint.ee\/ru\/#organization\",\"name\":\"Odav Print O\u00dc\",\"url\":\"https:\/\/odavprint.ee\/ru\/\",\"logo\":{\"@id\":\"https:\/\/odavprint.ee\/ru\/product\/godex-zx1200xi-etiketiprinter\/#local-main-organization-logo\"},\"image\":{\"@id\":\"https:\/\/odavprint.ee\/ru\/product\/godex-zx1200xi-etiketiprinter\/#local-main-organization-logo\"},\"address\":{\"@id\":\"https:\/\/odavprint.ee\/ru\/product\/godex-zx1200xi-etiketiprinter\/#local-main-place-address\"},\"geo\":{\"@type\":\"GeoCoordinates\",\"latitude\":\"59.4306504\",\"longitude\":\"24.8095743\"},\"telephone\":[\"53836926\"],\"openingHoursSpecification\":[{\"@type\":\"OpeningHoursSpecification\",\"dayOfWeek\":[\"Monday\",\"Tuesday\",\"Wednesday\",\"Thursday\",\"Friday\",\"Saturday\",\"Sunday\"],\"opens\":\"09:00\",\"closes\":\"17:00\"}],\"email\":\"info@odavprint.eu\"},{\"@type\":\"PostalAddress\",\"@id\":\"https:\/\/odavprint.ee\/ru\/product\/godex-zx1200xi-etiketiprinter\/#local-main-place-address\",\"streetAddress\":\"Pae tn 28\",\"addressLocality\":\"Tallinn\",\"postalCode\":\"11415\",\"addressRegion\":\"Harjumaa\",\"addressCountry\":\"EE\"},{\"@type\":\"ImageObject\",\"inLanguage\":\"ru-RU\",\"@id\":\"https:\/\/odavprint.ee\/ru\/product\/godex-zx1200xi-etiketiprinter\/#local-main-organization-logo\",\"url\":\"https:\/\/odavprint.ee\/wp-content\/uploads\/2018\/10\/odavprint-logo-240.jpg\",\"contentUrl\":\"https:\/\/odavprint.ee\/wp-content\/uploads\/2018\/10\/odavprint-logo-240.jpg\",\"width\":240,\"height\":36,\"caption\":\"Odav Print O\u00dc\"}]}<\/script>\n<meta property=\"product:price:amount\" content=\"1722.78\" \/>\n<meta property=\"product:price:currency\" content=\"EUR\" \/>\n<meta property=\"og:availability\" content=\"instock\" \/>\n<meta property=\"product:availability\" content=\"instock\" \/>\n<meta property=\"product:condition\" content=\"new\" \/>\n<meta name=\"geo.placename\" content=\"Tallinn\" \/>\n<meta name=\"geo.position\" content=\"59.4306504;24.8095743\" \/>\n<meta name=\"geo.region\" content=\"\u042d\u0441\u0442\u043e\u043d\u0438\u044f\" \/>\n<!-- \/ Yoast SEO Premium plugin. -->","yoast_head_json":{"title":"Godex ZX1200Xi+ etiketiprinter, \u043b\u0443\u0447\u0448\u0430\u044f \u0446\u0435\u043d\u0430, \u043a\u0443\u043f\u0438\u0442\u044c \u0432 \u0438\u043d\u0442\u0435\u0440\u043d\u0435\u0442-\u043c\u0430\u0433\u0430\u0437\u0438\u043d\u0435 - Odav Print","description":"\u041a\u0443\u043f\u0438\u0442\u044c Godex ZX1200Xi+ etiketiprinter \u0432 Odav Print \u260e +372 5911 9495 \u2714\ufe0f \u041b\u0443\u0447\u0448\u0430\u044f \u0446\u0435\u043d\u0430 \u043d\u0430 Godex ZX1200Xi+ etiketiprinter \u26df \u0411\u044b\u0441\u0442\u0440\u0430\u044f \u0434\u043e\u0441\u0442\u0430\u0432\u043a\u0430 \u043f\u043e \u042d\u0441\u0442\u043e\u043d\u0438\u0438 \u2b50 \u0413\u0430\u0440\u0430\u043d\u0442\u0438\u044f","robots":{"index":"index","follow":"follow","max-snippet":"max-snippet:-1","max-image-preview":"max-image-preview:large","max-video-preview":"max-video-preview:-1"},"canonical":"https:\/\/odavprint.ee\/ru\/product\/godex-zx1200xi-etiketiprinter\/","og_locale":"ru_RU","og_type":"article","og_title":"Godex ZX1200Xi+ etiketiprinter","og_description":"\u041a\u0443\u043f\u0438\u0442\u044c Godex ZX1200Xi+ etiketiprinter \u0432 Odav Print \u260e +372 5911 9495 \u2714\ufe0f \u041b\u0443\u0447\u0448\u0430\u044f \u0446\u0435\u043d\u0430 \u043d\u0430 Godex ZX1200Xi+ etiketiprinter \u26df \u0411\u044b\u0441\u0442\u0440\u0430\u044f \u0434\u043e\u0441\u0442\u0430\u0432\u043a\u0430 \u043f\u043e \u042d\u0441\u0442\u043e\u043d\u0438\u0438 \u2b50 \u0413\u0430\u0440\u0430\u043d\u0442\u0438\u044f","og_url":"https:\/\/odavprint.ee\/ru\/product\/godex-zx1200xi-etiketiprinter\/","og_site_name":"Odav Print","article_modified_time":"2026-03-02T16:17:32+00:00","twitter_card":"summary_large_image","twitter_misc":{"\u0426\u0435\u043d\u0430":"&euro;1,722.78","\u0414\u043e\u0441\u0442\u0443\u043f\u043d\u043e\u0441\u0442\u044c":"\u0412 \u043d\u0430\u043b\u0438\u0447\u0438\u0438"},"schema":{"@context":"https:\/\/schema.org","@graph":[{"@type":["WebPage","ItemPage"],"@id":"https:\/\/odavprint.ee\/ru\/product\/godex-zx1200xi-etiketiprinter\/","url":"https:\/\/odavprint.ee\/ru\/product\/godex-zx1200xi-etiketiprinter\/","name":"Godex ZX1200Xi+ etiketiprinter, \u043b\u0443\u0447\u0448\u0430\u044f \u0446\u0435\u043d\u0430, \u043a\u0443\u043f\u0438\u0442\u044c \u0432 \u0438\u043d\u0442\u0435\u0440\u043d\u0435\u0442-\u043c\u0430\u0433\u0430\u0437\u0438\u043d\u0435 - Odav Print","isPartOf":{"@id":"https:\/\/odavprint.ee\/ru\/#website"},"primaryImageOfPage":{"@id":"https:\/\/odavprint.ee\/ru\/product\/godex-zx1200xi-etiketiprinter\/#primaryimage"},"image":{"@id":"https:\/\/odavprint.ee\/ru\/product\/godex-zx1200xi-etiketiprinter\/#primaryimage"},"thumbnailUrl":"https:\/\/odavprint.ee\/wp-content\/uploads\/2026\/02\/godex-zx1200xi-label-printer.jpg","datePublished":"2026-02-19T19:46:30+00:00","dateModified":"2026-03-02T16:17:32+00:00","description":"\u041a\u0443\u043f\u0438\u0442\u044c Godex ZX1200Xi+ etiketiprinter \u0432 Odav Print \u260e +372 5911 9495 \u2714\ufe0f \u041b\u0443\u0447\u0448\u0430\u044f \u0446\u0435\u043d\u0430 \u043d\u0430 Godex ZX1200Xi+ etiketiprinter \u26df \u0411\u044b\u0441\u0442\u0440\u0430\u044f \u0434\u043e\u0441\u0442\u0430\u0432\u043a\u0430 \u043f\u043e \u042d\u0441\u0442\u043e\u043d\u0438\u0438 \u2b50 \u0413\u0430\u0440\u0430\u043d\u0442\u0438\u044f","breadcrumb":{"@id":"https:\/\/odavprint.ee\/ru\/product\/godex-zx1200xi-etiketiprinter\/#breadcrumb"},"inLanguage":"ru-RU","potentialAction":[{"@type":"ReadAction","target":["https:\/\/odavprint.ee\/ru\/product\/godex-zx1200xi-etiketiprinter\/"]}]},{"@type":"ImageObject","inLanguage":"ru-RU","@id":"https:\/\/odavprint.ee\/ru\/product\/godex-zx1200xi-etiketiprinter\/#primaryimage","url":"https:\/\/odavprint.ee\/wp-content\/uploads\/2026\/02\/godex-zx1200xi-label-printer.jpg","contentUrl":"https:\/\/odavprint.ee\/wp-content\/uploads\/2026\/02\/godex-zx1200xi-label-printer.jpg","width":2500,"height":2500},{"@type":"BreadcrumbList","@id":"https:\/\/odavprint.ee\/ru\/product\/godex-zx1200xi-etiketiprinter\/#breadcrumb","itemListElement":[{"@type":"ListItem","position":1,"name":"Home","item":"https:\/\/odavprint.ee\/ru\/%d0%b3%d0%bb%d0%b0%d0%b2%d0%bd%d0%b0%d1%8f\/"},{"@type":"ListItem","position":2,"name":"\u041c\u0430\u0433\u0430\u0437\u0438\u043d","item":"https:\/\/odavprint.ee\/ru\/shop\/"},{"@type":"ListItem","position":3,"name":"Godex ZX1200Xi+ etiketiprinter"}]},{"@type":"WebSite","@id":"https:\/\/odavprint.ee\/ru\/#website","url":"https:\/\/odavprint.ee\/ru\/","name":"Odav Print","description":"Just another WordPress site","publisher":{"@id":"https:\/\/odavprint.ee\/ru\/#organization"},"alternateName":"Kassettide, toonerite t\u00e4itmine ja m\u00fc\u00fck.","potentialAction":[{"@type":"SearchAction","target":{"@type":"EntryPoint","urlTemplate":"https:\/\/odavprint.ee\/ru\/?s={search_term_string}"},"query-input":"required name=search_term_string"}],"inLanguage":"ru-RU"},{"@type":["Organization","Place"],"@id":"https:\/\/odavprint.ee\/ru\/#organization","name":"Odav Print O\u00dc","url":"https:\/\/odavprint.ee\/ru\/","logo":{"@id":"https:\/\/odavprint.ee\/ru\/product\/godex-zx1200xi-etiketiprinter\/#local-main-organization-logo"},"image":{"@id":"https:\/\/odavprint.ee\/ru\/product\/godex-zx1200xi-etiketiprinter\/#local-main-organization-logo"},"address":{"@id":"https:\/\/odavprint.ee\/ru\/product\/godex-zx1200xi-etiketiprinter\/#local-main-place-address"},"geo":{"@type":"GeoCoordinates","latitude":"59.4306504","longitude":"24.8095743"},"telephone":["53836926"],"openingHoursSpecification":[{"@type":"OpeningHoursSpecification","dayOfWeek":["Monday","Tuesday","Wednesday","Thursday","Friday","Saturday","Sunday"],"opens":"09:00","closes":"17:00"}],"email":"info@odavprint.eu"},{"@type":"PostalAddress","@id":"https:\/\/odavprint.ee\/ru\/product\/godex-zx1200xi-etiketiprinter\/#local-main-place-address","streetAddress":"Pae tn 28","addressLocality":"Tallinn","postalCode":"11415","addressRegion":"Harjumaa","addressCountry":"EE"},{"@type":"ImageObject","inLanguage":"ru-RU","@id":"https:\/\/odavprint.ee\/ru\/product\/godex-zx1200xi-etiketiprinter\/#local-main-organization-logo","url":"https:\/\/odavprint.ee\/wp-content\/uploads\/2018\/10\/odavprint-logo-240.jpg","contentUrl":"https:\/\/odavprint.ee\/wp-content\/uploads\/2018\/10\/odavprint-logo-240.jpg","width":240,"height":36,"caption":"Odav Print O\u00dc"}]},"product_price_amount":"1722.78","product_price_currency":"EUR","og_availability":"instock","product_availability":"instock","product_condition":"new","geo.placename":"Tallinn","geo.position":{"lat":"59.4306504","long":"24.8095743"},"geo.region":"\u042d\u0441\u0442\u043e\u043d\u0438\u044f"},"_links":{"self":[{"href":"https:\/\/odavprint.ee\/ru\/wp-json\/wp\/v2\/product\/217087"}],"collection":[{"href":"https:\/\/odavprint.ee\/ru\/wp-json\/wp\/v2\/product"}],"about":[{"href":"https:\/\/odavprint.ee\/ru\/wp-json\/wp\/v2\/types\/product"}],"wp:featuredmedia":[{"embeddable":true,"href":"https:\/\/odavprint.ee\/ru\/wp-json\/wp\/v2\/media\/217088"}],"wp:attachment":[{"href":"https:\/\/odavprint.ee\/ru\/wp-json\/wp\/v2\/media?parent=217087"}],"wp:term":[{"taxonomy":"product_cat","embeddable":true,"href":"https:\/\/odavprint.ee\/ru\/wp-json\/wp\/v2\/product_cat?post=217087"},{"taxonomy":"product_tag","embeddable":true,"href":"https:\/\/odavprint.ee\/ru\/wp-json\/wp\/v2\/product_tag?post=217087"}],"curies":[{"name":"wp","href":"https:\/\/api.w.org\/{rel}","templated":true}]}}