{"id":219745,"date":"2026-02-20T04:23:34","date_gmt":"2026-02-20T02:23:34","guid":{"rendered":"https:\/\/odavprint.ee\/?post_type=product&#038;p=219745"},"modified":"2026-03-02T18:18:35","modified_gmt":"2026-03-02T16:18:35","slug":"zebra-z-fold-2000d-102mm-x-152-mm-termopaberist-etiketid-tootja-dore-komplekt-3-tukki","status":"publish","type":"product","link":"https:\/\/odavprint.ee\/ru\/product\/zebra-z-fold-2000d-102mm-x-152-mm-termopaberist-etiketid-tootja-dore-komplekt-3-tukki\/","title":{"rendered":"Zebra Z-Fold 2000D 102mm x 152 mm termopaberist etiketid tootja Dore komplekt 3 t\u00fckki"},"content":{"rendered":"<p><strong>Printeritele:<\/strong><\/p>\n<p>DULA XP-470B, Zebra GK420d, Zebra GK420t, Zebra GC420t, Zebra GX420t, Zebra GX430t, Zebra GX430d, Zebra GX420d, Zebra ZD220, Zebra ZD421D, Zebra ZD420D, Zebra (T)LP 2742, Zebra (T)LP 2844, Zebra (T)LP 3842, Zebra ZT200, Zebra ZT220, Zebra ZT230, Zebra ZT510, Zebra ZT620, Zebra RZ400, Zebra RZ600, Zebra Z4M Plus, Zebra A300, Zebra DA402, Zebra G-Serie, Zebra S4M<\/p>\n<p><strong>M\u00f5\u00f5tmed:\u00a0<\/strong><strong>102mm x 125mm, 2000<\/strong><strong> silti<br \/><\/strong><\/p>\n<p><strong>V\u00e4rv: valge<\/strong><\/p>\n","protected":false},"excerpt":{"rendered":"<p>Printeritele: DULA XP-470B, Zebra GK420d, Zebra GK420t, Zebra GC420t, Zebra GX420t, Zebra GX430t, Zebra GX430d, Zebra GX420d, Zebra ZD220, Zebra ZD421D, Zebra ZD420D, Zebra (T)LP 2742, Zebra (T)LP 2844, Zebra (T)LP 3842, Zebra ZT200, Zebra ZT220, Zebra ZT230, Zebra ZT510, Zebra ZT620, Zebra RZ400, Zebra RZ600, Zebra Z4M Plus, Zebra A300, Zebra DA402, Zebra G-Serie, [&#8230;]\n","protected":false},"featured_media":219746,"template":"","meta":{"inline_featured_image":false},"product_cat":[39148,39149,39152],"product_tag":[],"yoast_head":"<!-- This site is optimized with the Yoast SEO Premium plugin v23.0 (Yoast SEO v23.0) - https:\/\/yoast.com\/wordpress\/plugins\/seo\/ -->\n<title>Zebra Z-Fold 2000D 102mm x 152 mm termopaberist etiketid tootja Dore komplekt 3 t\u00fckki, \u043b\u0443\u0447\u0448\u0430\u044f \u0446\u0435\u043d\u0430, \u043a\u0443\u043f\u0438\u0442\u044c \u0432 \u0438\u043d\u0442\u0435\u0440\u043d\u0435\u0442-\u043c\u0430\u0433\u0430\u0437\u0438\u043d\u0435 - Odav Print<\/title>\n<meta name=\"description\" content=\"\u041a\u0443\u043f\u0438\u0442\u044c Zebra Z-Fold 2000D 102mm x 152 mm termopaberist etiketid tootja Dore komplekt 3 t\u00fckki \u0432 Odav Print \u260e +372 5911 9495 \u2714\ufe0f \u041b\u0443\u0447\u0448\u0430\u044f \u0446\u0435\u043d\u0430 \u043d\u0430 Zebra Z-Fold 2000D 102mm x 152 mm termopaberist etiketid tootja Dore komplekt 3 t\u00fckki \u26df \u0411\u044b\u0441\u0442\u0440\u0430\u044f \u0434\u043e\u0441\u0442\u0430\u0432\u043a\u0430 \u043f\u043e \u042d\u0441\u0442\u043e\u043d\u0438\u0438 \u2b50 \u0413\u0430\u0440\u0430\u043d\u0442\u0438\u044f\" \/>\n<meta name=\"robots\" content=\"index, follow, max-snippet:-1, max-image-preview:large, max-video-preview:-1\" \/>\n<link rel=\"canonical\" href=\"https:\/\/odavprint.ee\/ru\/product\/zebra-z-fold-2000d-102mm-x-152-mm-termopaberist-etiketid-tootja-dore-komplekt-3-tukki\/\" \/>\n<meta property=\"og:locale\" content=\"ru_RU\" \/>\n<meta property=\"og:type\" content=\"article\" \/>\n<meta property=\"og:title\" content=\"Zebra Z-Fold 2000D 102mm x 152 mm termopaberist etiketid tootja Dore komplekt 3 t\u00fckki\" \/>\n<meta property=\"og:description\" content=\"\u041a\u0443\u043f\u0438\u0442\u044c Zebra Z-Fold 2000D 102mm x 152 mm termopaberist etiketid tootja Dore komplekt 3 t\u00fckki \u0432 Odav Print \u260e +372 5911 9495 \u2714\ufe0f \u041b\u0443\u0447\u0448\u0430\u044f \u0446\u0435\u043d\u0430 \u043d\u0430 Zebra Z-Fold 2000D 102mm x 152 mm termopaberist etiketid tootja Dore komplekt 3 t\u00fckki \u26df \u0411\u044b\u0441\u0442\u0440\u0430\u044f \u0434\u043e\u0441\u0442\u0430\u0432\u043a\u0430 \u043f\u043e \u042d\u0441\u0442\u043e\u043d\u0438\u0438 \u2b50 \u0413\u0430\u0440\u0430\u043d\u0442\u0438\u044f\" \/>\n<meta property=\"og:url\" content=\"https:\/\/odavprint.ee\/ru\/product\/zebra-z-fold-2000d-102mm-x-152-mm-termopaberist-etiketid-tootja-dore-komplekt-3-tukki\/\" \/>\n<meta property=\"og:site_name\" content=\"Odav Print\" \/>\n<meta property=\"article:modified_time\" content=\"2026-03-02T16:18:35+00:00\" \/>\n<meta name=\"twitter:card\" content=\"summary_large_image\" \/>\n<meta name=\"twitter:label1\" content=\"\u0426\u0435\u043d\u0430\" \/>\n\t<meta name=\"twitter:data1\" content=\"&euro;89.95\" \/>\n\t<meta name=\"twitter:label2\" content=\"\u0414\u043e\u0441\u0442\u0443\u043f\u043d\u043e\u0441\u0442\u044c\" \/>\n\t<meta name=\"twitter:data2\" content=\"\u0412 \u043d\u0430\u043b\u0438\u0447\u0438\u0438\" \/>\n<script type=\"application\/ld+json\" class=\"yoast-schema-graph\">{\"@context\":\"https:\/\/schema.org\",\"@graph\":[{\"@type\":[\"WebPage\",\"ItemPage\"],\"@id\":\"https:\/\/odavprint.ee\/ru\/product\/zebra-z-fold-2000d-102mm-x-152-mm-termopaberist-etiketid-tootja-dore-komplekt-3-tukki\/\",\"url\":\"https:\/\/odavprint.ee\/ru\/product\/zebra-z-fold-2000d-102mm-x-152-mm-termopaberist-etiketid-tootja-dore-komplekt-3-tukki\/\",\"name\":\"Zebra Z-Fold 2000D 102mm x 152 mm termopaberist etiketid tootja Dore komplekt 3 t\u00fckki, \u043b\u0443\u0447\u0448\u0430\u044f \u0446\u0435\u043d\u0430, \u043a\u0443\u043f\u0438\u0442\u044c \u0432 \u0438\u043d\u0442\u0435\u0440\u043d\u0435\u0442-\u043c\u0430\u0433\u0430\u0437\u0438\u043d\u0435 - Odav Print\",\"isPartOf\":{\"@id\":\"https:\/\/odavprint.ee\/ru\/#website\"},\"primaryImageOfPage\":{\"@id\":\"https:\/\/odavprint.ee\/ru\/product\/zebra-z-fold-2000d-102mm-x-152-mm-termopaberist-etiketid-tootja-dore-komplekt-3-tukki\/#primaryimage\"},\"image\":{\"@id\":\"https:\/\/odavprint.ee\/ru\/product\/zebra-z-fold-2000d-102mm-x-152-mm-termopaberist-etiketid-tootja-dore-komplekt-3-tukki\/#primaryimage\"},\"thumbnailUrl\":\"https:\/\/odavprint.ee\/wp-content\/uploads\/2026\/02\/zebra-z-fold-2000d-102mm-x-152-mm-thermal-paper-labels-dore-manufacturer-set-3-pcs.jpg\",\"datePublished\":\"2026-02-20T02:23:34+00:00\",\"dateModified\":\"2026-03-02T16:18:35+00:00\",\"description\":\"\u041a\u0443\u043f\u0438\u0442\u044c Zebra Z-Fold 2000D 102mm x 152 mm termopaberist etiketid tootja Dore komplekt 3 t\u00fckki \u0432 Odav Print \u260e +372 5911 9495 \u2714\ufe0f \u041b\u0443\u0447\u0448\u0430\u044f \u0446\u0435\u043d\u0430 \u043d\u0430 Zebra Z-Fold 2000D 102mm x 152 mm termopaberist etiketid tootja Dore komplekt 3 t\u00fckki \u26df \u0411\u044b\u0441\u0442\u0440\u0430\u044f \u0434\u043e\u0441\u0442\u0430\u0432\u043a\u0430 \u043f\u043e \u042d\u0441\u0442\u043e\u043d\u0438\u0438 \u2b50 \u0413\u0430\u0440\u0430\u043d\u0442\u0438\u044f\",\"breadcrumb\":{\"@id\":\"https:\/\/odavprint.ee\/ru\/product\/zebra-z-fold-2000d-102mm-x-152-mm-termopaberist-etiketid-tootja-dore-komplekt-3-tukki\/#breadcrumb\"},\"inLanguage\":\"ru-RU\",\"potentialAction\":[{\"@type\":\"ReadAction\",\"target\":[\"https:\/\/odavprint.ee\/ru\/product\/zebra-z-fold-2000d-102mm-x-152-mm-termopaberist-etiketid-tootja-dore-komplekt-3-tukki\/\"]}]},{\"@type\":\"ImageObject\",\"inLanguage\":\"ru-RU\",\"@id\":\"https:\/\/odavprint.ee\/ru\/product\/zebra-z-fold-2000d-102mm-x-152-mm-termopaberist-etiketid-tootja-dore-komplekt-3-tukki\/#primaryimage\",\"url\":\"https:\/\/odavprint.ee\/wp-content\/uploads\/2026\/02\/zebra-z-fold-2000d-102mm-x-152-mm-thermal-paper-labels-dore-manufacturer-set-3-pcs.jpg\",\"contentUrl\":\"https:\/\/odavprint.ee\/wp-content\/uploads\/2026\/02\/zebra-z-fold-2000d-102mm-x-152-mm-thermal-paper-labels-dore-manufacturer-set-3-pcs.jpg\",\"width\":1600,\"height\":1366},{\"@type\":\"BreadcrumbList\",\"@id\":\"https:\/\/odavprint.ee\/ru\/product\/zebra-z-fold-2000d-102mm-x-152-mm-termopaberist-etiketid-tootja-dore-komplekt-3-tukki\/#breadcrumb\",\"itemListElement\":[{\"@type\":\"ListItem\",\"position\":1,\"name\":\"Home\",\"item\":\"https:\/\/odavprint.ee\/ru\/%d0%b3%d0%bb%d0%b0%d0%b2%d0%bd%d0%b0%d1%8f\/\"},{\"@type\":\"ListItem\",\"position\":2,\"name\":\"\u041c\u0430\u0433\u0430\u0437\u0438\u043d\",\"item\":\"https:\/\/odavprint.ee\/ru\/shop\/\"},{\"@type\":\"ListItem\",\"position\":3,\"name\":\"Zebra Z-Fold 2000D 102mm x 152 mm termopaberist etiketid tootja Dore komplekt 3 t\u00fckki\"}]},{\"@type\":\"WebSite\",\"@id\":\"https:\/\/odavprint.ee\/ru\/#website\",\"url\":\"https:\/\/odavprint.ee\/ru\/\",\"name\":\"Odav Print\",\"description\":\"Just another WordPress site\",\"publisher\":{\"@id\":\"https:\/\/odavprint.ee\/ru\/#organization\"},\"alternateName\":\"Kassettide, toonerite t\u00e4itmine ja m\u00fc\u00fck.\",\"potentialAction\":[{\"@type\":\"SearchAction\",\"target\":{\"@type\":\"EntryPoint\",\"urlTemplate\":\"https:\/\/odavprint.ee\/ru\/?s={search_term_string}\"},\"query-input\":\"required name=search_term_string\"}],\"inLanguage\":\"ru-RU\"},{\"@type\":[\"Organization\",\"Place\"],\"@id\":\"https:\/\/odavprint.ee\/ru\/#organization\",\"name\":\"Odav Print O\u00dc\",\"url\":\"https:\/\/odavprint.ee\/ru\/\",\"logo\":{\"@id\":\"https:\/\/odavprint.ee\/ru\/product\/zebra-z-fold-2000d-102mm-x-152-mm-termopaberist-etiketid-tootja-dore-komplekt-3-tukki\/#local-main-organization-logo\"},\"image\":{\"@id\":\"https:\/\/odavprint.ee\/ru\/product\/zebra-z-fold-2000d-102mm-x-152-mm-termopaberist-etiketid-tootja-dore-komplekt-3-tukki\/#local-main-organization-logo\"},\"address\":{\"@id\":\"https:\/\/odavprint.ee\/ru\/product\/zebra-z-fold-2000d-102mm-x-152-mm-termopaberist-etiketid-tootja-dore-komplekt-3-tukki\/#local-main-place-address\"},\"geo\":{\"@type\":\"GeoCoordinates\",\"latitude\":\"59.4306504\",\"longitude\":\"24.8095743\"},\"telephone\":[\"53836926\"],\"openingHoursSpecification\":[{\"@type\":\"OpeningHoursSpecification\",\"dayOfWeek\":[\"Monday\",\"Tuesday\",\"Wednesday\",\"Thursday\",\"Friday\",\"Saturday\",\"Sunday\"],\"opens\":\"09:00\",\"closes\":\"17:00\"}],\"email\":\"info@odavprint.eu\"},{\"@type\":\"PostalAddress\",\"@id\":\"https:\/\/odavprint.ee\/ru\/product\/zebra-z-fold-2000d-102mm-x-152-mm-termopaberist-etiketid-tootja-dore-komplekt-3-tukki\/#local-main-place-address\",\"streetAddress\":\"Pae tn 28\",\"addressLocality\":\"Tallinn\",\"postalCode\":\"11415\",\"addressRegion\":\"Harjumaa\",\"addressCountry\":\"EE\"},{\"@type\":\"ImageObject\",\"inLanguage\":\"ru-RU\",\"@id\":\"https:\/\/odavprint.ee\/ru\/product\/zebra-z-fold-2000d-102mm-x-152-mm-termopaberist-etiketid-tootja-dore-komplekt-3-tukki\/#local-main-organization-logo\",\"url\":\"https:\/\/odavprint.ee\/wp-content\/uploads\/2018\/10\/odavprint-logo-240.jpg\",\"contentUrl\":\"https:\/\/odavprint.ee\/wp-content\/uploads\/2018\/10\/odavprint-logo-240.jpg\",\"width\":240,\"height\":36,\"caption\":\"Odav Print O\u00dc\"}]}<\/script>\n<meta property=\"product:price:amount\" content=\"89.95\" \/>\n<meta property=\"product:price:currency\" content=\"EUR\" \/>\n<meta property=\"og:availability\" content=\"instock\" \/>\n<meta property=\"product:availability\" content=\"instock\" \/>\n<meta property=\"product:condition\" content=\"new\" \/>\n<meta name=\"geo.placename\" content=\"Tallinn\" \/>\n<meta name=\"geo.position\" content=\"59.4306504;24.8095743\" \/>\n<meta name=\"geo.region\" content=\"\u042d\u0441\u0442\u043e\u043d\u0438\u044f\" \/>\n<!-- \/ Yoast SEO Premium plugin. -->","yoast_head_json":{"title":"Zebra Z-Fold 2000D 102mm x 152 mm termopaberist etiketid tootja Dore komplekt 3 t\u00fckki, \u043b\u0443\u0447\u0448\u0430\u044f \u0446\u0435\u043d\u0430, \u043a\u0443\u043f\u0438\u0442\u044c \u0432 \u0438\u043d\u0442\u0435\u0440\u043d\u0435\u0442-\u043c\u0430\u0433\u0430\u0437\u0438\u043d\u0435 - Odav Print","description":"\u041a\u0443\u043f\u0438\u0442\u044c Zebra Z-Fold 2000D 102mm x 152 mm termopaberist etiketid tootja Dore komplekt 3 t\u00fckki \u0432 Odav Print \u260e +372 5911 9495 \u2714\ufe0f \u041b\u0443\u0447\u0448\u0430\u044f \u0446\u0435\u043d\u0430 \u043d\u0430 Zebra Z-Fold 2000D 102mm x 152 mm termopaberist etiketid tootja Dore komplekt 3 t\u00fckki \u26df \u0411\u044b\u0441\u0442\u0440\u0430\u044f \u0434\u043e\u0441\u0442\u0430\u0432\u043a\u0430 \u043f\u043e \u042d\u0441\u0442\u043e\u043d\u0438\u0438 \u2b50 \u0413\u0430\u0440\u0430\u043d\u0442\u0438\u044f","robots":{"index":"index","follow":"follow","max-snippet":"max-snippet:-1","max-image-preview":"max-image-preview:large","max-video-preview":"max-video-preview:-1"},"canonical":"https:\/\/odavprint.ee\/ru\/product\/zebra-z-fold-2000d-102mm-x-152-mm-termopaberist-etiketid-tootja-dore-komplekt-3-tukki\/","og_locale":"ru_RU","og_type":"article","og_title":"Zebra Z-Fold 2000D 102mm x 152 mm termopaberist etiketid tootja Dore komplekt 3 t\u00fckki","og_description":"\u041a\u0443\u043f\u0438\u0442\u044c Zebra Z-Fold 2000D 102mm x 152 mm termopaberist etiketid tootja Dore komplekt 3 t\u00fckki \u0432 Odav Print \u260e +372 5911 9495 \u2714\ufe0f \u041b\u0443\u0447\u0448\u0430\u044f \u0446\u0435\u043d\u0430 \u043d\u0430 Zebra Z-Fold 2000D 102mm x 152 mm termopaberist etiketid tootja Dore komplekt 3 t\u00fckki \u26df \u0411\u044b\u0441\u0442\u0440\u0430\u044f \u0434\u043e\u0441\u0442\u0430\u0432\u043a\u0430 \u043f\u043e \u042d\u0441\u0442\u043e\u043d\u0438\u0438 \u2b50 \u0413\u0430\u0440\u0430\u043d\u0442\u0438\u044f","og_url":"https:\/\/odavprint.ee\/ru\/product\/zebra-z-fold-2000d-102mm-x-152-mm-termopaberist-etiketid-tootja-dore-komplekt-3-tukki\/","og_site_name":"Odav Print","article_modified_time":"2026-03-02T16:18:35+00:00","twitter_card":"summary_large_image","twitter_misc":{"\u0426\u0435\u043d\u0430":"&euro;89.95","\u0414\u043e\u0441\u0442\u0443\u043f\u043d\u043e\u0441\u0442\u044c":"\u0412 \u043d\u0430\u043b\u0438\u0447\u0438\u0438"},"schema":{"@context":"https:\/\/schema.org","@graph":[{"@type":["WebPage","ItemPage"],"@id":"https:\/\/odavprint.ee\/ru\/product\/zebra-z-fold-2000d-102mm-x-152-mm-termopaberist-etiketid-tootja-dore-komplekt-3-tukki\/","url":"https:\/\/odavprint.ee\/ru\/product\/zebra-z-fold-2000d-102mm-x-152-mm-termopaberist-etiketid-tootja-dore-komplekt-3-tukki\/","name":"Zebra Z-Fold 2000D 102mm x 152 mm termopaberist etiketid tootja Dore komplekt 3 t\u00fckki, \u043b\u0443\u0447\u0448\u0430\u044f \u0446\u0435\u043d\u0430, \u043a\u0443\u043f\u0438\u0442\u044c \u0432 \u0438\u043d\u0442\u0435\u0440\u043d\u0435\u0442-\u043c\u0430\u0433\u0430\u0437\u0438\u043d\u0435 - Odav Print","isPartOf":{"@id":"https:\/\/odavprint.ee\/ru\/#website"},"primaryImageOfPage":{"@id":"https:\/\/odavprint.ee\/ru\/product\/zebra-z-fold-2000d-102mm-x-152-mm-termopaberist-etiketid-tootja-dore-komplekt-3-tukki\/#primaryimage"},"image":{"@id":"https:\/\/odavprint.ee\/ru\/product\/zebra-z-fold-2000d-102mm-x-152-mm-termopaberist-etiketid-tootja-dore-komplekt-3-tukki\/#primaryimage"},"thumbnailUrl":"https:\/\/odavprint.ee\/wp-content\/uploads\/2026\/02\/zebra-z-fold-2000d-102mm-x-152-mm-thermal-paper-labels-dore-manufacturer-set-3-pcs.jpg","datePublished":"2026-02-20T02:23:34+00:00","dateModified":"2026-03-02T16:18:35+00:00","description":"\u041a\u0443\u043f\u0438\u0442\u044c Zebra Z-Fold 2000D 102mm x 152 mm termopaberist etiketid tootja Dore komplekt 3 t\u00fckki \u0432 Odav Print \u260e +372 5911 9495 \u2714\ufe0f \u041b\u0443\u0447\u0448\u0430\u044f \u0446\u0435\u043d\u0430 \u043d\u0430 Zebra Z-Fold 2000D 102mm x 152 mm termopaberist etiketid tootja Dore komplekt 3 t\u00fckki \u26df \u0411\u044b\u0441\u0442\u0440\u0430\u044f \u0434\u043e\u0441\u0442\u0430\u0432\u043a\u0430 \u043f\u043e \u042d\u0441\u0442\u043e\u043d\u0438\u0438 \u2b50 \u0413\u0430\u0440\u0430\u043d\u0442\u0438\u044f","breadcrumb":{"@id":"https:\/\/odavprint.ee\/ru\/product\/zebra-z-fold-2000d-102mm-x-152-mm-termopaberist-etiketid-tootja-dore-komplekt-3-tukki\/#breadcrumb"},"inLanguage":"ru-RU","potentialAction":[{"@type":"ReadAction","target":["https:\/\/odavprint.ee\/ru\/product\/zebra-z-fold-2000d-102mm-x-152-mm-termopaberist-etiketid-tootja-dore-komplekt-3-tukki\/"]}]},{"@type":"ImageObject","inLanguage":"ru-RU","@id":"https:\/\/odavprint.ee\/ru\/product\/zebra-z-fold-2000d-102mm-x-152-mm-termopaberist-etiketid-tootja-dore-komplekt-3-tukki\/#primaryimage","url":"https:\/\/odavprint.ee\/wp-content\/uploads\/2026\/02\/zebra-z-fold-2000d-102mm-x-152-mm-thermal-paper-labels-dore-manufacturer-set-3-pcs.jpg","contentUrl":"https:\/\/odavprint.ee\/wp-content\/uploads\/2026\/02\/zebra-z-fold-2000d-102mm-x-152-mm-thermal-paper-labels-dore-manufacturer-set-3-pcs.jpg","width":1600,"height":1366},{"@type":"BreadcrumbList","@id":"https:\/\/odavprint.ee\/ru\/product\/zebra-z-fold-2000d-102mm-x-152-mm-termopaberist-etiketid-tootja-dore-komplekt-3-tukki\/#breadcrumb","itemListElement":[{"@type":"ListItem","position":1,"name":"Home","item":"https:\/\/odavprint.ee\/ru\/%d0%b3%d0%bb%d0%b0%d0%b2%d0%bd%d0%b0%d1%8f\/"},{"@type":"ListItem","position":2,"name":"\u041c\u0430\u0433\u0430\u0437\u0438\u043d","item":"https:\/\/odavprint.ee\/ru\/shop\/"},{"@type":"ListItem","position":3,"name":"Zebra Z-Fold 2000D 102mm x 152 mm termopaberist etiketid tootja Dore komplekt 3 t\u00fckki"}]},{"@type":"WebSite","@id":"https:\/\/odavprint.ee\/ru\/#website","url":"https:\/\/odavprint.ee\/ru\/","name":"Odav Print","description":"Just another WordPress site","publisher":{"@id":"https:\/\/odavprint.ee\/ru\/#organization"},"alternateName":"Kassettide, toonerite t\u00e4itmine ja m\u00fc\u00fck.","potentialAction":[{"@type":"SearchAction","target":{"@type":"EntryPoint","urlTemplate":"https:\/\/odavprint.ee\/ru\/?s={search_term_string}"},"query-input":"required name=search_term_string"}],"inLanguage":"ru-RU"},{"@type":["Organization","Place"],"@id":"https:\/\/odavprint.ee\/ru\/#organization","name":"Odav Print O\u00dc","url":"https:\/\/odavprint.ee\/ru\/","logo":{"@id":"https:\/\/odavprint.ee\/ru\/product\/zebra-z-fold-2000d-102mm-x-152-mm-termopaberist-etiketid-tootja-dore-komplekt-3-tukki\/#local-main-organization-logo"},"image":{"@id":"https:\/\/odavprint.ee\/ru\/product\/zebra-z-fold-2000d-102mm-x-152-mm-termopaberist-etiketid-tootja-dore-komplekt-3-tukki\/#local-main-organization-logo"},"address":{"@id":"https:\/\/odavprint.ee\/ru\/product\/zebra-z-fold-2000d-102mm-x-152-mm-termopaberist-etiketid-tootja-dore-komplekt-3-tukki\/#local-main-place-address"},"geo":{"@type":"GeoCoordinates","latitude":"59.4306504","longitude":"24.8095743"},"telephone":["53836926"],"openingHoursSpecification":[{"@type":"OpeningHoursSpecification","dayOfWeek":["Monday","Tuesday","Wednesday","Thursday","Friday","Saturday","Sunday"],"opens":"09:00","closes":"17:00"}],"email":"info@odavprint.eu"},{"@type":"PostalAddress","@id":"https:\/\/odavprint.ee\/ru\/product\/zebra-z-fold-2000d-102mm-x-152-mm-termopaberist-etiketid-tootja-dore-komplekt-3-tukki\/#local-main-place-address","streetAddress":"Pae tn 28","addressLocality":"Tallinn","postalCode":"11415","addressRegion":"Harjumaa","addressCountry":"EE"},{"@type":"ImageObject","inLanguage":"ru-RU","@id":"https:\/\/odavprint.ee\/ru\/product\/zebra-z-fold-2000d-102mm-x-152-mm-termopaberist-etiketid-tootja-dore-komplekt-3-tukki\/#local-main-organization-logo","url":"https:\/\/odavprint.ee\/wp-content\/uploads\/2018\/10\/odavprint-logo-240.jpg","contentUrl":"https:\/\/odavprint.ee\/wp-content\/uploads\/2018\/10\/odavprint-logo-240.jpg","width":240,"height":36,"caption":"Odav Print O\u00dc"}]},"product_price_amount":"89.95","product_price_currency":"EUR","og_availability":"instock","product_availability":"instock","product_condition":"new","geo.placename":"Tallinn","geo.position":{"lat":"59.4306504","long":"24.8095743"},"geo.region":"\u042d\u0441\u0442\u043e\u043d\u0438\u044f"},"_links":{"self":[{"href":"https:\/\/odavprint.ee\/ru\/wp-json\/wp\/v2\/product\/219745"}],"collection":[{"href":"https:\/\/odavprint.ee\/ru\/wp-json\/wp\/v2\/product"}],"about":[{"href":"https:\/\/odavprint.ee\/ru\/wp-json\/wp\/v2\/types\/product"}],"wp:featuredmedia":[{"embeddable":true,"href":"https:\/\/odavprint.ee\/ru\/wp-json\/wp\/v2\/media\/219746"}],"wp:attachment":[{"href":"https:\/\/odavprint.ee\/ru\/wp-json\/wp\/v2\/media?parent=219745"}],"wp:term":[{"taxonomy":"product_cat","embeddable":true,"href":"https:\/\/odavprint.ee\/ru\/wp-json\/wp\/v2\/product_cat?post=219745"},{"taxonomy":"product_tag","embeddable":true,"href":"https:\/\/odavprint.ee\/ru\/wp-json\/wp\/v2\/product_tag?post=219745"}],"curies":[{"name":"wp","href":"https:\/\/api.w.org\/{rel}","templated":true}]}}