{"id":220759,"date":"2026-03-02T20:31:06","date_gmt":"2026-03-02T18:31:06","guid":{"rendered":"https:\/\/odavprint.ee\/?post_type=product&#038;p=220759"},"modified":"2026-03-02T20:31:06","modified_gmt":"2026-03-02T18:31:06","slug":"einstar-vega-3d-scanner-titaanium-hall","status":"publish","type":"product","link":"https:\/\/odavprint.ee\/ru\/product\/einstar-vega-3d-scanner-titaanium-hall\/","title":{"rendered":"Einstar Vega 3D Scanner, Titaanium hall"},"content":{"rendered":"<p><iframe loading=\"lazy\" title=\"EINSTAR VEGA - 3D scanning just got much easier!\" width=\"1020\" height=\"574\" src=\"https:\/\/www.youtube.com\/embed\/psZ2p56Kt_U?feature=oembed\" frameborder=\"0\" allow=\"accelerometer; autoplay; clipboard-write; encrypted-media; gyroscope; picture-in-picture; web-share\" referrerpolicy=\"strict-origin-when-cross-origin\" allowfullscreen><\/iframe><br \/>\nEINSTAR VEGA \u2013 Juhtmevaba k\u00f5ik-\u00fches 3D-skanner professionaalseks kasutuseks<br \/>\nEINSTAR VEGA on kompaktne ja mitmek\u00fclgne 3D-skanner, mis \u00fchendab MEMS ja VCSEL infrapuna tehnoloogiad, pakkudes metroloogia tasemel t\u00e4psust ja erakordset skaneerimiskiirust.T\u00e4nu sisseehitatud arvutis\u00fcsteemile, 6.4-tollisele 2K AMOLED puuteekraanile ja 48MP RGB kaamerale v\u00f5imaldab VEGA skaneerida objekte vahemikus 100 mm kuni 1500 mm, s\u00e4ilitades samal ajal k\u00f5rge detailsuse ja t\u00e4psuse.<\/p>\n<p>Tehnilised p\u00f5hiandmed:<\/p>\n<p>Skaneerimistehnoloogia: MEMS (HD-re\u017eiim) ja VCSEL (Kiirre\u017eiim) infrapuna projektorid<\/p>\n<p>Skaneerimiskiirus: kuni 15 kaadrit sekundis (HD-re\u017eiim), kuni 20 kaadrit sekundis (Kiirre\u017eiim)<\/p>\n<p>Punktide vahe: 0.05\u20133 mm (HD-re\u017eiim), 0.5\u201310 mm (Kiirre\u017eiim)<\/p>\n<p>T\u00f6\u00f6vahemik: 100\u2013350 mm (HD-re\u017eiim), 270\u20131500 mm (Kiirre\u017eiim)<\/p>\n<p>Kaamera resolutsioon: 2MP (HD-re\u017eiim), 1.3MP (Kiirre\u017eiim); 48MP RGB tekstuurikaamera<\/p>\n<p>Ekraan: 6.4-tolline 2K AMOLED puuteekraan<\/p>\n<p>M\u00f5\u00f5tmed: 180 \u00d7 95 \u00d7 26.5 mm<\/p>\n<p>Kaal: 535 g<\/p>\n<p>Toide: Sisseehitatud 5000mAh aku, toetab 65W kiiret laadimist (PD\/PPS)<\/p>\n<p>\u00dchenduvus: Wi-Fi 6, USB Type-C<\/p>\n<p>V\u00e4ljundfailid: OBJ, STL, PLY, ASC<\/p>\n<p>Tarkvara: StarVision (Windows\/macOS), SHINING 3D Cloud<\/p>\n<p>Nutikad funktsioonid:<\/p>\n<p>Kahe skaneerimisre\u017eiimi kombinatsioon: MEMS l\u00fchikese vahemaa ja VCSEL pika vahemaa skaneerimiseks<\/p>\n<p>Sisseehitatud arvutis\u00fcsteem: 8-tuumaline 2.4GHz protsessor, 32GB RAM, 512GB SSD<\/p>\n<p>Juhtmevaba t\u00f6\u00f6: Skaneerimine, andmete edastamine ja ekraani jagamine ilma arvutita<\/p>\n<p>Automaatne aluspinna tuvastus: Tuvastab ja eemaldab automaatselt aluspinna skaneerimise ajal<\/p>\n<p>Koordinaats\u00fcsteemi kohandamine: V\u00f5imaldab mudeli p\u00f6\u00f6ramist ja joondamist vastavalt vajadusele<\/p>\n<p>Skaneerimise j\u00e4tkamine p\u00e4rast redigeerimist: V\u00f5imaldab skaneerimist j\u00e4tkata p\u00e4rast punktipilve v\u00f5i v\u00f5rgu redigeerimist<\/p>\n<p>Automaatne aukude t\u00e4itmine: T\u00e4idab automaatselt v\u00f5rgu augud p\u00e4rast meshi genereerimist<\/p>\n<p>Automaatne valge tasakaalu reguleerimine: Kohandab automaatselt valge tasakaalu vastavalt valgustingimustele<\/p>\n<p>Projektide dubleerimine: V\u00f5imaldab luua projektide koopiaid erinevateks redigeerimiseks<\/p>\n<p>Skaneerimistehnoloogia: MEMS (HD-re\u017eiim) ja VCSEL (Kiirre\u017eiim) infrapuna projektorid<\/p>\n<p>Skaneerimiskiirus: kuni 15 kaadrit sekundis (HD-re\u017eiim), kuni 20 kaadrit sekundis (Kiirre\u017eiim)<\/p>\n<p>Punktide vahe: 0.05\u20133 mm (HD-re\u017eiim), 0.5\u201310 mm (Kiirre\u017eiim)<\/p>\n<p>T\u00f6\u00f6vahemik: 100\u2013350 mm (HD-re\u017eiim), 270\u20131500 mm (Kiirre\u017eiim)<\/p>\n<p>Kaamera resolutsioon: 2MP (HD-re\u017eiim), 1.3MP (Kiirre\u017eiim); 48MP RGB tekstuurikaamera<\/p>\n<p>Ekraan: 6.4-tolline 2K AMOLED puuteekraan<\/p>\n<p>M\u00f5\u00f5tmed: 180 \u00d7 95 \u00d7 26.5 mm<\/p>\n<p>Kaal: 535 g<\/p>\n<p>Toide: Sisseehitatud 5000mAh aku, toetab 65W kiiret laadimist (PD\/PPS)<\/p>\n<p>\u00dchenduvus: Wi-Fi 6, USB Type-C<\/p>\n<p>V\u00e4ljundfailid: OBJ, STL, PLY, ASC<\/p>\n<p>Tarkvara: StarVision (Windows\/macOS), SHINING 3D Cloud<\/p>\n<p>Juhtmevaba ekraani jagamine: V\u00f5imaldab skanneri ekraani jagada teise seadmega kohaliku v\u00f5rgu kaudu<\/p>\n<p>EINSTAR VEGA \u2013 Juhtmevaba k\u00f5ik-\u00fches 3D-skanner professionaalseks kasutuseks<br \/>\nEINSTAR VEGA on kompaktne ja mitmek\u00fclgne 3D-skanner, mis \u00fchendab MEMS ja VCSEL infrapuna tehnoloogiad, pakkudes metroloogia tasemel t\u00e4psust ja erakordset skaneerimiskiirust.T\u00e4nu sisseehitatud arvutis\u00fcsteemile, 6.4-tollisele 2K AMOLED puuteekraanile ja 48MP RGB kaamerale v\u00f5imaldab VEGA skaneerida objekte vahemikus 100 mm kuni 1500 mm, s\u00e4ilitades samal ajal k\u00f5rge detailsuse ja t\u00e4psuse.<\/p>\n<p>Tehnilised p\u00f5hiandmed:<\/p>\n<p>Nutikad funktsioonid:<\/p>\n<p>Kahe skaneerimisre\u017eiimi kombinatsioon: MEMS l\u00fchikese vahemaa ja VCSEL pika vahemaa skaneerimiseks<\/p>\n<p>Sisseehitatud arvutis\u00fcsteem: 8-tuumaline 2.4GHz protsessor, 32GB RAM, 512GB SSD<\/p>\n<p>Juhtmevaba t\u00f6\u00f6: Skaneerimine, andmete edastamine ja ekraani jagamine ilma arvutita<\/p>\n<p>Automaatne aluspinna tuvastus: Tuvastab ja eemaldab automaatselt aluspinna skaneerimise ajal<\/p>\n<p>Koordinaats\u00fcsteemi kohandamine: V\u00f5imaldab mudeli p\u00f6\u00f6ramist ja joondamist vastavalt vajadusele<\/p>\n<p>Skaneerimise j\u00e4tkamine p\u00e4rast redigeerimist: V\u00f5imaldab skaneerimist j\u00e4tkata p\u00e4rast punktipilve v\u00f5i v\u00f5rgu redigeerimist<\/p>\n<p>Automaatne aukude t\u00e4itmine: T\u00e4idab automaatselt v\u00f5rgu augud p\u00e4rast meshi genereerimist<\/p>\n<p>Automaatne valge tasakaalu reguleerimine: Kohandab automaatselt valge tasakaalu vastavalt valgustingimustele<\/p>\n<p>Projektide dubleerimine: V\u00f5imaldab luua projektide koopiaid erinevateks redigeerimiseks<\/p>\n<p>Juhtmevaba ekraani jagamine: V\u00f5imaldab skanneri ekraani jagada teise seadmega kohaliku v\u00f5rgu kaudu<\/p>\n","protected":false},"excerpt":{"rendered":"<p>EINSTAR VEGA \u2013 Juhtmevaba k\u00f5ik-\u00fches 3D-skanner professionaalseks kasutuseks EINSTAR VEGA on kompaktne ja mitmek\u00fclgne 3D-skanner, mis \u00fchendab MEMS ja VCSEL infrapuna tehnoloogiad, pakkudes metroloogia tasemel t\u00e4psust ja erakordset skaneerimiskiirust.T\u00e4nu sisseehitatud arvutis\u00fcsteemile, 6.4-tollisele 2K AMOLED puuteekraanile ja 48MP RGB kaamerale v\u00f5imaldab VEGA skaneerida objekte vahemikus 100 mm kuni 1500 mm, s\u00e4ilitades samal ajal k\u00f5rge detailsuse ja [&#8230;]\n","protected":false},"featured_media":220760,"template":"","meta":{"inline_featured_image":false},"product_cat":[39613],"product_tag":[],"yoast_head":"<!-- This site is optimized with the Yoast SEO Premium plugin v23.0 (Yoast SEO v23.0) - https:\/\/yoast.com\/wordpress\/plugins\/seo\/ -->\n<title>Einstar Vega 3D Scanner, Titaanium hall, \u043b\u0443\u0447\u0448\u0430\u044f \u0446\u0435\u043d\u0430, \u043a\u0443\u043f\u0438\u0442\u044c \u0432 \u0438\u043d\u0442\u0435\u0440\u043d\u0435\u0442-\u043c\u0430\u0433\u0430\u0437\u0438\u043d\u0435 - Odav Print<\/title>\n<meta name=\"description\" content=\"\u041a\u0443\u043f\u0438\u0442\u044c Einstar Vega 3D Scanner, Titaanium hall \u0432 Odav Print \u260e +372 5911 9495 \u2714\ufe0f \u041b\u0443\u0447\u0448\u0430\u044f \u0446\u0435\u043d\u0430 \u043d\u0430 Einstar Vega 3D Scanner, Titaanium hall \u26df \u0411\u044b\u0441\u0442\u0440\u0430\u044f \u0434\u043e\u0441\u0442\u0430\u0432\u043a\u0430 \u043f\u043e \u042d\u0441\u0442\u043e\u043d\u0438\u0438 \u2b50 \u0413\u0430\u0440\u0430\u043d\u0442\u0438\u044f\" \/>\n<meta name=\"robots\" content=\"index, follow, max-snippet:-1, max-image-preview:large, max-video-preview:-1\" \/>\n<link rel=\"canonical\" href=\"https:\/\/odavprint.ee\/ru\/product\/einstar-vega-3d-scanner-titaanium-hall\/\" \/>\n<meta property=\"og:locale\" content=\"ru_RU\" \/>\n<meta property=\"og:type\" content=\"article\" \/>\n<meta property=\"og:title\" content=\"Einstar Vega 3D Scanner, Titaanium hall\" \/>\n<meta property=\"og:description\" content=\"\u041a\u0443\u043f\u0438\u0442\u044c Einstar Vega 3D Scanner, Titaanium hall \u0432 Odav Print \u260e +372 5911 9495 \u2714\ufe0f \u041b\u0443\u0447\u0448\u0430\u044f \u0446\u0435\u043d\u0430 \u043d\u0430 Einstar Vega 3D Scanner, Titaanium hall \u26df \u0411\u044b\u0441\u0442\u0440\u0430\u044f \u0434\u043e\u0441\u0442\u0430\u0432\u043a\u0430 \u043f\u043e \u042d\u0441\u0442\u043e\u043d\u0438\u0438 \u2b50 \u0413\u0430\u0440\u0430\u043d\u0442\u0438\u044f\" \/>\n<meta property=\"og:url\" content=\"https:\/\/odavprint.ee\/ru\/product\/einstar-vega-3d-scanner-titaanium-hall\/\" \/>\n<meta property=\"og:site_name\" content=\"Odav Print\" \/>\n<meta name=\"twitter:card\" content=\"summary_large_image\" \/>\n<meta name=\"twitter:label1\" content=\"\u0426\u0435\u043d\u0430\" \/>\n\t<meta name=\"twitter:data1\" content=\"&euro;2,285.87\" \/>\n\t<meta name=\"twitter:label2\" content=\"\u0414\u043e\u0441\u0442\u0443\u043f\u043d\u043e\u0441\u0442\u044c\" \/>\n\t<meta name=\"twitter:data2\" content=\"\u041d\u0430 \u0437\u0430\u043a\u0430\u0437\" \/>\n<script type=\"application\/ld+json\" class=\"yoast-schema-graph\">{\"@context\":\"https:\/\/schema.org\",\"@graph\":[{\"@type\":[\"WebPage\",\"ItemPage\"],\"@id\":\"https:\/\/odavprint.ee\/ru\/product\/einstar-vega-3d-scanner-titaanium-hall\/\",\"url\":\"https:\/\/odavprint.ee\/ru\/product\/einstar-vega-3d-scanner-titaanium-hall\/\",\"name\":\"Einstar Vega 3D Scanner, Titaanium hall, \u043b\u0443\u0447\u0448\u0430\u044f \u0446\u0435\u043d\u0430, \u043a\u0443\u043f\u0438\u0442\u044c \u0432 \u0438\u043d\u0442\u0435\u0440\u043d\u0435\u0442-\u043c\u0430\u0433\u0430\u0437\u0438\u043d\u0435 - Odav Print\",\"isPartOf\":{\"@id\":\"https:\/\/odavprint.ee\/ru\/#website\"},\"primaryImageOfPage\":{\"@id\":\"https:\/\/odavprint.ee\/ru\/product\/einstar-vega-3d-scanner-titaanium-hall\/#primaryimage\"},\"image\":{\"@id\":\"https:\/\/odavprint.ee\/ru\/product\/einstar-vega-3d-scanner-titaanium-hall\/#primaryimage\"},\"thumbnailUrl\":\"https:\/\/odavprint.ee\/wp-content\/uploads\/2026\/03\/Einstar-Vega-3D-Scanner-31104_2.jpg\",\"datePublished\":\"2026-03-02T18:31:06+00:00\",\"dateModified\":\"2026-03-02T18:31:06+00:00\",\"description\":\"\u041a\u0443\u043f\u0438\u0442\u044c Einstar Vega 3D Scanner, Titaanium hall \u0432 Odav Print \u260e +372 5911 9495 \u2714\ufe0f \u041b\u0443\u0447\u0448\u0430\u044f \u0446\u0435\u043d\u0430 \u043d\u0430 Einstar Vega 3D Scanner, Titaanium hall \u26df \u0411\u044b\u0441\u0442\u0440\u0430\u044f \u0434\u043e\u0441\u0442\u0430\u0432\u043a\u0430 \u043f\u043e \u042d\u0441\u0442\u043e\u043d\u0438\u0438 \u2b50 \u0413\u0430\u0440\u0430\u043d\u0442\u0438\u044f\",\"breadcrumb\":{\"@id\":\"https:\/\/odavprint.ee\/ru\/product\/einstar-vega-3d-scanner-titaanium-hall\/#breadcrumb\"},\"inLanguage\":\"ru-RU\",\"potentialAction\":[{\"@type\":\"ReadAction\",\"target\":[\"https:\/\/odavprint.ee\/ru\/product\/einstar-vega-3d-scanner-titaanium-hall\/\"]}]},{\"@type\":\"ImageObject\",\"inLanguage\":\"ru-RU\",\"@id\":\"https:\/\/odavprint.ee\/ru\/product\/einstar-vega-3d-scanner-titaanium-hall\/#primaryimage\",\"url\":\"https:\/\/odavprint.ee\/wp-content\/uploads\/2026\/03\/Einstar-Vega-3D-Scanner-31104_2.jpg\",\"contentUrl\":\"https:\/\/odavprint.ee\/wp-content\/uploads\/2026\/03\/Einstar-Vega-3D-Scanner-31104_2.jpg\",\"width\":700,\"height\":700},{\"@type\":\"BreadcrumbList\",\"@id\":\"https:\/\/odavprint.ee\/ru\/product\/einstar-vega-3d-scanner-titaanium-hall\/#breadcrumb\",\"itemListElement\":[{\"@type\":\"ListItem\",\"position\":1,\"name\":\"Home\",\"item\":\"https:\/\/odavprint.ee\/ru\/%d0%b3%d0%bb%d0%b0%d0%b2%d0%bd%d0%b0%d1%8f\/\"},{\"@type\":\"ListItem\",\"position\":2,\"name\":\"\u041c\u0430\u0433\u0430\u0437\u0438\u043d\",\"item\":\"https:\/\/odavprint.ee\/ru\/shop\/\"},{\"@type\":\"ListItem\",\"position\":3,\"name\":\"Einstar Vega 3D Scanner, Titaanium hall\"}]},{\"@type\":\"WebSite\",\"@id\":\"https:\/\/odavprint.ee\/ru\/#website\",\"url\":\"https:\/\/odavprint.ee\/ru\/\",\"name\":\"Odav Print\",\"description\":\"Just another WordPress site\",\"publisher\":{\"@id\":\"https:\/\/odavprint.ee\/ru\/#organization\"},\"alternateName\":\"Kassettide, toonerite t\u00e4itmine ja m\u00fc\u00fck.\",\"potentialAction\":[{\"@type\":\"SearchAction\",\"target\":{\"@type\":\"EntryPoint\",\"urlTemplate\":\"https:\/\/odavprint.ee\/ru\/?s={search_term_string}\"},\"query-input\":\"required name=search_term_string\"}],\"inLanguage\":\"ru-RU\"},{\"@type\":[\"Organization\",\"Place\"],\"@id\":\"https:\/\/odavprint.ee\/ru\/#organization\",\"name\":\"Odav Print O\u00dc\",\"url\":\"https:\/\/odavprint.ee\/ru\/\",\"logo\":{\"@id\":\"https:\/\/odavprint.ee\/ru\/product\/einstar-vega-3d-scanner-titaanium-hall\/#local-main-organization-logo\"},\"image\":{\"@id\":\"https:\/\/odavprint.ee\/ru\/product\/einstar-vega-3d-scanner-titaanium-hall\/#local-main-organization-logo\"},\"address\":{\"@id\":\"https:\/\/odavprint.ee\/ru\/product\/einstar-vega-3d-scanner-titaanium-hall\/#local-main-place-address\"},\"geo\":{\"@type\":\"GeoCoordinates\",\"latitude\":\"59.4306504\",\"longitude\":\"24.8095743\"},\"telephone\":[\"53836926\"],\"openingHoursSpecification\":[{\"@type\":\"OpeningHoursSpecification\",\"dayOfWeek\":[\"Monday\",\"Tuesday\",\"Wednesday\",\"Thursday\",\"Friday\",\"Saturday\",\"Sunday\"],\"opens\":\"09:00\",\"closes\":\"17:00\"}],\"email\":\"info@odavprint.eu\"},{\"@type\":\"PostalAddress\",\"@id\":\"https:\/\/odavprint.ee\/ru\/product\/einstar-vega-3d-scanner-titaanium-hall\/#local-main-place-address\",\"streetAddress\":\"Pae tn 28\",\"addressLocality\":\"Tallinn\",\"postalCode\":\"11415\",\"addressRegion\":\"Harjumaa\",\"addressCountry\":\"EE\"},{\"@type\":\"ImageObject\",\"inLanguage\":\"ru-RU\",\"@id\":\"https:\/\/odavprint.ee\/ru\/product\/einstar-vega-3d-scanner-titaanium-hall\/#local-main-organization-logo\",\"url\":\"https:\/\/odavprint.ee\/wp-content\/uploads\/2018\/10\/odavprint-logo-240.jpg\",\"contentUrl\":\"https:\/\/odavprint.ee\/wp-content\/uploads\/2018\/10\/odavprint-logo-240.jpg\",\"width\":240,\"height\":36,\"caption\":\"Odav Print O\u00dc\"}]}<\/script>\n<meta property=\"product:price:amount\" content=\"2285.87\" \/>\n<meta property=\"product:price:currency\" content=\"EUR\" \/>\n<meta property=\"og:availability\" content=\"backorder\" \/>\n<meta property=\"product:availability\" content=\"available for order\" \/>\n<meta property=\"product:condition\" content=\"new\" \/>\n<meta name=\"geo.placename\" content=\"Tallinn\" \/>\n<meta name=\"geo.position\" content=\"59.4306504;24.8095743\" \/>\n<meta name=\"geo.region\" content=\"\u042d\u0441\u0442\u043e\u043d\u0438\u044f\" \/>\n<!-- \/ Yoast SEO Premium plugin. -->","yoast_head_json":{"title":"Einstar Vega 3D Scanner, Titaanium hall, \u043b\u0443\u0447\u0448\u0430\u044f \u0446\u0435\u043d\u0430, \u043a\u0443\u043f\u0438\u0442\u044c \u0432 \u0438\u043d\u0442\u0435\u0440\u043d\u0435\u0442-\u043c\u0430\u0433\u0430\u0437\u0438\u043d\u0435 - Odav Print","description":"\u041a\u0443\u043f\u0438\u0442\u044c Einstar Vega 3D Scanner, Titaanium hall \u0432 Odav Print \u260e +372 5911 9495 \u2714\ufe0f \u041b\u0443\u0447\u0448\u0430\u044f \u0446\u0435\u043d\u0430 \u043d\u0430 Einstar Vega 3D Scanner, Titaanium hall \u26df \u0411\u044b\u0441\u0442\u0440\u0430\u044f \u0434\u043e\u0441\u0442\u0430\u0432\u043a\u0430 \u043f\u043e \u042d\u0441\u0442\u043e\u043d\u0438\u0438 \u2b50 \u0413\u0430\u0440\u0430\u043d\u0442\u0438\u044f","robots":{"index":"index","follow":"follow","max-snippet":"max-snippet:-1","max-image-preview":"max-image-preview:large","max-video-preview":"max-video-preview:-1"},"canonical":"https:\/\/odavprint.ee\/ru\/product\/einstar-vega-3d-scanner-titaanium-hall\/","og_locale":"ru_RU","og_type":"article","og_title":"Einstar Vega 3D Scanner, Titaanium hall","og_description":"\u041a\u0443\u043f\u0438\u0442\u044c Einstar Vega 3D Scanner, Titaanium hall \u0432 Odav Print \u260e +372 5911 9495 \u2714\ufe0f \u041b\u0443\u0447\u0448\u0430\u044f \u0446\u0435\u043d\u0430 \u043d\u0430 Einstar Vega 3D Scanner, Titaanium hall \u26df \u0411\u044b\u0441\u0442\u0440\u0430\u044f \u0434\u043e\u0441\u0442\u0430\u0432\u043a\u0430 \u043f\u043e \u042d\u0441\u0442\u043e\u043d\u0438\u0438 \u2b50 \u0413\u0430\u0440\u0430\u043d\u0442\u0438\u044f","og_url":"https:\/\/odavprint.ee\/ru\/product\/einstar-vega-3d-scanner-titaanium-hall\/","og_site_name":"Odav Print","twitter_card":"summary_large_image","twitter_misc":{"\u0426\u0435\u043d\u0430":"&euro;2,285.87","\u0414\u043e\u0441\u0442\u0443\u043f\u043d\u043e\u0441\u0442\u044c":"\u041d\u0430 \u0437\u0430\u043a\u0430\u0437"},"schema":{"@context":"https:\/\/schema.org","@graph":[{"@type":["WebPage","ItemPage"],"@id":"https:\/\/odavprint.ee\/ru\/product\/einstar-vega-3d-scanner-titaanium-hall\/","url":"https:\/\/odavprint.ee\/ru\/product\/einstar-vega-3d-scanner-titaanium-hall\/","name":"Einstar Vega 3D Scanner, Titaanium hall, \u043b\u0443\u0447\u0448\u0430\u044f \u0446\u0435\u043d\u0430, \u043a\u0443\u043f\u0438\u0442\u044c \u0432 \u0438\u043d\u0442\u0435\u0440\u043d\u0435\u0442-\u043c\u0430\u0433\u0430\u0437\u0438\u043d\u0435 - Odav Print","isPartOf":{"@id":"https:\/\/odavprint.ee\/ru\/#website"},"primaryImageOfPage":{"@id":"https:\/\/odavprint.ee\/ru\/product\/einstar-vega-3d-scanner-titaanium-hall\/#primaryimage"},"image":{"@id":"https:\/\/odavprint.ee\/ru\/product\/einstar-vega-3d-scanner-titaanium-hall\/#primaryimage"},"thumbnailUrl":"https:\/\/odavprint.ee\/wp-content\/uploads\/2026\/03\/Einstar-Vega-3D-Scanner-31104_2.jpg","datePublished":"2026-03-02T18:31:06+00:00","dateModified":"2026-03-02T18:31:06+00:00","description":"\u041a\u0443\u043f\u0438\u0442\u044c Einstar Vega 3D Scanner, Titaanium hall \u0432 Odav Print \u260e +372 5911 9495 \u2714\ufe0f \u041b\u0443\u0447\u0448\u0430\u044f \u0446\u0435\u043d\u0430 \u043d\u0430 Einstar Vega 3D Scanner, Titaanium hall \u26df \u0411\u044b\u0441\u0442\u0440\u0430\u044f \u0434\u043e\u0441\u0442\u0430\u0432\u043a\u0430 \u043f\u043e \u042d\u0441\u0442\u043e\u043d\u0438\u0438 \u2b50 \u0413\u0430\u0440\u0430\u043d\u0442\u0438\u044f","breadcrumb":{"@id":"https:\/\/odavprint.ee\/ru\/product\/einstar-vega-3d-scanner-titaanium-hall\/#breadcrumb"},"inLanguage":"ru-RU","potentialAction":[{"@type":"ReadAction","target":["https:\/\/odavprint.ee\/ru\/product\/einstar-vega-3d-scanner-titaanium-hall\/"]}]},{"@type":"ImageObject","inLanguage":"ru-RU","@id":"https:\/\/odavprint.ee\/ru\/product\/einstar-vega-3d-scanner-titaanium-hall\/#primaryimage","url":"https:\/\/odavprint.ee\/wp-content\/uploads\/2026\/03\/Einstar-Vega-3D-Scanner-31104_2.jpg","contentUrl":"https:\/\/odavprint.ee\/wp-content\/uploads\/2026\/03\/Einstar-Vega-3D-Scanner-31104_2.jpg","width":700,"height":700},{"@type":"BreadcrumbList","@id":"https:\/\/odavprint.ee\/ru\/product\/einstar-vega-3d-scanner-titaanium-hall\/#breadcrumb","itemListElement":[{"@type":"ListItem","position":1,"name":"Home","item":"https:\/\/odavprint.ee\/ru\/%d0%b3%d0%bb%d0%b0%d0%b2%d0%bd%d0%b0%d1%8f\/"},{"@type":"ListItem","position":2,"name":"\u041c\u0430\u0433\u0430\u0437\u0438\u043d","item":"https:\/\/odavprint.ee\/ru\/shop\/"},{"@type":"ListItem","position":3,"name":"Einstar Vega 3D Scanner, Titaanium hall"}]},{"@type":"WebSite","@id":"https:\/\/odavprint.ee\/ru\/#website","url":"https:\/\/odavprint.ee\/ru\/","name":"Odav Print","description":"Just another WordPress site","publisher":{"@id":"https:\/\/odavprint.ee\/ru\/#organization"},"alternateName":"Kassettide, toonerite t\u00e4itmine ja m\u00fc\u00fck.","potentialAction":[{"@type":"SearchAction","target":{"@type":"EntryPoint","urlTemplate":"https:\/\/odavprint.ee\/ru\/?s={search_term_string}"},"query-input":"required name=search_term_string"}],"inLanguage":"ru-RU"},{"@type":["Organization","Place"],"@id":"https:\/\/odavprint.ee\/ru\/#organization","name":"Odav Print O\u00dc","url":"https:\/\/odavprint.ee\/ru\/","logo":{"@id":"https:\/\/odavprint.ee\/ru\/product\/einstar-vega-3d-scanner-titaanium-hall\/#local-main-organization-logo"},"image":{"@id":"https:\/\/odavprint.ee\/ru\/product\/einstar-vega-3d-scanner-titaanium-hall\/#local-main-organization-logo"},"address":{"@id":"https:\/\/odavprint.ee\/ru\/product\/einstar-vega-3d-scanner-titaanium-hall\/#local-main-place-address"},"geo":{"@type":"GeoCoordinates","latitude":"59.4306504","longitude":"24.8095743"},"telephone":["53836926"],"openingHoursSpecification":[{"@type":"OpeningHoursSpecification","dayOfWeek":["Monday","Tuesday","Wednesday","Thursday","Friday","Saturday","Sunday"],"opens":"09:00","closes":"17:00"}],"email":"info@odavprint.eu"},{"@type":"PostalAddress","@id":"https:\/\/odavprint.ee\/ru\/product\/einstar-vega-3d-scanner-titaanium-hall\/#local-main-place-address","streetAddress":"Pae tn 28","addressLocality":"Tallinn","postalCode":"11415","addressRegion":"Harjumaa","addressCountry":"EE"},{"@type":"ImageObject","inLanguage":"ru-RU","@id":"https:\/\/odavprint.ee\/ru\/product\/einstar-vega-3d-scanner-titaanium-hall\/#local-main-organization-logo","url":"https:\/\/odavprint.ee\/wp-content\/uploads\/2018\/10\/odavprint-logo-240.jpg","contentUrl":"https:\/\/odavprint.ee\/wp-content\/uploads\/2018\/10\/odavprint-logo-240.jpg","width":240,"height":36,"caption":"Odav Print O\u00dc"}]},"product_price_amount":"2285.87","product_price_currency":"EUR","og_availability":"backorder","product_availability":"available for order","product_condition":"new","geo.placename":"Tallinn","geo.position":{"lat":"59.4306504","long":"24.8095743"},"geo.region":"\u042d\u0441\u0442\u043e\u043d\u0438\u044f"},"_links":{"self":[{"href":"https:\/\/odavprint.ee\/ru\/wp-json\/wp\/v2\/product\/220759"}],"collection":[{"href":"https:\/\/odavprint.ee\/ru\/wp-json\/wp\/v2\/product"}],"about":[{"href":"https:\/\/odavprint.ee\/ru\/wp-json\/wp\/v2\/types\/product"}],"wp:featuredmedia":[{"embeddable":true,"href":"https:\/\/odavprint.ee\/ru\/wp-json\/wp\/v2\/media\/220760"}],"wp:attachment":[{"href":"https:\/\/odavprint.ee\/ru\/wp-json\/wp\/v2\/media?parent=220759"}],"wp:term":[{"taxonomy":"product_cat","embeddable":true,"href":"https:\/\/odavprint.ee\/ru\/wp-json\/wp\/v2\/product_cat?post=220759"},{"taxonomy":"product_tag","embeddable":true,"href":"https:\/\/odavprint.ee\/ru\/wp-json\/wp\/v2\/product_tag?post=220759"}],"curies":[{"name":"wp","href":"https:\/\/api.w.org\/{rel}","templated":true}]}}