{"id":221619,"date":"2026-03-02T22:37:14","date_gmt":"2026-03-02T20:37:14","guid":{"rendered":"https:\/\/odavprint.ee\/?post_type=product&#038;p=221619"},"modified":"2026-04-25T00:10:02","modified_gmt":"2026-04-24T21:10:02","slug":"einscan-sp-v2","status":"publish","type":"product","link":"https:\/\/odavprint.ee\/ru\/product\/einscan-sp-v2\/","title":{"rendered":"Einscan SP V2"},"content":{"rendered":"<p><iframe loading=\"lazy\" title=\"EinScan-SE &amp; EinScan-SP - Desktop 3D Scanner - SHINING 3D Digitizing Solutions\" width=\"1020\" height=\"574\" src=\"https:\/\/www.youtube.com\/embed\/PIGkyYBaUHo?feature=oembed\" frameborder=\"0\" allow=\"accelerometer; autoplay; clipboard-write; encrypted-media; gyroscope; picture-in-picture; web-share\" referrerpolicy=\"strict-origin-when-cross-origin\" allowfullscreen><\/iframe><br \/>\nEinScan-SP V2 \u2013 Professionaalne lauaskanner k\u00f5rge t\u00e4psuse ja kiirusega<br \/>\nEinScan-SP V2 on Shining 3D uusima p\u00f5lvkonna lauaskanner, mis pakub kuni 0,05 mm t\u00e4psust ja kiiret skaneerimist. T\u00e4nu automaatsele kalibreerimisele ja mitmele joondamisre\u017eiimile sobib see ideaalselt inseneridele, disaineritele ja haridusasutustele, kes soovivad lihtsalt ja kiiresti luua kvaliteetseid 3D-mudeleid.<\/p>\n<p>Tehnilised p\u00f5hiandmed:<\/p>\n<p>Skaneerimistehnoloogia: Struktureeritud valge LED-valgus<\/p>\n<p>Skaneerimisre\u017eiimid: Automaatne skaneerimine p\u00f6\u00f6rdlaual ja fikseeritud skaneerimine statiivilt<\/p>\n<p>Joondamisre\u017eiimid: Funktsioonip\u00f5hine, markerite abil, manuaalne, p\u00f6\u00f6rdlaua abil, p\u00f6\u00f6rdlaua kodeeritud markeritega<\/p>\n<p>T\u00e4psus: Kuni 0,05 mm<\/p>\n<p>Punktide vahe: 0,17\u20130,2 mm<\/p>\n<p>Skaneerimiskiirus: \u00dcksikv\u00f5te <1 s; 360\u00b0 p\u00f6\u00f6rdlaua skaneerimine <45 s\n\n\nSkaneeritava objekti suurus:\n\n\n\nMinimaalne: 30 \u00d7 30 \u00d7 30 mm\n\n\nMaksimaalne p\u00f6\u00f6rdlauaga: 200 \u00d7 200 \u00d7 200 mm\n\n\nMaksimaalne ilma p\u00f6\u00f6rdlauata: 1200 \u00d7 1200 \u00d7 1200 mm\n\n\n\n\nKaamera resolutsioon: 1,3 MP\n\n\nT\u00f6\u00f6vahemik: 290\u2013480 mm\n\n\nValgusallikas: Valge LED (silmadele ohutu)\n\n\nV\u00e4ljundfailid: OBJ, STL, ASC, PLY, 3MF\n\n\n\u00dchilduvad operatsioonis\u00fcsteemid: Windows 7\/8\/10\/11 (64-bit), macOS Ventura v\u00f5i uuem\n\n\nTarkvara: EXScan S; Solid Edge SHINING 3D Edition\n\n\nM\u00f5\u00f5tmed: 570 \u00d7 210 \u00d7 210 mm\n\n\nKaal: 2,5 kg\n\n\nToiteallikas: 12 V, 3,33 A (40 W)\n\n\nP\u00f6\u00f6rdlaua kandev\u00f5ime: Kuni 5 kg\n\n\n\nNutikad funktsioonid:\n\n\nAutomaatne kalibreerimine: Lihtne seadistamine ilma keeruliste protseduurideta\n\n\n\u00dche kl\u00f5psuga skaneerimine: Kiire ja lihtne skaneerimisprotsess\n\n\nV\u00e4rviline skaneerimine: V\u00f5imaldab j\u00e4\u00e4dvustada objekti tekstuuri ja v\u00e4rvi\n\n\nTarkvara EXScan S: Pakub t\u00f6\u00f6riistu nagu aukude t\u00e4itmine, silumine, teravustamine ja koordinaatide korrigeerimine\n\n\n\u00dchilduvus 3D-printeritega: Automaatne v\u00f5rgustamine veekindlate 3D-andmete loomiseks, mis sobivad otse 3D-printimiseks\n\n\nOhutus: Kasutab n\u00e4htavat valget valgust, mis on silmadele ohutu, sobides ka lastele\n\n\n\nKomplekti sisu:\n\n\nEinScan-SP V2 3D-skanner\n\n\nP\u00f6\u00f6rdlaua alus\n\n\nP\u00f6\u00f6rdlaud\n\n\nKalibreerimislaud\n\n\nStatiiv\n\n\nToiteadapter ja kaabel\n\n\nUSB-kaabel\n\n\nKasutusjuhend\n<\/p>\n","protected":false},"excerpt":{"rendered":"<p>EinScan-SP V2 \u2013 Professionaalne lauaskanner k\u00f5rge t\u00e4psuse ja kiirusega EinScan-SP V2 on Shining 3D uusima p\u00f5lvkonna lauaskanner, mis pakub kuni 0,05 mm t\u00e4psust ja kiiret skaneerimist. T\u00e4nu automaatsele kalibreerimisele ja mitmele joondamisre\u017eiimile sobib see ideaalselt inseneridele, disaineritele ja haridusasutustele, kes soovivad lihtsalt ja kiiresti luua kvaliteetseid 3D-mudeleid. Tehnilised p\u00f5hiandmed: Skaneerimistehnoloogia: Struktureeritud valge LED-valgus Skaneerimisre\u017eiimid: Automaatne [&#8230;]\n","protected":false},"featured_media":221620,"template":"","meta":{"inline_featured_image":false},"product_cat":[39605],"product_tag":[],"yoast_head":"<!-- This site is optimized with the Yoast SEO Premium plugin v23.0 (Yoast SEO v23.0) - https:\/\/yoast.com\/wordpress\/plugins\/seo\/ -->\n<title>Einscan SP V2, \u043b\u0443\u0447\u0448\u0430\u044f \u0446\u0435\u043d\u0430, \u043a\u0443\u043f\u0438\u0442\u044c \u0432 \u0438\u043d\u0442\u0435\u0440\u043d\u0435\u0442-\u043c\u0430\u0433\u0430\u0437\u0438\u043d\u0435 - Odav Print<\/title>\n<meta name=\"description\" content=\"\u041a\u0443\u043f\u0438\u0442\u044c Einscan SP V2 \u0432 Odav Print \u260e +372 5911 9495 \u2714\ufe0f \u041b\u0443\u0447\u0448\u0430\u044f \u0446\u0435\u043d\u0430 \u043d\u0430 Einscan SP V2 \u26df \u0411\u044b\u0441\u0442\u0440\u0430\u044f \u0434\u043e\u0441\u0442\u0430\u0432\u043a\u0430 \u043f\u043e \u042d\u0441\u0442\u043e\u043d\u0438\u0438 \u2b50 \u0413\u0430\u0440\u0430\u043d\u0442\u0438\u044f\" \/>\n<meta name=\"robots\" content=\"index, follow, max-snippet:-1, max-image-preview:large, max-video-preview:-1\" \/>\n<link rel=\"canonical\" href=\"https:\/\/odavprint.ee\/ru\/product\/einscan-sp-v2\/\" \/>\n<meta property=\"og:locale\" content=\"ru_RU\" \/>\n<meta property=\"og:type\" content=\"article\" \/>\n<meta property=\"og:title\" content=\"Einscan SP V2\" \/>\n<meta property=\"og:description\" content=\"\u041a\u0443\u043f\u0438\u0442\u044c Einscan SP V2 \u0432 Odav Print \u260e +372 5911 9495 \u2714\ufe0f \u041b\u0443\u0447\u0448\u0430\u044f \u0446\u0435\u043d\u0430 \u043d\u0430 Einscan SP V2 \u26df \u0411\u044b\u0441\u0442\u0440\u0430\u044f \u0434\u043e\u0441\u0442\u0430\u0432\u043a\u0430 \u043f\u043e \u042d\u0441\u0442\u043e\u043d\u0438\u0438 \u2b50 \u0413\u0430\u0440\u0430\u043d\u0442\u0438\u044f\" \/>\n<meta property=\"og:url\" content=\"https:\/\/odavprint.ee\/ru\/product\/einscan-sp-v2\/\" \/>\n<meta property=\"og:site_name\" content=\"Odav Print\" \/>\n<meta property=\"article:modified_time\" content=\"2026-04-24T21:10:02+00:00\" \/>\n<meta name=\"twitter:card\" content=\"summary_large_image\" \/>\n<meta name=\"twitter:label1\" content=\"\u0426\u0435\u043d\u0430\" \/>\n\t<meta name=\"twitter:data1\" content=\"&euro;2,230.98\" \/>\n\t<meta name=\"twitter:label2\" content=\"\u0414\u043e\u0441\u0442\u0443\u043f\u043d\u043e\u0441\u0442\u044c\" \/>\n\t<meta name=\"twitter:data2\" content=\"\u0412 \u043d\u0430\u043b\u0438\u0447\u0438\u0438\" \/>\n<script type=\"application\/ld+json\" class=\"yoast-schema-graph\">{\"@context\":\"https:\/\/schema.org\",\"@graph\":[{\"@type\":[\"WebPage\",\"ItemPage\"],\"@id\":\"https:\/\/odavprint.ee\/ru\/product\/einscan-sp-v2\/\",\"url\":\"https:\/\/odavprint.ee\/ru\/product\/einscan-sp-v2\/\",\"name\":\"Einscan SP V2, \u043b\u0443\u0447\u0448\u0430\u044f \u0446\u0435\u043d\u0430, \u043a\u0443\u043f\u0438\u0442\u044c \u0432 \u0438\u043d\u0442\u0435\u0440\u043d\u0435\u0442-\u043c\u0430\u0433\u0430\u0437\u0438\u043d\u0435 - Odav Print\",\"isPartOf\":{\"@id\":\"https:\/\/odavprint.ee\/ru\/#website\"},\"primaryImageOfPage\":{\"@id\":\"https:\/\/odavprint.ee\/ru\/product\/einscan-sp-v2\/#primaryimage\"},\"image\":{\"@id\":\"https:\/\/odavprint.ee\/ru\/product\/einscan-sp-v2\/#primaryimage\"},\"thumbnailUrl\":\"https:\/\/odavprint.ee\/wp-content\/uploads\/2026\/03\/Einscan-SP-11.webp\",\"datePublished\":\"2026-03-02T20:37:14+00:00\",\"dateModified\":\"2026-04-24T21:10:02+00:00\",\"description\":\"\u041a\u0443\u043f\u0438\u0442\u044c Einscan SP V2 \u0432 Odav Print \u260e +372 5911 9495 \u2714\ufe0f \u041b\u0443\u0447\u0448\u0430\u044f \u0446\u0435\u043d\u0430 \u043d\u0430 Einscan SP V2 \u26df \u0411\u044b\u0441\u0442\u0440\u0430\u044f \u0434\u043e\u0441\u0442\u0430\u0432\u043a\u0430 \u043f\u043e \u042d\u0441\u0442\u043e\u043d\u0438\u0438 \u2b50 \u0413\u0430\u0440\u0430\u043d\u0442\u0438\u044f\",\"breadcrumb\":{\"@id\":\"https:\/\/odavprint.ee\/ru\/product\/einscan-sp-v2\/#breadcrumb\"},\"inLanguage\":\"ru-RU\",\"potentialAction\":[{\"@type\":\"ReadAction\",\"target\":[\"https:\/\/odavprint.ee\/ru\/product\/einscan-sp-v2\/\"]}]},{\"@type\":\"ImageObject\",\"inLanguage\":\"ru-RU\",\"@id\":\"https:\/\/odavprint.ee\/ru\/product\/einscan-sp-v2\/#primaryimage\",\"url\":\"https:\/\/odavprint.ee\/wp-content\/uploads\/2026\/03\/Einscan-SP-11.webp\",\"contentUrl\":\"https:\/\/odavprint.ee\/wp-content\/uploads\/2026\/03\/Einscan-SP-11.webp\",\"width\":1280,\"height\":720},{\"@type\":\"BreadcrumbList\",\"@id\":\"https:\/\/odavprint.ee\/ru\/product\/einscan-sp-v2\/#breadcrumb\",\"itemListElement\":[{\"@type\":\"ListItem\",\"position\":1,\"name\":\"Home\",\"item\":\"https:\/\/odavprint.ee\/ru\/%d0%b3%d0%bb%d0%b0%d0%b2%d0%bd%d0%b0%d1%8f\/\"},{\"@type\":\"ListItem\",\"position\":2,\"name\":\"\u041c\u0430\u0433\u0430\u0437\u0438\u043d\",\"item\":\"https:\/\/odavprint.ee\/ru\/shop\/\"},{\"@type\":\"ListItem\",\"position\":3,\"name\":\"Einscan SP V2\"}]},{\"@type\":\"WebSite\",\"@id\":\"https:\/\/odavprint.ee\/ru\/#website\",\"url\":\"https:\/\/odavprint.ee\/ru\/\",\"name\":\"Odav Print\",\"description\":\"Just another WordPress site\",\"publisher\":{\"@id\":\"https:\/\/odavprint.ee\/ru\/#organization\"},\"alternateName\":\"Kassettide, toonerite t\u00e4itmine ja m\u00fc\u00fck.\",\"potentialAction\":[{\"@type\":\"SearchAction\",\"target\":{\"@type\":\"EntryPoint\",\"urlTemplate\":\"https:\/\/odavprint.ee\/ru\/?s={search_term_string}\"},\"query-input\":\"required name=search_term_string\"}],\"inLanguage\":\"ru-RU\"},{\"@type\":[\"Organization\",\"Place\"],\"@id\":\"https:\/\/odavprint.ee\/ru\/#organization\",\"name\":\"Odav Print O\u00dc\",\"url\":\"https:\/\/odavprint.ee\/ru\/\",\"logo\":{\"@id\":\"https:\/\/odavprint.ee\/ru\/product\/einscan-sp-v2\/#local-main-organization-logo\"},\"image\":{\"@id\":\"https:\/\/odavprint.ee\/ru\/product\/einscan-sp-v2\/#local-main-organization-logo\"},\"address\":{\"@id\":\"https:\/\/odavprint.ee\/ru\/product\/einscan-sp-v2\/#local-main-place-address\"},\"geo\":{\"@type\":\"GeoCoordinates\",\"latitude\":\"59.4306504\",\"longitude\":\"24.8095743\"},\"telephone\":[\"53836926\"],\"openingHoursSpecification\":[{\"@type\":\"OpeningHoursSpecification\",\"dayOfWeek\":[\"Monday\",\"Tuesday\",\"Wednesday\",\"Thursday\",\"Friday\",\"Saturday\",\"Sunday\"],\"opens\":\"09:00\",\"closes\":\"17:00\"}],\"email\":\"info@odavprint.eu\"},{\"@type\":\"PostalAddress\",\"@id\":\"https:\/\/odavprint.ee\/ru\/product\/einscan-sp-v2\/#local-main-place-address\",\"streetAddress\":\"Pae tn 28\",\"addressLocality\":\"Tallinn\",\"postalCode\":\"11415\",\"addressRegion\":\"Harjumaa\",\"addressCountry\":\"EE\"},{\"@type\":\"ImageObject\",\"inLanguage\":\"ru-RU\",\"@id\":\"https:\/\/odavprint.ee\/ru\/product\/einscan-sp-v2\/#local-main-organization-logo\",\"url\":\"https:\/\/odavprint.ee\/wp-content\/uploads\/2018\/10\/odavprint-logo-240.jpg\",\"contentUrl\":\"https:\/\/odavprint.ee\/wp-content\/uploads\/2018\/10\/odavprint-logo-240.jpg\",\"width\":240,\"height\":36,\"caption\":\"Odav Print O\u00dc\"}]}<\/script>\n<meta property=\"product:price:amount\" content=\"2230.98\" \/>\n<meta property=\"product:price:currency\" content=\"EUR\" \/>\n<meta property=\"og:availability\" content=\"instock\" \/>\n<meta property=\"product:availability\" content=\"instock\" \/>\n<meta property=\"product:condition\" content=\"new\" \/>\n<meta name=\"geo.placename\" content=\"Tallinn\" \/>\n<meta name=\"geo.position\" content=\"59.4306504;24.8095743\" \/>\n<meta name=\"geo.region\" content=\"\u042d\u0441\u0442\u043e\u043d\u0438\u044f\" \/>\n<!-- \/ Yoast SEO Premium plugin. -->","yoast_head_json":{"title":"Einscan SP V2, \u043b\u0443\u0447\u0448\u0430\u044f \u0446\u0435\u043d\u0430, \u043a\u0443\u043f\u0438\u0442\u044c \u0432 \u0438\u043d\u0442\u0435\u0440\u043d\u0435\u0442-\u043c\u0430\u0433\u0430\u0437\u0438\u043d\u0435 - Odav Print","description":"\u041a\u0443\u043f\u0438\u0442\u044c Einscan SP V2 \u0432 Odav Print \u260e +372 5911 9495 \u2714\ufe0f \u041b\u0443\u0447\u0448\u0430\u044f \u0446\u0435\u043d\u0430 \u043d\u0430 Einscan SP V2 \u26df \u0411\u044b\u0441\u0442\u0440\u0430\u044f \u0434\u043e\u0441\u0442\u0430\u0432\u043a\u0430 \u043f\u043e \u042d\u0441\u0442\u043e\u043d\u0438\u0438 \u2b50 \u0413\u0430\u0440\u0430\u043d\u0442\u0438\u044f","robots":{"index":"index","follow":"follow","max-snippet":"max-snippet:-1","max-image-preview":"max-image-preview:large","max-video-preview":"max-video-preview:-1"},"canonical":"https:\/\/odavprint.ee\/ru\/product\/einscan-sp-v2\/","og_locale":"ru_RU","og_type":"article","og_title":"Einscan SP V2","og_description":"\u041a\u0443\u043f\u0438\u0442\u044c Einscan SP V2 \u0432 Odav Print \u260e +372 5911 9495 \u2714\ufe0f \u041b\u0443\u0447\u0448\u0430\u044f \u0446\u0435\u043d\u0430 \u043d\u0430 Einscan SP V2 \u26df \u0411\u044b\u0441\u0442\u0440\u0430\u044f \u0434\u043e\u0441\u0442\u0430\u0432\u043a\u0430 \u043f\u043e \u042d\u0441\u0442\u043e\u043d\u0438\u0438 \u2b50 \u0413\u0430\u0440\u0430\u043d\u0442\u0438\u044f","og_url":"https:\/\/odavprint.ee\/ru\/product\/einscan-sp-v2\/","og_site_name":"Odav Print","article_modified_time":"2026-04-24T21:10:02+00:00","twitter_card":"summary_large_image","twitter_misc":{"\u0426\u0435\u043d\u0430":"&euro;2,230.98","\u0414\u043e\u0441\u0442\u0443\u043f\u043d\u043e\u0441\u0442\u044c":"\u0412 \u043d\u0430\u043b\u0438\u0447\u0438\u0438"},"schema":{"@context":"https:\/\/schema.org","@graph":[{"@type":["WebPage","ItemPage"],"@id":"https:\/\/odavprint.ee\/ru\/product\/einscan-sp-v2\/","url":"https:\/\/odavprint.ee\/ru\/product\/einscan-sp-v2\/","name":"Einscan SP V2, \u043b\u0443\u0447\u0448\u0430\u044f \u0446\u0435\u043d\u0430, \u043a\u0443\u043f\u0438\u0442\u044c \u0432 \u0438\u043d\u0442\u0435\u0440\u043d\u0435\u0442-\u043c\u0430\u0433\u0430\u0437\u0438\u043d\u0435 - Odav Print","isPartOf":{"@id":"https:\/\/odavprint.ee\/ru\/#website"},"primaryImageOfPage":{"@id":"https:\/\/odavprint.ee\/ru\/product\/einscan-sp-v2\/#primaryimage"},"image":{"@id":"https:\/\/odavprint.ee\/ru\/product\/einscan-sp-v2\/#primaryimage"},"thumbnailUrl":"https:\/\/odavprint.ee\/wp-content\/uploads\/2026\/03\/Einscan-SP-11.webp","datePublished":"2026-03-02T20:37:14+00:00","dateModified":"2026-04-24T21:10:02+00:00","description":"\u041a\u0443\u043f\u0438\u0442\u044c Einscan SP V2 \u0432 Odav Print \u260e +372 5911 9495 \u2714\ufe0f \u041b\u0443\u0447\u0448\u0430\u044f \u0446\u0435\u043d\u0430 \u043d\u0430 Einscan SP V2 \u26df \u0411\u044b\u0441\u0442\u0440\u0430\u044f \u0434\u043e\u0441\u0442\u0430\u0432\u043a\u0430 \u043f\u043e \u042d\u0441\u0442\u043e\u043d\u0438\u0438 \u2b50 \u0413\u0430\u0440\u0430\u043d\u0442\u0438\u044f","breadcrumb":{"@id":"https:\/\/odavprint.ee\/ru\/product\/einscan-sp-v2\/#breadcrumb"},"inLanguage":"ru-RU","potentialAction":[{"@type":"ReadAction","target":["https:\/\/odavprint.ee\/ru\/product\/einscan-sp-v2\/"]}]},{"@type":"ImageObject","inLanguage":"ru-RU","@id":"https:\/\/odavprint.ee\/ru\/product\/einscan-sp-v2\/#primaryimage","url":"https:\/\/odavprint.ee\/wp-content\/uploads\/2026\/03\/Einscan-SP-11.webp","contentUrl":"https:\/\/odavprint.ee\/wp-content\/uploads\/2026\/03\/Einscan-SP-11.webp","width":1280,"height":720},{"@type":"BreadcrumbList","@id":"https:\/\/odavprint.ee\/ru\/product\/einscan-sp-v2\/#breadcrumb","itemListElement":[{"@type":"ListItem","position":1,"name":"Home","item":"https:\/\/odavprint.ee\/ru\/%d0%b3%d0%bb%d0%b0%d0%b2%d0%bd%d0%b0%d1%8f\/"},{"@type":"ListItem","position":2,"name":"\u041c\u0430\u0433\u0430\u0437\u0438\u043d","item":"https:\/\/odavprint.ee\/ru\/shop\/"},{"@type":"ListItem","position":3,"name":"Einscan SP V2"}]},{"@type":"WebSite","@id":"https:\/\/odavprint.ee\/ru\/#website","url":"https:\/\/odavprint.ee\/ru\/","name":"Odav Print","description":"Just another WordPress site","publisher":{"@id":"https:\/\/odavprint.ee\/ru\/#organization"},"alternateName":"Kassettide, toonerite t\u00e4itmine ja m\u00fc\u00fck.","potentialAction":[{"@type":"SearchAction","target":{"@type":"EntryPoint","urlTemplate":"https:\/\/odavprint.ee\/ru\/?s={search_term_string}"},"query-input":"required name=search_term_string"}],"inLanguage":"ru-RU"},{"@type":["Organization","Place"],"@id":"https:\/\/odavprint.ee\/ru\/#organization","name":"Odav Print O\u00dc","url":"https:\/\/odavprint.ee\/ru\/","logo":{"@id":"https:\/\/odavprint.ee\/ru\/product\/einscan-sp-v2\/#local-main-organization-logo"},"image":{"@id":"https:\/\/odavprint.ee\/ru\/product\/einscan-sp-v2\/#local-main-organization-logo"},"address":{"@id":"https:\/\/odavprint.ee\/ru\/product\/einscan-sp-v2\/#local-main-place-address"},"geo":{"@type":"GeoCoordinates","latitude":"59.4306504","longitude":"24.8095743"},"telephone":["53836926"],"openingHoursSpecification":[{"@type":"OpeningHoursSpecification","dayOfWeek":["Monday","Tuesday","Wednesday","Thursday","Friday","Saturday","Sunday"],"opens":"09:00","closes":"17:00"}],"email":"info@odavprint.eu"},{"@type":"PostalAddress","@id":"https:\/\/odavprint.ee\/ru\/product\/einscan-sp-v2\/#local-main-place-address","streetAddress":"Pae tn 28","addressLocality":"Tallinn","postalCode":"11415","addressRegion":"Harjumaa","addressCountry":"EE"},{"@type":"ImageObject","inLanguage":"ru-RU","@id":"https:\/\/odavprint.ee\/ru\/product\/einscan-sp-v2\/#local-main-organization-logo","url":"https:\/\/odavprint.ee\/wp-content\/uploads\/2018\/10\/odavprint-logo-240.jpg","contentUrl":"https:\/\/odavprint.ee\/wp-content\/uploads\/2018\/10\/odavprint-logo-240.jpg","width":240,"height":36,"caption":"Odav Print O\u00dc"}]},"product_price_amount":"2230.98","product_price_currency":"EUR","og_availability":"instock","product_availability":"instock","product_condition":"new","geo.placename":"Tallinn","geo.position":{"lat":"59.4306504","long":"24.8095743"},"geo.region":"\u042d\u0441\u0442\u043e\u043d\u0438\u044f"},"_links":{"self":[{"href":"https:\/\/odavprint.ee\/ru\/wp-json\/wp\/v2\/product\/221619"}],"collection":[{"href":"https:\/\/odavprint.ee\/ru\/wp-json\/wp\/v2\/product"}],"about":[{"href":"https:\/\/odavprint.ee\/ru\/wp-json\/wp\/v2\/types\/product"}],"wp:featuredmedia":[{"embeddable":true,"href":"https:\/\/odavprint.ee\/ru\/wp-json\/wp\/v2\/media\/221620"}],"wp:attachment":[{"href":"https:\/\/odavprint.ee\/ru\/wp-json\/wp\/v2\/media?parent=221619"}],"wp:term":[{"taxonomy":"product_cat","embeddable":true,"href":"https:\/\/odavprint.ee\/ru\/wp-json\/wp\/v2\/product_cat?post=221619"},{"taxonomy":"product_tag","embeddable":true,"href":"https:\/\/odavprint.ee\/ru\/wp-json\/wp\/v2\/product_tag?post=221619"}],"curies":[{"name":"wp","href":"https:\/\/api.w.org\/{rel}","templated":true}]}}