{"id":221643,"date":"2026-03-02T22:43:07","date_gmt":"2026-03-02T20:43:07","guid":{"rendered":"https:\/\/odavprint.ee\/?post_type=product&#038;p=221643"},"modified":"2026-03-02T22:43:08","modified_gmt":"2026-03-02T20:43:08","slug":"revopoint-mini-2-3d-skanner","status":"publish","type":"product","link":"https:\/\/odavprint.ee\/ru\/product\/revopoint-mini-2-3d-skanner\/","title":{"rendered":"Revopoint MINI 2 3D skanner"},"content":{"rendered":"<p><iframe loading=\"lazy\" title=\"Revopoint MINI 2 3D Scanner: Scanning a Screw Pipe Cap in Seconds!\" width=\"1020\" height=\"574\" src=\"https:\/\/www.youtube.com\/embed\/zTwuQWNCjms?feature=oembed\" frameborder=\"0\" allow=\"accelerometer; autoplay; clipboard-write; encrypted-media; gyroscope; picture-in-picture; web-share\" referrerpolicy=\"strict-origin-when-cross-origin\" allowfullscreen><\/iframe><br \/>\nRevopoint MINI 2 \u2013 \u00dclit\u00e4pne ja nutikas 3D-skanner v\u00e4ikeste detailide j\u00e4\u00e4dvustamiseks<br \/>\nRevopoint MINI 2 on professionaalne sinise struktureeritud valguse tehnoloogial p\u00f5hinev 3D-skanner, mis on loodud v\u00e4ikeste ja keerukate objektide \u00fclit\u00e4pseks j\u00e4\u00e4dvustamiseks. T\u00e4nu 0,02 mm t\u00e4psusele ja 0,05 mm punktide vahele sobib see ideaalselt ehete disainiks, hammaste mudelite loomiseks, miniatuuride skaneerimiseks, p\u00f6\u00f6rdprojekteerimiseks ja kvaliteedikontrolliks.<\/p>\n<p>Tehnilised andmed:<\/p>\n<p>Skaneerimistehnoloogia: Kahekaameraline sinine struktureeritud valgus<\/p>\n<p>T\u00e4psus: Kuni 0,02 mm<\/p>\n<p>Punktide vahe: 0,05 mm<\/p>\n<p>Skaneerimiskiirus: Kuni 16 kaadrit sekundis<\/p>\n<p>T\u00f6\u00f6vahemik: 120\u2013250 mm<\/p>\n<p>\u00dcksiku kaadri j\u00e4\u00e4dvustamisala: 52 \u00d7 64 mm (120 mm kaugusel), kuni 168 \u00d7 132 mm (250 mm kaugusel)<\/p>\n<p>Minimaalne skaneeritav maht: 10 \u00d7 10 \u00d7 10 mm<\/p>\n<p>Skaneerimisre\u017eiimid: K\u00e4siskaneerimine ja p\u00f6\u00f6rdlauaga skaneerimine<\/p>\n<p>Joondamisre\u017eiimid: Funktsioonip\u00f5hine ja markerite abil<\/p>\n<p>Valgusallikas: Klass 1 sinine LED (ohutu nahale)<\/p>\n<p>\u00dchenduvus: USB Type-C ja Wi-Fi 6<\/p>\n<p>\u00dchilduvus: Windows 10\/11 (64-bit), Android, iOS, macOS<\/p>\n<p>V\u00e4ljundfailid: OBJ, STL, PLY, ASC, 3MF, GLTF, FBX<\/p>\n<p>M\u00f5\u00f5tmed: 132 \u00d7 53 \u00d7 36 mm<\/p>\n<p>Kaal: 175 g<\/p>\n<p>Nutikad funktsioonid:<\/p>\n<p>T\u00f6\u00f6stuslik sinine valgus: V\u00f5imaldab \u00fclit\u00e4pset skaneerimist ka keerulistes valgustingimustes.<\/p>\n<p>Kiire skaneerimine: Kuni 16 kaadrit sekundis, mis v\u00f5imaldab sujuvat ja efektiivset t\u00f6\u00f6voogu.<\/p>\n<p>Kompaktne ja kerge disain: Ainult 175 g kaaluv seade on mugav kaasas kanda ja kasutada.<\/p>\n<p>Mitmek\u00fclgsed skaneerimisre\u017eiimid: Toetab nii k\u00e4siskaneerimist kui ka p\u00f6\u00f6rdlauaga skaneerimist erinevate objektide jaoks.<\/p>\n<p>Lihtne \u00fchenduvus: USB Type-C ja Wi-Fi 6 \u00fchendused tagavad paindliku ja kiire andmeedastuse.<\/p>\n<p>9-teljeline IMU: Tagab sujuva ja t\u00e4pse skaneerimise, v\u00e4hendades vigade tekkimise v\u00f5imalust.<\/p>\n<p>Komplekti sisu:<\/p>\n<p>Revopoint MINI 2 3D-skanner<\/p>\n<p>Statiiv<\/p>\n<p>Telefonihoidik<\/p>\n<p>USB Type-A \u2013 Type-C kaabel<\/p>\n<p>2-in-1 mobiilikaabel<\/p>\n<p>USB Type-C adapter<\/p>\n<p>Mini p\u00f6\u00f6rdlaud<\/p>\n<p>P\u00f6\u00f6rdlaua pealisplaat<\/p>\n<p>P\u00f6\u00f6rdlaua toitekaabel<\/p>\n<p>Kandekohver<\/p>\n<p>N\u00e4idisb\u00fcst<\/p>\n<p>Magic Mat<\/p>\n<p>Kalibreerimislaud<\/p>\n<p>Markerid<\/p>\n<p>Kinnitustarvikud<\/p>\n<p>Kiirjuhend<\/p>\n<p>Sertifikaat ja garantiikaart<\/p>\n","protected":false},"excerpt":{"rendered":"<p>Revopoint MINI 2 \u2013 \u00dclit\u00e4pne ja nutikas 3D-skanner v\u00e4ikeste detailide j\u00e4\u00e4dvustamiseks Revopoint MINI 2 on professionaalne sinise struktureeritud valguse tehnoloogial p\u00f5hinev 3D-skanner, mis on loodud v\u00e4ikeste ja keerukate objektide \u00fclit\u00e4pseks j\u00e4\u00e4dvustamiseks. T\u00e4nu 0,02 mm t\u00e4psusele ja 0,05 mm punktide vahele sobib see ideaalselt ehete disainiks, hammaste mudelite loomiseks, miniatuuride skaneerimiseks, p\u00f6\u00f6rdprojekteerimiseks ja kvaliteedikontrolliks. Tehnilised andmed: [&#8230;]\n","protected":false},"featured_media":221644,"template":"","meta":{"inline_featured_image":false},"product_cat":[39605],"product_tag":[],"yoast_head":"<!-- This site is optimized with the Yoast SEO Premium plugin v23.0 (Yoast SEO v23.0) - https:\/\/yoast.com\/wordpress\/plugins\/seo\/ -->\n<title>Revopoint MINI 2 3D skanner, \u043b\u0443\u0447\u0448\u0430\u044f \u0446\u0435\u043d\u0430, \u043a\u0443\u043f\u0438\u0442\u044c \u0432 \u0438\u043d\u0442\u0435\u0440\u043d\u0435\u0442-\u043c\u0430\u0433\u0430\u0437\u0438\u043d\u0435 - Odav Print<\/title>\n<meta name=\"description\" content=\"\u041a\u0443\u043f\u0438\u0442\u044c Revopoint MINI 2 3D skanner \u0432 Odav Print \u260e +372 5911 9495 \u2714\ufe0f \u041b\u0443\u0447\u0448\u0430\u044f \u0446\u0435\u043d\u0430 \u043d\u0430 Revopoint MINI 2 3D skanner \u26df \u0411\u044b\u0441\u0442\u0440\u0430\u044f \u0434\u043e\u0441\u0442\u0430\u0432\u043a\u0430 \u043f\u043e \u042d\u0441\u0442\u043e\u043d\u0438\u0438 \u2b50 \u0413\u0430\u0440\u0430\u043d\u0442\u0438\u044f\" \/>\n<meta name=\"robots\" content=\"index, follow, max-snippet:-1, max-image-preview:large, max-video-preview:-1\" \/>\n<link rel=\"canonical\" href=\"https:\/\/odavprint.ee\/ru\/product\/revopoint-mini-2-3d-skanner\/\" \/>\n<meta property=\"og:locale\" content=\"ru_RU\" \/>\n<meta property=\"og:type\" content=\"article\" \/>\n<meta property=\"og:title\" content=\"Revopoint MINI 2 3D skanner\" \/>\n<meta property=\"og:description\" content=\"\u041a\u0443\u043f\u0438\u0442\u044c Revopoint MINI 2 3D skanner \u0432 Odav Print \u260e +372 5911 9495 \u2714\ufe0f \u041b\u0443\u0447\u0448\u0430\u044f \u0446\u0435\u043d\u0430 \u043d\u0430 Revopoint MINI 2 3D skanner \u26df \u0411\u044b\u0441\u0442\u0440\u0430\u044f \u0434\u043e\u0441\u0442\u0430\u0432\u043a\u0430 \u043f\u043e \u042d\u0441\u0442\u043e\u043d\u0438\u0438 \u2b50 \u0413\u0430\u0440\u0430\u043d\u0442\u0438\u044f\" \/>\n<meta property=\"og:url\" content=\"https:\/\/odavprint.ee\/ru\/product\/revopoint-mini-2-3d-skanner\/\" \/>\n<meta property=\"og:site_name\" content=\"Odav Print\" \/>\n<meta property=\"article:modified_time\" content=\"2026-03-02T20:43:08+00:00\" \/>\n<meta name=\"twitter:card\" content=\"summary_large_image\" \/>\n<meta name=\"twitter:label1\" content=\"\u0426\u0435\u043d\u0430\" \/>\n\t<meta name=\"twitter:data1\" content=\"&euro;952.41\" \/>\n\t<meta name=\"twitter:label2\" content=\"\u0414\u043e\u0441\u0442\u0443\u043f\u043d\u043e\u0441\u0442\u044c\" \/>\n\t<meta name=\"twitter:data2\" content=\"\u041d\u0430 \u0437\u0430\u043a\u0430\u0437\" \/>\n<script type=\"application\/ld+json\" class=\"yoast-schema-graph\">{\"@context\":\"https:\/\/schema.org\",\"@graph\":[{\"@type\":[\"WebPage\",\"ItemPage\"],\"@id\":\"https:\/\/odavprint.ee\/ru\/product\/revopoint-mini-2-3d-skanner\/\",\"url\":\"https:\/\/odavprint.ee\/ru\/product\/revopoint-mini-2-3d-skanner\/\",\"name\":\"Revopoint MINI 2 3D skanner, \u043b\u0443\u0447\u0448\u0430\u044f \u0446\u0435\u043d\u0430, \u043a\u0443\u043f\u0438\u0442\u044c \u0432 \u0438\u043d\u0442\u0435\u0440\u043d\u0435\u0442-\u043c\u0430\u0433\u0430\u0437\u0438\u043d\u0435 - Odav Print\",\"isPartOf\":{\"@id\":\"https:\/\/odavprint.ee\/ru\/#website\"},\"primaryImageOfPage\":{\"@id\":\"https:\/\/odavprint.ee\/ru\/product\/revopoint-mini-2-3d-skanner\/#primaryimage\"},\"image\":{\"@id\":\"https:\/\/odavprint.ee\/ru\/product\/revopoint-mini-2-3d-skanner\/#primaryimage\"},\"thumbnailUrl\":\"https:\/\/odavprint.ee\/wp-content\/uploads\/2026\/03\/Revopoint-MINI-2.webp\",\"datePublished\":\"2026-03-02T20:43:07+00:00\",\"dateModified\":\"2026-03-02T20:43:08+00:00\",\"description\":\"\u041a\u0443\u043f\u0438\u0442\u044c Revopoint MINI 2 3D skanner \u0432 Odav Print \u260e +372 5911 9495 \u2714\ufe0f \u041b\u0443\u0447\u0448\u0430\u044f \u0446\u0435\u043d\u0430 \u043d\u0430 Revopoint MINI 2 3D skanner \u26df \u0411\u044b\u0441\u0442\u0440\u0430\u044f \u0434\u043e\u0441\u0442\u0430\u0432\u043a\u0430 \u043f\u043e \u042d\u0441\u0442\u043e\u043d\u0438\u0438 \u2b50 \u0413\u0430\u0440\u0430\u043d\u0442\u0438\u044f\",\"breadcrumb\":{\"@id\":\"https:\/\/odavprint.ee\/ru\/product\/revopoint-mini-2-3d-skanner\/#breadcrumb\"},\"inLanguage\":\"ru-RU\",\"potentialAction\":[{\"@type\":\"ReadAction\",\"target\":[\"https:\/\/odavprint.ee\/ru\/product\/revopoint-mini-2-3d-skanner\/\"]}]},{\"@type\":\"ImageObject\",\"inLanguage\":\"ru-RU\",\"@id\":\"https:\/\/odavprint.ee\/ru\/product\/revopoint-mini-2-3d-skanner\/#primaryimage\",\"url\":\"https:\/\/odavprint.ee\/wp-content\/uploads\/2026\/03\/Revopoint-MINI-2.webp\",\"contentUrl\":\"https:\/\/odavprint.ee\/wp-content\/uploads\/2026\/03\/Revopoint-MINI-2.webp\",\"width\":786,\"height\":1110},{\"@type\":\"BreadcrumbList\",\"@id\":\"https:\/\/odavprint.ee\/ru\/product\/revopoint-mini-2-3d-skanner\/#breadcrumb\",\"itemListElement\":[{\"@type\":\"ListItem\",\"position\":1,\"name\":\"Home\",\"item\":\"https:\/\/odavprint.ee\/ru\/%d0%b3%d0%bb%d0%b0%d0%b2%d0%bd%d0%b0%d1%8f\/\"},{\"@type\":\"ListItem\",\"position\":2,\"name\":\"\u041c\u0430\u0433\u0430\u0437\u0438\u043d\",\"item\":\"https:\/\/odavprint.ee\/ru\/shop\/\"},{\"@type\":\"ListItem\",\"position\":3,\"name\":\"Revopoint MINI 2 3D skanner\"}]},{\"@type\":\"WebSite\",\"@id\":\"https:\/\/odavprint.ee\/ru\/#website\",\"url\":\"https:\/\/odavprint.ee\/ru\/\",\"name\":\"Odav Print\",\"description\":\"Just another WordPress site\",\"publisher\":{\"@id\":\"https:\/\/odavprint.ee\/ru\/#organization\"},\"alternateName\":\"Kassettide, toonerite t\u00e4itmine ja m\u00fc\u00fck.\",\"potentialAction\":[{\"@type\":\"SearchAction\",\"target\":{\"@type\":\"EntryPoint\",\"urlTemplate\":\"https:\/\/odavprint.ee\/ru\/?s={search_term_string}\"},\"query-input\":\"required name=search_term_string\"}],\"inLanguage\":\"ru-RU\"},{\"@type\":[\"Organization\",\"Place\"],\"@id\":\"https:\/\/odavprint.ee\/ru\/#organization\",\"name\":\"Odav Print O\u00dc\",\"url\":\"https:\/\/odavprint.ee\/ru\/\",\"logo\":{\"@id\":\"https:\/\/odavprint.ee\/ru\/product\/revopoint-mini-2-3d-skanner\/#local-main-organization-logo\"},\"image\":{\"@id\":\"https:\/\/odavprint.ee\/ru\/product\/revopoint-mini-2-3d-skanner\/#local-main-organization-logo\"},\"address\":{\"@id\":\"https:\/\/odavprint.ee\/ru\/product\/revopoint-mini-2-3d-skanner\/#local-main-place-address\"},\"geo\":{\"@type\":\"GeoCoordinates\",\"latitude\":\"59.4306504\",\"longitude\":\"24.8095743\"},\"telephone\":[\"53836926\"],\"openingHoursSpecification\":[{\"@type\":\"OpeningHoursSpecification\",\"dayOfWeek\":[\"Monday\",\"Tuesday\",\"Wednesday\",\"Thursday\",\"Friday\",\"Saturday\",\"Sunday\"],\"opens\":\"09:00\",\"closes\":\"17:00\"}],\"email\":\"info@odavprint.eu\"},{\"@type\":\"PostalAddress\",\"@id\":\"https:\/\/odavprint.ee\/ru\/product\/revopoint-mini-2-3d-skanner\/#local-main-place-address\",\"streetAddress\":\"Pae tn 28\",\"addressLocality\":\"Tallinn\",\"postalCode\":\"11415\",\"addressRegion\":\"Harjumaa\",\"addressCountry\":\"EE\"},{\"@type\":\"ImageObject\",\"inLanguage\":\"ru-RU\",\"@id\":\"https:\/\/odavprint.ee\/ru\/product\/revopoint-mini-2-3d-skanner\/#local-main-organization-logo\",\"url\":\"https:\/\/odavprint.ee\/wp-content\/uploads\/2018\/10\/odavprint-logo-240.jpg\",\"contentUrl\":\"https:\/\/odavprint.ee\/wp-content\/uploads\/2018\/10\/odavprint-logo-240.jpg\",\"width\":240,\"height\":36,\"caption\":\"Odav Print O\u00dc\"}]}<\/script>\n<meta property=\"product:price:amount\" content=\"952.41\" \/>\n<meta property=\"product:price:currency\" content=\"EUR\" \/>\n<meta property=\"og:availability\" content=\"backorder\" \/>\n<meta property=\"product:availability\" content=\"available for order\" \/>\n<meta property=\"product:condition\" content=\"new\" \/>\n<meta name=\"geo.placename\" content=\"Tallinn\" \/>\n<meta name=\"geo.position\" content=\"59.4306504;24.8095743\" \/>\n<meta name=\"geo.region\" content=\"\u042d\u0441\u0442\u043e\u043d\u0438\u044f\" \/>\n<!-- \/ Yoast SEO Premium plugin. -->","yoast_head_json":{"title":"Revopoint MINI 2 3D skanner, \u043b\u0443\u0447\u0448\u0430\u044f \u0446\u0435\u043d\u0430, \u043a\u0443\u043f\u0438\u0442\u044c \u0432 \u0438\u043d\u0442\u0435\u0440\u043d\u0435\u0442-\u043c\u0430\u0433\u0430\u0437\u0438\u043d\u0435 - Odav Print","description":"\u041a\u0443\u043f\u0438\u0442\u044c Revopoint MINI 2 3D skanner \u0432 Odav Print \u260e +372 5911 9495 \u2714\ufe0f \u041b\u0443\u0447\u0448\u0430\u044f \u0446\u0435\u043d\u0430 \u043d\u0430 Revopoint MINI 2 3D skanner \u26df \u0411\u044b\u0441\u0442\u0440\u0430\u044f \u0434\u043e\u0441\u0442\u0430\u0432\u043a\u0430 \u043f\u043e \u042d\u0441\u0442\u043e\u043d\u0438\u0438 \u2b50 \u0413\u0430\u0440\u0430\u043d\u0442\u0438\u044f","robots":{"index":"index","follow":"follow","max-snippet":"max-snippet:-1","max-image-preview":"max-image-preview:large","max-video-preview":"max-video-preview:-1"},"canonical":"https:\/\/odavprint.ee\/ru\/product\/revopoint-mini-2-3d-skanner\/","og_locale":"ru_RU","og_type":"article","og_title":"Revopoint MINI 2 3D skanner","og_description":"\u041a\u0443\u043f\u0438\u0442\u044c Revopoint MINI 2 3D skanner \u0432 Odav Print \u260e +372 5911 9495 \u2714\ufe0f \u041b\u0443\u0447\u0448\u0430\u044f \u0446\u0435\u043d\u0430 \u043d\u0430 Revopoint MINI 2 3D skanner \u26df \u0411\u044b\u0441\u0442\u0440\u0430\u044f \u0434\u043e\u0441\u0442\u0430\u0432\u043a\u0430 \u043f\u043e \u042d\u0441\u0442\u043e\u043d\u0438\u0438 \u2b50 \u0413\u0430\u0440\u0430\u043d\u0442\u0438\u044f","og_url":"https:\/\/odavprint.ee\/ru\/product\/revopoint-mini-2-3d-skanner\/","og_site_name":"Odav Print","article_modified_time":"2026-03-02T20:43:08+00:00","twitter_card":"summary_large_image","twitter_misc":{"\u0426\u0435\u043d\u0430":"&euro;952.41","\u0414\u043e\u0441\u0442\u0443\u043f\u043d\u043e\u0441\u0442\u044c":"\u041d\u0430 \u0437\u0430\u043a\u0430\u0437"},"schema":{"@context":"https:\/\/schema.org","@graph":[{"@type":["WebPage","ItemPage"],"@id":"https:\/\/odavprint.ee\/ru\/product\/revopoint-mini-2-3d-skanner\/","url":"https:\/\/odavprint.ee\/ru\/product\/revopoint-mini-2-3d-skanner\/","name":"Revopoint MINI 2 3D skanner, \u043b\u0443\u0447\u0448\u0430\u044f \u0446\u0435\u043d\u0430, \u043a\u0443\u043f\u0438\u0442\u044c \u0432 \u0438\u043d\u0442\u0435\u0440\u043d\u0435\u0442-\u043c\u0430\u0433\u0430\u0437\u0438\u043d\u0435 - Odav Print","isPartOf":{"@id":"https:\/\/odavprint.ee\/ru\/#website"},"primaryImageOfPage":{"@id":"https:\/\/odavprint.ee\/ru\/product\/revopoint-mini-2-3d-skanner\/#primaryimage"},"image":{"@id":"https:\/\/odavprint.ee\/ru\/product\/revopoint-mini-2-3d-skanner\/#primaryimage"},"thumbnailUrl":"https:\/\/odavprint.ee\/wp-content\/uploads\/2026\/03\/Revopoint-MINI-2.webp","datePublished":"2026-03-02T20:43:07+00:00","dateModified":"2026-03-02T20:43:08+00:00","description":"\u041a\u0443\u043f\u0438\u0442\u044c Revopoint MINI 2 3D skanner \u0432 Odav Print \u260e +372 5911 9495 \u2714\ufe0f \u041b\u0443\u0447\u0448\u0430\u044f \u0446\u0435\u043d\u0430 \u043d\u0430 Revopoint MINI 2 3D skanner \u26df \u0411\u044b\u0441\u0442\u0440\u0430\u044f \u0434\u043e\u0441\u0442\u0430\u0432\u043a\u0430 \u043f\u043e \u042d\u0441\u0442\u043e\u043d\u0438\u0438 \u2b50 \u0413\u0430\u0440\u0430\u043d\u0442\u0438\u044f","breadcrumb":{"@id":"https:\/\/odavprint.ee\/ru\/product\/revopoint-mini-2-3d-skanner\/#breadcrumb"},"inLanguage":"ru-RU","potentialAction":[{"@type":"ReadAction","target":["https:\/\/odavprint.ee\/ru\/product\/revopoint-mini-2-3d-skanner\/"]}]},{"@type":"ImageObject","inLanguage":"ru-RU","@id":"https:\/\/odavprint.ee\/ru\/product\/revopoint-mini-2-3d-skanner\/#primaryimage","url":"https:\/\/odavprint.ee\/wp-content\/uploads\/2026\/03\/Revopoint-MINI-2.webp","contentUrl":"https:\/\/odavprint.ee\/wp-content\/uploads\/2026\/03\/Revopoint-MINI-2.webp","width":786,"height":1110},{"@type":"BreadcrumbList","@id":"https:\/\/odavprint.ee\/ru\/product\/revopoint-mini-2-3d-skanner\/#breadcrumb","itemListElement":[{"@type":"ListItem","position":1,"name":"Home","item":"https:\/\/odavprint.ee\/ru\/%d0%b3%d0%bb%d0%b0%d0%b2%d0%bd%d0%b0%d1%8f\/"},{"@type":"ListItem","position":2,"name":"\u041c\u0430\u0433\u0430\u0437\u0438\u043d","item":"https:\/\/odavprint.ee\/ru\/shop\/"},{"@type":"ListItem","position":3,"name":"Revopoint MINI 2 3D skanner"}]},{"@type":"WebSite","@id":"https:\/\/odavprint.ee\/ru\/#website","url":"https:\/\/odavprint.ee\/ru\/","name":"Odav Print","description":"Just another WordPress site","publisher":{"@id":"https:\/\/odavprint.ee\/ru\/#organization"},"alternateName":"Kassettide, toonerite t\u00e4itmine ja m\u00fc\u00fck.","potentialAction":[{"@type":"SearchAction","target":{"@type":"EntryPoint","urlTemplate":"https:\/\/odavprint.ee\/ru\/?s={search_term_string}"},"query-input":"required name=search_term_string"}],"inLanguage":"ru-RU"},{"@type":["Organization","Place"],"@id":"https:\/\/odavprint.ee\/ru\/#organization","name":"Odav Print O\u00dc","url":"https:\/\/odavprint.ee\/ru\/","logo":{"@id":"https:\/\/odavprint.ee\/ru\/product\/revopoint-mini-2-3d-skanner\/#local-main-organization-logo"},"image":{"@id":"https:\/\/odavprint.ee\/ru\/product\/revopoint-mini-2-3d-skanner\/#local-main-organization-logo"},"address":{"@id":"https:\/\/odavprint.ee\/ru\/product\/revopoint-mini-2-3d-skanner\/#local-main-place-address"},"geo":{"@type":"GeoCoordinates","latitude":"59.4306504","longitude":"24.8095743"},"telephone":["53836926"],"openingHoursSpecification":[{"@type":"OpeningHoursSpecification","dayOfWeek":["Monday","Tuesday","Wednesday","Thursday","Friday","Saturday","Sunday"],"opens":"09:00","closes":"17:00"}],"email":"info@odavprint.eu"},{"@type":"PostalAddress","@id":"https:\/\/odavprint.ee\/ru\/product\/revopoint-mini-2-3d-skanner\/#local-main-place-address","streetAddress":"Pae tn 28","addressLocality":"Tallinn","postalCode":"11415","addressRegion":"Harjumaa","addressCountry":"EE"},{"@type":"ImageObject","inLanguage":"ru-RU","@id":"https:\/\/odavprint.ee\/ru\/product\/revopoint-mini-2-3d-skanner\/#local-main-organization-logo","url":"https:\/\/odavprint.ee\/wp-content\/uploads\/2018\/10\/odavprint-logo-240.jpg","contentUrl":"https:\/\/odavprint.ee\/wp-content\/uploads\/2018\/10\/odavprint-logo-240.jpg","width":240,"height":36,"caption":"Odav Print O\u00dc"}]},"product_price_amount":"952.41","product_price_currency":"EUR","og_availability":"backorder","product_availability":"available for order","product_condition":"new","geo.placename":"Tallinn","geo.position":{"lat":"59.4306504","long":"24.8095743"},"geo.region":"\u042d\u0441\u0442\u043e\u043d\u0438\u044f"},"_links":{"self":[{"href":"https:\/\/odavprint.ee\/ru\/wp-json\/wp\/v2\/product\/221643"}],"collection":[{"href":"https:\/\/odavprint.ee\/ru\/wp-json\/wp\/v2\/product"}],"about":[{"href":"https:\/\/odavprint.ee\/ru\/wp-json\/wp\/v2\/types\/product"}],"wp:featuredmedia":[{"embeddable":true,"href":"https:\/\/odavprint.ee\/ru\/wp-json\/wp\/v2\/media\/221644"}],"wp:attachment":[{"href":"https:\/\/odavprint.ee\/ru\/wp-json\/wp\/v2\/media?parent=221643"}],"wp:term":[{"taxonomy":"product_cat","embeddable":true,"href":"https:\/\/odavprint.ee\/ru\/wp-json\/wp\/v2\/product_cat?post=221643"},{"taxonomy":"product_tag","embeddable":true,"href":"https:\/\/odavprint.ee\/ru\/wp-json\/wp\/v2\/product_tag?post=221643"}],"curies":[{"name":"wp","href":"https:\/\/api.w.org\/{rel}","templated":true}]}}