{"id":224432,"date":"2026-05-04T10:54:01","date_gmt":"2026-05-04T07:54:01","guid":{"rendered":"https:\/\/odavprint.ee\/?post_type=product&#038;p=224432"},"modified":"2026-05-04T10:54:02","modified_gmt":"2026-05-04T07:54:02","slug":"polyterra-pla-asendub-polymaker-panchroma-seeriaga-lopumuuk-susimust","status":"publish","type":"product","link":"https:\/\/odavprint.ee\/ru\/product\/polyterra-pla-asendub-polymaker-panchroma-seeriaga-lopumuuk-susimust\/","title":{"rendered":"PolyTerra PLA asendub Polymaker Panchroma seeriaga (L\u00f5pum\u00fc\u00fck!), S\u00fcsimust"},"content":{"rendered":"<p>PolyTerra\u2122 PLA on PLA-p\u00f5hine 3D printimise filament, millel on matt pind ja lai valik v\u00e4rve ning efekte. Filament on v\u00e4ga lihtsasti printitav, pakkudes suurep\u00e4raseid sillutamis- ja \u00fcleulatuvusomadusi. Seda saab printida v\u00e4ga laias temperatuurivahemikus ja see sobib k\u00f5igi ekstrusioonip\u00f5histe 3D-printeritega.<\/p>\n<p>Filamendi dimensionaalne tolerants:<\/p>\n<p>97% filamentidest on +\/- 0.02mm piires<br \/>\n99% on +\/- 0.03mm piires<br \/>\n99.9% on +\/- 0.04mm piires<\/p>\n<p>Erinevus PolyTerra\u2122 PLA ja PolyTerra\u2122 PLA+ vahel:<br \/>\nKuigi m\u00f5lemad p\u00f5hinevad samal keskkonnas\u00f5bralikul valemil, on PLA+ optimeeritud parema kihtide haardumise ja \u00fcldise tugevuse jaoks. Erinevalt PolyTerra\u2122 PLA matist viimistlusest on PLA+ rohkem satiini viimistlusega.<\/p>\n<p>PolyTerra\u2122 PLA Biolagunevus:<br \/>\nPolyTerra\u2122 PLA ei lagune tavalistes tingimustes, nagu tee \u00e4\u00e4rde visates. Selle lagundamiseks on vajalikud kindlad tingimused, mida saavutatakse t\u00f6\u00f6stuslikes kompostimisrajatistes. Valemit on arendatud nii, et see laguneks kiiremini kui tavaline PLA, parandades selle keskkonnam\u00f5ju samal ajal suurep\u00e4rase printimiskvaliteedi s\u00e4ilitamisega.<\/p>\n<p>Rohkem infot<\/p>\n<p>Loe rohkem<\/p>\n","protected":false},"excerpt":{"rendered":"<p>PolyTerra\u2122 PLA on PLA-p\u00f5hine 3D printimise filament, millel on matt pind ja lai valik v\u00e4rve ning efekte. Filament on v\u00e4ga lihtsasti printitav, pakkudes suurep\u00e4raseid sillutamis- ja \u00fcleulatuvusomadusi. Seda saab printida v\u00e4ga laias temperatuurivahemikus ja see sobib k\u00f5igi ekstrusioonip\u00f5histe 3D-printeritega. Filamendi dimensionaalne tolerants: 97% filamentidest on +\/- 0.02mm piires 99% on +\/- 0.03mm piires 99.9% on [&#8230;]\n","protected":false},"featured_media":224433,"template":"","meta":{"inline_featured_image":false},"product_cat":[39605],"product_tag":[],"yoast_head":"<!-- This site is optimized with the Yoast SEO Premium plugin v23.0 (Yoast SEO v23.0) - https:\/\/yoast.com\/wordpress\/plugins\/seo\/ -->\n<title>PolyTerra PLA asendub Polymaker Panchroma seeriaga (L\u00f5pum\u00fc\u00fck!), S\u00fcsimust, \u043b\u0443\u0447\u0448\u0430\u044f \u0446\u0435\u043d\u0430, \u043a\u0443\u043f\u0438\u0442\u044c \u0432 \u0438\u043d\u0442\u0435\u0440\u043d\u0435\u0442-\u043c\u0430\u0433\u0430\u0437\u0438\u043d\u0435 - Odav Print<\/title>\n<meta name=\"description\" content=\"\u041a\u0443\u043f\u0438\u0442\u044c PolyTerra PLA asendub Polymaker Panchroma seeriaga (L\u00f5pum\u00fc\u00fck!), S\u00fcsimust \u0432 Odav Print \u260e +372 5911 9495 \u2714\ufe0f \u041b\u0443\u0447\u0448\u0430\u044f \u0446\u0435\u043d\u0430 \u043d\u0430 PolyTerra PLA asendub Polymaker Panchroma seeriaga (L\u00f5pum\u00fc\u00fck!), S\u00fcsimust \u26df \u0411\u044b\u0441\u0442\u0440\u0430\u044f \u0434\u043e\u0441\u0442\u0430\u0432\u043a\u0430 \u043f\u043e \u042d\u0441\u0442\u043e\u043d\u0438\u0438 \u2b50 \u0413\u0430\u0440\u0430\u043d\u0442\u0438\u044f\" \/>\n<meta name=\"robots\" content=\"index, follow, max-snippet:-1, max-image-preview:large, max-video-preview:-1\" \/>\n<link rel=\"canonical\" href=\"https:\/\/odavprint.ee\/ru\/product\/polyterra-pla-asendub-polymaker-panchroma-seeriaga-lopumuuk-susimust\/\" \/>\n<meta property=\"og:locale\" content=\"ru_RU\" \/>\n<meta property=\"og:type\" content=\"article\" \/>\n<meta property=\"og:title\" content=\"PolyTerra PLA asendub Polymaker Panchroma seeriaga (L\u00f5pum\u00fc\u00fck!), S\u00fcsimust\" \/>\n<meta property=\"og:description\" content=\"\u041a\u0443\u043f\u0438\u0442\u044c PolyTerra PLA asendub Polymaker Panchroma seeriaga (L\u00f5pum\u00fc\u00fck!), S\u00fcsimust \u0432 Odav Print \u260e +372 5911 9495 \u2714\ufe0f \u041b\u0443\u0447\u0448\u0430\u044f \u0446\u0435\u043d\u0430 \u043d\u0430 PolyTerra PLA asendub Polymaker Panchroma seeriaga (L\u00f5pum\u00fc\u00fck!), S\u00fcsimust \u26df \u0411\u044b\u0441\u0442\u0440\u0430\u044f \u0434\u043e\u0441\u0442\u0430\u0432\u043a\u0430 \u043f\u043e \u042d\u0441\u0442\u043e\u043d\u0438\u0438 \u2b50 \u0413\u0430\u0440\u0430\u043d\u0442\u0438\u044f\" \/>\n<meta property=\"og:url\" content=\"https:\/\/odavprint.ee\/ru\/product\/polyterra-pla-asendub-polymaker-panchroma-seeriaga-lopumuuk-susimust\/\" \/>\n<meta property=\"og:site_name\" content=\"Odav Print\" \/>\n<meta property=\"article:modified_time\" content=\"2026-05-04T07:54:02+00:00\" \/>\n<meta name=\"twitter:card\" content=\"summary_large_image\" \/>\n<meta name=\"twitter:label1\" content=\"\u0426\u0435\u043d\u0430\" \/>\n\t<meta name=\"twitter:data1\" content=\"&euro;18.44\" \/>\n\t<meta name=\"twitter:label2\" content=\"\u0414\u043e\u0441\u0442\u0443\u043f\u043d\u043e\u0441\u0442\u044c\" \/>\n\t<meta name=\"twitter:data2\" content=\"\u0412 \u043d\u0430\u043b\u0438\u0447\u0438\u0438\" \/>\n<script type=\"application\/ld+json\" class=\"yoast-schema-graph\">{\"@context\":\"https:\/\/schema.org\",\"@graph\":[{\"@type\":[\"WebPage\",\"ItemPage\"],\"@id\":\"https:\/\/odavprint.ee\/ru\/product\/polyterra-pla-asendub-polymaker-panchroma-seeriaga-lopumuuk-susimust\/\",\"url\":\"https:\/\/odavprint.ee\/ru\/product\/polyterra-pla-asendub-polymaker-panchroma-seeriaga-lopumuuk-susimust\/\",\"name\":\"PolyTerra PLA asendub Polymaker Panchroma seeriaga (L\u00f5pum\u00fc\u00fck!), S\u00fcsimust, \u043b\u0443\u0447\u0448\u0430\u044f \u0446\u0435\u043d\u0430, \u043a\u0443\u043f\u0438\u0442\u044c \u0432 \u0438\u043d\u0442\u0435\u0440\u043d\u0435\u0442-\u043c\u0430\u0433\u0430\u0437\u0438\u043d\u0435 - Odav Print\",\"isPartOf\":{\"@id\":\"https:\/\/odavprint.ee\/ru\/#website\"},\"primaryImageOfPage\":{\"@id\":\"https:\/\/odavprint.ee\/ru\/product\/polyterra-pla-asendub-polymaker-panchroma-seeriaga-lopumuuk-susimust\/#primaryimage\"},\"image\":{\"@id\":\"https:\/\/odavprint.ee\/ru\/product\/polyterra-pla-asendub-polymaker-panchroma-seeriaga-lopumuuk-susimust\/#primaryimage\"},\"thumbnailUrl\":\"https:\/\/odavprint.ee\/wp-content\/uploads\/2026\/05\/PolyTerra-PLA-susimust-175-1.png\",\"datePublished\":\"2026-05-04T07:54:01+00:00\",\"dateModified\":\"2026-05-04T07:54:02+00:00\",\"description\":\"\u041a\u0443\u043f\u0438\u0442\u044c PolyTerra PLA asendub Polymaker Panchroma seeriaga (L\u00f5pum\u00fc\u00fck!), S\u00fcsimust \u0432 Odav Print \u260e +372 5911 9495 \u2714\ufe0f \u041b\u0443\u0447\u0448\u0430\u044f \u0446\u0435\u043d\u0430 \u043d\u0430 PolyTerra PLA asendub Polymaker Panchroma seeriaga (L\u00f5pum\u00fc\u00fck!), S\u00fcsimust \u26df \u0411\u044b\u0441\u0442\u0440\u0430\u044f \u0434\u043e\u0441\u0442\u0430\u0432\u043a\u0430 \u043f\u043e \u042d\u0441\u0442\u043e\u043d\u0438\u0438 \u2b50 \u0413\u0430\u0440\u0430\u043d\u0442\u0438\u044f\",\"breadcrumb\":{\"@id\":\"https:\/\/odavprint.ee\/ru\/product\/polyterra-pla-asendub-polymaker-panchroma-seeriaga-lopumuuk-susimust\/#breadcrumb\"},\"inLanguage\":\"ru-RU\",\"potentialAction\":[{\"@type\":\"ReadAction\",\"target\":[\"https:\/\/odavprint.ee\/ru\/product\/polyterra-pla-asendub-polymaker-panchroma-seeriaga-lopumuuk-susimust\/\"]}]},{\"@type\":\"ImageObject\",\"inLanguage\":\"ru-RU\",\"@id\":\"https:\/\/odavprint.ee\/ru\/product\/polyterra-pla-asendub-polymaker-panchroma-seeriaga-lopumuuk-susimust\/#primaryimage\",\"url\":\"https:\/\/odavprint.ee\/wp-content\/uploads\/2026\/05\/PolyTerra-PLA-susimust-175-1.png\",\"contentUrl\":\"https:\/\/odavprint.ee\/wp-content\/uploads\/2026\/05\/PolyTerra-PLA-susimust-175-1.png\",\"width\":300,\"height\":300},{\"@type\":\"BreadcrumbList\",\"@id\":\"https:\/\/odavprint.ee\/ru\/product\/polyterra-pla-asendub-polymaker-panchroma-seeriaga-lopumuuk-susimust\/#breadcrumb\",\"itemListElement\":[{\"@type\":\"ListItem\",\"position\":1,\"name\":\"Home\",\"item\":\"https:\/\/odavprint.ee\/ru\/%d0%b3%d0%bb%d0%b0%d0%b2%d0%bd%d0%b0%d1%8f\/\"},{\"@type\":\"ListItem\",\"position\":2,\"name\":\"\u041c\u0430\u0433\u0430\u0437\u0438\u043d\",\"item\":\"https:\/\/odavprint.ee\/ru\/shop\/\"},{\"@type\":\"ListItem\",\"position\":3,\"name\":\"PolyTerra PLA asendub Polymaker Panchroma seeriaga (L\u00f5pum\u00fc\u00fck!), S\u00fcsimust\"}]},{\"@type\":\"WebSite\",\"@id\":\"https:\/\/odavprint.ee\/ru\/#website\",\"url\":\"https:\/\/odavprint.ee\/ru\/\",\"name\":\"Odav Print\",\"description\":\"Just another WordPress site\",\"publisher\":{\"@id\":\"https:\/\/odavprint.ee\/ru\/#organization\"},\"alternateName\":\"Kassettide, toonerite t\u00e4itmine ja m\u00fc\u00fck.\",\"potentialAction\":[{\"@type\":\"SearchAction\",\"target\":{\"@type\":\"EntryPoint\",\"urlTemplate\":\"https:\/\/odavprint.ee\/ru\/?s={search_term_string}\"},\"query-input\":\"required name=search_term_string\"}],\"inLanguage\":\"ru-RU\"},{\"@type\":[\"Organization\",\"Place\"],\"@id\":\"https:\/\/odavprint.ee\/ru\/#organization\",\"name\":\"Odav Print O\u00dc\",\"url\":\"https:\/\/odavprint.ee\/ru\/\",\"logo\":{\"@id\":\"https:\/\/odavprint.ee\/ru\/product\/polyterra-pla-asendub-polymaker-panchroma-seeriaga-lopumuuk-susimust\/#local-main-organization-logo\"},\"image\":{\"@id\":\"https:\/\/odavprint.ee\/ru\/product\/polyterra-pla-asendub-polymaker-panchroma-seeriaga-lopumuuk-susimust\/#local-main-organization-logo\"},\"address\":{\"@id\":\"https:\/\/odavprint.ee\/ru\/product\/polyterra-pla-asendub-polymaker-panchroma-seeriaga-lopumuuk-susimust\/#local-main-place-address\"},\"geo\":{\"@type\":\"GeoCoordinates\",\"latitude\":\"59.4306504\",\"longitude\":\"24.8095743\"},\"telephone\":[\"53836926\"],\"openingHoursSpecification\":[{\"@type\":\"OpeningHoursSpecification\",\"dayOfWeek\":[\"Monday\",\"Tuesday\",\"Wednesday\",\"Thursday\",\"Friday\",\"Saturday\",\"Sunday\"],\"opens\":\"09:00\",\"closes\":\"17:00\"}],\"email\":\"info@odavprint.eu\"},{\"@type\":\"PostalAddress\",\"@id\":\"https:\/\/odavprint.ee\/ru\/product\/polyterra-pla-asendub-polymaker-panchroma-seeriaga-lopumuuk-susimust\/#local-main-place-address\",\"streetAddress\":\"Pae tn 28\",\"addressLocality\":\"Tallinn\",\"postalCode\":\"11415\",\"addressRegion\":\"Harjumaa\",\"addressCountry\":\"EE\"},{\"@type\":\"ImageObject\",\"inLanguage\":\"ru-RU\",\"@id\":\"https:\/\/odavprint.ee\/ru\/product\/polyterra-pla-asendub-polymaker-panchroma-seeriaga-lopumuuk-susimust\/#local-main-organization-logo\",\"url\":\"https:\/\/odavprint.ee\/wp-content\/uploads\/2018\/10\/odavprint-logo-240.jpg\",\"contentUrl\":\"https:\/\/odavprint.ee\/wp-content\/uploads\/2018\/10\/odavprint-logo-240.jpg\",\"width\":240,\"height\":36,\"caption\":\"Odav Print O\u00dc\"}]}<\/script>\n<meta property=\"product:price:amount\" content=\"18.44\" \/>\n<meta property=\"product:price:currency\" content=\"EUR\" \/>\n<meta property=\"og:availability\" content=\"instock\" \/>\n<meta property=\"product:availability\" content=\"instock\" \/>\n<meta property=\"product:condition\" content=\"new\" \/>\n<meta name=\"geo.placename\" content=\"Tallinn\" \/>\n<meta name=\"geo.position\" content=\"59.4306504;24.8095743\" \/>\n<meta name=\"geo.region\" content=\"\u042d\u0441\u0442\u043e\u043d\u0438\u044f\" \/>\n<!-- \/ Yoast SEO Premium plugin. -->","yoast_head_json":{"title":"PolyTerra PLA asendub Polymaker Panchroma seeriaga (L\u00f5pum\u00fc\u00fck!), S\u00fcsimust, \u043b\u0443\u0447\u0448\u0430\u044f \u0446\u0435\u043d\u0430, \u043a\u0443\u043f\u0438\u0442\u044c \u0432 \u0438\u043d\u0442\u0435\u0440\u043d\u0435\u0442-\u043c\u0430\u0433\u0430\u0437\u0438\u043d\u0435 - Odav Print","description":"\u041a\u0443\u043f\u0438\u0442\u044c PolyTerra PLA asendub Polymaker Panchroma seeriaga (L\u00f5pum\u00fc\u00fck!), S\u00fcsimust \u0432 Odav Print \u260e +372 5911 9495 \u2714\ufe0f \u041b\u0443\u0447\u0448\u0430\u044f \u0446\u0435\u043d\u0430 \u043d\u0430 PolyTerra PLA asendub Polymaker Panchroma seeriaga (L\u00f5pum\u00fc\u00fck!), S\u00fcsimust \u26df \u0411\u044b\u0441\u0442\u0440\u0430\u044f \u0434\u043e\u0441\u0442\u0430\u0432\u043a\u0430 \u043f\u043e \u042d\u0441\u0442\u043e\u043d\u0438\u0438 \u2b50 \u0413\u0430\u0440\u0430\u043d\u0442\u0438\u044f","robots":{"index":"index","follow":"follow","max-snippet":"max-snippet:-1","max-image-preview":"max-image-preview:large","max-video-preview":"max-video-preview:-1"},"canonical":"https:\/\/odavprint.ee\/ru\/product\/polyterra-pla-asendub-polymaker-panchroma-seeriaga-lopumuuk-susimust\/","og_locale":"ru_RU","og_type":"article","og_title":"PolyTerra PLA asendub Polymaker Panchroma seeriaga (L\u00f5pum\u00fc\u00fck!), S\u00fcsimust","og_description":"\u041a\u0443\u043f\u0438\u0442\u044c PolyTerra PLA asendub Polymaker Panchroma seeriaga (L\u00f5pum\u00fc\u00fck!), S\u00fcsimust \u0432 Odav Print \u260e +372 5911 9495 \u2714\ufe0f \u041b\u0443\u0447\u0448\u0430\u044f \u0446\u0435\u043d\u0430 \u043d\u0430 PolyTerra PLA asendub Polymaker Panchroma seeriaga (L\u00f5pum\u00fc\u00fck!), S\u00fcsimust \u26df \u0411\u044b\u0441\u0442\u0440\u0430\u044f \u0434\u043e\u0441\u0442\u0430\u0432\u043a\u0430 \u043f\u043e \u042d\u0441\u0442\u043e\u043d\u0438\u0438 \u2b50 \u0413\u0430\u0440\u0430\u043d\u0442\u0438\u044f","og_url":"https:\/\/odavprint.ee\/ru\/product\/polyterra-pla-asendub-polymaker-panchroma-seeriaga-lopumuuk-susimust\/","og_site_name":"Odav Print","article_modified_time":"2026-05-04T07:54:02+00:00","twitter_card":"summary_large_image","twitter_misc":{"\u0426\u0435\u043d\u0430":"&euro;18.44","\u0414\u043e\u0441\u0442\u0443\u043f\u043d\u043e\u0441\u0442\u044c":"\u0412 \u043d\u0430\u043b\u0438\u0447\u0438\u0438"},"schema":{"@context":"https:\/\/schema.org","@graph":[{"@type":["WebPage","ItemPage"],"@id":"https:\/\/odavprint.ee\/ru\/product\/polyterra-pla-asendub-polymaker-panchroma-seeriaga-lopumuuk-susimust\/","url":"https:\/\/odavprint.ee\/ru\/product\/polyterra-pla-asendub-polymaker-panchroma-seeriaga-lopumuuk-susimust\/","name":"PolyTerra PLA asendub Polymaker Panchroma seeriaga (L\u00f5pum\u00fc\u00fck!), S\u00fcsimust, \u043b\u0443\u0447\u0448\u0430\u044f \u0446\u0435\u043d\u0430, \u043a\u0443\u043f\u0438\u0442\u044c \u0432 \u0438\u043d\u0442\u0435\u0440\u043d\u0435\u0442-\u043c\u0430\u0433\u0430\u0437\u0438\u043d\u0435 - Odav Print","isPartOf":{"@id":"https:\/\/odavprint.ee\/ru\/#website"},"primaryImageOfPage":{"@id":"https:\/\/odavprint.ee\/ru\/product\/polyterra-pla-asendub-polymaker-panchroma-seeriaga-lopumuuk-susimust\/#primaryimage"},"image":{"@id":"https:\/\/odavprint.ee\/ru\/product\/polyterra-pla-asendub-polymaker-panchroma-seeriaga-lopumuuk-susimust\/#primaryimage"},"thumbnailUrl":"https:\/\/odavprint.ee\/wp-content\/uploads\/2026\/05\/PolyTerra-PLA-susimust-175-1.png","datePublished":"2026-05-04T07:54:01+00:00","dateModified":"2026-05-04T07:54:02+00:00","description":"\u041a\u0443\u043f\u0438\u0442\u044c PolyTerra PLA asendub Polymaker Panchroma seeriaga (L\u00f5pum\u00fc\u00fck!), S\u00fcsimust \u0432 Odav Print \u260e +372 5911 9495 \u2714\ufe0f \u041b\u0443\u0447\u0448\u0430\u044f \u0446\u0435\u043d\u0430 \u043d\u0430 PolyTerra PLA asendub Polymaker Panchroma seeriaga (L\u00f5pum\u00fc\u00fck!), S\u00fcsimust \u26df \u0411\u044b\u0441\u0442\u0440\u0430\u044f \u0434\u043e\u0441\u0442\u0430\u0432\u043a\u0430 \u043f\u043e \u042d\u0441\u0442\u043e\u043d\u0438\u0438 \u2b50 \u0413\u0430\u0440\u0430\u043d\u0442\u0438\u044f","breadcrumb":{"@id":"https:\/\/odavprint.ee\/ru\/product\/polyterra-pla-asendub-polymaker-panchroma-seeriaga-lopumuuk-susimust\/#breadcrumb"},"inLanguage":"ru-RU","potentialAction":[{"@type":"ReadAction","target":["https:\/\/odavprint.ee\/ru\/product\/polyterra-pla-asendub-polymaker-panchroma-seeriaga-lopumuuk-susimust\/"]}]},{"@type":"ImageObject","inLanguage":"ru-RU","@id":"https:\/\/odavprint.ee\/ru\/product\/polyterra-pla-asendub-polymaker-panchroma-seeriaga-lopumuuk-susimust\/#primaryimage","url":"https:\/\/odavprint.ee\/wp-content\/uploads\/2026\/05\/PolyTerra-PLA-susimust-175-1.png","contentUrl":"https:\/\/odavprint.ee\/wp-content\/uploads\/2026\/05\/PolyTerra-PLA-susimust-175-1.png","width":300,"height":300},{"@type":"BreadcrumbList","@id":"https:\/\/odavprint.ee\/ru\/product\/polyterra-pla-asendub-polymaker-panchroma-seeriaga-lopumuuk-susimust\/#breadcrumb","itemListElement":[{"@type":"ListItem","position":1,"name":"Home","item":"https:\/\/odavprint.ee\/ru\/%d0%b3%d0%bb%d0%b0%d0%b2%d0%bd%d0%b0%d1%8f\/"},{"@type":"ListItem","position":2,"name":"\u041c\u0430\u0433\u0430\u0437\u0438\u043d","item":"https:\/\/odavprint.ee\/ru\/shop\/"},{"@type":"ListItem","position":3,"name":"PolyTerra PLA asendub Polymaker Panchroma seeriaga (L\u00f5pum\u00fc\u00fck!), S\u00fcsimust"}]},{"@type":"WebSite","@id":"https:\/\/odavprint.ee\/ru\/#website","url":"https:\/\/odavprint.ee\/ru\/","name":"Odav Print","description":"Just another WordPress site","publisher":{"@id":"https:\/\/odavprint.ee\/ru\/#organization"},"alternateName":"Kassettide, toonerite t\u00e4itmine ja m\u00fc\u00fck.","potentialAction":[{"@type":"SearchAction","target":{"@type":"EntryPoint","urlTemplate":"https:\/\/odavprint.ee\/ru\/?s={search_term_string}"},"query-input":"required name=search_term_string"}],"inLanguage":"ru-RU"},{"@type":["Organization","Place"],"@id":"https:\/\/odavprint.ee\/ru\/#organization","name":"Odav Print O\u00dc","url":"https:\/\/odavprint.ee\/ru\/","logo":{"@id":"https:\/\/odavprint.ee\/ru\/product\/polyterra-pla-asendub-polymaker-panchroma-seeriaga-lopumuuk-susimust\/#local-main-organization-logo"},"image":{"@id":"https:\/\/odavprint.ee\/ru\/product\/polyterra-pla-asendub-polymaker-panchroma-seeriaga-lopumuuk-susimust\/#local-main-organization-logo"},"address":{"@id":"https:\/\/odavprint.ee\/ru\/product\/polyterra-pla-asendub-polymaker-panchroma-seeriaga-lopumuuk-susimust\/#local-main-place-address"},"geo":{"@type":"GeoCoordinates","latitude":"59.4306504","longitude":"24.8095743"},"telephone":["53836926"],"openingHoursSpecification":[{"@type":"OpeningHoursSpecification","dayOfWeek":["Monday","Tuesday","Wednesday","Thursday","Friday","Saturday","Sunday"],"opens":"09:00","closes":"17:00"}],"email":"info@odavprint.eu"},{"@type":"PostalAddress","@id":"https:\/\/odavprint.ee\/ru\/product\/polyterra-pla-asendub-polymaker-panchroma-seeriaga-lopumuuk-susimust\/#local-main-place-address","streetAddress":"Pae tn 28","addressLocality":"Tallinn","postalCode":"11415","addressRegion":"Harjumaa","addressCountry":"EE"},{"@type":"ImageObject","inLanguage":"ru-RU","@id":"https:\/\/odavprint.ee\/ru\/product\/polyterra-pla-asendub-polymaker-panchroma-seeriaga-lopumuuk-susimust\/#local-main-organization-logo","url":"https:\/\/odavprint.ee\/wp-content\/uploads\/2018\/10\/odavprint-logo-240.jpg","contentUrl":"https:\/\/odavprint.ee\/wp-content\/uploads\/2018\/10\/odavprint-logo-240.jpg","width":240,"height":36,"caption":"Odav Print O\u00dc"}]},"product_price_amount":"18.44","product_price_currency":"EUR","og_availability":"instock","product_availability":"instock","product_condition":"new","geo.placename":"Tallinn","geo.position":{"lat":"59.4306504","long":"24.8095743"},"geo.region":"\u042d\u0441\u0442\u043e\u043d\u0438\u044f"},"_links":{"self":[{"href":"https:\/\/odavprint.ee\/ru\/wp-json\/wp\/v2\/product\/224432"}],"collection":[{"href":"https:\/\/odavprint.ee\/ru\/wp-json\/wp\/v2\/product"}],"about":[{"href":"https:\/\/odavprint.ee\/ru\/wp-json\/wp\/v2\/types\/product"}],"wp:featuredmedia":[{"embeddable":true,"href":"https:\/\/odavprint.ee\/ru\/wp-json\/wp\/v2\/media\/224433"}],"wp:attachment":[{"href":"https:\/\/odavprint.ee\/ru\/wp-json\/wp\/v2\/media?parent=224432"}],"wp:term":[{"taxonomy":"product_cat","embeddable":true,"href":"https:\/\/odavprint.ee\/ru\/wp-json\/wp\/v2\/product_cat?post=224432"},{"taxonomy":"product_tag","embeddable":true,"href":"https:\/\/odavprint.ee\/ru\/wp-json\/wp\/v2\/product_tag?post=224432"}],"curies":[{"name":"wp","href":"https:\/\/api.w.org\/{rel}","templated":true}]}}