{"id":34106,"date":"2020-08-07T15:42:08","date_gmt":"2020-08-07T12:42:08","guid":{"rendered":"https:\/\/odavprint.ee\/product\/canon-ink-cli-571xlc-cyan-0332c001\/"},"modified":"2024-11-27T09:15:45","modified_gmt":"2024-11-27T07:15:45","slug":"canon-ink-cli-571xlc-cyan-0332c001","status":"publish","type":"product","link":"https:\/\/odavprint.ee\/ru\/product\/canon-ink-cli-571xlc-cyan-0332c001\/","title":{"rendered":"Canon Ink CLI-571XLC Cyan (0332C001)"},"content":{"rendered":"<p><strong>Tinka spausdintuvams:<\/strong><\/p>\n<p>Canon PIXMA MG5700 Series<br \/>Canon PIXMA MG5750<br \/>Canon PIXMA MG5750 Series<br \/>Canon PIXMA MG5751<br \/>Canon PIXMA MG5752<br \/>Canon PIXMA MG5753<br \/>Canon PIXMA MG6800 Series<br \/>Canon PIXMA MG6850<br \/>Canon PIXMA MG6850 Series<br \/>Canon PIXMA MG6851<br \/>Canon PIXMA MG6852<br \/>Canon PIXMA MG6853<br \/>Canon PIXMA MG7700 Series<br \/>Canon PIXMA MG7750<br \/>Canon PIXMA MG7750 Series<br \/>Canon PIXMA MG7751<br \/>Canon PIXMA MG7752<br \/>Canon PIXMA MG7753<br \/>Canon PIXMA TS5000 Series<br \/>Canon PIXMA TS5050<br \/>Canon PIXMA TS5050 Series<br \/>Canon PIXMA TS5051<br \/>Canon PIXMA TS5052<br \/>Canon PIXMA TS5053<br \/>Canon PIXMA TS5055<br \/>Canon PIXMA TS6000 Series<br \/>Canon PIXMA TS6020 White<br \/>Canon PIXMA TS6040<br \/>Canon PIXMA TS6050<br \/>Canon PIXMA TS6050 Series<br \/>Canon PIXMA TS6051<br \/>Canon PIXMA TS6052<br \/>Canon PIXMA TS8000 Series<br \/>Canon PIXMA TS8020 Series<br \/>Canon PIXMA TS8040<br \/>Canon PIXMA TS8050<br \/>Canon PIXMA TS8050 Series<br \/>Canon PIXMA TS8051<br \/>Canon PIXMA TS8052<br \/>Canon PIXMA TS8053<br \/>Canon PIXMA TS9000 Series<br \/>Canon PIXMA TS9040<br \/>Canon PIXMA TS9050<br \/>Canon PIXMA TS9050 Series<br \/>Canon PIXMA TS9055<\/p>\n","protected":false},"excerpt":{"rendered":"<p>Tinka spausdintuvams: Canon PIXMA MG5700 SeriesCanon PIXMA MG5750Canon PIXMA MG5750 SeriesCanon PIXMA MG5751Canon PIXMA MG5752Canon PIXMA MG5753Canon PIXMA MG6800 SeriesCanon PIXMA MG6850Canon PIXMA MG6850 SeriesCanon PIXMA MG6851Canon PIXMA MG6852Canon PIXMA MG6853Canon PIXMA MG7700 SeriesCanon PIXMA MG7750Canon PIXMA MG7750 SeriesCanon PIXMA MG7751Canon PIXMA MG7752Canon PIXMA MG7753Canon PIXMA TS5000 SeriesCanon PIXMA TS5050Canon PIXMA TS5050 SeriesCanon PIXMA TS5051Canon [&#8230;]\n","protected":false},"featured_media":34107,"template":"","meta":{"inline_featured_image":false},"product_cat":[10770],"product_tag":[16128,16127,16126,16125,16124,16123,16122,16121,16120,16119,16118,16117,16116,16115,16114,16113,16112,16111,16110,16109,16108,16107,16106,16105,16104,16103,16102,16101,16100,16099,16098,16097,16096,16095,16094,16093,16092,16091,16090,16089,16088,16087,16086,16085,16084],"yoast_head":"<!-- This site is optimized with the Yoast SEO Premium plugin v23.0 (Yoast SEO v23.0) - https:\/\/yoast.com\/wordpress\/plugins\/seo\/ -->\n<title>Canon Ink CLI-571XLC Cyan (0332C001), \u043b\u0443\u0447\u0448\u0430\u044f \u0446\u0435\u043d\u0430, \u043a\u0443\u043f\u0438\u0442\u044c \u0432 \u0438\u043d\u0442\u0435\u0440\u043d\u0435\u0442-\u043c\u0430\u0433\u0430\u0437\u0438\u043d\u0435 - Odav Print<\/title>\n<meta name=\"description\" content=\"\u041a\u0443\u043f\u0438\u0442\u044c Canon Ink CLI-571XLC Cyan (0332C001) \u0432 Odav Print \u260e +372 5911 9495 \u2714\ufe0f \u041b\u0443\u0447\u0448\u0430\u044f \u0446\u0435\u043d\u0430 \u043d\u0430 Canon Ink CLI-571XLC Cyan (0332C001) \u26df \u0411\u044b\u0441\u0442\u0440\u0430\u044f \u0434\u043e\u0441\u0442\u0430\u0432\u043a\u0430 \u043f\u043e \u042d\u0441\u0442\u043e\u043d\u0438\u0438 \u2b50 \u0413\u0430\u0440\u0430\u043d\u0442\u0438\u044f\" \/>\n<meta name=\"robots\" content=\"index, follow, max-snippet:-1, max-image-preview:large, max-video-preview:-1\" \/>\n<link rel=\"canonical\" href=\"https:\/\/odavprint.ee\/ru\/product\/canon-ink-cli-571xlc-cyan-0332c001\/\" \/>\n<meta property=\"og:locale\" content=\"ru_RU\" \/>\n<meta property=\"og:type\" content=\"article\" \/>\n<meta property=\"og:title\" content=\"Canon Ink CLI-571XLC Cyan (0332C001)\" \/>\n<meta property=\"og:description\" content=\"\u041a\u0443\u043f\u0438\u0442\u044c Canon Ink CLI-571XLC Cyan (0332C001) \u0432 Odav Print \u260e +372 5911 9495 \u2714\ufe0f \u041b\u0443\u0447\u0448\u0430\u044f \u0446\u0435\u043d\u0430 \u043d\u0430 Canon Ink CLI-571XLC Cyan (0332C001) \u26df \u0411\u044b\u0441\u0442\u0440\u0430\u044f \u0434\u043e\u0441\u0442\u0430\u0432\u043a\u0430 \u043f\u043e \u042d\u0441\u0442\u043e\u043d\u0438\u0438 \u2b50 \u0413\u0430\u0440\u0430\u043d\u0442\u0438\u044f\" \/>\n<meta property=\"og:url\" content=\"https:\/\/odavprint.ee\/ru\/product\/canon-ink-cli-571xlc-cyan-0332c001\/\" \/>\n<meta property=\"og:site_name\" content=\"Odav Print\" \/>\n<meta property=\"article:modified_time\" content=\"2024-11-27T07:15:45+00:00\" \/>\n<meta property=\"og:image\" content=\"https:\/\/odavprint.ee\/wp-content\/uploads\/2020\/08\/0332c001.jpg\" \/>\n\t<meta property=\"og:image:width\" content=\"400\" \/>\n\t<meta property=\"og:image:height\" content=\"300\" \/>\n\t<meta property=\"og:image:type\" content=\"image\/jpeg\" \/>\n<meta name=\"twitter:card\" content=\"summary_large_image\" \/>\n<meta name=\"twitter:label1\" content=\"\u0426\u0435\u043d\u0430\" \/>\n\t<meta name=\"twitter:data1\" content=\"&euro;22.80\" \/>\n\t<meta name=\"twitter:label2\" content=\"\u0414\u043e\u0441\u0442\u0443\u043f\u043d\u043e\u0441\u0442\u044c\" \/>\n\t<meta name=\"twitter:data2\" content=\"\u0412 \u043d\u0430\u043b\u0438\u0447\u0438\u0438\" \/>\n<script type=\"application\/ld+json\" class=\"yoast-schema-graph\">{\"@context\":\"https:\/\/schema.org\",\"@graph\":[{\"@type\":[\"WebPage\",\"ItemPage\"],\"@id\":\"https:\/\/odavprint.ee\/ru\/product\/canon-ink-cli-571xlc-cyan-0332c001\/\",\"url\":\"https:\/\/odavprint.ee\/ru\/product\/canon-ink-cli-571xlc-cyan-0332c001\/\",\"name\":\"Canon Ink CLI-571XLC Cyan (0332C001), \u043b\u0443\u0447\u0448\u0430\u044f \u0446\u0435\u043d\u0430, \u043a\u0443\u043f\u0438\u0442\u044c \u0432 \u0438\u043d\u0442\u0435\u0440\u043d\u0435\u0442-\u043c\u0430\u0433\u0430\u0437\u0438\u043d\u0435 - Odav Print\",\"isPartOf\":{\"@id\":\"https:\/\/odavprint.ee\/ru\/#website\"},\"primaryImageOfPage\":{\"@id\":\"https:\/\/odavprint.ee\/ru\/product\/canon-ink-cli-571xlc-cyan-0332c001\/#primaryimage\"},\"image\":{\"@id\":\"https:\/\/odavprint.ee\/ru\/product\/canon-ink-cli-571xlc-cyan-0332c001\/#primaryimage\"},\"thumbnailUrl\":\"https:\/\/odavprint.ee\/wp-content\/uploads\/2020\/08\/0332c001.jpg\",\"datePublished\":\"2020-08-07T12:42:08+00:00\",\"dateModified\":\"2024-11-27T07:15:45+00:00\",\"description\":\"\u041a\u0443\u043f\u0438\u0442\u044c Canon Ink CLI-571XLC Cyan (0332C001) \u0432 Odav Print \u260e +372 5911 9495 \u2714\ufe0f \u041b\u0443\u0447\u0448\u0430\u044f \u0446\u0435\u043d\u0430 \u043d\u0430 Canon Ink CLI-571XLC Cyan (0332C001) \u26df \u0411\u044b\u0441\u0442\u0440\u0430\u044f \u0434\u043e\u0441\u0442\u0430\u0432\u043a\u0430 \u043f\u043e \u042d\u0441\u0442\u043e\u043d\u0438\u0438 \u2b50 \u0413\u0430\u0440\u0430\u043d\u0442\u0438\u044f\",\"breadcrumb\":{\"@id\":\"https:\/\/odavprint.ee\/ru\/product\/canon-ink-cli-571xlc-cyan-0332c001\/#breadcrumb\"},\"inLanguage\":\"ru-RU\",\"potentialAction\":[{\"@type\":\"ReadAction\",\"target\":[\"https:\/\/odavprint.ee\/ru\/product\/canon-ink-cli-571xlc-cyan-0332c001\/\"]}]},{\"@type\":\"ImageObject\",\"inLanguage\":\"ru-RU\",\"@id\":\"https:\/\/odavprint.ee\/ru\/product\/canon-ink-cli-571xlc-cyan-0332c001\/#primaryimage\",\"url\":\"https:\/\/odavprint.ee\/wp-content\/uploads\/2020\/08\/0332c001.jpg\",\"contentUrl\":\"https:\/\/odavprint.ee\/wp-content\/uploads\/2020\/08\/0332c001.jpg\",\"width\":400,\"height\":300},{\"@type\":\"BreadcrumbList\",\"@id\":\"https:\/\/odavprint.ee\/ru\/product\/canon-ink-cli-571xlc-cyan-0332c001\/#breadcrumb\",\"itemListElement\":[{\"@type\":\"ListItem\",\"position\":1,\"name\":\"Home\",\"item\":\"https:\/\/odavprint.ee\/ru\/%d0%b3%d0%bb%d0%b0%d0%b2%d0%bd%d0%b0%d1%8f\/\"},{\"@type\":\"ListItem\",\"position\":2,\"name\":\"\u041c\u0430\u0433\u0430\u0437\u0438\u043d\",\"item\":\"https:\/\/odavprint.ee\/ru\/shop\/\"},{\"@type\":\"ListItem\",\"position\":3,\"name\":\"Canon Ink CLI-571XLC Cyan (0332C001)\"}]},{\"@type\":\"WebSite\",\"@id\":\"https:\/\/odavprint.ee\/ru\/#website\",\"url\":\"https:\/\/odavprint.ee\/ru\/\",\"name\":\"Odav Print\",\"description\":\"Just another WordPress site\",\"publisher\":{\"@id\":\"https:\/\/odavprint.ee\/ru\/#organization\"},\"alternateName\":\"Kassettide, toonerite t\u00e4itmine ja m\u00fc\u00fck.\",\"potentialAction\":[{\"@type\":\"SearchAction\",\"target\":{\"@type\":\"EntryPoint\",\"urlTemplate\":\"https:\/\/odavprint.ee\/ru\/?s={search_term_string}\"},\"query-input\":\"required name=search_term_string\"}],\"inLanguage\":\"ru-RU\"},{\"@type\":[\"Organization\",\"Place\"],\"@id\":\"https:\/\/odavprint.ee\/ru\/#organization\",\"name\":\"Odav Print O\u00dc\",\"url\":\"https:\/\/odavprint.ee\/ru\/\",\"logo\":{\"@id\":\"https:\/\/odavprint.ee\/ru\/product\/canon-ink-cli-571xlc-cyan-0332c001\/#local-main-organization-logo\"},\"image\":{\"@id\":\"https:\/\/odavprint.ee\/ru\/product\/canon-ink-cli-571xlc-cyan-0332c001\/#local-main-organization-logo\"},\"address\":{\"@id\":\"https:\/\/odavprint.ee\/ru\/product\/canon-ink-cli-571xlc-cyan-0332c001\/#local-main-place-address\"},\"geo\":{\"@type\":\"GeoCoordinates\",\"latitude\":\"59.4306504\",\"longitude\":\"24.8095743\"},\"telephone\":[\"53836926\"],\"openingHoursSpecification\":[{\"@type\":\"OpeningHoursSpecification\",\"dayOfWeek\":[\"Monday\",\"Tuesday\",\"Wednesday\",\"Thursday\",\"Friday\",\"Saturday\",\"Sunday\"],\"opens\":\"09:00\",\"closes\":\"17:00\"}],\"email\":\"info@odavprint.eu\"},{\"@type\":\"PostalAddress\",\"@id\":\"https:\/\/odavprint.ee\/ru\/product\/canon-ink-cli-571xlc-cyan-0332c001\/#local-main-place-address\",\"streetAddress\":\"Pae tn 28\",\"addressLocality\":\"Tallinn\",\"postalCode\":\"11415\",\"addressRegion\":\"Harjumaa\",\"addressCountry\":\"EE\"},{\"@type\":\"ImageObject\",\"inLanguage\":\"ru-RU\",\"@id\":\"https:\/\/odavprint.ee\/ru\/product\/canon-ink-cli-571xlc-cyan-0332c001\/#local-main-organization-logo\",\"url\":\"https:\/\/odavprint.ee\/wp-content\/uploads\/2018\/10\/odavprint-logo-240.jpg\",\"contentUrl\":\"https:\/\/odavprint.ee\/wp-content\/uploads\/2018\/10\/odavprint-logo-240.jpg\",\"width\":240,\"height\":36,\"caption\":\"Odav Print O\u00dc\"}]}<\/script>\n<meta property=\"product:price:amount\" content=\"22.80\" \/>\n<meta property=\"product:price:currency\" content=\"EUR\" \/>\n<meta property=\"og:availability\" content=\"instock\" \/>\n<meta property=\"product:availability\" content=\"instock\" \/>\n<meta property=\"product:retailer_item_id\" content=\"0332C001\" \/>\n<meta property=\"product:condition\" content=\"new\" \/>\n<meta name=\"geo.placename\" content=\"Tallinn\" \/>\n<meta name=\"geo.position\" content=\"59.4306504;24.8095743\" \/>\n<meta name=\"geo.region\" content=\"\u042d\u0441\u0442\u043e\u043d\u0438\u044f\" \/>\n<!-- \/ Yoast SEO Premium plugin. -->","yoast_head_json":{"title":"Canon Ink CLI-571XLC Cyan (0332C001), \u043b\u0443\u0447\u0448\u0430\u044f \u0446\u0435\u043d\u0430, \u043a\u0443\u043f\u0438\u0442\u044c \u0432 \u0438\u043d\u0442\u0435\u0440\u043d\u0435\u0442-\u043c\u0430\u0433\u0430\u0437\u0438\u043d\u0435 - Odav Print","description":"\u041a\u0443\u043f\u0438\u0442\u044c Canon Ink CLI-571XLC Cyan (0332C001) \u0432 Odav Print \u260e +372 5911 9495 \u2714\ufe0f \u041b\u0443\u0447\u0448\u0430\u044f \u0446\u0435\u043d\u0430 \u043d\u0430 Canon Ink CLI-571XLC Cyan (0332C001) \u26df \u0411\u044b\u0441\u0442\u0440\u0430\u044f \u0434\u043e\u0441\u0442\u0430\u0432\u043a\u0430 \u043f\u043e \u042d\u0441\u0442\u043e\u043d\u0438\u0438 \u2b50 \u0413\u0430\u0440\u0430\u043d\u0442\u0438\u044f","robots":{"index":"index","follow":"follow","max-snippet":"max-snippet:-1","max-image-preview":"max-image-preview:large","max-video-preview":"max-video-preview:-1"},"canonical":"https:\/\/odavprint.ee\/ru\/product\/canon-ink-cli-571xlc-cyan-0332c001\/","og_locale":"ru_RU","og_type":"article","og_title":"Canon Ink CLI-571XLC Cyan (0332C001)","og_description":"\u041a\u0443\u043f\u0438\u0442\u044c Canon Ink CLI-571XLC Cyan (0332C001) \u0432 Odav Print \u260e +372 5911 9495 \u2714\ufe0f \u041b\u0443\u0447\u0448\u0430\u044f \u0446\u0435\u043d\u0430 \u043d\u0430 Canon Ink CLI-571XLC Cyan (0332C001) \u26df \u0411\u044b\u0441\u0442\u0440\u0430\u044f \u0434\u043e\u0441\u0442\u0430\u0432\u043a\u0430 \u043f\u043e \u042d\u0441\u0442\u043e\u043d\u0438\u0438 \u2b50 \u0413\u0430\u0440\u0430\u043d\u0442\u0438\u044f","og_url":"https:\/\/odavprint.ee\/ru\/product\/canon-ink-cli-571xlc-cyan-0332c001\/","og_site_name":"Odav Print","article_modified_time":"2024-11-27T07:15:45+00:00","og_image":[{"width":400,"height":300,"url":"https:\/\/odavprint.ee\/wp-content\/uploads\/2020\/08\/0332c001.jpg","type":"image\/jpeg"}],"twitter_card":"summary_large_image","twitter_misc":{"\u0426\u0435\u043d\u0430":"&euro;22.80","\u0414\u043e\u0441\u0442\u0443\u043f\u043d\u043e\u0441\u0442\u044c":"\u0412 \u043d\u0430\u043b\u0438\u0447\u0438\u0438"},"schema":{"@context":"https:\/\/schema.org","@graph":[{"@type":["WebPage","ItemPage"],"@id":"https:\/\/odavprint.ee\/ru\/product\/canon-ink-cli-571xlc-cyan-0332c001\/","url":"https:\/\/odavprint.ee\/ru\/product\/canon-ink-cli-571xlc-cyan-0332c001\/","name":"Canon Ink CLI-571XLC Cyan (0332C001), \u043b\u0443\u0447\u0448\u0430\u044f \u0446\u0435\u043d\u0430, \u043a\u0443\u043f\u0438\u0442\u044c \u0432 \u0438\u043d\u0442\u0435\u0440\u043d\u0435\u0442-\u043c\u0430\u0433\u0430\u0437\u0438\u043d\u0435 - Odav Print","isPartOf":{"@id":"https:\/\/odavprint.ee\/ru\/#website"},"primaryImageOfPage":{"@id":"https:\/\/odavprint.ee\/ru\/product\/canon-ink-cli-571xlc-cyan-0332c001\/#primaryimage"},"image":{"@id":"https:\/\/odavprint.ee\/ru\/product\/canon-ink-cli-571xlc-cyan-0332c001\/#primaryimage"},"thumbnailUrl":"https:\/\/odavprint.ee\/wp-content\/uploads\/2020\/08\/0332c001.jpg","datePublished":"2020-08-07T12:42:08+00:00","dateModified":"2024-11-27T07:15:45+00:00","description":"\u041a\u0443\u043f\u0438\u0442\u044c Canon Ink CLI-571XLC Cyan (0332C001) \u0432 Odav Print \u260e +372 5911 9495 \u2714\ufe0f \u041b\u0443\u0447\u0448\u0430\u044f \u0446\u0435\u043d\u0430 \u043d\u0430 Canon Ink CLI-571XLC Cyan (0332C001) \u26df \u0411\u044b\u0441\u0442\u0440\u0430\u044f \u0434\u043e\u0441\u0442\u0430\u0432\u043a\u0430 \u043f\u043e \u042d\u0441\u0442\u043e\u043d\u0438\u0438 \u2b50 \u0413\u0430\u0440\u0430\u043d\u0442\u0438\u044f","breadcrumb":{"@id":"https:\/\/odavprint.ee\/ru\/product\/canon-ink-cli-571xlc-cyan-0332c001\/#breadcrumb"},"inLanguage":"ru-RU","potentialAction":[{"@type":"ReadAction","target":["https:\/\/odavprint.ee\/ru\/product\/canon-ink-cli-571xlc-cyan-0332c001\/"]}]},{"@type":"ImageObject","inLanguage":"ru-RU","@id":"https:\/\/odavprint.ee\/ru\/product\/canon-ink-cli-571xlc-cyan-0332c001\/#primaryimage","url":"https:\/\/odavprint.ee\/wp-content\/uploads\/2020\/08\/0332c001.jpg","contentUrl":"https:\/\/odavprint.ee\/wp-content\/uploads\/2020\/08\/0332c001.jpg","width":400,"height":300},{"@type":"BreadcrumbList","@id":"https:\/\/odavprint.ee\/ru\/product\/canon-ink-cli-571xlc-cyan-0332c001\/#breadcrumb","itemListElement":[{"@type":"ListItem","position":1,"name":"Home","item":"https:\/\/odavprint.ee\/ru\/%d0%b3%d0%bb%d0%b0%d0%b2%d0%bd%d0%b0%d1%8f\/"},{"@type":"ListItem","position":2,"name":"\u041c\u0430\u0433\u0430\u0437\u0438\u043d","item":"https:\/\/odavprint.ee\/ru\/shop\/"},{"@type":"ListItem","position":3,"name":"Canon Ink CLI-571XLC Cyan (0332C001)"}]},{"@type":"WebSite","@id":"https:\/\/odavprint.ee\/ru\/#website","url":"https:\/\/odavprint.ee\/ru\/","name":"Odav Print","description":"Just another WordPress site","publisher":{"@id":"https:\/\/odavprint.ee\/ru\/#organization"},"alternateName":"Kassettide, toonerite t\u00e4itmine ja m\u00fc\u00fck.","potentialAction":[{"@type":"SearchAction","target":{"@type":"EntryPoint","urlTemplate":"https:\/\/odavprint.ee\/ru\/?s={search_term_string}"},"query-input":"required name=search_term_string"}],"inLanguage":"ru-RU"},{"@type":["Organization","Place"],"@id":"https:\/\/odavprint.ee\/ru\/#organization","name":"Odav Print O\u00dc","url":"https:\/\/odavprint.ee\/ru\/","logo":{"@id":"https:\/\/odavprint.ee\/ru\/product\/canon-ink-cli-571xlc-cyan-0332c001\/#local-main-organization-logo"},"image":{"@id":"https:\/\/odavprint.ee\/ru\/product\/canon-ink-cli-571xlc-cyan-0332c001\/#local-main-organization-logo"},"address":{"@id":"https:\/\/odavprint.ee\/ru\/product\/canon-ink-cli-571xlc-cyan-0332c001\/#local-main-place-address"},"geo":{"@type":"GeoCoordinates","latitude":"59.4306504","longitude":"24.8095743"},"telephone":["53836926"],"openingHoursSpecification":[{"@type":"OpeningHoursSpecification","dayOfWeek":["Monday","Tuesday","Wednesday","Thursday","Friday","Saturday","Sunday"],"opens":"09:00","closes":"17:00"}],"email":"info@odavprint.eu"},{"@type":"PostalAddress","@id":"https:\/\/odavprint.ee\/ru\/product\/canon-ink-cli-571xlc-cyan-0332c001\/#local-main-place-address","streetAddress":"Pae tn 28","addressLocality":"Tallinn","postalCode":"11415","addressRegion":"Harjumaa","addressCountry":"EE"},{"@type":"ImageObject","inLanguage":"ru-RU","@id":"https:\/\/odavprint.ee\/ru\/product\/canon-ink-cli-571xlc-cyan-0332c001\/#local-main-organization-logo","url":"https:\/\/odavprint.ee\/wp-content\/uploads\/2018\/10\/odavprint-logo-240.jpg","contentUrl":"https:\/\/odavprint.ee\/wp-content\/uploads\/2018\/10\/odavprint-logo-240.jpg","width":240,"height":36,"caption":"Odav Print O\u00dc"}]},"product_price_amount":"22.80","product_price_currency":"EUR","og_availability":"instock","product_availability":"instock","product_retailer_item_id":"0332C001","product_condition":"new","geo.placename":"Tallinn","geo.position":{"lat":"59.4306504","long":"24.8095743"},"geo.region":"\u042d\u0441\u0442\u043e\u043d\u0438\u044f"},"_links":{"self":[{"href":"https:\/\/odavprint.ee\/ru\/wp-json\/wp\/v2\/product\/34106"}],"collection":[{"href":"https:\/\/odavprint.ee\/ru\/wp-json\/wp\/v2\/product"}],"about":[{"href":"https:\/\/odavprint.ee\/ru\/wp-json\/wp\/v2\/types\/product"}],"wp:featuredmedia":[{"embeddable":true,"href":"https:\/\/odavprint.ee\/ru\/wp-json\/wp\/v2\/media\/34107"}],"wp:attachment":[{"href":"https:\/\/odavprint.ee\/ru\/wp-json\/wp\/v2\/media?parent=34106"}],"wp:term":[{"taxonomy":"product_cat","embeddable":true,"href":"https:\/\/odavprint.ee\/ru\/wp-json\/wp\/v2\/product_cat?post=34106"},{"taxonomy":"product_tag","embeddable":true,"href":"https:\/\/odavprint.ee\/ru\/wp-json\/wp\/v2\/product_tag?post=34106"}],"curies":[{"name":"wp","href":"https:\/\/api.w.org\/{rel}","templated":true}]}}