{"id":35869,"date":"2020-09-23T15:27:55","date_gmt":"2020-09-23T12:27:55","guid":{"rendered":"https:\/\/odavprint.ee\/product\/Analoog-hyb-canon-c-exv-11-9629a002-Black-kasete\/"},"modified":"2020-09-23T15:27:55","modified_gmt":"2020-09-23T12:27:55","slug":"Analoog-hyb-canon-c-exv-11-9629a002-Black-kasete","status":"publish","type":"product","link":"https:\/\/odavprint.ee\/ru\/product\/Analoog-hyb-canon-c-exv-11-9629a002-Black-kasete\/","title":{"rendered":"Analoog HYB Canon C-EXV 11 (9629A002), Black kaset\u0117"},"content":{"rendered":"<p><strong>Tinka spausdintuvams:<\/strong><\/p>\n<p>Canon imageRUNNER iR2230<br \/>Canon imageRUNNER iR2270<br \/>Canon imageRUNNER iR2270i<br \/>Canon imageRUNNER iR2830<br \/>Canon imageRUNNER iR2870<br \/>Canon imageRUNNER iR2870 Series<br \/>Canon imageRUNNER iR2870f<br \/>Canon imageRUNNER iR2870i<br \/>Canon imageRUNNER iR2870Ne<br \/>Canon imageRUNNER iR3025<br \/>Canon imageRUNNER iR3025n<br \/>Canon imageRUNNER iR3030<br \/>Canon imageRUNNER iR3030N<br \/>Canon imageRUNNER iR3225<br \/>Canon imageRUNNER iR3225n<br \/>Canon imageRUNNER iR3230<br \/>Canon imageRUNNER iR3035<br \/>Canon imageRUNNER iR3035n<br \/>Canon imageRUNNER iR3045<br \/>Canon imageRUNNER iR3045n<br \/>Canon imageRUNNER iR3235<br \/>Canon imageRUNNER iR3235i<br \/>Canon imageRUNNER iR3235n<br \/>Canon imageRUNNER iR3235 Series<br \/>Canon imageRUNNER iR3245<br \/>Canon imageRUNNER iR3245i<br \/>Canon imageRUNNER iR3245n<br \/>Canon imageRUNNER iR3245 Series<br \/>Canon imageRUNNER iR3500 Series<br \/>Canon imageRUNNER iR3530<br \/>Canon imageRUNNER iR3570<br \/>Canon imageRUNNER iR4500 Series<br \/>Canon imageRUNNER iR4570<br \/>Canon imageRUNNER iR4570f<br \/>Canon imageRUNNER iR4570Ne<br \/>Canon imageRUNNER iR4570 Series<br \/>Canon imageRUNNER iR3235Series<br \/>Canon imageRUNNER iR3245Series<br \/>Canon imageRUNNER iR3500Series<br \/>Canon imageRUNNER iR4570e<br \/>Canon imageRUNNER iR4570Series<\/p>\n","protected":false},"excerpt":{"rendered":"<p>Tinka spausdintuvams: Canon imageRUNNER iR2230Canon imageRUNNER iR2270Canon imageRUNNER iR2270iCanon imageRUNNER iR2830Canon imageRUNNER iR2870Canon imageRUNNER iR2870 SeriesCanon imageRUNNER iR2870fCanon imageRUNNER iR2870iCanon imageRUNNER iR2870NeCanon imageRUNNER iR3025Canon imageRUNNER iR3025nCanon imageRUNNER iR3030Canon imageRUNNER iR3030NCanon imageRUNNER iR3225Canon imageRUNNER iR3225nCanon imageRUNNER iR3230Canon imageRUNNER iR3035Canon imageRUNNER iR3035nCanon imageRUNNER iR3045Canon imageRUNNER iR3045nCanon imageRUNNER iR3235Canon imageRUNNER iR3235iCanon imageRUNNER iR3235nCanon imageRUNNER iR3235 SeriesCanon imageRUNNER iR3245Canon [&#8230;]\n","protected":false},"featured_media":35870,"template":"","meta":{"inline_featured_image":false},"product_cat":[12832],"product_tag":[16990,16989,16988,16987,16986,16991,16992,16993,16985,16994,16995,16996,16997,16998,16999,17000,17001,17002,17003,17004,17005,17021,17007,17008,17006,17009,17022,17011,17012,17010,17023,17013,17014,17015,17024,17016,17025,17019,17020,17017,17018],"yoast_head":"<!-- This site is optimized with the Yoast SEO Premium plugin v23.0 (Yoast SEO v23.0) - https:\/\/yoast.com\/wordpress\/plugins\/seo\/ -->\n<title>Analoog HYB Canon C-EXV 11 (9629A002), Black kaset\u0117, \u043b\u0443\u0447\u0448\u0430\u044f \u0446\u0435\u043d\u0430, \u043a\u0443\u043f\u0438\u0442\u044c \u0432 \u0438\u043d\u0442\u0435\u0440\u043d\u0435\u0442-\u043c\u0430\u0433\u0430\u0437\u0438\u043d\u0435 - Odav Print<\/title>\n<meta name=\"description\" content=\"\u041a\u0443\u043f\u0438\u0442\u044c Analoog HYB Canon C-EXV 11 (9629A002), Black kaset\u0117 \u0432 Odav Print \u260e +372 5911 9495 \u2714\ufe0f \u041b\u0443\u0447\u0448\u0430\u044f \u0446\u0435\u043d\u0430 \u043d\u0430 Analoog HYB Canon C-EXV 11 (9629A002), Black kaset\u0117 \u26df \u0411\u044b\u0441\u0442\u0440\u0430\u044f \u0434\u043e\u0441\u0442\u0430\u0432\u043a\u0430 \u043f\u043e \u042d\u0441\u0442\u043e\u043d\u0438\u0438 \u2b50 \u0413\u0430\u0440\u0430\u043d\u0442\u0438\u044f\" \/>\n<meta name=\"robots\" content=\"index, follow, max-snippet:-1, max-image-preview:large, max-video-preview:-1\" \/>\n<link rel=\"canonical\" href=\"https:\/\/odavprint.ee\/ru\/product\/Analoog-hyb-canon-c-exv-11-9629a002-Black-kasete\/\" \/>\n<meta property=\"og:locale\" content=\"ru_RU\" \/>\n<meta property=\"og:type\" content=\"article\" \/>\n<meta property=\"og:title\" content=\"Analoog HYB Canon C-EXV 11 (9629A002), Black kaset\u0117\" \/>\n<meta property=\"og:description\" content=\"\u041a\u0443\u043f\u0438\u0442\u044c Analoog HYB Canon C-EXV 11 (9629A002), Black kaset\u0117 \u0432 Odav Print \u260e +372 5911 9495 \u2714\ufe0f \u041b\u0443\u0447\u0448\u0430\u044f \u0446\u0435\u043d\u0430 \u043d\u0430 Analoog HYB Canon C-EXV 11 (9629A002), Black kaset\u0117 \u26df \u0411\u044b\u0441\u0442\u0440\u0430\u044f \u0434\u043e\u0441\u0442\u0430\u0432\u043a\u0430 \u043f\u043e \u042d\u0441\u0442\u043e\u043d\u0438\u0438 \u2b50 \u0413\u0430\u0440\u0430\u043d\u0442\u0438\u044f\" \/>\n<meta property=\"og:url\" content=\"https:\/\/odavprint.ee\/ru\/product\/Analoog-hyb-canon-c-exv-11-9629a002-Black-kasete\/\" \/>\n<meta property=\"og:site_name\" content=\"Odav Print\" \/>\n<meta property=\"og:image\" content=\"https:\/\/odavprint.ee\/wp-content\/uploads\/2020\/09\/hyb.png\" \/>\n\t<meta property=\"og:image:width\" content=\"200\" \/>\n\t<meta property=\"og:image:height\" content=\"200\" \/>\n\t<meta property=\"og:image:type\" content=\"image\/png\" \/>\n<meta name=\"twitter:card\" content=\"summary_large_image\" \/>\n<meta name=\"twitter:label1\" content=\"\u0426\u0435\u043d\u0430\" \/>\n\t<meta name=\"twitter:data1\" content=\"&euro;22.50\" \/>\n\t<meta name=\"twitter:label2\" content=\"\u0414\u043e\u0441\u0442\u0443\u043f\u043d\u043e\u0441\u0442\u044c\" \/>\n\t<meta name=\"twitter:data2\" content=\"\u0412 \u043d\u0430\u043b\u0438\u0447\u0438\u0438\" \/>\n<script type=\"application\/ld+json\" class=\"yoast-schema-graph\">{\"@context\":\"https:\/\/schema.org\",\"@graph\":[{\"@type\":[\"WebPage\",\"ItemPage\"],\"@id\":\"https:\/\/odavprint.ee\/ru\/product\/Analoog-hyb-canon-c-exv-11-9629a002-Black-kasete\/\",\"url\":\"https:\/\/odavprint.ee\/ru\/product\/Analoog-hyb-canon-c-exv-11-9629a002-Black-kasete\/\",\"name\":\"Analoog HYB Canon C-EXV 11 (9629A002), Black kaset\u0117, \u043b\u0443\u0447\u0448\u0430\u044f \u0446\u0435\u043d\u0430, \u043a\u0443\u043f\u0438\u0442\u044c \u0432 \u0438\u043d\u0442\u0435\u0440\u043d\u0435\u0442-\u043c\u0430\u0433\u0430\u0437\u0438\u043d\u0435 - Odav Print\",\"isPartOf\":{\"@id\":\"https:\/\/odavprint.ee\/ru\/#website\"},\"primaryImageOfPage\":{\"@id\":\"https:\/\/odavprint.ee\/ru\/product\/Analoog-hyb-canon-c-exv-11-9629a002-Black-kasete\/#primaryimage\"},\"image\":{\"@id\":\"https:\/\/odavprint.ee\/ru\/product\/Analoog-hyb-canon-c-exv-11-9629a002-Black-kasete\/#primaryimage\"},\"thumbnailUrl\":\"https:\/\/odavprint.ee\/wp-content\/uploads\/2020\/09\/hyb.png\",\"datePublished\":\"2020-09-23T12:27:55+00:00\",\"dateModified\":\"2020-09-23T12:27:55+00:00\",\"description\":\"\u041a\u0443\u043f\u0438\u0442\u044c Analoog HYB Canon C-EXV 11 (9629A002), Black kaset\u0117 \u0432 Odav Print \u260e +372 5911 9495 \u2714\ufe0f \u041b\u0443\u0447\u0448\u0430\u044f \u0446\u0435\u043d\u0430 \u043d\u0430 Analoog HYB Canon C-EXV 11 (9629A002), Black kaset\u0117 \u26df \u0411\u044b\u0441\u0442\u0440\u0430\u044f \u0434\u043e\u0441\u0442\u0430\u0432\u043a\u0430 \u043f\u043e \u042d\u0441\u0442\u043e\u043d\u0438\u0438 \u2b50 \u0413\u0430\u0440\u0430\u043d\u0442\u0438\u044f\",\"breadcrumb\":{\"@id\":\"https:\/\/odavprint.ee\/ru\/product\/Analoog-hyb-canon-c-exv-11-9629a002-Black-kasete\/#breadcrumb\"},\"inLanguage\":\"ru-RU\",\"potentialAction\":[{\"@type\":\"ReadAction\",\"target\":[\"https:\/\/odavprint.ee\/ru\/product\/Analoog-hyb-canon-c-exv-11-9629a002-Black-kasete\/\"]}]},{\"@type\":\"ImageObject\",\"inLanguage\":\"ru-RU\",\"@id\":\"https:\/\/odavprint.ee\/ru\/product\/Analoog-hyb-canon-c-exv-11-9629a002-Black-kasete\/#primaryimage\",\"url\":\"https:\/\/odavprint.ee\/wp-content\/uploads\/2020\/09\/hyb.png\",\"contentUrl\":\"https:\/\/odavprint.ee\/wp-content\/uploads\/2020\/09\/hyb.png\",\"width\":200,\"height\":200},{\"@type\":\"BreadcrumbList\",\"@id\":\"https:\/\/odavprint.ee\/ru\/product\/Analoog-hyb-canon-c-exv-11-9629a002-Black-kasete\/#breadcrumb\",\"itemListElement\":[{\"@type\":\"ListItem\",\"position\":1,\"name\":\"Home\",\"item\":\"https:\/\/odavprint.ee\/ru\/%d0%b3%d0%bb%d0%b0%d0%b2%d0%bd%d0%b0%d1%8f\/\"},{\"@type\":\"ListItem\",\"position\":2,\"name\":\"\u041c\u0430\u0433\u0430\u0437\u0438\u043d\",\"item\":\"https:\/\/odavprint.ee\/ru\/shop\/\"},{\"@type\":\"ListItem\",\"position\":3,\"name\":\"Analoog HYB Canon C-EXV 11 (9629A002), Black kaset\u0117\"}]},{\"@type\":\"WebSite\",\"@id\":\"https:\/\/odavprint.ee\/ru\/#website\",\"url\":\"https:\/\/odavprint.ee\/ru\/\",\"name\":\"Odav Print\",\"description\":\"Just another WordPress site\",\"publisher\":{\"@id\":\"https:\/\/odavprint.ee\/ru\/#organization\"},\"alternateName\":\"Kassettide, toonerite t\u00e4itmine ja m\u00fc\u00fck.\",\"potentialAction\":[{\"@type\":\"SearchAction\",\"target\":{\"@type\":\"EntryPoint\",\"urlTemplate\":\"https:\/\/odavprint.ee\/ru\/?s={search_term_string}\"},\"query-input\":\"required name=search_term_string\"}],\"inLanguage\":\"ru-RU\"},{\"@type\":[\"Organization\",\"Place\"],\"@id\":\"https:\/\/odavprint.ee\/ru\/#organization\",\"name\":\"Odav Print O\u00dc\",\"url\":\"https:\/\/odavprint.ee\/ru\/\",\"logo\":{\"@id\":\"https:\/\/odavprint.ee\/ru\/product\/Analoog-hyb-canon-c-exv-11-9629a002-Black-kasete\/#local-main-organization-logo\"},\"image\":{\"@id\":\"https:\/\/odavprint.ee\/ru\/product\/Analoog-hyb-canon-c-exv-11-9629a002-Black-kasete\/#local-main-organization-logo\"},\"address\":{\"@id\":\"https:\/\/odavprint.ee\/ru\/product\/Analoog-hyb-canon-c-exv-11-9629a002-Black-kasete\/#local-main-place-address\"},\"geo\":{\"@type\":\"GeoCoordinates\",\"latitude\":\"59.4306504\",\"longitude\":\"24.8095743\"},\"telephone\":[\"53836926\"],\"openingHoursSpecification\":[{\"@type\":\"OpeningHoursSpecification\",\"dayOfWeek\":[\"Monday\",\"Tuesday\",\"Wednesday\",\"Thursday\",\"Friday\",\"Saturday\",\"Sunday\"],\"opens\":\"09:00\",\"closes\":\"17:00\"}],\"email\":\"info@odavprint.eu\"},{\"@type\":\"PostalAddress\",\"@id\":\"https:\/\/odavprint.ee\/ru\/product\/Analoog-hyb-canon-c-exv-11-9629a002-Black-kasete\/#local-main-place-address\",\"streetAddress\":\"Pae tn 28\",\"addressLocality\":\"Tallinn\",\"postalCode\":\"11415\",\"addressRegion\":\"Harjumaa\",\"addressCountry\":\"EE\"},{\"@type\":\"ImageObject\",\"inLanguage\":\"ru-RU\",\"@id\":\"https:\/\/odavprint.ee\/ru\/product\/Analoog-hyb-canon-c-exv-11-9629a002-Black-kasete\/#local-main-organization-logo\",\"url\":\"https:\/\/odavprint.ee\/wp-content\/uploads\/2018\/10\/odavprint-logo-240.jpg\",\"contentUrl\":\"https:\/\/odavprint.ee\/wp-content\/uploads\/2018\/10\/odavprint-logo-240.jpg\",\"width\":240,\"height\":36,\"caption\":\"Odav Print O\u00dc\"}]}<\/script>\n<meta property=\"product:price:amount\" content=\"22.50\" \/>\n<meta property=\"product:price:currency\" content=\"EUR\" \/>\n<meta property=\"og:availability\" content=\"instock\" \/>\n<meta property=\"product:availability\" content=\"instock\" \/>\n<meta property=\"product:retailer_item_id\" content=\"CH\/9629A002-HYB\" \/>\n<meta property=\"product:condition\" content=\"new\" \/>\n<meta name=\"geo.placename\" content=\"Tallinn\" \/>\n<meta name=\"geo.position\" content=\"59.4306504;24.8095743\" \/>\n<meta name=\"geo.region\" content=\"\u042d\u0441\u0442\u043e\u043d\u0438\u044f\" \/>\n<!-- \/ Yoast SEO Premium plugin. -->","yoast_head_json":{"title":"Analoog HYB Canon C-EXV 11 (9629A002), Black kaset\u0117, \u043b\u0443\u0447\u0448\u0430\u044f \u0446\u0435\u043d\u0430, \u043a\u0443\u043f\u0438\u0442\u044c \u0432 \u0438\u043d\u0442\u0435\u0440\u043d\u0435\u0442-\u043c\u0430\u0433\u0430\u0437\u0438\u043d\u0435 - Odav Print","description":"\u041a\u0443\u043f\u0438\u0442\u044c Analoog HYB Canon C-EXV 11 (9629A002), Black kaset\u0117 \u0432 Odav Print \u260e +372 5911 9495 \u2714\ufe0f \u041b\u0443\u0447\u0448\u0430\u044f \u0446\u0435\u043d\u0430 \u043d\u0430 Analoog HYB Canon C-EXV 11 (9629A002), Black kaset\u0117 \u26df \u0411\u044b\u0441\u0442\u0440\u0430\u044f \u0434\u043e\u0441\u0442\u0430\u0432\u043a\u0430 \u043f\u043e \u042d\u0441\u0442\u043e\u043d\u0438\u0438 \u2b50 \u0413\u0430\u0440\u0430\u043d\u0442\u0438\u044f","robots":{"index":"index","follow":"follow","max-snippet":"max-snippet:-1","max-image-preview":"max-image-preview:large","max-video-preview":"max-video-preview:-1"},"canonical":"https:\/\/odavprint.ee\/ru\/product\/Analoog-hyb-canon-c-exv-11-9629a002-Black-kasete\/","og_locale":"ru_RU","og_type":"article","og_title":"Analoog HYB Canon C-EXV 11 (9629A002), Black kaset\u0117","og_description":"\u041a\u0443\u043f\u0438\u0442\u044c Analoog HYB Canon C-EXV 11 (9629A002), Black kaset\u0117 \u0432 Odav Print \u260e +372 5911 9495 \u2714\ufe0f \u041b\u0443\u0447\u0448\u0430\u044f \u0446\u0435\u043d\u0430 \u043d\u0430 Analoog HYB Canon C-EXV 11 (9629A002), Black kaset\u0117 \u26df \u0411\u044b\u0441\u0442\u0440\u0430\u044f \u0434\u043e\u0441\u0442\u0430\u0432\u043a\u0430 \u043f\u043e \u042d\u0441\u0442\u043e\u043d\u0438\u0438 \u2b50 \u0413\u0430\u0440\u0430\u043d\u0442\u0438\u044f","og_url":"https:\/\/odavprint.ee\/ru\/product\/Analoog-hyb-canon-c-exv-11-9629a002-Black-kasete\/","og_site_name":"Odav Print","og_image":[{"width":200,"height":200,"url":"https:\/\/odavprint.ee\/wp-content\/uploads\/2020\/09\/hyb.png","type":"image\/png"}],"twitter_card":"summary_large_image","twitter_misc":{"\u0426\u0435\u043d\u0430":"&euro;22.50","\u0414\u043e\u0441\u0442\u0443\u043f\u043d\u043e\u0441\u0442\u044c":"\u0412 \u043d\u0430\u043b\u0438\u0447\u0438\u0438"},"schema":{"@context":"https:\/\/schema.org","@graph":[{"@type":["WebPage","ItemPage"],"@id":"https:\/\/odavprint.ee\/ru\/product\/Analoog-hyb-canon-c-exv-11-9629a002-Black-kasete\/","url":"https:\/\/odavprint.ee\/ru\/product\/Analoog-hyb-canon-c-exv-11-9629a002-Black-kasete\/","name":"Analoog HYB Canon C-EXV 11 (9629A002), Black kaset\u0117, \u043b\u0443\u0447\u0448\u0430\u044f \u0446\u0435\u043d\u0430, \u043a\u0443\u043f\u0438\u0442\u044c \u0432 \u0438\u043d\u0442\u0435\u0440\u043d\u0435\u0442-\u043c\u0430\u0433\u0430\u0437\u0438\u043d\u0435 - Odav Print","isPartOf":{"@id":"https:\/\/odavprint.ee\/ru\/#website"},"primaryImageOfPage":{"@id":"https:\/\/odavprint.ee\/ru\/product\/Analoog-hyb-canon-c-exv-11-9629a002-Black-kasete\/#primaryimage"},"image":{"@id":"https:\/\/odavprint.ee\/ru\/product\/Analoog-hyb-canon-c-exv-11-9629a002-Black-kasete\/#primaryimage"},"thumbnailUrl":"https:\/\/odavprint.ee\/wp-content\/uploads\/2020\/09\/hyb.png","datePublished":"2020-09-23T12:27:55+00:00","dateModified":"2020-09-23T12:27:55+00:00","description":"\u041a\u0443\u043f\u0438\u0442\u044c Analoog HYB Canon C-EXV 11 (9629A002), Black kaset\u0117 \u0432 Odav Print \u260e +372 5911 9495 \u2714\ufe0f \u041b\u0443\u0447\u0448\u0430\u044f \u0446\u0435\u043d\u0430 \u043d\u0430 Analoog HYB Canon C-EXV 11 (9629A002), Black kaset\u0117 \u26df \u0411\u044b\u0441\u0442\u0440\u0430\u044f \u0434\u043e\u0441\u0442\u0430\u0432\u043a\u0430 \u043f\u043e \u042d\u0441\u0442\u043e\u043d\u0438\u0438 \u2b50 \u0413\u0430\u0440\u0430\u043d\u0442\u0438\u044f","breadcrumb":{"@id":"https:\/\/odavprint.ee\/ru\/product\/Analoog-hyb-canon-c-exv-11-9629a002-Black-kasete\/#breadcrumb"},"inLanguage":"ru-RU","potentialAction":[{"@type":"ReadAction","target":["https:\/\/odavprint.ee\/ru\/product\/Analoog-hyb-canon-c-exv-11-9629a002-Black-kasete\/"]}]},{"@type":"ImageObject","inLanguage":"ru-RU","@id":"https:\/\/odavprint.ee\/ru\/product\/Analoog-hyb-canon-c-exv-11-9629a002-Black-kasete\/#primaryimage","url":"https:\/\/odavprint.ee\/wp-content\/uploads\/2020\/09\/hyb.png","contentUrl":"https:\/\/odavprint.ee\/wp-content\/uploads\/2020\/09\/hyb.png","width":200,"height":200},{"@type":"BreadcrumbList","@id":"https:\/\/odavprint.ee\/ru\/product\/Analoog-hyb-canon-c-exv-11-9629a002-Black-kasete\/#breadcrumb","itemListElement":[{"@type":"ListItem","position":1,"name":"Home","item":"https:\/\/odavprint.ee\/ru\/%d0%b3%d0%bb%d0%b0%d0%b2%d0%bd%d0%b0%d1%8f\/"},{"@type":"ListItem","position":2,"name":"\u041c\u0430\u0433\u0430\u0437\u0438\u043d","item":"https:\/\/odavprint.ee\/ru\/shop\/"},{"@type":"ListItem","position":3,"name":"Analoog HYB Canon C-EXV 11 (9629A002), Black kaset\u0117"}]},{"@type":"WebSite","@id":"https:\/\/odavprint.ee\/ru\/#website","url":"https:\/\/odavprint.ee\/ru\/","name":"Odav Print","description":"Just another WordPress site","publisher":{"@id":"https:\/\/odavprint.ee\/ru\/#organization"},"alternateName":"Kassettide, toonerite t\u00e4itmine ja m\u00fc\u00fck.","potentialAction":[{"@type":"SearchAction","target":{"@type":"EntryPoint","urlTemplate":"https:\/\/odavprint.ee\/ru\/?s={search_term_string}"},"query-input":"required name=search_term_string"}],"inLanguage":"ru-RU"},{"@type":["Organization","Place"],"@id":"https:\/\/odavprint.ee\/ru\/#organization","name":"Odav Print O\u00dc","url":"https:\/\/odavprint.ee\/ru\/","logo":{"@id":"https:\/\/odavprint.ee\/ru\/product\/Analoog-hyb-canon-c-exv-11-9629a002-Black-kasete\/#local-main-organization-logo"},"image":{"@id":"https:\/\/odavprint.ee\/ru\/product\/Analoog-hyb-canon-c-exv-11-9629a002-Black-kasete\/#local-main-organization-logo"},"address":{"@id":"https:\/\/odavprint.ee\/ru\/product\/Analoog-hyb-canon-c-exv-11-9629a002-Black-kasete\/#local-main-place-address"},"geo":{"@type":"GeoCoordinates","latitude":"59.4306504","longitude":"24.8095743"},"telephone":["53836926"],"openingHoursSpecification":[{"@type":"OpeningHoursSpecification","dayOfWeek":["Monday","Tuesday","Wednesday","Thursday","Friday","Saturday","Sunday"],"opens":"09:00","closes":"17:00"}],"email":"info@odavprint.eu"},{"@type":"PostalAddress","@id":"https:\/\/odavprint.ee\/ru\/product\/Analoog-hyb-canon-c-exv-11-9629a002-Black-kasete\/#local-main-place-address","streetAddress":"Pae tn 28","addressLocality":"Tallinn","postalCode":"11415","addressRegion":"Harjumaa","addressCountry":"EE"},{"@type":"ImageObject","inLanguage":"ru-RU","@id":"https:\/\/odavprint.ee\/ru\/product\/Analoog-hyb-canon-c-exv-11-9629a002-Black-kasete\/#local-main-organization-logo","url":"https:\/\/odavprint.ee\/wp-content\/uploads\/2018\/10\/odavprint-logo-240.jpg","contentUrl":"https:\/\/odavprint.ee\/wp-content\/uploads\/2018\/10\/odavprint-logo-240.jpg","width":240,"height":36,"caption":"Odav Print O\u00dc"}]},"product_price_amount":"22.50","product_price_currency":"EUR","og_availability":"instock","product_availability":"instock","product_retailer_item_id":"CH\/9629A002-HYB","product_condition":"new","geo.placename":"Tallinn","geo.position":{"lat":"59.4306504","long":"24.8095743"},"geo.region":"\u042d\u0441\u0442\u043e\u043d\u0438\u044f"},"_links":{"self":[{"href":"https:\/\/odavprint.ee\/ru\/wp-json\/wp\/v2\/product\/35869"}],"collection":[{"href":"https:\/\/odavprint.ee\/ru\/wp-json\/wp\/v2\/product"}],"about":[{"href":"https:\/\/odavprint.ee\/ru\/wp-json\/wp\/v2\/types\/product"}],"wp:featuredmedia":[{"embeddable":true,"href":"https:\/\/odavprint.ee\/ru\/wp-json\/wp\/v2\/media\/35870"}],"wp:attachment":[{"href":"https:\/\/odavprint.ee\/ru\/wp-json\/wp\/v2\/media?parent=35869"}],"wp:term":[{"taxonomy":"product_cat","embeddable":true,"href":"https:\/\/odavprint.ee\/ru\/wp-json\/wp\/v2\/product_cat?post=35869"},{"taxonomy":"product_tag","embeddable":true,"href":"https:\/\/odavprint.ee\/ru\/wp-json\/wp\/v2\/product_tag?post=35869"}],"curies":[{"name":"wp","href":"https:\/\/api.w.org\/{rel}","templated":true}]}}