{"id":59032,"date":"2020-10-28T13:00:04","date_gmt":"2020-10-28T11:00:04","guid":{"rendered":"https:\/\/odavprint.ee\/product\/hp-ink-no-301-combo-pack-black-color-n9j72ae\/"},"modified":"2025-05-26T15:05:36","modified_gmt":"2025-05-26T12:05:36","slug":"hp-ink-no-301-combo-pack-black-color-n9j72ae","status":"publish","type":"product","link":"https:\/\/odavprint.ee\/ru\/product\/hp-ink-no-301-combo-pack-black-color-n9j72ae\/","title":{"rendered":"HP Ink No.301 Combo Pack Black + Color (N9J72AE)"},"content":{"rendered":"<p><strong>Suitable for use in:<\/strong><\/p>\n<p>Hewlett-Packard DeskJet 1000<br \/>Hewlett-Packard DeskJet 1010<br \/>Hewlett-Packard DeskJet 1050<br \/>Hewlett-Packard DeskJet 1050a<br \/>Hewlett-Packard DeskJet 1055<br \/>Hewlett-Packard DeskJet 1510<br \/>Hewlett-Packard DeskJet 1514<br \/>Hewlett-Packard DeskJet 2000<br \/>Hewlett-Packard DeskJet 2050<br \/>Hewlett-Packard DeskJet 2050 Series<br \/>Hewlett-Packard DeskJet 2050a<br \/>Hewlett-Packard DeskJet 2050S<br \/>Hewlett-Packard DeskJet 2054a<br \/>Hewlett-Packard DeskJet 2510<br \/>Hewlett-Packard DeskJet 2511<br \/>Hewlett-Packard DeskJet 2512<br \/>Hewlett-Packard DeskJet 2514<br \/>Hewlett-Packard DeskJet 2540<br \/>Hewlett-Packard DeskJet 2541<br \/>Hewlett-Packard DeskJet 2542<br \/>Hewlett-Packard DeskJet 2543<br \/>Hewlett-Packard DeskJet 2544<br \/>Hewlett-Packard DeskJet 2545<br \/>Hewlett-Packard DeskJet 2545 gray<br \/>Hewlett-Packard DeskJet 2546<br \/>Hewlett-Packard DeskJet 2549<br \/>Hewlett-Packard DeskJet 2550<br \/>Hewlett-Packard DeskJet 3000<br \/>Hewlett-Packard DeskJet 3050<br \/>Hewlett-Packard DeskJet 3050 Series<br \/>Hewlett-Packard DeskJet 3050a<br \/>Hewlett-Packard DeskJet 3050se<br \/>Hewlett-Packard DeskJet 3050ve<br \/>Hewlett-Packard DeskJet 3052<br \/>Hewlett-Packard DeskJet 3052a<br \/>Hewlett-Packard DeskJet 3054a<br \/>Hewlett-Packard DeskJet 3055<br \/>Hewlett-Packard DeskJet 3055a<br \/>Hewlett-Packard DeskJet 3056a<br \/>Hewlett-Packard DeskJet 3059a<br \/>Hewlett-Packard Envy 4500e All in One<br \/>Hewlett-Packard Envy 4501e All in One<br \/>Hewlett-Packard Envy 4502e All in One<br \/>Hewlett-Packard Envy 4503e All in One<br \/>Hewlett-Packard Envy 4504e All in One<br \/>Hewlett-Packard Envy 4505e All in One<br \/>Hewlett-Packard Envy 4506e All in One<br \/>Hewlett-Packard Envy 4507e All in One<br \/>Hewlett-Packard Envy 4508e All in One<br \/>Hewlett-Packard Envy 5530 Series<br \/>Hewlett-Packard Envy 5530e All in One<br \/>Hewlett-Packard Envy 5532e All in One<br \/>Hewlett-Packard Envy 5534e All in One<br \/>Hewlett-Packard Envy 5535e All in One<br \/>Hewlett-Packard Envy 5536e All in One<br \/>Hewlett-Packard Envy 5539e All in One<br \/>Hewlett-Packard OfficeJet 2600 Series<br \/>Hewlett-Packard OfficeJet 2620<br \/>Hewlett-Packard OfficeJet 2622<br \/>Hewlett-Packard OfficeJet 2624<br \/>Hewlett-Packard OfficeJet 4630<br \/>Hewlett-Packard OfficeJet 4630 Series<br \/>Hewlett-Packard OfficeJet 4631<br \/>Hewlett-Packard OfficeJet 4632<br \/>Hewlett-Packard OfficeJet 4634<br \/>Hewlett-Packard OfficeJet 4635<br \/>Hewlett-Packard OfficeJet 4636<br \/>Hewlett-Packard OfficeJet 4639<br \/>Hewlett-Packard DeskJet 2547<br \/>Hewlett-Packard DeskJet 3057a<\/p>\n","protected":false},"excerpt":{"rendered":"<p>Suitable for use in: Hewlett-Packard DeskJet 1000Hewlett-Packard DeskJet 1010Hewlett-Packard DeskJet 1050Hewlett-Packard DeskJet 1050aHewlett-Packard DeskJet 1055Hewlett-Packard DeskJet 1510Hewlett-Packard DeskJet 1514Hewlett-Packard DeskJet 2000Hewlett-Packard DeskJet 2050Hewlett-Packard DeskJet 2050 SeriesHewlett-Packard DeskJet 2050aHewlett-Packard DeskJet 2050SHewlett-Packard DeskJet 2054aHewlett-Packard DeskJet 2510Hewlett-Packard DeskJet 2511Hewlett-Packard DeskJet 2512Hewlett-Packard DeskJet 2514Hewlett-Packard DeskJet 2540Hewlett-Packard DeskJet 2541Hewlett-Packard DeskJet 2542Hewlett-Packard DeskJet 2543Hewlett-Packard DeskJet 2544Hewlett-Packard DeskJet 2545Hewlett-Packard DeskJet 2545 grayHewlett-Packard [&#8230;]\n","protected":false},"featured_media":59033,"template":"","meta":{"inline_featured_image":false},"product_cat":[10770],"product_tag":[29935,29934,29933,29932,29931,29930,29929,29928,29927,29926,29925,29924,29923,29922,29921,29920,29919,29918,29917,29916,29915,29914,29913,29912,29911,29910,29909,29908,29907,29906,29905,29904,29903,29902,29901,29900,29899,29898,29897,29896,29895,29894,29893,29892,29891,29890,29889,29888,29887,29886,29885,29884,29883,29882,29881,29880,29879,29878,29877,29876,29875,29874,29873,29872,29871,29870,29869,29868,29867,29866],"yoast_head":"<!-- This site is optimized with the Yoast SEO Premium plugin v23.0 (Yoast SEO v23.0) - https:\/\/yoast.com\/wordpress\/plugins\/seo\/ -->\n<title>HP Ink No.301 Combo Pack Black + Color (N9J72AE), \u043b\u0443\u0447\u0448\u0430\u044f \u0446\u0435\u043d\u0430, \u043a\u0443\u043f\u0438\u0442\u044c \u0432 \u0438\u043d\u0442\u0435\u0440\u043d\u0435\u0442-\u043c\u0430\u0433\u0430\u0437\u0438\u043d\u0435 - Odav Print<\/title>\n<meta name=\"description\" content=\"\u041a\u0443\u043f\u0438\u0442\u044c HP Ink No.301 Combo Pack Black + Color (N9J72AE) \u0432 Odav Print \u260e +372 5911 9495 \u2714\ufe0f \u041b\u0443\u0447\u0448\u0430\u044f \u0446\u0435\u043d\u0430 \u043d\u0430 HP Ink No.301 Combo Pack Black + Color (N9J72AE) \u26df \u0411\u044b\u0441\u0442\u0440\u0430\u044f \u0434\u043e\u0441\u0442\u0430\u0432\u043a\u0430 \u043f\u043e \u042d\u0441\u0442\u043e\u043d\u0438\u0438 \u2b50 \u0413\u0430\u0440\u0430\u043d\u0442\u0438\u044f\" \/>\n<meta name=\"robots\" content=\"index, follow, max-snippet:-1, max-image-preview:large, max-video-preview:-1\" \/>\n<link rel=\"canonical\" href=\"https:\/\/odavprint.ee\/ru\/product\/hp-ink-no-301-combo-pack-black-color-n9j72ae\/\" \/>\n<meta property=\"og:locale\" content=\"ru_RU\" \/>\n<meta property=\"og:type\" content=\"article\" \/>\n<meta property=\"og:title\" content=\"HP Ink No.301 Combo Pack Black + Color (N9J72AE)\" \/>\n<meta property=\"og:description\" content=\"\u041a\u0443\u043f\u0438\u0442\u044c HP Ink No.301 Combo Pack Black + Color (N9J72AE) \u0432 Odav Print \u260e +372 5911 9495 \u2714\ufe0f \u041b\u0443\u0447\u0448\u0430\u044f \u0446\u0435\u043d\u0430 \u043d\u0430 HP Ink No.301 Combo Pack Black + Color (N9J72AE) \u26df \u0411\u044b\u0441\u0442\u0440\u0430\u044f \u0434\u043e\u0441\u0442\u0430\u0432\u043a\u0430 \u043f\u043e \u042d\u0441\u0442\u043e\u043d\u0438\u0438 \u2b50 \u0413\u0430\u0440\u0430\u043d\u0442\u0438\u044f\" \/>\n<meta property=\"og:url\" content=\"https:\/\/odavprint.ee\/ru\/product\/hp-ink-no-301-combo-pack-black-color-n9j72ae\/\" \/>\n<meta property=\"og:site_name\" content=\"Odav Print\" \/>\n<meta property=\"article:modified_time\" content=\"2025-05-26T12:05:36+00:00\" \/>\n<meta property=\"og:image\" content=\"https:\/\/odavprint.ee\/wp-content\/uploads\/2020\/10\/57434.jpg\" \/>\n\t<meta property=\"og:image:width\" content=\"200\" \/>\n\t<meta property=\"og:image:height\" content=\"200\" \/>\n\t<meta property=\"og:image:type\" content=\"image\/jpeg\" \/>\n<meta name=\"twitter:card\" content=\"summary_large_image\" \/>\n<meta name=\"twitter:label1\" content=\"\u0426\u0435\u043d\u0430\" \/>\n\t<meta name=\"twitter:data1\" content=\"&euro;66.00\" \/>\n\t<meta name=\"twitter:label2\" content=\"\u0414\u043e\u0441\u0442\u0443\u043f\u043d\u043e\u0441\u0442\u044c\" \/>\n\t<meta name=\"twitter:data2\" content=\"\u0412 \u043d\u0430\u043b\u0438\u0447\u0438\u0438\" \/>\n<script type=\"application\/ld+json\" class=\"yoast-schema-graph\">{\"@context\":\"https:\/\/schema.org\",\"@graph\":[{\"@type\":[\"WebPage\",\"ItemPage\"],\"@id\":\"https:\/\/odavprint.ee\/ru\/product\/hp-ink-no-301-combo-pack-black-color-n9j72ae\/\",\"url\":\"https:\/\/odavprint.ee\/ru\/product\/hp-ink-no-301-combo-pack-black-color-n9j72ae\/\",\"name\":\"HP Ink No.301 Combo Pack Black + Color (N9J72AE), \u043b\u0443\u0447\u0448\u0430\u044f \u0446\u0435\u043d\u0430, \u043a\u0443\u043f\u0438\u0442\u044c \u0432 \u0438\u043d\u0442\u0435\u0440\u043d\u0435\u0442-\u043c\u0430\u0433\u0430\u0437\u0438\u043d\u0435 - Odav Print\",\"isPartOf\":{\"@id\":\"https:\/\/odavprint.ee\/ru\/#website\"},\"primaryImageOfPage\":{\"@id\":\"https:\/\/odavprint.ee\/ru\/product\/hp-ink-no-301-combo-pack-black-color-n9j72ae\/#primaryimage\"},\"image\":{\"@id\":\"https:\/\/odavprint.ee\/ru\/product\/hp-ink-no-301-combo-pack-black-color-n9j72ae\/#primaryimage\"},\"thumbnailUrl\":\"https:\/\/odavprint.ee\/wp-content\/uploads\/2020\/10\/57434.jpg\",\"datePublished\":\"2020-10-28T11:00:04+00:00\",\"dateModified\":\"2025-05-26T12:05:36+00:00\",\"description\":\"\u041a\u0443\u043f\u0438\u0442\u044c HP Ink No.301 Combo Pack Black + Color (N9J72AE) \u0432 Odav Print \u260e +372 5911 9495 \u2714\ufe0f \u041b\u0443\u0447\u0448\u0430\u044f \u0446\u0435\u043d\u0430 \u043d\u0430 HP Ink No.301 Combo Pack Black + Color (N9J72AE) \u26df \u0411\u044b\u0441\u0442\u0440\u0430\u044f \u0434\u043e\u0441\u0442\u0430\u0432\u043a\u0430 \u043f\u043e \u042d\u0441\u0442\u043e\u043d\u0438\u0438 \u2b50 \u0413\u0430\u0440\u0430\u043d\u0442\u0438\u044f\",\"breadcrumb\":{\"@id\":\"https:\/\/odavprint.ee\/ru\/product\/hp-ink-no-301-combo-pack-black-color-n9j72ae\/#breadcrumb\"},\"inLanguage\":\"ru-RU\",\"potentialAction\":[{\"@type\":\"ReadAction\",\"target\":[\"https:\/\/odavprint.ee\/ru\/product\/hp-ink-no-301-combo-pack-black-color-n9j72ae\/\"]}]},{\"@type\":\"ImageObject\",\"inLanguage\":\"ru-RU\",\"@id\":\"https:\/\/odavprint.ee\/ru\/product\/hp-ink-no-301-combo-pack-black-color-n9j72ae\/#primaryimage\",\"url\":\"https:\/\/odavprint.ee\/wp-content\/uploads\/2020\/10\/57434.jpg\",\"contentUrl\":\"https:\/\/odavprint.ee\/wp-content\/uploads\/2020\/10\/57434.jpg\",\"width\":200,\"height\":200},{\"@type\":\"BreadcrumbList\",\"@id\":\"https:\/\/odavprint.ee\/ru\/product\/hp-ink-no-301-combo-pack-black-color-n9j72ae\/#breadcrumb\",\"itemListElement\":[{\"@type\":\"ListItem\",\"position\":1,\"name\":\"Home\",\"item\":\"https:\/\/odavprint.ee\/ru\/%d0%b3%d0%bb%d0%b0%d0%b2%d0%bd%d0%b0%d1%8f\/\"},{\"@type\":\"ListItem\",\"position\":2,\"name\":\"\u041c\u0430\u0433\u0430\u0437\u0438\u043d\",\"item\":\"https:\/\/odavprint.ee\/ru\/shop\/\"},{\"@type\":\"ListItem\",\"position\":3,\"name\":\"HP Ink No.301 Combo Pack Black + Color (N9J72AE)\"}]},{\"@type\":\"WebSite\",\"@id\":\"https:\/\/odavprint.ee\/ru\/#website\",\"url\":\"https:\/\/odavprint.ee\/ru\/\",\"name\":\"Odav Print\",\"description\":\"Just another WordPress site\",\"publisher\":{\"@id\":\"https:\/\/odavprint.ee\/ru\/#organization\"},\"alternateName\":\"Kassettide, toonerite t\u00e4itmine ja m\u00fc\u00fck.\",\"potentialAction\":[{\"@type\":\"SearchAction\",\"target\":{\"@type\":\"EntryPoint\",\"urlTemplate\":\"https:\/\/odavprint.ee\/ru\/?s={search_term_string}\"},\"query-input\":\"required name=search_term_string\"}],\"inLanguage\":\"ru-RU\"},{\"@type\":[\"Organization\",\"Place\"],\"@id\":\"https:\/\/odavprint.ee\/ru\/#organization\",\"name\":\"Odav Print O\u00dc\",\"url\":\"https:\/\/odavprint.ee\/ru\/\",\"logo\":{\"@id\":\"https:\/\/odavprint.ee\/ru\/product\/hp-ink-no-301-combo-pack-black-color-n9j72ae\/#local-main-organization-logo\"},\"image\":{\"@id\":\"https:\/\/odavprint.ee\/ru\/product\/hp-ink-no-301-combo-pack-black-color-n9j72ae\/#local-main-organization-logo\"},\"address\":{\"@id\":\"https:\/\/odavprint.ee\/ru\/product\/hp-ink-no-301-combo-pack-black-color-n9j72ae\/#local-main-place-address\"},\"geo\":{\"@type\":\"GeoCoordinates\",\"latitude\":\"59.4306504\",\"longitude\":\"24.8095743\"},\"telephone\":[\"53836926\"],\"openingHoursSpecification\":[{\"@type\":\"OpeningHoursSpecification\",\"dayOfWeek\":[\"Monday\",\"Tuesday\",\"Wednesday\",\"Thursday\",\"Friday\",\"Saturday\",\"Sunday\"],\"opens\":\"09:00\",\"closes\":\"17:00\"}],\"email\":\"info@odavprint.eu\"},{\"@type\":\"PostalAddress\",\"@id\":\"https:\/\/odavprint.ee\/ru\/product\/hp-ink-no-301-combo-pack-black-color-n9j72ae\/#local-main-place-address\",\"streetAddress\":\"Pae tn 28\",\"addressLocality\":\"Tallinn\",\"postalCode\":\"11415\",\"addressRegion\":\"Harjumaa\",\"addressCountry\":\"EE\"},{\"@type\":\"ImageObject\",\"inLanguage\":\"ru-RU\",\"@id\":\"https:\/\/odavprint.ee\/ru\/product\/hp-ink-no-301-combo-pack-black-color-n9j72ae\/#local-main-organization-logo\",\"url\":\"https:\/\/odavprint.ee\/wp-content\/uploads\/2018\/10\/odavprint-logo-240.jpg\",\"contentUrl\":\"https:\/\/odavprint.ee\/wp-content\/uploads\/2018\/10\/odavprint-logo-240.jpg\",\"width\":240,\"height\":36,\"caption\":\"Odav Print O\u00dc\"}]}<\/script>\n<meta property=\"product:price:amount\" content=\"66.00\" \/>\n<meta property=\"product:price:currency\" content=\"EUR\" \/>\n<meta property=\"og:availability\" content=\"instock\" \/>\n<meta property=\"product:availability\" content=\"instock\" \/>\n<meta property=\"product:retailer_item_id\" content=\"N9J72AE\" \/>\n<meta property=\"product:condition\" content=\"new\" \/>\n<meta name=\"geo.placename\" content=\"Tallinn\" \/>\n<meta name=\"geo.position\" content=\"59.4306504;24.8095743\" \/>\n<meta name=\"geo.region\" content=\"\u042d\u0441\u0442\u043e\u043d\u0438\u044f\" \/>\n<!-- \/ Yoast SEO Premium plugin. -->","yoast_head_json":{"title":"HP Ink No.301 Combo Pack Black + Color (N9J72AE), \u043b\u0443\u0447\u0448\u0430\u044f \u0446\u0435\u043d\u0430, \u043a\u0443\u043f\u0438\u0442\u044c \u0432 \u0438\u043d\u0442\u0435\u0440\u043d\u0435\u0442-\u043c\u0430\u0433\u0430\u0437\u0438\u043d\u0435 - Odav Print","description":"\u041a\u0443\u043f\u0438\u0442\u044c HP Ink No.301 Combo Pack Black + Color (N9J72AE) \u0432 Odav Print \u260e +372 5911 9495 \u2714\ufe0f \u041b\u0443\u0447\u0448\u0430\u044f \u0446\u0435\u043d\u0430 \u043d\u0430 HP Ink No.301 Combo Pack Black + Color (N9J72AE) \u26df \u0411\u044b\u0441\u0442\u0440\u0430\u044f \u0434\u043e\u0441\u0442\u0430\u0432\u043a\u0430 \u043f\u043e \u042d\u0441\u0442\u043e\u043d\u0438\u0438 \u2b50 \u0413\u0430\u0440\u0430\u043d\u0442\u0438\u044f","robots":{"index":"index","follow":"follow","max-snippet":"max-snippet:-1","max-image-preview":"max-image-preview:large","max-video-preview":"max-video-preview:-1"},"canonical":"https:\/\/odavprint.ee\/ru\/product\/hp-ink-no-301-combo-pack-black-color-n9j72ae\/","og_locale":"ru_RU","og_type":"article","og_title":"HP Ink No.301 Combo Pack Black + Color (N9J72AE)","og_description":"\u041a\u0443\u043f\u0438\u0442\u044c HP Ink No.301 Combo Pack Black + Color (N9J72AE) \u0432 Odav Print \u260e +372 5911 9495 \u2714\ufe0f \u041b\u0443\u0447\u0448\u0430\u044f \u0446\u0435\u043d\u0430 \u043d\u0430 HP Ink No.301 Combo Pack Black + Color (N9J72AE) \u26df \u0411\u044b\u0441\u0442\u0440\u0430\u044f \u0434\u043e\u0441\u0442\u0430\u0432\u043a\u0430 \u043f\u043e \u042d\u0441\u0442\u043e\u043d\u0438\u0438 \u2b50 \u0413\u0430\u0440\u0430\u043d\u0442\u0438\u044f","og_url":"https:\/\/odavprint.ee\/ru\/product\/hp-ink-no-301-combo-pack-black-color-n9j72ae\/","og_site_name":"Odav Print","article_modified_time":"2025-05-26T12:05:36+00:00","og_image":[{"width":200,"height":200,"url":"https:\/\/odavprint.ee\/wp-content\/uploads\/2020\/10\/57434.jpg","type":"image\/jpeg"}],"twitter_card":"summary_large_image","twitter_misc":{"\u0426\u0435\u043d\u0430":"&euro;66.00","\u0414\u043e\u0441\u0442\u0443\u043f\u043d\u043e\u0441\u0442\u044c":"\u0412 \u043d\u0430\u043b\u0438\u0447\u0438\u0438"},"schema":{"@context":"https:\/\/schema.org","@graph":[{"@type":["WebPage","ItemPage"],"@id":"https:\/\/odavprint.ee\/ru\/product\/hp-ink-no-301-combo-pack-black-color-n9j72ae\/","url":"https:\/\/odavprint.ee\/ru\/product\/hp-ink-no-301-combo-pack-black-color-n9j72ae\/","name":"HP Ink No.301 Combo Pack Black + Color (N9J72AE), \u043b\u0443\u0447\u0448\u0430\u044f \u0446\u0435\u043d\u0430, \u043a\u0443\u043f\u0438\u0442\u044c \u0432 \u0438\u043d\u0442\u0435\u0440\u043d\u0435\u0442-\u043c\u0430\u0433\u0430\u0437\u0438\u043d\u0435 - Odav Print","isPartOf":{"@id":"https:\/\/odavprint.ee\/ru\/#website"},"primaryImageOfPage":{"@id":"https:\/\/odavprint.ee\/ru\/product\/hp-ink-no-301-combo-pack-black-color-n9j72ae\/#primaryimage"},"image":{"@id":"https:\/\/odavprint.ee\/ru\/product\/hp-ink-no-301-combo-pack-black-color-n9j72ae\/#primaryimage"},"thumbnailUrl":"https:\/\/odavprint.ee\/wp-content\/uploads\/2020\/10\/57434.jpg","datePublished":"2020-10-28T11:00:04+00:00","dateModified":"2025-05-26T12:05:36+00:00","description":"\u041a\u0443\u043f\u0438\u0442\u044c HP Ink No.301 Combo Pack Black + Color (N9J72AE) \u0432 Odav Print \u260e +372 5911 9495 \u2714\ufe0f \u041b\u0443\u0447\u0448\u0430\u044f \u0446\u0435\u043d\u0430 \u043d\u0430 HP Ink No.301 Combo Pack Black + Color (N9J72AE) \u26df \u0411\u044b\u0441\u0442\u0440\u0430\u044f \u0434\u043e\u0441\u0442\u0430\u0432\u043a\u0430 \u043f\u043e \u042d\u0441\u0442\u043e\u043d\u0438\u0438 \u2b50 \u0413\u0430\u0440\u0430\u043d\u0442\u0438\u044f","breadcrumb":{"@id":"https:\/\/odavprint.ee\/ru\/product\/hp-ink-no-301-combo-pack-black-color-n9j72ae\/#breadcrumb"},"inLanguage":"ru-RU","potentialAction":[{"@type":"ReadAction","target":["https:\/\/odavprint.ee\/ru\/product\/hp-ink-no-301-combo-pack-black-color-n9j72ae\/"]}]},{"@type":"ImageObject","inLanguage":"ru-RU","@id":"https:\/\/odavprint.ee\/ru\/product\/hp-ink-no-301-combo-pack-black-color-n9j72ae\/#primaryimage","url":"https:\/\/odavprint.ee\/wp-content\/uploads\/2020\/10\/57434.jpg","contentUrl":"https:\/\/odavprint.ee\/wp-content\/uploads\/2020\/10\/57434.jpg","width":200,"height":200},{"@type":"BreadcrumbList","@id":"https:\/\/odavprint.ee\/ru\/product\/hp-ink-no-301-combo-pack-black-color-n9j72ae\/#breadcrumb","itemListElement":[{"@type":"ListItem","position":1,"name":"Home","item":"https:\/\/odavprint.ee\/ru\/%d0%b3%d0%bb%d0%b0%d0%b2%d0%bd%d0%b0%d1%8f\/"},{"@type":"ListItem","position":2,"name":"\u041c\u0430\u0433\u0430\u0437\u0438\u043d","item":"https:\/\/odavprint.ee\/ru\/shop\/"},{"@type":"ListItem","position":3,"name":"HP Ink No.301 Combo Pack Black + Color (N9J72AE)"}]},{"@type":"WebSite","@id":"https:\/\/odavprint.ee\/ru\/#website","url":"https:\/\/odavprint.ee\/ru\/","name":"Odav Print","description":"Just another WordPress site","publisher":{"@id":"https:\/\/odavprint.ee\/ru\/#organization"},"alternateName":"Kassettide, toonerite t\u00e4itmine ja m\u00fc\u00fck.","potentialAction":[{"@type":"SearchAction","target":{"@type":"EntryPoint","urlTemplate":"https:\/\/odavprint.ee\/ru\/?s={search_term_string}"},"query-input":"required name=search_term_string"}],"inLanguage":"ru-RU"},{"@type":["Organization","Place"],"@id":"https:\/\/odavprint.ee\/ru\/#organization","name":"Odav Print O\u00dc","url":"https:\/\/odavprint.ee\/ru\/","logo":{"@id":"https:\/\/odavprint.ee\/ru\/product\/hp-ink-no-301-combo-pack-black-color-n9j72ae\/#local-main-organization-logo"},"image":{"@id":"https:\/\/odavprint.ee\/ru\/product\/hp-ink-no-301-combo-pack-black-color-n9j72ae\/#local-main-organization-logo"},"address":{"@id":"https:\/\/odavprint.ee\/ru\/product\/hp-ink-no-301-combo-pack-black-color-n9j72ae\/#local-main-place-address"},"geo":{"@type":"GeoCoordinates","latitude":"59.4306504","longitude":"24.8095743"},"telephone":["53836926"],"openingHoursSpecification":[{"@type":"OpeningHoursSpecification","dayOfWeek":["Monday","Tuesday","Wednesday","Thursday","Friday","Saturday","Sunday"],"opens":"09:00","closes":"17:00"}],"email":"info@odavprint.eu"},{"@type":"PostalAddress","@id":"https:\/\/odavprint.ee\/ru\/product\/hp-ink-no-301-combo-pack-black-color-n9j72ae\/#local-main-place-address","streetAddress":"Pae tn 28","addressLocality":"Tallinn","postalCode":"11415","addressRegion":"Harjumaa","addressCountry":"EE"},{"@type":"ImageObject","inLanguage":"ru-RU","@id":"https:\/\/odavprint.ee\/ru\/product\/hp-ink-no-301-combo-pack-black-color-n9j72ae\/#local-main-organization-logo","url":"https:\/\/odavprint.ee\/wp-content\/uploads\/2018\/10\/odavprint-logo-240.jpg","contentUrl":"https:\/\/odavprint.ee\/wp-content\/uploads\/2018\/10\/odavprint-logo-240.jpg","width":240,"height":36,"caption":"Odav Print O\u00dc"}]},"product_price_amount":"66.00","product_price_currency":"EUR","og_availability":"instock","product_availability":"instock","product_retailer_item_id":"N9J72AE","product_condition":"new","geo.placename":"Tallinn","geo.position":{"lat":"59.4306504","long":"24.8095743"},"geo.region":"\u042d\u0441\u0442\u043e\u043d\u0438\u044f"},"_links":{"self":[{"href":"https:\/\/odavprint.ee\/ru\/wp-json\/wp\/v2\/product\/59032"}],"collection":[{"href":"https:\/\/odavprint.ee\/ru\/wp-json\/wp\/v2\/product"}],"about":[{"href":"https:\/\/odavprint.ee\/ru\/wp-json\/wp\/v2\/types\/product"}],"wp:featuredmedia":[{"embeddable":true,"href":"https:\/\/odavprint.ee\/ru\/wp-json\/wp\/v2\/media\/59033"}],"wp:attachment":[{"href":"https:\/\/odavprint.ee\/ru\/wp-json\/wp\/v2\/media?parent=59032"}],"wp:term":[{"taxonomy":"product_cat","embeddable":true,"href":"https:\/\/odavprint.ee\/ru\/wp-json\/wp\/v2\/product_cat?post=59032"},{"taxonomy":"product_tag","embeddable":true,"href":"https:\/\/odavprint.ee\/ru\/wp-json\/wp\/v2\/product_tag?post=59032"}],"curies":[{"name":"wp","href":"https:\/\/api.w.org\/{rel}","templated":true}]}}